{"id":9607,"date":"2025-02-13T09:38:07","date_gmt":"2025-02-13T09:38:07","guid":{"rendered":"https:\/\/www.alovey.com\/?post_type=product&#038;p=9607"},"modified":"2025-02-13T09:47:45","modified_gmt":"2025-02-13T09:47:45","slug":"luxury-big-volume-mascara-tube-packaging-20ml","status":"publish","type":"product","link":"https:\/\/www.alovey.com\/pt\/produto\/luxury-big-volume-mascara-tube-packaging-20ml\/","title":{"rendered":"Luxury big volume mascara tube packaging 20ml"},"content":{"rendered":"<p><strong>Luxury big volume mascara tube packaging in unique design and 20ml capacity.The lids of mascara tube packaging \u00a0is tight \u00a0to keep air out and preserve the beneficial compounds in the oil. Its light-weight and won&#8217;t leaking design is \u00a0good for travel and business trip and easily to take in your bag.<\/strong><\/p>\n<p><strong>Alovey is a premier Chinese manufacturer specializing in high-quality cosmetic packaging. We are dedicated to crafting bespoke packaging solutions that enhance brand identity, combining premium materials with advanced finishing techniques like silk screen printing, hot stamping, and matte spraying. With a commitment to excellence and innovation, Alovey delivers packaging that is as functional as it is visually stunning.<\/strong><\/p>\n<p><img fetchpriority=\"high\" decoding=\"async\" class=\"size-full wp-image-9613\" src=\"https:\/\/www.alovey.com\/wp-content\/uploads\/2025\/02\/Luxury-big-volume-mascara-tube-packaging-20ml-5.jpg\" alt=\"Luxury big volume mascara tube packaging 20ml\" width=\"750\" height=\"750\" srcset=\"https:\/\/www.alovey.com\/wp-content\/uploads\/2025\/02\/Luxury-big-volume-mascara-tube-packaging-20ml-5.jpg 750w, https:\/\/www.alovey.com\/wp-content\/uploads\/2025\/02\/Luxury-big-volume-mascara-tube-packaging-20ml-5-300x300.jpg 300w, https:\/\/www.alovey.com\/wp-content\/uploads\/2025\/02\/Luxury-big-volume-mascara-tube-packaging-20ml-5-150x150.jpg 150w, https:\/\/www.alovey.com\/wp-content\/uploads\/2025\/02\/Luxury-big-volume-mascara-tube-packaging-20ml-5-600x600.jpg 600w, https:\/\/www.alovey.com\/wp-content\/uploads\/2025\/02\/Luxury-big-volume-mascara-tube-packaging-20ml-5-100x100.jpg 100w\" sizes=\"(max-width: 750px) 100vw, 750px\" \/><\/p>\n<p><img decoding=\"async\" class=\"size-full wp-image-9612\" src=\"https:\/\/www.alovey.com\/wp-content\/uploads\/2025\/02\/Luxury-big-volume-mascara-tube-packaging-20ml-4.jpg\" alt=\"Luxury big volume mascara tube packaging 20ml\" width=\"750\" height=\"750\" srcset=\"https:\/\/www.alovey.com\/wp-content\/uploads\/2025\/02\/Luxury-big-volume-mascara-tube-packaging-20ml-4.jpg 750w, https:\/\/www.alovey.com\/wp-content\/uploads\/2025\/02\/Luxury-big-volume-mascara-tube-packaging-20ml-4-300x300.jpg 300w, https:\/\/www.alovey.com\/wp-content\/uploads\/2025\/02\/Luxury-big-volume-mascara-tube-packaging-20ml-4-150x150.jpg 150w, https:\/\/www.alovey.com\/wp-content\/uploads\/2025\/02\/Luxury-big-volume-mascara-tube-packaging-20ml-4-600x600.jpg 600w, https:\/\/www.alovey.com\/wp-content\/uploads\/2025\/02\/Luxury-big-volume-mascara-tube-packaging-20ml-4-100x100.jpg 100w\" sizes=\"(max-width: 750px) 100vw, 750px\" \/><\/p>\n<p><img decoding=\"async\" class=\"size-full wp-image-9611\" src=\"https:\/\/www.alovey.com\/wp-content\/uploads\/2025\/02\/Luxury-big-volume-mascara-tube-packaging-20ml-3.jpg\" alt=\"Luxury big volume mascara tube packaging 20ml\" width=\"750\" height=\"750\" srcset=\"https:\/\/www.alovey.com\/wp-content\/uploads\/2025\/02\/Luxury-big-volume-mascara-tube-packaging-20ml-3.jpg 750w, https:\/\/www.alovey.com\/wp-content\/uploads\/2025\/02\/Luxury-big-volume-mascara-tube-packaging-20ml-3-300x300.jpg 300w, https:\/\/www.alovey.com\/wp-content\/uploads\/2025\/02\/Luxury-big-volume-mascara-tube-packaging-20ml-3-150x150.jpg 150w, https:\/\/www.alovey.com\/wp-content\/uploads\/2025\/02\/Luxury-big-volume-mascara-tube-packaging-20ml-3-600x600.jpg 600w, https:\/\/www.alovey.com\/wp-content\/uploads\/2025\/02\/Luxury-big-volume-mascara-tube-packaging-20ml-3-100x100.jpg 100w\" sizes=\"(max-width: 750px) 100vw, 750px\" \/><\/p>\n<p><img loading=\"lazy\" decoding=\"async\" class=\"size-full wp-image-9610\" src=\"https:\/\/www.alovey.com\/wp-content\/uploads\/2025\/02\/Luxury-big-volume-mascara-tube-packaging-20ml-2.jpg\" alt=\"Luxury big volume mascara tube packaging 20ml\" width=\"750\" height=\"750\" srcset=\"https:\/\/www.alovey.com\/wp-content\/uploads\/2025\/02\/Luxury-big-volume-mascara-tube-packaging-20ml-2.jpg 750w, https:\/\/www.alovey.com\/wp-content\/uploads\/2025\/02\/Luxury-big-volume-mascara-tube-packaging-20ml-2-300x300.jpg 300w, https:\/\/www.alovey.com\/wp-content\/uploads\/2025\/02\/Luxury-big-volume-mascara-tube-packaging-20ml-2-150x150.jpg 150w, https:\/\/www.alovey.com\/wp-content\/uploads\/2025\/02\/Luxury-big-volume-mascara-tube-packaging-20ml-2-600x600.jpg 600w, https:\/\/www.alovey.com\/wp-content\/uploads\/2025\/02\/Luxury-big-volume-mascara-tube-packaging-20ml-2-100x100.jpg 100w\" sizes=\"(max-width: 750px) 100vw, 750px\" \/><\/p>\n<p><img loading=\"lazy\" decoding=\"async\" class=\"size-full wp-image-9609\" src=\"https:\/\/www.alovey.com\/wp-content\/uploads\/2025\/02\/Luxury-big-volume-mascara-tube-packaging-20ml-1.jpg\" alt=\"Luxury big volume mascara tube packaging 20ml\" width=\"750\" height=\"750\" srcset=\"https:\/\/www.alovey.com\/wp-content\/uploads\/2025\/02\/Luxury-big-volume-mascara-tube-packaging-20ml-1.jpg 750w, https:\/\/www.alovey.com\/wp-content\/uploads\/2025\/02\/Luxury-big-volume-mascara-tube-packaging-20ml-1-300x300.jpg 300w, https:\/\/www.alovey.com\/wp-content\/uploads\/2025\/02\/Luxury-big-volume-mascara-tube-packaging-20ml-1-150x150.jpg 150w, https:\/\/www.alovey.com\/wp-content\/uploads\/2025\/02\/Luxury-big-volume-mascara-tube-packaging-20ml-1-600x600.jpg 600w, https:\/\/www.alovey.com\/wp-content\/uploads\/2025\/02\/Luxury-big-volume-mascara-tube-packaging-20ml-1-100x100.jpg 100w\" sizes=\"(max-width: 750px) 100vw, 750px\" \/><\/p>\n<p><img loading=\"lazy\" decoding=\"async\" class=\"size-full wp-image-9608\" src=\"https:\/\/www.alovey.com\/wp-content\/uploads\/2025\/02\/Luxury-big-volume-mascara-tube-packaging-20ml-6.jpg\" alt=\"Luxury big volume mascara tube packaging 20ml\" width=\"750\" height=\"750\" srcset=\"https:\/\/www.alovey.com\/wp-content\/uploads\/2025\/02\/Luxury-big-volume-mascara-tube-packaging-20ml-6.jpg 750w, https:\/\/www.alovey.com\/wp-content\/uploads\/2025\/02\/Luxury-big-volume-mascara-tube-packaging-20ml-6-300x300.jpg 300w, https:\/\/www.alovey.com\/wp-content\/uploads\/2025\/02\/Luxury-big-volume-mascara-tube-packaging-20ml-6-150x150.jpg 150w, https:\/\/www.alovey.com\/wp-content\/uploads\/2025\/02\/Luxury-big-volume-mascara-tube-packaging-20ml-6-600x600.jpg 600w, https:\/\/www.alovey.com\/wp-content\/uploads\/2025\/02\/Luxury-big-volume-mascara-tube-packaging-20ml-6-100x100.jpg 100w\" sizes=\"(max-width: 750px) 100vw, 750px\" \/><\/p>\n<p>&nbsp;<\/p>\n<p>&nbsp;<\/p>\n<p>&nbsp;<\/p>\n<p>&nbsp;<\/p>\n<p>&nbsp;<\/p>\n<p>&nbsp;<\/p>\n<p>&nbsp;<\/p>\n<p>&nbsp;<\/p>\n<p>&nbsp;<\/p>\n<p>&nbsp;<\/p>\n<p>&nbsp;<\/p>\n<p>&nbsp;<\/p>\n<p>&nbsp;<\/p>\n<p>&nbsp;<\/p>\n<p>&nbsp;<\/p>\n<p>&nbsp;<\/p>\n<p>&nbsp;<\/p>\n<p>&nbsp;<\/p>\n<p>&nbsp;<\/p>\n<p>&nbsp;<\/p>\n<p>&nbsp;<\/p>\n<p>&nbsp;<\/p>\n<p>&nbsp;<\/p>\n<p>&nbsp;<\/p>\n<p>&nbsp;<\/p>\n<p>&nbsp;<\/p>\n<p>&nbsp;<\/p>\n<p>&nbsp;<\/p>\n<p>&nbsp;<\/p>\n<p>&nbsp;<\/p>\n<p>&nbsp;<\/p>\n<p>&nbsp;<\/p>\n<p>&nbsp;<\/p>\n<p>&nbsp;<\/p>\n<p>&nbsp;<\/p>\n<p>&nbsp;<\/p>\n<p>&nbsp;<\/p>\n<p>&nbsp;<\/p>\n<p>&nbsp;<\/p>\n<p>&nbsp;<\/p>\n<p>&nbsp;<\/p>\n<p>&nbsp;<\/p>\n<p>&nbsp;<\/p>\n<p>&nbsp;<\/p>\n<p>&nbsp;<\/p>\n<p>&nbsp;<\/p>\n<p>&nbsp;<\/p>\n<p>&nbsp;<\/p>\n<p>&nbsp;<\/p>\n<p>&nbsp;<\/p>\n<p>&nbsp;<\/p>\n<p>&nbsp;<\/p>\n<p>&nbsp;<\/p>\n<p>&nbsp;<\/p>\n<p>&nbsp;<\/p>\n<p>&nbsp;<\/p>\n<p>&nbsp;<\/p>\n<p>&nbsp;<\/p>\n<p>&nbsp;<\/p>\n<p>&nbsp;<\/p>\n<p>&nbsp;<\/p>\n<p>&nbsp;<\/p>\n<p>&nbsp;<\/p>\n<p>&nbsp;<\/p>\n<p>&nbsp;<\/p>\n<p>&nbsp;<\/p>\n<p>&nbsp;<\/p>\n<p>&nbsp;<\/p>\n<p>&nbsp;<\/p>\n<p>&nbsp;<\/p>\n<p>&nbsp;<\/p>\n<p>&nbsp;<\/p>\n<p>&nbsp;<\/p>\n<p>&nbsp;<\/p>\n<p>&nbsp;<\/p>\n<p>&nbsp;<\/p>\n<p>&nbsp;<\/p>\n<p>&nbsp;<\/p>\n<p>&nbsp;<\/p>\n<p>&nbsp;<\/p>\n<p>&nbsp;<\/p>\n<p>&nbsp;<\/p>\n<p>&nbsp;<\/p>\n<p>&nbsp;<\/p>\n<p>&nbsp;<\/p>\n<p>&nbsp;<\/p>\n<p>&nbsp;<\/p>\n<p>&nbsp;<\/p>\n<p>&nbsp;<\/p>\n<p>&nbsp;<\/p>\n<p>&nbsp;<\/p>\n<p>&nbsp;<\/p>\n<p>&nbsp;<\/p>\n<p>&nbsp;<\/p>\n<p>&nbsp;<\/p>\n<p>&nbsp;<\/p>\n<p>&nbsp;<\/p>\n<p>&nbsp;<\/p>\n<p>&nbsp;<\/p>\n<p>&nbsp;<\/p>\n<p>&nbsp;<\/p>\n<p>&nbsp;<\/p>\n<p>&nbsp;<\/p>\n<p>&nbsp;<\/p>\n<p>&nbsp;<\/p>\n<p>&nbsp;<\/p>\n<p>&nbsp;<\/p>\n<p>&nbsp;<\/p>\n<p>&nbsp;<\/p>\n<p>&nbsp;<\/p>\n<p>&nbsp;<\/p>\n<p>&nbsp;<\/p>\n<p>&nbsp;<\/p>\n<p>&nbsp;<\/p>\n<p>&nbsp;<\/p>\n<p>&nbsp;<\/p>\n<p>&nbsp;<\/p>\n<p>&nbsp;<\/p>\n<p>&nbsp;<\/p>\n<p>&nbsp;<\/p>\n<p>&nbsp;<\/p>\n<p>&nbsp;<\/p>","protected":false},"excerpt":{"rendered":"<ul>\n<li>Item No: MA-0284A<\/li>\n<li>Capacity: 20ml<\/li>\n<li>Material:  Pl\u00e1stico<\/li>\n<li>Size:\u00a0W22*H122MM<\/li>\n<li>Aplica\u00e7\u00f5es: Produtos de beleza<\/li>\n<li>MOQ: 12.000 unidades<\/li>\n<li>Cor: cor personalizada<\/li>\n<li>Tratamento de superf\u00edcie: Inje\u00e7\u00e3o\/Matte\/Metaliza\u00e7\u00e3o\/Revestimento UV<\/li>\n<li>Nome da marca: OEM\/ODM<\/li>\n<li>Logotipo: Logotipo do cliente<\/li>\n<li>Capacidade de fornecimento: 100.000 pe\u00e7as por m\u00eas<\/li>\n<li><\/li>\n<\/ul>","protected":false},"featured_media":9610,"template":"","meta":{"_acf_changed":false},"product_brand":[],"product_cat":[376],"product_tag":[419,400,420],"class_list":{"0":"post-9607","1":"product","2":"type-product","3":"status-publish","4":"has-post-thumbnail","6":"product_cat-wholesale-empty-eyelash-tube","7":"product_tag-empty-eyebrow-tube","8":"product_tag-eyebrow-gel-tube","9":"product_tag-mascara-tube-packaging","11":"first","12":"instock","13":"shipping-taxable","14":"product-type-simple"},"acf":[],"yoast_head":"<!-- This site is optimized with the Yoast SEO plugin v24.1 - https:\/\/yoast.com\/wordpress\/plugins\/seo\/ -->\n<title>Luxury big volume mascara tube packaging 20ml<\/title>\n<meta name=\"description\" content=\"Luxury big volume mascara tube packaging in unique design and 20ml capacity.The lids of mascara tube packaging is tight to keep air out and preserve the beneficial compounds in the oil.\" \/>\n<meta name=\"robots\" content=\"index, follow, max-snippet:-1, max-image-preview:large, max-video-preview:-1\" \/>\n<link rel=\"canonical\" href=\"https:\/\/www.alovey.com\/pt\/produto\/luxury-big-volume-mascara-tube-packaging-20ml\/\" \/>\n<meta property=\"og:locale\" content=\"pt_BR\" \/>\n<meta property=\"og:type\" content=\"article\" \/>\n<meta property=\"og:title\" content=\"Luxury big volume mascara tube packaging 20ml\" \/>\n<meta property=\"og:description\" content=\"Luxury big volume mascara tube packaging in unique design and 20ml capacity.The lids of mascara tube packaging is tight to keep air out and preserve the beneficial compounds in the oil.\" \/>\n<meta property=\"og:url\" content=\"https:\/\/www.alovey.com\/pt\/produto\/luxury-big-volume-mascara-tube-packaging-20ml\/\" \/>\n<meta property=\"og:site_name\" content=\"Best Cosmetic Packaging Manufacture\" \/>\n<meta property=\"article:modified_time\" content=\"2025-02-13T09:47:45+00:00\" \/>\n<meta property=\"og:image\" content=\"https:\/\/www.alovey.com\/wp-content\/uploads\/2025\/02\/Luxury-big-volume-mascara-tube-packaging-20ml-2.jpg\" \/>\n\t<meta property=\"og:image:width\" content=\"750\" \/>\n\t<meta property=\"og:image:height\" content=\"750\" \/>\n\t<meta property=\"og:image:type\" content=\"image\/jpeg\" \/>\n<meta name=\"twitter:card\" content=\"summary_large_image\" \/>\n<meta name=\"twitter:label1\" content=\"Est. tempo de leitura\" \/>\n\t<meta name=\"twitter:data1\" content=\"2 minutos\" \/>\n<script type=\"application\/ld+json\" class=\"yoast-schema-graph\">{\"@context\":\"https:\/\/schema.org\",\"@graph\":[{\"@type\":\"WebPage\",\"@id\":\"https:\/\/www.alovey.com\/product\/luxury-big-volume-mascara-tube-packaging-20ml\/\",\"url\":\"https:\/\/www.alovey.com\/product\/luxury-big-volume-mascara-tube-packaging-20ml\/\",\"name\":\"Luxury big volume mascara tube packaging 20ml\",\"isPartOf\":{\"@id\":\"https:\/\/www.alovey.com\/#website\"},\"primaryImageOfPage\":{\"@id\":\"https:\/\/www.alovey.com\/product\/luxury-big-volume-mascara-tube-packaging-20ml\/#primaryimage\"},\"image\":{\"@id\":\"https:\/\/www.alovey.com\/product\/luxury-big-volume-mascara-tube-packaging-20ml\/#primaryimage\"},\"thumbnailUrl\":\"https:\/\/www.alovey.com\/wp-content\/uploads\/2025\/02\/Luxury-big-volume-mascara-tube-packaging-20ml-2.jpg\",\"datePublished\":\"2025-02-13T09:38:07+00:00\",\"dateModified\":\"2025-02-13T09:47:45+00:00\",\"description\":\"Luxury big volume mascara tube packaging in unique design and 20ml capacity.The lids of mascara tube packaging is tight to keep air out and preserve the beneficial compounds in the oil.\",\"breadcrumb\":{\"@id\":\"https:\/\/www.alovey.com\/product\/luxury-big-volume-mascara-tube-packaging-20ml\/#breadcrumb\"},\"inLanguage\":\"pt-BR\",\"potentialAction\":[{\"@type\":\"ReadAction\",\"target\":[\"https:\/\/www.alovey.com\/product\/luxury-big-volume-mascara-tube-packaging-20ml\/\"]}]},{\"@type\":\"ImageObject\",\"inLanguage\":\"pt-BR\",\"@id\":\"https:\/\/www.alovey.com\/product\/luxury-big-volume-mascara-tube-packaging-20ml\/#primaryimage\",\"url\":\"https:\/\/www.alovey.com\/wp-content\/uploads\/2025\/02\/Luxury-big-volume-mascara-tube-packaging-20ml-2.jpg\",\"contentUrl\":\"https:\/\/www.alovey.com\/wp-content\/uploads\/2025\/02\/Luxury-big-volume-mascara-tube-packaging-20ml-2.jpg\",\"width\":750,\"height\":750,\"caption\":\"Luxury big volume mascara tube packaging 20ml\"},{\"@type\":\"BreadcrumbList\",\"@id\":\"https:\/\/www.alovey.com\/product\/luxury-big-volume-mascara-tube-packaging-20ml\/#breadcrumb\",\"itemListElement\":[{\"@type\":\"ListItem\",\"position\":1,\"name\":\"\u9996\u9875\",\"item\":\"https:\/\/www.alovey.com\/\"},{\"@type\":\"ListItem\",\"position\":2,\"name\":\"Products\",\"item\":\"https:\/\/www.alovey.com\/products\/\"},{\"@type\":\"ListItem\",\"position\":3,\"name\":\"Luxury big volume mascara tube packaging 20ml\"}]},{\"@type\":\"WebSite\",\"@id\":\"https:\/\/www.alovey.com\/#website\",\"url\":\"https:\/\/www.alovey.com\/\",\"name\":\"Best Cosmetic Packaging Manufacture\",\"description\":\"Alovey Cosmetic Packaging Co.,Ltd\",\"publisher\":{\"@id\":\"https:\/\/www.alovey.com\/#organization\"},\"potentialAction\":[{\"@type\":\"SearchAction\",\"target\":{\"@type\":\"EntryPoint\",\"urlTemplate\":\"https:\/\/www.alovey.com\/?s={search_term_string}\"},\"query-input\":{\"@type\":\"PropertyValueSpecification\",\"valueRequired\":true,\"valueName\":\"search_term_string\"}}],\"inLanguage\":\"pt-BR\"},{\"@type\":\"Organization\",\"@id\":\"https:\/\/www.alovey.com\/#organization\",\"name\":\"Best Cosmetic Packaging Manufacture\",\"url\":\"https:\/\/www.alovey.com\/\",\"logo\":{\"@type\":\"ImageObject\",\"inLanguage\":\"pt-BR\",\"@id\":\"https:\/\/www.alovey.com\/#\/schema\/logo\/image\/\",\"url\":\"https:\/\/www.alovey.com\/wp-content\/uploads\/2023\/03\/logo.png\",\"contentUrl\":\"https:\/\/www.alovey.com\/wp-content\/uploads\/2023\/03\/logo.png\",\"width\":505,\"height\":180,\"caption\":\"Best  Cosmetic Packaging Manufacture\"},\"image\":{\"@id\":\"https:\/\/www.alovey.com\/#\/schema\/logo\/image\/\"}}]}<\/script>\n<!-- \/ Yoast SEO plugin. -->","yoast_head_json":{"title":"Luxury big volume mascara tube packaging 20ml","description":"Luxury big volume mascara tube packaging in unique design and 20ml capacity.The lids of mascara tube packaging is tight to keep air out and preserve the beneficial compounds in the oil.","robots":{"index":"index","follow":"follow","max-snippet":"max-snippet:-1","max-image-preview":"max-image-preview:large","max-video-preview":"max-video-preview:-1"},"canonical":"https:\/\/www.alovey.com\/pt\/produto\/luxury-big-volume-mascara-tube-packaging-20ml\/","og_locale":"pt_BR","og_type":"article","og_title":"Luxury big volume mascara tube packaging 20ml","og_description":"Luxury big volume mascara tube packaging in unique design and 20ml capacity.The lids of mascara tube packaging is tight to keep air out and preserve the beneficial compounds in the oil.","og_url":"https:\/\/www.alovey.com\/pt\/produto\/luxury-big-volume-mascara-tube-packaging-20ml\/","og_site_name":"Best Cosmetic Packaging Manufacture","article_modified_time":"2025-02-13T09:47:45+00:00","og_image":[{"width":750,"height":750,"url":"https:\/\/www.alovey.com\/wp-content\/uploads\/2025\/02\/Luxury-big-volume-mascara-tube-packaging-20ml-2.jpg","type":"image\/jpeg"}],"twitter_card":"summary_large_image","twitter_misc":{"Est. tempo de leitura":"2 minutos"},"schema":{"@context":"https:\/\/schema.org","@graph":[{"@type":"WebPage","@id":"https:\/\/www.alovey.com\/product\/luxury-big-volume-mascara-tube-packaging-20ml\/","url":"https:\/\/www.alovey.com\/product\/luxury-big-volume-mascara-tube-packaging-20ml\/","name":"Luxury big volume mascara tube packaging 20ml","isPartOf":{"@id":"https:\/\/www.alovey.com\/#website"},"primaryImageOfPage":{"@id":"https:\/\/www.alovey.com\/product\/luxury-big-volume-mascara-tube-packaging-20ml\/#primaryimage"},"image":{"@id":"https:\/\/www.alovey.com\/product\/luxury-big-volume-mascara-tube-packaging-20ml\/#primaryimage"},"thumbnailUrl":"https:\/\/www.alovey.com\/wp-content\/uploads\/2025\/02\/Luxury-big-volume-mascara-tube-packaging-20ml-2.jpg","datePublished":"2025-02-13T09:38:07+00:00","dateModified":"2025-02-13T09:47:45+00:00","description":"Luxury big volume mascara tube packaging in unique design and 20ml capacity.The lids of mascara tube packaging is tight to keep air out and preserve the beneficial compounds in the oil.","breadcrumb":{"@id":"https:\/\/www.alovey.com\/product\/luxury-big-volume-mascara-tube-packaging-20ml\/#breadcrumb"},"inLanguage":"pt-BR","potentialAction":[{"@type":"ReadAction","target":["https:\/\/www.alovey.com\/product\/luxury-big-volume-mascara-tube-packaging-20ml\/"]}]},{"@type":"ImageObject","inLanguage":"pt-BR","@id":"https:\/\/www.alovey.com\/product\/luxury-big-volume-mascara-tube-packaging-20ml\/#primaryimage","url":"https:\/\/www.alovey.com\/wp-content\/uploads\/2025\/02\/Luxury-big-volume-mascara-tube-packaging-20ml-2.jpg","contentUrl":"https:\/\/www.alovey.com\/wp-content\/uploads\/2025\/02\/Luxury-big-volume-mascara-tube-packaging-20ml-2.jpg","width":750,"height":750,"caption":"Luxury big volume mascara tube packaging 20ml"},{"@type":"BreadcrumbList","@id":"https:\/\/www.alovey.com\/product\/luxury-big-volume-mascara-tube-packaging-20ml\/#breadcrumb","itemListElement":[{"@type":"ListItem","position":1,"name":"\u9996\u9875","item":"https:\/\/www.alovey.com\/"},{"@type":"ListItem","position":2,"name":"Products","item":"https:\/\/www.alovey.com\/products\/"},{"@type":"ListItem","position":3,"name":"Luxury big volume mascara tube packaging 20ml"}]},{"@type":"WebSite","@id":"https:\/\/www.alovey.com\/#website","url":"https:\/\/www.alovey.com\/","name":"Best Cosmetic Packaging Manufacture","description":"Alovey Cosmetic Packaging Co.,Ltd","publisher":{"@id":"https:\/\/www.alovey.com\/#organization"},"potentialAction":[{"@type":"SearchAction","target":{"@type":"EntryPoint","urlTemplate":"https:\/\/www.alovey.com\/?s={search_term_string}"},"query-input":{"@type":"PropertyValueSpecification","valueRequired":true,"valueName":"search_term_string"}}],"inLanguage":"pt-BR"},{"@type":"Organization","@id":"https:\/\/www.alovey.com\/#organization","name":"Best Cosmetic Packaging Manufacture","url":"https:\/\/www.alovey.com\/","logo":{"@type":"ImageObject","inLanguage":"pt-BR","@id":"https:\/\/www.alovey.com\/#\/schema\/logo\/image\/","url":"https:\/\/www.alovey.com\/wp-content\/uploads\/2023\/03\/logo.png","contentUrl":"https:\/\/www.alovey.com\/wp-content\/uploads\/2023\/03\/logo.png","width":505,"height":180,"caption":"Best  Cosmetic Packaging Manufacture"},"image":{"@id":"https:\/\/www.alovey.com\/#\/schema\/logo\/image\/"}}]}},"_links":{"self":[{"href":"https:\/\/www.alovey.com\/pt\/wp-json\/wp\/v2\/product\/9607"}],"collection":[{"href":"https:\/\/www.alovey.com\/pt\/wp-json\/wp\/v2\/product"}],"about":[{"href":"https:\/\/www.alovey.com\/pt\/wp-json\/wp\/v2\/types\/product"}],"wp:featuredmedia":[{"embeddable":true,"href":"https:\/\/www.alovey.com\/pt\/wp-json\/wp\/v2\/media\/9610"}],"wp:attachment":[{"href":"https:\/\/www.alovey.com\/pt\/wp-json\/wp\/v2\/media?parent=9607"}],"wp:term":[{"taxonomy":"product_brand","embeddable":true,"href":"https:\/\/www.alovey.com\/pt\/wp-json\/wp\/v2\/product_brand?post=9607"},{"taxonomy":"product_cat","embeddable":true,"href":"https:\/\/www.alovey.com\/pt\/wp-json\/wp\/v2\/product_cat?post=9607"},{"taxonomy":"product_tag","embeddable":true,"href":"https:\/\/www.alovey.com\/pt\/wp-json\/wp\/v2\/product_tag?post=9607"}],"curies":[{"name":"wp","href":"https:\/\/api.w.org\/{rel}","templated":true}]}}