{"id":9276,"date":"2025-01-06T09:58:43","date_gmt":"2025-01-06T09:58:43","guid":{"rendered":"https:\/\/www.alovey.com\/?post_type=product&#038;p=9276"},"modified":"2025-01-06T10:04:54","modified_gmt":"2025-01-06T10:04:54","slug":"unique-lipstick-tubes-with-luxury-matte-gold-color","status":"publish","type":"product","link":"https:\/\/www.alovey.com\/pt\/produto\/unique-lipstick-tubes-with-luxury-matte-gold-color\/","title":{"rendered":"Unique lipstick tubes with luxury matte gold color"},"content":{"rendered":"<p><strong>This unique lipstick tube with luxury matte gold color, \u00a0\u00a0crafted from high-quality ABS material, designed for a sleek, premium look. The lipstick tube\u00a0should have a diameter of 12.1mm or 12.7mm. After molding, allow the lipstick to cool before inserting it into the tube for a seamless finish.<\/strong><\/p>\n<p><strong>A Alovey, como fabricante profissional chinesa de embalagens para cosm\u00e9ticos, produz uma linha requintada de embalagens personalizadas para cosm\u00e9ticos, meticulosamente elaboradas para elevar sua marca. Nossa sele\u00e7\u00e3o diversificada de materiais premium, combinada com t\u00e9cnicas delicadas de acabamento de superf\u00edcie, como impress\u00e3o em tela de seda, hot stamping e pulveriza\u00e7\u00e3o fosca, garante que cada embalagem seja uma obra-prima exclusiva.<\/strong><\/p>\n<p><img fetchpriority=\"high\" decoding=\"async\" class=\"size-full wp-image-9279\" src=\"https:\/\/www.alovey.com\/wp-content\/uploads\/2025\/01\/Unique-lipstick-tubes-with-luxury-matte-gold-color-1.jpg\" alt=\"Unique lipstick tubes with luxury matte gold color\" width=\"750\" height=\"750\" srcset=\"https:\/\/www.alovey.com\/wp-content\/uploads\/2025\/01\/Unique-lipstick-tubes-with-luxury-matte-gold-color-1.jpg 750w, https:\/\/www.alovey.com\/wp-content\/uploads\/2025\/01\/Unique-lipstick-tubes-with-luxury-matte-gold-color-1-300x300.jpg 300w, https:\/\/www.alovey.com\/wp-content\/uploads\/2025\/01\/Unique-lipstick-tubes-with-luxury-matte-gold-color-1-150x150.jpg 150w, https:\/\/www.alovey.com\/wp-content\/uploads\/2025\/01\/Unique-lipstick-tubes-with-luxury-matte-gold-color-1-600x600.jpg 600w, https:\/\/www.alovey.com\/wp-content\/uploads\/2025\/01\/Unique-lipstick-tubes-with-luxury-matte-gold-color-1-100x100.jpg 100w\" sizes=\"(max-width: 750px) 100vw, 750px\" \/><\/p>\n<p><img decoding=\"async\" class=\"size-full wp-image-9280\" src=\"https:\/\/www.alovey.com\/wp-content\/uploads\/2025\/01\/Unique-lipstick-tubes-with-luxury-matte-gold-color-2.jpg\" alt=\"Unique lipstick tubes with luxury matte gold color\" width=\"750\" height=\"750\" srcset=\"https:\/\/www.alovey.com\/wp-content\/uploads\/2025\/01\/Unique-lipstick-tubes-with-luxury-matte-gold-color-2.jpg 750w, https:\/\/www.alovey.com\/wp-content\/uploads\/2025\/01\/Unique-lipstick-tubes-with-luxury-matte-gold-color-2-300x300.jpg 300w, https:\/\/www.alovey.com\/wp-content\/uploads\/2025\/01\/Unique-lipstick-tubes-with-luxury-matte-gold-color-2-150x150.jpg 150w, https:\/\/www.alovey.com\/wp-content\/uploads\/2025\/01\/Unique-lipstick-tubes-with-luxury-matte-gold-color-2-600x600.jpg 600w, https:\/\/www.alovey.com\/wp-content\/uploads\/2025\/01\/Unique-lipstick-tubes-with-luxury-matte-gold-color-2-100x100.jpg 100w\" sizes=\"(max-width: 750px) 100vw, 750px\" \/><\/p>\n<p><img decoding=\"async\" class=\"size-full wp-image-9281\" src=\"https:\/\/www.alovey.com\/wp-content\/uploads\/2025\/01\/Unique-lipstick-tubes-with-luxury-matte-gold-color-3.jpg\" alt=\"Unique lipstick tubes with luxury matte gold color\" width=\"750\" height=\"750\" srcset=\"https:\/\/www.alovey.com\/wp-content\/uploads\/2025\/01\/Unique-lipstick-tubes-with-luxury-matte-gold-color-3.jpg 750w, https:\/\/www.alovey.com\/wp-content\/uploads\/2025\/01\/Unique-lipstick-tubes-with-luxury-matte-gold-color-3-300x300.jpg 300w, https:\/\/www.alovey.com\/wp-content\/uploads\/2025\/01\/Unique-lipstick-tubes-with-luxury-matte-gold-color-3-150x150.jpg 150w, https:\/\/www.alovey.com\/wp-content\/uploads\/2025\/01\/Unique-lipstick-tubes-with-luxury-matte-gold-color-3-600x600.jpg 600w, https:\/\/www.alovey.com\/wp-content\/uploads\/2025\/01\/Unique-lipstick-tubes-with-luxury-matte-gold-color-3-100x100.jpg 100w\" sizes=\"(max-width: 750px) 100vw, 750px\" \/><\/p>\n<p><img loading=\"lazy\" decoding=\"async\" class=\"size-full wp-image-9282\" src=\"https:\/\/www.alovey.com\/wp-content\/uploads\/2025\/01\/Unique-lipstick-tubes-with-luxury-matte-gold-color-4.jpg\" alt=\"Unique lipstick tubes with luxury matte gold color\" width=\"750\" height=\"750\" srcset=\"https:\/\/www.alovey.com\/wp-content\/uploads\/2025\/01\/Unique-lipstick-tubes-with-luxury-matte-gold-color-4.jpg 750w, https:\/\/www.alovey.com\/wp-content\/uploads\/2025\/01\/Unique-lipstick-tubes-with-luxury-matte-gold-color-4-300x300.jpg 300w, https:\/\/www.alovey.com\/wp-content\/uploads\/2025\/01\/Unique-lipstick-tubes-with-luxury-matte-gold-color-4-150x150.jpg 150w, https:\/\/www.alovey.com\/wp-content\/uploads\/2025\/01\/Unique-lipstick-tubes-with-luxury-matte-gold-color-4-600x600.jpg 600w, https:\/\/www.alovey.com\/wp-content\/uploads\/2025\/01\/Unique-lipstick-tubes-with-luxury-matte-gold-color-4-100x100.jpg 100w\" sizes=\"(max-width: 750px) 100vw, 750px\" \/><\/p>\n<p><img loading=\"lazy\" decoding=\"async\" class=\"size-full wp-image-9277\" src=\"https:\/\/www.alovey.com\/wp-content\/uploads\/2025\/01\/Unique-lipstick-tubes-with-luxury-matte-gold-color-5.jpg\" alt=\"Unique lipstick tubes with luxury matte gold color\" width=\"750\" height=\"750\" srcset=\"https:\/\/www.alovey.com\/wp-content\/uploads\/2025\/01\/Unique-lipstick-tubes-with-luxury-matte-gold-color-5.jpg 750w, https:\/\/www.alovey.com\/wp-content\/uploads\/2025\/01\/Unique-lipstick-tubes-with-luxury-matte-gold-color-5-300x300.jpg 300w, https:\/\/www.alovey.com\/wp-content\/uploads\/2025\/01\/Unique-lipstick-tubes-with-luxury-matte-gold-color-5-150x150.jpg 150w, https:\/\/www.alovey.com\/wp-content\/uploads\/2025\/01\/Unique-lipstick-tubes-with-luxury-matte-gold-color-5-600x600.jpg 600w, https:\/\/www.alovey.com\/wp-content\/uploads\/2025\/01\/Unique-lipstick-tubes-with-luxury-matte-gold-color-5-100x100.jpg 100w\" sizes=\"(max-width: 750px) 100vw, 750px\" \/><\/p>\n<p><img loading=\"lazy\" decoding=\"async\" class=\"size-full wp-image-9278\" src=\"https:\/\/www.alovey.com\/wp-content\/uploads\/2025\/01\/Unique-lipstick-tubes-with-luxury-matte-gold-color-8.jpg\" alt=\"Unique lipstick tubes with luxury matte gold color\" width=\"630\" height=\"630\" srcset=\"https:\/\/www.alovey.com\/wp-content\/uploads\/2025\/01\/Unique-lipstick-tubes-with-luxury-matte-gold-color-8.jpg 630w, https:\/\/www.alovey.com\/wp-content\/uploads\/2025\/01\/Unique-lipstick-tubes-with-luxury-matte-gold-color-8-300x300.jpg 300w, https:\/\/www.alovey.com\/wp-content\/uploads\/2025\/01\/Unique-lipstick-tubes-with-luxury-matte-gold-color-8-150x150.jpg 150w, https:\/\/www.alovey.com\/wp-content\/uploads\/2025\/01\/Unique-lipstick-tubes-with-luxury-matte-gold-color-8-600x600.jpg 600w, https:\/\/www.alovey.com\/wp-content\/uploads\/2025\/01\/Unique-lipstick-tubes-with-luxury-matte-gold-color-8-100x100.jpg 100w\" sizes=\"(max-width: 630px) 100vw, 630px\" \/><\/p>\n<p>&nbsp;<\/p>\n<p>&nbsp;<\/p>\n<p>&nbsp;<\/p>\n<p>&nbsp;<\/p>\n<p>&nbsp;<\/p>\n<p>&nbsp;<\/p>\n<p>&nbsp;<\/p>\n<p>&nbsp;<\/p>\n<p>&nbsp;<\/p>\n<p>&nbsp;<\/p>\n<p>&nbsp;<\/p>\n<p>&nbsp;<\/p>\n<p>&nbsp;<\/p>\n<p>&nbsp;<\/p>\n<p>&nbsp;<\/p>\n<p>&nbsp;<\/p>\n<p>&nbsp;<\/p>\n<p>&nbsp;<\/p>\n<p>&nbsp;<\/p>\n<p>&nbsp;<\/p>\n<p>&nbsp;<\/p>\n<p>&nbsp;<\/p>\n<p>&nbsp;<\/p>\n<p>&nbsp;<\/p>\n<p>&nbsp;<\/p>\n<p>&nbsp;<\/p>\n<p>&nbsp;<\/p>\n<p>&nbsp;<\/p>\n<p>&nbsp;<\/p>\n<p>&nbsp;<\/p>\n<p>&nbsp;<\/p>\n<p>&nbsp;<\/p>\n<p>&nbsp;<\/p>\n<p>&nbsp;<\/p>\n<p>&nbsp;<\/p>\n<p>&nbsp;<\/p>\n<p>&nbsp;<\/p>\n<p>&nbsp;<\/p>\n<p>&nbsp;<\/p>\n<p>&nbsp;<\/p>\n<p>&nbsp;<\/p>\n<p>&nbsp;<\/p>\n<p>&nbsp;<\/p>\n<p>&nbsp;<\/p>\n<p>&nbsp;<\/p>\n<p>&nbsp;<\/p>\n<p>&nbsp;<\/p>\n<p>&nbsp;<\/p>\n<p>&nbsp;<\/p>\n<p>&nbsp;<\/p>\n<p>&nbsp;<\/p>\n<p>&nbsp;<\/p>\n<p>&nbsp;<\/p>\n<p>&nbsp;<\/p>\n<p>&nbsp;<\/p>\n<p>&nbsp;<\/p>\n<p>&nbsp;<\/p>\n<p>&nbsp;<\/p>\n<p>&nbsp;<\/p>\n<p>&nbsp;<\/p>\n<p>&nbsp;<\/p>\n<p>&nbsp;<\/p>\n<p>&nbsp;<\/p>\n<p>&nbsp;<\/p>\n<p>&nbsp;<\/p>\n<p>&nbsp;<\/p>\n<p>&nbsp;<\/p>\n<p>&nbsp;<\/p>\n<p>&nbsp;<\/p>\n<p>&nbsp;<\/p>\n<p>&nbsp;<\/p>\n<p>&nbsp;<\/p>\n<p>&nbsp;<\/p>\n<p>&nbsp;<\/p>\n<p>&nbsp;<\/p>\n<p>&nbsp;<\/p>\n<p>&nbsp;<\/p>\n<p>&nbsp;<\/p>\n<p>&nbsp;<\/p>\n<p>&nbsp;<\/p>\n<p>&nbsp;<\/p>\n<p>&nbsp;<\/p>\n<p>&nbsp;<\/p>\n<p>&nbsp;<\/p>\n<p>&nbsp;<\/p>\n<p>&nbsp;<\/p>\n<p>&nbsp;<\/p>\n<p>&nbsp;<\/p>\n<p>&nbsp;<\/p>\n<p>&nbsp;<\/p>\n<p>&nbsp;<\/p>\n<p>&nbsp;<\/p>\n<p>&nbsp;<\/p>\n<p>&nbsp;<\/p>\n<p>&nbsp;<\/p>\n<p>&nbsp;<\/p>\n<p>&nbsp;<\/p>\n<p>&nbsp;<\/p>\n<p>&nbsp;<\/p>\n<p>&nbsp;<\/p>\n<p>&nbsp;<\/p>\n<p>&nbsp;<\/p>\n<p>&nbsp;<\/p>\n<p>&nbsp;<\/p>\n<p>&nbsp;<\/p>\n<p>&nbsp;<\/p>\n<p>&nbsp;<\/p>\n<p>&nbsp;<\/p>\n<p>&nbsp;<\/p>\n<p>&nbsp;<\/p>\n<p>&nbsp;<\/p>\n<p>&nbsp;<\/p>\n<p>&nbsp;<\/p>\n<p>&nbsp;<\/p>\n<p>&nbsp;<\/p>\n<p>&nbsp;<\/p>\n<p>&nbsp;<\/p>\n<p>&nbsp;<\/p>\n<p>&nbsp;<\/p>\n<p>&nbsp;<\/p>\n<p>&nbsp;<\/p>\n<p>&nbsp;<\/p>\n<p>&nbsp;<\/p>\n<p>&nbsp;<\/p>\n<p>&nbsp;<\/p>\n<p>&nbsp;<\/p>\n<p>&nbsp;<\/p>\n<p>&nbsp;<\/p>\n<p>&nbsp;<\/p>\n<p>&nbsp;<\/p>\n<p>&nbsp;<\/p>\n<p>&nbsp;<\/p>\n<p>&nbsp;<\/p>","protected":false},"excerpt":{"rendered":"<ul>\n<li>Item No: LS-0480A<\/li>\n<li>Material:  Pl\u00e1stico<\/li>\n<li>Size:\u00a0W22.5*H77.5mm<\/li>\n<li>Aplica\u00e7\u00f5es: Produtos de beleza<\/li>\n<li>MOQ: 12.000 unidades<\/li>\n<li>Cor: cor personalizada<\/li>\n<li>Tratamento de superf\u00edcie: Inje\u00e7\u00e3o\/Matte\/Metaliza\u00e7\u00e3o\/Revestimento UV<\/li>\n<li>Nome da marca: OEM\/ODM<\/li>\n<li>Logotipo: Logotipo do cliente<\/li>\n<li>Capacidade de fornecimento: 100.000 pe\u00e7as por m\u00eas<\/li>\n<\/ul>","protected":false},"featured_media":9279,"template":"","meta":{"_acf_changed":false},"product_brand":[],"product_cat":[373],"product_tag":[389],"class_list":{"0":"post-9276","1":"product","2":"type-product","3":"status-publish","4":"has-post-thumbnail","6":"product_cat-professional-lipstick-tube-supplier","7":"product_tag-lip-stick-tube","9":"first","10":"instock","11":"shipping-taxable","12":"product-type-simple"},"acf":[],"yoast_head":"<!-- This site is optimized with the Yoast SEO plugin v24.1 - https:\/\/yoast.com\/wordpress\/plugins\/seo\/ -->\n<title>Unique lipstick tubes with luxury matte gold color<\/title>\n<meta name=\"description\" content=\"This unique lipstick tube with luxury matte gold color, crafted from high-quality ABS material, designed for a sleek, premium look.\" \/>\n<meta name=\"robots\" content=\"index, follow, max-snippet:-1, max-image-preview:large, max-video-preview:-1\" \/>\n<link rel=\"canonical\" href=\"https:\/\/www.alovey.com\/pt\/produto\/unique-lipstick-tubes-with-luxury-matte-gold-color\/\" \/>\n<meta property=\"og:locale\" content=\"pt_BR\" \/>\n<meta property=\"og:type\" content=\"article\" \/>\n<meta property=\"og:title\" content=\"Unique lipstick tubes with luxury matte gold color\" \/>\n<meta property=\"og:description\" content=\"This unique lipstick tube with luxury matte gold color, crafted from high-quality ABS material, designed for a sleek, premium look.\" \/>\n<meta property=\"og:url\" content=\"https:\/\/www.alovey.com\/pt\/produto\/unique-lipstick-tubes-with-luxury-matte-gold-color\/\" \/>\n<meta property=\"og:site_name\" content=\"Best Cosmetic Packaging Manufacture\" \/>\n<meta property=\"article:modified_time\" content=\"2025-01-06T10:04:54+00:00\" \/>\n<meta property=\"og:image\" content=\"https:\/\/www.alovey.com\/wp-content\/uploads\/2025\/01\/Unique-lipstick-tubes-with-luxury-matte-gold-color-1.jpg\" \/>\n\t<meta property=\"og:image:width\" content=\"750\" \/>\n\t<meta property=\"og:image:height\" content=\"750\" \/>\n\t<meta property=\"og:image:type\" content=\"image\/jpeg\" \/>\n<meta name=\"twitter:card\" content=\"summary_large_image\" \/>\n<meta name=\"twitter:label1\" content=\"Est. tempo de leitura\" \/>\n\t<meta name=\"twitter:data1\" content=\"2 minutos\" \/>\n<script type=\"application\/ld+json\" class=\"yoast-schema-graph\">{\"@context\":\"https:\/\/schema.org\",\"@graph\":[{\"@type\":\"WebPage\",\"@id\":\"https:\/\/www.alovey.com\/product\/unique-lipstick-tubes-with-luxury-matte-gold-color\/\",\"url\":\"https:\/\/www.alovey.com\/product\/unique-lipstick-tubes-with-luxury-matte-gold-color\/\",\"name\":\"Unique lipstick tubes with luxury matte gold color\",\"isPartOf\":{\"@id\":\"https:\/\/www.alovey.com\/#website\"},\"primaryImageOfPage\":{\"@id\":\"https:\/\/www.alovey.com\/product\/unique-lipstick-tubes-with-luxury-matte-gold-color\/#primaryimage\"},\"image\":{\"@id\":\"https:\/\/www.alovey.com\/product\/unique-lipstick-tubes-with-luxury-matte-gold-color\/#primaryimage\"},\"thumbnailUrl\":\"https:\/\/www.alovey.com\/wp-content\/uploads\/2025\/01\/Unique-lipstick-tubes-with-luxury-matte-gold-color-1.jpg\",\"datePublished\":\"2025-01-06T09:58:43+00:00\",\"dateModified\":\"2025-01-06T10:04:54+00:00\",\"description\":\"This unique lipstick tube with luxury matte gold color, crafted from high-quality ABS material, designed for a sleek, premium look.\",\"breadcrumb\":{\"@id\":\"https:\/\/www.alovey.com\/product\/unique-lipstick-tubes-with-luxury-matte-gold-color\/#breadcrumb\"},\"inLanguage\":\"pt-BR\",\"potentialAction\":[{\"@type\":\"ReadAction\",\"target\":[\"https:\/\/www.alovey.com\/product\/unique-lipstick-tubes-with-luxury-matte-gold-color\/\"]}]},{\"@type\":\"ImageObject\",\"inLanguage\":\"pt-BR\",\"@id\":\"https:\/\/www.alovey.com\/product\/unique-lipstick-tubes-with-luxury-matte-gold-color\/#primaryimage\",\"url\":\"https:\/\/www.alovey.com\/wp-content\/uploads\/2025\/01\/Unique-lipstick-tubes-with-luxury-matte-gold-color-1.jpg\",\"contentUrl\":\"https:\/\/www.alovey.com\/wp-content\/uploads\/2025\/01\/Unique-lipstick-tubes-with-luxury-matte-gold-color-1.jpg\",\"width\":750,\"height\":750,\"caption\":\"Unique lipstick tubes with luxury matte gold color\"},{\"@type\":\"BreadcrumbList\",\"@id\":\"https:\/\/www.alovey.com\/product\/unique-lipstick-tubes-with-luxury-matte-gold-color\/#breadcrumb\",\"itemListElement\":[{\"@type\":\"ListItem\",\"position\":1,\"name\":\"\u9996\u9875\",\"item\":\"https:\/\/www.alovey.com\/\"},{\"@type\":\"ListItem\",\"position\":2,\"name\":\"Products\",\"item\":\"https:\/\/www.alovey.com\/products\/\"},{\"@type\":\"ListItem\",\"position\":3,\"name\":\"Unique lipstick tubes with luxury matte gold color\"}]},{\"@type\":\"WebSite\",\"@id\":\"https:\/\/www.alovey.com\/#website\",\"url\":\"https:\/\/www.alovey.com\/\",\"name\":\"Best Cosmetic Packaging Manufacture\",\"description\":\"Alovey Cosmetic Packaging Co.,Ltd\",\"publisher\":{\"@id\":\"https:\/\/www.alovey.com\/#organization\"},\"potentialAction\":[{\"@type\":\"SearchAction\",\"target\":{\"@type\":\"EntryPoint\",\"urlTemplate\":\"https:\/\/www.alovey.com\/?s={search_term_string}\"},\"query-input\":{\"@type\":\"PropertyValueSpecification\",\"valueRequired\":true,\"valueName\":\"search_term_string\"}}],\"inLanguage\":\"pt-BR\"},{\"@type\":\"Organization\",\"@id\":\"https:\/\/www.alovey.com\/#organization\",\"name\":\"Best Cosmetic Packaging Manufacture\",\"url\":\"https:\/\/www.alovey.com\/\",\"logo\":{\"@type\":\"ImageObject\",\"inLanguage\":\"pt-BR\",\"@id\":\"https:\/\/www.alovey.com\/#\/schema\/logo\/image\/\",\"url\":\"https:\/\/www.alovey.com\/wp-content\/uploads\/2023\/03\/logo.png\",\"contentUrl\":\"https:\/\/www.alovey.com\/wp-content\/uploads\/2023\/03\/logo.png\",\"width\":505,\"height\":180,\"caption\":\"Best  Cosmetic Packaging Manufacture\"},\"image\":{\"@id\":\"https:\/\/www.alovey.com\/#\/schema\/logo\/image\/\"}}]}<\/script>\n<!-- \/ Yoast SEO plugin. -->","yoast_head_json":{"title":"Unique lipstick tubes with luxury matte gold color","description":"This unique lipstick tube with luxury matte gold color, crafted from high-quality ABS material, designed for a sleek, premium look.","robots":{"index":"index","follow":"follow","max-snippet":"max-snippet:-1","max-image-preview":"max-image-preview:large","max-video-preview":"max-video-preview:-1"},"canonical":"https:\/\/www.alovey.com\/pt\/produto\/unique-lipstick-tubes-with-luxury-matte-gold-color\/","og_locale":"pt_BR","og_type":"article","og_title":"Unique lipstick tubes with luxury matte gold color","og_description":"This unique lipstick tube with luxury matte gold color, crafted from high-quality ABS material, designed for a sleek, premium look.","og_url":"https:\/\/www.alovey.com\/pt\/produto\/unique-lipstick-tubes-with-luxury-matte-gold-color\/","og_site_name":"Best Cosmetic Packaging Manufacture","article_modified_time":"2025-01-06T10:04:54+00:00","og_image":[{"width":750,"height":750,"url":"https:\/\/www.alovey.com\/wp-content\/uploads\/2025\/01\/Unique-lipstick-tubes-with-luxury-matte-gold-color-1.jpg","type":"image\/jpeg"}],"twitter_card":"summary_large_image","twitter_misc":{"Est. tempo de leitura":"2 minutos"},"schema":{"@context":"https:\/\/schema.org","@graph":[{"@type":"WebPage","@id":"https:\/\/www.alovey.com\/product\/unique-lipstick-tubes-with-luxury-matte-gold-color\/","url":"https:\/\/www.alovey.com\/product\/unique-lipstick-tubes-with-luxury-matte-gold-color\/","name":"Unique lipstick tubes with luxury matte gold color","isPartOf":{"@id":"https:\/\/www.alovey.com\/#website"},"primaryImageOfPage":{"@id":"https:\/\/www.alovey.com\/product\/unique-lipstick-tubes-with-luxury-matte-gold-color\/#primaryimage"},"image":{"@id":"https:\/\/www.alovey.com\/product\/unique-lipstick-tubes-with-luxury-matte-gold-color\/#primaryimage"},"thumbnailUrl":"https:\/\/www.alovey.com\/wp-content\/uploads\/2025\/01\/Unique-lipstick-tubes-with-luxury-matte-gold-color-1.jpg","datePublished":"2025-01-06T09:58:43+00:00","dateModified":"2025-01-06T10:04:54+00:00","description":"This unique lipstick tube with luxury matte gold color, crafted from high-quality ABS material, designed for a sleek, premium look.","breadcrumb":{"@id":"https:\/\/www.alovey.com\/product\/unique-lipstick-tubes-with-luxury-matte-gold-color\/#breadcrumb"},"inLanguage":"pt-BR","potentialAction":[{"@type":"ReadAction","target":["https:\/\/www.alovey.com\/product\/unique-lipstick-tubes-with-luxury-matte-gold-color\/"]}]},{"@type":"ImageObject","inLanguage":"pt-BR","@id":"https:\/\/www.alovey.com\/product\/unique-lipstick-tubes-with-luxury-matte-gold-color\/#primaryimage","url":"https:\/\/www.alovey.com\/wp-content\/uploads\/2025\/01\/Unique-lipstick-tubes-with-luxury-matte-gold-color-1.jpg","contentUrl":"https:\/\/www.alovey.com\/wp-content\/uploads\/2025\/01\/Unique-lipstick-tubes-with-luxury-matte-gold-color-1.jpg","width":750,"height":750,"caption":"Unique lipstick tubes with luxury matte gold color"},{"@type":"BreadcrumbList","@id":"https:\/\/www.alovey.com\/product\/unique-lipstick-tubes-with-luxury-matte-gold-color\/#breadcrumb","itemListElement":[{"@type":"ListItem","position":1,"name":"\u9996\u9875","item":"https:\/\/www.alovey.com\/"},{"@type":"ListItem","position":2,"name":"Products","item":"https:\/\/www.alovey.com\/products\/"},{"@type":"ListItem","position":3,"name":"Unique lipstick tubes with luxury matte gold color"}]},{"@type":"WebSite","@id":"https:\/\/www.alovey.com\/#website","url":"https:\/\/www.alovey.com\/","name":"Best Cosmetic Packaging Manufacture","description":"Alovey Cosmetic Packaging Co.,Ltd","publisher":{"@id":"https:\/\/www.alovey.com\/#organization"},"potentialAction":[{"@type":"SearchAction","target":{"@type":"EntryPoint","urlTemplate":"https:\/\/www.alovey.com\/?s={search_term_string}"},"query-input":{"@type":"PropertyValueSpecification","valueRequired":true,"valueName":"search_term_string"}}],"inLanguage":"pt-BR"},{"@type":"Organization","@id":"https:\/\/www.alovey.com\/#organization","name":"Best Cosmetic Packaging Manufacture","url":"https:\/\/www.alovey.com\/","logo":{"@type":"ImageObject","inLanguage":"pt-BR","@id":"https:\/\/www.alovey.com\/#\/schema\/logo\/image\/","url":"https:\/\/www.alovey.com\/wp-content\/uploads\/2023\/03\/logo.png","contentUrl":"https:\/\/www.alovey.com\/wp-content\/uploads\/2023\/03\/logo.png","width":505,"height":180,"caption":"Best  Cosmetic Packaging Manufacture"},"image":{"@id":"https:\/\/www.alovey.com\/#\/schema\/logo\/image\/"}}]}},"_links":{"self":[{"href":"https:\/\/www.alovey.com\/pt\/wp-json\/wp\/v2\/product\/9276"}],"collection":[{"href":"https:\/\/www.alovey.com\/pt\/wp-json\/wp\/v2\/product"}],"about":[{"href":"https:\/\/www.alovey.com\/pt\/wp-json\/wp\/v2\/types\/product"}],"wp:featuredmedia":[{"embeddable":true,"href":"https:\/\/www.alovey.com\/pt\/wp-json\/wp\/v2\/media\/9279"}],"wp:attachment":[{"href":"https:\/\/www.alovey.com\/pt\/wp-json\/wp\/v2\/media?parent=9276"}],"wp:term":[{"taxonomy":"product_brand","embeddable":true,"href":"https:\/\/www.alovey.com\/pt\/wp-json\/wp\/v2\/product_brand?post=9276"},{"taxonomy":"product_cat","embeddable":true,"href":"https:\/\/www.alovey.com\/pt\/wp-json\/wp\/v2\/product_cat?post=9276"},{"taxonomy":"product_tag","embeddable":true,"href":"https:\/\/www.alovey.com\/pt\/wp-json\/wp\/v2\/product_tag?post=9276"}],"curies":[{"name":"wp","href":"https:\/\/api.w.org\/{rel}","templated":true}]}}