{"id":9210,"date":"2025-01-02T09:49:01","date_gmt":"2025-01-02T09:49:01","guid":{"rendered":"https:\/\/www.alovey.com\/?post_type=product&#038;p=9210"},"modified":"2025-08-02T03:45:27","modified_gmt":"2025-08-02T03:45:27","slug":"ysl-lipstick-packaging-saint-laurent-slim-gold-and-black-square-tube","status":"publish","type":"product","link":"https:\/\/www.alovey.com\/pt\/produto\/ysl-lipstick-packaging-saint-laurent-slim-gold-and-black-square-tube\/","title":{"rendered":"YSL lipstick packaging  Saint Laurent slim gold and black square  tube"},"content":{"rendered":"<p><strong>YSL lipstick packaging Saint Laurent slim gold and black square tube,its inner cup is uniquely shaped in a square design, adding to the elegance and sophistication of the packaging<\/strong><\/p>\n<p><strong>With over 20 years of expertise, Alovey stands as a trusted leader in cosmetic packaging manufacturing in China. We specialize in creating innovative and high-quality solutions, offering a wide range of products such as lipstick tubes, lip balm tubes, lip gloss tubes, mascara tubes, loose powder cases, foundation liquid containers, cream jars, and lotion bottles.<\/strong><\/p>\n<p><strong>Our decades of experience enable us to provide exceptional craftsmanship, sustainable practices, and personalized services to meet the unique needs of our clients. At Alovey, we are dedicated to enhancing your brand through packaging that combines functionality, elegance, and innovation.<\/strong><\/p>\n<p><img fetchpriority=\"high\" decoding=\"async\" class=\"size-full wp-image-9215\" src=\"https:\/\/www.alovey.com\/wp-content\/uploads\/2025\/01\/YSL-Saint-Laurent-slim-gold-and-black-square-lipstick-tube-3.jpg\" alt=\"YSL Saint Laurent slim gold and black square lipstick tube\" width=\"750\" height=\"750\" srcset=\"https:\/\/www.alovey.com\/wp-content\/uploads\/2025\/01\/YSL-Saint-Laurent-slim-gold-and-black-square-lipstick-tube-3.jpg 750w, https:\/\/www.alovey.com\/wp-content\/uploads\/2025\/01\/YSL-Saint-Laurent-slim-gold-and-black-square-lipstick-tube-3-300x300.jpg 300w, https:\/\/www.alovey.com\/wp-content\/uploads\/2025\/01\/YSL-Saint-Laurent-slim-gold-and-black-square-lipstick-tube-3-150x150.jpg 150w, https:\/\/www.alovey.com\/wp-content\/uploads\/2025\/01\/YSL-Saint-Laurent-slim-gold-and-black-square-lipstick-tube-3-600x600.jpg 600w, https:\/\/www.alovey.com\/wp-content\/uploads\/2025\/01\/YSL-Saint-Laurent-slim-gold-and-black-square-lipstick-tube-3-100x100.jpg 100w\" sizes=\"(max-width: 750px) 100vw, 750px\" \/><\/p>\n<p><img decoding=\"async\" class=\"size-full wp-image-9214\" src=\"https:\/\/www.alovey.com\/wp-content\/uploads\/2025\/01\/YSL-Saint-Laurent-slim-gold-and-black-square-lipstick-tube-2.jpg\" alt=\"YSL Saint Laurent slim gold and black square lipstick tube\" width=\"750\" height=\"750\" srcset=\"https:\/\/www.alovey.com\/wp-content\/uploads\/2025\/01\/YSL-Saint-Laurent-slim-gold-and-black-square-lipstick-tube-2.jpg 750w, https:\/\/www.alovey.com\/wp-content\/uploads\/2025\/01\/YSL-Saint-Laurent-slim-gold-and-black-square-lipstick-tube-2-300x300.jpg 300w, https:\/\/www.alovey.com\/wp-content\/uploads\/2025\/01\/YSL-Saint-Laurent-slim-gold-and-black-square-lipstick-tube-2-150x150.jpg 150w, https:\/\/www.alovey.com\/wp-content\/uploads\/2025\/01\/YSL-Saint-Laurent-slim-gold-and-black-square-lipstick-tube-2-600x600.jpg 600w, https:\/\/www.alovey.com\/wp-content\/uploads\/2025\/01\/YSL-Saint-Laurent-slim-gold-and-black-square-lipstick-tube-2-100x100.jpg 100w\" sizes=\"(max-width: 750px) 100vw, 750px\" \/><\/p>\n<p><img decoding=\"async\" class=\"alignnone size-full wp-image-9213\" src=\"https:\/\/www.alovey.com\/wp-content\/uploads\/2025\/01\/YSL-Saint-Laurent-slim-gold-and-black-square-lipstick-tube-1.jpg\" alt=\"YSL Saint Laurent slim gold and black square lipstick tube\" width=\"750\" height=\"750\" srcset=\"https:\/\/www.alovey.com\/wp-content\/uploads\/2025\/01\/YSL-Saint-Laurent-slim-gold-and-black-square-lipstick-tube-1.jpg 750w, https:\/\/www.alovey.com\/wp-content\/uploads\/2025\/01\/YSL-Saint-Laurent-slim-gold-and-black-square-lipstick-tube-1-300x300.jpg 300w, https:\/\/www.alovey.com\/wp-content\/uploads\/2025\/01\/YSL-Saint-Laurent-slim-gold-and-black-square-lipstick-tube-1-150x150.jpg 150w, https:\/\/www.alovey.com\/wp-content\/uploads\/2025\/01\/YSL-Saint-Laurent-slim-gold-and-black-square-lipstick-tube-1-600x600.jpg 600w, https:\/\/www.alovey.com\/wp-content\/uploads\/2025\/01\/YSL-Saint-Laurent-slim-gold-and-black-square-lipstick-tube-1-100x100.jpg 100w\" sizes=\"(max-width: 750px) 100vw, 750px\" \/><\/p>\n<p><img loading=\"lazy\" decoding=\"async\" class=\"size-full wp-image-9216\" src=\"https:\/\/www.alovey.com\/wp-content\/uploads\/2025\/01\/YSL-Saint-Laurent-slim-gold-and-black-square-lipstick-tube-5.jpg\" alt=\"YSL Saint Laurent slim gold and black square lipstick tube\" width=\"750\" height=\"750\" srcset=\"https:\/\/www.alovey.com\/wp-content\/uploads\/2025\/01\/YSL-Saint-Laurent-slim-gold-and-black-square-lipstick-tube-5.jpg 750w, https:\/\/www.alovey.com\/wp-content\/uploads\/2025\/01\/YSL-Saint-Laurent-slim-gold-and-black-square-lipstick-tube-5-300x300.jpg 300w, https:\/\/www.alovey.com\/wp-content\/uploads\/2025\/01\/YSL-Saint-Laurent-slim-gold-and-black-square-lipstick-tube-5-150x150.jpg 150w, https:\/\/www.alovey.com\/wp-content\/uploads\/2025\/01\/YSL-Saint-Laurent-slim-gold-and-black-square-lipstick-tube-5-600x600.jpg 600w, https:\/\/www.alovey.com\/wp-content\/uploads\/2025\/01\/YSL-Saint-Laurent-slim-gold-and-black-square-lipstick-tube-5-100x100.jpg 100w\" sizes=\"(max-width: 750px) 100vw, 750px\" \/><\/p>\n<p><img loading=\"lazy\" decoding=\"async\" class=\"size-full wp-image-9211\" src=\"https:\/\/www.alovey.com\/wp-content\/uploads\/2025\/01\/YSL-Saint-Laurent-slim-gold-and-black-square-lipstick-tube-4.jpg\" alt=\"YSL Saint Laurent slim gold and black square lipstick tube\" width=\"750\" height=\"750\" srcset=\"https:\/\/www.alovey.com\/wp-content\/uploads\/2025\/01\/YSL-Saint-Laurent-slim-gold-and-black-square-lipstick-tube-4.jpg 750w, https:\/\/www.alovey.com\/wp-content\/uploads\/2025\/01\/YSL-Saint-Laurent-slim-gold-and-black-square-lipstick-tube-4-300x300.jpg 300w, https:\/\/www.alovey.com\/wp-content\/uploads\/2025\/01\/YSL-Saint-Laurent-slim-gold-and-black-square-lipstick-tube-4-150x150.jpg 150w, https:\/\/www.alovey.com\/wp-content\/uploads\/2025\/01\/YSL-Saint-Laurent-slim-gold-and-black-square-lipstick-tube-4-600x600.jpg 600w, https:\/\/www.alovey.com\/wp-content\/uploads\/2025\/01\/YSL-Saint-Laurent-slim-gold-and-black-square-lipstick-tube-4-100x100.jpg 100w\" sizes=\"(max-width: 750px) 100vw, 750px\" \/><\/p>\n<p><img loading=\"lazy\" decoding=\"async\" class=\"alignnone size-full wp-image-9212\" src=\"https:\/\/www.alovey.com\/wp-content\/uploads\/2025\/01\/YSL-Saint-Laurent-slim-gold-and-black-square-lipstick-tube-6.jpg\" alt=\"YSL Saint Laurent slim gold and black square lipstick tube\" width=\"750\" height=\"750\" srcset=\"https:\/\/www.alovey.com\/wp-content\/uploads\/2025\/01\/YSL-Saint-Laurent-slim-gold-and-black-square-lipstick-tube-6.jpg 750w, https:\/\/www.alovey.com\/wp-content\/uploads\/2025\/01\/YSL-Saint-Laurent-slim-gold-and-black-square-lipstick-tube-6-300x300.jpg 300w, https:\/\/www.alovey.com\/wp-content\/uploads\/2025\/01\/YSL-Saint-Laurent-slim-gold-and-black-square-lipstick-tube-6-150x150.jpg 150w, https:\/\/www.alovey.com\/wp-content\/uploads\/2025\/01\/YSL-Saint-Laurent-slim-gold-and-black-square-lipstick-tube-6-600x600.jpg 600w, https:\/\/www.alovey.com\/wp-content\/uploads\/2025\/01\/YSL-Saint-Laurent-slim-gold-and-black-square-lipstick-tube-6-100x100.jpg 100w\" sizes=\"(max-width: 750px) 100vw, 750px\" \/><\/p>\n<p>&nbsp;<\/p>\n<p>&nbsp;<\/p>\n<p>&nbsp;<\/p>\n<p>&nbsp;<\/p>\n<p>&nbsp;<\/p>\n<p>&nbsp;<\/p>\n<p>&nbsp;<\/p>\n<p>&nbsp;<\/p>\n<p>&nbsp;<\/p>\n<p>&nbsp;<\/p>\n<p>&nbsp;<\/p>\n<p>&nbsp;<\/p>\n<p>&nbsp;<\/p>\n<p>&nbsp;<\/p>\n<p>&nbsp;<\/p>\n<p>&nbsp;<\/p>\n<p>&nbsp;<\/p>\n<p>&nbsp;<\/p>\n<p>&nbsp;<\/p>\n<p>&nbsp;<\/p>\n<p>&nbsp;<\/p>\n<p>&nbsp;<\/p>\n<p>&nbsp;<\/p>\n<p>&nbsp;<\/p>\n<p>&nbsp;<\/p>\n<p>&nbsp;<\/p>\n<p>&nbsp;<\/p>\n<p>&nbsp;<\/p>\n<p>&nbsp;<\/p>\n<p>&nbsp;<\/p>\n<p>&nbsp;<\/p>\n<p>&nbsp;<\/p>\n<p>&nbsp;<\/p>\n<p>&nbsp;<\/p>\n<p>&nbsp;<\/p>\n<p>&nbsp;<\/p>\n<p>&nbsp;<\/p>\n<p>&nbsp;<\/p>\n<p>&nbsp;<\/p>\n<p>&nbsp;<\/p>\n<p>&nbsp;<\/p>\n<p>&nbsp;<\/p>\n<p>&nbsp;<\/p>\n<p>&nbsp;<\/p>\n<p>&nbsp;<\/p>\n<p>&nbsp;<\/p>\n<p>&nbsp;<\/p>\n<p>&nbsp;<\/p>\n<p>&nbsp;<\/p>\n<p>&nbsp;<\/p>\n<p>&nbsp;<\/p>\n<p>&nbsp;<\/p>\n<p>&nbsp;<\/p>\n<p>&nbsp;<\/p>\n<p>&nbsp;<\/p>\n<p>&nbsp;<\/p>\n<p>&nbsp;<\/p>\n<p>&nbsp;<\/p>\n<p>&nbsp;<\/p>\n<p>&nbsp;<\/p>\n<p>&nbsp;<\/p>\n<p>&nbsp;<\/p>\n<p>&nbsp;<\/p>\n<p>&nbsp;<\/p>\n<p>&nbsp;<\/p>\n<p>&nbsp;<\/p>\n<p>&nbsp;<\/p>\n<p>&nbsp;<\/p>\n<p>&nbsp;<\/p>\n<p>&nbsp;<\/p>\n<p>&nbsp;<\/p>\n<p>&nbsp;<\/p>\n<p>&nbsp;<\/p>\n<p>&nbsp;<\/p>\n<p>&nbsp;<\/p>\n<p>&nbsp;<\/p>\n<p>&nbsp;<\/p>\n<p>&nbsp;<\/p>\n<p>&nbsp;<\/p>\n<p>&nbsp;<\/p>\n<p>&nbsp;<\/p>\n<p>&nbsp;<\/p>\n<p>&nbsp;<\/p>\n<p>&nbsp;<\/p>\n<p>&nbsp;<\/p>\n<p>&nbsp;<\/p>\n<p>&nbsp;<\/p>\n<p>&nbsp;<\/p>\n<p>&nbsp;<\/p>\n<p>&nbsp;<\/p>\n<p>&nbsp;<\/p>\n<p>&nbsp;<\/p>\n<p>&nbsp;<\/p>\n<p>&nbsp;<\/p>\n<p>&nbsp;<\/p>\n<p>&nbsp;<\/p>\n<p>&nbsp;<\/p>\n<p>&nbsp;<\/p>\n<p>&nbsp;<\/p>\n<p>&nbsp;<\/p>\n<p>&nbsp;<\/p>\n<p>&nbsp;<\/p>\n<p>&nbsp;<\/p>\n<p>&nbsp;<\/p>\n<p>&nbsp;<\/p>\n<p>&nbsp;<\/p>\n<p>&nbsp;<\/p>\n<p>&nbsp;<\/p>\n<p>&nbsp;<\/p>\n<p>&nbsp;<\/p>\n<p>&nbsp;<\/p>\n<p>&nbsp;<\/p>\n<p>&nbsp;<\/p>\n<p>&nbsp;<\/p>\n<p>&nbsp;<\/p>\n<p>&nbsp;<\/p>\n<p>&nbsp;<\/p>\n<p>&nbsp;<\/p>\n<p>&nbsp;<\/p>\n<p>&nbsp;<\/p>\n<p>&nbsp;<\/p>\n<p>&nbsp;<\/p>\n<p>&nbsp;<\/p>\n<p>&nbsp;<\/p>\n<p>&nbsp;<\/p>\n<p>&nbsp;<\/p>\n<p>&nbsp;<\/p>\n<p>&nbsp;<\/p>\n<p>&nbsp;<\/p>\n<p>&nbsp;<\/p>\n<p>&nbsp;<\/p>\n<p>&nbsp;<\/p>\n<p>&nbsp;<\/p>\n<p>&nbsp;<\/p>\n<p>&nbsp;<\/p>\n<p>&nbsp;<\/p>\n<p>&nbsp;<\/p>","protected":false},"excerpt":{"rendered":"<ul>\n<li>Item No: LS-0448B<\/li>\n<li>Material:  Pl\u00e1stico<\/li>\n<li>Size:\u00a0W15*H100MM<\/li>\n<li>Aplica\u00e7\u00f5es: Produtos de beleza<\/li>\n<li>MOQ: 12.000 unidades<\/li>\n<li>Cor: cor personalizada<\/li>\n<li>Tratamento de superf\u00edcie: Inje\u00e7\u00e3o\/Matte\/Metaliza\u00e7\u00e3o\/Revestimento UV<\/li>\n<li>Nome da marca: OEM\/ODM<\/li>\n<li>Logotipo: Logotipo do cliente<\/li>\n<li>Capacidade de fornecimento: 100.000 pe\u00e7as por m\u00eas<\/li>\n<\/ul>\n<p>&nbsp;<\/p>","protected":false},"featured_media":9215,"template":"","meta":{"_acf_changed":false},"product_brand":[],"product_cat":[397],"product_tag":[407,404],"class_list":{"0":"post-9210","1":"product","2":"type-product","3":"status-publish","4":"has-post-thumbnail","6":"product_cat-unique-cosmetic-packaging","7":"product_tag-lipstick-tube","8":"product_tag-unique-cosmetic-packaging","10":"first","11":"instock","12":"shipping-taxable","13":"product-type-simple"},"acf":[],"yoast_head":"<!-- This site is optimized with the Yoast SEO plugin v24.1 - https:\/\/yoast.com\/wordpress\/plugins\/seo\/ -->\n<title>YSL lipstick packaging Saint Laurent square tube<\/title>\n<meta name=\"description\" content=\"YSL lipstick packaging is with unique inner cup and shape , adding to the elegance and sophistication of the packaging\" \/>\n<meta name=\"robots\" content=\"index, follow, max-snippet:-1, max-image-preview:large, max-video-preview:-1\" \/>\n<link rel=\"canonical\" href=\"https:\/\/www.alovey.com\/pt\/produto\/ysl-lipstick-packaging-saint-laurent-slim-gold-and-black-square-tube\/\" \/>\n<meta property=\"og:locale\" content=\"pt_BR\" \/>\n<meta property=\"og:type\" content=\"article\" \/>\n<meta property=\"og:title\" content=\"YSL lipstick packaging Saint Laurent square tube\" \/>\n<meta property=\"og:description\" content=\"YSL lipstick packaging is with unique inner cup and shape , adding to the elegance and sophistication of the packaging\" \/>\n<meta property=\"og:url\" content=\"https:\/\/www.alovey.com\/pt\/produto\/ysl-lipstick-packaging-saint-laurent-slim-gold-and-black-square-tube\/\" \/>\n<meta property=\"og:site_name\" content=\"Best Cosmetic Packaging Manufacture\" \/>\n<meta property=\"article:modified_time\" content=\"2025-08-02T03:45:27+00:00\" \/>\n<meta property=\"og:image\" content=\"https:\/\/www.alovey.com\/wp-content\/uploads\/2025\/01\/YSL-Saint-Laurent-slim-gold-and-black-square-lipstick-tube-3.jpg\" \/>\n\t<meta property=\"og:image:width\" content=\"750\" \/>\n\t<meta property=\"og:image:height\" content=\"750\" \/>\n\t<meta property=\"og:image:type\" content=\"image\/jpeg\" \/>\n<meta name=\"twitter:card\" content=\"summary_large_image\" \/>\n<meta name=\"twitter:label1\" content=\"Est. tempo de leitura\" \/>\n\t<meta name=\"twitter:data1\" content=\"2 minutos\" \/>\n<script type=\"application\/ld+json\" class=\"yoast-schema-graph\">{\"@context\":\"https:\/\/schema.org\",\"@graph\":[{\"@type\":\"WebPage\",\"@id\":\"https:\/\/www.alovey.com\/product\/ysl-lipstick-packaging-saint-laurent-slim-gold-and-black-square-tube\/\",\"url\":\"https:\/\/www.alovey.com\/product\/ysl-lipstick-packaging-saint-laurent-slim-gold-and-black-square-tube\/\",\"name\":\"YSL lipstick packaging Saint Laurent square tube\",\"isPartOf\":{\"@id\":\"https:\/\/www.alovey.com\/#website\"},\"primaryImageOfPage\":{\"@id\":\"https:\/\/www.alovey.com\/product\/ysl-lipstick-packaging-saint-laurent-slim-gold-and-black-square-tube\/#primaryimage\"},\"image\":{\"@id\":\"https:\/\/www.alovey.com\/product\/ysl-lipstick-packaging-saint-laurent-slim-gold-and-black-square-tube\/#primaryimage\"},\"thumbnailUrl\":\"https:\/\/www.alovey.com\/wp-content\/uploads\/2025\/01\/YSL-Saint-Laurent-slim-gold-and-black-square-lipstick-tube-3.jpg\",\"datePublished\":\"2025-01-02T09:49:01+00:00\",\"dateModified\":\"2025-08-02T03:45:27+00:00\",\"description\":\"YSL lipstick packaging is with unique inner cup and shape , adding to the elegance and sophistication of the packaging\",\"breadcrumb\":{\"@id\":\"https:\/\/www.alovey.com\/product\/ysl-lipstick-packaging-saint-laurent-slim-gold-and-black-square-tube\/#breadcrumb\"},\"inLanguage\":\"pt-BR\",\"potentialAction\":[{\"@type\":\"ReadAction\",\"target\":[\"https:\/\/www.alovey.com\/product\/ysl-lipstick-packaging-saint-laurent-slim-gold-and-black-square-tube\/\"]}]},{\"@type\":\"ImageObject\",\"inLanguage\":\"pt-BR\",\"@id\":\"https:\/\/www.alovey.com\/product\/ysl-lipstick-packaging-saint-laurent-slim-gold-and-black-square-tube\/#primaryimage\",\"url\":\"https:\/\/www.alovey.com\/wp-content\/uploads\/2025\/01\/YSL-Saint-Laurent-slim-gold-and-black-square-lipstick-tube-3.jpg\",\"contentUrl\":\"https:\/\/www.alovey.com\/wp-content\/uploads\/2025\/01\/YSL-Saint-Laurent-slim-gold-and-black-square-lipstick-tube-3.jpg\",\"width\":750,\"height\":750,\"caption\":\"YSL Saint Laurent slim gold and black square lipstick tube\"},{\"@type\":\"BreadcrumbList\",\"@id\":\"https:\/\/www.alovey.com\/product\/ysl-lipstick-packaging-saint-laurent-slim-gold-and-black-square-tube\/#breadcrumb\",\"itemListElement\":[{\"@type\":\"ListItem\",\"position\":1,\"name\":\"\u9996\u9875\",\"item\":\"https:\/\/www.alovey.com\/\"},{\"@type\":\"ListItem\",\"position\":2,\"name\":\"Products\",\"item\":\"https:\/\/www.alovey.com\/products\/\"},{\"@type\":\"ListItem\",\"position\":3,\"name\":\"YSL lipstick packaging Saint Laurent slim gold and black square tube\"}]},{\"@type\":\"WebSite\",\"@id\":\"https:\/\/www.alovey.com\/#website\",\"url\":\"https:\/\/www.alovey.com\/\",\"name\":\"Best Cosmetic Packaging Manufacture\",\"description\":\"Alovey Cosmetic Packaging Co.,Ltd\",\"publisher\":{\"@id\":\"https:\/\/www.alovey.com\/#organization\"},\"potentialAction\":[{\"@type\":\"SearchAction\",\"target\":{\"@type\":\"EntryPoint\",\"urlTemplate\":\"https:\/\/www.alovey.com\/?s={search_term_string}\"},\"query-input\":{\"@type\":\"PropertyValueSpecification\",\"valueRequired\":true,\"valueName\":\"search_term_string\"}}],\"inLanguage\":\"pt-BR\"},{\"@type\":\"Organization\",\"@id\":\"https:\/\/www.alovey.com\/#organization\",\"name\":\"Best Cosmetic Packaging Manufacture\",\"url\":\"https:\/\/www.alovey.com\/\",\"logo\":{\"@type\":\"ImageObject\",\"inLanguage\":\"pt-BR\",\"@id\":\"https:\/\/www.alovey.com\/#\/schema\/logo\/image\/\",\"url\":\"https:\/\/www.alovey.com\/wp-content\/uploads\/2023\/03\/logo.png\",\"contentUrl\":\"https:\/\/www.alovey.com\/wp-content\/uploads\/2023\/03\/logo.png\",\"width\":505,\"height\":180,\"caption\":\"Best  Cosmetic Packaging Manufacture\"},\"image\":{\"@id\":\"https:\/\/www.alovey.com\/#\/schema\/logo\/image\/\"}}]}<\/script>\n<!-- \/ Yoast SEO plugin. -->","yoast_head_json":{"title":"YSL lipstick packaging Saint Laurent square tube","description":"YSL lipstick packaging is with unique inner cup and shape , adding to the elegance and sophistication of the packaging","robots":{"index":"index","follow":"follow","max-snippet":"max-snippet:-1","max-image-preview":"max-image-preview:large","max-video-preview":"max-video-preview:-1"},"canonical":"https:\/\/www.alovey.com\/pt\/produto\/ysl-lipstick-packaging-saint-laurent-slim-gold-and-black-square-tube\/","og_locale":"pt_BR","og_type":"article","og_title":"YSL lipstick packaging Saint Laurent square tube","og_description":"YSL lipstick packaging is with unique inner cup and shape , adding to the elegance and sophistication of the packaging","og_url":"https:\/\/www.alovey.com\/pt\/produto\/ysl-lipstick-packaging-saint-laurent-slim-gold-and-black-square-tube\/","og_site_name":"Best Cosmetic Packaging Manufacture","article_modified_time":"2025-08-02T03:45:27+00:00","og_image":[{"width":750,"height":750,"url":"https:\/\/www.alovey.com\/wp-content\/uploads\/2025\/01\/YSL-Saint-Laurent-slim-gold-and-black-square-lipstick-tube-3.jpg","type":"image\/jpeg"}],"twitter_card":"summary_large_image","twitter_misc":{"Est. tempo de leitura":"2 minutos"},"schema":{"@context":"https:\/\/schema.org","@graph":[{"@type":"WebPage","@id":"https:\/\/www.alovey.com\/product\/ysl-lipstick-packaging-saint-laurent-slim-gold-and-black-square-tube\/","url":"https:\/\/www.alovey.com\/product\/ysl-lipstick-packaging-saint-laurent-slim-gold-and-black-square-tube\/","name":"YSL lipstick packaging Saint Laurent square tube","isPartOf":{"@id":"https:\/\/www.alovey.com\/#website"},"primaryImageOfPage":{"@id":"https:\/\/www.alovey.com\/product\/ysl-lipstick-packaging-saint-laurent-slim-gold-and-black-square-tube\/#primaryimage"},"image":{"@id":"https:\/\/www.alovey.com\/product\/ysl-lipstick-packaging-saint-laurent-slim-gold-and-black-square-tube\/#primaryimage"},"thumbnailUrl":"https:\/\/www.alovey.com\/wp-content\/uploads\/2025\/01\/YSL-Saint-Laurent-slim-gold-and-black-square-lipstick-tube-3.jpg","datePublished":"2025-01-02T09:49:01+00:00","dateModified":"2025-08-02T03:45:27+00:00","description":"YSL lipstick packaging is with unique inner cup and shape , adding to the elegance and sophistication of the packaging","breadcrumb":{"@id":"https:\/\/www.alovey.com\/product\/ysl-lipstick-packaging-saint-laurent-slim-gold-and-black-square-tube\/#breadcrumb"},"inLanguage":"pt-BR","potentialAction":[{"@type":"ReadAction","target":["https:\/\/www.alovey.com\/product\/ysl-lipstick-packaging-saint-laurent-slim-gold-and-black-square-tube\/"]}]},{"@type":"ImageObject","inLanguage":"pt-BR","@id":"https:\/\/www.alovey.com\/product\/ysl-lipstick-packaging-saint-laurent-slim-gold-and-black-square-tube\/#primaryimage","url":"https:\/\/www.alovey.com\/wp-content\/uploads\/2025\/01\/YSL-Saint-Laurent-slim-gold-and-black-square-lipstick-tube-3.jpg","contentUrl":"https:\/\/www.alovey.com\/wp-content\/uploads\/2025\/01\/YSL-Saint-Laurent-slim-gold-and-black-square-lipstick-tube-3.jpg","width":750,"height":750,"caption":"YSL Saint Laurent slim gold and black square lipstick tube"},{"@type":"BreadcrumbList","@id":"https:\/\/www.alovey.com\/product\/ysl-lipstick-packaging-saint-laurent-slim-gold-and-black-square-tube\/#breadcrumb","itemListElement":[{"@type":"ListItem","position":1,"name":"\u9996\u9875","item":"https:\/\/www.alovey.com\/"},{"@type":"ListItem","position":2,"name":"Products","item":"https:\/\/www.alovey.com\/products\/"},{"@type":"ListItem","position":3,"name":"YSL lipstick packaging Saint Laurent slim gold and black square tube"}]},{"@type":"WebSite","@id":"https:\/\/www.alovey.com\/#website","url":"https:\/\/www.alovey.com\/","name":"Best Cosmetic Packaging Manufacture","description":"Alovey Cosmetic Packaging Co.,Ltd","publisher":{"@id":"https:\/\/www.alovey.com\/#organization"},"potentialAction":[{"@type":"SearchAction","target":{"@type":"EntryPoint","urlTemplate":"https:\/\/www.alovey.com\/?s={search_term_string}"},"query-input":{"@type":"PropertyValueSpecification","valueRequired":true,"valueName":"search_term_string"}}],"inLanguage":"pt-BR"},{"@type":"Organization","@id":"https:\/\/www.alovey.com\/#organization","name":"Best Cosmetic Packaging Manufacture","url":"https:\/\/www.alovey.com\/","logo":{"@type":"ImageObject","inLanguage":"pt-BR","@id":"https:\/\/www.alovey.com\/#\/schema\/logo\/image\/","url":"https:\/\/www.alovey.com\/wp-content\/uploads\/2023\/03\/logo.png","contentUrl":"https:\/\/www.alovey.com\/wp-content\/uploads\/2023\/03\/logo.png","width":505,"height":180,"caption":"Best  Cosmetic Packaging Manufacture"},"image":{"@id":"https:\/\/www.alovey.com\/#\/schema\/logo\/image\/"}}]}},"_links":{"self":[{"href":"https:\/\/www.alovey.com\/pt\/wp-json\/wp\/v2\/product\/9210"}],"collection":[{"href":"https:\/\/www.alovey.com\/pt\/wp-json\/wp\/v2\/product"}],"about":[{"href":"https:\/\/www.alovey.com\/pt\/wp-json\/wp\/v2\/types\/product"}],"wp:featuredmedia":[{"embeddable":true,"href":"https:\/\/www.alovey.com\/pt\/wp-json\/wp\/v2\/media\/9215"}],"wp:attachment":[{"href":"https:\/\/www.alovey.com\/pt\/wp-json\/wp\/v2\/media?parent=9210"}],"wp:term":[{"taxonomy":"product_brand","embeddable":true,"href":"https:\/\/www.alovey.com\/pt\/wp-json\/wp\/v2\/product_brand?post=9210"},{"taxonomy":"product_cat","embeddable":true,"href":"https:\/\/www.alovey.com\/pt\/wp-json\/wp\/v2\/product_cat?post=9210"},{"taxonomy":"product_tag","embeddable":true,"href":"https:\/\/www.alovey.com\/pt\/wp-json\/wp\/v2\/product_tag?post=9210"}],"curies":[{"name":"wp","href":"https:\/\/api.w.org\/{rel}","templated":true}]}}