{"id":9068,"date":"2024-12-27T08:01:33","date_gmt":"2024-12-27T08:01:33","guid":{"rendered":"https:\/\/www.alovey.com\/?post_type=product&#038;p=9068"},"modified":"2024-12-27T08:09:36","modified_gmt":"2024-12-27T08:09:36","slug":"chanel-square-frosted-bottle-lipgloss-tube-with-collar-8ml","status":"publish","type":"product","link":"https:\/\/www.alovey.com\/pt\/produto\/chanel-square-frosted-bottle-lipgloss-tube-with-collar-8ml\/","title":{"rendered":"CHANEL Square frosted bottle lipgloss tube with collar 8ml"},"content":{"rendered":"<p><strong>CHANEL square frosted lip gloss tube with collar\u00a08ml\u00a0has\u00a0a luxurious design. This\u00a0lipgloss\u00a0tube is completely leak-proof and hermetically sealed, ensuring secure and reliable packaging.<\/strong><\/p>\n<p><strong>With over 20 years of expertise, Alovey stands as a trusted leader in cosmetic packaging manufacturing in China. We specialize in creating innovative and high-quality solutions, offering a wide range of products such as lipstick tubes, lip balm tubes, lip gloss tubes, mascara tubes, loose powder cases, foundation liquid containers, cream jars, and lotion bottles.<\/strong><\/p>\n<p><strong>Our decades of experience enable us to provide exceptional craftsmanship, sustainable practices, and personalized services to meet the unique needs of our clients. At Alovey, we are dedicated to enhancing your brand through packaging that combines functionality, elegance, and innovation.<\/strong><\/p>\n<p><img fetchpriority=\"high\" decoding=\"async\" class=\"size-full wp-image-9074\" src=\"https:\/\/www.alovey.com\/wp-content\/uploads\/2024\/12\/CHANEL-Square-frosted-bottle-lipgloss-tube-with-collar-8ml-3.jpg\" alt=\"CHANEL Square frosted bottle lipgloss tube with collar 8ml\" width=\"750\" height=\"750\" srcset=\"https:\/\/www.alovey.com\/wp-content\/uploads\/2024\/12\/CHANEL-Square-frosted-bottle-lipgloss-tube-with-collar-8ml-3.jpg 750w, https:\/\/www.alovey.com\/wp-content\/uploads\/2024\/12\/CHANEL-Square-frosted-bottle-lipgloss-tube-with-collar-8ml-3-300x300.jpg 300w, https:\/\/www.alovey.com\/wp-content\/uploads\/2024\/12\/CHANEL-Square-frosted-bottle-lipgloss-tube-with-collar-8ml-3-150x150.jpg 150w, https:\/\/www.alovey.com\/wp-content\/uploads\/2024\/12\/CHANEL-Square-frosted-bottle-lipgloss-tube-with-collar-8ml-3-600x600.jpg 600w, https:\/\/www.alovey.com\/wp-content\/uploads\/2024\/12\/CHANEL-Square-frosted-bottle-lipgloss-tube-with-collar-8ml-3-100x100.jpg 100w\" sizes=\"(max-width: 750px) 100vw, 750px\" \/><\/p>\n<p><img decoding=\"async\" class=\"size-full wp-image-9073\" src=\"https:\/\/www.alovey.com\/wp-content\/uploads\/2024\/12\/CHANEL-Square-frosted-bottle-lipgloss-tube-with-collar-8ml-2.jpg\" alt=\"CHANEL Square frosted bottle lipgloss tube with collar 8ml\" width=\"750\" height=\"750\" srcset=\"https:\/\/www.alovey.com\/wp-content\/uploads\/2024\/12\/CHANEL-Square-frosted-bottle-lipgloss-tube-with-collar-8ml-2.jpg 750w, https:\/\/www.alovey.com\/wp-content\/uploads\/2024\/12\/CHANEL-Square-frosted-bottle-lipgloss-tube-with-collar-8ml-2-300x300.jpg 300w, https:\/\/www.alovey.com\/wp-content\/uploads\/2024\/12\/CHANEL-Square-frosted-bottle-lipgloss-tube-with-collar-8ml-2-150x150.jpg 150w, https:\/\/www.alovey.com\/wp-content\/uploads\/2024\/12\/CHANEL-Square-frosted-bottle-lipgloss-tube-with-collar-8ml-2-600x600.jpg 600w, https:\/\/www.alovey.com\/wp-content\/uploads\/2024\/12\/CHANEL-Square-frosted-bottle-lipgloss-tube-with-collar-8ml-2-100x100.jpg 100w\" sizes=\"(max-width: 750px) 100vw, 750px\" \/><\/p>\n<p><img decoding=\"async\" class=\"size-full wp-image-9072\" src=\"https:\/\/www.alovey.com\/wp-content\/uploads\/2024\/12\/CHANEL-Square-frosted-bottle-lipgloss-tube-with-collar-8ml-1.jpg\" alt=\"CHANEL Square frosted bottle lipgloss tube with collar 8ml\" width=\"750\" height=\"750\" srcset=\"https:\/\/www.alovey.com\/wp-content\/uploads\/2024\/12\/CHANEL-Square-frosted-bottle-lipgloss-tube-with-collar-8ml-1.jpg 750w, https:\/\/www.alovey.com\/wp-content\/uploads\/2024\/12\/CHANEL-Square-frosted-bottle-lipgloss-tube-with-collar-8ml-1-300x300.jpg 300w, https:\/\/www.alovey.com\/wp-content\/uploads\/2024\/12\/CHANEL-Square-frosted-bottle-lipgloss-tube-with-collar-8ml-1-150x150.jpg 150w, https:\/\/www.alovey.com\/wp-content\/uploads\/2024\/12\/CHANEL-Square-frosted-bottle-lipgloss-tube-with-collar-8ml-1-600x600.jpg 600w, https:\/\/www.alovey.com\/wp-content\/uploads\/2024\/12\/CHANEL-Square-frosted-bottle-lipgloss-tube-with-collar-8ml-1-100x100.jpg 100w\" sizes=\"(max-width: 750px) 100vw, 750px\" \/><\/p>\n<p><img loading=\"lazy\" decoding=\"async\" class=\"size-full wp-image-9070\" src=\"https:\/\/www.alovey.com\/wp-content\/uploads\/2024\/12\/CHANEL-Square-frosted-bottle-lipgloss-tube-with-collar-8ml-5.jpg\" alt=\"CHANEL Square frosted bottle lipgloss tube with collar 8ml\" width=\"750\" height=\"750\" srcset=\"https:\/\/www.alovey.com\/wp-content\/uploads\/2024\/12\/CHANEL-Square-frosted-bottle-lipgloss-tube-with-collar-8ml-5.jpg 750w, https:\/\/www.alovey.com\/wp-content\/uploads\/2024\/12\/CHANEL-Square-frosted-bottle-lipgloss-tube-with-collar-8ml-5-300x300.jpg 300w, https:\/\/www.alovey.com\/wp-content\/uploads\/2024\/12\/CHANEL-Square-frosted-bottle-lipgloss-tube-with-collar-8ml-5-150x150.jpg 150w, https:\/\/www.alovey.com\/wp-content\/uploads\/2024\/12\/CHANEL-Square-frosted-bottle-lipgloss-tube-with-collar-8ml-5-600x600.jpg 600w, https:\/\/www.alovey.com\/wp-content\/uploads\/2024\/12\/CHANEL-Square-frosted-bottle-lipgloss-tube-with-collar-8ml-5-100x100.jpg 100w\" sizes=\"(max-width: 750px) 100vw, 750px\" \/><\/p>\n<p><img loading=\"lazy\" decoding=\"async\" class=\"size-full wp-image-9069\" src=\"https:\/\/www.alovey.com\/wp-content\/uploads\/2024\/12\/CHANEL-Square-frosted-bottle-lipgloss-tube-with-collar-8ml-4.jpg\" alt=\"CHANEL Square frosted bottle lipgloss tube with collar 8ml\" width=\"750\" height=\"750\" srcset=\"https:\/\/www.alovey.com\/wp-content\/uploads\/2024\/12\/CHANEL-Square-frosted-bottle-lipgloss-tube-with-collar-8ml-4.jpg 750w, https:\/\/www.alovey.com\/wp-content\/uploads\/2024\/12\/CHANEL-Square-frosted-bottle-lipgloss-tube-with-collar-8ml-4-300x300.jpg 300w, https:\/\/www.alovey.com\/wp-content\/uploads\/2024\/12\/CHANEL-Square-frosted-bottle-lipgloss-tube-with-collar-8ml-4-150x150.jpg 150w, https:\/\/www.alovey.com\/wp-content\/uploads\/2024\/12\/CHANEL-Square-frosted-bottle-lipgloss-tube-with-collar-8ml-4-600x600.jpg 600w, https:\/\/www.alovey.com\/wp-content\/uploads\/2024\/12\/CHANEL-Square-frosted-bottle-lipgloss-tube-with-collar-8ml-4-100x100.jpg 100w\" sizes=\"(max-width: 750px) 100vw, 750px\" \/><\/p>\n<p><img loading=\"lazy\" decoding=\"async\" class=\"size-full wp-image-9071\" src=\"https:\/\/www.alovey.com\/wp-content\/uploads\/2024\/12\/CHANEL-Square-frosted-bottle-lipgloss-tube-with-collar-8ml-6.jpg\" alt=\"CHANEL Square frosted bottle lipgloss tube with collar 8ml\" width=\"750\" height=\"750\" srcset=\"https:\/\/www.alovey.com\/wp-content\/uploads\/2024\/12\/CHANEL-Square-frosted-bottle-lipgloss-tube-with-collar-8ml-6.jpg 750w, https:\/\/www.alovey.com\/wp-content\/uploads\/2024\/12\/CHANEL-Square-frosted-bottle-lipgloss-tube-with-collar-8ml-6-300x300.jpg 300w, https:\/\/www.alovey.com\/wp-content\/uploads\/2024\/12\/CHANEL-Square-frosted-bottle-lipgloss-tube-with-collar-8ml-6-150x150.jpg 150w, https:\/\/www.alovey.com\/wp-content\/uploads\/2024\/12\/CHANEL-Square-frosted-bottle-lipgloss-tube-with-collar-8ml-6-600x600.jpg 600w, https:\/\/www.alovey.com\/wp-content\/uploads\/2024\/12\/CHANEL-Square-frosted-bottle-lipgloss-tube-with-collar-8ml-6-100x100.jpg 100w\" sizes=\"(max-width: 750px) 100vw, 750px\" \/><\/p>\n<p>&nbsp;<\/p>\n<p>&nbsp;<\/p>\n<p>&nbsp;<\/p>\n<p>&nbsp;<\/p>\n<p>&nbsp;<\/p>\n<p>&nbsp;<\/p>\n<p>&nbsp;<\/p>\n<p>&nbsp;<\/p>\n<p>&nbsp;<\/p>\n<p>&nbsp;<\/p>\n<p>&nbsp;<\/p>\n<p>&nbsp;<\/p>\n<p>&nbsp;<\/p>\n<p>&nbsp;<\/p>\n<p>&nbsp;<\/p>\n<p>&nbsp;<\/p>\n<p>&nbsp;<\/p>\n<p>&nbsp;<\/p>\n<p>&nbsp;<\/p>\n<p>&nbsp;<\/p>\n<p>&nbsp;<\/p>\n<p>&nbsp;<\/p>\n<p>&nbsp;<\/p>\n<p>&nbsp;<\/p>\n<p>&nbsp;<\/p>\n<p>&nbsp;<\/p>\n<p>&nbsp;<\/p>\n<p>&nbsp;<\/p>\n<p>&nbsp;<\/p>\n<p>&nbsp;<\/p>\n<p>&nbsp;<\/p>\n<p>&nbsp;<\/p>\n<p>&nbsp;<\/p>\n<p>&nbsp;<\/p>\n<p>&nbsp;<\/p>\n<p>&nbsp;<\/p>\n<p>&nbsp;<\/p>\n<p>&nbsp;<\/p>\n<p>&nbsp;<\/p>\n<p>&nbsp;<\/p>\n<p>&nbsp;<\/p>\n<p>&nbsp;<\/p>\n<p>&nbsp;<\/p>\n<p>&nbsp;<\/p>\n<p>&nbsp;<\/p>\n<p>&nbsp;<\/p>\n<p>&nbsp;<\/p>\n<p>&nbsp;<\/p>\n<p>&nbsp;<\/p>\n<p>&nbsp;<\/p>\n<p>&nbsp;<\/p>\n<p>&nbsp;<\/p>\n<p>&nbsp;<\/p>\n<p>&nbsp;<\/p>\n<p>&nbsp;<\/p>\n<p>&nbsp;<\/p>\n<p>&nbsp;<\/p>\n<p>&nbsp;<\/p>\n<p>&nbsp;<\/p>\n<p>&nbsp;<\/p>\n<p>&nbsp;<\/p>\n<p>&nbsp;<\/p>\n<p>&nbsp;<\/p>\n<p>&nbsp;<\/p>\n<p>&nbsp;<\/p>\n<p>&nbsp;<\/p>\n<p>&nbsp;<\/p>\n<p>&nbsp;<\/p>\n<p>&nbsp;<\/p>\n<p>&nbsp;<\/p>\n<p>&nbsp;<\/p>\n<p>&nbsp;<\/p>\n<p>&nbsp;<\/p>\n<p>&nbsp;<\/p>\n<p>&nbsp;<\/p>\n<p>&nbsp;<\/p>\n<p>&nbsp;<\/p>\n<p>&nbsp;<\/p>\n<p>&nbsp;<\/p>\n<p>&nbsp;<\/p>\n<p>&nbsp;<\/p>\n<p>&nbsp;<\/p>\n<p>&nbsp;<\/p>\n<p>&nbsp;<\/p>\n<p>&nbsp;<\/p>\n<p>&nbsp;<\/p>\n<p>&nbsp;<\/p>\n<p>&nbsp;<\/p>\n<p>&nbsp;<\/p>\n<p>&nbsp;<\/p>\n<p>&nbsp;<\/p>\n<p>&nbsp;<\/p>\n<p>&nbsp;<\/p>\n<p>&nbsp;<\/p>\n<p>&nbsp;<\/p>\n<p>&nbsp;<\/p>\n<p>&nbsp;<\/p>\n<p>&nbsp;<\/p>\n<p>&nbsp;<\/p>\n<p>&nbsp;<\/p>\n<p>&nbsp;<\/p>\n<p>&nbsp;<\/p>\n<p>&nbsp;<\/p>\n<p>&nbsp;<\/p>\n<p>&nbsp;<\/p>\n<p>&nbsp;<\/p>\n<p>&nbsp;<\/p>\n<p>&nbsp;<\/p>\n<p>&nbsp;<\/p>\n<p>&nbsp;<\/p>\n<p>&nbsp;<\/p>\n<p>&nbsp;<\/p>\n<p>&nbsp;<\/p>\n<p>&nbsp;<\/p>\n<p>&nbsp;<\/p>\n<p>&nbsp;<\/p>\n<p>&nbsp;<\/p>\n<p>&nbsp;<\/p>\n<p>&nbsp;<\/p>","protected":false},"excerpt":{"rendered":"<ul>\n<li>Item No:LG-0364B<\/li>\n<li>Material: Pl\u00e1stico<\/li>\n<li>Size:\u00a0W20.5*H76MM<\/li>\n<li>Aplica\u00e7\u00f5es: Produtos de beleza<\/li>\n<li>MOQ: 10.000 unidades<\/li>\n<li>Cor: cor personalizada<\/li>\n<li>Tratamento de superf\u00edcie: Inje\u00e7\u00e3o\/Matte\/Metaliza\u00e7\u00e3o\/Revestimento UV<\/li>\n<li>Nome da marca: OEM\/ODM<\/li>\n<li>Logotipo: Logotipo do cliente<\/li>\n<li>Capacidade de fornecimento: 100.000 pe\u00e7as por m\u00eas<\/li>\n<\/ul>","protected":false},"featured_media":9069,"template":"","meta":{"_acf_changed":false},"product_brand":[],"product_cat":[397],"product_tag":[388,404],"class_list":{"0":"post-9068","1":"product","2":"type-product","3":"status-publish","4":"has-post-thumbnail","6":"product_cat-unique-cosmetic-packaging","7":"product_tag-lip-gloss-tube","8":"product_tag-unique-cosmetic-packaging","10":"first","11":"instock","12":"shipping-taxable","13":"product-type-simple"},"acf":[],"yoast_head":"<!-- This site is optimized with the Yoast SEO plugin v24.1 - https:\/\/yoast.com\/wordpress\/plugins\/seo\/ -->\n<title>CHANEL Square frosted bottle lipgloss tube with collar 8ml<\/title>\n<meta name=\"description\" content=\"CHANEL square frosted lip gloss tube with collar 8ml has a luxurious design. is completely leak-proof and hermetically sealed.\" \/>\n<meta name=\"robots\" content=\"index, follow, max-snippet:-1, max-image-preview:large, max-video-preview:-1\" \/>\n<link rel=\"canonical\" href=\"https:\/\/www.alovey.com\/pt\/produto\/chanel-square-frosted-bottle-lipgloss-tube-with-collar-8ml\/\" \/>\n<meta property=\"og:locale\" content=\"pt_BR\" \/>\n<meta property=\"og:type\" content=\"article\" \/>\n<meta property=\"og:title\" content=\"CHANEL Square frosted bottle lipgloss tube with collar 8ml\" \/>\n<meta property=\"og:description\" content=\"CHANEL square frosted lip gloss tube with collar 8ml has a luxurious design. is completely leak-proof and hermetically sealed.\" \/>\n<meta property=\"og:url\" content=\"https:\/\/www.alovey.com\/pt\/produto\/chanel-square-frosted-bottle-lipgloss-tube-with-collar-8ml\/\" \/>\n<meta property=\"og:site_name\" content=\"Best Cosmetic Packaging Manufacture\" \/>\n<meta property=\"article:modified_time\" content=\"2024-12-27T08:09:36+00:00\" \/>\n<meta property=\"og:image\" content=\"https:\/\/www.alovey.com\/wp-content\/uploads\/2024\/12\/CHANEL-Square-frosted-bottle-lipgloss-tube-with-collar-8ml-4.jpg\" \/>\n\t<meta property=\"og:image:width\" content=\"750\" \/>\n\t<meta property=\"og:image:height\" content=\"750\" \/>\n\t<meta property=\"og:image:type\" content=\"image\/jpeg\" \/>\n<meta name=\"twitter:card\" content=\"summary_large_image\" \/>\n<meta name=\"twitter:label1\" content=\"Est. tempo de leitura\" \/>\n\t<meta name=\"twitter:data1\" content=\"2 minutos\" \/>\n<script type=\"application\/ld+json\" class=\"yoast-schema-graph\">{\"@context\":\"https:\/\/schema.org\",\"@graph\":[{\"@type\":\"WebPage\",\"@id\":\"https:\/\/www.alovey.com\/product\/chanel-square-frosted-bottle-lipgloss-tube-with-collar-8ml\/\",\"url\":\"https:\/\/www.alovey.com\/product\/chanel-square-frosted-bottle-lipgloss-tube-with-collar-8ml\/\",\"name\":\"CHANEL Square frosted bottle lipgloss tube with collar 8ml\",\"isPartOf\":{\"@id\":\"https:\/\/www.alovey.com\/#website\"},\"primaryImageOfPage\":{\"@id\":\"https:\/\/www.alovey.com\/product\/chanel-square-frosted-bottle-lipgloss-tube-with-collar-8ml\/#primaryimage\"},\"image\":{\"@id\":\"https:\/\/www.alovey.com\/product\/chanel-square-frosted-bottle-lipgloss-tube-with-collar-8ml\/#primaryimage\"},\"thumbnailUrl\":\"https:\/\/www.alovey.com\/wp-content\/uploads\/2024\/12\/CHANEL-Square-frosted-bottle-lipgloss-tube-with-collar-8ml-4.jpg\",\"datePublished\":\"2024-12-27T08:01:33+00:00\",\"dateModified\":\"2024-12-27T08:09:36+00:00\",\"description\":\"CHANEL square frosted lip gloss tube with collar 8ml has a luxurious design. is completely leak-proof and hermetically sealed.\",\"breadcrumb\":{\"@id\":\"https:\/\/www.alovey.com\/product\/chanel-square-frosted-bottle-lipgloss-tube-with-collar-8ml\/#breadcrumb\"},\"inLanguage\":\"pt-BR\",\"potentialAction\":[{\"@type\":\"ReadAction\",\"target\":[\"https:\/\/www.alovey.com\/product\/chanel-square-frosted-bottle-lipgloss-tube-with-collar-8ml\/\"]}]},{\"@type\":\"ImageObject\",\"inLanguage\":\"pt-BR\",\"@id\":\"https:\/\/www.alovey.com\/product\/chanel-square-frosted-bottle-lipgloss-tube-with-collar-8ml\/#primaryimage\",\"url\":\"https:\/\/www.alovey.com\/wp-content\/uploads\/2024\/12\/CHANEL-Square-frosted-bottle-lipgloss-tube-with-collar-8ml-4.jpg\",\"contentUrl\":\"https:\/\/www.alovey.com\/wp-content\/uploads\/2024\/12\/CHANEL-Square-frosted-bottle-lipgloss-tube-with-collar-8ml-4.jpg\",\"width\":750,\"height\":750,\"caption\":\"CHANEL Square frosted bottle lipgloss tube with collar 8ml\"},{\"@type\":\"BreadcrumbList\",\"@id\":\"https:\/\/www.alovey.com\/product\/chanel-square-frosted-bottle-lipgloss-tube-with-collar-8ml\/#breadcrumb\",\"itemListElement\":[{\"@type\":\"ListItem\",\"position\":1,\"name\":\"\u9996\u9875\",\"item\":\"https:\/\/www.alovey.com\/\"},{\"@type\":\"ListItem\",\"position\":2,\"name\":\"Products\",\"item\":\"https:\/\/www.alovey.com\/products\/\"},{\"@type\":\"ListItem\",\"position\":3,\"name\":\"CHANEL Square frosted bottle lipgloss tube with collar 8ml\"}]},{\"@type\":\"WebSite\",\"@id\":\"https:\/\/www.alovey.com\/#website\",\"url\":\"https:\/\/www.alovey.com\/\",\"name\":\"Best Cosmetic Packaging Manufacture\",\"description\":\"Alovey Cosmetic Packaging Co.,Ltd\",\"publisher\":{\"@id\":\"https:\/\/www.alovey.com\/#organization\"},\"potentialAction\":[{\"@type\":\"SearchAction\",\"target\":{\"@type\":\"EntryPoint\",\"urlTemplate\":\"https:\/\/www.alovey.com\/?s={search_term_string}\"},\"query-input\":{\"@type\":\"PropertyValueSpecification\",\"valueRequired\":true,\"valueName\":\"search_term_string\"}}],\"inLanguage\":\"pt-BR\"},{\"@type\":\"Organization\",\"@id\":\"https:\/\/www.alovey.com\/#organization\",\"name\":\"Best Cosmetic Packaging Manufacture\",\"url\":\"https:\/\/www.alovey.com\/\",\"logo\":{\"@type\":\"ImageObject\",\"inLanguage\":\"pt-BR\",\"@id\":\"https:\/\/www.alovey.com\/#\/schema\/logo\/image\/\",\"url\":\"https:\/\/www.alovey.com\/wp-content\/uploads\/2023\/03\/logo.png\",\"contentUrl\":\"https:\/\/www.alovey.com\/wp-content\/uploads\/2023\/03\/logo.png\",\"width\":505,\"height\":180,\"caption\":\"Best  Cosmetic Packaging Manufacture\"},\"image\":{\"@id\":\"https:\/\/www.alovey.com\/#\/schema\/logo\/image\/\"}}]}<\/script>\n<!-- \/ Yoast SEO plugin. -->","yoast_head_json":{"title":"CHANEL Square frosted bottle lipgloss tube with collar 8ml","description":"CHANEL square frosted lip gloss tube with collar 8ml has a luxurious design. is completely leak-proof and hermetically sealed.","robots":{"index":"index","follow":"follow","max-snippet":"max-snippet:-1","max-image-preview":"max-image-preview:large","max-video-preview":"max-video-preview:-1"},"canonical":"https:\/\/www.alovey.com\/pt\/produto\/chanel-square-frosted-bottle-lipgloss-tube-with-collar-8ml\/","og_locale":"pt_BR","og_type":"article","og_title":"CHANEL Square frosted bottle lipgloss tube with collar 8ml","og_description":"CHANEL square frosted lip gloss tube with collar 8ml has a luxurious design. is completely leak-proof and hermetically sealed.","og_url":"https:\/\/www.alovey.com\/pt\/produto\/chanel-square-frosted-bottle-lipgloss-tube-with-collar-8ml\/","og_site_name":"Best Cosmetic Packaging Manufacture","article_modified_time":"2024-12-27T08:09:36+00:00","og_image":[{"width":750,"height":750,"url":"https:\/\/www.alovey.com\/wp-content\/uploads\/2024\/12\/CHANEL-Square-frosted-bottle-lipgloss-tube-with-collar-8ml-4.jpg","type":"image\/jpeg"}],"twitter_card":"summary_large_image","twitter_misc":{"Est. tempo de leitura":"2 minutos"},"schema":{"@context":"https:\/\/schema.org","@graph":[{"@type":"WebPage","@id":"https:\/\/www.alovey.com\/product\/chanel-square-frosted-bottle-lipgloss-tube-with-collar-8ml\/","url":"https:\/\/www.alovey.com\/product\/chanel-square-frosted-bottle-lipgloss-tube-with-collar-8ml\/","name":"CHANEL Square frosted bottle lipgloss tube with collar 8ml","isPartOf":{"@id":"https:\/\/www.alovey.com\/#website"},"primaryImageOfPage":{"@id":"https:\/\/www.alovey.com\/product\/chanel-square-frosted-bottle-lipgloss-tube-with-collar-8ml\/#primaryimage"},"image":{"@id":"https:\/\/www.alovey.com\/product\/chanel-square-frosted-bottle-lipgloss-tube-with-collar-8ml\/#primaryimage"},"thumbnailUrl":"https:\/\/www.alovey.com\/wp-content\/uploads\/2024\/12\/CHANEL-Square-frosted-bottle-lipgloss-tube-with-collar-8ml-4.jpg","datePublished":"2024-12-27T08:01:33+00:00","dateModified":"2024-12-27T08:09:36+00:00","description":"CHANEL square frosted lip gloss tube with collar 8ml has a luxurious design. is completely leak-proof and hermetically sealed.","breadcrumb":{"@id":"https:\/\/www.alovey.com\/product\/chanel-square-frosted-bottle-lipgloss-tube-with-collar-8ml\/#breadcrumb"},"inLanguage":"pt-BR","potentialAction":[{"@type":"ReadAction","target":["https:\/\/www.alovey.com\/product\/chanel-square-frosted-bottle-lipgloss-tube-with-collar-8ml\/"]}]},{"@type":"ImageObject","inLanguage":"pt-BR","@id":"https:\/\/www.alovey.com\/product\/chanel-square-frosted-bottle-lipgloss-tube-with-collar-8ml\/#primaryimage","url":"https:\/\/www.alovey.com\/wp-content\/uploads\/2024\/12\/CHANEL-Square-frosted-bottle-lipgloss-tube-with-collar-8ml-4.jpg","contentUrl":"https:\/\/www.alovey.com\/wp-content\/uploads\/2024\/12\/CHANEL-Square-frosted-bottle-lipgloss-tube-with-collar-8ml-4.jpg","width":750,"height":750,"caption":"CHANEL Square frosted bottle lipgloss tube with collar 8ml"},{"@type":"BreadcrumbList","@id":"https:\/\/www.alovey.com\/product\/chanel-square-frosted-bottle-lipgloss-tube-with-collar-8ml\/#breadcrumb","itemListElement":[{"@type":"ListItem","position":1,"name":"\u9996\u9875","item":"https:\/\/www.alovey.com\/"},{"@type":"ListItem","position":2,"name":"Products","item":"https:\/\/www.alovey.com\/products\/"},{"@type":"ListItem","position":3,"name":"CHANEL Square frosted bottle lipgloss tube with collar 8ml"}]},{"@type":"WebSite","@id":"https:\/\/www.alovey.com\/#website","url":"https:\/\/www.alovey.com\/","name":"Best Cosmetic Packaging Manufacture","description":"Alovey Cosmetic Packaging Co.,Ltd","publisher":{"@id":"https:\/\/www.alovey.com\/#organization"},"potentialAction":[{"@type":"SearchAction","target":{"@type":"EntryPoint","urlTemplate":"https:\/\/www.alovey.com\/?s={search_term_string}"},"query-input":{"@type":"PropertyValueSpecification","valueRequired":true,"valueName":"search_term_string"}}],"inLanguage":"pt-BR"},{"@type":"Organization","@id":"https:\/\/www.alovey.com\/#organization","name":"Best Cosmetic Packaging Manufacture","url":"https:\/\/www.alovey.com\/","logo":{"@type":"ImageObject","inLanguage":"pt-BR","@id":"https:\/\/www.alovey.com\/#\/schema\/logo\/image\/","url":"https:\/\/www.alovey.com\/wp-content\/uploads\/2023\/03\/logo.png","contentUrl":"https:\/\/www.alovey.com\/wp-content\/uploads\/2023\/03\/logo.png","width":505,"height":180,"caption":"Best  Cosmetic Packaging Manufacture"},"image":{"@id":"https:\/\/www.alovey.com\/#\/schema\/logo\/image\/"}}]}},"_links":{"self":[{"href":"https:\/\/www.alovey.com\/pt\/wp-json\/wp\/v2\/product\/9068"}],"collection":[{"href":"https:\/\/www.alovey.com\/pt\/wp-json\/wp\/v2\/product"}],"about":[{"href":"https:\/\/www.alovey.com\/pt\/wp-json\/wp\/v2\/types\/product"}],"wp:featuredmedia":[{"embeddable":true,"href":"https:\/\/www.alovey.com\/pt\/wp-json\/wp\/v2\/media\/9069"}],"wp:attachment":[{"href":"https:\/\/www.alovey.com\/pt\/wp-json\/wp\/v2\/media?parent=9068"}],"wp:term":[{"taxonomy":"product_brand","embeddable":true,"href":"https:\/\/www.alovey.com\/pt\/wp-json\/wp\/v2\/product_brand?post=9068"},{"taxonomy":"product_cat","embeddable":true,"href":"https:\/\/www.alovey.com\/pt\/wp-json\/wp\/v2\/product_cat?post=9068"},{"taxonomy":"product_tag","embeddable":true,"href":"https:\/\/www.alovey.com\/pt\/wp-json\/wp\/v2\/product_tag?post=9068"}],"curies":[{"name":"wp","href":"https:\/\/api.w.org\/{rel}","templated":true}]}}