{"id":9056,"date":"2024-12-27T07:46:09","date_gmt":"2024-12-27T07:46:09","guid":{"rendered":"https:\/\/www.alovey.com\/?post_type=product&#038;p=9056"},"modified":"2025-09-09T03:26:45","modified_gmt":"2025-09-09T03:26:45","slug":"luxury-gold-top-cap-mini-lipgloss-tube-2-5ml","status":"publish","type":"product","link":"https:\/\/www.alovey.com\/pt\/produto\/luxury-gold-top-cap-mini-lipgloss-tube-2-5ml\/","title":{"rendered":"Luxury gold top cap mini lipgloss tube 2.5ml"},"content":{"rendered":"<p><strong>Dior luxury gold top-cap mini lip gloss tube\u00a02.5mlis perfect for travel. The transparent body allows you to easily see the remaining volume of cosmetics in the container, offering both convenience and style.<\/strong><\/p>\n<p><strong>Alovey\u00a0 is passionate about delivering exceptional packaging solutions for the beauty industry. Backed by an experienced team, we believe outstanding customer service is the foundation of success. Our commitment to understanding client needs and fostering long-term partnerships sets us apart.<\/strong><\/p>\n<p><strong>We provide award-winning designs for both stock and custom cosmetic packaging options, along with full turnkey solutions for skincare, cosmetics, personal care, and wellness products. At Alovey, we combine innovation, quality, and reliability to help your brand shine.<\/strong><\/p>\n<p><img fetchpriority=\"high\" decoding=\"async\" class=\"size-full wp-image-9064\" src=\"https:\/\/www.alovey.com\/wp-content\/uploads\/2024\/12\/Luxury-gold-top-cap-mini-lipgloss-tube-2.5ml-8.jpg\" alt=\"Luxury gold top cap mini lipgloss tube 2.5ml\" width=\"750\" height=\"750\" srcset=\"https:\/\/www.alovey.com\/wp-content\/uploads\/2024\/12\/Luxury-gold-top-cap-mini-lipgloss-tube-2.5ml-8.jpg 750w, https:\/\/www.alovey.com\/wp-content\/uploads\/2024\/12\/Luxury-gold-top-cap-mini-lipgloss-tube-2.5ml-8-300x300.jpg 300w, https:\/\/www.alovey.com\/wp-content\/uploads\/2024\/12\/Luxury-gold-top-cap-mini-lipgloss-tube-2.5ml-8-150x150.jpg 150w, https:\/\/www.alovey.com\/wp-content\/uploads\/2024\/12\/Luxury-gold-top-cap-mini-lipgloss-tube-2.5ml-8-600x600.jpg 600w, https:\/\/www.alovey.com\/wp-content\/uploads\/2024\/12\/Luxury-gold-top-cap-mini-lipgloss-tube-2.5ml-8-100x100.jpg 100w\" sizes=\"(max-width: 750px) 100vw, 750px\" \/><\/p>\n<p><img decoding=\"async\" class=\"size-full wp-image-9065\" src=\"https:\/\/www.alovey.com\/wp-content\/uploads\/2024\/12\/Luxury-gold-top-cap-mini-lipgloss-tube-2.5ml-1.jpg\" alt=\"Luxury gold top cap mini lipgloss tube 2.5ml\" width=\"750\" height=\"750\" srcset=\"https:\/\/www.alovey.com\/wp-content\/uploads\/2024\/12\/Luxury-gold-top-cap-mini-lipgloss-tube-2.5ml-1.jpg 750w, https:\/\/www.alovey.com\/wp-content\/uploads\/2024\/12\/Luxury-gold-top-cap-mini-lipgloss-tube-2.5ml-1-300x300.jpg 300w, https:\/\/www.alovey.com\/wp-content\/uploads\/2024\/12\/Luxury-gold-top-cap-mini-lipgloss-tube-2.5ml-1-150x150.jpg 150w, https:\/\/www.alovey.com\/wp-content\/uploads\/2024\/12\/Luxury-gold-top-cap-mini-lipgloss-tube-2.5ml-1-600x600.jpg 600w, https:\/\/www.alovey.com\/wp-content\/uploads\/2024\/12\/Luxury-gold-top-cap-mini-lipgloss-tube-2.5ml-1-100x100.jpg 100w\" sizes=\"(max-width: 750px) 100vw, 750px\" \/><\/p>\n<p><img decoding=\"async\" class=\"size-full wp-image-9063\" src=\"https:\/\/www.alovey.com\/wp-content\/uploads\/2024\/12\/Luxury-gold-top-cap-mini-lipgloss-tube-2.5ml-7.jpg\" alt=\"Luxury gold top cap mini lipgloss tube 2.5ml\" width=\"750\" height=\"750\" srcset=\"https:\/\/www.alovey.com\/wp-content\/uploads\/2024\/12\/Luxury-gold-top-cap-mini-lipgloss-tube-2.5ml-7.jpg 750w, https:\/\/www.alovey.com\/wp-content\/uploads\/2024\/12\/Luxury-gold-top-cap-mini-lipgloss-tube-2.5ml-7-300x300.jpg 300w, https:\/\/www.alovey.com\/wp-content\/uploads\/2024\/12\/Luxury-gold-top-cap-mini-lipgloss-tube-2.5ml-7-150x150.jpg 150w, https:\/\/www.alovey.com\/wp-content\/uploads\/2024\/12\/Luxury-gold-top-cap-mini-lipgloss-tube-2.5ml-7-600x600.jpg 600w, https:\/\/www.alovey.com\/wp-content\/uploads\/2024\/12\/Luxury-gold-top-cap-mini-lipgloss-tube-2.5ml-7-100x100.jpg 100w\" sizes=\"(max-width: 750px) 100vw, 750px\" \/><\/p>\n<p><img loading=\"lazy\" decoding=\"async\" class=\"size-full wp-image-9062\" src=\"https:\/\/www.alovey.com\/wp-content\/uploads\/2024\/12\/Luxury-gold-top-cap-mini-lipgloss-tube-2.5ml-6.jpg\" alt=\"Luxury gold top cap mini lipgloss tube 2.5ml\" width=\"750\" height=\"750\" srcset=\"https:\/\/www.alovey.com\/wp-content\/uploads\/2024\/12\/Luxury-gold-top-cap-mini-lipgloss-tube-2.5ml-6.jpg 750w, https:\/\/www.alovey.com\/wp-content\/uploads\/2024\/12\/Luxury-gold-top-cap-mini-lipgloss-tube-2.5ml-6-300x300.jpg 300w, https:\/\/www.alovey.com\/wp-content\/uploads\/2024\/12\/Luxury-gold-top-cap-mini-lipgloss-tube-2.5ml-6-150x150.jpg 150w, https:\/\/www.alovey.com\/wp-content\/uploads\/2024\/12\/Luxury-gold-top-cap-mini-lipgloss-tube-2.5ml-6-600x600.jpg 600w, https:\/\/www.alovey.com\/wp-content\/uploads\/2024\/12\/Luxury-gold-top-cap-mini-lipgloss-tube-2.5ml-6-100x100.jpg 100w\" sizes=\"(max-width: 750px) 100vw, 750px\" \/><\/p>\n<p><img loading=\"lazy\" decoding=\"async\" class=\"size-full wp-image-9067\" src=\"https:\/\/www.alovey.com\/wp-content\/uploads\/2024\/12\/Luxury-gold-top-cap-mini-lipgloss-tube-2.5ml-5.jpg\" alt=\"Luxury gold top cap mini lipgloss tube 2.5ml\" width=\"750\" height=\"750\" srcset=\"https:\/\/www.alovey.com\/wp-content\/uploads\/2024\/12\/Luxury-gold-top-cap-mini-lipgloss-tube-2.5ml-5.jpg 750w, https:\/\/www.alovey.com\/wp-content\/uploads\/2024\/12\/Luxury-gold-top-cap-mini-lipgloss-tube-2.5ml-5-300x300.jpg 300w, https:\/\/www.alovey.com\/wp-content\/uploads\/2024\/12\/Luxury-gold-top-cap-mini-lipgloss-tube-2.5ml-5-150x150.jpg 150w, https:\/\/www.alovey.com\/wp-content\/uploads\/2024\/12\/Luxury-gold-top-cap-mini-lipgloss-tube-2.5ml-5-600x600.jpg 600w, https:\/\/www.alovey.com\/wp-content\/uploads\/2024\/12\/Luxury-gold-top-cap-mini-lipgloss-tube-2.5ml-5-100x100.jpg 100w\" sizes=\"(max-width: 750px) 100vw, 750px\" \/><\/p>\n<p><img loading=\"lazy\" decoding=\"async\" class=\"size-full wp-image-9066\" src=\"https:\/\/www.alovey.com\/wp-content\/uploads\/2024\/12\/Luxury-gold-top-cap-mini-lipgloss-tube-2.5ml-4.jpg\" alt=\"Luxury gold top cap mini lipgloss tube 2.5ml\" width=\"630\" height=\"630\" srcset=\"https:\/\/www.alovey.com\/wp-content\/uploads\/2024\/12\/Luxury-gold-top-cap-mini-lipgloss-tube-2.5ml-4.jpg 630w, https:\/\/www.alovey.com\/wp-content\/uploads\/2024\/12\/Luxury-gold-top-cap-mini-lipgloss-tube-2.5ml-4-300x300.jpg 300w, https:\/\/www.alovey.com\/wp-content\/uploads\/2024\/12\/Luxury-gold-top-cap-mini-lipgloss-tube-2.5ml-4-150x150.jpg 150w, https:\/\/www.alovey.com\/wp-content\/uploads\/2024\/12\/Luxury-gold-top-cap-mini-lipgloss-tube-2.5ml-4-600x600.jpg 600w, https:\/\/www.alovey.com\/wp-content\/uploads\/2024\/12\/Luxury-gold-top-cap-mini-lipgloss-tube-2.5ml-4-100x100.jpg 100w\" sizes=\"(max-width: 630px) 100vw, 630px\" \/><\/p>\n<p>&nbsp;<\/p>\n<p>&nbsp;<\/p>\n<p>&nbsp;<\/p>\n<p>&nbsp;<\/p>\n<p>&nbsp;<\/p>\n<p>&nbsp;<\/p>\n<p>&nbsp;<\/p>\n<p>&nbsp;<\/p>\n<p>&nbsp;<\/p>\n<p>&nbsp;<\/p>\n<p>&nbsp;<\/p>\n<p>&nbsp;<\/p>\n<p>&nbsp;<\/p>\n<p>&nbsp;<\/p>\n<p>&nbsp;<\/p>\n<p>&nbsp;<\/p>\n<p>&nbsp;<\/p>\n<p>&nbsp;<\/p>\n<p>&nbsp;<\/p>\n<p>&nbsp;<\/p>\n<p>&nbsp;<\/p>\n<p>&nbsp;<\/p>\n<p>&nbsp;<\/p>\n<p>&nbsp;<\/p>\n<p>&nbsp;<\/p>\n<p>&nbsp;<\/p>\n<p>&nbsp;<\/p>\n<p>&nbsp;<\/p>\n<p>&nbsp;<\/p>\n<p>&nbsp;<\/p>\n<p>&nbsp;<\/p>\n<p>&nbsp;<\/p>\n<p>&nbsp;<\/p>\n<p>&nbsp;<\/p>\n<p>&nbsp;<\/p>\n<p>&nbsp;<\/p>\n<p>&nbsp;<\/p>\n<p>&nbsp;<\/p>\n<p>&nbsp;<\/p>\n<p>&nbsp;<\/p>\n<p>&nbsp;<\/p>\n<p>&nbsp;<\/p>\n<p>&nbsp;<\/p>\n<p>&nbsp;<\/p>\n<p>&nbsp;<\/p>\n<p>&nbsp;<\/p>\n<p>&nbsp;<\/p>\n<p>&nbsp;<\/p>\n<p>&nbsp;<\/p>\n<p>&nbsp;<\/p>\n<p>&nbsp;<\/p>\n<p>&nbsp;<\/p>\n<p>&nbsp;<\/p>\n<p>&nbsp;<\/p>\n<p>&nbsp;<\/p>\n<p>&nbsp;<\/p>\n<p>&nbsp;<\/p>\n<p>&nbsp;<\/p>\n<p>&nbsp;<\/p>\n<p>&nbsp;<\/p>\n<p>&nbsp;<\/p>\n<p>&nbsp;<\/p>\n<p>&nbsp;<\/p>\n<p>&nbsp;<\/p>\n<p>&nbsp;<\/p>\n<p>&nbsp;<\/p>\n<p>&nbsp;<\/p>\n<p>&nbsp;<\/p>\n<p>&nbsp;<\/p>\n<p>&nbsp;<\/p>\n<p>&nbsp;<\/p>\n<p>&nbsp;<\/p>\n<p>&nbsp;<\/p>\n<p>&nbsp;<\/p>\n<p>&nbsp;<\/p>\n<p>&nbsp;<\/p>\n<p>&nbsp;<\/p>\n<p>&nbsp;<\/p>\n<p>&nbsp;<\/p>\n<p>&nbsp;<\/p>\n<p>&nbsp;<\/p>\n<p>&nbsp;<\/p>\n<p>&nbsp;<\/p>\n<p>&nbsp;<\/p>\n<p>&nbsp;<\/p>\n<p>&nbsp;<\/p>\n<p>&nbsp;<\/p>\n<p>&nbsp;<\/p>\n<p>&nbsp;<\/p>\n<p>&nbsp;<\/p>\n<p>&nbsp;<\/p>\n<p>&nbsp;<\/p>\n<p>&nbsp;<\/p>\n<p>&nbsp;<\/p>\n<p>&nbsp;<\/p>\n<p>&nbsp;<\/p>\n<p>&nbsp;<\/p>\n<p>&nbsp;<\/p>\n<p>&nbsp;<\/p>\n<p>&nbsp;<\/p>\n<p>&nbsp;<\/p>\n<p>&nbsp;<\/p>\n<p>&nbsp;<\/p>\n<p>&nbsp;<\/p>\n<p>&nbsp;<\/p>\n<p>&nbsp;<\/p>\n<p>&nbsp;<\/p>\n<p>&nbsp;<\/p>\n<p>&nbsp;<\/p>\n<p>&nbsp;<\/p>\n<p>&nbsp;<\/p>\n<p>&nbsp;<\/p>\n<p>&nbsp;<\/p>\n<p>&nbsp;<\/p>\n<p>&nbsp;<\/p>\n<p>&nbsp;<\/p>\n<p>&nbsp;<\/p>\n<p>&nbsp;<\/p>","protected":false},"excerpt":{"rendered":"<ul>\n<li>Item No: LG-0256B<\/li>\n<li>Material:  Pl\u00e1stico<\/li>\n<li>Capacity: 2.5ml<\/li>\n<li>Size:\u00a0D19.5*H80mm<\/li>\n<li>Aplica\u00e7\u00f5es: Produtos de beleza<\/li>\n<li>MOQ: 12.000 unidades<\/li>\n<li>Cor: cor personalizada<\/li>\n<li>Tratamento de superf\u00edcie: Inje\u00e7\u00e3o\/Matte\/Metaliza\u00e7\u00e3o\/Revestimento UV<\/li>\n<li>Nome da marca: OEM\/ODM<\/li>\n<li>Logotipo: Logotipo do cliente<\/li>\n<li>Capacidade de fornecimento: 100.000 pe\u00e7as por m\u00eas<\/li>\n<\/ul>","protected":false},"featured_media":9064,"template":"","meta":{"_acf_changed":false},"product_brand":[],"product_cat":[397],"product_tag":[388,453],"class_list":{"0":"post-9056","1":"product","2":"type-product","3":"status-publish","4":"has-post-thumbnail","6":"product_cat-unique-cosmetic-packaging","7":"product_tag-lip-gloss-tube","8":"product_tag-mini-cosmetic-packaging","10":"first","11":"instock","12":"shipping-taxable","13":"product-type-simple"},"acf":[],"yoast_head":"<!-- This site is optimized with the Yoast SEO plugin v24.1 - https:\/\/yoast.com\/wordpress\/plugins\/seo\/ -->\n<title>Luxury gold top cap mini lipgloss tube 2.5ml<\/title>\n<meta name=\"description\" content=\"Dior luxury gold top-cap mini lip gloss tube 2.5mlis allows you to easily see the remaining volume of cosmetics in the container, offering both convenience\" \/>\n<meta name=\"robots\" content=\"index, follow, max-snippet:-1, max-image-preview:large, max-video-preview:-1\" \/>\n<link rel=\"canonical\" href=\"https:\/\/www.alovey.com\/pt\/produto\/luxury-gold-top-cap-mini-lipgloss-tube-2-5ml\/\" \/>\n<meta property=\"og:locale\" content=\"pt_BR\" \/>\n<meta property=\"og:type\" content=\"article\" \/>\n<meta property=\"og:title\" content=\"Luxury gold top cap mini lipgloss tube 2.5ml\" \/>\n<meta property=\"og:description\" content=\"Dior luxury gold top-cap mini lip gloss tube 2.5mlis allows you to easily see the remaining volume of cosmetics in the container, offering both convenience\" \/>\n<meta property=\"og:url\" content=\"https:\/\/www.alovey.com\/pt\/produto\/luxury-gold-top-cap-mini-lipgloss-tube-2-5ml\/\" \/>\n<meta property=\"og:site_name\" content=\"Best Cosmetic Packaging Manufacture\" \/>\n<meta property=\"article:modified_time\" content=\"2025-09-09T03:26:45+00:00\" \/>\n<meta property=\"og:image\" content=\"https:\/\/www.alovey.com\/wp-content\/uploads\/2024\/12\/Luxury-gold-top-cap-mini-lipgloss-tube-2.5ml-8.jpg\" \/>\n\t<meta property=\"og:image:width\" content=\"750\" \/>\n\t<meta property=\"og:image:height\" content=\"750\" \/>\n\t<meta property=\"og:image:type\" content=\"image\/jpeg\" \/>\n<meta name=\"twitter:card\" content=\"summary_large_image\" \/>\n<meta name=\"twitter:label1\" content=\"Est. tempo de leitura\" \/>\n\t<meta name=\"twitter:data1\" content=\"2 minutos\" \/>\n<script type=\"application\/ld+json\" class=\"yoast-schema-graph\">{\"@context\":\"https:\/\/schema.org\",\"@graph\":[{\"@type\":\"WebPage\",\"@id\":\"https:\/\/www.alovey.com\/product\/luxury-gold-top-cap-mini-lipgloss-tube-2-5ml\/\",\"url\":\"https:\/\/www.alovey.com\/product\/luxury-gold-top-cap-mini-lipgloss-tube-2-5ml\/\",\"name\":\"Luxury gold top cap mini lipgloss tube 2.5ml\",\"isPartOf\":{\"@id\":\"https:\/\/www.alovey.com\/#website\"},\"primaryImageOfPage\":{\"@id\":\"https:\/\/www.alovey.com\/product\/luxury-gold-top-cap-mini-lipgloss-tube-2-5ml\/#primaryimage\"},\"image\":{\"@id\":\"https:\/\/www.alovey.com\/product\/luxury-gold-top-cap-mini-lipgloss-tube-2-5ml\/#primaryimage\"},\"thumbnailUrl\":\"https:\/\/www.alovey.com\/wp-content\/uploads\/2024\/12\/Luxury-gold-top-cap-mini-lipgloss-tube-2.5ml-8.jpg\",\"datePublished\":\"2024-12-27T07:46:09+00:00\",\"dateModified\":\"2025-09-09T03:26:45+00:00\",\"description\":\"Dior luxury gold top-cap mini lip gloss tube 2.5mlis allows you to easily see the remaining volume of cosmetics in the container, offering both convenience\",\"breadcrumb\":{\"@id\":\"https:\/\/www.alovey.com\/product\/luxury-gold-top-cap-mini-lipgloss-tube-2-5ml\/#breadcrumb\"},\"inLanguage\":\"pt-BR\",\"potentialAction\":[{\"@type\":\"ReadAction\",\"target\":[\"https:\/\/www.alovey.com\/product\/luxury-gold-top-cap-mini-lipgloss-tube-2-5ml\/\"]}]},{\"@type\":\"ImageObject\",\"inLanguage\":\"pt-BR\",\"@id\":\"https:\/\/www.alovey.com\/product\/luxury-gold-top-cap-mini-lipgloss-tube-2-5ml\/#primaryimage\",\"url\":\"https:\/\/www.alovey.com\/wp-content\/uploads\/2024\/12\/Luxury-gold-top-cap-mini-lipgloss-tube-2.5ml-8.jpg\",\"contentUrl\":\"https:\/\/www.alovey.com\/wp-content\/uploads\/2024\/12\/Luxury-gold-top-cap-mini-lipgloss-tube-2.5ml-8.jpg\",\"width\":750,\"height\":750,\"caption\":\"Luxury gold top cap mini lipgloss tube 2.5ml\"},{\"@type\":\"BreadcrumbList\",\"@id\":\"https:\/\/www.alovey.com\/product\/luxury-gold-top-cap-mini-lipgloss-tube-2-5ml\/#breadcrumb\",\"itemListElement\":[{\"@type\":\"ListItem\",\"position\":1,\"name\":\"\u9996\u9875\",\"item\":\"https:\/\/www.alovey.com\/\"},{\"@type\":\"ListItem\",\"position\":2,\"name\":\"Products\",\"item\":\"https:\/\/www.alovey.com\/products\/\"},{\"@type\":\"ListItem\",\"position\":3,\"name\":\"Luxury gold top cap mini lipgloss tube 2.5ml\"}]},{\"@type\":\"WebSite\",\"@id\":\"https:\/\/www.alovey.com\/#website\",\"url\":\"https:\/\/www.alovey.com\/\",\"name\":\"Best Cosmetic Packaging Manufacture\",\"description\":\"Alovey Cosmetic Packaging Co.,Ltd\",\"publisher\":{\"@id\":\"https:\/\/www.alovey.com\/#organization\"},\"potentialAction\":[{\"@type\":\"SearchAction\",\"target\":{\"@type\":\"EntryPoint\",\"urlTemplate\":\"https:\/\/www.alovey.com\/?s={search_term_string}\"},\"query-input\":{\"@type\":\"PropertyValueSpecification\",\"valueRequired\":true,\"valueName\":\"search_term_string\"}}],\"inLanguage\":\"pt-BR\"},{\"@type\":\"Organization\",\"@id\":\"https:\/\/www.alovey.com\/#organization\",\"name\":\"Best Cosmetic Packaging Manufacture\",\"url\":\"https:\/\/www.alovey.com\/\",\"logo\":{\"@type\":\"ImageObject\",\"inLanguage\":\"pt-BR\",\"@id\":\"https:\/\/www.alovey.com\/#\/schema\/logo\/image\/\",\"url\":\"https:\/\/www.alovey.com\/wp-content\/uploads\/2023\/03\/logo.png\",\"contentUrl\":\"https:\/\/www.alovey.com\/wp-content\/uploads\/2023\/03\/logo.png\",\"width\":505,\"height\":180,\"caption\":\"Best  Cosmetic Packaging Manufacture\"},\"image\":{\"@id\":\"https:\/\/www.alovey.com\/#\/schema\/logo\/image\/\"}}]}<\/script>\n<!-- \/ Yoast SEO plugin. -->","yoast_head_json":{"title":"Luxury gold top cap mini lipgloss tube 2.5ml","description":"Dior luxury gold top-cap mini lip gloss tube 2.5mlis allows you to easily see the remaining volume of cosmetics in the container, offering both convenience","robots":{"index":"index","follow":"follow","max-snippet":"max-snippet:-1","max-image-preview":"max-image-preview:large","max-video-preview":"max-video-preview:-1"},"canonical":"https:\/\/www.alovey.com\/pt\/produto\/luxury-gold-top-cap-mini-lipgloss-tube-2-5ml\/","og_locale":"pt_BR","og_type":"article","og_title":"Luxury gold top cap mini lipgloss tube 2.5ml","og_description":"Dior luxury gold top-cap mini lip gloss tube 2.5mlis allows you to easily see the remaining volume of cosmetics in the container, offering both convenience","og_url":"https:\/\/www.alovey.com\/pt\/produto\/luxury-gold-top-cap-mini-lipgloss-tube-2-5ml\/","og_site_name":"Best Cosmetic Packaging Manufacture","article_modified_time":"2025-09-09T03:26:45+00:00","og_image":[{"width":750,"height":750,"url":"https:\/\/www.alovey.com\/wp-content\/uploads\/2024\/12\/Luxury-gold-top-cap-mini-lipgloss-tube-2.5ml-8.jpg","type":"image\/jpeg"}],"twitter_card":"summary_large_image","twitter_misc":{"Est. tempo de leitura":"2 minutos"},"schema":{"@context":"https:\/\/schema.org","@graph":[{"@type":"WebPage","@id":"https:\/\/www.alovey.com\/product\/luxury-gold-top-cap-mini-lipgloss-tube-2-5ml\/","url":"https:\/\/www.alovey.com\/product\/luxury-gold-top-cap-mini-lipgloss-tube-2-5ml\/","name":"Luxury gold top cap mini lipgloss tube 2.5ml","isPartOf":{"@id":"https:\/\/www.alovey.com\/#website"},"primaryImageOfPage":{"@id":"https:\/\/www.alovey.com\/product\/luxury-gold-top-cap-mini-lipgloss-tube-2-5ml\/#primaryimage"},"image":{"@id":"https:\/\/www.alovey.com\/product\/luxury-gold-top-cap-mini-lipgloss-tube-2-5ml\/#primaryimage"},"thumbnailUrl":"https:\/\/www.alovey.com\/wp-content\/uploads\/2024\/12\/Luxury-gold-top-cap-mini-lipgloss-tube-2.5ml-8.jpg","datePublished":"2024-12-27T07:46:09+00:00","dateModified":"2025-09-09T03:26:45+00:00","description":"Dior luxury gold top-cap mini lip gloss tube 2.5mlis allows you to easily see the remaining volume of cosmetics in the container, offering both convenience","breadcrumb":{"@id":"https:\/\/www.alovey.com\/product\/luxury-gold-top-cap-mini-lipgloss-tube-2-5ml\/#breadcrumb"},"inLanguage":"pt-BR","potentialAction":[{"@type":"ReadAction","target":["https:\/\/www.alovey.com\/product\/luxury-gold-top-cap-mini-lipgloss-tube-2-5ml\/"]}]},{"@type":"ImageObject","inLanguage":"pt-BR","@id":"https:\/\/www.alovey.com\/product\/luxury-gold-top-cap-mini-lipgloss-tube-2-5ml\/#primaryimage","url":"https:\/\/www.alovey.com\/wp-content\/uploads\/2024\/12\/Luxury-gold-top-cap-mini-lipgloss-tube-2.5ml-8.jpg","contentUrl":"https:\/\/www.alovey.com\/wp-content\/uploads\/2024\/12\/Luxury-gold-top-cap-mini-lipgloss-tube-2.5ml-8.jpg","width":750,"height":750,"caption":"Luxury gold top cap mini lipgloss tube 2.5ml"},{"@type":"BreadcrumbList","@id":"https:\/\/www.alovey.com\/product\/luxury-gold-top-cap-mini-lipgloss-tube-2-5ml\/#breadcrumb","itemListElement":[{"@type":"ListItem","position":1,"name":"\u9996\u9875","item":"https:\/\/www.alovey.com\/"},{"@type":"ListItem","position":2,"name":"Products","item":"https:\/\/www.alovey.com\/products\/"},{"@type":"ListItem","position":3,"name":"Luxury gold top cap mini lipgloss tube 2.5ml"}]},{"@type":"WebSite","@id":"https:\/\/www.alovey.com\/#website","url":"https:\/\/www.alovey.com\/","name":"Best Cosmetic Packaging Manufacture","description":"Alovey Cosmetic Packaging Co.,Ltd","publisher":{"@id":"https:\/\/www.alovey.com\/#organization"},"potentialAction":[{"@type":"SearchAction","target":{"@type":"EntryPoint","urlTemplate":"https:\/\/www.alovey.com\/?s={search_term_string}"},"query-input":{"@type":"PropertyValueSpecification","valueRequired":true,"valueName":"search_term_string"}}],"inLanguage":"pt-BR"},{"@type":"Organization","@id":"https:\/\/www.alovey.com\/#organization","name":"Best Cosmetic Packaging Manufacture","url":"https:\/\/www.alovey.com\/","logo":{"@type":"ImageObject","inLanguage":"pt-BR","@id":"https:\/\/www.alovey.com\/#\/schema\/logo\/image\/","url":"https:\/\/www.alovey.com\/wp-content\/uploads\/2023\/03\/logo.png","contentUrl":"https:\/\/www.alovey.com\/wp-content\/uploads\/2023\/03\/logo.png","width":505,"height":180,"caption":"Best  Cosmetic Packaging Manufacture"},"image":{"@id":"https:\/\/www.alovey.com\/#\/schema\/logo\/image\/"}}]}},"_links":{"self":[{"href":"https:\/\/www.alovey.com\/pt\/wp-json\/wp\/v2\/product\/9056"}],"collection":[{"href":"https:\/\/www.alovey.com\/pt\/wp-json\/wp\/v2\/product"}],"about":[{"href":"https:\/\/www.alovey.com\/pt\/wp-json\/wp\/v2\/types\/product"}],"wp:featuredmedia":[{"embeddable":true,"href":"https:\/\/www.alovey.com\/pt\/wp-json\/wp\/v2\/media\/9064"}],"wp:attachment":[{"href":"https:\/\/www.alovey.com\/pt\/wp-json\/wp\/v2\/media?parent=9056"}],"wp:term":[{"taxonomy":"product_brand","embeddable":true,"href":"https:\/\/www.alovey.com\/pt\/wp-json\/wp\/v2\/product_brand?post=9056"},{"taxonomy":"product_cat","embeddable":true,"href":"https:\/\/www.alovey.com\/pt\/wp-json\/wp\/v2\/product_cat?post=9056"},{"taxonomy":"product_tag","embeddable":true,"href":"https:\/\/www.alovey.com\/pt\/wp-json\/wp\/v2\/product_tag?post=9056"}],"curies":[{"name":"wp","href":"https:\/\/api.w.org\/{rel}","templated":true}]}}