{"id":7577,"date":"2024-11-21T03:43:28","date_gmt":"2024-11-21T03:43:28","guid":{"rendered":"https:\/\/alovey.com\/?post_type=product&#038;p=7577"},"modified":"2025-02-11T01:59:14","modified_gmt":"2025-02-11T01:59:14","slug":"luxury-blue-botte-shape-liptint-bottle-with-clear-wand-4ml-bottle","status":"publish","type":"product","link":"https:\/\/www.alovey.com\/pt\/produto\/luxury-blue-botte-shape-liptint-bottle-with-clear-wand-4ml-bottle\/","title":{"rendered":"Frasco de liptint azul luxuoso em formato de garrafa com bast\u00e3o transparente de 4 ml"},"content":{"rendered":"<p><strong>\u00a0Luxury blue bottle shape liptint bottle with clear wand in 4ml is the \u00a0newest design for bottle shape.It adopts high grade plastic to make production.<\/strong><\/p>\n<p><strong>Alovey\u00a0 is passionate about delivering exceptional packaging solutions for the beauty industry. Backed by an experienced team, we believe outstanding customer service is the foundation of success. Our commitment to understanding client needs and fostering long-term partnerships sets us apart.<\/strong><\/p>\n<p><strong>We provide award-winning designs for both stock and custom cosmetic packaging options, along with full turnkey solutions for skincare, cosmetics, personal care, and wellness products. At Alovey, we combine innovation, quality, and reliability to help your brand shine.<\/strong><\/p>\n<p><img fetchpriority=\"high\" decoding=\"async\" class=\"size-full wp-image-7584\" src=\"https:\/\/alovey.com\/wp-content\/uploads\/2024\/11\/Luxury-blue-botte-shape-liptint-bottle-with-clear-wand-4ml-5.jpg\" alt=\"Luxury blue botte shape liptint bottle with clear wand 4ml\" width=\"750\" height=\"750\" srcset=\"https:\/\/www.alovey.com\/wp-content\/uploads\/2024\/11\/Luxury-blue-botte-shape-liptint-bottle-with-clear-wand-4ml-5.jpg 750w, https:\/\/www.alovey.com\/wp-content\/uploads\/2024\/11\/Luxury-blue-botte-shape-liptint-bottle-with-clear-wand-4ml-5-300x300.jpg 300w, https:\/\/www.alovey.com\/wp-content\/uploads\/2024\/11\/Luxury-blue-botte-shape-liptint-bottle-with-clear-wand-4ml-5-150x150.jpg 150w, https:\/\/www.alovey.com\/wp-content\/uploads\/2024\/11\/Luxury-blue-botte-shape-liptint-bottle-with-clear-wand-4ml-5-600x600.jpg 600w, https:\/\/www.alovey.com\/wp-content\/uploads\/2024\/11\/Luxury-blue-botte-shape-liptint-bottle-with-clear-wand-4ml-5-100x100.jpg 100w\" sizes=\"(max-width: 750px) 100vw, 750px\" \/><\/p>\n<p><img fetchpriority=\"high\" decoding=\"async\" class=\"size-full wp-image-7584\" src=\"https:\/\/alovey.com\/wp-content\/uploads\/2024\/11\/Luxury-blue-botte-shape-liptint-bottle-with-clear-wand-4ml-5.jpg\" alt=\"Luxury blue botte shape liptint bottle with clear wand 4ml\" width=\"750\" height=\"750\" srcset=\"https:\/\/www.alovey.com\/wp-content\/uploads\/2024\/11\/Luxury-blue-botte-shape-liptint-bottle-with-clear-wand-4ml-5.jpg 750w, https:\/\/www.alovey.com\/wp-content\/uploads\/2024\/11\/Luxury-blue-botte-shape-liptint-bottle-with-clear-wand-4ml-5-300x300.jpg 300w, https:\/\/www.alovey.com\/wp-content\/uploads\/2024\/11\/Luxury-blue-botte-shape-liptint-bottle-with-clear-wand-4ml-5-150x150.jpg 150w, https:\/\/www.alovey.com\/wp-content\/uploads\/2024\/11\/Luxury-blue-botte-shape-liptint-bottle-with-clear-wand-4ml-5-600x600.jpg 600w, https:\/\/www.alovey.com\/wp-content\/uploads\/2024\/11\/Luxury-blue-botte-shape-liptint-bottle-with-clear-wand-4ml-5-100x100.jpg 100w\" sizes=\"(max-width: 750px) 100vw, 750px\" \/><\/p>\n<p><img decoding=\"async\" class=\"size-full wp-image-7583\" src=\"https:\/\/alovey.com\/wp-content\/uploads\/2024\/11\/Luxury-blue-botte-shape-liptint-bottle-with-clear-wand-4ml-4.jpg\" alt=\"Luxury blue botte shape liptint bottle with clear wand 4ml\" width=\"750\" height=\"750\" srcset=\"https:\/\/www.alovey.com\/wp-content\/uploads\/2024\/11\/Luxury-blue-botte-shape-liptint-bottle-with-clear-wand-4ml-4.jpg 750w, https:\/\/www.alovey.com\/wp-content\/uploads\/2024\/11\/Luxury-blue-botte-shape-liptint-bottle-with-clear-wand-4ml-4-300x300.jpg 300w, https:\/\/www.alovey.com\/wp-content\/uploads\/2024\/11\/Luxury-blue-botte-shape-liptint-bottle-with-clear-wand-4ml-4-150x150.jpg 150w, https:\/\/www.alovey.com\/wp-content\/uploads\/2024\/11\/Luxury-blue-botte-shape-liptint-bottle-with-clear-wand-4ml-4-600x600.jpg 600w, https:\/\/www.alovey.com\/wp-content\/uploads\/2024\/11\/Luxury-blue-botte-shape-liptint-bottle-with-clear-wand-4ml-4-100x100.jpg 100w\" sizes=\"(max-width: 750px) 100vw, 750px\" \/><\/p>\n<p><img decoding=\"async\" class=\"size-full wp-image-7582\" src=\"https:\/\/alovey.com\/wp-content\/uploads\/2024\/11\/Luxury-blue-botte-shape-liptint-bottle-with-clear-wand-4ml-3.jpg\" alt=\"Luxury blue botte shape liptint bottle with clear wand 4ml\" width=\"750\" height=\"750\" srcset=\"https:\/\/www.alovey.com\/wp-content\/uploads\/2024\/11\/Luxury-blue-botte-shape-liptint-bottle-with-clear-wand-4ml-3.jpg 750w, https:\/\/www.alovey.com\/wp-content\/uploads\/2024\/11\/Luxury-blue-botte-shape-liptint-bottle-with-clear-wand-4ml-3-300x300.jpg 300w, https:\/\/www.alovey.com\/wp-content\/uploads\/2024\/11\/Luxury-blue-botte-shape-liptint-bottle-with-clear-wand-4ml-3-150x150.jpg 150w, https:\/\/www.alovey.com\/wp-content\/uploads\/2024\/11\/Luxury-blue-botte-shape-liptint-bottle-with-clear-wand-4ml-3-600x600.jpg 600w, https:\/\/www.alovey.com\/wp-content\/uploads\/2024\/11\/Luxury-blue-botte-shape-liptint-bottle-with-clear-wand-4ml-3-100x100.jpg 100w\" sizes=\"(max-width: 750px) 100vw, 750px\" \/><\/p>\n<p><img loading=\"lazy\" decoding=\"async\" class=\"size-full wp-image-7580\" src=\"https:\/\/alovey.com\/wp-content\/uploads\/2024\/11\/Luxury-blue-botte-shape-liptint-bottle-with-clear-wand-4ml-1.jpg\" alt=\"Luxury blue botte shape liptint bottle with clear wand 4ml\" width=\"750\" height=\"750\" srcset=\"https:\/\/www.alovey.com\/wp-content\/uploads\/2024\/11\/Luxury-blue-botte-shape-liptint-bottle-with-clear-wand-4ml-1.jpg 750w, https:\/\/www.alovey.com\/wp-content\/uploads\/2024\/11\/Luxury-blue-botte-shape-liptint-bottle-with-clear-wand-4ml-1-300x300.jpg 300w, https:\/\/www.alovey.com\/wp-content\/uploads\/2024\/11\/Luxury-blue-botte-shape-liptint-bottle-with-clear-wand-4ml-1-150x150.jpg 150w, https:\/\/www.alovey.com\/wp-content\/uploads\/2024\/11\/Luxury-blue-botte-shape-liptint-bottle-with-clear-wand-4ml-1-600x600.jpg 600w, https:\/\/www.alovey.com\/wp-content\/uploads\/2024\/11\/Luxury-blue-botte-shape-liptint-bottle-with-clear-wand-4ml-1-100x100.jpg 100w\" sizes=\"(max-width: 750px) 100vw, 750px\" \/><\/p>\n<p><img loading=\"lazy\" decoding=\"async\" class=\"size-full wp-image-7579\" src=\"https:\/\/alovey.com\/wp-content\/uploads\/2024\/11\/Luxury-blue-botte-shape-liptint-bottle-with-clear-wand-4ml-6.jpg\" alt=\"Luxury blue botte shape liptint bottle with clear wand 4ml\" width=\"750\" height=\"750\" srcset=\"https:\/\/www.alovey.com\/wp-content\/uploads\/2024\/11\/Luxury-blue-botte-shape-liptint-bottle-with-clear-wand-4ml-6.jpg 750w, https:\/\/www.alovey.com\/wp-content\/uploads\/2024\/11\/Luxury-blue-botte-shape-liptint-bottle-with-clear-wand-4ml-6-300x300.jpg 300w, https:\/\/www.alovey.com\/wp-content\/uploads\/2024\/11\/Luxury-blue-botte-shape-liptint-bottle-with-clear-wand-4ml-6-150x150.jpg 150w, https:\/\/www.alovey.com\/wp-content\/uploads\/2024\/11\/Luxury-blue-botte-shape-liptint-bottle-with-clear-wand-4ml-6-600x600.jpg 600w, https:\/\/www.alovey.com\/wp-content\/uploads\/2024\/11\/Luxury-blue-botte-shape-liptint-bottle-with-clear-wand-4ml-6-100x100.jpg 100w\" sizes=\"(max-width: 750px) 100vw, 750px\" \/><\/p>\n<p>&nbsp;<\/p>\n<p>&nbsp;<\/p>\n<p>&nbsp;<\/p>\n<p>&nbsp;<\/p>\n<p>&nbsp;<\/p>\n<p>&nbsp;<\/p>\n<p>&nbsp;<\/p>\n<p>&nbsp;<\/p>\n<p>&nbsp;<\/p>\n<p>&nbsp;<\/p>\n<p>&nbsp;<\/p>\n<p>&nbsp;<\/p>\n<p>&nbsp;<\/p>\n<p>&nbsp;<\/p>\n<p>&nbsp;<\/p>\n<p>&nbsp;<\/p>\n<p>&nbsp;<\/p>\n<p>&nbsp;<\/p>\n<p>&nbsp;<\/p>\n<p>&nbsp;<\/p>\n<p>&nbsp;<\/p>\n<p>&nbsp;<\/p>\n<p>&nbsp;<\/p>\n<p>&nbsp;<\/p>\n<p>&nbsp;<\/p>\n<p>&nbsp;<\/p>\n<p>&nbsp;<\/p>\n<p>&nbsp;<\/p>\n<p>&nbsp;<\/p>\n<p>&nbsp;<\/p>\n<p>&nbsp;<\/p>\n<p>&nbsp;<\/p>\n<p>&nbsp;<\/p>\n<p>&nbsp;<\/p>\n<p>&nbsp;<\/p>\n<p>&nbsp;<\/p>\n<p>&nbsp;<\/p>\n<p>&nbsp;<\/p>\n<p>&nbsp;<\/p>\n<p>&nbsp;<\/p>\n<p>&nbsp;<\/p>\n<p>&nbsp;<\/p>\n<p>&nbsp;<\/p>\n<p>&nbsp;<\/p>\n<p>&nbsp;<\/p>\n<p>&nbsp;<\/p>\n<p>&nbsp;<\/p>\n<p>&nbsp;<\/p>\n<p>&nbsp;<\/p>\n<p>&nbsp;<\/p>\n<p>&nbsp;<\/p>\n<p>&nbsp;<\/p>\n<p>&nbsp;<\/p>\n<p>&nbsp;<\/p>\n<p>&nbsp;<\/p>\n<p>&nbsp;<\/p>\n<p>&nbsp;<\/p>\n<p>&nbsp;<\/p>\n<p>&nbsp;<\/p>\n<p>&nbsp;<\/p>\n<p>&nbsp;<\/p>\n<p>&nbsp;<\/p>\n<p>&nbsp;<\/p>\n<p>&nbsp;<\/p>\n<p>&nbsp;<\/p>\n<p>&nbsp;<\/p>\n<p>&nbsp;<\/p>\n<p>&nbsp;<\/p>\n<p>&nbsp;<\/p>\n<p>&nbsp;<\/p>\n<p>&nbsp;<\/p>\n<p>&nbsp;<\/p>\n<p>&nbsp;<\/p>\n<p>&nbsp;<\/p>\n<p>&nbsp;<\/p>\n<p>&nbsp;<\/p>\n<p>&nbsp;<\/p>\n<p>&nbsp;<\/p>\n<p>&nbsp;<\/p>\n<p>&nbsp;<\/p>\n<p>&nbsp;<\/p>\n<p>&nbsp;<\/p>\n<p>&nbsp;<\/p>\n<p>&nbsp;<\/p>\n<p>&nbsp;<\/p>\n<p>&nbsp;<\/p>\n<p>&nbsp;<\/p>\n<p>&nbsp;<\/p>\n<p>&nbsp;<\/p>\n<p>&nbsp;<\/p>\n<p>&nbsp;<\/p>\n<p>&nbsp;<\/p>\n<p>&nbsp;<\/p>\n<p>&nbsp;<\/p>\n<p>&nbsp;<\/p>\n<p>&nbsp;<\/p>\n<p>&nbsp;<\/p>\n<p>&nbsp;<\/p>\n<p>&nbsp;<\/p>\n<p>&nbsp;<\/p>\n<p>&nbsp;<\/p>\n<p>&nbsp;<\/p>\n<p>&nbsp;<\/p>\n<p>&nbsp;<\/p>\n<p>&nbsp;<\/p>\n<p>&nbsp;<\/p>\n<p>&nbsp;<\/p>\n<p>&nbsp;<\/p>\n<p>&nbsp;<\/p>\n<p>&nbsp;<\/p>\n<p>&nbsp;<\/p>\n<p>&nbsp;<\/p>\n<p>&nbsp;<\/p>\n<p>&nbsp;<\/p>\n<p>&nbsp;<\/p>","protected":false},"excerpt":{"rendered":"<ul>\n<li>Item No:LG-0665A<\/li>\n<li>Material:  Pl\u00e1stico<\/li>\n<li>Capacity: 4ml<\/li>\n<li>Size:\u00a0D23*H91MM<\/li>\n<li>Aplica\u00e7\u00f5es: Produtos de beleza<\/li>\n<li>MOQ: 12.000 unidades<\/li>\n<li>Cor: cor personalizada<\/li>\n<li>Tratamento de superf\u00edcie: Inje\u00e7\u00e3o\/Matte\/Metaliza\u00e7\u00e3o\/Revestimento UV<\/li>\n<li>Nome da marca: OEM\/ODM<\/li>\n<li>Logotipo: Logotipo do cliente<\/li>\n<li>Capacidade de fornecimento: 100.000 pe\u00e7as por m\u00eas<\/li>\n<\/ul>","protected":false},"featured_media":7580,"template":"","meta":{"_acf_changed":false},"product_brand":[],"product_cat":[372],"product_tag":[416,388],"class_list":{"0":"post-7577","1":"product","2":"type-product","3":"status-publish","4":"has-post-thumbnail","6":"product_cat-lipgloss-tube","7":"product_tag-4ml-bottle","8":"product_tag-lip-gloss-tube","10":"first","11":"instock","12":"shipping-taxable","13":"product-type-simple"},"acf":[],"yoast_head":"<!-- This site is optimized with the Yoast SEO plugin v24.1 - https:\/\/yoast.com\/wordpress\/plugins\/seo\/ -->\n<title>Luxury blue botte shape liptint bottle with clear wand 4ml bottle<\/title>\n<meta name=\"description\" content=\"Luxury blue bottle shape liptint bottle with clear wand in 4ml is the newest design for bottle shape.It adopts high grade plastic to make production.\" \/>\n<meta name=\"robots\" content=\"index, follow, max-snippet:-1, max-image-preview:large, max-video-preview:-1\" \/>\n<link rel=\"canonical\" href=\"https:\/\/www.alovey.com\/pt\/produto\/luxury-blue-botte-shape-liptint-bottle-with-clear-wand-4ml-bottle\/\" \/>\n<meta property=\"og:locale\" content=\"pt_BR\" \/>\n<meta property=\"og:type\" content=\"article\" \/>\n<meta property=\"og:title\" content=\"Luxury blue botte shape liptint bottle with clear wand 4ml bottle\" \/>\n<meta property=\"og:description\" content=\"Luxury blue bottle shape liptint bottle with clear wand in 4ml is the newest design for bottle shape.It adopts high grade plastic to make production.\" \/>\n<meta property=\"og:url\" content=\"https:\/\/www.alovey.com\/pt\/produto\/luxury-blue-botte-shape-liptint-bottle-with-clear-wand-4ml-bottle\/\" \/>\n<meta property=\"og:site_name\" content=\"Best Cosmetic Packaging Manufacture\" \/>\n<meta property=\"article:modified_time\" content=\"2025-02-11T01:59:14+00:00\" \/>\n<meta property=\"og:image\" content=\"https:\/\/www.alovey.com\/wp-content\/uploads\/2024\/11\/Luxury-blue-botte-shape-liptint-bottle-with-clear-wand-4ml-1.jpg\" \/>\n\t<meta property=\"og:image:width\" content=\"750\" \/>\n\t<meta property=\"og:image:height\" content=\"750\" \/>\n\t<meta property=\"og:image:type\" content=\"image\/jpeg\" \/>\n<meta name=\"twitter:card\" content=\"summary_large_image\" \/>\n<meta name=\"twitter:label1\" content=\"Est. tempo de leitura\" \/>\n\t<meta name=\"twitter:data1\" content=\"2 minutos\" \/>\n<script type=\"application\/ld+json\" class=\"yoast-schema-graph\">{\"@context\":\"https:\/\/schema.org\",\"@graph\":[{\"@type\":\"WebPage\",\"@id\":\"https:\/\/www.alovey.com\/product\/luxury-blue-botte-shape-liptint-bottle-with-clear-wand-4ml-bottle\/\",\"url\":\"https:\/\/www.alovey.com\/product\/luxury-blue-botte-shape-liptint-bottle-with-clear-wand-4ml-bottle\/\",\"name\":\"Luxury blue botte shape liptint bottle with clear wand 4ml bottle\",\"isPartOf\":{\"@id\":\"https:\/\/www.alovey.com\/#website\"},\"primaryImageOfPage\":{\"@id\":\"https:\/\/www.alovey.com\/product\/luxury-blue-botte-shape-liptint-bottle-with-clear-wand-4ml-bottle\/#primaryimage\"},\"image\":{\"@id\":\"https:\/\/www.alovey.com\/product\/luxury-blue-botte-shape-liptint-bottle-with-clear-wand-4ml-bottle\/#primaryimage\"},\"thumbnailUrl\":\"https:\/\/www.alovey.com\/wp-content\/uploads\/2024\/11\/Luxury-blue-botte-shape-liptint-bottle-with-clear-wand-4ml-1.jpg\",\"datePublished\":\"2024-11-21T03:43:28+00:00\",\"dateModified\":\"2025-02-11T01:59:14+00:00\",\"description\":\"Luxury blue bottle shape liptint bottle with clear wand in 4ml is the newest design for bottle shape.It adopts high grade plastic to make production.\",\"breadcrumb\":{\"@id\":\"https:\/\/www.alovey.com\/product\/luxury-blue-botte-shape-liptint-bottle-with-clear-wand-4ml-bottle\/#breadcrumb\"},\"inLanguage\":\"pt-BR\",\"potentialAction\":[{\"@type\":\"ReadAction\",\"target\":[\"https:\/\/www.alovey.com\/product\/luxury-blue-botte-shape-liptint-bottle-with-clear-wand-4ml-bottle\/\"]}]},{\"@type\":\"ImageObject\",\"inLanguage\":\"pt-BR\",\"@id\":\"https:\/\/www.alovey.com\/product\/luxury-blue-botte-shape-liptint-bottle-with-clear-wand-4ml-bottle\/#primaryimage\",\"url\":\"https:\/\/www.alovey.com\/wp-content\/uploads\/2024\/11\/Luxury-blue-botte-shape-liptint-bottle-with-clear-wand-4ml-1.jpg\",\"contentUrl\":\"https:\/\/www.alovey.com\/wp-content\/uploads\/2024\/11\/Luxury-blue-botte-shape-liptint-bottle-with-clear-wand-4ml-1.jpg\",\"width\":750,\"height\":750,\"caption\":\"Luxury blue botte shape liptint bottle with clear wand 4ml\"},{\"@type\":\"BreadcrumbList\",\"@id\":\"https:\/\/www.alovey.com\/product\/luxury-blue-botte-shape-liptint-bottle-with-clear-wand-4ml-bottle\/#breadcrumb\",\"itemListElement\":[{\"@type\":\"ListItem\",\"position\":1,\"name\":\"\u9996\u9875\",\"item\":\"https:\/\/www.alovey.com\/\"},{\"@type\":\"ListItem\",\"position\":2,\"name\":\"Products\",\"item\":\"https:\/\/www.alovey.com\/products\/\"},{\"@type\":\"ListItem\",\"position\":3,\"name\":\"Luxury blue botte shape liptint bottle with clear wand 4ml bottle\"}]},{\"@type\":\"WebSite\",\"@id\":\"https:\/\/www.alovey.com\/#website\",\"url\":\"https:\/\/www.alovey.com\/\",\"name\":\"Best Cosmetic Packaging Manufacture\",\"description\":\"Alovey Cosmetic Packaging Co.,Ltd\",\"publisher\":{\"@id\":\"https:\/\/www.alovey.com\/#organization\"},\"potentialAction\":[{\"@type\":\"SearchAction\",\"target\":{\"@type\":\"EntryPoint\",\"urlTemplate\":\"https:\/\/www.alovey.com\/?s={search_term_string}\"},\"query-input\":{\"@type\":\"PropertyValueSpecification\",\"valueRequired\":true,\"valueName\":\"search_term_string\"}}],\"inLanguage\":\"pt-BR\"},{\"@type\":\"Organization\",\"@id\":\"https:\/\/www.alovey.com\/#organization\",\"name\":\"Best Cosmetic Packaging Manufacture\",\"url\":\"https:\/\/www.alovey.com\/\",\"logo\":{\"@type\":\"ImageObject\",\"inLanguage\":\"pt-BR\",\"@id\":\"https:\/\/www.alovey.com\/#\/schema\/logo\/image\/\",\"url\":\"https:\/\/www.alovey.com\/wp-content\/uploads\/2023\/03\/logo.png\",\"contentUrl\":\"https:\/\/www.alovey.com\/wp-content\/uploads\/2023\/03\/logo.png\",\"width\":505,\"height\":180,\"caption\":\"Best  Cosmetic Packaging Manufacture\"},\"image\":{\"@id\":\"https:\/\/www.alovey.com\/#\/schema\/logo\/image\/\"}}]}<\/script>\n<!-- \/ Yoast SEO plugin. -->","yoast_head_json":{"title":"Frasco de liptint azul luxuoso em formato de garrafa com bast\u00e3o transparente de 4 ml","description":"Luxury blue bottle shape liptint bottle with clear wand in 4ml is the newest design for bottle shape.It adopts high grade plastic to make production.","robots":{"index":"index","follow":"follow","max-snippet":"max-snippet:-1","max-image-preview":"max-image-preview:large","max-video-preview":"max-video-preview:-1"},"canonical":"https:\/\/www.alovey.com\/pt\/produto\/luxury-blue-botte-shape-liptint-bottle-with-clear-wand-4ml-bottle\/","og_locale":"pt_BR","og_type":"article","og_title":"Luxury blue botte shape liptint bottle with clear wand 4ml bottle","og_description":"Luxury blue bottle shape liptint bottle with clear wand in 4ml is the newest design for bottle shape.It adopts high grade plastic to make production.","og_url":"https:\/\/www.alovey.com\/pt\/produto\/luxury-blue-botte-shape-liptint-bottle-with-clear-wand-4ml-bottle\/","og_site_name":"Best Cosmetic Packaging Manufacture","article_modified_time":"2025-02-11T01:59:14+00:00","og_image":[{"width":750,"height":750,"url":"https:\/\/www.alovey.com\/wp-content\/uploads\/2024\/11\/Luxury-blue-botte-shape-liptint-bottle-with-clear-wand-4ml-1.jpg","type":"image\/jpeg"}],"twitter_card":"summary_large_image","twitter_misc":{"Est. tempo de leitura":"2 minutos"},"schema":{"@context":"https:\/\/schema.org","@graph":[{"@type":"WebPage","@id":"https:\/\/www.alovey.com\/product\/luxury-blue-botte-shape-liptint-bottle-with-clear-wand-4ml-bottle\/","url":"https:\/\/www.alovey.com\/product\/luxury-blue-botte-shape-liptint-bottle-with-clear-wand-4ml-bottle\/","name":"Frasco de liptint azul luxuoso em formato de garrafa com bast\u00e3o transparente de 4 ml","isPartOf":{"@id":"https:\/\/www.alovey.com\/#website"},"primaryImageOfPage":{"@id":"https:\/\/www.alovey.com\/product\/luxury-blue-botte-shape-liptint-bottle-with-clear-wand-4ml-bottle\/#primaryimage"},"image":{"@id":"https:\/\/www.alovey.com\/product\/luxury-blue-botte-shape-liptint-bottle-with-clear-wand-4ml-bottle\/#primaryimage"},"thumbnailUrl":"https:\/\/www.alovey.com\/wp-content\/uploads\/2024\/11\/Luxury-blue-botte-shape-liptint-bottle-with-clear-wand-4ml-1.jpg","datePublished":"2024-11-21T03:43:28+00:00","dateModified":"2025-02-11T01:59:14+00:00","description":"Luxury blue bottle shape liptint bottle with clear wand in 4ml is the newest design for bottle shape.It adopts high grade plastic to make production.","breadcrumb":{"@id":"https:\/\/www.alovey.com\/product\/luxury-blue-botte-shape-liptint-bottle-with-clear-wand-4ml-bottle\/#breadcrumb"},"inLanguage":"pt-BR","potentialAction":[{"@type":"ReadAction","target":["https:\/\/www.alovey.com\/product\/luxury-blue-botte-shape-liptint-bottle-with-clear-wand-4ml-bottle\/"]}]},{"@type":"ImageObject","inLanguage":"pt-BR","@id":"https:\/\/www.alovey.com\/product\/luxury-blue-botte-shape-liptint-bottle-with-clear-wand-4ml-bottle\/#primaryimage","url":"https:\/\/www.alovey.com\/wp-content\/uploads\/2024\/11\/Luxury-blue-botte-shape-liptint-bottle-with-clear-wand-4ml-1.jpg","contentUrl":"https:\/\/www.alovey.com\/wp-content\/uploads\/2024\/11\/Luxury-blue-botte-shape-liptint-bottle-with-clear-wand-4ml-1.jpg","width":750,"height":750,"caption":"Luxury blue botte shape liptint bottle with clear wand 4ml"},{"@type":"BreadcrumbList","@id":"https:\/\/www.alovey.com\/product\/luxury-blue-botte-shape-liptint-bottle-with-clear-wand-4ml-bottle\/#breadcrumb","itemListElement":[{"@type":"ListItem","position":1,"name":"\u9996\u9875","item":"https:\/\/www.alovey.com\/"},{"@type":"ListItem","position":2,"name":"Products","item":"https:\/\/www.alovey.com\/products\/"},{"@type":"ListItem","position":3,"name":"Luxury blue botte shape liptint bottle with clear wand 4ml bottle"}]},{"@type":"WebSite","@id":"https:\/\/www.alovey.com\/#website","url":"https:\/\/www.alovey.com\/","name":"Best Cosmetic Packaging Manufacture","description":"Alovey Cosmetic Packaging Co.,Ltd","publisher":{"@id":"https:\/\/www.alovey.com\/#organization"},"potentialAction":[{"@type":"SearchAction","target":{"@type":"EntryPoint","urlTemplate":"https:\/\/www.alovey.com\/?s={search_term_string}"},"query-input":{"@type":"PropertyValueSpecification","valueRequired":true,"valueName":"search_term_string"}}],"inLanguage":"pt-BR"},{"@type":"Organization","@id":"https:\/\/www.alovey.com\/#organization","name":"Best Cosmetic Packaging Manufacture","url":"https:\/\/www.alovey.com\/","logo":{"@type":"ImageObject","inLanguage":"pt-BR","@id":"https:\/\/www.alovey.com\/#\/schema\/logo\/image\/","url":"https:\/\/www.alovey.com\/wp-content\/uploads\/2023\/03\/logo.png","contentUrl":"https:\/\/www.alovey.com\/wp-content\/uploads\/2023\/03\/logo.png","width":505,"height":180,"caption":"Best  Cosmetic Packaging Manufacture"},"image":{"@id":"https:\/\/www.alovey.com\/#\/schema\/logo\/image\/"}}]}},"_links":{"self":[{"href":"https:\/\/www.alovey.com\/pt\/wp-json\/wp\/v2\/product\/7577"}],"collection":[{"href":"https:\/\/www.alovey.com\/pt\/wp-json\/wp\/v2\/product"}],"about":[{"href":"https:\/\/www.alovey.com\/pt\/wp-json\/wp\/v2\/types\/product"}],"wp:featuredmedia":[{"embeddable":true,"href":"https:\/\/www.alovey.com\/pt\/wp-json\/wp\/v2\/media\/7580"}],"wp:attachment":[{"href":"https:\/\/www.alovey.com\/pt\/wp-json\/wp\/v2\/media?parent=7577"}],"wp:term":[{"taxonomy":"product_brand","embeddable":true,"href":"https:\/\/www.alovey.com\/pt\/wp-json\/wp\/v2\/product_brand?post=7577"},{"taxonomy":"product_cat","embeddable":true,"href":"https:\/\/www.alovey.com\/pt\/wp-json\/wp\/v2\/product_cat?post=7577"},{"taxonomy":"product_tag","embeddable":true,"href":"https:\/\/www.alovey.com\/pt\/wp-json\/wp\/v2\/product_tag?post=7577"}],"curies":[{"name":"wp","href":"https:\/\/api.w.org\/{rel}","templated":true}]}}