{"id":7538,"date":"2024-11-21T02:32:03","date_gmt":"2024-11-21T02:32:03","guid":{"rendered":"https:\/\/alovey.com\/?post_type=product&#038;p=7538"},"modified":"2024-11-21T03:20:55","modified_gmt":"2024-11-21T03:20:55","slug":"empty-eyebrow-gel-tube-1g-luxury-gradient-metallic-eyebrow-gel-containers-with-angled-brush","status":"publish","type":"product","link":"https:\/\/www.alovey.com\/pt\/produto\/empty-eyebrow-gel-tube-1g-luxury-gradient-metallic-eyebrow-gel-containers-with-angled-brush\/","title":{"rendered":"Recipientes vazios de gel para sobrancelhas 1G luxury gradient metallic eyebrow gel com pincel angular"},"content":{"rendered":"<p><strong>Empty eyebrow gel tube 1G luxury gradient metallic eyebrow gel containers with angled brush is the newest packaging for eyebrow. The design of angled brush will be better for you to outline the eyebrow shape.<\/strong><\/p>\n<p><strong>Alovey is a premier Chinese manufacturer specializing in high-quality cosmetic packaging. We are dedicated to crafting bespoke packaging solutions that enhance brand identity, combining premium materials with advanced finishing techniques like silk screen printing, hot stamping, and matte spraying. With a commitment to excellence and innovation, Alovey delivers packaging that is as functional as it is visually stunning.<\/strong><\/p>\n<p><img fetchpriority=\"high\" decoding=\"async\" class=\"size-full wp-image-7544\" src=\"https:\/\/alovey.com\/wp-content\/uploads\/2024\/11\/Empty-eyebrow-gel-tube-1G-luxury-gradient-metallic-eyebrow-gel-containers-with-angled-brush-5.jpg\" alt=\"Empty eyebrow gel tube 1G luxury gradient metallic eyebrow gel containers with angled brush\" width=\"750\" height=\"750\" srcset=\"https:\/\/www.alovey.com\/wp-content\/uploads\/2024\/11\/Empty-eyebrow-gel-tube-1G-luxury-gradient-metallic-eyebrow-gel-containers-with-angled-brush-5.jpg 750w, https:\/\/www.alovey.com\/wp-content\/uploads\/2024\/11\/Empty-eyebrow-gel-tube-1G-luxury-gradient-metallic-eyebrow-gel-containers-with-angled-brush-5-300x300.jpg 300w, https:\/\/www.alovey.com\/wp-content\/uploads\/2024\/11\/Empty-eyebrow-gel-tube-1G-luxury-gradient-metallic-eyebrow-gel-containers-with-angled-brush-5-150x150.jpg 150w, https:\/\/www.alovey.com\/wp-content\/uploads\/2024\/11\/Empty-eyebrow-gel-tube-1G-luxury-gradient-metallic-eyebrow-gel-containers-with-angled-brush-5-600x600.jpg 600w, https:\/\/www.alovey.com\/wp-content\/uploads\/2024\/11\/Empty-eyebrow-gel-tube-1G-luxury-gradient-metallic-eyebrow-gel-containers-with-angled-brush-5-100x100.jpg 100w\" sizes=\"(max-width: 750px) 100vw, 750px\" \/><\/p>\n<p><img decoding=\"async\" class=\"size-full wp-image-7543\" src=\"https:\/\/alovey.com\/wp-content\/uploads\/2024\/11\/Empty-eyebrow-gel-tube-1G-luxury-gradient-metallic-eyebrow-gel-containers-with-angled-brush-4.jpg\" alt=\"Empty eyebrow gel tube 1G luxury gradient metallic eyebrow gel containers with angled brush\" width=\"750\" height=\"750\" srcset=\"https:\/\/www.alovey.com\/wp-content\/uploads\/2024\/11\/Empty-eyebrow-gel-tube-1G-luxury-gradient-metallic-eyebrow-gel-containers-with-angled-brush-4.jpg 750w, https:\/\/www.alovey.com\/wp-content\/uploads\/2024\/11\/Empty-eyebrow-gel-tube-1G-luxury-gradient-metallic-eyebrow-gel-containers-with-angled-brush-4-300x300.jpg 300w, https:\/\/www.alovey.com\/wp-content\/uploads\/2024\/11\/Empty-eyebrow-gel-tube-1G-luxury-gradient-metallic-eyebrow-gel-containers-with-angled-brush-4-150x150.jpg 150w, https:\/\/www.alovey.com\/wp-content\/uploads\/2024\/11\/Empty-eyebrow-gel-tube-1G-luxury-gradient-metallic-eyebrow-gel-containers-with-angled-brush-4-600x600.jpg 600w, https:\/\/www.alovey.com\/wp-content\/uploads\/2024\/11\/Empty-eyebrow-gel-tube-1G-luxury-gradient-metallic-eyebrow-gel-containers-with-angled-brush-4-100x100.jpg 100w\" sizes=\"(max-width: 750px) 100vw, 750px\" \/><\/p>\n<p><img decoding=\"async\" class=\"size-full wp-image-7542\" src=\"https:\/\/alovey.com\/wp-content\/uploads\/2024\/11\/Empty-eyebrow-gel-tube-1G-luxury-gradient-metallic-eyebrow-gel-containers-with-angled-brush-3.jpg\" alt=\"Empty eyebrow gel tube 1G luxury gradient metallic eyebrow gel containers with angled brush\" width=\"750\" height=\"750\" srcset=\"https:\/\/www.alovey.com\/wp-content\/uploads\/2024\/11\/Empty-eyebrow-gel-tube-1G-luxury-gradient-metallic-eyebrow-gel-containers-with-angled-brush-3.jpg 750w, https:\/\/www.alovey.com\/wp-content\/uploads\/2024\/11\/Empty-eyebrow-gel-tube-1G-luxury-gradient-metallic-eyebrow-gel-containers-with-angled-brush-3-300x300.jpg 300w, https:\/\/www.alovey.com\/wp-content\/uploads\/2024\/11\/Empty-eyebrow-gel-tube-1G-luxury-gradient-metallic-eyebrow-gel-containers-with-angled-brush-3-150x150.jpg 150w, https:\/\/www.alovey.com\/wp-content\/uploads\/2024\/11\/Empty-eyebrow-gel-tube-1G-luxury-gradient-metallic-eyebrow-gel-containers-with-angled-brush-3-600x600.jpg 600w, https:\/\/www.alovey.com\/wp-content\/uploads\/2024\/11\/Empty-eyebrow-gel-tube-1G-luxury-gradient-metallic-eyebrow-gel-containers-with-angled-brush-3-100x100.jpg 100w\" sizes=\"(max-width: 750px) 100vw, 750px\" \/><\/p>\n<p><img loading=\"lazy\" decoding=\"async\" class=\"size-full wp-image-7541\" src=\"https:\/\/alovey.com\/wp-content\/uploads\/2024\/11\/Empty-eyebrow-gel-tube-1G-luxury-gradient-metallic-eyebrow-gel-containers-with-angled-brush-2.jpg\" alt=\"Empty eyebrow gel tube 1G luxury gradient metallic eyebrow gel containers with angled brush\" width=\"750\" height=\"750\" srcset=\"https:\/\/www.alovey.com\/wp-content\/uploads\/2024\/11\/Empty-eyebrow-gel-tube-1G-luxury-gradient-metallic-eyebrow-gel-containers-with-angled-brush-2.jpg 750w, https:\/\/www.alovey.com\/wp-content\/uploads\/2024\/11\/Empty-eyebrow-gel-tube-1G-luxury-gradient-metallic-eyebrow-gel-containers-with-angled-brush-2-300x300.jpg 300w, https:\/\/www.alovey.com\/wp-content\/uploads\/2024\/11\/Empty-eyebrow-gel-tube-1G-luxury-gradient-metallic-eyebrow-gel-containers-with-angled-brush-2-150x150.jpg 150w, https:\/\/www.alovey.com\/wp-content\/uploads\/2024\/11\/Empty-eyebrow-gel-tube-1G-luxury-gradient-metallic-eyebrow-gel-containers-with-angled-brush-2-600x600.jpg 600w, https:\/\/www.alovey.com\/wp-content\/uploads\/2024\/11\/Empty-eyebrow-gel-tube-1G-luxury-gradient-metallic-eyebrow-gel-containers-with-angled-brush-2-100x100.jpg 100w\" sizes=\"(max-width: 750px) 100vw, 750px\" \/><\/p>\n<p><img loading=\"lazy\" decoding=\"async\" class=\"size-full wp-image-7540\" src=\"https:\/\/alovey.com\/wp-content\/uploads\/2024\/11\/Empty-eyebrow-gel-tube-1G-luxury-gradient-metallic-eyebrow-gel-containers-with-angled-brush-1.jpg\" alt=\"Empty eyebrow gel tube 1G luxury gradient metallic eyebrow gel containers with angled brush\" width=\"750\" height=\"750\" srcset=\"https:\/\/www.alovey.com\/wp-content\/uploads\/2024\/11\/Empty-eyebrow-gel-tube-1G-luxury-gradient-metallic-eyebrow-gel-containers-with-angled-brush-1.jpg 750w, https:\/\/www.alovey.com\/wp-content\/uploads\/2024\/11\/Empty-eyebrow-gel-tube-1G-luxury-gradient-metallic-eyebrow-gel-containers-with-angled-brush-1-300x300.jpg 300w, https:\/\/www.alovey.com\/wp-content\/uploads\/2024\/11\/Empty-eyebrow-gel-tube-1G-luxury-gradient-metallic-eyebrow-gel-containers-with-angled-brush-1-150x150.jpg 150w, https:\/\/www.alovey.com\/wp-content\/uploads\/2024\/11\/Empty-eyebrow-gel-tube-1G-luxury-gradient-metallic-eyebrow-gel-containers-with-angled-brush-1-600x600.jpg 600w, https:\/\/www.alovey.com\/wp-content\/uploads\/2024\/11\/Empty-eyebrow-gel-tube-1G-luxury-gradient-metallic-eyebrow-gel-containers-with-angled-brush-1-100x100.jpg 100w\" sizes=\"(max-width: 750px) 100vw, 750px\" \/><\/p>\n<p><img loading=\"lazy\" decoding=\"async\" class=\"size-full wp-image-7539\" src=\"https:\/\/alovey.com\/wp-content\/uploads\/2024\/11\/Empty-eyebrow-gel-tube-1G-luxury-gradient-metallic-eyebrow-gel-containers-with-angled-brush-6.jpg\" alt=\"Empty eyebrow gel tube 1G luxury gradient metallic eyebrow gel containers with angled brush\" width=\"750\" height=\"750\" srcset=\"https:\/\/www.alovey.com\/wp-content\/uploads\/2024\/11\/Empty-eyebrow-gel-tube-1G-luxury-gradient-metallic-eyebrow-gel-containers-with-angled-brush-6.jpg 750w, https:\/\/www.alovey.com\/wp-content\/uploads\/2024\/11\/Empty-eyebrow-gel-tube-1G-luxury-gradient-metallic-eyebrow-gel-containers-with-angled-brush-6-300x300.jpg 300w, https:\/\/www.alovey.com\/wp-content\/uploads\/2024\/11\/Empty-eyebrow-gel-tube-1G-luxury-gradient-metallic-eyebrow-gel-containers-with-angled-brush-6-150x150.jpg 150w, https:\/\/www.alovey.com\/wp-content\/uploads\/2024\/11\/Empty-eyebrow-gel-tube-1G-luxury-gradient-metallic-eyebrow-gel-containers-with-angled-brush-6-600x600.jpg 600w, https:\/\/www.alovey.com\/wp-content\/uploads\/2024\/11\/Empty-eyebrow-gel-tube-1G-luxury-gradient-metallic-eyebrow-gel-containers-with-angled-brush-6-100x100.jpg 100w\" sizes=\"(max-width: 750px) 100vw, 750px\" \/><\/p>\n<p>&nbsp;<\/p>\n<p>&nbsp;<\/p>\n<p>&nbsp;<\/p>\n<p>&nbsp;<\/p>\n<p>&nbsp;<\/p>\n<p>&nbsp;<\/p>\n<p>&nbsp;<\/p>\n<p>&nbsp;<\/p>\n<p>&nbsp;<\/p>\n<p>&nbsp;<\/p>\n<p>&nbsp;<\/p>\n<p>&nbsp;<\/p>\n<p>&nbsp;<\/p>\n<p>&nbsp;<\/p>\n<p>&nbsp;<\/p>\n<p>&nbsp;<\/p>\n<p>&nbsp;<\/p>\n<p>&nbsp;<\/p>\n<p>&nbsp;<\/p>\n<p>&nbsp;<\/p>\n<p>&nbsp;<\/p>\n<p>&nbsp;<\/p>\n<p>&nbsp;<\/p>\n<p>&nbsp;<\/p>\n<p>&nbsp;<\/p>\n<p>&nbsp;<\/p>\n<p>&nbsp;<\/p>\n<p>&nbsp;<\/p>\n<p>&nbsp;<\/p>\n<p>&nbsp;<\/p>\n<p>&nbsp;<\/p>\n<p>&nbsp;<\/p>\n<p>&nbsp;<\/p>\n<p>&nbsp;<\/p>\n<p>&nbsp;<\/p>\n<p>&nbsp;<\/p>\n<p>&nbsp;<\/p>\n<p>&nbsp;<\/p>\n<p>&nbsp;<\/p>\n<p>&nbsp;<\/p>\n<p>&nbsp;<\/p>\n<p>&nbsp;<\/p>\n<p>&nbsp;<\/p>\n<p>&nbsp;<\/p>\n<p>&nbsp;<\/p>\n<p>&nbsp;<\/p>\n<p>&nbsp;<\/p>\n<p>&nbsp;<\/p>\n<p>&nbsp;<\/p>\n<p>&nbsp;<\/p>\n<p>&nbsp;<\/p>\n<p>&nbsp;<\/p>\n<p>&nbsp;<\/p>\n<p>&nbsp;<\/p>\n<p>&nbsp;<\/p>\n<p>&nbsp;<\/p>\n<p>&nbsp;<\/p>\n<p>&nbsp;<\/p>\n<p>&nbsp;<\/p>\n<p>&nbsp;<\/p>\n<p>&nbsp;<\/p>\n<p>&nbsp;<\/p>\n<p>&nbsp;<\/p>\n<p>&nbsp;<\/p>\n<p>&nbsp;<\/p>\n<p>&nbsp;<\/p>\n<p>&nbsp;<\/p>\n<p>&nbsp;<\/p>\n<p>&nbsp;<\/p>\n<p>&nbsp;<\/p>\n<p>&nbsp;<\/p>\n<p>&nbsp;<\/p>\n<p>&nbsp;<\/p>\n<p>&nbsp;<\/p>\n<p>&nbsp;<\/p>\n<p>&nbsp;<\/p>\n<p>&nbsp;<\/p>\n<p>&nbsp;<\/p>\n<p>&nbsp;<\/p>\n<p>&nbsp;<\/p>\n<p>&nbsp;<\/p>\n<p>&nbsp;<\/p>\n<p>&nbsp;<\/p>\n<p>&nbsp;<\/p>\n<p>&nbsp;<\/p>\n<p>&nbsp;<\/p>\n<p>&nbsp;<\/p>\n<p>&nbsp;<\/p>\n<p>&nbsp;<\/p>\n<p>&nbsp;<\/p>\n<p>&nbsp;<\/p>\n<p>&nbsp;<\/p>\n<p>&nbsp;<\/p>\n<p>&nbsp;<\/p>\n<p>&nbsp;<\/p>\n<p>&nbsp;<\/p>\n<p>&nbsp;<\/p>\n<p>&nbsp;<\/p>\n<p>&nbsp;<\/p>\n<p>&nbsp;<\/p>\n<p>&nbsp;<\/p>\n<p>&nbsp;<\/p>\n<p>&nbsp;<\/p>\n<p>&nbsp;<\/p>\n<p>&nbsp;<\/p>\n<p>&nbsp;<\/p>\n<p>&nbsp;<\/p>\n<p>&nbsp;<\/p>\n<p>&nbsp;<\/p>\n<p>&nbsp;<\/p>\n<p>&nbsp;<\/p>\n<p>&nbsp;<\/p>\n<p>&nbsp;<\/p>\n<p>&nbsp;<\/p>\n<p>&nbsp;<\/p>\n<p>&nbsp;<\/p>","protected":false},"excerpt":{"rendered":"<ul>\n<li>Item No: D-0127A<\/li>\n<li>Material:  Pl\u00e1stico<\/li>\n<li>Capacity:1g<\/li>\n<li>Size:\u00a0D13*H116.5MM<\/li>\n<li>Aplica\u00e7\u00f5es: Produtos de beleza<\/li>\n<li>MOQ: 10.000 unidades<\/li>\n<li>Cor: cor personalizada<\/li>\n<li>Tratamento de superf\u00edcie: Inje\u00e7\u00e3o\/Matte\/Metaliza\u00e7\u00e3o\/Revestimento UV<\/li>\n<li>Nome da marca: OEM\/ODM<\/li>\n<li>Logotipo: Logotipo do cliente<\/li>\n<li>Capacidade de fornecimento: 100.000 pe\u00e7as por m\u00eas<\/li>\n<\/ul>","protected":false},"featured_media":7544,"template":"","meta":{"_acf_changed":false},"product_brand":[],"product_cat":[377],"product_tag":[400,396],"class_list":{"0":"post-7538","1":"product","2":"type-product","3":"status-publish","4":"has-post-thumbnail","6":"product_cat-china-custom-eyeliner-tubes-manufacturers","7":"product_tag-eyebrow-gel-tube","8":"product_tag-eyeliner-tube","10":"first","11":"instock","12":"shipping-taxable","13":"product-type-simple"},"acf":[],"yoast_head":"<!-- This site is optimized with the Yoast SEO plugin v24.1 - https:\/\/yoast.com\/wordpress\/plugins\/seo\/ -->\n<title>Empty eyebrow gel tube 1g luxury gradient metallic eyebrow gel containers with angled brush<\/title>\n<meta name=\"description\" content=\"Empty eyebrow gel tube 1G luxury gradient metallic eyebrow gel containers with angled brush is the newest packaging for eyebrow. The design of angled brush will be better for you to outline the eyebrow shape.\" \/>\n<meta name=\"robots\" content=\"index, follow, max-snippet:-1, max-image-preview:large, max-video-preview:-1\" \/>\n<link rel=\"canonical\" href=\"https:\/\/www.alovey.com\/pt\/produto\/empty-eyebrow-gel-tube-1g-luxury-gradient-metallic-eyebrow-gel-containers-with-angled-brush\/\" \/>\n<meta property=\"og:locale\" content=\"pt_BR\" \/>\n<meta property=\"og:type\" content=\"article\" \/>\n<meta property=\"og:title\" content=\"Empty eyebrow gel tube 1g luxury gradient metallic eyebrow gel containers with angled brush\" \/>\n<meta property=\"og:description\" content=\"Empty eyebrow gel tube 1G luxury gradient metallic eyebrow gel containers with angled brush is the newest packaging for eyebrow. The design of angled brush will be better for you to outline the eyebrow shape.\" \/>\n<meta property=\"og:url\" content=\"https:\/\/www.alovey.com\/pt\/produto\/empty-eyebrow-gel-tube-1g-luxury-gradient-metallic-eyebrow-gel-containers-with-angled-brush\/\" \/>\n<meta property=\"og:site_name\" content=\"Best Cosmetic Packaging Manufacture\" \/>\n<meta property=\"article:modified_time\" content=\"2024-11-21T03:20:55+00:00\" \/>\n<meta property=\"og:image\" content=\"https:\/\/www.alovey.com\/wp-content\/uploads\/2024\/11\/Empty-eyebrow-gel-tube-1G-luxury-gradient-metallic-eyebrow-gel-containers-with-angled-brush-5.jpg\" \/>\n\t<meta property=\"og:image:width\" content=\"750\" \/>\n\t<meta property=\"og:image:height\" content=\"750\" \/>\n\t<meta property=\"og:image:type\" content=\"image\/jpeg\" \/>\n<meta name=\"twitter:card\" content=\"summary_large_image\" \/>\n<meta name=\"twitter:label1\" content=\"Est. tempo de leitura\" \/>\n\t<meta name=\"twitter:data1\" content=\"2 minutos\" \/>\n<script type=\"application\/ld+json\" class=\"yoast-schema-graph\">{\"@context\":\"https:\/\/schema.org\",\"@graph\":[{\"@type\":\"WebPage\",\"@id\":\"https:\/\/www.alovey.com\/product\/empty-eyebrow-gel-tube-1g-luxury-gradient-metallic-eyebrow-gel-containers-with-angled-brush\/\",\"url\":\"https:\/\/www.alovey.com\/product\/empty-eyebrow-gel-tube-1g-luxury-gradient-metallic-eyebrow-gel-containers-with-angled-brush\/\",\"name\":\"Empty eyebrow gel tube 1g luxury gradient metallic eyebrow gel containers with angled brush\",\"isPartOf\":{\"@id\":\"https:\/\/www.alovey.com\/#website\"},\"primaryImageOfPage\":{\"@id\":\"https:\/\/www.alovey.com\/product\/empty-eyebrow-gel-tube-1g-luxury-gradient-metallic-eyebrow-gel-containers-with-angled-brush\/#primaryimage\"},\"image\":{\"@id\":\"https:\/\/www.alovey.com\/product\/empty-eyebrow-gel-tube-1g-luxury-gradient-metallic-eyebrow-gel-containers-with-angled-brush\/#primaryimage\"},\"thumbnailUrl\":\"https:\/\/www.alovey.com\/wp-content\/uploads\/2024\/11\/Empty-eyebrow-gel-tube-1G-luxury-gradient-metallic-eyebrow-gel-containers-with-angled-brush-5.jpg\",\"datePublished\":\"2024-11-21T02:32:03+00:00\",\"dateModified\":\"2024-11-21T03:20:55+00:00\",\"description\":\"Empty eyebrow gel tube 1G luxury gradient metallic eyebrow gel containers with angled brush is the newest packaging for eyebrow. The design of angled brush will be better for you to outline the eyebrow shape.\",\"breadcrumb\":{\"@id\":\"https:\/\/www.alovey.com\/product\/empty-eyebrow-gel-tube-1g-luxury-gradient-metallic-eyebrow-gel-containers-with-angled-brush\/#breadcrumb\"},\"inLanguage\":\"pt-BR\",\"potentialAction\":[{\"@type\":\"ReadAction\",\"target\":[\"https:\/\/www.alovey.com\/product\/empty-eyebrow-gel-tube-1g-luxury-gradient-metallic-eyebrow-gel-containers-with-angled-brush\/\"]}]},{\"@type\":\"ImageObject\",\"inLanguage\":\"pt-BR\",\"@id\":\"https:\/\/www.alovey.com\/product\/empty-eyebrow-gel-tube-1g-luxury-gradient-metallic-eyebrow-gel-containers-with-angled-brush\/#primaryimage\",\"url\":\"https:\/\/www.alovey.com\/wp-content\/uploads\/2024\/11\/Empty-eyebrow-gel-tube-1G-luxury-gradient-metallic-eyebrow-gel-containers-with-angled-brush-5.jpg\",\"contentUrl\":\"https:\/\/www.alovey.com\/wp-content\/uploads\/2024\/11\/Empty-eyebrow-gel-tube-1G-luxury-gradient-metallic-eyebrow-gel-containers-with-angled-brush-5.jpg\",\"width\":750,\"height\":750,\"caption\":\"Empty eyebrow gel tube 1G luxury gradient metallic eyebrow gel containers with angled brush\"},{\"@type\":\"BreadcrumbList\",\"@id\":\"https:\/\/www.alovey.com\/product\/empty-eyebrow-gel-tube-1g-luxury-gradient-metallic-eyebrow-gel-containers-with-angled-brush\/#breadcrumb\",\"itemListElement\":[{\"@type\":\"ListItem\",\"position\":1,\"name\":\"\u9996\u9875\",\"item\":\"https:\/\/www.alovey.com\/\"},{\"@type\":\"ListItem\",\"position\":2,\"name\":\"Products\",\"item\":\"https:\/\/www.alovey.com\/products\/\"},{\"@type\":\"ListItem\",\"position\":3,\"name\":\"Empty eyebrow gel tube 1G luxury gradient metallic eyebrow gel containers with angled brush\"}]},{\"@type\":\"WebSite\",\"@id\":\"https:\/\/www.alovey.com\/#website\",\"url\":\"https:\/\/www.alovey.com\/\",\"name\":\"Best Cosmetic Packaging Manufacture\",\"description\":\"Alovey Cosmetic Packaging Co.,Ltd\",\"publisher\":{\"@id\":\"https:\/\/www.alovey.com\/#organization\"},\"potentialAction\":[{\"@type\":\"SearchAction\",\"target\":{\"@type\":\"EntryPoint\",\"urlTemplate\":\"https:\/\/www.alovey.com\/?s={search_term_string}\"},\"query-input\":{\"@type\":\"PropertyValueSpecification\",\"valueRequired\":true,\"valueName\":\"search_term_string\"}}],\"inLanguage\":\"pt-BR\"},{\"@type\":\"Organization\",\"@id\":\"https:\/\/www.alovey.com\/#organization\",\"name\":\"Best Cosmetic Packaging Manufacture\",\"url\":\"https:\/\/www.alovey.com\/\",\"logo\":{\"@type\":\"ImageObject\",\"inLanguage\":\"pt-BR\",\"@id\":\"https:\/\/www.alovey.com\/#\/schema\/logo\/image\/\",\"url\":\"https:\/\/www.alovey.com\/wp-content\/uploads\/2023\/03\/logo.png\",\"contentUrl\":\"https:\/\/www.alovey.com\/wp-content\/uploads\/2023\/03\/logo.png\",\"width\":505,\"height\":180,\"caption\":\"Best  Cosmetic Packaging Manufacture\"},\"image\":{\"@id\":\"https:\/\/www.alovey.com\/#\/schema\/logo\/image\/\"}}]}<\/script>\n<!-- \/ Yoast SEO plugin. -->","yoast_head_json":{"title":"Empty eyebrow gel tube 1g luxury gradient metallic eyebrow gel containers with angled brush","description":"Empty eyebrow gel tube 1G luxury gradient metallic eyebrow gel containers with angled brush is the newest packaging for eyebrow. The design of angled brush will be better for you to outline the eyebrow shape.","robots":{"index":"index","follow":"follow","max-snippet":"max-snippet:-1","max-image-preview":"max-image-preview:large","max-video-preview":"max-video-preview:-1"},"canonical":"https:\/\/www.alovey.com\/pt\/produto\/empty-eyebrow-gel-tube-1g-luxury-gradient-metallic-eyebrow-gel-containers-with-angled-brush\/","og_locale":"pt_BR","og_type":"article","og_title":"Empty eyebrow gel tube 1g luxury gradient metallic eyebrow gel containers with angled brush","og_description":"Empty eyebrow gel tube 1G luxury gradient metallic eyebrow gel containers with angled brush is the newest packaging for eyebrow. The design of angled brush will be better for you to outline the eyebrow shape.","og_url":"https:\/\/www.alovey.com\/pt\/produto\/empty-eyebrow-gel-tube-1g-luxury-gradient-metallic-eyebrow-gel-containers-with-angled-brush\/","og_site_name":"Best Cosmetic Packaging Manufacture","article_modified_time":"2024-11-21T03:20:55+00:00","og_image":[{"width":750,"height":750,"url":"https:\/\/www.alovey.com\/wp-content\/uploads\/2024\/11\/Empty-eyebrow-gel-tube-1G-luxury-gradient-metallic-eyebrow-gel-containers-with-angled-brush-5.jpg","type":"image\/jpeg"}],"twitter_card":"summary_large_image","twitter_misc":{"Est. tempo de leitura":"2 minutos"},"schema":{"@context":"https:\/\/schema.org","@graph":[{"@type":"WebPage","@id":"https:\/\/www.alovey.com\/product\/empty-eyebrow-gel-tube-1g-luxury-gradient-metallic-eyebrow-gel-containers-with-angled-brush\/","url":"https:\/\/www.alovey.com\/product\/empty-eyebrow-gel-tube-1g-luxury-gradient-metallic-eyebrow-gel-containers-with-angled-brush\/","name":"Empty eyebrow gel tube 1g luxury gradient metallic eyebrow gel containers with angled brush","isPartOf":{"@id":"https:\/\/www.alovey.com\/#website"},"primaryImageOfPage":{"@id":"https:\/\/www.alovey.com\/product\/empty-eyebrow-gel-tube-1g-luxury-gradient-metallic-eyebrow-gel-containers-with-angled-brush\/#primaryimage"},"image":{"@id":"https:\/\/www.alovey.com\/product\/empty-eyebrow-gel-tube-1g-luxury-gradient-metallic-eyebrow-gel-containers-with-angled-brush\/#primaryimage"},"thumbnailUrl":"https:\/\/www.alovey.com\/wp-content\/uploads\/2024\/11\/Empty-eyebrow-gel-tube-1G-luxury-gradient-metallic-eyebrow-gel-containers-with-angled-brush-5.jpg","datePublished":"2024-11-21T02:32:03+00:00","dateModified":"2024-11-21T03:20:55+00:00","description":"Empty eyebrow gel tube 1G luxury gradient metallic eyebrow gel containers with angled brush is the newest packaging for eyebrow. The design of angled brush will be better for you to outline the eyebrow shape.","breadcrumb":{"@id":"https:\/\/www.alovey.com\/product\/empty-eyebrow-gel-tube-1g-luxury-gradient-metallic-eyebrow-gel-containers-with-angled-brush\/#breadcrumb"},"inLanguage":"pt-BR","potentialAction":[{"@type":"ReadAction","target":["https:\/\/www.alovey.com\/product\/empty-eyebrow-gel-tube-1g-luxury-gradient-metallic-eyebrow-gel-containers-with-angled-brush\/"]}]},{"@type":"ImageObject","inLanguage":"pt-BR","@id":"https:\/\/www.alovey.com\/product\/empty-eyebrow-gel-tube-1g-luxury-gradient-metallic-eyebrow-gel-containers-with-angled-brush\/#primaryimage","url":"https:\/\/www.alovey.com\/wp-content\/uploads\/2024\/11\/Empty-eyebrow-gel-tube-1G-luxury-gradient-metallic-eyebrow-gel-containers-with-angled-brush-5.jpg","contentUrl":"https:\/\/www.alovey.com\/wp-content\/uploads\/2024\/11\/Empty-eyebrow-gel-tube-1G-luxury-gradient-metallic-eyebrow-gel-containers-with-angled-brush-5.jpg","width":750,"height":750,"caption":"Empty eyebrow gel tube 1G luxury gradient metallic eyebrow gel containers with angled brush"},{"@type":"BreadcrumbList","@id":"https:\/\/www.alovey.com\/product\/empty-eyebrow-gel-tube-1g-luxury-gradient-metallic-eyebrow-gel-containers-with-angled-brush\/#breadcrumb","itemListElement":[{"@type":"ListItem","position":1,"name":"\u9996\u9875","item":"https:\/\/www.alovey.com\/"},{"@type":"ListItem","position":2,"name":"Products","item":"https:\/\/www.alovey.com\/products\/"},{"@type":"ListItem","position":3,"name":"Empty eyebrow gel tube 1G luxury gradient metallic eyebrow gel containers with angled brush"}]},{"@type":"WebSite","@id":"https:\/\/www.alovey.com\/#website","url":"https:\/\/www.alovey.com\/","name":"Best Cosmetic Packaging Manufacture","description":"Alovey Cosmetic Packaging Co.,Ltd","publisher":{"@id":"https:\/\/www.alovey.com\/#organization"},"potentialAction":[{"@type":"SearchAction","target":{"@type":"EntryPoint","urlTemplate":"https:\/\/www.alovey.com\/?s={search_term_string}"},"query-input":{"@type":"PropertyValueSpecification","valueRequired":true,"valueName":"search_term_string"}}],"inLanguage":"pt-BR"},{"@type":"Organization","@id":"https:\/\/www.alovey.com\/#organization","name":"Best Cosmetic Packaging Manufacture","url":"https:\/\/www.alovey.com\/","logo":{"@type":"ImageObject","inLanguage":"pt-BR","@id":"https:\/\/www.alovey.com\/#\/schema\/logo\/image\/","url":"https:\/\/www.alovey.com\/wp-content\/uploads\/2023\/03\/logo.png","contentUrl":"https:\/\/www.alovey.com\/wp-content\/uploads\/2023\/03\/logo.png","width":505,"height":180,"caption":"Best  Cosmetic Packaging Manufacture"},"image":{"@id":"https:\/\/www.alovey.com\/#\/schema\/logo\/image\/"}}]}},"_links":{"self":[{"href":"https:\/\/www.alovey.com\/pt\/wp-json\/wp\/v2\/product\/7538"}],"collection":[{"href":"https:\/\/www.alovey.com\/pt\/wp-json\/wp\/v2\/product"}],"about":[{"href":"https:\/\/www.alovey.com\/pt\/wp-json\/wp\/v2\/types\/product"}],"wp:featuredmedia":[{"embeddable":true,"href":"https:\/\/www.alovey.com\/pt\/wp-json\/wp\/v2\/media\/7544"}],"wp:attachment":[{"href":"https:\/\/www.alovey.com\/pt\/wp-json\/wp\/v2\/media?parent=7538"}],"wp:term":[{"taxonomy":"product_brand","embeddable":true,"href":"https:\/\/www.alovey.com\/pt\/wp-json\/wp\/v2\/product_brand?post=7538"},{"taxonomy":"product_cat","embeddable":true,"href":"https:\/\/www.alovey.com\/pt\/wp-json\/wp\/v2\/product_cat?post=7538"},{"taxonomy":"product_tag","embeddable":true,"href":"https:\/\/www.alovey.com\/pt\/wp-json\/wp\/v2\/product_tag?post=7538"}],"curies":[{"name":"wp","href":"https:\/\/api.w.org\/{rel}","templated":true}]}}