{"id":7474,"date":"2024-11-16T09:53:54","date_gmt":"2024-11-16T09:53:54","guid":{"rendered":"https:\/\/alovey.com\/?post_type=product&#038;p=7474"},"modified":"2024-11-16T09:58:43","modified_gmt":"2024-11-16T09:58:43","slug":"luxury-cosmetic-cream-makeup-pump-bottle-30ml","status":"publish","type":"product","link":"https:\/\/www.alovey.com\/pt\/produto\/luxury-cosmetic-cream-makeup-pump-bottle-30ml\/","title":{"rendered":"Frasco com bomba para maquiagem Luxury Cosmetic Cream 30ML"},"content":{"rendered":"<p><strong>Luxury Cosmetic Cream makeup\u00a0pump\u00a0bottle\u00a030ML\u00a0combines timeless elegance, modern design, and unparalleled quality for a premium skincare experience.<\/strong><\/p>\n<p><strong>A Alovey, como fabricante profissional chinesa de embalagens para cosm\u00e9ticos, produz uma linha requintada de embalagens personalizadas para cosm\u00e9ticos, meticulosamente elaboradas para elevar sua marca. Nossa sele\u00e7\u00e3o diversificada de materiais premium, combinada com t\u00e9cnicas delicadas de acabamento de superf\u00edcie, como impress\u00e3o em tela de seda, hot stamping e pulveriza\u00e7\u00e3o fosca, garante que cada embalagem seja uma obra-prima exclusiva.<\/strong><\/p>\n<p><img fetchpriority=\"high\" decoding=\"async\" class=\"size-full wp-image-7479\" src=\"https:\/\/alovey.com\/wp-content\/uploads\/2024\/11\/Luxury-Cosmetic-Cream-makeup-pump-bottle-30ML-4.jpg\" alt=\"Luxury Cosmetic Cream makeup pump bottle 30ML\" width=\"750\" height=\"750\" srcset=\"https:\/\/www.alovey.com\/wp-content\/uploads\/2024\/11\/Luxury-Cosmetic-Cream-makeup-pump-bottle-30ML-4.jpg 750w, https:\/\/www.alovey.com\/wp-content\/uploads\/2024\/11\/Luxury-Cosmetic-Cream-makeup-pump-bottle-30ML-4-300x300.jpg 300w, https:\/\/www.alovey.com\/wp-content\/uploads\/2024\/11\/Luxury-Cosmetic-Cream-makeup-pump-bottle-30ML-4-150x150.jpg 150w, https:\/\/www.alovey.com\/wp-content\/uploads\/2024\/11\/Luxury-Cosmetic-Cream-makeup-pump-bottle-30ML-4-600x600.jpg 600w, https:\/\/www.alovey.com\/wp-content\/uploads\/2024\/11\/Luxury-Cosmetic-Cream-makeup-pump-bottle-30ML-4-100x100.jpg 100w\" sizes=\"(max-width: 750px) 100vw, 750px\" \/><\/p>\n<p><img decoding=\"async\" class=\"size-full wp-image-7478\" src=\"https:\/\/alovey.com\/wp-content\/uploads\/2024\/11\/Luxury-Cosmetic-Cream-makeup-pump-bottle-30ML-3.jpg\" alt=\"Luxury Cosmetic Cream makeup pump bottle 30ML\" width=\"750\" height=\"750\" srcset=\"https:\/\/www.alovey.com\/wp-content\/uploads\/2024\/11\/Luxury-Cosmetic-Cream-makeup-pump-bottle-30ML-3.jpg 750w, https:\/\/www.alovey.com\/wp-content\/uploads\/2024\/11\/Luxury-Cosmetic-Cream-makeup-pump-bottle-30ML-3-300x300.jpg 300w, https:\/\/www.alovey.com\/wp-content\/uploads\/2024\/11\/Luxury-Cosmetic-Cream-makeup-pump-bottle-30ML-3-150x150.jpg 150w, https:\/\/www.alovey.com\/wp-content\/uploads\/2024\/11\/Luxury-Cosmetic-Cream-makeup-pump-bottle-30ML-3-600x600.jpg 600w, https:\/\/www.alovey.com\/wp-content\/uploads\/2024\/11\/Luxury-Cosmetic-Cream-makeup-pump-bottle-30ML-3-100x100.jpg 100w\" sizes=\"(max-width: 750px) 100vw, 750px\" \/><\/p>\n<p><img decoding=\"async\" class=\"size-full wp-image-7477\" src=\"https:\/\/alovey.com\/wp-content\/uploads\/2024\/11\/Luxury-Cosmetic-Cream-makeup-pump-bottle-30ML-2.jpg\" alt=\"Luxury Cosmetic Cream makeup pump bottle 30ML\" width=\"750\" height=\"750\" srcset=\"https:\/\/www.alovey.com\/wp-content\/uploads\/2024\/11\/Luxury-Cosmetic-Cream-makeup-pump-bottle-30ML-2.jpg 750w, https:\/\/www.alovey.com\/wp-content\/uploads\/2024\/11\/Luxury-Cosmetic-Cream-makeup-pump-bottle-30ML-2-300x300.jpg 300w, https:\/\/www.alovey.com\/wp-content\/uploads\/2024\/11\/Luxury-Cosmetic-Cream-makeup-pump-bottle-30ML-2-150x150.jpg 150w, https:\/\/www.alovey.com\/wp-content\/uploads\/2024\/11\/Luxury-Cosmetic-Cream-makeup-pump-bottle-30ML-2-600x600.jpg 600w, https:\/\/www.alovey.com\/wp-content\/uploads\/2024\/11\/Luxury-Cosmetic-Cream-makeup-pump-bottle-30ML-2-100x100.jpg 100w\" sizes=\"(max-width: 750px) 100vw, 750px\" \/><\/p>\n<p><img loading=\"lazy\" decoding=\"async\" class=\"size-full wp-image-7476\" src=\"https:\/\/alovey.com\/wp-content\/uploads\/2024\/11\/Luxury-Cosmetic-Cream-makeup-pump-bottle-30ML-1.jpg\" alt=\"Luxury Cosmetic Cream makeup pump bottle 30ML\" width=\"750\" height=\"750\" srcset=\"https:\/\/www.alovey.com\/wp-content\/uploads\/2024\/11\/Luxury-Cosmetic-Cream-makeup-pump-bottle-30ML-1.jpg 750w, https:\/\/www.alovey.com\/wp-content\/uploads\/2024\/11\/Luxury-Cosmetic-Cream-makeup-pump-bottle-30ML-1-300x300.jpg 300w, https:\/\/www.alovey.com\/wp-content\/uploads\/2024\/11\/Luxury-Cosmetic-Cream-makeup-pump-bottle-30ML-1-150x150.jpg 150w, https:\/\/www.alovey.com\/wp-content\/uploads\/2024\/11\/Luxury-Cosmetic-Cream-makeup-pump-bottle-30ML-1-600x600.jpg 600w, https:\/\/www.alovey.com\/wp-content\/uploads\/2024\/11\/Luxury-Cosmetic-Cream-makeup-pump-bottle-30ML-1-100x100.jpg 100w\" sizes=\"(max-width: 750px) 100vw, 750px\" \/><\/p>\n<p><img loading=\"lazy\" decoding=\"async\" class=\"size-full wp-image-7480\" src=\"https:\/\/alovey.com\/wp-content\/uploads\/2024\/11\/Luxury-Cosmetic-Cream-makeup-pump-bottle-30ML-5.jpg\" alt=\"Luxury Cosmetic Cream makeup pump bottle 30ML\" width=\"750\" height=\"750\" srcset=\"https:\/\/www.alovey.com\/wp-content\/uploads\/2024\/11\/Luxury-Cosmetic-Cream-makeup-pump-bottle-30ML-5.jpg 750w, https:\/\/www.alovey.com\/wp-content\/uploads\/2024\/11\/Luxury-Cosmetic-Cream-makeup-pump-bottle-30ML-5-300x300.jpg 300w, https:\/\/www.alovey.com\/wp-content\/uploads\/2024\/11\/Luxury-Cosmetic-Cream-makeup-pump-bottle-30ML-5-150x150.jpg 150w, https:\/\/www.alovey.com\/wp-content\/uploads\/2024\/11\/Luxury-Cosmetic-Cream-makeup-pump-bottle-30ML-5-600x600.jpg 600w, https:\/\/www.alovey.com\/wp-content\/uploads\/2024\/11\/Luxury-Cosmetic-Cream-makeup-pump-bottle-30ML-5-100x100.jpg 100w\" sizes=\"(max-width: 750px) 100vw, 750px\" \/><\/p>\n<p><img loading=\"lazy\" decoding=\"async\" class=\"size-full wp-image-7475\" src=\"https:\/\/alovey.com\/wp-content\/uploads\/2024\/11\/Luxury-Cosmetic-Cream-makeup-pump-bottle-30ML-6.jpg\" alt=\"Luxury Cosmetic Cream makeup pump bottle 30ML\" width=\"750\" height=\"750\" srcset=\"https:\/\/www.alovey.com\/wp-content\/uploads\/2024\/11\/Luxury-Cosmetic-Cream-makeup-pump-bottle-30ML-6.jpg 750w, https:\/\/www.alovey.com\/wp-content\/uploads\/2024\/11\/Luxury-Cosmetic-Cream-makeup-pump-bottle-30ML-6-300x300.jpg 300w, https:\/\/www.alovey.com\/wp-content\/uploads\/2024\/11\/Luxury-Cosmetic-Cream-makeup-pump-bottle-30ML-6-150x150.jpg 150w, https:\/\/www.alovey.com\/wp-content\/uploads\/2024\/11\/Luxury-Cosmetic-Cream-makeup-pump-bottle-30ML-6-600x600.jpg 600w, https:\/\/www.alovey.com\/wp-content\/uploads\/2024\/11\/Luxury-Cosmetic-Cream-makeup-pump-bottle-30ML-6-100x100.jpg 100w\" sizes=\"(max-width: 750px) 100vw, 750px\" \/><\/p>\n<p>&nbsp;<\/p>\n<p>&nbsp;<\/p>\n<p>&nbsp;<\/p>\n<p>&nbsp;<\/p>\n<p>&nbsp;<\/p>\n<p>&nbsp;<\/p>\n<p>&nbsp;<\/p>\n<p>&nbsp;<\/p>\n<p>&nbsp;<\/p>\n<p>&nbsp;<\/p>\n<p>&nbsp;<\/p>\n<p>&nbsp;<\/p>\n<p>&nbsp;<\/p>\n<p>&nbsp;<\/p>\n<p>&nbsp;<\/p>\n<p>&nbsp;<\/p>\n<p>&nbsp;<\/p>\n<p>&nbsp;<\/p>\n<p>&nbsp;<\/p>\n<p>&nbsp;<\/p>\n<p>&nbsp;<\/p>\n<p>&nbsp;<\/p>\n<p>&nbsp;<\/p>\n<p>&nbsp;<\/p>\n<p>&nbsp;<\/p>\n<p>&nbsp;<\/p>\n<p>&nbsp;<\/p>\n<p>&nbsp;<\/p>\n<p>&nbsp;<\/p>\n<p>&nbsp;<\/p>\n<p>&nbsp;<\/p>\n<p>&nbsp;<\/p>\n<p>&nbsp;<\/p>\n<p>&nbsp;<\/p>\n<p>&nbsp;<\/p>\n<p>&nbsp;<\/p>\n<p>&nbsp;<\/p>\n<p>&nbsp;<\/p>\n<p>&nbsp;<\/p>\n<p>&nbsp;<\/p>\n<p>&nbsp;<\/p>\n<p>&nbsp;<\/p>\n<p>&nbsp;<\/p>\n<p>&nbsp;<\/p>\n<p>&nbsp;<\/p>\n<p>&nbsp;<\/p>\n<p>&nbsp;<\/p>\n<p>&nbsp;<\/p>\n<p>&nbsp;<\/p>\n<p>&nbsp;<\/p>\n<p>&nbsp;<\/p>\n<p>&nbsp;<\/p>\n<p>&nbsp;<\/p>\n<p>&nbsp;<\/p>\n<p>&nbsp;<\/p>\n<p>&nbsp;<\/p>\n<p>&nbsp;<\/p>\n<p>&nbsp;<\/p>\n<p>&nbsp;<\/p>\n<p>&nbsp;<\/p>\n<p>&nbsp;<\/p>\n<p>&nbsp;<\/p>\n<p>&nbsp;<\/p>\n<p>&nbsp;<\/p>\n<p>&nbsp;<\/p>\n<p>&nbsp;<\/p>\n<p>&nbsp;<\/p>\n<p>&nbsp;<\/p>\n<p>&nbsp;<\/p>\n<p>&nbsp;<\/p>\n<p>&nbsp;<\/p>\n<p>&nbsp;<\/p>\n<p>&nbsp;<\/p>\n<p>&nbsp;<\/p>\n<p>&nbsp;<\/p>\n<p>&nbsp;<\/p>\n<p>&nbsp;<\/p>\n<p>&nbsp;<\/p>\n<p>&nbsp;<\/p>\n<p>&nbsp;<\/p>\n<p>&nbsp;<\/p>\n<p>&nbsp;<\/p>\n<p>&nbsp;<\/p>\n<p>&nbsp;<\/p>\n<p>&nbsp;<\/p>\n<p>&nbsp;<\/p>\n<p>&nbsp;<\/p>\n<p>&nbsp;<\/p>\n<p>&nbsp;<\/p>\n<p>&nbsp;<\/p>\n<p>&nbsp;<\/p>\n<p>&nbsp;<\/p>\n<p>&nbsp;<\/p>\n<p>&nbsp;<\/p>\n<p>&nbsp;<\/p>\n<p>&nbsp;<\/p>\n<p>&nbsp;<\/p>\n<p>&nbsp;<\/p>\n<p>&nbsp;<\/p>","protected":false},"excerpt":{"rendered":"<ul>\n<li>Item No: B-P010B<\/li>\n<li>Material:  Pl\u00e1stico<\/li>\n<li>Size:W29*H124MM(30ml)<\/li>\n<li>Aplica\u00e7\u00f5es: Produtos de beleza<\/li>\n<li>MOQ: 10.000 unidades<\/li>\n<li>Cor: cor personalizada<\/li>\n<li>Tratamento de superf\u00edcie: Inje\u00e7\u00e3o\/Matte\/Metaliza\u00e7\u00e3o\/Revestimento UV<\/li>\n<li>Nome da marca: OEM\/ODM<\/li>\n<li>Logotipo: Logotipo do cliente<\/li>\n<li>Capacidade de fornecimento: 100.000 pe\u00e7as por m\u00eas<\/li>\n<\/ul>","protected":false},"featured_media":7478,"template":"","meta":{"_acf_changed":false},"product_brand":[],"product_cat":[382],"product_tag":[390],"class_list":{"0":"post-7474","1":"product","2":"type-product","3":"status-publish","4":"has-post-thumbnail","6":"product_cat-wholesale-cosmetic-bottles-containers","7":"product_tag-cosmetic-bottle","9":"first","10":"instock","11":"shipping-taxable","12":"product-type-simple"},"acf":[],"yoast_head":"<!-- This site is optimized with the Yoast SEO plugin v24.1 - https:\/\/yoast.com\/wordpress\/plugins\/seo\/ -->\n<title>Luxury Cosmetic Cream makeup pump bottle 30ML<\/title>\n<meta name=\"description\" content=\"Luxury Cosmetic Cream makeup pump bottle 30ML combines timeless elegance, modern design, and unparalleled quality for a premium skincare experience.\" \/>\n<meta name=\"robots\" content=\"index, follow, max-snippet:-1, max-image-preview:large, max-video-preview:-1\" \/>\n<link rel=\"canonical\" href=\"https:\/\/www.alovey.com\/pt\/produto\/luxury-cosmetic-cream-makeup-pump-bottle-30ml\/\" \/>\n<meta property=\"og:locale\" content=\"pt_BR\" \/>\n<meta property=\"og:type\" content=\"article\" \/>\n<meta property=\"og:title\" content=\"Luxury Cosmetic Cream makeup pump bottle 30ML\" \/>\n<meta property=\"og:description\" content=\"Luxury Cosmetic Cream makeup pump bottle 30ML combines timeless elegance, modern design, and unparalleled quality for a premium skincare experience.\" \/>\n<meta property=\"og:url\" content=\"https:\/\/www.alovey.com\/pt\/produto\/luxury-cosmetic-cream-makeup-pump-bottle-30ml\/\" \/>\n<meta property=\"og:site_name\" content=\"Best Cosmetic Packaging Manufacture\" \/>\n<meta property=\"article:modified_time\" content=\"2024-11-16T09:58:43+00:00\" \/>\n<meta property=\"og:image\" content=\"https:\/\/www.alovey.com\/wp-content\/uploads\/2024\/11\/Luxury-Cosmetic-Cream-makeup-pump-bottle-30ML-3.jpg\" \/>\n\t<meta property=\"og:image:width\" content=\"750\" \/>\n\t<meta property=\"og:image:height\" content=\"750\" \/>\n\t<meta property=\"og:image:type\" content=\"image\/jpeg\" \/>\n<meta name=\"twitter:card\" content=\"summary_large_image\" \/>\n<meta name=\"twitter:label1\" content=\"Est. tempo de leitura\" \/>\n\t<meta name=\"twitter:data1\" content=\"2 minutos\" \/>\n<script type=\"application\/ld+json\" class=\"yoast-schema-graph\">{\"@context\":\"https:\/\/schema.org\",\"@graph\":[{\"@type\":\"WebPage\",\"@id\":\"https:\/\/www.alovey.com\/product\/luxury-cosmetic-cream-makeup-pump-bottle-30ml\/\",\"url\":\"https:\/\/www.alovey.com\/product\/luxury-cosmetic-cream-makeup-pump-bottle-30ml\/\",\"name\":\"Luxury Cosmetic Cream makeup pump bottle 30ML\",\"isPartOf\":{\"@id\":\"https:\/\/www.alovey.com\/#website\"},\"primaryImageOfPage\":{\"@id\":\"https:\/\/www.alovey.com\/product\/luxury-cosmetic-cream-makeup-pump-bottle-30ml\/#primaryimage\"},\"image\":{\"@id\":\"https:\/\/www.alovey.com\/product\/luxury-cosmetic-cream-makeup-pump-bottle-30ml\/#primaryimage\"},\"thumbnailUrl\":\"https:\/\/www.alovey.com\/wp-content\/uploads\/2024\/11\/Luxury-Cosmetic-Cream-makeup-pump-bottle-30ML-3.jpg\",\"datePublished\":\"2024-11-16T09:53:54+00:00\",\"dateModified\":\"2024-11-16T09:58:43+00:00\",\"description\":\"Luxury Cosmetic Cream makeup pump bottle 30ML combines timeless elegance, modern design, and unparalleled quality for a premium skincare experience.\",\"breadcrumb\":{\"@id\":\"https:\/\/www.alovey.com\/product\/luxury-cosmetic-cream-makeup-pump-bottle-30ml\/#breadcrumb\"},\"inLanguage\":\"pt-BR\",\"potentialAction\":[{\"@type\":\"ReadAction\",\"target\":[\"https:\/\/www.alovey.com\/product\/luxury-cosmetic-cream-makeup-pump-bottle-30ml\/\"]}]},{\"@type\":\"ImageObject\",\"inLanguage\":\"pt-BR\",\"@id\":\"https:\/\/www.alovey.com\/product\/luxury-cosmetic-cream-makeup-pump-bottle-30ml\/#primaryimage\",\"url\":\"https:\/\/www.alovey.com\/wp-content\/uploads\/2024\/11\/Luxury-Cosmetic-Cream-makeup-pump-bottle-30ML-3.jpg\",\"contentUrl\":\"https:\/\/www.alovey.com\/wp-content\/uploads\/2024\/11\/Luxury-Cosmetic-Cream-makeup-pump-bottle-30ML-3.jpg\",\"width\":750,\"height\":750,\"caption\":\"Luxury Cosmetic Cream makeup pump bottle 30ML\"},{\"@type\":\"BreadcrumbList\",\"@id\":\"https:\/\/www.alovey.com\/product\/luxury-cosmetic-cream-makeup-pump-bottle-30ml\/#breadcrumb\",\"itemListElement\":[{\"@type\":\"ListItem\",\"position\":1,\"name\":\"\u9996\u9875\",\"item\":\"https:\/\/www.alovey.com\/\"},{\"@type\":\"ListItem\",\"position\":2,\"name\":\"Products\",\"item\":\"https:\/\/www.alovey.com\/products\/\"},{\"@type\":\"ListItem\",\"position\":3,\"name\":\"Luxury Cosmetic Cream makeup pump bottle 30ML\"}]},{\"@type\":\"WebSite\",\"@id\":\"https:\/\/www.alovey.com\/#website\",\"url\":\"https:\/\/www.alovey.com\/\",\"name\":\"Best Cosmetic Packaging Manufacture\",\"description\":\"Alovey Cosmetic Packaging Co.,Ltd\",\"publisher\":{\"@id\":\"https:\/\/www.alovey.com\/#organization\"},\"potentialAction\":[{\"@type\":\"SearchAction\",\"target\":{\"@type\":\"EntryPoint\",\"urlTemplate\":\"https:\/\/www.alovey.com\/?s={search_term_string}\"},\"query-input\":{\"@type\":\"PropertyValueSpecification\",\"valueRequired\":true,\"valueName\":\"search_term_string\"}}],\"inLanguage\":\"pt-BR\"},{\"@type\":\"Organization\",\"@id\":\"https:\/\/www.alovey.com\/#organization\",\"name\":\"Best Cosmetic Packaging Manufacture\",\"url\":\"https:\/\/www.alovey.com\/\",\"logo\":{\"@type\":\"ImageObject\",\"inLanguage\":\"pt-BR\",\"@id\":\"https:\/\/www.alovey.com\/#\/schema\/logo\/image\/\",\"url\":\"https:\/\/www.alovey.com\/wp-content\/uploads\/2023\/03\/logo.png\",\"contentUrl\":\"https:\/\/www.alovey.com\/wp-content\/uploads\/2023\/03\/logo.png\",\"width\":505,\"height\":180,\"caption\":\"Best  Cosmetic Packaging Manufacture\"},\"image\":{\"@id\":\"https:\/\/www.alovey.com\/#\/schema\/logo\/image\/\"}}]}<\/script>\n<!-- \/ Yoast SEO plugin. -->","yoast_head_json":{"title":"Frasco com bomba para maquiagem Luxury Cosmetic Cream 30ML","description":"Luxury Cosmetic Cream makeup pump bottle 30ML combines timeless elegance, modern design, and unparalleled quality for a premium skincare experience.","robots":{"index":"index","follow":"follow","max-snippet":"max-snippet:-1","max-image-preview":"max-image-preview:large","max-video-preview":"max-video-preview:-1"},"canonical":"https:\/\/www.alovey.com\/pt\/produto\/luxury-cosmetic-cream-makeup-pump-bottle-30ml\/","og_locale":"pt_BR","og_type":"article","og_title":"Luxury Cosmetic Cream makeup pump bottle 30ML","og_description":"Luxury Cosmetic Cream makeup pump bottle 30ML combines timeless elegance, modern design, and unparalleled quality for a premium skincare experience.","og_url":"https:\/\/www.alovey.com\/pt\/produto\/luxury-cosmetic-cream-makeup-pump-bottle-30ml\/","og_site_name":"Best Cosmetic Packaging Manufacture","article_modified_time":"2024-11-16T09:58:43+00:00","og_image":[{"width":750,"height":750,"url":"https:\/\/www.alovey.com\/wp-content\/uploads\/2024\/11\/Luxury-Cosmetic-Cream-makeup-pump-bottle-30ML-3.jpg","type":"image\/jpeg"}],"twitter_card":"summary_large_image","twitter_misc":{"Est. tempo de leitura":"2 minutos"},"schema":{"@context":"https:\/\/schema.org","@graph":[{"@type":"WebPage","@id":"https:\/\/www.alovey.com\/product\/luxury-cosmetic-cream-makeup-pump-bottle-30ml\/","url":"https:\/\/www.alovey.com\/product\/luxury-cosmetic-cream-makeup-pump-bottle-30ml\/","name":"Frasco com bomba para maquiagem Luxury Cosmetic Cream 30ML","isPartOf":{"@id":"https:\/\/www.alovey.com\/#website"},"primaryImageOfPage":{"@id":"https:\/\/www.alovey.com\/product\/luxury-cosmetic-cream-makeup-pump-bottle-30ml\/#primaryimage"},"image":{"@id":"https:\/\/www.alovey.com\/product\/luxury-cosmetic-cream-makeup-pump-bottle-30ml\/#primaryimage"},"thumbnailUrl":"https:\/\/www.alovey.com\/wp-content\/uploads\/2024\/11\/Luxury-Cosmetic-Cream-makeup-pump-bottle-30ML-3.jpg","datePublished":"2024-11-16T09:53:54+00:00","dateModified":"2024-11-16T09:58:43+00:00","description":"Luxury Cosmetic Cream makeup pump bottle 30ML combines timeless elegance, modern design, and unparalleled quality for a premium skincare experience.","breadcrumb":{"@id":"https:\/\/www.alovey.com\/product\/luxury-cosmetic-cream-makeup-pump-bottle-30ml\/#breadcrumb"},"inLanguage":"pt-BR","potentialAction":[{"@type":"ReadAction","target":["https:\/\/www.alovey.com\/product\/luxury-cosmetic-cream-makeup-pump-bottle-30ml\/"]}]},{"@type":"ImageObject","inLanguage":"pt-BR","@id":"https:\/\/www.alovey.com\/product\/luxury-cosmetic-cream-makeup-pump-bottle-30ml\/#primaryimage","url":"https:\/\/www.alovey.com\/wp-content\/uploads\/2024\/11\/Luxury-Cosmetic-Cream-makeup-pump-bottle-30ML-3.jpg","contentUrl":"https:\/\/www.alovey.com\/wp-content\/uploads\/2024\/11\/Luxury-Cosmetic-Cream-makeup-pump-bottle-30ML-3.jpg","width":750,"height":750,"caption":"Luxury Cosmetic Cream makeup pump bottle 30ML"},{"@type":"BreadcrumbList","@id":"https:\/\/www.alovey.com\/product\/luxury-cosmetic-cream-makeup-pump-bottle-30ml\/#breadcrumb","itemListElement":[{"@type":"ListItem","position":1,"name":"\u9996\u9875","item":"https:\/\/www.alovey.com\/"},{"@type":"ListItem","position":2,"name":"Products","item":"https:\/\/www.alovey.com\/products\/"},{"@type":"ListItem","position":3,"name":"Luxury Cosmetic Cream makeup pump bottle 30ML"}]},{"@type":"WebSite","@id":"https:\/\/www.alovey.com\/#website","url":"https:\/\/www.alovey.com\/","name":"Best Cosmetic Packaging Manufacture","description":"Alovey Cosmetic Packaging Co.,Ltd","publisher":{"@id":"https:\/\/www.alovey.com\/#organization"},"potentialAction":[{"@type":"SearchAction","target":{"@type":"EntryPoint","urlTemplate":"https:\/\/www.alovey.com\/?s={search_term_string}"},"query-input":{"@type":"PropertyValueSpecification","valueRequired":true,"valueName":"search_term_string"}}],"inLanguage":"pt-BR"},{"@type":"Organization","@id":"https:\/\/www.alovey.com\/#organization","name":"Best Cosmetic Packaging Manufacture","url":"https:\/\/www.alovey.com\/","logo":{"@type":"ImageObject","inLanguage":"pt-BR","@id":"https:\/\/www.alovey.com\/#\/schema\/logo\/image\/","url":"https:\/\/www.alovey.com\/wp-content\/uploads\/2023\/03\/logo.png","contentUrl":"https:\/\/www.alovey.com\/wp-content\/uploads\/2023\/03\/logo.png","width":505,"height":180,"caption":"Best  Cosmetic Packaging Manufacture"},"image":{"@id":"https:\/\/www.alovey.com\/#\/schema\/logo\/image\/"}}]}},"_links":{"self":[{"href":"https:\/\/www.alovey.com\/pt\/wp-json\/wp\/v2\/product\/7474"}],"collection":[{"href":"https:\/\/www.alovey.com\/pt\/wp-json\/wp\/v2\/product"}],"about":[{"href":"https:\/\/www.alovey.com\/pt\/wp-json\/wp\/v2\/types\/product"}],"wp:featuredmedia":[{"embeddable":true,"href":"https:\/\/www.alovey.com\/pt\/wp-json\/wp\/v2\/media\/7478"}],"wp:attachment":[{"href":"https:\/\/www.alovey.com\/pt\/wp-json\/wp\/v2\/media?parent=7474"}],"wp:term":[{"taxonomy":"product_brand","embeddable":true,"href":"https:\/\/www.alovey.com\/pt\/wp-json\/wp\/v2\/product_brand?post=7474"},{"taxonomy":"product_cat","embeddable":true,"href":"https:\/\/www.alovey.com\/pt\/wp-json\/wp\/v2\/product_cat?post=7474"},{"taxonomy":"product_tag","embeddable":true,"href":"https:\/\/www.alovey.com\/pt\/wp-json\/wp\/v2\/product_tag?post=7474"}],"curies":[{"name":"wp","href":"https:\/\/api.w.org\/{rel}","templated":true}]}}