{"id":7438,"date":"2024-11-16T03:16:20","date_gmt":"2024-11-16T03:16:20","guid":{"rendered":"https:\/\/alovey.com\/?post_type=product&#038;p=7438"},"modified":"2024-11-16T03:25:24","modified_gmt":"2024-11-16T03:25:24","slug":"empty-eyelash-serum-tube-clear-bottle-4ml-eyeliner-tube","status":"publish","type":"product","link":"https:\/\/www.alovey.com\/pt\/produto\/empty-eyelash-serum-tube-clear-bottle-4ml-eyeliner-tube\/","title":{"rendered":"Empty Eyelash serum tube clear bottle 4ml eyeliner tube"},"content":{"rendered":"<p><strong>Empty Eyelash serum tube clear bottle 4ml eyeliner tube can be filling with eyelash growth serum and eyeliner. Welcome customized any color for the cap.<\/strong><\/p>\n<p><strong>A Alovey, como fabricante profissional chinesa de embalagens para cosm\u00e9ticos, produz uma linha requintada de embalagens personalizadas para cosm\u00e9ticos, meticulosamente elaboradas para elevar sua marca. Nossa sele\u00e7\u00e3o diversificada de materiais premium, combinada com t\u00e9cnicas delicadas de acabamento de superf\u00edcie, como impress\u00e3o em tela de seda, hot stamping e pulveriza\u00e7\u00e3o fosca, garante que cada embalagem seja uma obra-prima exclusiva.<\/strong><\/p>\n<p><img fetchpriority=\"high\" decoding=\"async\" class=\"size-full wp-image-7444\" src=\"https:\/\/alovey.com\/wp-content\/uploads\/2024\/11\/Empty-Eyelash-serum-tube-clear-bottle-4ml-eyeliner-tube-4.jpg\" alt=\"Empty Eyelash serum tube clear bottle 4ml eyeliner tube\" width=\"750\" height=\"750\" srcset=\"https:\/\/www.alovey.com\/wp-content\/uploads\/2024\/11\/Empty-Eyelash-serum-tube-clear-bottle-4ml-eyeliner-tube-4.jpg 750w, https:\/\/www.alovey.com\/wp-content\/uploads\/2024\/11\/Empty-Eyelash-serum-tube-clear-bottle-4ml-eyeliner-tube-4-300x300.jpg 300w, https:\/\/www.alovey.com\/wp-content\/uploads\/2024\/11\/Empty-Eyelash-serum-tube-clear-bottle-4ml-eyeliner-tube-4-150x150.jpg 150w, https:\/\/www.alovey.com\/wp-content\/uploads\/2024\/11\/Empty-Eyelash-serum-tube-clear-bottle-4ml-eyeliner-tube-4-600x600.jpg 600w, https:\/\/www.alovey.com\/wp-content\/uploads\/2024\/11\/Empty-Eyelash-serum-tube-clear-bottle-4ml-eyeliner-tube-4-100x100.jpg 100w\" sizes=\"(max-width: 750px) 100vw, 750px\" \/><\/p>\n<p><img decoding=\"async\" class=\"size-full wp-image-7443\" src=\"https:\/\/alovey.com\/wp-content\/uploads\/2024\/11\/Empty-Eyelash-serum-tube-clear-bottle-4ml-eyeliner-tube-3.jpg\" alt=\"Empty Eyelash serum tube clear bottle 4ml eyeliner tube\" width=\"750\" height=\"750\" srcset=\"https:\/\/www.alovey.com\/wp-content\/uploads\/2024\/11\/Empty-Eyelash-serum-tube-clear-bottle-4ml-eyeliner-tube-3.jpg 750w, https:\/\/www.alovey.com\/wp-content\/uploads\/2024\/11\/Empty-Eyelash-serum-tube-clear-bottle-4ml-eyeliner-tube-3-300x300.jpg 300w, https:\/\/www.alovey.com\/wp-content\/uploads\/2024\/11\/Empty-Eyelash-serum-tube-clear-bottle-4ml-eyeliner-tube-3-150x150.jpg 150w, https:\/\/www.alovey.com\/wp-content\/uploads\/2024\/11\/Empty-Eyelash-serum-tube-clear-bottle-4ml-eyeliner-tube-3-600x600.jpg 600w, https:\/\/www.alovey.com\/wp-content\/uploads\/2024\/11\/Empty-Eyelash-serum-tube-clear-bottle-4ml-eyeliner-tube-3-100x100.jpg 100w\" sizes=\"(max-width: 750px) 100vw, 750px\" \/><\/p>\n<p><img decoding=\"async\" class=\"size-full wp-image-7442\" src=\"https:\/\/alovey.com\/wp-content\/uploads\/2024\/11\/Empty-Eyelash-serum-tube-clear-bottle-4ml-eyeliner-tube-2.jpg\" alt=\"Empty Eyelash serum tube clear bottle 4ml eyeliner tube\" width=\"750\" height=\"750\" srcset=\"https:\/\/www.alovey.com\/wp-content\/uploads\/2024\/11\/Empty-Eyelash-serum-tube-clear-bottle-4ml-eyeliner-tube-2.jpg 750w, https:\/\/www.alovey.com\/wp-content\/uploads\/2024\/11\/Empty-Eyelash-serum-tube-clear-bottle-4ml-eyeliner-tube-2-300x300.jpg 300w, https:\/\/www.alovey.com\/wp-content\/uploads\/2024\/11\/Empty-Eyelash-serum-tube-clear-bottle-4ml-eyeliner-tube-2-150x150.jpg 150w, https:\/\/www.alovey.com\/wp-content\/uploads\/2024\/11\/Empty-Eyelash-serum-tube-clear-bottle-4ml-eyeliner-tube-2-600x600.jpg 600w, https:\/\/www.alovey.com\/wp-content\/uploads\/2024\/11\/Empty-Eyelash-serum-tube-clear-bottle-4ml-eyeliner-tube-2-100x100.jpg 100w\" sizes=\"(max-width: 750px) 100vw, 750px\" \/><\/p>\n<p><img loading=\"lazy\" decoding=\"async\" class=\"size-full wp-image-7441\" src=\"https:\/\/alovey.com\/wp-content\/uploads\/2024\/11\/Empty-Eyelash-serum-tube-clear-bottle-4ml-eyeliner-tube-1.jpg\" alt=\"Empty Eyelash serum tube clear bottle 4ml eyeliner tube\" width=\"750\" height=\"750\" srcset=\"https:\/\/www.alovey.com\/wp-content\/uploads\/2024\/11\/Empty-Eyelash-serum-tube-clear-bottle-4ml-eyeliner-tube-1.jpg 750w, https:\/\/www.alovey.com\/wp-content\/uploads\/2024\/11\/Empty-Eyelash-serum-tube-clear-bottle-4ml-eyeliner-tube-1-300x300.jpg 300w, https:\/\/www.alovey.com\/wp-content\/uploads\/2024\/11\/Empty-Eyelash-serum-tube-clear-bottle-4ml-eyeliner-tube-1-150x150.jpg 150w, https:\/\/www.alovey.com\/wp-content\/uploads\/2024\/11\/Empty-Eyelash-serum-tube-clear-bottle-4ml-eyeliner-tube-1-600x600.jpg 600w, https:\/\/www.alovey.com\/wp-content\/uploads\/2024\/11\/Empty-Eyelash-serum-tube-clear-bottle-4ml-eyeliner-tube-1-100x100.jpg 100w\" sizes=\"(max-width: 750px) 100vw, 750px\" \/><\/p>\n<p><img loading=\"lazy\" decoding=\"async\" class=\"size-full wp-image-7439\" src=\"https:\/\/alovey.com\/wp-content\/uploads\/2024\/11\/Empty-Eyelash-serum-tube-clear-bottle-4ml-eyeliner-tube-5.jpg\" alt=\"Empty Eyelash serum tube clear bottle 4ml eyeliner tube\" width=\"750\" height=\"750\" srcset=\"https:\/\/www.alovey.com\/wp-content\/uploads\/2024\/11\/Empty-Eyelash-serum-tube-clear-bottle-4ml-eyeliner-tube-5.jpg 750w, https:\/\/www.alovey.com\/wp-content\/uploads\/2024\/11\/Empty-Eyelash-serum-tube-clear-bottle-4ml-eyeliner-tube-5-300x300.jpg 300w, https:\/\/www.alovey.com\/wp-content\/uploads\/2024\/11\/Empty-Eyelash-serum-tube-clear-bottle-4ml-eyeliner-tube-5-150x150.jpg 150w, https:\/\/www.alovey.com\/wp-content\/uploads\/2024\/11\/Empty-Eyelash-serum-tube-clear-bottle-4ml-eyeliner-tube-5-600x600.jpg 600w, https:\/\/www.alovey.com\/wp-content\/uploads\/2024\/11\/Empty-Eyelash-serum-tube-clear-bottle-4ml-eyeliner-tube-5-100x100.jpg 100w\" sizes=\"(max-width: 750px) 100vw, 750px\" \/><\/p>\n<p><img loading=\"lazy\" decoding=\"async\" class=\"size-full wp-image-7440\" src=\"https:\/\/alovey.com\/wp-content\/uploads\/2024\/11\/Empty-Eyelash-serum-tube-clear-bottle-4ml-eyeliner-tube-6.jpg\" alt=\"Empty Eyelash serum tube clear bottle 4ml eyeliner tube\" width=\"750\" height=\"750\" srcset=\"https:\/\/www.alovey.com\/wp-content\/uploads\/2024\/11\/Empty-Eyelash-serum-tube-clear-bottle-4ml-eyeliner-tube-6.jpg 750w, https:\/\/www.alovey.com\/wp-content\/uploads\/2024\/11\/Empty-Eyelash-serum-tube-clear-bottle-4ml-eyeliner-tube-6-300x300.jpg 300w, https:\/\/www.alovey.com\/wp-content\/uploads\/2024\/11\/Empty-Eyelash-serum-tube-clear-bottle-4ml-eyeliner-tube-6-150x150.jpg 150w, https:\/\/www.alovey.com\/wp-content\/uploads\/2024\/11\/Empty-Eyelash-serum-tube-clear-bottle-4ml-eyeliner-tube-6-600x600.jpg 600w, https:\/\/www.alovey.com\/wp-content\/uploads\/2024\/11\/Empty-Eyelash-serum-tube-clear-bottle-4ml-eyeliner-tube-6-100x100.jpg 100w\" sizes=\"(max-width: 750px) 100vw, 750px\" \/><\/p>\n<p>&nbsp;<\/p>\n<p>&nbsp;<\/p>\n<p>&nbsp;<\/p>\n<p>&nbsp;<\/p>\n<p>&nbsp;<\/p>\n<p>&nbsp;<\/p>\n<p>&nbsp;<\/p>\n<p>&nbsp;<\/p>\n<p>&nbsp;<\/p>\n<p>&nbsp;<\/p>\n<p>&nbsp;<\/p>\n<p>&nbsp;<\/p>\n<p>&nbsp;<\/p>\n<p>&nbsp;<\/p>\n<p>&nbsp;<\/p>\n<p>&nbsp;<\/p>\n<p>&nbsp;<\/p>\n<p>&nbsp;<\/p>\n<p>&nbsp;<\/p>\n<p>&nbsp;<\/p>\n<p>&nbsp;<\/p>\n<p>&nbsp;<\/p>\n<p>&nbsp;<\/p>\n<p>&nbsp;<\/p>\n<p>&nbsp;<\/p>\n<p>&nbsp;<\/p>\n<p>&nbsp;<\/p>\n<p>&nbsp;<\/p>\n<p>&nbsp;<\/p>\n<p>&nbsp;<\/p>\n<p>&nbsp;<\/p>\n<p>&nbsp;<\/p>\n<p>&nbsp;<\/p>\n<p>&nbsp;<\/p>\n<p>&nbsp;<\/p>\n<p>&nbsp;<\/p>\n<p>&nbsp;<\/p>\n<p>&nbsp;<\/p>\n<p>&nbsp;<\/p>\n<p>&nbsp;<\/p>\n<p>&nbsp;<\/p>\n<p>&nbsp;<\/p>\n<p>&nbsp;<\/p>\n<p>&nbsp;<\/p>\n<p>&nbsp;<\/p>\n<p>&nbsp;<\/p>\n<p>&nbsp;<\/p>\n<p>&nbsp;<\/p>\n<p>&nbsp;<\/p>\n<p>&nbsp;<\/p>\n<p>&nbsp;<\/p>\n<p>&nbsp;<\/p>\n<p>&nbsp;<\/p>\n<p>&nbsp;<\/p>\n<p>&nbsp;<\/p>\n<p>&nbsp;<\/p>\n<p>&nbsp;<\/p>\n<p>&nbsp;<\/p>\n<p>&nbsp;<\/p>\n<p>&nbsp;<\/p>\n<p>&nbsp;<\/p>\n<p>&nbsp;<\/p>\n<p>&nbsp;<\/p>\n<p>&nbsp;<\/p>\n<p>&nbsp;<\/p>\n<p>&nbsp;<\/p>\n<p>&nbsp;<\/p>\n<p>&nbsp;<\/p>\n<p>&nbsp;<\/p>\n<p>&nbsp;<\/p>\n<p>&nbsp;<\/p>\n<p>&nbsp;<\/p>\n<p>&nbsp;<\/p>\n<p>&nbsp;<\/p>\n<p>&nbsp;<\/p>\n<p>&nbsp;<\/p>\n<p>&nbsp;<\/p>\n<p>&nbsp;<\/p>\n<p>&nbsp;<\/p>\n<p>&nbsp;<\/p>\n<p>&nbsp;<\/p>\n<p>&nbsp;<\/p>\n<p>&nbsp;<\/p>\n<p>&nbsp;<\/p>\n<p>&nbsp;<\/p>\n<p>&nbsp;<\/p>\n<p>&nbsp;<\/p>\n<p>&nbsp;<\/p>\n<p>&nbsp;<\/p>\n<p>&nbsp;<\/p>\n<p>&nbsp;<\/p>\n<p>&nbsp;<\/p>\n<p>&nbsp;<\/p>\n<p>&nbsp;<\/p>\n<p>&nbsp;<\/p>\n<p>&nbsp;<\/p>\n<p>&nbsp;<\/p>\n<p>&nbsp;<\/p>\n<p>&nbsp;<\/p>\n<p>&nbsp;<\/p>\n<p>&nbsp;<\/p>\n<p>&nbsp;<\/p>\n<p>&nbsp;<\/p>\n<p>&nbsp;<\/p>\n<p>&nbsp;<\/p>\n<p>&nbsp;<\/p>\n<p>&nbsp;<\/p>\n<p>&nbsp;<\/p>\n<p>&nbsp;<\/p>\n<p>&nbsp;<\/p>\n<p>&nbsp;<\/p>","protected":false},"excerpt":{"rendered":"<ul>\n<li>Item No:EL-0251A<\/li>\n<li>Material:  Pl\u00e1stico<\/li>\n<li>Capacity: 4ML<\/li>\n<li>Size:\u00a0D18*H125MM<\/li>\n<li>Aplica\u00e7\u00f5es: Produtos de beleza<\/li>\n<li>MOQ: 12.000 unidades<\/li>\n<li>Cor: cor personalizada<\/li>\n<li>Tratamento de superf\u00edcie: Inje\u00e7\u00e3o\/Matte\/Metaliza\u00e7\u00e3o\/Revestimento UV<\/li>\n<li>Nome da marca: OEM\/ODM<\/li>\n<li>Logotipo: Logotipo do cliente<\/li>\n<li>Capacidade de fornecimento: 100.000 pe\u00e7as por m\u00eas<\/li>\n<\/ul>","protected":false},"featured_media":7439,"template":"","meta":{"_acf_changed":false},"product_brand":[],"product_cat":[377],"product_tag":[396],"class_list":{"0":"post-7438","1":"product","2":"type-product","3":"status-publish","4":"has-post-thumbnail","6":"product_cat-china-custom-eyeliner-tubes-manufacturers","7":"product_tag-eyeliner-tube","9":"first","10":"instock","11":"shipping-taxable","12":"product-type-simple"},"acf":[],"yoast_head":"<!-- This site is optimized with the Yoast SEO plugin v24.1 - https:\/\/yoast.com\/wordpress\/plugins\/seo\/ -->\n<title>Empty Eyelash serum tube clear bottle 4ml eyeliner tube<\/title>\n<meta name=\"description\" content=\"Empty Eyelash serum tube clear bottle 4ml eyeliner tube can be filling with eyelash growth serum and eyeliner. Welcome customized any color for the cap.\" \/>\n<meta name=\"robots\" content=\"index, follow, max-snippet:-1, max-image-preview:large, max-video-preview:-1\" \/>\n<link rel=\"canonical\" href=\"https:\/\/www.alovey.com\/pt\/produto\/empty-eyelash-serum-tube-clear-bottle-4ml-eyeliner-tube\/\" \/>\n<meta property=\"og:locale\" content=\"pt_BR\" \/>\n<meta property=\"og:type\" content=\"article\" \/>\n<meta property=\"og:title\" content=\"Empty Eyelash serum tube clear bottle 4ml eyeliner tube\" \/>\n<meta property=\"og:description\" content=\"Empty Eyelash serum tube clear bottle 4ml eyeliner tube can be filling with eyelash growth serum and eyeliner. Welcome customized any color for the cap.\" \/>\n<meta property=\"og:url\" content=\"https:\/\/www.alovey.com\/pt\/produto\/empty-eyelash-serum-tube-clear-bottle-4ml-eyeliner-tube\/\" \/>\n<meta property=\"og:site_name\" content=\"Best Cosmetic Packaging Manufacture\" \/>\n<meta property=\"article:modified_time\" content=\"2024-11-16T03:25:24+00:00\" \/>\n<meta property=\"og:image\" content=\"https:\/\/www.alovey.com\/wp-content\/uploads\/2024\/11\/Empty-Eyelash-serum-tube-clear-bottle-4ml-eyeliner-tube-5.jpg\" \/>\n\t<meta property=\"og:image:width\" content=\"750\" \/>\n\t<meta property=\"og:image:height\" content=\"750\" \/>\n\t<meta property=\"og:image:type\" content=\"image\/jpeg\" \/>\n<meta name=\"twitter:card\" content=\"summary_large_image\" \/>\n<meta name=\"twitter:label1\" content=\"Est. tempo de leitura\" \/>\n\t<meta name=\"twitter:data1\" content=\"2 minutos\" \/>\n<script type=\"application\/ld+json\" class=\"yoast-schema-graph\">{\"@context\":\"https:\/\/schema.org\",\"@graph\":[{\"@type\":\"WebPage\",\"@id\":\"https:\/\/www.alovey.com\/product\/empty-eyelash-serum-tube-clear-bottle-4ml-eyeliner-tube\/\",\"url\":\"https:\/\/www.alovey.com\/product\/empty-eyelash-serum-tube-clear-bottle-4ml-eyeliner-tube\/\",\"name\":\"Empty Eyelash serum tube clear bottle 4ml eyeliner tube\",\"isPartOf\":{\"@id\":\"https:\/\/www.alovey.com\/#website\"},\"primaryImageOfPage\":{\"@id\":\"https:\/\/www.alovey.com\/product\/empty-eyelash-serum-tube-clear-bottle-4ml-eyeliner-tube\/#primaryimage\"},\"image\":{\"@id\":\"https:\/\/www.alovey.com\/product\/empty-eyelash-serum-tube-clear-bottle-4ml-eyeliner-tube\/#primaryimage\"},\"thumbnailUrl\":\"https:\/\/www.alovey.com\/wp-content\/uploads\/2024\/11\/Empty-Eyelash-serum-tube-clear-bottle-4ml-eyeliner-tube-5.jpg\",\"datePublished\":\"2024-11-16T03:16:20+00:00\",\"dateModified\":\"2024-11-16T03:25:24+00:00\",\"description\":\"Empty Eyelash serum tube clear bottle 4ml eyeliner tube can be filling with eyelash growth serum and eyeliner. Welcome customized any color for the cap.\",\"breadcrumb\":{\"@id\":\"https:\/\/www.alovey.com\/product\/empty-eyelash-serum-tube-clear-bottle-4ml-eyeliner-tube\/#breadcrumb\"},\"inLanguage\":\"pt-BR\",\"potentialAction\":[{\"@type\":\"ReadAction\",\"target\":[\"https:\/\/www.alovey.com\/product\/empty-eyelash-serum-tube-clear-bottle-4ml-eyeliner-tube\/\"]}]},{\"@type\":\"ImageObject\",\"inLanguage\":\"pt-BR\",\"@id\":\"https:\/\/www.alovey.com\/product\/empty-eyelash-serum-tube-clear-bottle-4ml-eyeliner-tube\/#primaryimage\",\"url\":\"https:\/\/www.alovey.com\/wp-content\/uploads\/2024\/11\/Empty-Eyelash-serum-tube-clear-bottle-4ml-eyeliner-tube-5.jpg\",\"contentUrl\":\"https:\/\/www.alovey.com\/wp-content\/uploads\/2024\/11\/Empty-Eyelash-serum-tube-clear-bottle-4ml-eyeliner-tube-5.jpg\",\"width\":750,\"height\":750,\"caption\":\"Empty Eyelash serum tube clear bottle 4ml eyeliner tube\"},{\"@type\":\"BreadcrumbList\",\"@id\":\"https:\/\/www.alovey.com\/product\/empty-eyelash-serum-tube-clear-bottle-4ml-eyeliner-tube\/#breadcrumb\",\"itemListElement\":[{\"@type\":\"ListItem\",\"position\":1,\"name\":\"\u9996\u9875\",\"item\":\"https:\/\/www.alovey.com\/\"},{\"@type\":\"ListItem\",\"position\":2,\"name\":\"Products\",\"item\":\"https:\/\/www.alovey.com\/products\/\"},{\"@type\":\"ListItem\",\"position\":3,\"name\":\"Empty Eyelash serum tube clear bottle 4ml eyeliner tube\"}]},{\"@type\":\"WebSite\",\"@id\":\"https:\/\/www.alovey.com\/#website\",\"url\":\"https:\/\/www.alovey.com\/\",\"name\":\"Best Cosmetic Packaging Manufacture\",\"description\":\"Alovey Cosmetic Packaging Co.,Ltd\",\"publisher\":{\"@id\":\"https:\/\/www.alovey.com\/#organization\"},\"potentialAction\":[{\"@type\":\"SearchAction\",\"target\":{\"@type\":\"EntryPoint\",\"urlTemplate\":\"https:\/\/www.alovey.com\/?s={search_term_string}\"},\"query-input\":{\"@type\":\"PropertyValueSpecification\",\"valueRequired\":true,\"valueName\":\"search_term_string\"}}],\"inLanguage\":\"pt-BR\"},{\"@type\":\"Organization\",\"@id\":\"https:\/\/www.alovey.com\/#organization\",\"name\":\"Best Cosmetic Packaging Manufacture\",\"url\":\"https:\/\/www.alovey.com\/\",\"logo\":{\"@type\":\"ImageObject\",\"inLanguage\":\"pt-BR\",\"@id\":\"https:\/\/www.alovey.com\/#\/schema\/logo\/image\/\",\"url\":\"https:\/\/www.alovey.com\/wp-content\/uploads\/2023\/03\/logo.png\",\"contentUrl\":\"https:\/\/www.alovey.com\/wp-content\/uploads\/2023\/03\/logo.png\",\"width\":505,\"height\":180,\"caption\":\"Best  Cosmetic Packaging Manufacture\"},\"image\":{\"@id\":\"https:\/\/www.alovey.com\/#\/schema\/logo\/image\/\"}}]}<\/script>\n<!-- \/ Yoast SEO plugin. -->","yoast_head_json":{"title":"Empty Eyelash serum tube clear bottle 4ml eyeliner tube","description":"Empty Eyelash serum tube clear bottle 4ml eyeliner tube can be filling with eyelash growth serum and eyeliner. Welcome customized any color for the cap.","robots":{"index":"index","follow":"follow","max-snippet":"max-snippet:-1","max-image-preview":"max-image-preview:large","max-video-preview":"max-video-preview:-1"},"canonical":"https:\/\/www.alovey.com\/pt\/produto\/empty-eyelash-serum-tube-clear-bottle-4ml-eyeliner-tube\/","og_locale":"pt_BR","og_type":"article","og_title":"Empty Eyelash serum tube clear bottle 4ml eyeliner tube","og_description":"Empty Eyelash serum tube clear bottle 4ml eyeliner tube can be filling with eyelash growth serum and eyeliner. Welcome customized any color for the cap.","og_url":"https:\/\/www.alovey.com\/pt\/produto\/empty-eyelash-serum-tube-clear-bottle-4ml-eyeliner-tube\/","og_site_name":"Best Cosmetic Packaging Manufacture","article_modified_time":"2024-11-16T03:25:24+00:00","og_image":[{"width":750,"height":750,"url":"https:\/\/www.alovey.com\/wp-content\/uploads\/2024\/11\/Empty-Eyelash-serum-tube-clear-bottle-4ml-eyeliner-tube-5.jpg","type":"image\/jpeg"}],"twitter_card":"summary_large_image","twitter_misc":{"Est. tempo de leitura":"2 minutos"},"schema":{"@context":"https:\/\/schema.org","@graph":[{"@type":"WebPage","@id":"https:\/\/www.alovey.com\/product\/empty-eyelash-serum-tube-clear-bottle-4ml-eyeliner-tube\/","url":"https:\/\/www.alovey.com\/product\/empty-eyelash-serum-tube-clear-bottle-4ml-eyeliner-tube\/","name":"Empty Eyelash serum tube clear bottle 4ml eyeliner tube","isPartOf":{"@id":"https:\/\/www.alovey.com\/#website"},"primaryImageOfPage":{"@id":"https:\/\/www.alovey.com\/product\/empty-eyelash-serum-tube-clear-bottle-4ml-eyeliner-tube\/#primaryimage"},"image":{"@id":"https:\/\/www.alovey.com\/product\/empty-eyelash-serum-tube-clear-bottle-4ml-eyeliner-tube\/#primaryimage"},"thumbnailUrl":"https:\/\/www.alovey.com\/wp-content\/uploads\/2024\/11\/Empty-Eyelash-serum-tube-clear-bottle-4ml-eyeliner-tube-5.jpg","datePublished":"2024-11-16T03:16:20+00:00","dateModified":"2024-11-16T03:25:24+00:00","description":"Empty Eyelash serum tube clear bottle 4ml eyeliner tube can be filling with eyelash growth serum and eyeliner. Welcome customized any color for the cap.","breadcrumb":{"@id":"https:\/\/www.alovey.com\/product\/empty-eyelash-serum-tube-clear-bottle-4ml-eyeliner-tube\/#breadcrumb"},"inLanguage":"pt-BR","potentialAction":[{"@type":"ReadAction","target":["https:\/\/www.alovey.com\/product\/empty-eyelash-serum-tube-clear-bottle-4ml-eyeliner-tube\/"]}]},{"@type":"ImageObject","inLanguage":"pt-BR","@id":"https:\/\/www.alovey.com\/product\/empty-eyelash-serum-tube-clear-bottle-4ml-eyeliner-tube\/#primaryimage","url":"https:\/\/www.alovey.com\/wp-content\/uploads\/2024\/11\/Empty-Eyelash-serum-tube-clear-bottle-4ml-eyeliner-tube-5.jpg","contentUrl":"https:\/\/www.alovey.com\/wp-content\/uploads\/2024\/11\/Empty-Eyelash-serum-tube-clear-bottle-4ml-eyeliner-tube-5.jpg","width":750,"height":750,"caption":"Empty Eyelash serum tube clear bottle 4ml eyeliner tube"},{"@type":"BreadcrumbList","@id":"https:\/\/www.alovey.com\/product\/empty-eyelash-serum-tube-clear-bottle-4ml-eyeliner-tube\/#breadcrumb","itemListElement":[{"@type":"ListItem","position":1,"name":"\u9996\u9875","item":"https:\/\/www.alovey.com\/"},{"@type":"ListItem","position":2,"name":"Products","item":"https:\/\/www.alovey.com\/products\/"},{"@type":"ListItem","position":3,"name":"Empty Eyelash serum tube clear bottle 4ml eyeliner tube"}]},{"@type":"WebSite","@id":"https:\/\/www.alovey.com\/#website","url":"https:\/\/www.alovey.com\/","name":"Best Cosmetic Packaging Manufacture","description":"Alovey Cosmetic Packaging Co.,Ltd","publisher":{"@id":"https:\/\/www.alovey.com\/#organization"},"potentialAction":[{"@type":"SearchAction","target":{"@type":"EntryPoint","urlTemplate":"https:\/\/www.alovey.com\/?s={search_term_string}"},"query-input":{"@type":"PropertyValueSpecification","valueRequired":true,"valueName":"search_term_string"}}],"inLanguage":"pt-BR"},{"@type":"Organization","@id":"https:\/\/www.alovey.com\/#organization","name":"Best Cosmetic Packaging Manufacture","url":"https:\/\/www.alovey.com\/","logo":{"@type":"ImageObject","inLanguage":"pt-BR","@id":"https:\/\/www.alovey.com\/#\/schema\/logo\/image\/","url":"https:\/\/www.alovey.com\/wp-content\/uploads\/2023\/03\/logo.png","contentUrl":"https:\/\/www.alovey.com\/wp-content\/uploads\/2023\/03\/logo.png","width":505,"height":180,"caption":"Best  Cosmetic Packaging Manufacture"},"image":{"@id":"https:\/\/www.alovey.com\/#\/schema\/logo\/image\/"}}]}},"_links":{"self":[{"href":"https:\/\/www.alovey.com\/pt\/wp-json\/wp\/v2\/product\/7438"}],"collection":[{"href":"https:\/\/www.alovey.com\/pt\/wp-json\/wp\/v2\/product"}],"about":[{"href":"https:\/\/www.alovey.com\/pt\/wp-json\/wp\/v2\/types\/product"}],"wp:featuredmedia":[{"embeddable":true,"href":"https:\/\/www.alovey.com\/pt\/wp-json\/wp\/v2\/media\/7439"}],"wp:attachment":[{"href":"https:\/\/www.alovey.com\/pt\/wp-json\/wp\/v2\/media?parent=7438"}],"wp:term":[{"taxonomy":"product_brand","embeddable":true,"href":"https:\/\/www.alovey.com\/pt\/wp-json\/wp\/v2\/product_brand?post=7438"},{"taxonomy":"product_cat","embeddable":true,"href":"https:\/\/www.alovey.com\/pt\/wp-json\/wp\/v2\/product_cat?post=7438"},{"taxonomy":"product_tag","embeddable":true,"href":"https:\/\/www.alovey.com\/pt\/wp-json\/wp\/v2\/product_tag?post=7438"}],"curies":[{"name":"wp","href":"https:\/\/api.w.org\/{rel}","templated":true}]}}