{"id":7182,"date":"2024-11-07T08:19:33","date_gmt":"2024-11-07T08:19:33","guid":{"rendered":"https:\/\/alovey.com\/?post_type=product&#038;p=7182"},"modified":"2025-02-22T01:33:12","modified_gmt":"2025-02-22T01:33:12","slug":"mini-foundation-stick-tube-packaging-4g","status":"publish","type":"product","link":"https:\/\/www.alovey.com\/pt\/produto\/mini-foundation-stick-tube-packaging-4g\/","title":{"rendered":"Embalagem de tubo com mini base em bast\u00e3o de 4g"},"content":{"rendered":"<p><strong>Mini foundation stick tube packaging 4g can be filling blush\/foundation\/lip balm\/highlighter\/bronzer, we can do any color for you require if provide patone color.<\/strong><\/p>\n<p><strong>Alovey,as a Chinese professional manufacture of cosmetic packaging, produces\u00a0 exquisite range of custom cosmetic packaging, meticulously crafted to elevate your brand. Our diverse selection of premium materials, combined with delicate surface finishing techniques like silk screen printing, hot stamping, and matte spraying, ensures each package is a unique masterpiece.<\/strong><\/p>\n<p><img fetchpriority=\"high\" decoding=\"async\" class=\"size-full wp-image-8895\" src=\"https:\/\/www.alovey.com\/wp-content\/uploads\/2024\/12\/Mini-Foundation-Stick-Tue-Packaging.jpg\" alt=\"Mini foundation stick tube packaging 4g\" width=\"750\" height=\"750\" srcset=\"https:\/\/www.alovey.com\/wp-content\/uploads\/2024\/12\/Mini-Foundation-Stick-Tue-Packaging.jpg 750w, https:\/\/www.alovey.com\/wp-content\/uploads\/2024\/12\/Mini-Foundation-Stick-Tue-Packaging-300x300.jpg 300w, https:\/\/www.alovey.com\/wp-content\/uploads\/2024\/12\/Mini-Foundation-Stick-Tue-Packaging-150x150.jpg 150w, https:\/\/www.alovey.com\/wp-content\/uploads\/2024\/12\/Mini-Foundation-Stick-Tue-Packaging-600x600.jpg 600w, https:\/\/www.alovey.com\/wp-content\/uploads\/2024\/12\/Mini-Foundation-Stick-Tue-Packaging-100x100.jpg 100w\" sizes=\"(max-width: 750px) 100vw, 750px\" \/><\/p>\n<p><img decoding=\"async\" class=\"size-full wp-image-7187\" src=\"https:\/\/www.alovey.com\/wp-content\/uploads\/2024\/11\/Mini-foundation-stick-4g-blush-stick-lipbalm-tube-packaging-P-J0289A-5.jpg\" alt=\"Mini foundation stick tube packaging 4g\" width=\"750\" height=\"750\" srcset=\"https:\/\/www.alovey.com\/wp-content\/uploads\/2024\/11\/Mini-foundation-stick-4g-blush-stick-lipbalm-tube-packaging-P-J0289A-5.jpg 750w, https:\/\/www.alovey.com\/wp-content\/uploads\/2024\/11\/Mini-foundation-stick-4g-blush-stick-lipbalm-tube-packaging-P-J0289A-5-300x300.jpg 300w, https:\/\/www.alovey.com\/wp-content\/uploads\/2024\/11\/Mini-foundation-stick-4g-blush-stick-lipbalm-tube-packaging-P-J0289A-5-150x150.jpg 150w, https:\/\/www.alovey.com\/wp-content\/uploads\/2024\/11\/Mini-foundation-stick-4g-blush-stick-lipbalm-tube-packaging-P-J0289A-5-600x600.jpg 600w, https:\/\/www.alovey.com\/wp-content\/uploads\/2024\/11\/Mini-foundation-stick-4g-blush-stick-lipbalm-tube-packaging-P-J0289A-5-100x100.jpg 100w\" sizes=\"(max-width: 750px) 100vw, 750px\" \/><\/p>\n<p><img decoding=\"async\" class=\"size-full wp-image-7186\" src=\"https:\/\/www.alovey.com\/wp-content\/uploads\/2024\/11\/Mini-foundation-stick-4g-blush-stick-lipbalm-tube-packaging-P-J0289A-4.jpg\" alt=\"Mini foundation stick tube packaging 4g\" width=\"750\" height=\"750\" srcset=\"https:\/\/www.alovey.com\/wp-content\/uploads\/2024\/11\/Mini-foundation-stick-4g-blush-stick-lipbalm-tube-packaging-P-J0289A-4.jpg 750w, https:\/\/www.alovey.com\/wp-content\/uploads\/2024\/11\/Mini-foundation-stick-4g-blush-stick-lipbalm-tube-packaging-P-J0289A-4-300x300.jpg 300w, https:\/\/www.alovey.com\/wp-content\/uploads\/2024\/11\/Mini-foundation-stick-4g-blush-stick-lipbalm-tube-packaging-P-J0289A-4-150x150.jpg 150w, https:\/\/www.alovey.com\/wp-content\/uploads\/2024\/11\/Mini-foundation-stick-4g-blush-stick-lipbalm-tube-packaging-P-J0289A-4-600x600.jpg 600w, https:\/\/www.alovey.com\/wp-content\/uploads\/2024\/11\/Mini-foundation-stick-4g-blush-stick-lipbalm-tube-packaging-P-J0289A-4-100x100.jpg 100w\" sizes=\"(max-width: 750px) 100vw, 750px\" \/><\/p>\n<p><img loading=\"lazy\" decoding=\"async\" class=\"size-full wp-image-7184\" src=\"https:\/\/www.alovey.com\/wp-content\/uploads\/2024\/11\/Mini-foundation-stick-4g-blush-stick-lipbalm-tube-packaging-P-J0289A-2.jpg\" alt=\"Mini foundation stick tube packaging 4g\" width=\"750\" height=\"750\" srcset=\"https:\/\/www.alovey.com\/wp-content\/uploads\/2024\/11\/Mini-foundation-stick-4g-blush-stick-lipbalm-tube-packaging-P-J0289A-2.jpg 750w, https:\/\/www.alovey.com\/wp-content\/uploads\/2024\/11\/Mini-foundation-stick-4g-blush-stick-lipbalm-tube-packaging-P-J0289A-2-300x300.jpg 300w, https:\/\/www.alovey.com\/wp-content\/uploads\/2024\/11\/Mini-foundation-stick-4g-blush-stick-lipbalm-tube-packaging-P-J0289A-2-150x150.jpg 150w, https:\/\/www.alovey.com\/wp-content\/uploads\/2024\/11\/Mini-foundation-stick-4g-blush-stick-lipbalm-tube-packaging-P-J0289A-2-600x600.jpg 600w, https:\/\/www.alovey.com\/wp-content\/uploads\/2024\/11\/Mini-foundation-stick-4g-blush-stick-lipbalm-tube-packaging-P-J0289A-2-100x100.jpg 100w\" sizes=\"(max-width: 750px) 100vw, 750px\" \/><\/p>\n<p><img loading=\"lazy\" decoding=\"async\" class=\"size-full wp-image-7183\" src=\"https:\/\/www.alovey.com\/wp-content\/uploads\/2024\/11\/Mini-foundation-stick-4g-blush-stick-lipbalm-tube-packaging-P-J0289A-1.jpg\" alt=\"Mini foundation stick tube packaging 4g\" width=\"750\" height=\"750\" srcset=\"https:\/\/www.alovey.com\/wp-content\/uploads\/2024\/11\/Mini-foundation-stick-4g-blush-stick-lipbalm-tube-packaging-P-J0289A-1.jpg 750w, https:\/\/www.alovey.com\/wp-content\/uploads\/2024\/11\/Mini-foundation-stick-4g-blush-stick-lipbalm-tube-packaging-P-J0289A-1-300x300.jpg 300w, https:\/\/www.alovey.com\/wp-content\/uploads\/2024\/11\/Mini-foundation-stick-4g-blush-stick-lipbalm-tube-packaging-P-J0289A-1-150x150.jpg 150w, https:\/\/www.alovey.com\/wp-content\/uploads\/2024\/11\/Mini-foundation-stick-4g-blush-stick-lipbalm-tube-packaging-P-J0289A-1-600x600.jpg 600w, https:\/\/www.alovey.com\/wp-content\/uploads\/2024\/11\/Mini-foundation-stick-4g-blush-stick-lipbalm-tube-packaging-P-J0289A-1-100x100.jpg 100w\" sizes=\"(max-width: 750px) 100vw, 750px\" \/><\/p>\n<p>&nbsp;<\/p>\n<p>&nbsp;<\/p>\n<p>&nbsp;<\/p>\n<p>&nbsp;<\/p>\n<p>&nbsp;<\/p>\n<p>&nbsp;<\/p>\n<p>&nbsp;<\/p>\n<p>&nbsp;<\/p>\n<p>&nbsp;<\/p>\n<p>&nbsp;<\/p>\n<p>&nbsp;<\/p>\n<p>&nbsp;<\/p>\n<p>&nbsp;<\/p>\n<p>&nbsp;<\/p>\n<p>&nbsp;<\/p>\n<p>&nbsp;<\/p>\n<p>&nbsp;<\/p>\n<p>&nbsp;<\/p>\n<p>&nbsp;<\/p>\n<p>&nbsp;<\/p>\n<p>&nbsp;<\/p>\n<p>&nbsp;<\/p>\n<p>&nbsp;<\/p>\n<p>&nbsp;<\/p>\n<p>&nbsp;<\/p>\n<p>&nbsp;<\/p>\n<p>&nbsp;<\/p>\n<p>&nbsp;<\/p>\n<p>&nbsp;<\/p>\n<p>&nbsp;<\/p>\n<p>&nbsp;<\/p>\n<p>&nbsp;<\/p>\n<p>&nbsp;<\/p>\n<p>&nbsp;<\/p>\n<p>&nbsp;<\/p>\n<p>&nbsp;<\/p>\n<p>&nbsp;<\/p>\n<p>&nbsp;<\/p>\n<p>&nbsp;<\/p>\n<p>&nbsp;<\/p>\n<p>&nbsp;<\/p>\n<p>&nbsp;<\/p>\n<p>&nbsp;<\/p>\n<p>&nbsp;<\/p>\n<p>&nbsp;<\/p>\n<p>&nbsp;<\/p>\n<p>&nbsp;<\/p>\n<p>&nbsp;<\/p>\n<p>&nbsp;<\/p>\n<p>&nbsp;<\/p>\n<p>&nbsp;<\/p>\n<p>&nbsp;<\/p>\n<p>&nbsp;<\/p>\n<p>&nbsp;<\/p>\n<p>&nbsp;<\/p>\n<p>&nbsp;<\/p>\n<p>&nbsp;<\/p>\n<p>&nbsp;<\/p>\n<p>&nbsp;<\/p>\n<p>&nbsp;<\/p>\n<p>&nbsp;<\/p>\n<p>&nbsp;<\/p>\n<p>&nbsp;<\/p>\n<p>&nbsp;<\/p>\n<p>&nbsp;<\/p>\n<p>&nbsp;<\/p>\n<p>&nbsp;<\/p>\n<p>&nbsp;<\/p>\n<p>&nbsp;<\/p>\n<p>&nbsp;<\/p>\n<p>&nbsp;<\/p>\n<p>&nbsp;<\/p>\n<p>&nbsp;<\/p>\n<p>&nbsp;<\/p>\n<p>&nbsp;<\/p>\n<p>&nbsp;<\/p>\n<p>&nbsp;<\/p>\n<p>&nbsp;<\/p>\n<p>&nbsp;<\/p>\n<p>&nbsp;<\/p>\n<p>&nbsp;<\/p>\n<p>&nbsp;<\/p>\n<p>&nbsp;<\/p>\n<p>&nbsp;<\/p>\n<p>&nbsp;<\/p>\n<p>&nbsp;<\/p>\n<p>&nbsp;<\/p>\n<p>&nbsp;<\/p>\n<p>&nbsp;<\/p>\n<p>&nbsp;<\/p>\n<p>&nbsp;<\/p>\n<p>&nbsp;<\/p>\n<p>&nbsp;<\/p>\n<p>&nbsp;<\/p>\n<p>&nbsp;<\/p>\n<p>&nbsp;<\/p>\n<p>&nbsp;<\/p>\n<p>&nbsp;<\/p>\n<p>&nbsp;<\/p>\n<p>&nbsp;<\/p>\n<p>&nbsp;<\/p>\n<p>&nbsp;<\/p>\n<p>&nbsp;<\/p>\n<p>&nbsp;<\/p>\n<p>&nbsp;<\/p>","protected":false},"excerpt":{"rendered":"<ul>\n<li>N\u00ba do item: P-J0289A<\/li>\n<li>Material:  Pl\u00e1stico<\/li>\n<li>Capacidade: 4g<\/li>\n<li>Size:\u00a0D25.5*H68mm<\/li>\n<li>Aplica\u00e7\u00f5es: Produtos de beleza<\/li>\n<li>MOQ: 12.000 unidades<\/li>\n<li>Cor: cor personalizada<\/li>\n<li>Tratamento de superf\u00edcie: Inje\u00e7\u00e3o\/Matte\/Metaliza\u00e7\u00e3o\/Revestimento UV<\/li>\n<li>Nome da marca: OEM\/ODM<\/li>\n<li>Logotipo: Logotipo do cliente<\/li>\n<li>Capacidade de fornecimento: 100.000 pe\u00e7as por m\u00eas<\/li>\n<\/ul>","protected":false},"featured_media":8895,"template":"","meta":{"_acf_changed":false},"product_brand":[],"product_cat":[381],"product_tag":[394],"class_list":{"0":"post-7182","1":"product","2":"type-product","3":"status-publish","4":"has-post-thumbnail","6":"product_cat-the-foundation-stick-tube-for-cosmetic","7":"product_tag-foundation-stick-tube","9":"first","10":"instock","11":"shipping-taxable","12":"product-type-simple"},"acf":[],"yoast_head":"<!-- This site is optimized with the Yoast SEO plugin v24.1 - https:\/\/yoast.com\/wordpress\/plugins\/seo\/ -->\n<title>Mini foundation stick tube packaging 4g<\/title>\n<meta name=\"description\" content=\"Mini foundation stick tube packaging 4g can be filling blush\/foundation\/lip balm\/highlighter\/bronzer, we can do any color for you require if provide patone color.\" \/>\n<meta name=\"robots\" content=\"index, follow, max-snippet:-1, max-image-preview:large, max-video-preview:-1\" \/>\n<link rel=\"canonical\" href=\"https:\/\/www.alovey.com\/pt\/produto\/mini-foundation-stick-tube-packaging-4g\/\" \/>\n<meta property=\"og:locale\" content=\"pt_BR\" \/>\n<meta property=\"og:type\" content=\"article\" \/>\n<meta property=\"og:title\" content=\"Mini foundation stick tube packaging 4g\" \/>\n<meta property=\"og:description\" content=\"Mini foundation stick tube packaging 4g can be filling blush\/foundation\/lip balm\/highlighter\/bronzer, we can do any color for you require if provide patone color.\" \/>\n<meta property=\"og:url\" content=\"https:\/\/www.alovey.com\/pt\/produto\/mini-foundation-stick-tube-packaging-4g\/\" \/>\n<meta property=\"og:site_name\" content=\"Best Cosmetic Packaging Manufacture\" \/>\n<meta property=\"article:modified_time\" content=\"2025-02-22T01:33:12+00:00\" \/>\n<meta property=\"og:image\" content=\"https:\/\/www.alovey.com\/wp-content\/uploads\/2024\/12\/Mini-Foundation-Stick-Tue-Packaging.jpg\" \/>\n\t<meta property=\"og:image:width\" content=\"750\" \/>\n\t<meta property=\"og:image:height\" content=\"750\" \/>\n\t<meta property=\"og:image:type\" content=\"image\/jpeg\" \/>\n<meta name=\"twitter:card\" content=\"summary_large_image\" \/>\n<meta name=\"twitter:label1\" content=\"Est. tempo de leitura\" \/>\n\t<meta name=\"twitter:data1\" content=\"2 minutos\" \/>\n<script type=\"application\/ld+json\" class=\"yoast-schema-graph\">{\"@context\":\"https:\/\/schema.org\",\"@graph\":[{\"@type\":\"WebPage\",\"@id\":\"https:\/\/www.alovey.com\/product\/mini-foundation-stick-tube-packaging-4g\/\",\"url\":\"https:\/\/www.alovey.com\/product\/mini-foundation-stick-tube-packaging-4g\/\",\"name\":\"Mini foundation stick tube packaging 4g\",\"isPartOf\":{\"@id\":\"https:\/\/www.alovey.com\/#website\"},\"primaryImageOfPage\":{\"@id\":\"https:\/\/www.alovey.com\/product\/mini-foundation-stick-tube-packaging-4g\/#primaryimage\"},\"image\":{\"@id\":\"https:\/\/www.alovey.com\/product\/mini-foundation-stick-tube-packaging-4g\/#primaryimage\"},\"thumbnailUrl\":\"https:\/\/www.alovey.com\/wp-content\/uploads\/2024\/12\/Mini-Foundation-Stick-Tue-Packaging.jpg\",\"datePublished\":\"2024-11-07T08:19:33+00:00\",\"dateModified\":\"2025-02-22T01:33:12+00:00\",\"description\":\"Mini foundation stick tube packaging 4g can be filling blush\/foundation\/lip balm\/highlighter\/bronzer, we can do any color for you require if provide patone color.\",\"breadcrumb\":{\"@id\":\"https:\/\/www.alovey.com\/product\/mini-foundation-stick-tube-packaging-4g\/#breadcrumb\"},\"inLanguage\":\"pt-BR\",\"potentialAction\":[{\"@type\":\"ReadAction\",\"target\":[\"https:\/\/www.alovey.com\/product\/mini-foundation-stick-tube-packaging-4g\/\"]}]},{\"@type\":\"ImageObject\",\"inLanguage\":\"pt-BR\",\"@id\":\"https:\/\/www.alovey.com\/product\/mini-foundation-stick-tube-packaging-4g\/#primaryimage\",\"url\":\"https:\/\/www.alovey.com\/wp-content\/uploads\/2024\/12\/Mini-Foundation-Stick-Tue-Packaging.jpg\",\"contentUrl\":\"https:\/\/www.alovey.com\/wp-content\/uploads\/2024\/12\/Mini-Foundation-Stick-Tue-Packaging.jpg\",\"width\":750,\"height\":750,\"caption\":\"Mini foundation stick tube packaging 4g\"},{\"@type\":\"BreadcrumbList\",\"@id\":\"https:\/\/www.alovey.com\/product\/mini-foundation-stick-tube-packaging-4g\/#breadcrumb\",\"itemListElement\":[{\"@type\":\"ListItem\",\"position\":1,\"name\":\"\u9996\u9875\",\"item\":\"https:\/\/www.alovey.com\/\"},{\"@type\":\"ListItem\",\"position\":2,\"name\":\"Products\",\"item\":\"https:\/\/www.alovey.com\/products\/\"},{\"@type\":\"ListItem\",\"position\":3,\"name\":\"Mini foundation stick tube packaging 4g\"}]},{\"@type\":\"WebSite\",\"@id\":\"https:\/\/www.alovey.com\/#website\",\"url\":\"https:\/\/www.alovey.com\/\",\"name\":\"Best Cosmetic Packaging Manufacture\",\"description\":\"Alovey Cosmetic Packaging Co.,Ltd\",\"publisher\":{\"@id\":\"https:\/\/www.alovey.com\/#organization\"},\"potentialAction\":[{\"@type\":\"SearchAction\",\"target\":{\"@type\":\"EntryPoint\",\"urlTemplate\":\"https:\/\/www.alovey.com\/?s={search_term_string}\"},\"query-input\":{\"@type\":\"PropertyValueSpecification\",\"valueRequired\":true,\"valueName\":\"search_term_string\"}}],\"inLanguage\":\"pt-BR\"},{\"@type\":\"Organization\",\"@id\":\"https:\/\/www.alovey.com\/#organization\",\"name\":\"Best Cosmetic Packaging Manufacture\",\"url\":\"https:\/\/www.alovey.com\/\",\"logo\":{\"@type\":\"ImageObject\",\"inLanguage\":\"pt-BR\",\"@id\":\"https:\/\/www.alovey.com\/#\/schema\/logo\/image\/\",\"url\":\"https:\/\/www.alovey.com\/wp-content\/uploads\/2023\/03\/logo.png\",\"contentUrl\":\"https:\/\/www.alovey.com\/wp-content\/uploads\/2023\/03\/logo.png\",\"width\":505,\"height\":180,\"caption\":\"Best  Cosmetic Packaging Manufacture\"},\"image\":{\"@id\":\"https:\/\/www.alovey.com\/#\/schema\/logo\/image\/\"}}]}<\/script>\n<!-- \/ Yoast SEO plugin. -->","yoast_head_json":{"title":"Embalagem de tubo com mini base em bast\u00e3o de 4g","description":"Mini foundation stick tube packaging 4g can be filling blush\/foundation\/lip balm\/highlighter\/bronzer, we can do any color for you require if provide patone color.","robots":{"index":"index","follow":"follow","max-snippet":"max-snippet:-1","max-image-preview":"max-image-preview:large","max-video-preview":"max-video-preview:-1"},"canonical":"https:\/\/www.alovey.com\/pt\/produto\/mini-foundation-stick-tube-packaging-4g\/","og_locale":"pt_BR","og_type":"article","og_title":"Mini foundation stick tube packaging 4g","og_description":"Mini foundation stick tube packaging 4g can be filling blush\/foundation\/lip balm\/highlighter\/bronzer, we can do any color for you require if provide patone color.","og_url":"https:\/\/www.alovey.com\/pt\/produto\/mini-foundation-stick-tube-packaging-4g\/","og_site_name":"Best Cosmetic Packaging Manufacture","article_modified_time":"2025-02-22T01:33:12+00:00","og_image":[{"width":750,"height":750,"url":"https:\/\/www.alovey.com\/wp-content\/uploads\/2024\/12\/Mini-Foundation-Stick-Tue-Packaging.jpg","type":"image\/jpeg"}],"twitter_card":"summary_large_image","twitter_misc":{"Est. tempo de leitura":"2 minutos"},"schema":{"@context":"https:\/\/schema.org","@graph":[{"@type":"WebPage","@id":"https:\/\/www.alovey.com\/product\/mini-foundation-stick-tube-packaging-4g\/","url":"https:\/\/www.alovey.com\/product\/mini-foundation-stick-tube-packaging-4g\/","name":"Embalagem de tubo com mini base em bast\u00e3o de 4g","isPartOf":{"@id":"https:\/\/www.alovey.com\/#website"},"primaryImageOfPage":{"@id":"https:\/\/www.alovey.com\/product\/mini-foundation-stick-tube-packaging-4g\/#primaryimage"},"image":{"@id":"https:\/\/www.alovey.com\/product\/mini-foundation-stick-tube-packaging-4g\/#primaryimage"},"thumbnailUrl":"https:\/\/www.alovey.com\/wp-content\/uploads\/2024\/12\/Mini-Foundation-Stick-Tue-Packaging.jpg","datePublished":"2024-11-07T08:19:33+00:00","dateModified":"2025-02-22T01:33:12+00:00","description":"Mini foundation stick tube packaging 4g can be filling blush\/foundation\/lip balm\/highlighter\/bronzer, we can do any color for you require if provide patone color.","breadcrumb":{"@id":"https:\/\/www.alovey.com\/product\/mini-foundation-stick-tube-packaging-4g\/#breadcrumb"},"inLanguage":"pt-BR","potentialAction":[{"@type":"ReadAction","target":["https:\/\/www.alovey.com\/product\/mini-foundation-stick-tube-packaging-4g\/"]}]},{"@type":"ImageObject","inLanguage":"pt-BR","@id":"https:\/\/www.alovey.com\/product\/mini-foundation-stick-tube-packaging-4g\/#primaryimage","url":"https:\/\/www.alovey.com\/wp-content\/uploads\/2024\/12\/Mini-Foundation-Stick-Tue-Packaging.jpg","contentUrl":"https:\/\/www.alovey.com\/wp-content\/uploads\/2024\/12\/Mini-Foundation-Stick-Tue-Packaging.jpg","width":750,"height":750,"caption":"Mini foundation stick tube packaging 4g"},{"@type":"BreadcrumbList","@id":"https:\/\/www.alovey.com\/product\/mini-foundation-stick-tube-packaging-4g\/#breadcrumb","itemListElement":[{"@type":"ListItem","position":1,"name":"\u9996\u9875","item":"https:\/\/www.alovey.com\/"},{"@type":"ListItem","position":2,"name":"Products","item":"https:\/\/www.alovey.com\/products\/"},{"@type":"ListItem","position":3,"name":"Mini foundation stick tube packaging 4g"}]},{"@type":"WebSite","@id":"https:\/\/www.alovey.com\/#website","url":"https:\/\/www.alovey.com\/","name":"Best Cosmetic Packaging Manufacture","description":"Alovey Cosmetic Packaging Co.,Ltd","publisher":{"@id":"https:\/\/www.alovey.com\/#organization"},"potentialAction":[{"@type":"SearchAction","target":{"@type":"EntryPoint","urlTemplate":"https:\/\/www.alovey.com\/?s={search_term_string}"},"query-input":{"@type":"PropertyValueSpecification","valueRequired":true,"valueName":"search_term_string"}}],"inLanguage":"pt-BR"},{"@type":"Organization","@id":"https:\/\/www.alovey.com\/#organization","name":"Best Cosmetic Packaging Manufacture","url":"https:\/\/www.alovey.com\/","logo":{"@type":"ImageObject","inLanguage":"pt-BR","@id":"https:\/\/www.alovey.com\/#\/schema\/logo\/image\/","url":"https:\/\/www.alovey.com\/wp-content\/uploads\/2023\/03\/logo.png","contentUrl":"https:\/\/www.alovey.com\/wp-content\/uploads\/2023\/03\/logo.png","width":505,"height":180,"caption":"Best  Cosmetic Packaging Manufacture"},"image":{"@id":"https:\/\/www.alovey.com\/#\/schema\/logo\/image\/"}}]}},"_links":{"self":[{"href":"https:\/\/www.alovey.com\/pt\/wp-json\/wp\/v2\/product\/7182"}],"collection":[{"href":"https:\/\/www.alovey.com\/pt\/wp-json\/wp\/v2\/product"}],"about":[{"href":"https:\/\/www.alovey.com\/pt\/wp-json\/wp\/v2\/types\/product"}],"wp:featuredmedia":[{"embeddable":true,"href":"https:\/\/www.alovey.com\/pt\/wp-json\/wp\/v2\/media\/8895"}],"wp:attachment":[{"href":"https:\/\/www.alovey.com\/pt\/wp-json\/wp\/v2\/media?parent=7182"}],"wp:term":[{"taxonomy":"product_brand","embeddable":true,"href":"https:\/\/www.alovey.com\/pt\/wp-json\/wp\/v2\/product_brand?post=7182"},{"taxonomy":"product_cat","embeddable":true,"href":"https:\/\/www.alovey.com\/pt\/wp-json\/wp\/v2\/product_cat?post=7182"},{"taxonomy":"product_tag","embeddable":true,"href":"https:\/\/www.alovey.com\/pt\/wp-json\/wp\/v2\/product_tag?post=7182"}],"curies":[{"name":"wp","href":"https:\/\/api.w.org\/{rel}","templated":true}]}}