{"id":12958,"date":"2026-04-28T09:53:27","date_gmt":"2026-04-28T09:53:27","guid":{"rendered":"https:\/\/www.alovey.com\/?post_type=product&#038;p=12958"},"modified":"2026-04-28T10:01:52","modified_gmt":"2026-04-28T10:01:52","slug":"custom-pet-95ml-hair-mist-spray-bottles","status":"publish","type":"product","link":"https:\/\/www.alovey.com\/pt\/produto\/custom-pet-95ml-hair-mist-spray-bottles\/","title":{"rendered":"Custom PET  95ml Hair Mist Spray Bottles"},"content":{"rendered":"<p><strong>Our Hair Mist Spray Bottles with 95ml\u00a0are the perfect packaging for hair mists, leave-in conditioners, and other hair care products.<\/strong><\/p>\n<p><strong>Made from durable, high-quality PET\u00a0 plastic, these hair mist spray bottles provide excellent product visibility while maintaining a sleek and modern design.<\/strong><\/p>\n<p><strong>The spray mechanism ensures an even misting application, ideal for delicate hair treatments.<\/strong><\/p>\n<ul>\n<li><strong>Material: High-quality, durable PET\u00a0 plastic<\/strong><\/li>\n<li><strong>Capacity: 95ml<\/strong><\/li>\n<li><strong>Design: Sleek, clear bottle to showcase your product<\/strong><\/li>\n<li><strong>Cap: Spray nozzle for fine misting, ideal for hair care applications<\/strong><\/li>\n<li><strong>Perfect for: Hair mists, leave-in conditioners, detanglers, and more<\/strong><\/li>\n<li><strong>Customization: Available for private labeling, logo printing, or custom design<\/strong><\/li>\n<li><strong>Features: Fine mist spray for even distribution and easy use<\/strong><\/li>\n<\/ul>\n<p><strong>This spray bottle combines functionality with an attractive, professional appearance, perfect for hair care brands looking to elevate their packaging.<\/strong><\/p>\n<p><strong>A Alovey, como fabricante profissional chinesa de embalagens para cosm\u00e9ticos, produz uma linha requintada de embalagens personalizadas para cosm\u00e9ticos, meticulosamente elaboradas para elevar sua marca. Nossa sele\u00e7\u00e3o diversificada de materiais premium, combinada com t\u00e9cnicas delicadas de acabamento de superf\u00edcie, como impress\u00e3o em tela de seda, hot stamping e pulveriza\u00e7\u00e3o fosca, garante que cada embalagem seja uma obra-prima exclusiva.<\/strong><\/p>\n<p><img fetchpriority=\"high\" decoding=\"async\" class=\"size-full wp-image-12959\" src=\"https:\/\/www.alovey.com\/wp-content\/uploads\/2026\/04\/Customized-Shampoo-Bottles\u2002with-Flip-Top-Cap-115ml.jpg\" alt=\"Hair Mist Spray Bottles\" width=\"750\" height=\"750\" srcset=\"https:\/\/www.alovey.com\/wp-content\/uploads\/2026\/04\/Customized-Shampoo-Bottles\u2002with-Flip-Top-Cap-115ml.jpg 750w, https:\/\/www.alovey.com\/wp-content\/uploads\/2026\/04\/Customized-Shampoo-Bottles\u2002with-Flip-Top-Cap-115ml-300x300.jpg 300w, https:\/\/www.alovey.com\/wp-content\/uploads\/2026\/04\/Customized-Shampoo-Bottles\u2002with-Flip-Top-Cap-115ml-150x150.jpg 150w, https:\/\/www.alovey.com\/wp-content\/uploads\/2026\/04\/Customized-Shampoo-Bottles\u2002with-Flip-Top-Cap-115ml-12x12.jpg 12w, https:\/\/www.alovey.com\/wp-content\/uploads\/2026\/04\/Customized-Shampoo-Bottles\u2002with-Flip-Top-Cap-115ml-600x600.jpg 600w, https:\/\/www.alovey.com\/wp-content\/uploads\/2026\/04\/Customized-Shampoo-Bottles\u2002with-Flip-Top-Cap-115ml-100x100.jpg 100w\" sizes=\"(max-width: 750px) 100vw, 750px\" \/> <img decoding=\"async\" class=\"size-full wp-image-12960\" src=\"https:\/\/www.alovey.com\/wp-content\/uploads\/2026\/04\/Customized-Shampoo-Bottles\u2002with-Flip-Top-Cap-115ml-2-1.jpg\" alt=\"Hair Mist Spray Bottles\" width=\"750\" height=\"750\" srcset=\"https:\/\/www.alovey.com\/wp-content\/uploads\/2026\/04\/Customized-Shampoo-Bottles\u2002with-Flip-Top-Cap-115ml-2-1.jpg 750w, https:\/\/www.alovey.com\/wp-content\/uploads\/2026\/04\/Customized-Shampoo-Bottles\u2002with-Flip-Top-Cap-115ml-2-1-300x300.jpg 300w, https:\/\/www.alovey.com\/wp-content\/uploads\/2026\/04\/Customized-Shampoo-Bottles\u2002with-Flip-Top-Cap-115ml-2-1-150x150.jpg 150w, https:\/\/www.alovey.com\/wp-content\/uploads\/2026\/04\/Customized-Shampoo-Bottles\u2002with-Flip-Top-Cap-115ml-2-1-12x12.jpg 12w, https:\/\/www.alovey.com\/wp-content\/uploads\/2026\/04\/Customized-Shampoo-Bottles\u2002with-Flip-Top-Cap-115ml-2-1-600x600.jpg 600w, https:\/\/www.alovey.com\/wp-content\/uploads\/2026\/04\/Customized-Shampoo-Bottles\u2002with-Flip-Top-Cap-115ml-2-1-100x100.jpg 100w\" sizes=\"(max-width: 750px) 100vw, 750px\" \/><\/p>\n<p>&nbsp;<\/p>\n<p>&nbsp;<\/p>\n<p>&nbsp;<\/p>\n<p>&nbsp;<\/p>\n<p>&nbsp;<\/p>\n<p>&nbsp;<\/p>\n<p>&nbsp;<\/p>\n<p>&nbsp;<\/p>\n<p>&nbsp;<\/p>\n<p>&nbsp;<\/p>\n<p>&nbsp;<\/p>\n<p>&nbsp;<\/p>\n<p>&nbsp;<\/p>\n<p>&nbsp;<\/p>\n<p>&nbsp;<\/p>\n<p>&nbsp;<\/p>\n<p>&nbsp;<\/p>\n<p>&nbsp;<\/p>\n<p>&nbsp;<\/p>\n<p>&nbsp;<\/p>\n<p>&nbsp;<\/p>\n<p>&nbsp;<\/p>\n<p>&nbsp;<\/p>\n<p>&nbsp;<\/p>\n<p>&nbsp;<\/p>\n<p>&nbsp;<\/p>\n<p>&nbsp;<\/p>\n<p>&nbsp;<\/p>\n<p>&nbsp;<\/p>\n<p>&nbsp;<\/p>\n<p>&nbsp;<\/p>\n<p>&nbsp;<\/p>\n<p>&nbsp;<\/p>\n<p>&nbsp;<\/p>\n<p>&nbsp;<\/p>\n<p>&nbsp;<\/p>\n<p>&nbsp;<\/p>\n<p>&nbsp;<\/p>\n<p>&nbsp;<\/p>\n<p>&nbsp;<\/p>\n<p>&nbsp;<\/p>\n<p>&nbsp;<\/p>\n<p>&nbsp;<\/p>\n<p>&nbsp;<\/p>\n<p>&nbsp;<\/p>\n<p>&nbsp;<\/p>\n<p>&nbsp;<\/p>\n<p>&nbsp;<\/p>\n<p>&nbsp;<\/p>\n<p>&nbsp;<\/p>\n<p>&nbsp;<\/p>\n<p>&nbsp;<\/p>\n<p>&nbsp;<\/p>\n<p>&nbsp;<\/p>\n<p>&nbsp;<\/p>\n<p>&nbsp;<\/p>\n<p>&nbsp;<\/p>\n<p>&nbsp;<\/p>\n<p>&nbsp;<\/p>\n<p>&nbsp;<\/p>\n<p>&nbsp;<\/p>\n<p>&nbsp;<\/p>\n<p>&nbsp;<\/p>\n<p>&nbsp;<\/p>\n<p>&nbsp;<\/p>\n<p>&nbsp;<\/p>\n<p>&nbsp;<\/p>\n<p>&nbsp;<\/p>\n<p>&nbsp;<\/p>\n<p>&nbsp;<\/p>\n<p>&nbsp;<\/p>\n<p>&nbsp;<\/p>\n<p>&nbsp;<\/p>\n<p>&nbsp;<\/p>\n<p>&nbsp;<\/p>\n<p>&nbsp;<\/p>\n<p>&nbsp;<\/p>\n<p>&nbsp;<\/p>\n<p>&nbsp;<\/p>\n<p>&nbsp;<\/p>\n<p>&nbsp;<\/p>\n<p>&nbsp;<\/p>\n<p>&nbsp;<\/p>\n<p>&nbsp;<\/p>\n<p>&nbsp;<\/p>\n<p>&nbsp;<\/p>\n<p>&nbsp;<\/p>\n<p>&nbsp;<\/p>\n<p>&nbsp;<\/p>\n<p>&nbsp;<\/p>\n<p>&nbsp;<\/p>\n<p>&nbsp;<\/p>\n<p>&nbsp;<\/p>\n<p>&nbsp;<\/p>\n<p>&nbsp;<\/p>\n<p>&nbsp;<\/p>\n<p>&nbsp;<\/p>\n<p>&nbsp;<\/p>\n<p>&nbsp;<\/p>\n<p>&nbsp;<\/p>\n<p>&nbsp;<\/p>\n<p>&nbsp;<\/p>\n<p>&nbsp;<\/p>\n<p>&nbsp;<\/p>\n<p>&nbsp;<\/p>\n<p>&nbsp;<\/p>\n<p>&nbsp;<\/p>\n<p>&nbsp;<\/p>\n<p>&nbsp;<\/p>\n<p>&nbsp;<\/p>\n<p>&nbsp;<\/p>\n<p>&nbsp;<\/p>\n<p>&nbsp;<\/p>\n<p>&nbsp;<\/p>\n<p>&nbsp;<\/p>\n<p>&nbsp;<\/p>\n<p>&nbsp;<\/p>","protected":false},"excerpt":{"rendered":"<ul>\n<li>Item No:H056<\/li>\n<li>Material:\u00a0PETG<\/li>\n<li>Capacity: 95ml<\/li>\n<li>Aplica\u00e7\u00f5es: Produtos de beleza<\/li>\n<li>MOQ: 12.000 unidades<\/li>\n<li>Cor: cor personalizada<\/li>\n<li>Surfacetreatment: Can be clear, frosted<\/li>\n<li>Nome da marca: OEM\/ODM<\/li>\n<li>Logotipo: Logotipo do cliente<\/li>\n<li>Capacidade de fornecimento: 100.000 pe\u00e7as por m\u00eas<\/li>\n<li>Sample:Free is available<\/li>\n<\/ul>","protected":false},"featured_media":12960,"template":"","meta":{"_acf_changed":false},"product_brand":[],"product_cat":[382],"product_tag":[390,466,465,452],"class_list":{"0":"post-12958","1":"product","2":"type-product","3":"status-publish","4":"has-post-thumbnail","6":"product_cat-wholesale-cosmetic-bottles-containers","7":"product_tag-cosmetic-bottle","8":"product_tag-perfume-bottle","9":"product_tag-pet-bottle","10":"product_tag-spray-bottle","12":"first","13":"instock","14":"shipping-taxable","15":"product-type-simple"},"acf":[],"yoast_head":"<!-- This site is optimized with the Yoast SEO plugin v24.1 - https:\/\/yoast.com\/wordpress\/plugins\/seo\/ -->\n<title>Custom PET 95ml Hair Mist Spray Bottles<\/title>\n<meta name=\"description\" content=\"Our Hair Mist Spray Bottles with 95ml are the perfect packaging for hair mists, leave-in conditioners, and other hair care products.\" \/>\n<meta name=\"robots\" content=\"index, follow, max-snippet:-1, max-image-preview:large, max-video-preview:-1\" \/>\n<link rel=\"canonical\" href=\"https:\/\/www.alovey.com\/pt\/produto\/custom-pet-95ml-hair-mist-spray-bottles\/\" \/>\n<meta property=\"og:locale\" content=\"pt_BR\" \/>\n<meta property=\"og:type\" content=\"article\" \/>\n<meta property=\"og:title\" content=\"Custom PET 95ml Hair Mist Spray Bottles\" \/>\n<meta property=\"og:description\" content=\"Our Hair Mist Spray Bottles with 95ml are the perfect packaging for hair mists, leave-in conditioners, and other hair care products.\" \/>\n<meta property=\"og:url\" content=\"https:\/\/www.alovey.com\/pt\/produto\/custom-pet-95ml-hair-mist-spray-bottles\/\" \/>\n<meta property=\"og:site_name\" content=\"Best Cosmetic Packaging Manufacture\" \/>\n<meta property=\"article:modified_time\" content=\"2026-04-28T10:01:52+00:00\" \/>\n<meta property=\"og:image\" content=\"https:\/\/www.alovey.com\/wp-content\/uploads\/2026\/04\/Customized-Shampoo-Bottles\u2002with-Flip-Top-Cap-115ml-2-1.jpg\" \/>\n\t<meta property=\"og:image:width\" content=\"750\" \/>\n\t<meta property=\"og:image:height\" content=\"750\" \/>\n\t<meta property=\"og:image:type\" content=\"image\/jpeg\" \/>\n<meta name=\"twitter:card\" content=\"summary_large_image\" \/>\n<meta name=\"twitter:label1\" content=\"Est. tempo de leitura\" \/>\n\t<meta name=\"twitter:data1\" content=\"2 minutos\" \/>\n<script type=\"application\/ld+json\" class=\"yoast-schema-graph\">{\"@context\":\"https:\/\/schema.org\",\"@graph\":[{\"@type\":\"WebPage\",\"@id\":\"https:\/\/www.alovey.com\/product\/custom-pet-95ml-hair-mist-spray-bottles\/\",\"url\":\"https:\/\/www.alovey.com\/product\/custom-pet-95ml-hair-mist-spray-bottles\/\",\"name\":\"Custom PET 95ml Hair Mist Spray Bottles\",\"isPartOf\":{\"@id\":\"https:\/\/www.alovey.com\/#website\"},\"primaryImageOfPage\":{\"@id\":\"https:\/\/www.alovey.com\/product\/custom-pet-95ml-hair-mist-spray-bottles\/#primaryimage\"},\"image\":{\"@id\":\"https:\/\/www.alovey.com\/product\/custom-pet-95ml-hair-mist-spray-bottles\/#primaryimage\"},\"thumbnailUrl\":\"https:\/\/www.alovey.com\/wp-content\/uploads\/2026\/04\/Customized-Shampoo-Bottles\u2002with-Flip-Top-Cap-115ml-2-1.jpg\",\"datePublished\":\"2026-04-28T09:53:27+00:00\",\"dateModified\":\"2026-04-28T10:01:52+00:00\",\"description\":\"Our Hair Mist Spray Bottles with 95ml are the perfect packaging for hair mists, leave-in conditioners, and other hair care products.\",\"breadcrumb\":{\"@id\":\"https:\/\/www.alovey.com\/product\/custom-pet-95ml-hair-mist-spray-bottles\/#breadcrumb\"},\"inLanguage\":\"pt-BR\",\"potentialAction\":[{\"@type\":\"ReadAction\",\"target\":[\"https:\/\/www.alovey.com\/product\/custom-pet-95ml-hair-mist-spray-bottles\/\"]}]},{\"@type\":\"ImageObject\",\"inLanguage\":\"pt-BR\",\"@id\":\"https:\/\/www.alovey.com\/product\/custom-pet-95ml-hair-mist-spray-bottles\/#primaryimage\",\"url\":\"https:\/\/www.alovey.com\/wp-content\/uploads\/2026\/04\/Customized-Shampoo-Bottles\u2002with-Flip-Top-Cap-115ml-2-1.jpg\",\"contentUrl\":\"https:\/\/www.alovey.com\/wp-content\/uploads\/2026\/04\/Customized-Shampoo-Bottles\u2002with-Flip-Top-Cap-115ml-2-1.jpg\",\"width\":750,\"height\":750,\"caption\":\"Custom PET 95ml Hair Mist Spray Bottles\"},{\"@type\":\"BreadcrumbList\",\"@id\":\"https:\/\/www.alovey.com\/product\/custom-pet-95ml-hair-mist-spray-bottles\/#breadcrumb\",\"itemListElement\":[{\"@type\":\"ListItem\",\"position\":1,\"name\":\"\u9996\u9875\",\"item\":\"https:\/\/www.alovey.com\/\"},{\"@type\":\"ListItem\",\"position\":2,\"name\":\"Products\",\"item\":\"https:\/\/www.alovey.com\/products\/\"},{\"@type\":\"ListItem\",\"position\":3,\"name\":\"Custom PET 95ml Hair Mist Spray Bottles\"}]},{\"@type\":\"WebSite\",\"@id\":\"https:\/\/www.alovey.com\/#website\",\"url\":\"https:\/\/www.alovey.com\/\",\"name\":\"Best Cosmetic Packaging Manufacture\",\"description\":\"Alovey Cosmetic Packaging Co.,Ltd\",\"publisher\":{\"@id\":\"https:\/\/www.alovey.com\/#organization\"},\"potentialAction\":[{\"@type\":\"SearchAction\",\"target\":{\"@type\":\"EntryPoint\",\"urlTemplate\":\"https:\/\/www.alovey.com\/?s={search_term_string}\"},\"query-input\":{\"@type\":\"PropertyValueSpecification\",\"valueRequired\":true,\"valueName\":\"search_term_string\"}}],\"inLanguage\":\"pt-BR\"},{\"@type\":\"Organization\",\"@id\":\"https:\/\/www.alovey.com\/#organization\",\"name\":\"Best Cosmetic Packaging Manufacture\",\"url\":\"https:\/\/www.alovey.com\/\",\"logo\":{\"@type\":\"ImageObject\",\"inLanguage\":\"pt-BR\",\"@id\":\"https:\/\/www.alovey.com\/#\/schema\/logo\/image\/\",\"url\":\"https:\/\/www.alovey.com\/wp-content\/uploads\/2023\/03\/logo.png\",\"contentUrl\":\"https:\/\/www.alovey.com\/wp-content\/uploads\/2023\/03\/logo.png\",\"width\":505,\"height\":180,\"caption\":\"Best  Cosmetic Packaging Manufacture\"},\"image\":{\"@id\":\"https:\/\/www.alovey.com\/#\/schema\/logo\/image\/\"}}]}<\/script>\n<!-- \/ Yoast SEO plugin. -->","yoast_head_json":{"title":"Custom PET 95ml Hair Mist Spray Bottles","description":"Our Hair Mist Spray Bottles with 95ml are the perfect packaging for hair mists, leave-in conditioners, and other hair care products.","robots":{"index":"index","follow":"follow","max-snippet":"max-snippet:-1","max-image-preview":"max-image-preview:large","max-video-preview":"max-video-preview:-1"},"canonical":"https:\/\/www.alovey.com\/pt\/produto\/custom-pet-95ml-hair-mist-spray-bottles\/","og_locale":"pt_BR","og_type":"article","og_title":"Custom PET 95ml Hair Mist Spray Bottles","og_description":"Our Hair Mist Spray Bottles with 95ml are the perfect packaging for hair mists, leave-in conditioners, and other hair care products.","og_url":"https:\/\/www.alovey.com\/pt\/produto\/custom-pet-95ml-hair-mist-spray-bottles\/","og_site_name":"Best Cosmetic Packaging Manufacture","article_modified_time":"2026-04-28T10:01:52+00:00","og_image":[{"width":750,"height":750,"url":"https:\/\/www.alovey.com\/wp-content\/uploads\/2026\/04\/Customized-Shampoo-Bottles\u2002with-Flip-Top-Cap-115ml-2-1.jpg","type":"image\/jpeg"}],"twitter_card":"summary_large_image","twitter_misc":{"Est. tempo de leitura":"2 minutos"},"schema":{"@context":"https:\/\/schema.org","@graph":[{"@type":"WebPage","@id":"https:\/\/www.alovey.com\/product\/custom-pet-95ml-hair-mist-spray-bottles\/","url":"https:\/\/www.alovey.com\/product\/custom-pet-95ml-hair-mist-spray-bottles\/","name":"Custom PET 95ml Hair Mist Spray Bottles","isPartOf":{"@id":"https:\/\/www.alovey.com\/#website"},"primaryImageOfPage":{"@id":"https:\/\/www.alovey.com\/product\/custom-pet-95ml-hair-mist-spray-bottles\/#primaryimage"},"image":{"@id":"https:\/\/www.alovey.com\/product\/custom-pet-95ml-hair-mist-spray-bottles\/#primaryimage"},"thumbnailUrl":"https:\/\/www.alovey.com\/wp-content\/uploads\/2026\/04\/Customized-Shampoo-Bottles\u2002with-Flip-Top-Cap-115ml-2-1.jpg","datePublished":"2026-04-28T09:53:27+00:00","dateModified":"2026-04-28T10:01:52+00:00","description":"Our Hair Mist Spray Bottles with 95ml are the perfect packaging for hair mists, leave-in conditioners, and other hair care products.","breadcrumb":{"@id":"https:\/\/www.alovey.com\/product\/custom-pet-95ml-hair-mist-spray-bottles\/#breadcrumb"},"inLanguage":"pt-BR","potentialAction":[{"@type":"ReadAction","target":["https:\/\/www.alovey.com\/product\/custom-pet-95ml-hair-mist-spray-bottles\/"]}]},{"@type":"ImageObject","inLanguage":"pt-BR","@id":"https:\/\/www.alovey.com\/product\/custom-pet-95ml-hair-mist-spray-bottles\/#primaryimage","url":"https:\/\/www.alovey.com\/wp-content\/uploads\/2026\/04\/Customized-Shampoo-Bottles\u2002with-Flip-Top-Cap-115ml-2-1.jpg","contentUrl":"https:\/\/www.alovey.com\/wp-content\/uploads\/2026\/04\/Customized-Shampoo-Bottles\u2002with-Flip-Top-Cap-115ml-2-1.jpg","width":750,"height":750,"caption":"Custom PET 95ml Hair Mist Spray Bottles"},{"@type":"BreadcrumbList","@id":"https:\/\/www.alovey.com\/product\/custom-pet-95ml-hair-mist-spray-bottles\/#breadcrumb","itemListElement":[{"@type":"ListItem","position":1,"name":"\u9996\u9875","item":"https:\/\/www.alovey.com\/"},{"@type":"ListItem","position":2,"name":"Products","item":"https:\/\/www.alovey.com\/products\/"},{"@type":"ListItem","position":3,"name":"Custom PET 95ml Hair Mist Spray Bottles"}]},{"@type":"WebSite","@id":"https:\/\/www.alovey.com\/#website","url":"https:\/\/www.alovey.com\/","name":"Best Cosmetic Packaging Manufacture","description":"Alovey Cosmetic Packaging Co.,Ltd","publisher":{"@id":"https:\/\/www.alovey.com\/#organization"},"potentialAction":[{"@type":"SearchAction","target":{"@type":"EntryPoint","urlTemplate":"https:\/\/www.alovey.com\/?s={search_term_string}"},"query-input":{"@type":"PropertyValueSpecification","valueRequired":true,"valueName":"search_term_string"}}],"inLanguage":"pt-BR"},{"@type":"Organization","@id":"https:\/\/www.alovey.com\/#organization","name":"Best Cosmetic Packaging Manufacture","url":"https:\/\/www.alovey.com\/","logo":{"@type":"ImageObject","inLanguage":"pt-BR","@id":"https:\/\/www.alovey.com\/#\/schema\/logo\/image\/","url":"https:\/\/www.alovey.com\/wp-content\/uploads\/2023\/03\/logo.png","contentUrl":"https:\/\/www.alovey.com\/wp-content\/uploads\/2023\/03\/logo.png","width":505,"height":180,"caption":"Best  Cosmetic Packaging Manufacture"},"image":{"@id":"https:\/\/www.alovey.com\/#\/schema\/logo\/image\/"}}]}},"_links":{"self":[{"href":"https:\/\/www.alovey.com\/pt\/wp-json\/wp\/v2\/product\/12958"}],"collection":[{"href":"https:\/\/www.alovey.com\/pt\/wp-json\/wp\/v2\/product"}],"about":[{"href":"https:\/\/www.alovey.com\/pt\/wp-json\/wp\/v2\/types\/product"}],"wp:featuredmedia":[{"embeddable":true,"href":"https:\/\/www.alovey.com\/pt\/wp-json\/wp\/v2\/media\/12960"}],"wp:attachment":[{"href":"https:\/\/www.alovey.com\/pt\/wp-json\/wp\/v2\/media?parent=12958"}],"wp:term":[{"taxonomy":"product_brand","embeddable":true,"href":"https:\/\/www.alovey.com\/pt\/wp-json\/wp\/v2\/product_brand?post=12958"},{"taxonomy":"product_cat","embeddable":true,"href":"https:\/\/www.alovey.com\/pt\/wp-json\/wp\/v2\/product_cat?post=12958"},{"taxonomy":"product_tag","embeddable":true,"href":"https:\/\/www.alovey.com\/pt\/wp-json\/wp\/v2\/product_tag?post=12958"}],"curies":[{"name":"wp","href":"https:\/\/api.w.org\/{rel}","templated":true}]}}