{"id":12922,"date":"2026-04-21T02:58:14","date_gmt":"2026-04-21T02:58:14","guid":{"rendered":"https:\/\/www.alovey.com\/?post_type=product&#038;p=12922"},"modified":"2026-04-21T03:03:22","modified_gmt":"2026-04-21T03:03:22","slug":"custom-cream-blush-stick-in-pretty-silver-tube-20g","status":"publish","type":"product","link":"https:\/\/www.alovey.com\/pt\/produto\/custom-cream-blush-stick-in-pretty-silver-tube-20g\/","title":{"rendered":"Custom cream blush stick in pretty silver tube 20g"},"content":{"rendered":"<p><strong>This cream blush stick in pretty silver tube (20g)\u00a0is a chic and elegant cosmetic packaging choice for cream blush products.<\/strong><\/p>\n<p><strong>The silver cream blush tube\u00a0gives it a modern and sleek appearance, perfect for luxury beauty brands.<\/strong><\/p>\n<p><strong>The 20g size\u00a0is generous enough for a long-lasting product while still being portable for on-the-go use.<\/strong><\/p>\n<p><strong>This cream blush tube is ideal for cream blush formulas, offering smooth application and easy portability.<\/strong><\/p>\n<p><strong>Custom branding options, such as logo engraving or unique finishes (e.g., matte, glossy, or metallic), can be added to elevate the product further.<\/strong><\/p>\n<p><strong>A Alovey, como fabricante profissional chinesa de embalagens para cosm\u00e9ticos, produz uma linha requintada de embalagens personalizadas para cosm\u00e9ticos, meticulosamente elaboradas para elevar sua marca. Nossa sele\u00e7\u00e3o diversificada de materiais premium, combinada com t\u00e9cnicas delicadas de acabamento de superf\u00edcie, como impress\u00e3o em tela de seda, hot stamping e pulveriza\u00e7\u00e3o fosca, garante que cada embalagem seja uma obra-prima exclusiva.<\/strong><\/p>\n<p><img fetchpriority=\"high\" decoding=\"async\" class=\"size-full wp-image-12926\" src=\"https:\/\/www.alovey.com\/wp-content\/uploads\/2026\/04\/Custom-cream-blush-stick-in-pretty-silver-tube-20g-7.jpg\" alt=\"cream blush stick in pretty silver tube\" width=\"750\" height=\"750\" srcset=\"https:\/\/www.alovey.com\/wp-content\/uploads\/2026\/04\/Custom-cream-blush-stick-in-pretty-silver-tube-20g-7.jpg 750w, https:\/\/www.alovey.com\/wp-content\/uploads\/2026\/04\/Custom-cream-blush-stick-in-pretty-silver-tube-20g-7-300x300.jpg 300w, https:\/\/www.alovey.com\/wp-content\/uploads\/2026\/04\/Custom-cream-blush-stick-in-pretty-silver-tube-20g-7-150x150.jpg 150w, https:\/\/www.alovey.com\/wp-content\/uploads\/2026\/04\/Custom-cream-blush-stick-in-pretty-silver-tube-20g-7-12x12.jpg 12w, https:\/\/www.alovey.com\/wp-content\/uploads\/2026\/04\/Custom-cream-blush-stick-in-pretty-silver-tube-20g-7-600x600.jpg 600w, https:\/\/www.alovey.com\/wp-content\/uploads\/2026\/04\/Custom-cream-blush-stick-in-pretty-silver-tube-20g-7-100x100.jpg 100w\" sizes=\"(max-width: 750px) 100vw, 750px\" \/><\/p>\n<p><img decoding=\"async\" class=\"size-full wp-image-12928\" src=\"https:\/\/www.alovey.com\/wp-content\/uploads\/2026\/04\/Custom-cream-blush-stick-in-pretty-silver-tube-20g-3.jpg\" alt=\"cream blush stick in pretty silver tube\" width=\"750\" height=\"750\" srcset=\"https:\/\/www.alovey.com\/wp-content\/uploads\/2026\/04\/Custom-cream-blush-stick-in-pretty-silver-tube-20g-3.jpg 750w, https:\/\/www.alovey.com\/wp-content\/uploads\/2026\/04\/Custom-cream-blush-stick-in-pretty-silver-tube-20g-3-300x300.jpg 300w, https:\/\/www.alovey.com\/wp-content\/uploads\/2026\/04\/Custom-cream-blush-stick-in-pretty-silver-tube-20g-3-150x150.jpg 150w, https:\/\/www.alovey.com\/wp-content\/uploads\/2026\/04\/Custom-cream-blush-stick-in-pretty-silver-tube-20g-3-12x12.jpg 12w, https:\/\/www.alovey.com\/wp-content\/uploads\/2026\/04\/Custom-cream-blush-stick-in-pretty-silver-tube-20g-3-600x600.jpg 600w, https:\/\/www.alovey.com\/wp-content\/uploads\/2026\/04\/Custom-cream-blush-stick-in-pretty-silver-tube-20g-3-100x100.jpg 100w\" sizes=\"(max-width: 750px) 100vw, 750px\" \/><\/p>\n<p><img decoding=\"async\" class=\"size-full wp-image-12924\" src=\"https:\/\/www.alovey.com\/wp-content\/uploads\/2026\/04\/Custom-cream-blush-stick-in-pretty-silver-tube-20g-5.jpg\" alt=\"cream blush stick in pretty silver tube\" width=\"750\" height=\"750\" srcset=\"https:\/\/www.alovey.com\/wp-content\/uploads\/2026\/04\/Custom-cream-blush-stick-in-pretty-silver-tube-20g-5.jpg 750w, https:\/\/www.alovey.com\/wp-content\/uploads\/2026\/04\/Custom-cream-blush-stick-in-pretty-silver-tube-20g-5-300x300.jpg 300w, https:\/\/www.alovey.com\/wp-content\/uploads\/2026\/04\/Custom-cream-blush-stick-in-pretty-silver-tube-20g-5-150x150.jpg 150w, https:\/\/www.alovey.com\/wp-content\/uploads\/2026\/04\/Custom-cream-blush-stick-in-pretty-silver-tube-20g-5-12x12.jpg 12w, https:\/\/www.alovey.com\/wp-content\/uploads\/2026\/04\/Custom-cream-blush-stick-in-pretty-silver-tube-20g-5-600x600.jpg 600w, https:\/\/www.alovey.com\/wp-content\/uploads\/2026\/04\/Custom-cream-blush-stick-in-pretty-silver-tube-20g-5-100x100.jpg 100w\" sizes=\"(max-width: 750px) 100vw, 750px\" \/><\/p>\n<p><img loading=\"lazy\" decoding=\"async\" class=\"size-full wp-image-12923\" src=\"https:\/\/www.alovey.com\/wp-content\/uploads\/2026\/04\/Custom-cream-blush-stick-in-pretty-silver-tube-20g-4.jpg\" alt=\"cream blush stick in pretty silver tube\" width=\"750\" height=\"750\" srcset=\"https:\/\/www.alovey.com\/wp-content\/uploads\/2026\/04\/Custom-cream-blush-stick-in-pretty-silver-tube-20g-4.jpg 750w, https:\/\/www.alovey.com\/wp-content\/uploads\/2026\/04\/Custom-cream-blush-stick-in-pretty-silver-tube-20g-4-300x300.jpg 300w, https:\/\/www.alovey.com\/wp-content\/uploads\/2026\/04\/Custom-cream-blush-stick-in-pretty-silver-tube-20g-4-150x150.jpg 150w, https:\/\/www.alovey.com\/wp-content\/uploads\/2026\/04\/Custom-cream-blush-stick-in-pretty-silver-tube-20g-4-12x12.jpg 12w, https:\/\/www.alovey.com\/wp-content\/uploads\/2026\/04\/Custom-cream-blush-stick-in-pretty-silver-tube-20g-4-600x600.jpg 600w, https:\/\/www.alovey.com\/wp-content\/uploads\/2026\/04\/Custom-cream-blush-stick-in-pretty-silver-tube-20g-4-100x100.jpg 100w\" sizes=\"(max-width: 750px) 100vw, 750px\" \/><\/p>\n<p><img loading=\"lazy\" decoding=\"async\" class=\"size-full wp-image-12925\" src=\"https:\/\/www.alovey.com\/wp-content\/uploads\/2026\/04\/Custom-cream-blush-stick-in-pretty-silver-tube-20g-6.jpg\" alt=\"cream blush stick in pretty silver tube\" width=\"750\" height=\"750\" srcset=\"https:\/\/www.alovey.com\/wp-content\/uploads\/2026\/04\/Custom-cream-blush-stick-in-pretty-silver-tube-20g-6.jpg 750w, https:\/\/www.alovey.com\/wp-content\/uploads\/2026\/04\/Custom-cream-blush-stick-in-pretty-silver-tube-20g-6-300x300.jpg 300w, https:\/\/www.alovey.com\/wp-content\/uploads\/2026\/04\/Custom-cream-blush-stick-in-pretty-silver-tube-20g-6-150x150.jpg 150w, https:\/\/www.alovey.com\/wp-content\/uploads\/2026\/04\/Custom-cream-blush-stick-in-pretty-silver-tube-20g-6-12x12.jpg 12w, https:\/\/www.alovey.com\/wp-content\/uploads\/2026\/04\/Custom-cream-blush-stick-in-pretty-silver-tube-20g-6-600x600.jpg 600w, https:\/\/www.alovey.com\/wp-content\/uploads\/2026\/04\/Custom-cream-blush-stick-in-pretty-silver-tube-20g-6-100x100.jpg 100w\" sizes=\"(max-width: 750px) 100vw, 750px\" \/><\/p>\n<p><b><\/b><\/p>\n<p>&nbsp;<\/p>\n<p>&nbsp;<\/p>\n<p>&nbsp;<\/p>\n<p>&nbsp;<\/p>\n<p>&nbsp;<\/p>\n<p>&nbsp;<\/p>\n<p>&nbsp;<\/p>\n<p>&nbsp;<\/p>\n<p>&nbsp;<\/p>\n<p>&nbsp;<\/p>\n<p>&nbsp;<\/p>\n<p>&nbsp;<\/p>\n<p>&nbsp;<\/p>\n<p>&nbsp;<\/p>\n<p>&nbsp;<\/p>\n<p>&nbsp;<\/p>\n<p>&nbsp;<\/p>\n<p>&nbsp;<\/p>\n<p>&nbsp;<\/p>\n<p>&nbsp;<\/p>\n<p>&nbsp;<\/p>\n<p>&nbsp;<\/p>\n<p>&nbsp;<\/p>\n<p>&nbsp;<\/p>\n<p>&nbsp;<\/p>\n<p>&nbsp;<\/p>\n<p>&nbsp;<\/p>\n<p>&nbsp;<\/p>\n<p>&nbsp;<\/p>\n<p>&nbsp;<\/p>\n<p>&nbsp;<\/p>\n<p>&nbsp;<\/p>\n<p>&nbsp;<\/p>\n<p>&nbsp;<\/p>\n<p>&nbsp;<\/p>\n<p>&nbsp;<\/p>\n<p>&nbsp;<\/p>\n<p>&nbsp;<\/p>\n<p>&nbsp;<\/p>\n<p>&nbsp;<\/p>\n<p>&nbsp;<\/p>\n<p>&nbsp;<\/p>\n<p>&nbsp;<\/p>\n<p>&nbsp;<\/p>\n<p>&nbsp;<\/p>\n<p>&nbsp;<\/p>\n<p>&nbsp;<\/p>\n<p>&nbsp;<\/p>\n<p>&nbsp;<\/p>\n<p>&nbsp;<\/p>\n<p>&nbsp;<\/p>\n<p>&nbsp;<\/p>\n<p>&nbsp;<\/p>\n<p>&nbsp;<\/p>\n<p>&nbsp;<\/p>\n<p>&nbsp;<\/p>\n<p>&nbsp;<\/p>\n<p>&nbsp;<\/p>\n<p>&nbsp;<\/p>\n<p>&nbsp;<\/p>\n<p>&nbsp;<\/p>\n<p>&nbsp;<\/p>\n<p>&nbsp;<\/p>\n<p>&nbsp;<\/p>\n<p>&nbsp;<\/p>\n<p>&nbsp;<\/p>\n<p>&nbsp;<\/p>\n<p>&nbsp;<\/p>\n<p>&nbsp;<\/p>\n<p>&nbsp;<\/p>\n<p>&nbsp;<\/p>\n<p>&nbsp;<\/p>\n<p>&nbsp;<\/p>\n<p>&nbsp;<\/p>\n<p>&nbsp;<\/p>\n<p>&nbsp;<\/p>\n<p>&nbsp;<\/p>\n<p>&nbsp;<\/p>\n<p>&nbsp;<\/p>\n<p>&nbsp;<\/p>\n<p>&nbsp;<\/p>\n<p>&nbsp;<\/p>\n<p>&nbsp;<\/p>\n<p>&nbsp;<\/p>\n<p>&nbsp;<\/p>\n<p>&nbsp;<\/p>\n<p>&nbsp;<\/p>\n<p>&nbsp;<\/p>\n<p>&nbsp;<\/p>\n<p>&nbsp;<\/p>\n<p>&nbsp;<\/p>\n<p>&nbsp;<\/p>\n<p>&nbsp;<\/p>\n<p>&nbsp;<\/p>\n<p>&nbsp;<\/p>\n<p>&nbsp;<\/p>\n<p>&nbsp;<\/p>\n<p>&nbsp;<\/p>\n<p>&nbsp;<\/p>\n<p>&nbsp;<\/p>\n<p>&nbsp;<\/p>\n<p>&nbsp;<\/p>\n<p>&nbsp;<\/p>\n<p>&nbsp;<\/p>\n<p>&nbsp;<\/p>\n<p>&nbsp;<\/p>\n<p>&nbsp;<\/p>\n<p>&nbsp;<\/p>\n<p>&nbsp;<\/p>\n<p>&nbsp;<\/p>\n<p>&nbsp;<\/p>","protected":false},"excerpt":{"rendered":"<ul>\n<li>Item No:P-J0376G<\/li>\n<li>Material: Pl\u00e1stico<\/li>\n<li>Size:\u00a0L47*W19*H114MM (20g)<\/li>\n<li>Aplica\u00e7\u00f5es: Produtos de beleza<\/li>\n<li>MOQ: 12.000 unidades<\/li>\n<li>Cor: cor personalizada<\/li>\n<li>Tratamento de superf\u00edcie: Inje\u00e7\u00e3o\/Matte\/Metaliza\u00e7\u00e3o\/Revestimento UV<\/li>\n<li>Nome da marca: OEM\/ODM<\/li>\n<li>Logotipo: Logotipo do cliente<\/li>\n<li>Capacidade de fornecimento: 100.000 pe\u00e7as por m\u00eas<\/li>\n<\/ul>","protected":false},"featured_media":12926,"template":"","meta":{"_acf_changed":false},"product_brand":[],"product_cat":[381],"product_tag":[456,394],"class_list":{"0":"post-12922","1":"product","2":"type-product","3":"status-publish","4":"has-post-thumbnail","6":"product_cat-the-foundation-stick-tube-for-cosmetic","7":"product_tag-blush-stick-tube","8":"product_tag-foundation-stick-tube","10":"first","11":"instock","12":"shipping-taxable","13":"product-type-simple"},"acf":[],"yoast_head":"<!-- This site is optimized with the Yoast SEO plugin v24.1 - https:\/\/yoast.com\/wordpress\/plugins\/seo\/ -->\n<title>Custom cream blush stick in pretty silver tube 20g<\/title>\n<meta name=\"description\" content=\"This cream blush stick in pretty silver tube (20g) is a chic and elegant cosmetic packaging choice for cream blush products.\" \/>\n<meta name=\"robots\" content=\"index, follow, max-snippet:-1, max-image-preview:large, max-video-preview:-1\" \/>\n<link rel=\"canonical\" href=\"https:\/\/www.alovey.com\/pt\/produto\/custom-cream-blush-stick-in-pretty-silver-tube-20g\/\" \/>\n<meta property=\"og:locale\" content=\"pt_BR\" \/>\n<meta property=\"og:type\" content=\"article\" \/>\n<meta property=\"og:title\" content=\"Custom cream blush stick in pretty silver tube 20g\" \/>\n<meta property=\"og:description\" content=\"This cream blush stick in pretty silver tube (20g) is a chic and elegant cosmetic packaging choice for cream blush products.\" \/>\n<meta property=\"og:url\" content=\"https:\/\/www.alovey.com\/pt\/produto\/custom-cream-blush-stick-in-pretty-silver-tube-20g\/\" \/>\n<meta property=\"og:site_name\" content=\"Best Cosmetic Packaging Manufacture\" \/>\n<meta property=\"article:modified_time\" content=\"2026-04-21T03:03:22+00:00\" \/>\n<meta property=\"og:image\" content=\"https:\/\/www.alovey.com\/wp-content\/uploads\/2026\/04\/Custom-cream-blush-stick-in-pretty-silver-tube-20g-7.jpg\" \/>\n\t<meta property=\"og:image:width\" content=\"750\" \/>\n\t<meta property=\"og:image:height\" content=\"750\" \/>\n\t<meta property=\"og:image:type\" content=\"image\/jpeg\" \/>\n<meta name=\"twitter:card\" content=\"summary_large_image\" \/>\n<meta name=\"twitter:label1\" content=\"Est. tempo de leitura\" \/>\n\t<meta name=\"twitter:data1\" content=\"2 minutos\" \/>\n<script type=\"application\/ld+json\" class=\"yoast-schema-graph\">{\"@context\":\"https:\/\/schema.org\",\"@graph\":[{\"@type\":\"WebPage\",\"@id\":\"https:\/\/www.alovey.com\/product\/custom-cream-blush-stick-in-pretty-silver-tube-20g\/\",\"url\":\"https:\/\/www.alovey.com\/product\/custom-cream-blush-stick-in-pretty-silver-tube-20g\/\",\"name\":\"Custom cream blush stick in pretty silver tube 20g\",\"isPartOf\":{\"@id\":\"https:\/\/www.alovey.com\/#website\"},\"primaryImageOfPage\":{\"@id\":\"https:\/\/www.alovey.com\/product\/custom-cream-blush-stick-in-pretty-silver-tube-20g\/#primaryimage\"},\"image\":{\"@id\":\"https:\/\/www.alovey.com\/product\/custom-cream-blush-stick-in-pretty-silver-tube-20g\/#primaryimage\"},\"thumbnailUrl\":\"https:\/\/www.alovey.com\/wp-content\/uploads\/2026\/04\/Custom-cream-blush-stick-in-pretty-silver-tube-20g-7.jpg\",\"datePublished\":\"2026-04-21T02:58:14+00:00\",\"dateModified\":\"2026-04-21T03:03:22+00:00\",\"description\":\"This cream blush stick in pretty silver tube (20g) is a chic and elegant cosmetic packaging choice for cream blush products.\",\"breadcrumb\":{\"@id\":\"https:\/\/www.alovey.com\/product\/custom-cream-blush-stick-in-pretty-silver-tube-20g\/#breadcrumb\"},\"inLanguage\":\"pt-BR\",\"potentialAction\":[{\"@type\":\"ReadAction\",\"target\":[\"https:\/\/www.alovey.com\/product\/custom-cream-blush-stick-in-pretty-silver-tube-20g\/\"]}]},{\"@type\":\"ImageObject\",\"inLanguage\":\"pt-BR\",\"@id\":\"https:\/\/www.alovey.com\/product\/custom-cream-blush-stick-in-pretty-silver-tube-20g\/#primaryimage\",\"url\":\"https:\/\/www.alovey.com\/wp-content\/uploads\/2026\/04\/Custom-cream-blush-stick-in-pretty-silver-tube-20g-7.jpg\",\"contentUrl\":\"https:\/\/www.alovey.com\/wp-content\/uploads\/2026\/04\/Custom-cream-blush-stick-in-pretty-silver-tube-20g-7.jpg\",\"width\":750,\"height\":750,\"caption\":\"Custom cream blush stick in pretty silver tube 20g\"},{\"@type\":\"BreadcrumbList\",\"@id\":\"https:\/\/www.alovey.com\/product\/custom-cream-blush-stick-in-pretty-silver-tube-20g\/#breadcrumb\",\"itemListElement\":[{\"@type\":\"ListItem\",\"position\":1,\"name\":\"\u9996\u9875\",\"item\":\"https:\/\/www.alovey.com\/\"},{\"@type\":\"ListItem\",\"position\":2,\"name\":\"Products\",\"item\":\"https:\/\/www.alovey.com\/products\/\"},{\"@type\":\"ListItem\",\"position\":3,\"name\":\"Custom cream blush stick in pretty silver tube 20g\"}]},{\"@type\":\"WebSite\",\"@id\":\"https:\/\/www.alovey.com\/#website\",\"url\":\"https:\/\/www.alovey.com\/\",\"name\":\"Best Cosmetic Packaging Manufacture\",\"description\":\"Alovey Cosmetic Packaging Co.,Ltd\",\"publisher\":{\"@id\":\"https:\/\/www.alovey.com\/#organization\"},\"potentialAction\":[{\"@type\":\"SearchAction\",\"target\":{\"@type\":\"EntryPoint\",\"urlTemplate\":\"https:\/\/www.alovey.com\/?s={search_term_string}\"},\"query-input\":{\"@type\":\"PropertyValueSpecification\",\"valueRequired\":true,\"valueName\":\"search_term_string\"}}],\"inLanguage\":\"pt-BR\"},{\"@type\":\"Organization\",\"@id\":\"https:\/\/www.alovey.com\/#organization\",\"name\":\"Best Cosmetic Packaging Manufacture\",\"url\":\"https:\/\/www.alovey.com\/\",\"logo\":{\"@type\":\"ImageObject\",\"inLanguage\":\"pt-BR\",\"@id\":\"https:\/\/www.alovey.com\/#\/schema\/logo\/image\/\",\"url\":\"https:\/\/www.alovey.com\/wp-content\/uploads\/2023\/03\/logo.png\",\"contentUrl\":\"https:\/\/www.alovey.com\/wp-content\/uploads\/2023\/03\/logo.png\",\"width\":505,\"height\":180,\"caption\":\"Best  Cosmetic Packaging Manufacture\"},\"image\":{\"@id\":\"https:\/\/www.alovey.com\/#\/schema\/logo\/image\/\"}}]}<\/script>\n<!-- \/ Yoast SEO plugin. -->","yoast_head_json":{"title":"Custom cream blush stick in pretty silver tube 20g","description":"This cream blush stick in pretty silver tube (20g) is a chic and elegant cosmetic packaging choice for cream blush products.","robots":{"index":"index","follow":"follow","max-snippet":"max-snippet:-1","max-image-preview":"max-image-preview:large","max-video-preview":"max-video-preview:-1"},"canonical":"https:\/\/www.alovey.com\/pt\/produto\/custom-cream-blush-stick-in-pretty-silver-tube-20g\/","og_locale":"pt_BR","og_type":"article","og_title":"Custom cream blush stick in pretty silver tube 20g","og_description":"This cream blush stick in pretty silver tube (20g) is a chic and elegant cosmetic packaging choice for cream blush products.","og_url":"https:\/\/www.alovey.com\/pt\/produto\/custom-cream-blush-stick-in-pretty-silver-tube-20g\/","og_site_name":"Best Cosmetic Packaging Manufacture","article_modified_time":"2026-04-21T03:03:22+00:00","og_image":[{"width":750,"height":750,"url":"https:\/\/www.alovey.com\/wp-content\/uploads\/2026\/04\/Custom-cream-blush-stick-in-pretty-silver-tube-20g-7.jpg","type":"image\/jpeg"}],"twitter_card":"summary_large_image","twitter_misc":{"Est. tempo de leitura":"2 minutos"},"schema":{"@context":"https:\/\/schema.org","@graph":[{"@type":"WebPage","@id":"https:\/\/www.alovey.com\/product\/custom-cream-blush-stick-in-pretty-silver-tube-20g\/","url":"https:\/\/www.alovey.com\/product\/custom-cream-blush-stick-in-pretty-silver-tube-20g\/","name":"Custom cream blush stick in pretty silver tube 20g","isPartOf":{"@id":"https:\/\/www.alovey.com\/#website"},"primaryImageOfPage":{"@id":"https:\/\/www.alovey.com\/product\/custom-cream-blush-stick-in-pretty-silver-tube-20g\/#primaryimage"},"image":{"@id":"https:\/\/www.alovey.com\/product\/custom-cream-blush-stick-in-pretty-silver-tube-20g\/#primaryimage"},"thumbnailUrl":"https:\/\/www.alovey.com\/wp-content\/uploads\/2026\/04\/Custom-cream-blush-stick-in-pretty-silver-tube-20g-7.jpg","datePublished":"2026-04-21T02:58:14+00:00","dateModified":"2026-04-21T03:03:22+00:00","description":"This cream blush stick in pretty silver tube (20g) is a chic and elegant cosmetic packaging choice for cream blush products.","breadcrumb":{"@id":"https:\/\/www.alovey.com\/product\/custom-cream-blush-stick-in-pretty-silver-tube-20g\/#breadcrumb"},"inLanguage":"pt-BR","potentialAction":[{"@type":"ReadAction","target":["https:\/\/www.alovey.com\/product\/custom-cream-blush-stick-in-pretty-silver-tube-20g\/"]}]},{"@type":"ImageObject","inLanguage":"pt-BR","@id":"https:\/\/www.alovey.com\/product\/custom-cream-blush-stick-in-pretty-silver-tube-20g\/#primaryimage","url":"https:\/\/www.alovey.com\/wp-content\/uploads\/2026\/04\/Custom-cream-blush-stick-in-pretty-silver-tube-20g-7.jpg","contentUrl":"https:\/\/www.alovey.com\/wp-content\/uploads\/2026\/04\/Custom-cream-blush-stick-in-pretty-silver-tube-20g-7.jpg","width":750,"height":750,"caption":"Custom cream blush stick in pretty silver tube 20g"},{"@type":"BreadcrumbList","@id":"https:\/\/www.alovey.com\/product\/custom-cream-blush-stick-in-pretty-silver-tube-20g\/#breadcrumb","itemListElement":[{"@type":"ListItem","position":1,"name":"\u9996\u9875","item":"https:\/\/www.alovey.com\/"},{"@type":"ListItem","position":2,"name":"Products","item":"https:\/\/www.alovey.com\/products\/"},{"@type":"ListItem","position":3,"name":"Custom cream blush stick in pretty silver tube 20g"}]},{"@type":"WebSite","@id":"https:\/\/www.alovey.com\/#website","url":"https:\/\/www.alovey.com\/","name":"Best Cosmetic Packaging Manufacture","description":"Alovey Cosmetic Packaging Co.,Ltd","publisher":{"@id":"https:\/\/www.alovey.com\/#organization"},"potentialAction":[{"@type":"SearchAction","target":{"@type":"EntryPoint","urlTemplate":"https:\/\/www.alovey.com\/?s={search_term_string}"},"query-input":{"@type":"PropertyValueSpecification","valueRequired":true,"valueName":"search_term_string"}}],"inLanguage":"pt-BR"},{"@type":"Organization","@id":"https:\/\/www.alovey.com\/#organization","name":"Best Cosmetic Packaging Manufacture","url":"https:\/\/www.alovey.com\/","logo":{"@type":"ImageObject","inLanguage":"pt-BR","@id":"https:\/\/www.alovey.com\/#\/schema\/logo\/image\/","url":"https:\/\/www.alovey.com\/wp-content\/uploads\/2023\/03\/logo.png","contentUrl":"https:\/\/www.alovey.com\/wp-content\/uploads\/2023\/03\/logo.png","width":505,"height":180,"caption":"Best  Cosmetic Packaging Manufacture"},"image":{"@id":"https:\/\/www.alovey.com\/#\/schema\/logo\/image\/"}}]}},"_links":{"self":[{"href":"https:\/\/www.alovey.com\/pt\/wp-json\/wp\/v2\/product\/12922"}],"collection":[{"href":"https:\/\/www.alovey.com\/pt\/wp-json\/wp\/v2\/product"}],"about":[{"href":"https:\/\/www.alovey.com\/pt\/wp-json\/wp\/v2\/types\/product"}],"wp:featuredmedia":[{"embeddable":true,"href":"https:\/\/www.alovey.com\/pt\/wp-json\/wp\/v2\/media\/12926"}],"wp:attachment":[{"href":"https:\/\/www.alovey.com\/pt\/wp-json\/wp\/v2\/media?parent=12922"}],"wp:term":[{"taxonomy":"product_brand","embeddable":true,"href":"https:\/\/www.alovey.com\/pt\/wp-json\/wp\/v2\/product_brand?post=12922"},{"taxonomy":"product_cat","embeddable":true,"href":"https:\/\/www.alovey.com\/pt\/wp-json\/wp\/v2\/product_cat?post=12922"},{"taxonomy":"product_tag","embeddable":true,"href":"https:\/\/www.alovey.com\/pt\/wp-json\/wp\/v2\/product_tag?post=12922"}],"curies":[{"name":"wp","href":"https:\/\/api.w.org\/{rel}","templated":true}]}}