{"id":12882,"date":"2026-04-18T02:16:43","date_gmt":"2026-04-18T02:16:43","guid":{"rendered":"https:\/\/www.alovey.com\/?post_type=product&#038;p=12882"},"modified":"2026-04-18T02:26:12","modified_gmt":"2026-04-18T02:26:12","slug":"wholesale-square-lip-tint-tube-with-matte-black-cap-6ml","status":"publish","type":"product","link":"https:\/\/www.alovey.com\/pt\/produto\/wholesale-square-lip-tint-tube-with-matte-black-cap-6ml\/","title":{"rendered":"Wholesale square lip tint tube with matte black cap 6ml"},"content":{"rendered":"<p><strong>This square lip tint tube with\u00a0matte black cap (6ml)\u00a0is an elegant and modern packaging option for lip tints.<\/strong><\/p>\n<p><strong>The square shape offers a sleek, unique design that stands out on shelves or in a makeup bag, while the matte black cap provides a sophisticated touch, giving the packaging a high-end feel.<\/strong><\/p>\n<p><strong>The 6ml size is ideal for travel-sized products or smaller, on-the-go applications.<\/strong><\/p>\n<p><strong>This packaging would work well with vibrant or neutral lip tint formulas and could be a great option for cosmetic brands looking to create a premium product.<\/strong><\/p>\n<p><strong>A Alovey, como fabricante profissional chinesa de embalagens para cosm\u00e9ticos, produz uma linha requintada de embalagens personalizadas para cosm\u00e9ticos, meticulosamente elaboradas para elevar sua marca. Nossa sele\u00e7\u00e3o diversificada de materiais premium, combinada com t\u00e9cnicas delicadas de acabamento de superf\u00edcie, como impress\u00e3o em tela de seda, hot stamping e pulveriza\u00e7\u00e3o fosca, garante que cada embalagem seja uma obra-prima exclusiva.<\/strong><\/p>\n<p><img fetchpriority=\"high\" decoding=\"async\" class=\"size-full wp-image-12883\" src=\"https:\/\/www.alovey.com\/wp-content\/uploads\/2026\/04\/Wholesale-square-lip-tint-tube-with-matte-black-cap-6ml-2.jpg\" alt=\"lip tint tube\" width=\"750\" height=\"750\" srcset=\"https:\/\/www.alovey.com\/wp-content\/uploads\/2026\/04\/Wholesale-square-lip-tint-tube-with-matte-black-cap-6ml-2.jpg 750w, https:\/\/www.alovey.com\/wp-content\/uploads\/2026\/04\/Wholesale-square-lip-tint-tube-with-matte-black-cap-6ml-2-300x300.jpg 300w, https:\/\/www.alovey.com\/wp-content\/uploads\/2026\/04\/Wholesale-square-lip-tint-tube-with-matte-black-cap-6ml-2-150x150.jpg 150w, https:\/\/www.alovey.com\/wp-content\/uploads\/2026\/04\/Wholesale-square-lip-tint-tube-with-matte-black-cap-6ml-2-12x12.jpg 12w, https:\/\/www.alovey.com\/wp-content\/uploads\/2026\/04\/Wholesale-square-lip-tint-tube-with-matte-black-cap-6ml-2-600x600.jpg 600w, https:\/\/www.alovey.com\/wp-content\/uploads\/2026\/04\/Wholesale-square-lip-tint-tube-with-matte-black-cap-6ml-2-100x100.jpg 100w\" sizes=\"(max-width: 750px) 100vw, 750px\" \/><\/p>\n<p><img decoding=\"async\" class=\"size-full wp-image-12884\" src=\"https:\/\/www.alovey.com\/wp-content\/uploads\/2026\/04\/Wholesale-square-lip-tint-tube-with-matte-black-cap-6ml-3.jpg\" alt=\"lip tint tube\" width=\"750\" height=\"750\" srcset=\"https:\/\/www.alovey.com\/wp-content\/uploads\/2026\/04\/Wholesale-square-lip-tint-tube-with-matte-black-cap-6ml-3.jpg 750w, https:\/\/www.alovey.com\/wp-content\/uploads\/2026\/04\/Wholesale-square-lip-tint-tube-with-matte-black-cap-6ml-3-300x300.jpg 300w, https:\/\/www.alovey.com\/wp-content\/uploads\/2026\/04\/Wholesale-square-lip-tint-tube-with-matte-black-cap-6ml-3-150x150.jpg 150w, https:\/\/www.alovey.com\/wp-content\/uploads\/2026\/04\/Wholesale-square-lip-tint-tube-with-matte-black-cap-6ml-3-12x12.jpg 12w, https:\/\/www.alovey.com\/wp-content\/uploads\/2026\/04\/Wholesale-square-lip-tint-tube-with-matte-black-cap-6ml-3-600x600.jpg 600w, https:\/\/www.alovey.com\/wp-content\/uploads\/2026\/04\/Wholesale-square-lip-tint-tube-with-matte-black-cap-6ml-3-100x100.jpg 100w\" sizes=\"(max-width: 750px) 100vw, 750px\" \/><\/p>\n<p><img decoding=\"async\" class=\"size-full wp-image-12885\" src=\"https:\/\/www.alovey.com\/wp-content\/uploads\/2026\/04\/Wholesale-square-lip-tint-tube-with-matte-black-cap-6ml-4.jpg\" alt=\"lip tint tube\" width=\"750\" height=\"750\" srcset=\"https:\/\/www.alovey.com\/wp-content\/uploads\/2026\/04\/Wholesale-square-lip-tint-tube-with-matte-black-cap-6ml-4.jpg 750w, https:\/\/www.alovey.com\/wp-content\/uploads\/2026\/04\/Wholesale-square-lip-tint-tube-with-matte-black-cap-6ml-4-300x300.jpg 300w, https:\/\/www.alovey.com\/wp-content\/uploads\/2026\/04\/Wholesale-square-lip-tint-tube-with-matte-black-cap-6ml-4-150x150.jpg 150w, https:\/\/www.alovey.com\/wp-content\/uploads\/2026\/04\/Wholesale-square-lip-tint-tube-with-matte-black-cap-6ml-4-12x12.jpg 12w, https:\/\/www.alovey.com\/wp-content\/uploads\/2026\/04\/Wholesale-square-lip-tint-tube-with-matte-black-cap-6ml-4-600x600.jpg 600w, https:\/\/www.alovey.com\/wp-content\/uploads\/2026\/04\/Wholesale-square-lip-tint-tube-with-matte-black-cap-6ml-4-100x100.jpg 100w\" sizes=\"(max-width: 750px) 100vw, 750px\" \/><\/p>\n<p><img loading=\"lazy\" decoding=\"async\" class=\"size-full wp-image-12886\" src=\"https:\/\/www.alovey.com\/wp-content\/uploads\/2026\/04\/Wholesale-square-lip-tint-tube-with-matte-black-cap-6ml-5.jpg\" alt=\"lip tint tube\" width=\"750\" height=\"750\" srcset=\"https:\/\/www.alovey.com\/wp-content\/uploads\/2026\/04\/Wholesale-square-lip-tint-tube-with-matte-black-cap-6ml-5.jpg 750w, https:\/\/www.alovey.com\/wp-content\/uploads\/2026\/04\/Wholesale-square-lip-tint-tube-with-matte-black-cap-6ml-5-300x300.jpg 300w, https:\/\/www.alovey.com\/wp-content\/uploads\/2026\/04\/Wholesale-square-lip-tint-tube-with-matte-black-cap-6ml-5-150x150.jpg 150w, https:\/\/www.alovey.com\/wp-content\/uploads\/2026\/04\/Wholesale-square-lip-tint-tube-with-matte-black-cap-6ml-5-12x12.jpg 12w, https:\/\/www.alovey.com\/wp-content\/uploads\/2026\/04\/Wholesale-square-lip-tint-tube-with-matte-black-cap-6ml-5-600x600.jpg 600w, https:\/\/www.alovey.com\/wp-content\/uploads\/2026\/04\/Wholesale-square-lip-tint-tube-with-matte-black-cap-6ml-5-100x100.jpg 100w\" sizes=\"(max-width: 750px) 100vw, 750px\" \/><\/p>\n<p><img loading=\"lazy\" decoding=\"async\" class=\"size-full wp-image-12889\" src=\"https:\/\/www.alovey.com\/wp-content\/uploads\/2026\/04\/Wholesale-square-lip-tint-tube-with-matte-black-cap-6ml-8.jpg\" alt=\"lip tint tube\" width=\"750\" height=\"750\" srcset=\"https:\/\/www.alovey.com\/wp-content\/uploads\/2026\/04\/Wholesale-square-lip-tint-tube-with-matte-black-cap-6ml-8.jpg 750w, https:\/\/www.alovey.com\/wp-content\/uploads\/2026\/04\/Wholesale-square-lip-tint-tube-with-matte-black-cap-6ml-8-300x300.jpg 300w, https:\/\/www.alovey.com\/wp-content\/uploads\/2026\/04\/Wholesale-square-lip-tint-tube-with-matte-black-cap-6ml-8-150x150.jpg 150w, https:\/\/www.alovey.com\/wp-content\/uploads\/2026\/04\/Wholesale-square-lip-tint-tube-with-matte-black-cap-6ml-8-12x12.jpg 12w, https:\/\/www.alovey.com\/wp-content\/uploads\/2026\/04\/Wholesale-square-lip-tint-tube-with-matte-black-cap-6ml-8-600x600.jpg 600w, https:\/\/www.alovey.com\/wp-content\/uploads\/2026\/04\/Wholesale-square-lip-tint-tube-with-matte-black-cap-6ml-8-100x100.jpg 100w\" sizes=\"(max-width: 750px) 100vw, 750px\" \/><\/p>\n<p><img loading=\"lazy\" decoding=\"async\" class=\"size-full wp-image-12888\" src=\"https:\/\/www.alovey.com\/wp-content\/uploads\/2026\/04\/Wholesale-square-lip-tint-tube-with-matte-black-cap-6ml-7.jpg\" alt=\"lip tint tube\" width=\"750\" height=\"750\" srcset=\"https:\/\/www.alovey.com\/wp-content\/uploads\/2026\/04\/Wholesale-square-lip-tint-tube-with-matte-black-cap-6ml-7.jpg 750w, https:\/\/www.alovey.com\/wp-content\/uploads\/2026\/04\/Wholesale-square-lip-tint-tube-with-matte-black-cap-6ml-7-300x300.jpg 300w, https:\/\/www.alovey.com\/wp-content\/uploads\/2026\/04\/Wholesale-square-lip-tint-tube-with-matte-black-cap-6ml-7-150x150.jpg 150w, https:\/\/www.alovey.com\/wp-content\/uploads\/2026\/04\/Wholesale-square-lip-tint-tube-with-matte-black-cap-6ml-7-12x12.jpg 12w, https:\/\/www.alovey.com\/wp-content\/uploads\/2026\/04\/Wholesale-square-lip-tint-tube-with-matte-black-cap-6ml-7-600x600.jpg 600w, https:\/\/www.alovey.com\/wp-content\/uploads\/2026\/04\/Wholesale-square-lip-tint-tube-with-matte-black-cap-6ml-7-100x100.jpg 100w\" sizes=\"(max-width: 750px) 100vw, 750px\" \/><\/p>\n<p><img loading=\"lazy\" decoding=\"async\" class=\"size-full wp-image-12887\" src=\"https:\/\/www.alovey.com\/wp-content\/uploads\/2026\/04\/Wholesale-square-lip-tint-tube-with-matte-black-cap-6ml-6.jpg\" alt=\"lip tint tube\" width=\"750\" height=\"750\" srcset=\"https:\/\/www.alovey.com\/wp-content\/uploads\/2026\/04\/Wholesale-square-lip-tint-tube-with-matte-black-cap-6ml-6.jpg 750w, https:\/\/www.alovey.com\/wp-content\/uploads\/2026\/04\/Wholesale-square-lip-tint-tube-with-matte-black-cap-6ml-6-300x300.jpg 300w, https:\/\/www.alovey.com\/wp-content\/uploads\/2026\/04\/Wholesale-square-lip-tint-tube-with-matte-black-cap-6ml-6-150x150.jpg 150w, https:\/\/www.alovey.com\/wp-content\/uploads\/2026\/04\/Wholesale-square-lip-tint-tube-with-matte-black-cap-6ml-6-12x12.jpg 12w, https:\/\/www.alovey.com\/wp-content\/uploads\/2026\/04\/Wholesale-square-lip-tint-tube-with-matte-black-cap-6ml-6-600x600.jpg 600w, https:\/\/www.alovey.com\/wp-content\/uploads\/2026\/04\/Wholesale-square-lip-tint-tube-with-matte-black-cap-6ml-6-100x100.jpg 100w\" sizes=\"(max-width: 750px) 100vw, 750px\" \/><\/p>\n<p>&nbsp;<\/p>\n<p>&nbsp;<\/p>\n<p>&nbsp;<\/p>\n<p>&nbsp;<\/p>\n<p>&nbsp;<\/p>\n<p>&nbsp;<\/p>\n<p>&nbsp;<\/p>\n<p>&nbsp;<\/p>\n<p>&nbsp;<\/p>\n<p>&nbsp;<\/p>\n<p>&nbsp;<\/p>\n<p>&nbsp;<\/p>\n<p>&nbsp;<\/p>\n<p>&nbsp;<\/p>\n<p>&nbsp;<\/p>\n<p>&nbsp;<\/p>\n<p>&nbsp;<\/p>\n<p>&nbsp;<\/p>\n<p>&nbsp;<\/p>\n<p>&nbsp;<\/p>\n<p>&nbsp;<\/p>\n<p>&nbsp;<\/p>\n<p>&nbsp;<\/p>\n<p>&nbsp;<\/p>\n<p>&nbsp;<\/p>\n<p>&nbsp;<\/p>\n<p>&nbsp;<\/p>\n<p>&nbsp;<\/p>\n<p>&nbsp;<\/p>\n<p>&nbsp;<\/p>\n<p>&nbsp;<\/p>\n<p>&nbsp;<\/p>\n<p>&nbsp;<\/p>\n<p>&nbsp;<\/p>\n<p>&nbsp;<\/p>\n<p>&nbsp;<\/p>\n<p>&nbsp;<\/p>\n<p>&nbsp;<\/p>\n<p>&nbsp;<\/p>\n<p>&nbsp;<\/p>\n<p>&nbsp;<\/p>\n<p>&nbsp;<\/p>\n<p>&nbsp;<\/p>\n<p>&nbsp;<\/p>\n<p>&nbsp;<\/p>\n<p>&nbsp;<\/p>\n<p>&nbsp;<\/p>\n<p>&nbsp;<\/p>\n<p>&nbsp;<\/p>\n<p>&nbsp;<\/p>\n<p>&nbsp;<\/p>\n<p>&nbsp;<\/p>\n<p>&nbsp;<\/p>\n<p>&nbsp;<\/p>\n<p>&nbsp;<\/p>\n<p>&nbsp;<\/p>\n<p>&nbsp;<\/p>\n<p>&nbsp;<\/p>\n<p>&nbsp;<\/p>\n<p>&nbsp;<\/p>\n<p>&nbsp;<\/p>\n<p>&nbsp;<\/p>\n<p>&nbsp;<\/p>\n<p>&nbsp;<\/p>\n<p>&nbsp;<\/p>\n<p>&nbsp;<\/p>\n<p>&nbsp;<\/p>\n<p>&nbsp;<\/p>\n<p>&nbsp;<\/p>\n<p>&nbsp;<\/p>\n<p>&nbsp;<\/p>\n<p>&nbsp;<\/p>\n<p>&nbsp;<\/p>\n<p>&nbsp;<\/p>\n<p>&nbsp;<\/p>\n<p>&nbsp;<\/p>\n<p>&nbsp;<\/p>\n<p>&nbsp;<\/p>\n<p>&nbsp;<\/p>\n<p>&nbsp;<\/p>\n<p>&nbsp;<\/p>\n<p>&nbsp;<\/p>\n<p>&nbsp;<\/p>\n<p>&nbsp;<\/p>\n<p>&nbsp;<\/p>\n<p>&nbsp;<\/p>\n<p>&nbsp;<\/p>\n<p>&nbsp;<\/p>\n<p>&nbsp;<\/p>\n<p>&nbsp;<\/p>\n<p>&nbsp;<\/p>\n<p>&nbsp;<\/p>\n<p>&nbsp;<\/p>\n<p>&nbsp;<\/p>\n<p>&nbsp;<\/p>\n<p>&nbsp;<\/p>\n<p>&nbsp;<\/p>\n<p>&nbsp;<\/p>\n<p>&nbsp;<\/p>\n<p>&nbsp;<\/p>\n<p>&nbsp;<\/p>\n<p>&nbsp;<\/p>\n<p>&nbsp;<\/p>\n<p>&nbsp;<\/p>\n<p>&nbsp;<\/p>\n<p>&nbsp;<\/p>\n<p>&nbsp;<\/p>\n<p>&nbsp;<\/p>\n<p>&nbsp;<\/p>\n<p>&nbsp;<\/p>\n<p>&nbsp;<\/p>\n<p>&nbsp;<\/p>\n<p>&nbsp;<\/p>\n<p>&nbsp;<\/p>\n<p>&nbsp;<\/p>\n<p>&nbsp;<\/p>\n<p>&nbsp;<\/p>\n<p>&nbsp;<\/p>\n<p>&nbsp;<\/p>\n<p>&nbsp;<\/p>\n<p>&nbsp;<\/p>\n<p>&nbsp;<\/p>\n<p>&nbsp;<\/p>\n<p>&nbsp;<\/p>\n<p>&nbsp;<\/p>\n<p>&nbsp;<\/p>\n<p>&nbsp;<\/p>\n<p>&nbsp;<\/p>\n<p>&nbsp;<\/p>\n<p>&nbsp;<\/p>\n<p>&nbsp;<\/p>\n<p>&nbsp;<\/p>\n<p>&nbsp;<\/p>\n<p>&nbsp;<\/p>\n<p>&nbsp;<\/p>\n<p>&nbsp;<\/p>\n<p>&nbsp;<\/p>\n<p>&nbsp;<\/p>\n<p>&nbsp;<\/p>\n<p>&nbsp;<\/p>\n<p>&nbsp;<\/p>\n<p>&nbsp;<\/p>\n<p>&nbsp;<\/p>\n<p>&nbsp;<\/p>","protected":false},"excerpt":{"rendered":"<ul>\n<li>Item No :LG-0386A<\/li>\n<li>Material: Pl\u00e1stico<\/li>\n<li>Size:W23.5*H93.5<\/li>\n<li>Aplica\u00e7\u00f5es: Produtos de beleza<\/li>\n<li>MOQ: 12.000 unidades<\/li>\n<li>Cor: cor personalizada<\/li>\n<li>Surface treatment: Injection\/Matte\/Materialization\/UV coating<\/li>\n<li>Nome da marca: OEM\/ODM<\/li>\n<li>Logotipo: Logotipo do cliente<\/li>\n<li>Supply Ability:\u00a01000,00 Pieces per Month<\/li>\n<\/ul>\n<p>&nbsp;<\/p>\n<p>&nbsp;<\/p>","protected":false},"featured_media":12884,"template":"","meta":{"_acf_changed":false},"product_brand":[],"product_cat":[15,372],"product_tag":[388],"class_list":{"0":"post-12882","1":"product","2":"type-product","3":"status-publish","4":"has-post-thumbnail","6":"product_cat-wholesale-lip-cosmetic-packaging","7":"product_cat-lipgloss-tube","8":"product_tag-lip-gloss-tube","10":"first","11":"instock","12":"shipping-taxable","13":"product-type-simple"},"acf":[],"yoast_head":"<!-- This site is optimized with the Yoast SEO plugin v24.1 - https:\/\/yoast.com\/wordpress\/plugins\/seo\/ -->\n<title>Wholesale square lip tint tube with matte black cap 6ml<\/title>\n<meta name=\"description\" content=\"This square lip tint tube with matte black cap (6ml) is an elegant and modern packaging option for lip tint,its size is ideal for travel-sized products\" \/>\n<meta name=\"robots\" content=\"index, follow, max-snippet:-1, max-image-preview:large, max-video-preview:-1\" \/>\n<link rel=\"canonical\" href=\"https:\/\/www.alovey.com\/pt\/produto\/wholesale-square-lip-tint-tube-with-matte-black-cap-6ml\/\" \/>\n<meta property=\"og:locale\" content=\"pt_BR\" \/>\n<meta property=\"og:type\" content=\"article\" \/>\n<meta property=\"og:title\" content=\"Wholesale square lip tint tube with matte black cap 6ml\" \/>\n<meta property=\"og:description\" content=\"This square lip tint tube with matte black cap (6ml) is an elegant and modern packaging option for lip tint,its size is ideal for travel-sized products\" \/>\n<meta property=\"og:url\" content=\"https:\/\/www.alovey.com\/pt\/produto\/wholesale-square-lip-tint-tube-with-matte-black-cap-6ml\/\" \/>\n<meta property=\"og:site_name\" content=\"Best Cosmetic Packaging Manufacture\" \/>\n<meta property=\"article:modified_time\" content=\"2026-04-18T02:26:12+00:00\" \/>\n<meta property=\"og:image\" content=\"https:\/\/www.alovey.com\/wp-content\/uploads\/2026\/04\/Wholesale-square-lip-tint-tube-with-matte-black-cap-6ml-3.jpg\" \/>\n\t<meta property=\"og:image:width\" content=\"750\" \/>\n\t<meta property=\"og:image:height\" content=\"750\" \/>\n\t<meta property=\"og:image:type\" content=\"image\/jpeg\" \/>\n<meta name=\"twitter:card\" content=\"summary_large_image\" \/>\n<meta name=\"twitter:label1\" content=\"Est. tempo de leitura\" \/>\n\t<meta name=\"twitter:data1\" content=\"3 minutos\" \/>\n<script type=\"application\/ld+json\" class=\"yoast-schema-graph\">{\"@context\":\"https:\/\/schema.org\",\"@graph\":[{\"@type\":\"WebPage\",\"@id\":\"https:\/\/www.alovey.com\/product\/wholesale-square-lip-tint-tube-with-matte-black-cap-6ml\/\",\"url\":\"https:\/\/www.alovey.com\/product\/wholesale-square-lip-tint-tube-with-matte-black-cap-6ml\/\",\"name\":\"Wholesale square lip tint tube with matte black cap 6ml\",\"isPartOf\":{\"@id\":\"https:\/\/www.alovey.com\/#website\"},\"primaryImageOfPage\":{\"@id\":\"https:\/\/www.alovey.com\/product\/wholesale-square-lip-tint-tube-with-matte-black-cap-6ml\/#primaryimage\"},\"image\":{\"@id\":\"https:\/\/www.alovey.com\/product\/wholesale-square-lip-tint-tube-with-matte-black-cap-6ml\/#primaryimage\"},\"thumbnailUrl\":\"https:\/\/www.alovey.com\/wp-content\/uploads\/2026\/04\/Wholesale-square-lip-tint-tube-with-matte-black-cap-6ml-3.jpg\",\"datePublished\":\"2026-04-18T02:16:43+00:00\",\"dateModified\":\"2026-04-18T02:26:12+00:00\",\"description\":\"This square lip tint tube with matte black cap (6ml) is an elegant and modern packaging option for lip tint,its size is ideal for travel-sized products\",\"breadcrumb\":{\"@id\":\"https:\/\/www.alovey.com\/product\/wholesale-square-lip-tint-tube-with-matte-black-cap-6ml\/#breadcrumb\"},\"inLanguage\":\"pt-BR\",\"potentialAction\":[{\"@type\":\"ReadAction\",\"target\":[\"https:\/\/www.alovey.com\/product\/wholesale-square-lip-tint-tube-with-matte-black-cap-6ml\/\"]}]},{\"@type\":\"ImageObject\",\"inLanguage\":\"pt-BR\",\"@id\":\"https:\/\/www.alovey.com\/product\/wholesale-square-lip-tint-tube-with-matte-black-cap-6ml\/#primaryimage\",\"url\":\"https:\/\/www.alovey.com\/wp-content\/uploads\/2026\/04\/Wholesale-square-lip-tint-tube-with-matte-black-cap-6ml-3.jpg\",\"contentUrl\":\"https:\/\/www.alovey.com\/wp-content\/uploads\/2026\/04\/Wholesale-square-lip-tint-tube-with-matte-black-cap-6ml-3.jpg\",\"width\":750,\"height\":750,\"caption\":\"Wholesale square lip tint tube with matte black cap 6ml\"},{\"@type\":\"BreadcrumbList\",\"@id\":\"https:\/\/www.alovey.com\/product\/wholesale-square-lip-tint-tube-with-matte-black-cap-6ml\/#breadcrumb\",\"itemListElement\":[{\"@type\":\"ListItem\",\"position\":1,\"name\":\"\u9996\u9875\",\"item\":\"https:\/\/www.alovey.com\/\"},{\"@type\":\"ListItem\",\"position\":2,\"name\":\"Products\",\"item\":\"https:\/\/www.alovey.com\/products\/\"},{\"@type\":\"ListItem\",\"position\":3,\"name\":\"Wholesale square lip tint tube with matte black cap 6ml\"}]},{\"@type\":\"WebSite\",\"@id\":\"https:\/\/www.alovey.com\/#website\",\"url\":\"https:\/\/www.alovey.com\/\",\"name\":\"Best Cosmetic Packaging Manufacture\",\"description\":\"Alovey Cosmetic Packaging Co.,Ltd\",\"publisher\":{\"@id\":\"https:\/\/www.alovey.com\/#organization\"},\"potentialAction\":[{\"@type\":\"SearchAction\",\"target\":{\"@type\":\"EntryPoint\",\"urlTemplate\":\"https:\/\/www.alovey.com\/?s={search_term_string}\"},\"query-input\":{\"@type\":\"PropertyValueSpecification\",\"valueRequired\":true,\"valueName\":\"search_term_string\"}}],\"inLanguage\":\"pt-BR\"},{\"@type\":\"Organization\",\"@id\":\"https:\/\/www.alovey.com\/#organization\",\"name\":\"Best Cosmetic Packaging Manufacture\",\"url\":\"https:\/\/www.alovey.com\/\",\"logo\":{\"@type\":\"ImageObject\",\"inLanguage\":\"pt-BR\",\"@id\":\"https:\/\/www.alovey.com\/#\/schema\/logo\/image\/\",\"url\":\"https:\/\/www.alovey.com\/wp-content\/uploads\/2023\/03\/logo.png\",\"contentUrl\":\"https:\/\/www.alovey.com\/wp-content\/uploads\/2023\/03\/logo.png\",\"width\":505,\"height\":180,\"caption\":\"Best  Cosmetic Packaging Manufacture\"},\"image\":{\"@id\":\"https:\/\/www.alovey.com\/#\/schema\/logo\/image\/\"}}]}<\/script>\n<!-- \/ Yoast SEO plugin. -->","yoast_head_json":{"title":"Wholesale square lip tint tube with matte black cap 6ml","description":"This square lip tint tube with matte black cap (6ml) is an elegant and modern packaging option for lip tint,its size is ideal for travel-sized products","robots":{"index":"index","follow":"follow","max-snippet":"max-snippet:-1","max-image-preview":"max-image-preview:large","max-video-preview":"max-video-preview:-1"},"canonical":"https:\/\/www.alovey.com\/pt\/produto\/wholesale-square-lip-tint-tube-with-matte-black-cap-6ml\/","og_locale":"pt_BR","og_type":"article","og_title":"Wholesale square lip tint tube with matte black cap 6ml","og_description":"This square lip tint tube with matte black cap (6ml) is an elegant and modern packaging option for lip tint,its size is ideal for travel-sized products","og_url":"https:\/\/www.alovey.com\/pt\/produto\/wholesale-square-lip-tint-tube-with-matte-black-cap-6ml\/","og_site_name":"Best Cosmetic Packaging Manufacture","article_modified_time":"2026-04-18T02:26:12+00:00","og_image":[{"width":750,"height":750,"url":"https:\/\/www.alovey.com\/wp-content\/uploads\/2026\/04\/Wholesale-square-lip-tint-tube-with-matte-black-cap-6ml-3.jpg","type":"image\/jpeg"}],"twitter_card":"summary_large_image","twitter_misc":{"Est. tempo de leitura":"3 minutos"},"schema":{"@context":"https:\/\/schema.org","@graph":[{"@type":"WebPage","@id":"https:\/\/www.alovey.com\/product\/wholesale-square-lip-tint-tube-with-matte-black-cap-6ml\/","url":"https:\/\/www.alovey.com\/product\/wholesale-square-lip-tint-tube-with-matte-black-cap-6ml\/","name":"Wholesale square lip tint tube with matte black cap 6ml","isPartOf":{"@id":"https:\/\/www.alovey.com\/#website"},"primaryImageOfPage":{"@id":"https:\/\/www.alovey.com\/product\/wholesale-square-lip-tint-tube-with-matte-black-cap-6ml\/#primaryimage"},"image":{"@id":"https:\/\/www.alovey.com\/product\/wholesale-square-lip-tint-tube-with-matte-black-cap-6ml\/#primaryimage"},"thumbnailUrl":"https:\/\/www.alovey.com\/wp-content\/uploads\/2026\/04\/Wholesale-square-lip-tint-tube-with-matte-black-cap-6ml-3.jpg","datePublished":"2026-04-18T02:16:43+00:00","dateModified":"2026-04-18T02:26:12+00:00","description":"This square lip tint tube with matte black cap (6ml) is an elegant and modern packaging option for lip tint,its size is ideal for travel-sized products","breadcrumb":{"@id":"https:\/\/www.alovey.com\/product\/wholesale-square-lip-tint-tube-with-matte-black-cap-6ml\/#breadcrumb"},"inLanguage":"pt-BR","potentialAction":[{"@type":"ReadAction","target":["https:\/\/www.alovey.com\/product\/wholesale-square-lip-tint-tube-with-matte-black-cap-6ml\/"]}]},{"@type":"ImageObject","inLanguage":"pt-BR","@id":"https:\/\/www.alovey.com\/product\/wholesale-square-lip-tint-tube-with-matte-black-cap-6ml\/#primaryimage","url":"https:\/\/www.alovey.com\/wp-content\/uploads\/2026\/04\/Wholesale-square-lip-tint-tube-with-matte-black-cap-6ml-3.jpg","contentUrl":"https:\/\/www.alovey.com\/wp-content\/uploads\/2026\/04\/Wholesale-square-lip-tint-tube-with-matte-black-cap-6ml-3.jpg","width":750,"height":750,"caption":"Wholesale square lip tint tube with matte black cap 6ml"},{"@type":"BreadcrumbList","@id":"https:\/\/www.alovey.com\/product\/wholesale-square-lip-tint-tube-with-matte-black-cap-6ml\/#breadcrumb","itemListElement":[{"@type":"ListItem","position":1,"name":"\u9996\u9875","item":"https:\/\/www.alovey.com\/"},{"@type":"ListItem","position":2,"name":"Products","item":"https:\/\/www.alovey.com\/products\/"},{"@type":"ListItem","position":3,"name":"Wholesale square lip tint tube with matte black cap 6ml"}]},{"@type":"WebSite","@id":"https:\/\/www.alovey.com\/#website","url":"https:\/\/www.alovey.com\/","name":"Best Cosmetic Packaging Manufacture","description":"Alovey Cosmetic Packaging Co.,Ltd","publisher":{"@id":"https:\/\/www.alovey.com\/#organization"},"potentialAction":[{"@type":"SearchAction","target":{"@type":"EntryPoint","urlTemplate":"https:\/\/www.alovey.com\/?s={search_term_string}"},"query-input":{"@type":"PropertyValueSpecification","valueRequired":true,"valueName":"search_term_string"}}],"inLanguage":"pt-BR"},{"@type":"Organization","@id":"https:\/\/www.alovey.com\/#organization","name":"Best Cosmetic Packaging Manufacture","url":"https:\/\/www.alovey.com\/","logo":{"@type":"ImageObject","inLanguage":"pt-BR","@id":"https:\/\/www.alovey.com\/#\/schema\/logo\/image\/","url":"https:\/\/www.alovey.com\/wp-content\/uploads\/2023\/03\/logo.png","contentUrl":"https:\/\/www.alovey.com\/wp-content\/uploads\/2023\/03\/logo.png","width":505,"height":180,"caption":"Best  Cosmetic Packaging Manufacture"},"image":{"@id":"https:\/\/www.alovey.com\/#\/schema\/logo\/image\/"}}]}},"_links":{"self":[{"href":"https:\/\/www.alovey.com\/pt\/wp-json\/wp\/v2\/product\/12882"}],"collection":[{"href":"https:\/\/www.alovey.com\/pt\/wp-json\/wp\/v2\/product"}],"about":[{"href":"https:\/\/www.alovey.com\/pt\/wp-json\/wp\/v2\/types\/product"}],"wp:featuredmedia":[{"embeddable":true,"href":"https:\/\/www.alovey.com\/pt\/wp-json\/wp\/v2\/media\/12884"}],"wp:attachment":[{"href":"https:\/\/www.alovey.com\/pt\/wp-json\/wp\/v2\/media?parent=12882"}],"wp:term":[{"taxonomy":"product_brand","embeddable":true,"href":"https:\/\/www.alovey.com\/pt\/wp-json\/wp\/v2\/product_brand?post=12882"},{"taxonomy":"product_cat","embeddable":true,"href":"https:\/\/www.alovey.com\/pt\/wp-json\/wp\/v2\/product_cat?post=12882"},{"taxonomy":"product_tag","embeddable":true,"href":"https:\/\/www.alovey.com\/pt\/wp-json\/wp\/v2\/product_tag?post=12882"}],"curies":[{"name":"wp","href":"https:\/\/api.w.org\/{rel}","templated":true}]}}