{"id":12836,"date":"2026-04-07T02:23:58","date_gmt":"2026-04-07T02:23:58","guid":{"rendered":"https:\/\/www.alovey.com\/?post_type=product&#038;p=12836"},"modified":"2026-04-07T02:32:42","modified_gmt":"2026-04-07T02:32:42","slug":"square-slim-magnetic-lipstick-container-with-snap-on-cap","status":"publish","type":"product","link":"https:\/\/www.alovey.com\/pt\/produto\/square-slim-magnetic-lipstick-container-with-snap-on-cap\/","title":{"rendered":"Square Slim Magnetic Lipstick Container with Snap-On Cap"},"content":{"rendered":"<p><strong>This\u00a0magnetic lipstick container\u00a0with \u00a0square slim shape features a magnetic open design with a slanted inner cup, providing both style and functionality. The precise alignment ensures that the lid fits perfectly with the bottle body, offering comprehensive protection for your lipstick.<\/strong><\/p>\n<p><strong>The snap-on cap\u00a0securely holds the\u00a0magnetic lipstick container\u00a0in place, preventing air exposure and maintaining the product\u2019s freshness. Its slim and elegant design\u00a0makes it portable and convenient for daily use, travel, or professional makeup applications.<\/strong><\/p>\n<p><strong>Ideal for modern cosmetic brands, this container combines luxury aesthetics with practical protection, making it perfect for private label or high-end lipstick collections.<\/strong><\/p>\n<h3><strong>Product Features<\/strong><\/h3>\n<p><strong>Square slim design\u00a0with magnetic closure<\/strong><\/p>\n<p><strong>Slanted inner cup for precise alignment<\/strong><\/p>\n<p><strong>Snap-on cap prevents air contact<\/strong><\/p>\n<p><strong>Comprehensive protection for lipstick<\/strong><\/p>\n<p><strong>Portable and elegant for travel or daily use<\/strong><\/p>\n<p><strong>Suitable for premium lipstick brands and private label packaging<\/strong><\/p>\n<p><strong>Custom color and logo options available<\/strong><\/p>\n<p><strong>A Alovey, como fabricante profissional chinesa de embalagens para cosm\u00e9ticos, produz uma linha requintada de embalagens personalizadas para cosm\u00e9ticos, meticulosamente elaboradas para elevar sua marca. Nossa sele\u00e7\u00e3o diversificada de materiais premium, combinada com t\u00e9cnicas delicadas de acabamento de superf\u00edcie, como impress\u00e3o em tela de seda, hot stamping e pulveriza\u00e7\u00e3o fosca, garante que cada embalagem seja uma obra-prima exclusiva.<\/strong><\/p>\n<p><img fetchpriority=\"high\" decoding=\"async\" class=\"size-full wp-image-12838\" src=\"https:\/\/www.alovey.com\/wp-content\/uploads\/2026\/04\/Square-Slim-Magnetic-Lipstick-Container-with-Snap-On-Cap-1.jpg\" alt=\"Magnetic Lipstick Container\" width=\"750\" height=\"750\" srcset=\"https:\/\/www.alovey.com\/wp-content\/uploads\/2026\/04\/Square-Slim-Magnetic-Lipstick-Container-with-Snap-On-Cap-1.jpg 750w, https:\/\/www.alovey.com\/wp-content\/uploads\/2026\/04\/Square-Slim-Magnetic-Lipstick-Container-with-Snap-On-Cap-1-300x300.jpg 300w, https:\/\/www.alovey.com\/wp-content\/uploads\/2026\/04\/Square-Slim-Magnetic-Lipstick-Container-with-Snap-On-Cap-1-150x150.jpg 150w, https:\/\/www.alovey.com\/wp-content\/uploads\/2026\/04\/Square-Slim-Magnetic-Lipstick-Container-with-Snap-On-Cap-1-12x12.jpg 12w, https:\/\/www.alovey.com\/wp-content\/uploads\/2026\/04\/Square-Slim-Magnetic-Lipstick-Container-with-Snap-On-Cap-1-600x600.jpg 600w, https:\/\/www.alovey.com\/wp-content\/uploads\/2026\/04\/Square-Slim-Magnetic-Lipstick-Container-with-Snap-On-Cap-1-100x100.jpg 100w\" sizes=\"(max-width: 750px) 100vw, 750px\" \/> <img decoding=\"async\" class=\"size-full wp-image-12839\" src=\"https:\/\/www.alovey.com\/wp-content\/uploads\/2026\/04\/Square-Slim-Magnetic-Lipstick-Container-with-Snap-On-Cap-2.jpg\" alt=\"Magnetic Lipstick Container\" width=\"750\" height=\"750\" srcset=\"https:\/\/www.alovey.com\/wp-content\/uploads\/2026\/04\/Square-Slim-Magnetic-Lipstick-Container-with-Snap-On-Cap-2.jpg 750w, https:\/\/www.alovey.com\/wp-content\/uploads\/2026\/04\/Square-Slim-Magnetic-Lipstick-Container-with-Snap-On-Cap-2-300x300.jpg 300w, https:\/\/www.alovey.com\/wp-content\/uploads\/2026\/04\/Square-Slim-Magnetic-Lipstick-Container-with-Snap-On-Cap-2-150x150.jpg 150w, https:\/\/www.alovey.com\/wp-content\/uploads\/2026\/04\/Square-Slim-Magnetic-Lipstick-Container-with-Snap-On-Cap-2-12x12.jpg 12w, https:\/\/www.alovey.com\/wp-content\/uploads\/2026\/04\/Square-Slim-Magnetic-Lipstick-Container-with-Snap-On-Cap-2-600x600.jpg 600w, https:\/\/www.alovey.com\/wp-content\/uploads\/2026\/04\/Square-Slim-Magnetic-Lipstick-Container-with-Snap-On-Cap-2-100x100.jpg 100w\" sizes=\"(max-width: 750px) 100vw, 750px\" \/> <img decoding=\"async\" class=\"size-full wp-image-12840\" src=\"https:\/\/www.alovey.com\/wp-content\/uploads\/2026\/04\/Square-Slim-Magnetic-Lipstick-Container-with-Snap-On-Cap-3.jpg\" alt=\"Magnetic Lipstick Container\" width=\"750\" height=\"750\" srcset=\"https:\/\/www.alovey.com\/wp-content\/uploads\/2026\/04\/Square-Slim-Magnetic-Lipstick-Container-with-Snap-On-Cap-3.jpg 750w, https:\/\/www.alovey.com\/wp-content\/uploads\/2026\/04\/Square-Slim-Magnetic-Lipstick-Container-with-Snap-On-Cap-3-300x300.jpg 300w, https:\/\/www.alovey.com\/wp-content\/uploads\/2026\/04\/Square-Slim-Magnetic-Lipstick-Container-with-Snap-On-Cap-3-150x150.jpg 150w, https:\/\/www.alovey.com\/wp-content\/uploads\/2026\/04\/Square-Slim-Magnetic-Lipstick-Container-with-Snap-On-Cap-3-12x12.jpg 12w, https:\/\/www.alovey.com\/wp-content\/uploads\/2026\/04\/Square-Slim-Magnetic-Lipstick-Container-with-Snap-On-Cap-3-600x600.jpg 600w, https:\/\/www.alovey.com\/wp-content\/uploads\/2026\/04\/Square-Slim-Magnetic-Lipstick-Container-with-Snap-On-Cap-3-100x100.jpg 100w\" sizes=\"(max-width: 750px) 100vw, 750px\" \/> <img loading=\"lazy\" decoding=\"async\" class=\"size-full wp-image-12841\" src=\"https:\/\/www.alovey.com\/wp-content\/uploads\/2026\/04\/Square-Slim-Magnetic-Lipstick-Container-with-Snap-On-Cap-4.jpg\" alt=\"Magnetic Lipstick Container\" width=\"750\" height=\"750\" srcset=\"https:\/\/www.alovey.com\/wp-content\/uploads\/2026\/04\/Square-Slim-Magnetic-Lipstick-Container-with-Snap-On-Cap-4.jpg 750w, https:\/\/www.alovey.com\/wp-content\/uploads\/2026\/04\/Square-Slim-Magnetic-Lipstick-Container-with-Snap-On-Cap-4-300x300.jpg 300w, https:\/\/www.alovey.com\/wp-content\/uploads\/2026\/04\/Square-Slim-Magnetic-Lipstick-Container-with-Snap-On-Cap-4-150x150.jpg 150w, https:\/\/www.alovey.com\/wp-content\/uploads\/2026\/04\/Square-Slim-Magnetic-Lipstick-Container-with-Snap-On-Cap-4-12x12.jpg 12w, https:\/\/www.alovey.com\/wp-content\/uploads\/2026\/04\/Square-Slim-Magnetic-Lipstick-Container-with-Snap-On-Cap-4-600x600.jpg 600w, https:\/\/www.alovey.com\/wp-content\/uploads\/2026\/04\/Square-Slim-Magnetic-Lipstick-Container-with-Snap-On-Cap-4-100x100.jpg 100w\" sizes=\"(max-width: 750px) 100vw, 750px\" \/> <img loading=\"lazy\" decoding=\"async\" class=\"size-full wp-image-12842\" src=\"https:\/\/www.alovey.com\/wp-content\/uploads\/2026\/04\/Square-Slim-Magnetic-Lipstick-Container-with-Snap-On-Cap-5.jpg\" alt=\"Magnetic Lipstick Container\" width=\"750\" height=\"750\" srcset=\"https:\/\/www.alovey.com\/wp-content\/uploads\/2026\/04\/Square-Slim-Magnetic-Lipstick-Container-with-Snap-On-Cap-5.jpg 750w, https:\/\/www.alovey.com\/wp-content\/uploads\/2026\/04\/Square-Slim-Magnetic-Lipstick-Container-with-Snap-On-Cap-5-300x300.jpg 300w, https:\/\/www.alovey.com\/wp-content\/uploads\/2026\/04\/Square-Slim-Magnetic-Lipstick-Container-with-Snap-On-Cap-5-150x150.jpg 150w, https:\/\/www.alovey.com\/wp-content\/uploads\/2026\/04\/Square-Slim-Magnetic-Lipstick-Container-with-Snap-On-Cap-5-12x12.jpg 12w, https:\/\/www.alovey.com\/wp-content\/uploads\/2026\/04\/Square-Slim-Magnetic-Lipstick-Container-with-Snap-On-Cap-5-600x600.jpg 600w, https:\/\/www.alovey.com\/wp-content\/uploads\/2026\/04\/Square-Slim-Magnetic-Lipstick-Container-with-Snap-On-Cap-5-100x100.jpg 100w\" sizes=\"(max-width: 750px) 100vw, 750px\" \/> <img loading=\"lazy\" decoding=\"async\" class=\"size-full wp-image-12837\" src=\"https:\/\/www.alovey.com\/wp-content\/uploads\/2026\/04\/Square-Slim-Magnetic-Lipstick-Container-with-Snap-On-Cap-6.jpg\" alt=\"Magnetic Lipstick Container\" width=\"750\" height=\"750\" srcset=\"https:\/\/www.alovey.com\/wp-content\/uploads\/2026\/04\/Square-Slim-Magnetic-Lipstick-Container-with-Snap-On-Cap-6.jpg 750w, https:\/\/www.alovey.com\/wp-content\/uploads\/2026\/04\/Square-Slim-Magnetic-Lipstick-Container-with-Snap-On-Cap-6-300x300.jpg 300w, https:\/\/www.alovey.com\/wp-content\/uploads\/2026\/04\/Square-Slim-Magnetic-Lipstick-Container-with-Snap-On-Cap-6-150x150.jpg 150w, https:\/\/www.alovey.com\/wp-content\/uploads\/2026\/04\/Square-Slim-Magnetic-Lipstick-Container-with-Snap-On-Cap-6-12x12.jpg 12w, https:\/\/www.alovey.com\/wp-content\/uploads\/2026\/04\/Square-Slim-Magnetic-Lipstick-Container-with-Snap-On-Cap-6-600x600.jpg 600w, https:\/\/www.alovey.com\/wp-content\/uploads\/2026\/04\/Square-Slim-Magnetic-Lipstick-Container-with-Snap-On-Cap-6-100x100.jpg 100w\" sizes=\"(max-width: 750px) 100vw, 750px\" \/><\/p>\n<p>&nbsp;<\/p>\n<p>&nbsp;<\/p>\n<p>&nbsp;<\/p>\n<p>&nbsp;<\/p>\n<p>&nbsp;<\/p>\n<p>&nbsp;<\/p>\n<p>&nbsp;<\/p>\n<p>&nbsp;<\/p>\n<p>&nbsp;<\/p>\n<p>&nbsp;<\/p>\n<p>&nbsp;<\/p>\n<p>&nbsp;<\/p>\n<p>&nbsp;<\/p>\n<p>&nbsp;<\/p>\n<p>&nbsp;<\/p>\n<p>&nbsp;<\/p>\n<p>&nbsp;<\/p>\n<p>&nbsp;<\/p>\n<p>&nbsp;<\/p>\n<p>&nbsp;<\/p>\n<p>&nbsp;<\/p>\n<p>&nbsp;<\/p>\n<p>&nbsp;<\/p>\n<p>&nbsp;<\/p>\n<p>&nbsp;<\/p>\n<p>&nbsp;<\/p>\n<p>&nbsp;<\/p>\n<p>&nbsp;<\/p>\n<p>&nbsp;<\/p>\n<p>&nbsp;<\/p>\n<p>&nbsp;<\/p>\n<p>&nbsp;<\/p>\n<p>&nbsp;<\/p>\n<p>&nbsp;<\/p>\n<p>&nbsp;<\/p>\n<p>&nbsp;<\/p>\n<p>&nbsp;<\/p>\n<p>&nbsp;<\/p>\n<p>&nbsp;<\/p>\n<p>&nbsp;<\/p>\n<p>&nbsp;<\/p>\n<p>&nbsp;<\/p>\n<p>&nbsp;<\/p>\n<p>&nbsp;<\/p>\n<p>&nbsp;<\/p>\n<p>&nbsp;<\/p>\n<p>&nbsp;<\/p>\n<p>&nbsp;<\/p>\n<p>&nbsp;<\/p>\n<p>&nbsp;<\/p>\n<p>&nbsp;<\/p>\n<p>&nbsp;<\/p>\n<p>&nbsp;<\/p>\n<p>&nbsp;<\/p>\n<p>&nbsp;<\/p>\n<p>&nbsp;<\/p>\n<p>&nbsp;<\/p>\n<p>&nbsp;<\/p>\n<p>&nbsp;<\/p>\n<p>&nbsp;<\/p>\n<p>&nbsp;<\/p>\n<p>&nbsp;<\/p>\n<p>&nbsp;<\/p>\n<p>&nbsp;<\/p>\n<p>&nbsp;<\/p>\n<p>&nbsp;<\/p>\n<p>&nbsp;<\/p>\n<p>&nbsp;<\/p>\n<p>&nbsp;<\/p>\n<p>&nbsp;<\/p>\n<p>&nbsp;<\/p>\n<p>&nbsp;<\/p>\n<p>&nbsp;<\/p>\n<p>&nbsp;<\/p>\n<p>&nbsp;<\/p>\n<p>&nbsp;<\/p>\n<p>&nbsp;<\/p>\n<p>&nbsp;<\/p>\n<p>&nbsp;<\/p>\n<p>&nbsp;<\/p>\n<p>&nbsp;<\/p>\n<p>&nbsp;<\/p>\n<p>&nbsp;<\/p>\n<p>&nbsp;<\/p>\n<p>&nbsp;<\/p>\n<p>&nbsp;<\/p>\n<p>&nbsp;<\/p>\n<p>&nbsp;<\/p>\n<p>&nbsp;<\/p>\n<p>&nbsp;<\/p>\n<p>&nbsp;<\/p>\n<p>&nbsp;<\/p>\n<p>&nbsp;<\/p>\n<p>&nbsp;<\/p>\n<p>&nbsp;<\/p>\n<p>&nbsp;<\/p>\n<p>&nbsp;<\/p>\n<p>&nbsp;<\/p>\n<p>&nbsp;<\/p>","protected":false},"excerpt":{"rendered":"<ul>\n<li>Item No: LS-P0408A<\/li>\n<li>Material: Pl\u00e1stico<\/li>\n<li>Size:\u00a0W20*H83MM<\/li>\n<li>Aplica\u00e7\u00f5es: Produtos de beleza<\/li>\n<li>MOQ: 12.000 unidades<\/li>\n<li>Cor: cor personalizada<\/li>\n<li>Tratamento de superf\u00edcie: Inje\u00e7\u00e3o\/Matte\/Metaliza\u00e7\u00e3o\/Revestimento UV<\/li>\n<li>Nome da marca: OEM\/ODM<\/li>\n<li>Logotipo: Logotipo do cliente<\/li>\n<li>Capacidade de fornecimento: 100.000 pe\u00e7as por m\u00eas<\/li>\n<\/ul>\n<p>&nbsp;<\/p>\n<p>&nbsp;<\/p>","protected":false},"featured_media":12839,"template":"","meta":{"_acf_changed":false},"product_brand":[],"product_cat":[373],"product_tag":[389],"class_list":{"0":"post-12836","1":"product","2":"type-product","3":"status-publish","4":"has-post-thumbnail","6":"product_cat-professional-lipstick-tube-supplier","7":"product_tag-lip-stick-tube","9":"first","10":"instock","11":"shipping-taxable","12":"product-type-simple"},"acf":[],"yoast_head":"<!-- This site is optimized with the Yoast SEO plugin v24.1 - https:\/\/yoast.com\/wordpress\/plugins\/seo\/ -->\n<title>Square Slim Magnetic Lipstick Container with Snap-On Cap<\/title>\n<meta name=\"description\" content=\"This magnetic lipstick container with square slim shape features a magnetic open design with a slanted inner cup, providing both style and functionality.\" \/>\n<meta name=\"robots\" content=\"index, follow, max-snippet:-1, max-image-preview:large, max-video-preview:-1\" \/>\n<link rel=\"canonical\" href=\"https:\/\/www.alovey.com\/pt\/produto\/square-slim-magnetic-lipstick-container-with-snap-on-cap\/\" \/>\n<meta property=\"og:locale\" content=\"pt_BR\" \/>\n<meta property=\"og:type\" content=\"article\" \/>\n<meta property=\"og:title\" content=\"Square Slim Magnetic Lipstick Container with Snap-On Cap\" \/>\n<meta property=\"og:description\" content=\"This magnetic lipstick container with square slim shape features a magnetic open design with a slanted inner cup, providing both style and functionality.\" \/>\n<meta property=\"og:url\" content=\"https:\/\/www.alovey.com\/pt\/produto\/square-slim-magnetic-lipstick-container-with-snap-on-cap\/\" \/>\n<meta property=\"og:site_name\" content=\"Best Cosmetic Packaging Manufacture\" \/>\n<meta property=\"article:modified_time\" content=\"2026-04-07T02:32:42+00:00\" \/>\n<meta property=\"og:image\" content=\"https:\/\/www.alovey.com\/wp-content\/uploads\/2026\/04\/Square-Slim-Magnetic-Lipstick-Container-with-Snap-On-Cap-2.jpg\" \/>\n\t<meta property=\"og:image:width\" content=\"750\" \/>\n\t<meta property=\"og:image:height\" content=\"750\" \/>\n\t<meta property=\"og:image:type\" content=\"image\/jpeg\" \/>\n<meta name=\"twitter:card\" content=\"summary_large_image\" \/>\n<meta name=\"twitter:label1\" content=\"Est. tempo de leitura\" \/>\n\t<meta name=\"twitter:data1\" content=\"3 minutos\" \/>\n<script type=\"application\/ld+json\" class=\"yoast-schema-graph\">{\"@context\":\"https:\/\/schema.org\",\"@graph\":[{\"@type\":\"WebPage\",\"@id\":\"https:\/\/www.alovey.com\/product\/square-slim-magnetic-lipstick-container-with-snap-on-cap\/\",\"url\":\"https:\/\/www.alovey.com\/product\/square-slim-magnetic-lipstick-container-with-snap-on-cap\/\",\"name\":\"Square Slim Magnetic Lipstick Container with Snap-On Cap\",\"isPartOf\":{\"@id\":\"https:\/\/www.alovey.com\/#website\"},\"primaryImageOfPage\":{\"@id\":\"https:\/\/www.alovey.com\/product\/square-slim-magnetic-lipstick-container-with-snap-on-cap\/#primaryimage\"},\"image\":{\"@id\":\"https:\/\/www.alovey.com\/product\/square-slim-magnetic-lipstick-container-with-snap-on-cap\/#primaryimage\"},\"thumbnailUrl\":\"https:\/\/www.alovey.com\/wp-content\/uploads\/2026\/04\/Square-Slim-Magnetic-Lipstick-Container-with-Snap-On-Cap-2.jpg\",\"datePublished\":\"2026-04-07T02:23:58+00:00\",\"dateModified\":\"2026-04-07T02:32:42+00:00\",\"description\":\"This magnetic lipstick container with square slim shape features a magnetic open design with a slanted inner cup, providing both style and functionality.\",\"breadcrumb\":{\"@id\":\"https:\/\/www.alovey.com\/product\/square-slim-magnetic-lipstick-container-with-snap-on-cap\/#breadcrumb\"},\"inLanguage\":\"pt-BR\",\"potentialAction\":[{\"@type\":\"ReadAction\",\"target\":[\"https:\/\/www.alovey.com\/product\/square-slim-magnetic-lipstick-container-with-snap-on-cap\/\"]}]},{\"@type\":\"ImageObject\",\"inLanguage\":\"pt-BR\",\"@id\":\"https:\/\/www.alovey.com\/product\/square-slim-magnetic-lipstick-container-with-snap-on-cap\/#primaryimage\",\"url\":\"https:\/\/www.alovey.com\/wp-content\/uploads\/2026\/04\/Square-Slim-Magnetic-Lipstick-Container-with-Snap-On-Cap-2.jpg\",\"contentUrl\":\"https:\/\/www.alovey.com\/wp-content\/uploads\/2026\/04\/Square-Slim-Magnetic-Lipstick-Container-with-Snap-On-Cap-2.jpg\",\"width\":750,\"height\":750,\"caption\":\"Square Slim Magnetic Lipstick Container with Snap-On Cap\"},{\"@type\":\"BreadcrumbList\",\"@id\":\"https:\/\/www.alovey.com\/product\/square-slim-magnetic-lipstick-container-with-snap-on-cap\/#breadcrumb\",\"itemListElement\":[{\"@type\":\"ListItem\",\"position\":1,\"name\":\"\u9996\u9875\",\"item\":\"https:\/\/www.alovey.com\/\"},{\"@type\":\"ListItem\",\"position\":2,\"name\":\"Products\",\"item\":\"https:\/\/www.alovey.com\/products\/\"},{\"@type\":\"ListItem\",\"position\":3,\"name\":\"Square Slim Magnetic Lipstick Container with Snap-On Cap\"}]},{\"@type\":\"WebSite\",\"@id\":\"https:\/\/www.alovey.com\/#website\",\"url\":\"https:\/\/www.alovey.com\/\",\"name\":\"Best Cosmetic Packaging Manufacture\",\"description\":\"Alovey Cosmetic Packaging Co.,Ltd\",\"publisher\":{\"@id\":\"https:\/\/www.alovey.com\/#organization\"},\"potentialAction\":[{\"@type\":\"SearchAction\",\"target\":{\"@type\":\"EntryPoint\",\"urlTemplate\":\"https:\/\/www.alovey.com\/?s={search_term_string}\"},\"query-input\":{\"@type\":\"PropertyValueSpecification\",\"valueRequired\":true,\"valueName\":\"search_term_string\"}}],\"inLanguage\":\"pt-BR\"},{\"@type\":\"Organization\",\"@id\":\"https:\/\/www.alovey.com\/#organization\",\"name\":\"Best Cosmetic Packaging Manufacture\",\"url\":\"https:\/\/www.alovey.com\/\",\"logo\":{\"@type\":\"ImageObject\",\"inLanguage\":\"pt-BR\",\"@id\":\"https:\/\/www.alovey.com\/#\/schema\/logo\/image\/\",\"url\":\"https:\/\/www.alovey.com\/wp-content\/uploads\/2023\/03\/logo.png\",\"contentUrl\":\"https:\/\/www.alovey.com\/wp-content\/uploads\/2023\/03\/logo.png\",\"width\":505,\"height\":180,\"caption\":\"Best  Cosmetic Packaging Manufacture\"},\"image\":{\"@id\":\"https:\/\/www.alovey.com\/#\/schema\/logo\/image\/\"}}]}<\/script>\n<!-- \/ Yoast SEO plugin. -->","yoast_head_json":{"title":"Square Slim Magnetic Lipstick Container with Snap-On Cap","description":"This magnetic lipstick container with square slim shape features a magnetic open design with a slanted inner cup, providing both style and functionality.","robots":{"index":"index","follow":"follow","max-snippet":"max-snippet:-1","max-image-preview":"max-image-preview:large","max-video-preview":"max-video-preview:-1"},"canonical":"https:\/\/www.alovey.com\/pt\/produto\/square-slim-magnetic-lipstick-container-with-snap-on-cap\/","og_locale":"pt_BR","og_type":"article","og_title":"Square Slim Magnetic Lipstick Container with Snap-On Cap","og_description":"This magnetic lipstick container with square slim shape features a magnetic open design with a slanted inner cup, providing both style and functionality.","og_url":"https:\/\/www.alovey.com\/pt\/produto\/square-slim-magnetic-lipstick-container-with-snap-on-cap\/","og_site_name":"Best Cosmetic Packaging Manufacture","article_modified_time":"2026-04-07T02:32:42+00:00","og_image":[{"width":750,"height":750,"url":"https:\/\/www.alovey.com\/wp-content\/uploads\/2026\/04\/Square-Slim-Magnetic-Lipstick-Container-with-Snap-On-Cap-2.jpg","type":"image\/jpeg"}],"twitter_card":"summary_large_image","twitter_misc":{"Est. tempo de leitura":"3 minutos"},"schema":{"@context":"https:\/\/schema.org","@graph":[{"@type":"WebPage","@id":"https:\/\/www.alovey.com\/product\/square-slim-magnetic-lipstick-container-with-snap-on-cap\/","url":"https:\/\/www.alovey.com\/product\/square-slim-magnetic-lipstick-container-with-snap-on-cap\/","name":"Square Slim Magnetic Lipstick Container with Snap-On Cap","isPartOf":{"@id":"https:\/\/www.alovey.com\/#website"},"primaryImageOfPage":{"@id":"https:\/\/www.alovey.com\/product\/square-slim-magnetic-lipstick-container-with-snap-on-cap\/#primaryimage"},"image":{"@id":"https:\/\/www.alovey.com\/product\/square-slim-magnetic-lipstick-container-with-snap-on-cap\/#primaryimage"},"thumbnailUrl":"https:\/\/www.alovey.com\/wp-content\/uploads\/2026\/04\/Square-Slim-Magnetic-Lipstick-Container-with-Snap-On-Cap-2.jpg","datePublished":"2026-04-07T02:23:58+00:00","dateModified":"2026-04-07T02:32:42+00:00","description":"This magnetic lipstick container with square slim shape features a magnetic open design with a slanted inner cup, providing both style and functionality.","breadcrumb":{"@id":"https:\/\/www.alovey.com\/product\/square-slim-magnetic-lipstick-container-with-snap-on-cap\/#breadcrumb"},"inLanguage":"pt-BR","potentialAction":[{"@type":"ReadAction","target":["https:\/\/www.alovey.com\/product\/square-slim-magnetic-lipstick-container-with-snap-on-cap\/"]}]},{"@type":"ImageObject","inLanguage":"pt-BR","@id":"https:\/\/www.alovey.com\/product\/square-slim-magnetic-lipstick-container-with-snap-on-cap\/#primaryimage","url":"https:\/\/www.alovey.com\/wp-content\/uploads\/2026\/04\/Square-Slim-Magnetic-Lipstick-Container-with-Snap-On-Cap-2.jpg","contentUrl":"https:\/\/www.alovey.com\/wp-content\/uploads\/2026\/04\/Square-Slim-Magnetic-Lipstick-Container-with-Snap-On-Cap-2.jpg","width":750,"height":750,"caption":"Square Slim Magnetic Lipstick Container with Snap-On Cap"},{"@type":"BreadcrumbList","@id":"https:\/\/www.alovey.com\/product\/square-slim-magnetic-lipstick-container-with-snap-on-cap\/#breadcrumb","itemListElement":[{"@type":"ListItem","position":1,"name":"\u9996\u9875","item":"https:\/\/www.alovey.com\/"},{"@type":"ListItem","position":2,"name":"Products","item":"https:\/\/www.alovey.com\/products\/"},{"@type":"ListItem","position":3,"name":"Square Slim Magnetic Lipstick Container with Snap-On Cap"}]},{"@type":"WebSite","@id":"https:\/\/www.alovey.com\/#website","url":"https:\/\/www.alovey.com\/","name":"Best Cosmetic Packaging Manufacture","description":"Alovey Cosmetic Packaging Co.,Ltd","publisher":{"@id":"https:\/\/www.alovey.com\/#organization"},"potentialAction":[{"@type":"SearchAction","target":{"@type":"EntryPoint","urlTemplate":"https:\/\/www.alovey.com\/?s={search_term_string}"},"query-input":{"@type":"PropertyValueSpecification","valueRequired":true,"valueName":"search_term_string"}}],"inLanguage":"pt-BR"},{"@type":"Organization","@id":"https:\/\/www.alovey.com\/#organization","name":"Best Cosmetic Packaging Manufacture","url":"https:\/\/www.alovey.com\/","logo":{"@type":"ImageObject","inLanguage":"pt-BR","@id":"https:\/\/www.alovey.com\/#\/schema\/logo\/image\/","url":"https:\/\/www.alovey.com\/wp-content\/uploads\/2023\/03\/logo.png","contentUrl":"https:\/\/www.alovey.com\/wp-content\/uploads\/2023\/03\/logo.png","width":505,"height":180,"caption":"Best  Cosmetic Packaging Manufacture"},"image":{"@id":"https:\/\/www.alovey.com\/#\/schema\/logo\/image\/"}}]}},"_links":{"self":[{"href":"https:\/\/www.alovey.com\/pt\/wp-json\/wp\/v2\/product\/12836"}],"collection":[{"href":"https:\/\/www.alovey.com\/pt\/wp-json\/wp\/v2\/product"}],"about":[{"href":"https:\/\/www.alovey.com\/pt\/wp-json\/wp\/v2\/types\/product"}],"wp:featuredmedia":[{"embeddable":true,"href":"https:\/\/www.alovey.com\/pt\/wp-json\/wp\/v2\/media\/12839"}],"wp:attachment":[{"href":"https:\/\/www.alovey.com\/pt\/wp-json\/wp\/v2\/media?parent=12836"}],"wp:term":[{"taxonomy":"product_brand","embeddable":true,"href":"https:\/\/www.alovey.com\/pt\/wp-json\/wp\/v2\/product_brand?post=12836"},{"taxonomy":"product_cat","embeddable":true,"href":"https:\/\/www.alovey.com\/pt\/wp-json\/wp\/v2\/product_cat?post=12836"},{"taxonomy":"product_tag","embeddable":true,"href":"https:\/\/www.alovey.com\/pt\/wp-json\/wp\/v2\/product_tag?post=12836"}],"curies":[{"name":"wp","href":"https:\/\/api.w.org\/{rel}","templated":true}]}}