{"id":12662,"date":"2026-03-09T01:53:21","date_gmt":"2026-03-09T01:53:21","guid":{"rendered":"https:\/\/www.alovey.com\/?post_type=product&#038;p=12662"},"modified":"2026-03-09T03:51:46","modified_gmt":"2026-03-09T03:51:46","slug":"luxury-slim-square-magnetic-lipstick-tube-3g","status":"publish","type":"product","link":"https:\/\/www.alovey.com\/pt\/produto\/luxury-slim-square-magnetic-lipstick-tube-3g\/","title":{"rendered":"Luxury Slim Square Magnetic Lipstick Tube 3g"},"content":{"rendered":"<p><strong>Our slim square magnetic lipstick tube\u00a0features a premium magnetic buckle design, allowing smooth opening and secure closing without loosening easily. The strong magnetic closure enhances user experience while maintaining a luxury appearance ideal for high-end cosmetic brands.<\/strong><\/p>\n<p><strong>With a 2\u20133g filling capacity, this empty lipstick tube is perfect for lipstick, lip balm, and solid lip tint formulas. The slim square structure offers a modern, elegant look while remaining compact and travel-friendly.<\/strong><\/p>\n<p><strong>The inner cup can be cleaned with alcohol before filling, ensuring hygiene and product safety during production.<\/strong><\/p>\n<h3><strong>Key Features<\/strong><\/h3>\n<h3><strong>Capacity:\u00a03g<\/strong><\/h3>\n<p><strong>Design:\u00a0Slim square shape<\/strong><\/p>\n<p><strong>Closure:\u00a0Strong magnetic open &amp; close system<\/strong><\/p>\n<p><strong>Material:\u00a0ABS<\/strong><\/p>\n<p><strong>Mechanism:\u00a0Smooth twist-up design<\/strong><\/p>\n<p><strong>Refillable:\u00a0Suitable for professional filling<\/strong><\/p>\n<h3><strong>Advantages<\/strong><\/h3>\n<p><strong>Secure magnetic buckle prevents accidental opening<\/strong><br \/>\n<strong>Luxury, high-end aesthetic<\/strong><br \/>\n<strong>Easy to open &amp; close<\/strong><br \/>\n<strong>Portable and lightweight<\/strong><br \/>\n<strong>Suitable for private label cosmetic brands<\/strong><\/p>\n<p><strong>\u00a0square magnetic lipstick tube\u00a0<\/strong><\/p>\n<p><strong>Custom\u00a0this \u00a0square magnetic lipstick tube 3g capacity. Secure magnetic closure, luxury design, refillable empty lipstick packaging with private label.<\/strong><\/p>\n<p><strong>A Alovey, como fabricante profissional chinesa de embalagens para cosm\u00e9ticos, produz uma linha requintada de embalagens personalizadas para cosm\u00e9ticos, meticulosamente elaboradas para elevar sua marca. Nossa sele\u00e7\u00e3o diversificada de materiais premium, combinada com t\u00e9cnicas delicadas de acabamento de superf\u00edcie, como impress\u00e3o em tela de seda, hot stamping e pulveriza\u00e7\u00e3o fosca, garante que cada embalagem seja uma obra-prima exclusiva.<\/strong><\/p>\n<figure id=\"attachment_12668\" aria-describedby=\"caption-attachment-12668\" style=\"width: 750px\" class=\"wp-caption alignnone\"><img fetchpriority=\"high\" decoding=\"async\" class=\"size-full wp-image-12668\" src=\"https:\/\/www.alovey.com\/wp-content\/uploads\/2026\/03\/Luxury-Slim-Square-Magnetic-Lipstick-Tube-3g-5.jpg\" alt=\"Magnetic Lipstick Tube\" width=\"750\" height=\"750\" srcset=\"https:\/\/www.alovey.com\/wp-content\/uploads\/2026\/03\/Luxury-Slim-Square-Magnetic-Lipstick-Tube-3g-5.jpg 750w, https:\/\/www.alovey.com\/wp-content\/uploads\/2026\/03\/Luxury-Slim-Square-Magnetic-Lipstick-Tube-3g-5-300x300.jpg 300w, https:\/\/www.alovey.com\/wp-content\/uploads\/2026\/03\/Luxury-Slim-Square-Magnetic-Lipstick-Tube-3g-5-150x150.jpg 150w, https:\/\/www.alovey.com\/wp-content\/uploads\/2026\/03\/Luxury-Slim-Square-Magnetic-Lipstick-Tube-3g-5-12x12.jpg 12w, https:\/\/www.alovey.com\/wp-content\/uploads\/2026\/03\/Luxury-Slim-Square-Magnetic-Lipstick-Tube-3g-5-600x600.jpg 600w, https:\/\/www.alovey.com\/wp-content\/uploads\/2026\/03\/Luxury-Slim-Square-Magnetic-Lipstick-Tube-3g-5-100x100.jpg 100w\" sizes=\"(max-width: 750px) 100vw, 750px\" \/><figcaption id=\"caption-attachment-12668\" class=\"wp-caption-text\">\u00a0<\/figcaption><\/figure>\n<figure id=\"attachment_12667\" aria-describedby=\"caption-attachment-12667\" style=\"width: 750px\" class=\"wp-caption alignnone\"><img decoding=\"async\" class=\"size-full wp-image-12667\" src=\"https:\/\/www.alovey.com\/wp-content\/uploads\/2026\/03\/Luxury-Slim-Square-Magnetic-Lipstick-Tube-3g-4.jpg\" alt=\"Magnetic Lipstick Tube\" width=\"750\" height=\"750\" srcset=\"https:\/\/www.alovey.com\/wp-content\/uploads\/2026\/03\/Luxury-Slim-Square-Magnetic-Lipstick-Tube-3g-4.jpg 750w, https:\/\/www.alovey.com\/wp-content\/uploads\/2026\/03\/Luxury-Slim-Square-Magnetic-Lipstick-Tube-3g-4-300x300.jpg 300w, https:\/\/www.alovey.com\/wp-content\/uploads\/2026\/03\/Luxury-Slim-Square-Magnetic-Lipstick-Tube-3g-4-150x150.jpg 150w, https:\/\/www.alovey.com\/wp-content\/uploads\/2026\/03\/Luxury-Slim-Square-Magnetic-Lipstick-Tube-3g-4-12x12.jpg 12w, https:\/\/www.alovey.com\/wp-content\/uploads\/2026\/03\/Luxury-Slim-Square-Magnetic-Lipstick-Tube-3g-4-600x600.jpg 600w, https:\/\/www.alovey.com\/wp-content\/uploads\/2026\/03\/Luxury-Slim-Square-Magnetic-Lipstick-Tube-3g-4-100x100.jpg 100w\" sizes=\"(max-width: 750px) 100vw, 750px\" \/><figcaption id=\"caption-attachment-12667\" class=\"wp-caption-text\">\u00a0<\/figcaption><\/figure>\n<figure id=\"attachment_12666\" aria-describedby=\"caption-attachment-12666\" style=\"width: 750px\" class=\"wp-caption alignnone\"><img decoding=\"async\" class=\"size-full wp-image-12666\" src=\"https:\/\/www.alovey.com\/wp-content\/uploads\/2026\/03\/Luxury-Slim-Square-Magnetic-Lipstick-Tube-3g-3.jpg\" alt=\"Magnetic Lipstick Tube\" width=\"750\" height=\"750\" srcset=\"https:\/\/www.alovey.com\/wp-content\/uploads\/2026\/03\/Luxury-Slim-Square-Magnetic-Lipstick-Tube-3g-3.jpg 750w, https:\/\/www.alovey.com\/wp-content\/uploads\/2026\/03\/Luxury-Slim-Square-Magnetic-Lipstick-Tube-3g-3-300x300.jpg 300w, https:\/\/www.alovey.com\/wp-content\/uploads\/2026\/03\/Luxury-Slim-Square-Magnetic-Lipstick-Tube-3g-3-150x150.jpg 150w, https:\/\/www.alovey.com\/wp-content\/uploads\/2026\/03\/Luxury-Slim-Square-Magnetic-Lipstick-Tube-3g-3-12x12.jpg 12w, https:\/\/www.alovey.com\/wp-content\/uploads\/2026\/03\/Luxury-Slim-Square-Magnetic-Lipstick-Tube-3g-3-600x600.jpg 600w, https:\/\/www.alovey.com\/wp-content\/uploads\/2026\/03\/Luxury-Slim-Square-Magnetic-Lipstick-Tube-3g-3-100x100.jpg 100w\" sizes=\"(max-width: 750px) 100vw, 750px\" \/><figcaption id=\"caption-attachment-12666\" class=\"wp-caption-text\">\u00a0<\/figcaption><\/figure>\n<figure id=\"attachment_12664\" aria-describedby=\"caption-attachment-12664\" style=\"width: 750px\" class=\"wp-caption alignnone\"><img loading=\"lazy\" decoding=\"async\" class=\"size-full wp-image-12664\" src=\"https:\/\/www.alovey.com\/wp-content\/uploads\/2026\/03\/Luxury-Slim-Square-Magnetic-Lipstick-Tube-3g-1.jpg\" alt=\"Magnetic Lipstick Tube\" width=\"750\" height=\"750\" srcset=\"https:\/\/www.alovey.com\/wp-content\/uploads\/2026\/03\/Luxury-Slim-Square-Magnetic-Lipstick-Tube-3g-1.jpg 750w, https:\/\/www.alovey.com\/wp-content\/uploads\/2026\/03\/Luxury-Slim-Square-Magnetic-Lipstick-Tube-3g-1-300x300.jpg 300w, https:\/\/www.alovey.com\/wp-content\/uploads\/2026\/03\/Luxury-Slim-Square-Magnetic-Lipstick-Tube-3g-1-150x150.jpg 150w, https:\/\/www.alovey.com\/wp-content\/uploads\/2026\/03\/Luxury-Slim-Square-Magnetic-Lipstick-Tube-3g-1-12x12.jpg 12w, https:\/\/www.alovey.com\/wp-content\/uploads\/2026\/03\/Luxury-Slim-Square-Magnetic-Lipstick-Tube-3g-1-600x600.jpg 600w, https:\/\/www.alovey.com\/wp-content\/uploads\/2026\/03\/Luxury-Slim-Square-Magnetic-Lipstick-Tube-3g-1-100x100.jpg 100w\" sizes=\"(max-width: 750px) 100vw, 750px\" \/><figcaption id=\"caption-attachment-12664\" class=\"wp-caption-text\">\u00a0<\/figcaption><\/figure>\n<figure id=\"attachment_12665\" aria-describedby=\"caption-attachment-12665\" style=\"width: 750px\" class=\"wp-caption alignnone\"><img loading=\"lazy\" decoding=\"async\" class=\"size-full wp-image-12665\" src=\"https:\/\/www.alovey.com\/wp-content\/uploads\/2026\/03\/Luxury-Slim-Square-Magnetic-Lipstick-Tube-3g-2.jpg\" alt=\"Magnetic Lipstick Tube\" width=\"750\" height=\"750\" srcset=\"https:\/\/www.alovey.com\/wp-content\/uploads\/2026\/03\/Luxury-Slim-Square-Magnetic-Lipstick-Tube-3g-2.jpg 750w, https:\/\/www.alovey.com\/wp-content\/uploads\/2026\/03\/Luxury-Slim-Square-Magnetic-Lipstick-Tube-3g-2-300x300.jpg 300w, https:\/\/www.alovey.com\/wp-content\/uploads\/2026\/03\/Luxury-Slim-Square-Magnetic-Lipstick-Tube-3g-2-150x150.jpg 150w, https:\/\/www.alovey.com\/wp-content\/uploads\/2026\/03\/Luxury-Slim-Square-Magnetic-Lipstick-Tube-3g-2-12x12.jpg 12w, https:\/\/www.alovey.com\/wp-content\/uploads\/2026\/03\/Luxury-Slim-Square-Magnetic-Lipstick-Tube-3g-2-600x600.jpg 600w, https:\/\/www.alovey.com\/wp-content\/uploads\/2026\/03\/Luxury-Slim-Square-Magnetic-Lipstick-Tube-3g-2-100x100.jpg 100w\" sizes=\"(max-width: 750px) 100vw, 750px\" \/><figcaption id=\"caption-attachment-12665\" class=\"wp-caption-text\">\u00a0<\/figcaption><\/figure>\n<figure id=\"attachment_12663\" aria-describedby=\"caption-attachment-12663\" style=\"width: 750px\" class=\"wp-caption alignnone\"><img loading=\"lazy\" decoding=\"async\" class=\"size-full wp-image-12663\" src=\"https:\/\/www.alovey.com\/wp-content\/uploads\/2026\/03\/Luxury-Slim-Square-Magnetic-Lipstick-Tube-3g-6.jpg\" alt=\"Magnetic Lipstick Tube\" width=\"750\" height=\"750\" srcset=\"https:\/\/www.alovey.com\/wp-content\/uploads\/2026\/03\/Luxury-Slim-Square-Magnetic-Lipstick-Tube-3g-6.jpg 750w, https:\/\/www.alovey.com\/wp-content\/uploads\/2026\/03\/Luxury-Slim-Square-Magnetic-Lipstick-Tube-3g-6-300x300.jpg 300w, https:\/\/www.alovey.com\/wp-content\/uploads\/2026\/03\/Luxury-Slim-Square-Magnetic-Lipstick-Tube-3g-6-150x150.jpg 150w, https:\/\/www.alovey.com\/wp-content\/uploads\/2026\/03\/Luxury-Slim-Square-Magnetic-Lipstick-Tube-3g-6-12x12.jpg 12w, https:\/\/www.alovey.com\/wp-content\/uploads\/2026\/03\/Luxury-Slim-Square-Magnetic-Lipstick-Tube-3g-6-600x600.jpg 600w, https:\/\/www.alovey.com\/wp-content\/uploads\/2026\/03\/Luxury-Slim-Square-Magnetic-Lipstick-Tube-3g-6-100x100.jpg 100w\" sizes=\"(max-width: 750px) 100vw, 750px\" \/><figcaption id=\"caption-attachment-12663\" class=\"wp-caption-text\">\u00a0<\/figcaption><\/figure>\n<p>&nbsp;<\/p>\n<p>&nbsp;<\/p>\n<p>&nbsp;<\/p>\n<p>&nbsp;<\/p>\n<p>&nbsp;<\/p>\n<p>&nbsp;<\/p>\n<p>&nbsp;<\/p>\n<p>&nbsp;<\/p>\n<p>&nbsp;<\/p>\n<p>&nbsp;<\/p>\n<p>&nbsp;<\/p>\n<p>&nbsp;<\/p>\n<p>&nbsp;<\/p>\n<p>&nbsp;<\/p>\n<p>&nbsp;<\/p>\n<p>&nbsp;<\/p>\n<p>&nbsp;<\/p>\n<p>&nbsp;<\/p>\n<p>&nbsp;<\/p>\n<p>&nbsp;<\/p>\n<p>&nbsp;<\/p>\n<p>&nbsp;<\/p>\n<p>&nbsp;<\/p>\n<p>&nbsp;<\/p>\n<p>&nbsp;<\/p>\n<p>&nbsp;<\/p>\n<p>&nbsp;<\/p>\n<p>&nbsp;<\/p>\n<p>&nbsp;<\/p>\n<p>&nbsp;<\/p>\n<p>&nbsp;<\/p>\n<p>&nbsp;<\/p>\n<p>&nbsp;<\/p>\n<p>&nbsp;<\/p>\n<p>&nbsp;<\/p>\n<p>&nbsp;<\/p>\n<p>&nbsp;<\/p>\n<p>&nbsp;<\/p>\n<p>&nbsp;<\/p>\n<p>&nbsp;<\/p>\n<p>&nbsp;<\/p>\n<p>&nbsp;<\/p>\n<p>&nbsp;<\/p>\n<p>&nbsp;<\/p>\n<p>&nbsp;<\/p>\n<p>&nbsp;<\/p>\n<p>&nbsp;<\/p>\n<p>&nbsp;<\/p>\n<p>&nbsp;<\/p>\n<p>&nbsp;<\/p>\n<p>&nbsp;<\/p>\n<p>&nbsp;<\/p>\n<p>&nbsp;<\/p>\n<p>&nbsp;<\/p>\n<p>&nbsp;<\/p>\n<p>&nbsp;<\/p>\n<p>&nbsp;<\/p>\n<p>&nbsp;<\/p>\n<p>&nbsp;<\/p>\n<p>&nbsp;<\/p>\n<p>&nbsp;<\/p>\n<p>&nbsp;<\/p>\n<p>&nbsp;<\/p>\n<p>&nbsp;<\/p>\n<p>&nbsp;<\/p>\n<p>&nbsp;<\/p>\n<p>&nbsp;<\/p>\n<p>&nbsp;<\/p>\n<p>&nbsp;<\/p>\n<p>&nbsp;<\/p>\n<p>&nbsp;<\/p>\n<p>&nbsp;<\/p>\n<p>&nbsp;<\/p>\n<p>&nbsp;<\/p>\n<p>&nbsp;<\/p>\n<p>&nbsp;<\/p>\n<p>&nbsp;<\/p>\n<p>&nbsp;<\/p>\n<p>&nbsp;<\/p>\n<p>&nbsp;<\/p>\n<p>&nbsp;<\/p>\n<p>&nbsp;<\/p>\n<p>&nbsp;<\/p>\n<p>&nbsp;<\/p>\n<p>&nbsp;<\/p>\n<p>&nbsp;<\/p>\n<p>&nbsp;<\/p>\n<p>&nbsp;<\/p>\n<p>&nbsp;<\/p>\n<p>&nbsp;<\/p>\n<p>&nbsp;<\/p>\n<p>&nbsp;<\/p>\n<p>&nbsp;<\/p>\n<p>&nbsp;<\/p>\n<p>&nbsp;<\/p>\n<p>&nbsp;<\/p>\n<p>&nbsp;<\/p>\n<p>&nbsp;<\/p>\n<p>&nbsp;<\/p>\n<p>&nbsp;<\/p>\n<p>&nbsp;<\/p>\n<p>&nbsp;<\/p>\n<p>&nbsp;<\/p>\n<p>&nbsp;<\/p>\n<p>&nbsp;<\/p>\n<p>&nbsp;<\/p>\n<p>&nbsp;<\/p>\n<p>&nbsp;<\/p>\n<p>&nbsp;<\/p>\n<p>&nbsp;<\/p>\n<p>&nbsp;<\/p>\n<p>&nbsp;<\/p>\n<p>&nbsp;<\/p>\n<p>&nbsp;<\/p>\n<p>&nbsp;<\/p>\n<p>&nbsp;<\/p>\n<p>&nbsp;<\/p>\n<p>&nbsp;<\/p>","protected":false},"excerpt":{"rendered":"<ul>\n<li>Item No: LS-P0086A<\/li>\n<li>Size:\u00a0W19*H68MM<\/li>\n<li>Aplica\u00e7\u00f5es: Produtos de beleza<\/li>\n<li>MOQ: 12.000 unidades<\/li>\n<li>Cor: cor personalizada<\/li>\n<li>Tratamento de superf\u00edcie: Inje\u00e7\u00e3o\/Matte\/Metaliza\u00e7\u00e3o\/Revestimento UV<\/li>\n<li>Nome da marca: OEM\/ODM<\/li>\n<li>Logotipo: Logotipo do cliente<\/li>\n<li>Capacidade de fornecimento: 100.000 pe\u00e7as por m\u00eas<\/li>\n<li>Slim type square lipstick tube with magnetic open in magnetic buckle design, easy to open and close without losing easily.The empty lipstick tube can hold 2-3g. You can use alcohol to wipe the inner hole.<\/li>\n<\/ul>\n<p>&nbsp;<\/p>\n<p>&nbsp;<\/p>","protected":false},"featured_media":12665,"template":"","meta":{"_acf_changed":false},"product_brand":[],"product_cat":[373],"product_tag":[389],"class_list":{"0":"post-12662","1":"product","2":"type-product","3":"status-publish","4":"has-post-thumbnail","6":"product_cat-professional-lipstick-tube-supplier","7":"product_tag-lip-stick-tube","9":"first","10":"instock","11":"shipping-taxable","12":"product-type-simple"},"acf":[],"yoast_head":"<!-- This site is optimized with the Yoast SEO plugin v24.1 - https:\/\/yoast.com\/wordpress\/plugins\/seo\/ -->\n<title>Luxury Slim Square Magnetic Lipstick Tube 3g<\/title>\n<meta name=\"description\" content=\"Custom this square magnetic lipstick tube 3g capacity. Secure magnetic closure, luxury design, refillable empty lipstick packaging with private label.\" \/>\n<meta name=\"robots\" content=\"index, follow, max-snippet:-1, max-image-preview:large, max-video-preview:-1\" \/>\n<link rel=\"canonical\" href=\"https:\/\/www.alovey.com\/pt\/produto\/luxury-slim-square-magnetic-lipstick-tube-3g\/\" \/>\n<meta property=\"og:locale\" content=\"pt_BR\" \/>\n<meta property=\"og:type\" content=\"article\" \/>\n<meta property=\"og:title\" content=\"Luxury Slim Square Magnetic Lipstick Tube 3g\" \/>\n<meta property=\"og:description\" content=\"Custom this square magnetic lipstick tube 3g capacity. Secure magnetic closure, luxury design, refillable empty lipstick packaging with private label.\" \/>\n<meta property=\"og:url\" content=\"https:\/\/www.alovey.com\/pt\/produto\/luxury-slim-square-magnetic-lipstick-tube-3g\/\" \/>\n<meta property=\"og:site_name\" content=\"Best Cosmetic Packaging Manufacture\" \/>\n<meta property=\"article:modified_time\" content=\"2026-03-09T03:51:46+00:00\" \/>\n<meta property=\"og:image\" content=\"https:\/\/www.alovey.com\/wp-content\/uploads\/2026\/03\/Luxury-Slim-Square-Magnetic-Lipstick-Tube-3g-2.jpg\" \/>\n\t<meta property=\"og:image:width\" content=\"750\" \/>\n\t<meta property=\"og:image:height\" content=\"750\" \/>\n\t<meta property=\"og:image:type\" content=\"image\/jpeg\" \/>\n<meta name=\"twitter:card\" content=\"summary_large_image\" \/>\n<meta name=\"twitter:label1\" content=\"Est. tempo de leitura\" \/>\n\t<meta name=\"twitter:data1\" content=\"3 minutos\" \/>\n<script type=\"application\/ld+json\" class=\"yoast-schema-graph\">{\"@context\":\"https:\/\/schema.org\",\"@graph\":[{\"@type\":\"WebPage\",\"@id\":\"https:\/\/www.alovey.com\/product\/luxury-slim-square-magnetic-lipstick-tube-3g\/\",\"url\":\"https:\/\/www.alovey.com\/product\/luxury-slim-square-magnetic-lipstick-tube-3g\/\",\"name\":\"Luxury Slim Square Magnetic Lipstick Tube 3g\",\"isPartOf\":{\"@id\":\"https:\/\/www.alovey.com\/#website\"},\"primaryImageOfPage\":{\"@id\":\"https:\/\/www.alovey.com\/product\/luxury-slim-square-magnetic-lipstick-tube-3g\/#primaryimage\"},\"image\":{\"@id\":\"https:\/\/www.alovey.com\/product\/luxury-slim-square-magnetic-lipstick-tube-3g\/#primaryimage\"},\"thumbnailUrl\":\"https:\/\/www.alovey.com\/wp-content\/uploads\/2026\/03\/Luxury-Slim-Square-Magnetic-Lipstick-Tube-3g-2.jpg\",\"datePublished\":\"2026-03-09T01:53:21+00:00\",\"dateModified\":\"2026-03-09T03:51:46+00:00\",\"description\":\"Custom this square magnetic lipstick tube 3g capacity. Secure magnetic closure, luxury design, refillable empty lipstick packaging with private label.\",\"breadcrumb\":{\"@id\":\"https:\/\/www.alovey.com\/product\/luxury-slim-square-magnetic-lipstick-tube-3g\/#breadcrumb\"},\"inLanguage\":\"pt-BR\",\"potentialAction\":[{\"@type\":\"ReadAction\",\"target\":[\"https:\/\/www.alovey.com\/product\/luxury-slim-square-magnetic-lipstick-tube-3g\/\"]}]},{\"@type\":\"ImageObject\",\"inLanguage\":\"pt-BR\",\"@id\":\"https:\/\/www.alovey.com\/product\/luxury-slim-square-magnetic-lipstick-tube-3g\/#primaryimage\",\"url\":\"https:\/\/www.alovey.com\/wp-content\/uploads\/2026\/03\/Luxury-Slim-Square-Magnetic-Lipstick-Tube-3g-2.jpg\",\"contentUrl\":\"https:\/\/www.alovey.com\/wp-content\/uploads\/2026\/03\/Luxury-Slim-Square-Magnetic-Lipstick-Tube-3g-2.jpg\",\"width\":750,\"height\":750,\"caption\":\"Luxury Slim Square Magnetic Lipstick Tube 3g\"},{\"@type\":\"BreadcrumbList\",\"@id\":\"https:\/\/www.alovey.com\/product\/luxury-slim-square-magnetic-lipstick-tube-3g\/#breadcrumb\",\"itemListElement\":[{\"@type\":\"ListItem\",\"position\":1,\"name\":\"\u9996\u9875\",\"item\":\"https:\/\/www.alovey.com\/\"},{\"@type\":\"ListItem\",\"position\":2,\"name\":\"Products\",\"item\":\"https:\/\/www.alovey.com\/products\/\"},{\"@type\":\"ListItem\",\"position\":3,\"name\":\"Luxury Slim Square Magnetic Lipstick Tube 3g\"}]},{\"@type\":\"WebSite\",\"@id\":\"https:\/\/www.alovey.com\/#website\",\"url\":\"https:\/\/www.alovey.com\/\",\"name\":\"Best Cosmetic Packaging Manufacture\",\"description\":\"Alovey Cosmetic Packaging Co.,Ltd\",\"publisher\":{\"@id\":\"https:\/\/www.alovey.com\/#organization\"},\"potentialAction\":[{\"@type\":\"SearchAction\",\"target\":{\"@type\":\"EntryPoint\",\"urlTemplate\":\"https:\/\/www.alovey.com\/?s={search_term_string}\"},\"query-input\":{\"@type\":\"PropertyValueSpecification\",\"valueRequired\":true,\"valueName\":\"search_term_string\"}}],\"inLanguage\":\"pt-BR\"},{\"@type\":\"Organization\",\"@id\":\"https:\/\/www.alovey.com\/#organization\",\"name\":\"Best Cosmetic Packaging Manufacture\",\"url\":\"https:\/\/www.alovey.com\/\",\"logo\":{\"@type\":\"ImageObject\",\"inLanguage\":\"pt-BR\",\"@id\":\"https:\/\/www.alovey.com\/#\/schema\/logo\/image\/\",\"url\":\"https:\/\/www.alovey.com\/wp-content\/uploads\/2023\/03\/logo.png\",\"contentUrl\":\"https:\/\/www.alovey.com\/wp-content\/uploads\/2023\/03\/logo.png\",\"width\":505,\"height\":180,\"caption\":\"Best  Cosmetic Packaging Manufacture\"},\"image\":{\"@id\":\"https:\/\/www.alovey.com\/#\/schema\/logo\/image\/\"}}]}<\/script>\n<!-- \/ Yoast SEO plugin. -->","yoast_head_json":{"title":"Luxury Slim Square Magnetic Lipstick Tube 3g","description":"Custom this square magnetic lipstick tube 3g capacity. Secure magnetic closure, luxury design, refillable empty lipstick packaging with private label.","robots":{"index":"index","follow":"follow","max-snippet":"max-snippet:-1","max-image-preview":"max-image-preview:large","max-video-preview":"max-video-preview:-1"},"canonical":"https:\/\/www.alovey.com\/pt\/produto\/luxury-slim-square-magnetic-lipstick-tube-3g\/","og_locale":"pt_BR","og_type":"article","og_title":"Luxury Slim Square Magnetic Lipstick Tube 3g","og_description":"Custom this square magnetic lipstick tube 3g capacity. Secure magnetic closure, luxury design, refillable empty lipstick packaging with private label.","og_url":"https:\/\/www.alovey.com\/pt\/produto\/luxury-slim-square-magnetic-lipstick-tube-3g\/","og_site_name":"Best Cosmetic Packaging Manufacture","article_modified_time":"2026-03-09T03:51:46+00:00","og_image":[{"width":750,"height":750,"url":"https:\/\/www.alovey.com\/wp-content\/uploads\/2026\/03\/Luxury-Slim-Square-Magnetic-Lipstick-Tube-3g-2.jpg","type":"image\/jpeg"}],"twitter_card":"summary_large_image","twitter_misc":{"Est. tempo de leitura":"3 minutos"},"schema":{"@context":"https:\/\/schema.org","@graph":[{"@type":"WebPage","@id":"https:\/\/www.alovey.com\/product\/luxury-slim-square-magnetic-lipstick-tube-3g\/","url":"https:\/\/www.alovey.com\/product\/luxury-slim-square-magnetic-lipstick-tube-3g\/","name":"Luxury Slim Square Magnetic Lipstick Tube 3g","isPartOf":{"@id":"https:\/\/www.alovey.com\/#website"},"primaryImageOfPage":{"@id":"https:\/\/www.alovey.com\/product\/luxury-slim-square-magnetic-lipstick-tube-3g\/#primaryimage"},"image":{"@id":"https:\/\/www.alovey.com\/product\/luxury-slim-square-magnetic-lipstick-tube-3g\/#primaryimage"},"thumbnailUrl":"https:\/\/www.alovey.com\/wp-content\/uploads\/2026\/03\/Luxury-Slim-Square-Magnetic-Lipstick-Tube-3g-2.jpg","datePublished":"2026-03-09T01:53:21+00:00","dateModified":"2026-03-09T03:51:46+00:00","description":"Custom this square magnetic lipstick tube 3g capacity. Secure magnetic closure, luxury design, refillable empty lipstick packaging with private label.","breadcrumb":{"@id":"https:\/\/www.alovey.com\/product\/luxury-slim-square-magnetic-lipstick-tube-3g\/#breadcrumb"},"inLanguage":"pt-BR","potentialAction":[{"@type":"ReadAction","target":["https:\/\/www.alovey.com\/product\/luxury-slim-square-magnetic-lipstick-tube-3g\/"]}]},{"@type":"ImageObject","inLanguage":"pt-BR","@id":"https:\/\/www.alovey.com\/product\/luxury-slim-square-magnetic-lipstick-tube-3g\/#primaryimage","url":"https:\/\/www.alovey.com\/wp-content\/uploads\/2026\/03\/Luxury-Slim-Square-Magnetic-Lipstick-Tube-3g-2.jpg","contentUrl":"https:\/\/www.alovey.com\/wp-content\/uploads\/2026\/03\/Luxury-Slim-Square-Magnetic-Lipstick-Tube-3g-2.jpg","width":750,"height":750,"caption":"Luxury Slim Square Magnetic Lipstick Tube 3g"},{"@type":"BreadcrumbList","@id":"https:\/\/www.alovey.com\/product\/luxury-slim-square-magnetic-lipstick-tube-3g\/#breadcrumb","itemListElement":[{"@type":"ListItem","position":1,"name":"\u9996\u9875","item":"https:\/\/www.alovey.com\/"},{"@type":"ListItem","position":2,"name":"Products","item":"https:\/\/www.alovey.com\/products\/"},{"@type":"ListItem","position":3,"name":"Luxury Slim Square Magnetic Lipstick Tube 3g"}]},{"@type":"WebSite","@id":"https:\/\/www.alovey.com\/#website","url":"https:\/\/www.alovey.com\/","name":"Best Cosmetic Packaging Manufacture","description":"Alovey Cosmetic Packaging Co.,Ltd","publisher":{"@id":"https:\/\/www.alovey.com\/#organization"},"potentialAction":[{"@type":"SearchAction","target":{"@type":"EntryPoint","urlTemplate":"https:\/\/www.alovey.com\/?s={search_term_string}"},"query-input":{"@type":"PropertyValueSpecification","valueRequired":true,"valueName":"search_term_string"}}],"inLanguage":"pt-BR"},{"@type":"Organization","@id":"https:\/\/www.alovey.com\/#organization","name":"Best Cosmetic Packaging Manufacture","url":"https:\/\/www.alovey.com\/","logo":{"@type":"ImageObject","inLanguage":"pt-BR","@id":"https:\/\/www.alovey.com\/#\/schema\/logo\/image\/","url":"https:\/\/www.alovey.com\/wp-content\/uploads\/2023\/03\/logo.png","contentUrl":"https:\/\/www.alovey.com\/wp-content\/uploads\/2023\/03\/logo.png","width":505,"height":180,"caption":"Best  Cosmetic Packaging Manufacture"},"image":{"@id":"https:\/\/www.alovey.com\/#\/schema\/logo\/image\/"}}]}},"_links":{"self":[{"href":"https:\/\/www.alovey.com\/pt\/wp-json\/wp\/v2\/product\/12662"}],"collection":[{"href":"https:\/\/www.alovey.com\/pt\/wp-json\/wp\/v2\/product"}],"about":[{"href":"https:\/\/www.alovey.com\/pt\/wp-json\/wp\/v2\/types\/product"}],"wp:featuredmedia":[{"embeddable":true,"href":"https:\/\/www.alovey.com\/pt\/wp-json\/wp\/v2\/media\/12665"}],"wp:attachment":[{"href":"https:\/\/www.alovey.com\/pt\/wp-json\/wp\/v2\/media?parent=12662"}],"wp:term":[{"taxonomy":"product_brand","embeddable":true,"href":"https:\/\/www.alovey.com\/pt\/wp-json\/wp\/v2\/product_brand?post=12662"},{"taxonomy":"product_cat","embeddable":true,"href":"https:\/\/www.alovey.com\/pt\/wp-json\/wp\/v2\/product_cat?post=12662"},{"taxonomy":"product_tag","embeddable":true,"href":"https:\/\/www.alovey.com\/pt\/wp-json\/wp\/v2\/product_tag?post=12662"}],"curies":[{"name":"wp","href":"https:\/\/api.w.org\/{rel}","templated":true}]}}