{"id":12606,"date":"2026-02-27T07:50:45","date_gmt":"2026-02-27T07:50:45","guid":{"rendered":"https:\/\/www.alovey.com\/?post_type=product&#038;p=12606"},"modified":"2026-02-27T09:25:02","modified_gmt":"2026-02-27T09:25:02","slug":"custom-luxury-leather-lipstick-tube-with-tall-slim","status":"publish","type":"product","link":"https:\/\/www.alovey.com\/pt\/produto\/custom-luxury-leather-lipstick-tube-with-tall-slim\/","title":{"rendered":"Custom Luxury Leather Lipstick Tube With Tall Slim"},"content":{"rendered":"<p><strong>This luxury leather lipstick tube is tall and slim , with PU leather decoration and premium look,\u00a0making it ideal for high-end cosmetic brands. It can be used to fill natural lip balms, chapsticks, lipsticks, and other solid cosmetic formulas.<\/strong><\/p>\n<p><strong>The compact and lightweight design makes it perfect for travel and easy to carry in purses, makeup bags, or pockets for daily use.<\/strong><\/p>\n<p><strong>The leather surface can be fully customized with different colors, textures, and patterns to match your brand identity, creating a unique and luxurious packaging solution.<\/strong><\/p>\n<p><strong>A Alovey, como fabricante profissional chinesa de embalagens para cosm\u00e9ticos, produz uma linha requintada de embalagens personalizadas para cosm\u00e9ticos, meticulosamente elaboradas para elevar sua marca. Nossa sele\u00e7\u00e3o diversificada de materiais premium, combinada com t\u00e9cnicas delicadas de acabamento de superf\u00edcie, como impress\u00e3o em tela de seda, hot stamping e pulveriza\u00e7\u00e3o fosca, garante que cada embalagem seja uma obra-prima exclusiva.<\/strong><\/p>\n<p><img fetchpriority=\"high\" decoding=\"async\" class=\"size-full wp-image-12612\" src=\"https:\/\/www.alovey.com\/wp-content\/uploads\/2026\/02\/Custom-Luxury-Leather-Lipstick-Tube-With-Tall-Slim-4.jpg\" alt=\"Luxury\u2002leather lipstick tube\" width=\"750\" height=\"750\" srcset=\"https:\/\/www.alovey.com\/wp-content\/uploads\/2026\/02\/Custom-Luxury-Leather-Lipstick-Tube-With-Tall-Slim-4.jpg 750w, https:\/\/www.alovey.com\/wp-content\/uploads\/2026\/02\/Custom-Luxury-Leather-Lipstick-Tube-With-Tall-Slim-4-300x300.jpg 300w, https:\/\/www.alovey.com\/wp-content\/uploads\/2026\/02\/Custom-Luxury-Leather-Lipstick-Tube-With-Tall-Slim-4-150x150.jpg 150w, https:\/\/www.alovey.com\/wp-content\/uploads\/2026\/02\/Custom-Luxury-Leather-Lipstick-Tube-With-Tall-Slim-4-12x12.jpg 12w, https:\/\/www.alovey.com\/wp-content\/uploads\/2026\/02\/Custom-Luxury-Leather-Lipstick-Tube-With-Tall-Slim-4-600x600.jpg 600w, https:\/\/www.alovey.com\/wp-content\/uploads\/2026\/02\/Custom-Luxury-Leather-Lipstick-Tube-With-Tall-Slim-4-100x100.jpg 100w\" sizes=\"(max-width: 750px) 100vw, 750px\" \/><\/p>\n<p><img decoding=\"async\" class=\"size-full wp-image-12611\" src=\"https:\/\/www.alovey.com\/wp-content\/uploads\/2026\/02\/Custom-Luxury-Leather-Lipstick-Tube-With-Tall-Slim-3.jpg\" alt=\"Luxury\u2002leather lipstick tube\" width=\"750\" height=\"750\" srcset=\"https:\/\/www.alovey.com\/wp-content\/uploads\/2026\/02\/Custom-Luxury-Leather-Lipstick-Tube-With-Tall-Slim-3.jpg 750w, https:\/\/www.alovey.com\/wp-content\/uploads\/2026\/02\/Custom-Luxury-Leather-Lipstick-Tube-With-Tall-Slim-3-300x300.jpg 300w, https:\/\/www.alovey.com\/wp-content\/uploads\/2026\/02\/Custom-Luxury-Leather-Lipstick-Tube-With-Tall-Slim-3-150x150.jpg 150w, https:\/\/www.alovey.com\/wp-content\/uploads\/2026\/02\/Custom-Luxury-Leather-Lipstick-Tube-With-Tall-Slim-3-12x12.jpg 12w, https:\/\/www.alovey.com\/wp-content\/uploads\/2026\/02\/Custom-Luxury-Leather-Lipstick-Tube-With-Tall-Slim-3-600x600.jpg 600w, https:\/\/www.alovey.com\/wp-content\/uploads\/2026\/02\/Custom-Luxury-Leather-Lipstick-Tube-With-Tall-Slim-3-100x100.jpg 100w\" sizes=\"(max-width: 750px) 100vw, 750px\" \/> <img decoding=\"async\" class=\"size-full wp-image-12610\" src=\"https:\/\/www.alovey.com\/wp-content\/uploads\/2026\/02\/Custom-Luxury-Leather-Lipstick-Tube-With-Tall-Slim-2.jpg\" alt=\"Luxury\u2002leather lipstick tube\" width=\"750\" height=\"750\" srcset=\"https:\/\/www.alovey.com\/wp-content\/uploads\/2026\/02\/Custom-Luxury-Leather-Lipstick-Tube-With-Tall-Slim-2.jpg 750w, https:\/\/www.alovey.com\/wp-content\/uploads\/2026\/02\/Custom-Luxury-Leather-Lipstick-Tube-With-Tall-Slim-2-300x300.jpg 300w, https:\/\/www.alovey.com\/wp-content\/uploads\/2026\/02\/Custom-Luxury-Leather-Lipstick-Tube-With-Tall-Slim-2-150x150.jpg 150w, https:\/\/www.alovey.com\/wp-content\/uploads\/2026\/02\/Custom-Luxury-Leather-Lipstick-Tube-With-Tall-Slim-2-12x12.jpg 12w, https:\/\/www.alovey.com\/wp-content\/uploads\/2026\/02\/Custom-Luxury-Leather-Lipstick-Tube-With-Tall-Slim-2-600x600.jpg 600w, https:\/\/www.alovey.com\/wp-content\/uploads\/2026\/02\/Custom-Luxury-Leather-Lipstick-Tube-With-Tall-Slim-2-100x100.jpg 100w\" sizes=\"(max-width: 750px) 100vw, 750px\" \/> <img loading=\"lazy\" decoding=\"async\" class=\"size-full wp-image-12609\" src=\"https:\/\/www.alovey.com\/wp-content\/uploads\/2026\/02\/Custom-Luxury-Leather-Lipstick-Tube-With-Tall-Slim-1.jpg\" alt=\"Luxury\u2002leather lipstick tube\" width=\"750\" height=\"750\" srcset=\"https:\/\/www.alovey.com\/wp-content\/uploads\/2026\/02\/Custom-Luxury-Leather-Lipstick-Tube-With-Tall-Slim-1.jpg 750w, https:\/\/www.alovey.com\/wp-content\/uploads\/2026\/02\/Custom-Luxury-Leather-Lipstick-Tube-With-Tall-Slim-1-300x300.jpg 300w, https:\/\/www.alovey.com\/wp-content\/uploads\/2026\/02\/Custom-Luxury-Leather-Lipstick-Tube-With-Tall-Slim-1-150x150.jpg 150w, https:\/\/www.alovey.com\/wp-content\/uploads\/2026\/02\/Custom-Luxury-Leather-Lipstick-Tube-With-Tall-Slim-1-12x12.jpg 12w, https:\/\/www.alovey.com\/wp-content\/uploads\/2026\/02\/Custom-Luxury-Leather-Lipstick-Tube-With-Tall-Slim-1-600x600.jpg 600w, https:\/\/www.alovey.com\/wp-content\/uploads\/2026\/02\/Custom-Luxury-Leather-Lipstick-Tube-With-Tall-Slim-1-100x100.jpg 100w\" sizes=\"(max-width: 750px) 100vw, 750px\" \/> <img loading=\"lazy\" decoding=\"async\" class=\"size-full wp-image-12607\" src=\"https:\/\/www.alovey.com\/wp-content\/uploads\/2026\/02\/Custom-Luxury-Leather-Lipstick-Tube-With-Tall-Slim-5.jpg\" alt=\"Luxury\u2002leather lipstick tube\" width=\"750\" height=\"750\" srcset=\"https:\/\/www.alovey.com\/wp-content\/uploads\/2026\/02\/Custom-Luxury-Leather-Lipstick-Tube-With-Tall-Slim-5.jpg 750w, https:\/\/www.alovey.com\/wp-content\/uploads\/2026\/02\/Custom-Luxury-Leather-Lipstick-Tube-With-Tall-Slim-5-300x300.jpg 300w, https:\/\/www.alovey.com\/wp-content\/uploads\/2026\/02\/Custom-Luxury-Leather-Lipstick-Tube-With-Tall-Slim-5-150x150.jpg 150w, https:\/\/www.alovey.com\/wp-content\/uploads\/2026\/02\/Custom-Luxury-Leather-Lipstick-Tube-With-Tall-Slim-5-12x12.jpg 12w, https:\/\/www.alovey.com\/wp-content\/uploads\/2026\/02\/Custom-Luxury-Leather-Lipstick-Tube-With-Tall-Slim-5-600x600.jpg 600w, https:\/\/www.alovey.com\/wp-content\/uploads\/2026\/02\/Custom-Luxury-Leather-Lipstick-Tube-With-Tall-Slim-5-100x100.jpg 100w\" sizes=\"(max-width: 750px) 100vw, 750px\" \/><\/p>\n<p><img loading=\"lazy\" decoding=\"async\" class=\"alignnone size-full wp-image-12608\" src=\"https:\/\/www.alovey.com\/wp-content\/uploads\/2026\/02\/Custom-Luxury-Leather-Lipstick-Tube-With-Tall-Slim-6.jpg\" alt=\"\" width=\"750\" height=\"750\" srcset=\"https:\/\/www.alovey.com\/wp-content\/uploads\/2026\/02\/Custom-Luxury-Leather-Lipstick-Tube-With-Tall-Slim-6.jpg 750w, https:\/\/www.alovey.com\/wp-content\/uploads\/2026\/02\/Custom-Luxury-Leather-Lipstick-Tube-With-Tall-Slim-6-300x300.jpg 300w, https:\/\/www.alovey.com\/wp-content\/uploads\/2026\/02\/Custom-Luxury-Leather-Lipstick-Tube-With-Tall-Slim-6-150x150.jpg 150w, https:\/\/www.alovey.com\/wp-content\/uploads\/2026\/02\/Custom-Luxury-Leather-Lipstick-Tube-With-Tall-Slim-6-12x12.jpg 12w, https:\/\/www.alovey.com\/wp-content\/uploads\/2026\/02\/Custom-Luxury-Leather-Lipstick-Tube-With-Tall-Slim-6-600x600.jpg 600w, https:\/\/www.alovey.com\/wp-content\/uploads\/2026\/02\/Custom-Luxury-Leather-Lipstick-Tube-With-Tall-Slim-6-100x100.jpg 100w\" sizes=\"(max-width: 750px) 100vw, 750px\" \/><\/p>\n<p>&nbsp;<\/p>\n<p>&nbsp;<\/p>\n<p>&nbsp;<\/p>\n<p>&nbsp;<\/p>\n<p>&nbsp;<\/p>\n<p>&nbsp;<\/p>\n<p>&nbsp;<\/p>\n<p>&nbsp;<\/p>\n<p>&nbsp;<\/p>\n<p>&nbsp;<\/p>\n<p>&nbsp;<\/p>\n<p>&nbsp;<\/p>\n<p>&nbsp;<\/p>\n<p>&nbsp;<\/p>\n<p>&nbsp;<\/p>\n<p>&nbsp;<\/p>\n<p>&nbsp;<\/p>\n<p>&nbsp;<\/p>\n<p>&nbsp;<\/p>\n<p>&nbsp;<\/p>\n<p>&nbsp;<\/p>\n<p>&nbsp;<\/p>\n<p>&nbsp;<\/p>\n<p>&nbsp;<\/p>\n<p>&nbsp;<\/p>\n<p>&nbsp;<\/p>\n<p>&nbsp;<\/p>\n<p>&nbsp;<\/p>\n<p>&nbsp;<\/p>\n<p>&nbsp;<\/p>\n<p>&nbsp;<\/p>\n<p>&nbsp;<\/p>\n<p>&nbsp;<\/p>\n<p>&nbsp;<\/p>\n<p>&nbsp;<\/p>\n<p>&nbsp;<\/p>\n<p>&nbsp;<\/p>\n<p>&nbsp;<\/p>\n<p>&nbsp;<\/p>\n<p>&nbsp;<\/p>\n<p>&nbsp;<\/p>\n<p>&nbsp;<\/p>\n<p>&nbsp;<\/p>\n<p>&nbsp;<\/p>\n<p>&nbsp;<\/p>\n<p>&nbsp;<\/p>\n<p>&nbsp;<\/p>\n<p>&nbsp;<\/p>\n<p>&nbsp;<\/p>\n<p>&nbsp;<\/p>\n<p>&nbsp;<\/p>\n<p>&nbsp;<\/p>\n<p>&nbsp;<\/p>\n<p>&nbsp;<\/p>\n<p>&nbsp;<\/p>\n<p>&nbsp;<\/p>\n<p>&nbsp;<\/p>\n<p>&nbsp;<\/p>\n<p>&nbsp;<\/p>\n<p>&nbsp;<\/p>\n<p>&nbsp;<\/p>\n<p>&nbsp;<\/p>\n<p>&nbsp;<\/p>\n<p>&nbsp;<\/p>\n<p>&nbsp;<\/p>\n<p>&nbsp;<\/p>\n<p>&nbsp;<\/p>\n<p>&nbsp;<\/p>\n<p>&nbsp;<\/p>\n<p>&nbsp;<\/p>\n<p>&nbsp;<\/p>\n<p>&nbsp;<\/p>\n<p>&nbsp;<\/p>\n<p>&nbsp;<\/p>\n<p>&nbsp;<\/p>\n<p>&nbsp;<\/p>\n<p>&nbsp;<\/p>\n<p>&nbsp;<\/p>\n<p>&nbsp;<\/p>\n<p>&nbsp;<\/p>\n<p>&nbsp;<\/p>\n<p>&nbsp;<\/p>\n<p>&nbsp;<\/p>\n<p>&nbsp;<\/p>\n<p>&nbsp;<\/p>\n<p>&nbsp;<\/p>\n<p>&nbsp;<\/p>\n<p>&nbsp;<\/p>\n<p>&nbsp;<\/p>\n<p>&nbsp;<\/p>\n<p>&nbsp;<\/p>\n<p>&nbsp;<\/p>\n<p>&nbsp;<\/p>\n<p>&nbsp;<\/p>\n<p>&nbsp;<\/p>\n<p>&nbsp;<\/p>\n<p>&nbsp;<\/p>\n<p>&nbsp;<\/p>\n<p>&nbsp;<\/p>\n<p>&nbsp;<\/p>\n<p>&nbsp;<\/p>\n<p>&nbsp;<\/p>\n<p>&nbsp;<\/p>\n<p>&nbsp;<\/p>\n<p>&nbsp;<\/p>\n<p>&nbsp;<\/p>\n<p>&nbsp;<\/p>\n<p>&nbsp;<\/p>\n<p>&nbsp;<\/p>\n<p>&nbsp;<\/p>\n<p>&nbsp;<\/p>\n<p>&nbsp;<\/p>\n<p>&nbsp;<\/p>\n<p>&nbsp;<\/p>\n<p>&nbsp;<\/p>","protected":false},"excerpt":{"rendered":"<ul>\n<li>Item No: LS-P0602A<\/li>\n<li>Material: Pl\u00e1stico<\/li>\n<li>Size:D14*H116.5MM<\/li>\n<li>Aplica\u00e7\u00f5es: Produtos de beleza<\/li>\n<li>MOQ: 12.000 unidades<\/li>\n<li>Cor: cor personalizada<\/li>\n<li>Tratamento de superf\u00edcie: Inje\u00e7\u00e3o\/Matte\/Metaliza\u00e7\u00e3o\/Revestimento UV<\/li>\n<li>Nome da marca: OEM\/ODM<\/li>\n<li>Logotipo: Logotipo do cliente<\/li>\n<li>Capacidade de fornecimento: 100.000 pe\u00e7as por m\u00eas<\/li>\n<\/ul>\n<p>&nbsp;<\/p>\n<p>&nbsp;<\/p>\n<p>&nbsp;<\/p>","protected":false},"featured_media":12610,"template":"","meta":{"_acf_changed":false},"product_brand":[],"product_cat":[373],"product_tag":[389],"class_list":{"0":"post-12606","1":"product","2":"type-product","3":"status-publish","4":"has-post-thumbnail","6":"product_cat-professional-lipstick-tube-supplier","7":"product_tag-lip-stick-tube","9":"first","10":"instock","11":"shipping-taxable","12":"product-type-simple"},"acf":[],"yoast_head":"<!-- This site is optimized with the Yoast SEO plugin v24.1 - https:\/\/yoast.com\/wordpress\/plugins\/seo\/ -->\n<title>Custom Luxury Leather Lipstick Tube With Tall Slim<\/title>\n<meta name=\"description\" content=\"This luxury leather lipstick tube is tall and slim , with PU leather decoration and premium look, making it ideal for high-end cosmetic brands.\" \/>\n<meta name=\"robots\" content=\"index, follow, max-snippet:-1, max-image-preview:large, max-video-preview:-1\" \/>\n<link rel=\"canonical\" href=\"https:\/\/www.alovey.com\/pt\/produto\/custom-luxury-leather-lipstick-tube-with-tall-slim\/\" \/>\n<meta property=\"og:locale\" content=\"pt_BR\" \/>\n<meta property=\"og:type\" content=\"article\" \/>\n<meta property=\"og:title\" content=\"Custom Luxury Leather Lipstick Tube With Tall Slim\" \/>\n<meta property=\"og:description\" content=\"This luxury leather lipstick tube is tall and slim , with PU leather decoration and premium look, making it ideal for high-end cosmetic brands.\" \/>\n<meta property=\"og:url\" content=\"https:\/\/www.alovey.com\/pt\/produto\/custom-luxury-leather-lipstick-tube-with-tall-slim\/\" \/>\n<meta property=\"og:site_name\" content=\"Best Cosmetic Packaging Manufacture\" \/>\n<meta property=\"article:modified_time\" content=\"2026-02-27T09:25:02+00:00\" \/>\n<meta property=\"og:image\" content=\"https:\/\/www.alovey.com\/wp-content\/uploads\/2026\/02\/Custom-Luxury-Leather-Lipstick-Tube-With-Tall-Slim-2.jpg\" \/>\n\t<meta property=\"og:image:width\" content=\"750\" \/>\n\t<meta property=\"og:image:height\" content=\"750\" \/>\n\t<meta property=\"og:image:type\" content=\"image\/jpeg\" \/>\n<meta name=\"twitter:card\" content=\"summary_large_image\" \/>\n<meta name=\"twitter:label1\" content=\"Est. tempo de leitura\" \/>\n\t<meta name=\"twitter:data1\" content=\"2 minutos\" \/>\n<script type=\"application\/ld+json\" class=\"yoast-schema-graph\">{\"@context\":\"https:\/\/schema.org\",\"@graph\":[{\"@type\":\"WebPage\",\"@id\":\"https:\/\/www.alovey.com\/product\/custom-luxury-leather-lipstick-tube-with-tall-slim\/\",\"url\":\"https:\/\/www.alovey.com\/product\/custom-luxury-leather-lipstick-tube-with-tall-slim\/\",\"name\":\"Custom Luxury Leather Lipstick Tube With Tall Slim\",\"isPartOf\":{\"@id\":\"https:\/\/www.alovey.com\/#website\"},\"primaryImageOfPage\":{\"@id\":\"https:\/\/www.alovey.com\/product\/custom-luxury-leather-lipstick-tube-with-tall-slim\/#primaryimage\"},\"image\":{\"@id\":\"https:\/\/www.alovey.com\/product\/custom-luxury-leather-lipstick-tube-with-tall-slim\/#primaryimage\"},\"thumbnailUrl\":\"https:\/\/www.alovey.com\/wp-content\/uploads\/2026\/02\/Custom-Luxury-Leather-Lipstick-Tube-With-Tall-Slim-2.jpg\",\"datePublished\":\"2026-02-27T07:50:45+00:00\",\"dateModified\":\"2026-02-27T09:25:02+00:00\",\"description\":\"This luxury leather lipstick tube is tall and slim , with PU leather decoration and premium look, making it ideal for high-end cosmetic brands.\",\"breadcrumb\":{\"@id\":\"https:\/\/www.alovey.com\/product\/custom-luxury-leather-lipstick-tube-with-tall-slim\/#breadcrumb\"},\"inLanguage\":\"pt-BR\",\"potentialAction\":[{\"@type\":\"ReadAction\",\"target\":[\"https:\/\/www.alovey.com\/product\/custom-luxury-leather-lipstick-tube-with-tall-slim\/\"]}]},{\"@type\":\"ImageObject\",\"inLanguage\":\"pt-BR\",\"@id\":\"https:\/\/www.alovey.com\/product\/custom-luxury-leather-lipstick-tube-with-tall-slim\/#primaryimage\",\"url\":\"https:\/\/www.alovey.com\/wp-content\/uploads\/2026\/02\/Custom-Luxury-Leather-Lipstick-Tube-With-Tall-Slim-2.jpg\",\"contentUrl\":\"https:\/\/www.alovey.com\/wp-content\/uploads\/2026\/02\/Custom-Luxury-Leather-Lipstick-Tube-With-Tall-Slim-2.jpg\",\"width\":750,\"height\":750,\"caption\":\"Custom Luxury Leather Lipstick Tube With Tall Slim\"},{\"@type\":\"BreadcrumbList\",\"@id\":\"https:\/\/www.alovey.com\/product\/custom-luxury-leather-lipstick-tube-with-tall-slim\/#breadcrumb\",\"itemListElement\":[{\"@type\":\"ListItem\",\"position\":1,\"name\":\"\u9996\u9875\",\"item\":\"https:\/\/www.alovey.com\/\"},{\"@type\":\"ListItem\",\"position\":2,\"name\":\"Products\",\"item\":\"https:\/\/www.alovey.com\/products\/\"},{\"@type\":\"ListItem\",\"position\":3,\"name\":\"Custom Luxury Leather Lipstick Tube With Tall Slim\"}]},{\"@type\":\"WebSite\",\"@id\":\"https:\/\/www.alovey.com\/#website\",\"url\":\"https:\/\/www.alovey.com\/\",\"name\":\"Best Cosmetic Packaging Manufacture\",\"description\":\"Alovey Cosmetic Packaging Co.,Ltd\",\"publisher\":{\"@id\":\"https:\/\/www.alovey.com\/#organization\"},\"potentialAction\":[{\"@type\":\"SearchAction\",\"target\":{\"@type\":\"EntryPoint\",\"urlTemplate\":\"https:\/\/www.alovey.com\/?s={search_term_string}\"},\"query-input\":{\"@type\":\"PropertyValueSpecification\",\"valueRequired\":true,\"valueName\":\"search_term_string\"}}],\"inLanguage\":\"pt-BR\"},{\"@type\":\"Organization\",\"@id\":\"https:\/\/www.alovey.com\/#organization\",\"name\":\"Best Cosmetic Packaging Manufacture\",\"url\":\"https:\/\/www.alovey.com\/\",\"logo\":{\"@type\":\"ImageObject\",\"inLanguage\":\"pt-BR\",\"@id\":\"https:\/\/www.alovey.com\/#\/schema\/logo\/image\/\",\"url\":\"https:\/\/www.alovey.com\/wp-content\/uploads\/2023\/03\/logo.png\",\"contentUrl\":\"https:\/\/www.alovey.com\/wp-content\/uploads\/2023\/03\/logo.png\",\"width\":505,\"height\":180,\"caption\":\"Best  Cosmetic Packaging Manufacture\"},\"image\":{\"@id\":\"https:\/\/www.alovey.com\/#\/schema\/logo\/image\/\"}}]}<\/script>\n<!-- \/ Yoast SEO plugin. -->","yoast_head_json":{"title":"Custom Luxury Leather Lipstick Tube With Tall Slim","description":"This luxury leather lipstick tube is tall and slim , with PU leather decoration and premium look, making it ideal for high-end cosmetic brands.","robots":{"index":"index","follow":"follow","max-snippet":"max-snippet:-1","max-image-preview":"max-image-preview:large","max-video-preview":"max-video-preview:-1"},"canonical":"https:\/\/www.alovey.com\/pt\/produto\/custom-luxury-leather-lipstick-tube-with-tall-slim\/","og_locale":"pt_BR","og_type":"article","og_title":"Custom Luxury Leather Lipstick Tube With Tall Slim","og_description":"This luxury leather lipstick tube is tall and slim , with PU leather decoration and premium look, making it ideal for high-end cosmetic brands.","og_url":"https:\/\/www.alovey.com\/pt\/produto\/custom-luxury-leather-lipstick-tube-with-tall-slim\/","og_site_name":"Best Cosmetic Packaging Manufacture","article_modified_time":"2026-02-27T09:25:02+00:00","og_image":[{"width":750,"height":750,"url":"https:\/\/www.alovey.com\/wp-content\/uploads\/2026\/02\/Custom-Luxury-Leather-Lipstick-Tube-With-Tall-Slim-2.jpg","type":"image\/jpeg"}],"twitter_card":"summary_large_image","twitter_misc":{"Est. tempo de leitura":"2 minutos"},"schema":{"@context":"https:\/\/schema.org","@graph":[{"@type":"WebPage","@id":"https:\/\/www.alovey.com\/product\/custom-luxury-leather-lipstick-tube-with-tall-slim\/","url":"https:\/\/www.alovey.com\/product\/custom-luxury-leather-lipstick-tube-with-tall-slim\/","name":"Custom Luxury Leather Lipstick Tube With Tall Slim","isPartOf":{"@id":"https:\/\/www.alovey.com\/#website"},"primaryImageOfPage":{"@id":"https:\/\/www.alovey.com\/product\/custom-luxury-leather-lipstick-tube-with-tall-slim\/#primaryimage"},"image":{"@id":"https:\/\/www.alovey.com\/product\/custom-luxury-leather-lipstick-tube-with-tall-slim\/#primaryimage"},"thumbnailUrl":"https:\/\/www.alovey.com\/wp-content\/uploads\/2026\/02\/Custom-Luxury-Leather-Lipstick-Tube-With-Tall-Slim-2.jpg","datePublished":"2026-02-27T07:50:45+00:00","dateModified":"2026-02-27T09:25:02+00:00","description":"This luxury leather lipstick tube is tall and slim , with PU leather decoration and premium look, making it ideal for high-end cosmetic brands.","breadcrumb":{"@id":"https:\/\/www.alovey.com\/product\/custom-luxury-leather-lipstick-tube-with-tall-slim\/#breadcrumb"},"inLanguage":"pt-BR","potentialAction":[{"@type":"ReadAction","target":["https:\/\/www.alovey.com\/product\/custom-luxury-leather-lipstick-tube-with-tall-slim\/"]}]},{"@type":"ImageObject","inLanguage":"pt-BR","@id":"https:\/\/www.alovey.com\/product\/custom-luxury-leather-lipstick-tube-with-tall-slim\/#primaryimage","url":"https:\/\/www.alovey.com\/wp-content\/uploads\/2026\/02\/Custom-Luxury-Leather-Lipstick-Tube-With-Tall-Slim-2.jpg","contentUrl":"https:\/\/www.alovey.com\/wp-content\/uploads\/2026\/02\/Custom-Luxury-Leather-Lipstick-Tube-With-Tall-Slim-2.jpg","width":750,"height":750,"caption":"Custom Luxury Leather Lipstick Tube With Tall Slim"},{"@type":"BreadcrumbList","@id":"https:\/\/www.alovey.com\/product\/custom-luxury-leather-lipstick-tube-with-tall-slim\/#breadcrumb","itemListElement":[{"@type":"ListItem","position":1,"name":"\u9996\u9875","item":"https:\/\/www.alovey.com\/"},{"@type":"ListItem","position":2,"name":"Products","item":"https:\/\/www.alovey.com\/products\/"},{"@type":"ListItem","position":3,"name":"Custom Luxury Leather Lipstick Tube With Tall Slim"}]},{"@type":"WebSite","@id":"https:\/\/www.alovey.com\/#website","url":"https:\/\/www.alovey.com\/","name":"Best Cosmetic Packaging Manufacture","description":"Alovey Cosmetic Packaging Co.,Ltd","publisher":{"@id":"https:\/\/www.alovey.com\/#organization"},"potentialAction":[{"@type":"SearchAction","target":{"@type":"EntryPoint","urlTemplate":"https:\/\/www.alovey.com\/?s={search_term_string}"},"query-input":{"@type":"PropertyValueSpecification","valueRequired":true,"valueName":"search_term_string"}}],"inLanguage":"pt-BR"},{"@type":"Organization","@id":"https:\/\/www.alovey.com\/#organization","name":"Best Cosmetic Packaging Manufacture","url":"https:\/\/www.alovey.com\/","logo":{"@type":"ImageObject","inLanguage":"pt-BR","@id":"https:\/\/www.alovey.com\/#\/schema\/logo\/image\/","url":"https:\/\/www.alovey.com\/wp-content\/uploads\/2023\/03\/logo.png","contentUrl":"https:\/\/www.alovey.com\/wp-content\/uploads\/2023\/03\/logo.png","width":505,"height":180,"caption":"Best  Cosmetic Packaging Manufacture"},"image":{"@id":"https:\/\/www.alovey.com\/#\/schema\/logo\/image\/"}}]}},"_links":{"self":[{"href":"https:\/\/www.alovey.com\/pt\/wp-json\/wp\/v2\/product\/12606"}],"collection":[{"href":"https:\/\/www.alovey.com\/pt\/wp-json\/wp\/v2\/product"}],"about":[{"href":"https:\/\/www.alovey.com\/pt\/wp-json\/wp\/v2\/types\/product"}],"wp:featuredmedia":[{"embeddable":true,"href":"https:\/\/www.alovey.com\/pt\/wp-json\/wp\/v2\/media\/12610"}],"wp:attachment":[{"href":"https:\/\/www.alovey.com\/pt\/wp-json\/wp\/v2\/media?parent=12606"}],"wp:term":[{"taxonomy":"product_brand","embeddable":true,"href":"https:\/\/www.alovey.com\/pt\/wp-json\/wp\/v2\/product_brand?post=12606"},{"taxonomy":"product_cat","embeddable":true,"href":"https:\/\/www.alovey.com\/pt\/wp-json\/wp\/v2\/product_cat?post=12606"},{"taxonomy":"product_tag","embeddable":true,"href":"https:\/\/www.alovey.com\/pt\/wp-json\/wp\/v2\/product_tag?post=12606"}],"curies":[{"name":"wp","href":"https:\/\/api.w.org\/{rel}","templated":true}]}}