{"id":12591,"date":"2026-02-13T06:09:24","date_gmt":"2026-02-13T06:09:24","guid":{"rendered":"https:\/\/www.alovey.com\/?post_type=product&#038;p=12591"},"modified":"2026-02-13T06:15:48","modified_gmt":"2026-02-13T06:15:48","slug":"custom-vintage-lipstick-tubes-with-triangle-shape","status":"publish","type":"product","link":"https:\/\/www.alovey.com\/pt\/produto\/custom-vintage-lipstick-tubes-with-triangle-shape\/","title":{"rendered":"Custom Vintage Lipstick Tubes with Triangle Shape"},"content":{"rendered":"<p><strong>The vintage lipstick tubes with triangle\u00a0shaped\u00a0combines innovative design with functional elegance. Its triangle shape and metallic gradient finish\u00a0create a striking, vintage-inspired look that stands out on shelves and enhances brand identity.<\/strong><\/p>\n<p><strong>The vintage lipstick tubes\u00a0feature\u00a0\u00a0an angled, beveled opening\u00a0that is ergonomically designed to follow the natural curve of the lips, allowing for smooth, precise, and even application\u00a0of lip color or lip balm.<\/strong><\/p>\n<p><strong>This thoughtful design reduces the need for additional tools such as brushes, minimizes product waste, and ensures a professional finish every time.<\/strong><\/p>\n<p><strong>Crafted from high-quality materials, these lipstick tubes are durable, lightweight, and compatible with a variety of lipstick formulations, making them ideal for custom lipstick brands, private label products, OEM\/ODM production, and limited-edition collections.<\/strong><\/p>\n<p><strong>With their combination of aesthetic appeal and practical functionality, these triangle-shaped metallic gradient lipstick tubes\u00a0are perfect for brands looking to elevate user experience, create memorable packaging, and stand out in a competitive cosmetics market.<\/strong><\/p>\n<p><strong>A Alovey, como fabricante profissional chinesa de embalagens para cosm\u00e9ticos, produz uma linha requintada de embalagens personalizadas para cosm\u00e9ticos, meticulosamente elaboradas para elevar sua marca. Nossa sele\u00e7\u00e3o diversificada de materiais premium, combinada com t\u00e9cnicas delicadas de acabamento de superf\u00edcie, como impress\u00e3o em tela de seda, hot stamping e pulveriza\u00e7\u00e3o fosca, garante que cada embalagem seja uma obra-prima exclusiva.<\/strong><\/p>\n<figure id=\"attachment_12596\" aria-describedby=\"caption-attachment-12596\" style=\"width: 750px\" class=\"wp-caption alignnone\"><img fetchpriority=\"high\" decoding=\"async\" class=\"size-full wp-image-12596\" src=\"https:\/\/www.alovey.com\/wp-content\/uploads\/2026\/02\/3.jpg\" alt=\"Vintage Lipstick tubes\" width=\"750\" height=\"750\" srcset=\"https:\/\/www.alovey.com\/wp-content\/uploads\/2026\/02\/3.jpg 750w, https:\/\/www.alovey.com\/wp-content\/uploads\/2026\/02\/3-300x300.jpg 300w, https:\/\/www.alovey.com\/wp-content\/uploads\/2026\/02\/3-150x150.jpg 150w, https:\/\/www.alovey.com\/wp-content\/uploads\/2026\/02\/3-12x12.jpg 12w, https:\/\/www.alovey.com\/wp-content\/uploads\/2026\/02\/3-600x600.jpg 600w, https:\/\/www.alovey.com\/wp-content\/uploads\/2026\/02\/3-100x100.jpg 100w\" sizes=\"(max-width: 750px) 100vw, 750px\" \/><figcaption id=\"caption-attachment-12596\" class=\"wp-caption-text\">\u00a0<\/figcaption><\/figure>\n<figure id=\"attachment_12595\" aria-describedby=\"caption-attachment-12595\" style=\"width: 750px\" class=\"wp-caption alignnone\"><img decoding=\"async\" class=\"size-full wp-image-12595\" src=\"https:\/\/www.alovey.com\/wp-content\/uploads\/2026\/02\/2.jpg\" alt=\"Vintage Lipstick tubes\" width=\"750\" height=\"750\" srcset=\"https:\/\/www.alovey.com\/wp-content\/uploads\/2026\/02\/2.jpg 750w, https:\/\/www.alovey.com\/wp-content\/uploads\/2026\/02\/2-300x300.jpg 300w, https:\/\/www.alovey.com\/wp-content\/uploads\/2026\/02\/2-150x150.jpg 150w, https:\/\/www.alovey.com\/wp-content\/uploads\/2026\/02\/2-12x12.jpg 12w, https:\/\/www.alovey.com\/wp-content\/uploads\/2026\/02\/2-600x600.jpg 600w, https:\/\/www.alovey.com\/wp-content\/uploads\/2026\/02\/2-100x100.jpg 100w\" sizes=\"(max-width: 750px) 100vw, 750px\" \/><figcaption id=\"caption-attachment-12595\" class=\"wp-caption-text\">\u00a0<\/figcaption><\/figure>\n<figure id=\"attachment_12594\" aria-describedby=\"caption-attachment-12594\" style=\"width: 750px\" class=\"wp-caption alignnone\"><img decoding=\"async\" class=\"size-full wp-image-12594\" src=\"https:\/\/www.alovey.com\/wp-content\/uploads\/2026\/02\/1.jpg\" alt=\"Vintage Lipstick tubes\" width=\"750\" height=\"750\" srcset=\"https:\/\/www.alovey.com\/wp-content\/uploads\/2026\/02\/1.jpg 750w, https:\/\/www.alovey.com\/wp-content\/uploads\/2026\/02\/1-300x300.jpg 300w, https:\/\/www.alovey.com\/wp-content\/uploads\/2026\/02\/1-150x150.jpg 150w, https:\/\/www.alovey.com\/wp-content\/uploads\/2026\/02\/1-12x12.jpg 12w, https:\/\/www.alovey.com\/wp-content\/uploads\/2026\/02\/1-600x600.jpg 600w, https:\/\/www.alovey.com\/wp-content\/uploads\/2026\/02\/1-100x100.jpg 100w\" sizes=\"(max-width: 750px) 100vw, 750px\" \/><figcaption id=\"caption-attachment-12594\" class=\"wp-caption-text\">\u00a0<\/figcaption><\/figure>\n<figure id=\"attachment_12597\" aria-describedby=\"caption-attachment-12597\" style=\"width: 750px\" class=\"wp-caption alignnone\"><img loading=\"lazy\" decoding=\"async\" class=\"size-full wp-image-12597\" src=\"https:\/\/www.alovey.com\/wp-content\/uploads\/2026\/02\/4.jpg\" alt=\"Vintage Lipstick tubes\" width=\"750\" height=\"750\" srcset=\"https:\/\/www.alovey.com\/wp-content\/uploads\/2026\/02\/4.jpg 750w, https:\/\/www.alovey.com\/wp-content\/uploads\/2026\/02\/4-300x300.jpg 300w, https:\/\/www.alovey.com\/wp-content\/uploads\/2026\/02\/4-150x150.jpg 150w, https:\/\/www.alovey.com\/wp-content\/uploads\/2026\/02\/4-12x12.jpg 12w, https:\/\/www.alovey.com\/wp-content\/uploads\/2026\/02\/4-600x600.jpg 600w, https:\/\/www.alovey.com\/wp-content\/uploads\/2026\/02\/4-100x100.jpg 100w\" sizes=\"(max-width: 750px) 100vw, 750px\" \/><figcaption id=\"caption-attachment-12597\" class=\"wp-caption-text\">\u00a0<\/figcaption><\/figure>\n<figure id=\"attachment_12592\" aria-describedby=\"caption-attachment-12592\" style=\"width: 750px\" class=\"wp-caption alignnone\"><img loading=\"lazy\" decoding=\"async\" class=\"size-full wp-image-12592\" src=\"https:\/\/www.alovey.com\/wp-content\/uploads\/2026\/02\/5.jpg\" alt=\"Vintage Lipstick tubes\" width=\"750\" height=\"750\" srcset=\"https:\/\/www.alovey.com\/wp-content\/uploads\/2026\/02\/5.jpg 750w, https:\/\/www.alovey.com\/wp-content\/uploads\/2026\/02\/5-300x300.jpg 300w, https:\/\/www.alovey.com\/wp-content\/uploads\/2026\/02\/5-150x150.jpg 150w, https:\/\/www.alovey.com\/wp-content\/uploads\/2026\/02\/5-12x12.jpg 12w, https:\/\/www.alovey.com\/wp-content\/uploads\/2026\/02\/5-600x600.jpg 600w, https:\/\/www.alovey.com\/wp-content\/uploads\/2026\/02\/5-100x100.jpg 100w\" sizes=\"(max-width: 750px) 100vw, 750px\" \/><figcaption id=\"caption-attachment-12592\" class=\"wp-caption-text\">\u00a0<\/figcaption><\/figure>\n<figure id=\"attachment_12593\" aria-describedby=\"caption-attachment-12593\" style=\"width: 750px\" class=\"wp-caption alignnone\"><img loading=\"lazy\" decoding=\"async\" class=\"size-full wp-image-12593\" src=\"https:\/\/www.alovey.com\/wp-content\/uploads\/2026\/02\/6.jpg\" alt=\"Vintage Lipstick tubes\" width=\"750\" height=\"750\" srcset=\"https:\/\/www.alovey.com\/wp-content\/uploads\/2026\/02\/6.jpg 750w, https:\/\/www.alovey.com\/wp-content\/uploads\/2026\/02\/6-300x300.jpg 300w, https:\/\/www.alovey.com\/wp-content\/uploads\/2026\/02\/6-150x150.jpg 150w, https:\/\/www.alovey.com\/wp-content\/uploads\/2026\/02\/6-12x12.jpg 12w, https:\/\/www.alovey.com\/wp-content\/uploads\/2026\/02\/6-600x600.jpg 600w, https:\/\/www.alovey.com\/wp-content\/uploads\/2026\/02\/6-100x100.jpg 100w\" sizes=\"(max-width: 750px) 100vw, 750px\" \/><figcaption id=\"caption-attachment-12593\" class=\"wp-caption-text\">\u00a0<\/figcaption><\/figure>\n<p>&nbsp;<\/p>\n<p>&nbsp;<\/p>\n<p>&nbsp;<\/p>\n<p>&nbsp;<\/p>\n<p>&nbsp;<\/p>\n<p>&nbsp;<\/p>\n<p>&nbsp;<\/p>\n<p>&nbsp;<\/p>\n<p>&nbsp;<\/p>\n<p>&nbsp;<\/p>\n<p>&nbsp;<\/p>\n<p>&nbsp;<\/p>\n<p>&nbsp;<\/p>\n<p>&nbsp;<\/p>\n<p>&nbsp;<\/p>\n<p>&nbsp;<\/p>\n<p>&nbsp;<\/p>\n<p>&nbsp;<\/p>\n<p>&nbsp;<\/p>\n<p>&nbsp;<\/p>\n<p>&nbsp;<\/p>\n<p>&nbsp;<\/p>\n<p>&nbsp;<\/p>\n<p>&nbsp;<\/p>\n<p>&nbsp;<\/p>\n<p>&nbsp;<\/p>\n<p>&nbsp;<\/p>\n<p>&nbsp;<\/p>\n<p>&nbsp;<\/p>\n<p>&nbsp;<\/p>\n<p>&nbsp;<\/p>\n<p>&nbsp;<\/p>\n<p>&nbsp;<\/p>\n<p>&nbsp;<\/p>\n<p>&nbsp;<\/p>\n<p>&nbsp;<\/p>\n<p>&nbsp;<\/p>\n<p>&nbsp;<\/p>\n<p>&nbsp;<\/p>\n<p>&nbsp;<\/p>\n<p>&nbsp;<\/p>\n<p>&nbsp;<\/p>\n<p>&nbsp;<\/p>\n<p>&nbsp;<\/p>\n<p>&nbsp;<\/p>\n<p>&nbsp;<\/p>\n<p>&nbsp;<\/p>\n<p>&nbsp;<\/p>\n<p>&nbsp;<\/p>\n<p>&nbsp;<\/p>\n<p>&nbsp;<\/p>\n<p>&nbsp;<\/p>\n<p>&nbsp;<\/p>\n<p>&nbsp;<\/p>\n<p>&nbsp;<\/p>\n<p>&nbsp;<\/p>\n<p>&nbsp;<\/p>\n<p>&nbsp;<\/p>\n<p>&nbsp;<\/p>\n<p>&nbsp;<\/p>\n<p>&nbsp;<\/p>\n<p>&nbsp;<\/p>\n<p>&nbsp;<\/p>\n<p>&nbsp;<\/p>\n<p>&nbsp;<\/p>\n<p>&nbsp;<\/p>\n<p>&nbsp;<\/p>\n<p>&nbsp;<\/p>\n<p>&nbsp;<\/p>\n<p>&nbsp;<\/p>\n<p>&nbsp;<\/p>\n<p>&nbsp;<\/p>\n<p>&nbsp;<\/p>\n<p>&nbsp;<\/p>\n<p>&nbsp;<\/p>\n<p>&nbsp;<\/p>\n<p>&nbsp;<\/p>\n<p>&nbsp;<\/p>\n<p>&nbsp;<\/p>\n<p>&nbsp;<\/p>\n<p>&nbsp;<\/p>\n<p>&nbsp;<\/p>\n<p>&nbsp;<\/p>\n<p>&nbsp;<\/p>\n<p>&nbsp;<\/p>\n<p>&nbsp;<\/p>\n<p>&nbsp;<\/p>\n<p>&nbsp;<\/p>\n<p>&nbsp;<\/p>\n<p>&nbsp;<\/p>\n<p>&nbsp;<\/p>\n<p>&nbsp;<\/p>\n<p>&nbsp;<\/p>\n<p>&nbsp;<\/p>\n<p>&nbsp;<\/p>\n<p>&nbsp;<\/p>\n<p>&nbsp;<\/p>\n<p>&nbsp;<\/p>\n<p>&nbsp;<\/p>\n<p>&nbsp;<\/p>\n<p>&nbsp;<\/p>\n<p>&nbsp;<\/p>\n<p>&nbsp;<\/p>\n<p>&nbsp;<\/p>\n<p>&nbsp;<\/p>\n<p>&nbsp;<\/p>\n<p>&nbsp;<\/p>\n<p>&nbsp;<\/p>\n<p>&nbsp;<\/p>\n<p>&nbsp;<\/p>\n<p>&nbsp;<\/p>","protected":false},"excerpt":{"rendered":"<ul>\n<li>Item No: LS-0603A<\/li>\n<li>Material: Pl\u00e1stico<\/li>\n<li>Size:\u00a0W20*H86MM<\/li>\n<li>Aplica\u00e7\u00f5es: Produtos de beleza<\/li>\n<li>MOQ: 12.000 unidades<\/li>\n<li>Cor: cor personalizada<\/li>\n<li>Tratamento de superf\u00edcie: Inje\u00e7\u00e3o\/Matte\/Metaliza\u00e7\u00e3o\/Revestimento UV<\/li>\n<li>Nome da marca: OEM\/ODM<\/li>\n<li>Logotipo: Logotipo do cliente<\/li>\n<li>Capacidade de fornecimento: 100.000 pe\u00e7as por m\u00eas<\/li>\n<\/ul>\n<p>&nbsp;<\/p>\n<p>&nbsp;<\/p>\n<p>&nbsp;<\/p>","protected":false},"featured_media":12596,"template":"","meta":{"_acf_changed":false},"product_brand":[],"product_cat":[373],"product_tag":[389,404],"class_list":{"0":"post-12591","1":"product","2":"type-product","3":"status-publish","4":"has-post-thumbnail","6":"product_cat-professional-lipstick-tube-supplier","7":"product_tag-lip-stick-tube","8":"product_tag-unique-cosmetic-packaging","10":"first","11":"instock","12":"shipping-taxable","13":"product-type-simple"},"acf":[],"yoast_head":"<!-- This site is optimized with the Yoast SEO plugin v24.1 - https:\/\/yoast.com\/wordpress\/plugins\/seo\/ -->\n<title>Custom Vintage Lipstick Tubes with Triangle Shape<\/title>\n<meta name=\"description\" content=\"Vintage lipstick tube with metallic gradient finish. Angled, beveled opening allows precise, even application .Ideal for custom lipstick products.\" \/>\n<meta name=\"robots\" content=\"index, follow, max-snippet:-1, max-image-preview:large, max-video-preview:-1\" \/>\n<link rel=\"canonical\" href=\"https:\/\/www.alovey.com\/pt\/produto\/custom-vintage-lipstick-tubes-with-triangle-shape\/\" \/>\n<meta property=\"og:locale\" content=\"pt_BR\" \/>\n<meta property=\"og:type\" content=\"article\" \/>\n<meta property=\"og:title\" content=\"Custom Vintage Lipstick Tubes with Triangle Shape\" \/>\n<meta property=\"og:description\" content=\"Vintage lipstick tube with metallic gradient finish. Angled, beveled opening allows precise, even application .Ideal for custom lipstick products.\" \/>\n<meta property=\"og:url\" content=\"https:\/\/www.alovey.com\/pt\/produto\/custom-vintage-lipstick-tubes-with-triangle-shape\/\" \/>\n<meta property=\"og:site_name\" content=\"Best Cosmetic Packaging Manufacture\" \/>\n<meta property=\"article:modified_time\" content=\"2026-02-13T06:15:48+00:00\" \/>\n<meta property=\"og:image\" content=\"https:\/\/www.alovey.com\/wp-content\/uploads\/2026\/02\/3.jpg\" \/>\n\t<meta property=\"og:image:width\" content=\"750\" \/>\n\t<meta property=\"og:image:height\" content=\"750\" \/>\n\t<meta property=\"og:image:type\" content=\"image\/jpeg\" \/>\n<meta name=\"twitter:card\" content=\"summary_large_image\" \/>\n<meta name=\"twitter:label1\" content=\"Est. tempo de leitura\" \/>\n\t<meta name=\"twitter:data1\" content=\"3 minutos\" \/>\n<script type=\"application\/ld+json\" class=\"yoast-schema-graph\">{\"@context\":\"https:\/\/schema.org\",\"@graph\":[{\"@type\":\"WebPage\",\"@id\":\"https:\/\/www.alovey.com\/product\/custom-vintage-lipstick-tubes-with-triangle-shape\/\",\"url\":\"https:\/\/www.alovey.com\/product\/custom-vintage-lipstick-tubes-with-triangle-shape\/\",\"name\":\"Custom Vintage Lipstick Tubes with Triangle Shape\",\"isPartOf\":{\"@id\":\"https:\/\/www.alovey.com\/#website\"},\"primaryImageOfPage\":{\"@id\":\"https:\/\/www.alovey.com\/product\/custom-vintage-lipstick-tubes-with-triangle-shape\/#primaryimage\"},\"image\":{\"@id\":\"https:\/\/www.alovey.com\/product\/custom-vintage-lipstick-tubes-with-triangle-shape\/#primaryimage\"},\"thumbnailUrl\":\"https:\/\/www.alovey.com\/wp-content\/uploads\/2026\/02\/3.jpg\",\"datePublished\":\"2026-02-13T06:09:24+00:00\",\"dateModified\":\"2026-02-13T06:15:48+00:00\",\"description\":\"Vintage lipstick tube with metallic gradient finish. Angled, beveled opening allows precise, even application .Ideal for custom lipstick products.\",\"breadcrumb\":{\"@id\":\"https:\/\/www.alovey.com\/product\/custom-vintage-lipstick-tubes-with-triangle-shape\/#breadcrumb\"},\"inLanguage\":\"pt-BR\",\"potentialAction\":[{\"@type\":\"ReadAction\",\"target\":[\"https:\/\/www.alovey.com\/product\/custom-vintage-lipstick-tubes-with-triangle-shape\/\"]}]},{\"@type\":\"ImageObject\",\"inLanguage\":\"pt-BR\",\"@id\":\"https:\/\/www.alovey.com\/product\/custom-vintage-lipstick-tubes-with-triangle-shape\/#primaryimage\",\"url\":\"https:\/\/www.alovey.com\/wp-content\/uploads\/2026\/02\/3.jpg\",\"contentUrl\":\"https:\/\/www.alovey.com\/wp-content\/uploads\/2026\/02\/3.jpg\",\"width\":750,\"height\":750,\"caption\":\"Custom Vintage Lipstick Tubes with Triangle Shape\"},{\"@type\":\"BreadcrumbList\",\"@id\":\"https:\/\/www.alovey.com\/product\/custom-vintage-lipstick-tubes-with-triangle-shape\/#breadcrumb\",\"itemListElement\":[{\"@type\":\"ListItem\",\"position\":1,\"name\":\"\u9996\u9875\",\"item\":\"https:\/\/www.alovey.com\/\"},{\"@type\":\"ListItem\",\"position\":2,\"name\":\"Products\",\"item\":\"https:\/\/www.alovey.com\/products\/\"},{\"@type\":\"ListItem\",\"position\":3,\"name\":\"Custom Vintage Lipstick Tubes with Triangle Shape\"}]},{\"@type\":\"WebSite\",\"@id\":\"https:\/\/www.alovey.com\/#website\",\"url\":\"https:\/\/www.alovey.com\/\",\"name\":\"Best Cosmetic Packaging Manufacture\",\"description\":\"Alovey Cosmetic Packaging Co.,Ltd\",\"publisher\":{\"@id\":\"https:\/\/www.alovey.com\/#organization\"},\"potentialAction\":[{\"@type\":\"SearchAction\",\"target\":{\"@type\":\"EntryPoint\",\"urlTemplate\":\"https:\/\/www.alovey.com\/?s={search_term_string}\"},\"query-input\":{\"@type\":\"PropertyValueSpecification\",\"valueRequired\":true,\"valueName\":\"search_term_string\"}}],\"inLanguage\":\"pt-BR\"},{\"@type\":\"Organization\",\"@id\":\"https:\/\/www.alovey.com\/#organization\",\"name\":\"Best Cosmetic Packaging Manufacture\",\"url\":\"https:\/\/www.alovey.com\/\",\"logo\":{\"@type\":\"ImageObject\",\"inLanguage\":\"pt-BR\",\"@id\":\"https:\/\/www.alovey.com\/#\/schema\/logo\/image\/\",\"url\":\"https:\/\/www.alovey.com\/wp-content\/uploads\/2023\/03\/logo.png\",\"contentUrl\":\"https:\/\/www.alovey.com\/wp-content\/uploads\/2023\/03\/logo.png\",\"width\":505,\"height\":180,\"caption\":\"Best  Cosmetic Packaging Manufacture\"},\"image\":{\"@id\":\"https:\/\/www.alovey.com\/#\/schema\/logo\/image\/\"}}]}<\/script>\n<!-- \/ Yoast SEO plugin. -->","yoast_head_json":{"title":"Custom Vintage Lipstick Tubes with Triangle Shape","description":"Vintage lipstick tube with metallic gradient finish. Angled, beveled opening allows precise, even application .Ideal for custom lipstick products.","robots":{"index":"index","follow":"follow","max-snippet":"max-snippet:-1","max-image-preview":"max-image-preview:large","max-video-preview":"max-video-preview:-1"},"canonical":"https:\/\/www.alovey.com\/pt\/produto\/custom-vintage-lipstick-tubes-with-triangle-shape\/","og_locale":"pt_BR","og_type":"article","og_title":"Custom Vintage Lipstick Tubes with Triangle Shape","og_description":"Vintage lipstick tube with metallic gradient finish. Angled, beveled opening allows precise, even application .Ideal for custom lipstick products.","og_url":"https:\/\/www.alovey.com\/pt\/produto\/custom-vintage-lipstick-tubes-with-triangle-shape\/","og_site_name":"Best Cosmetic Packaging Manufacture","article_modified_time":"2026-02-13T06:15:48+00:00","og_image":[{"width":750,"height":750,"url":"https:\/\/www.alovey.com\/wp-content\/uploads\/2026\/02\/3.jpg","type":"image\/jpeg"}],"twitter_card":"summary_large_image","twitter_misc":{"Est. tempo de leitura":"3 minutos"},"schema":{"@context":"https:\/\/schema.org","@graph":[{"@type":"WebPage","@id":"https:\/\/www.alovey.com\/product\/custom-vintage-lipstick-tubes-with-triangle-shape\/","url":"https:\/\/www.alovey.com\/product\/custom-vintage-lipstick-tubes-with-triangle-shape\/","name":"Custom Vintage Lipstick Tubes with Triangle Shape","isPartOf":{"@id":"https:\/\/www.alovey.com\/#website"},"primaryImageOfPage":{"@id":"https:\/\/www.alovey.com\/product\/custom-vintage-lipstick-tubes-with-triangle-shape\/#primaryimage"},"image":{"@id":"https:\/\/www.alovey.com\/product\/custom-vintage-lipstick-tubes-with-triangle-shape\/#primaryimage"},"thumbnailUrl":"https:\/\/www.alovey.com\/wp-content\/uploads\/2026\/02\/3.jpg","datePublished":"2026-02-13T06:09:24+00:00","dateModified":"2026-02-13T06:15:48+00:00","description":"Vintage lipstick tube with metallic gradient finish. Angled, beveled opening allows precise, even application .Ideal for custom lipstick products.","breadcrumb":{"@id":"https:\/\/www.alovey.com\/product\/custom-vintage-lipstick-tubes-with-triangle-shape\/#breadcrumb"},"inLanguage":"pt-BR","potentialAction":[{"@type":"ReadAction","target":["https:\/\/www.alovey.com\/product\/custom-vintage-lipstick-tubes-with-triangle-shape\/"]}]},{"@type":"ImageObject","inLanguage":"pt-BR","@id":"https:\/\/www.alovey.com\/product\/custom-vintage-lipstick-tubes-with-triangle-shape\/#primaryimage","url":"https:\/\/www.alovey.com\/wp-content\/uploads\/2026\/02\/3.jpg","contentUrl":"https:\/\/www.alovey.com\/wp-content\/uploads\/2026\/02\/3.jpg","width":750,"height":750,"caption":"Custom Vintage Lipstick Tubes with Triangle Shape"},{"@type":"BreadcrumbList","@id":"https:\/\/www.alovey.com\/product\/custom-vintage-lipstick-tubes-with-triangle-shape\/#breadcrumb","itemListElement":[{"@type":"ListItem","position":1,"name":"\u9996\u9875","item":"https:\/\/www.alovey.com\/"},{"@type":"ListItem","position":2,"name":"Products","item":"https:\/\/www.alovey.com\/products\/"},{"@type":"ListItem","position":3,"name":"Custom Vintage Lipstick Tubes with Triangle Shape"}]},{"@type":"WebSite","@id":"https:\/\/www.alovey.com\/#website","url":"https:\/\/www.alovey.com\/","name":"Best Cosmetic Packaging Manufacture","description":"Alovey Cosmetic Packaging Co.,Ltd","publisher":{"@id":"https:\/\/www.alovey.com\/#organization"},"potentialAction":[{"@type":"SearchAction","target":{"@type":"EntryPoint","urlTemplate":"https:\/\/www.alovey.com\/?s={search_term_string}"},"query-input":{"@type":"PropertyValueSpecification","valueRequired":true,"valueName":"search_term_string"}}],"inLanguage":"pt-BR"},{"@type":"Organization","@id":"https:\/\/www.alovey.com\/#organization","name":"Best Cosmetic Packaging Manufacture","url":"https:\/\/www.alovey.com\/","logo":{"@type":"ImageObject","inLanguage":"pt-BR","@id":"https:\/\/www.alovey.com\/#\/schema\/logo\/image\/","url":"https:\/\/www.alovey.com\/wp-content\/uploads\/2023\/03\/logo.png","contentUrl":"https:\/\/www.alovey.com\/wp-content\/uploads\/2023\/03\/logo.png","width":505,"height":180,"caption":"Best  Cosmetic Packaging Manufacture"},"image":{"@id":"https:\/\/www.alovey.com\/#\/schema\/logo\/image\/"}}]}},"_links":{"self":[{"href":"https:\/\/www.alovey.com\/pt\/wp-json\/wp\/v2\/product\/12591"}],"collection":[{"href":"https:\/\/www.alovey.com\/pt\/wp-json\/wp\/v2\/product"}],"about":[{"href":"https:\/\/www.alovey.com\/pt\/wp-json\/wp\/v2\/types\/product"}],"wp:featuredmedia":[{"embeddable":true,"href":"https:\/\/www.alovey.com\/pt\/wp-json\/wp\/v2\/media\/12596"}],"wp:attachment":[{"href":"https:\/\/www.alovey.com\/pt\/wp-json\/wp\/v2\/media?parent=12591"}],"wp:term":[{"taxonomy":"product_brand","embeddable":true,"href":"https:\/\/www.alovey.com\/pt\/wp-json\/wp\/v2\/product_brand?post=12591"},{"taxonomy":"product_cat","embeddable":true,"href":"https:\/\/www.alovey.com\/pt\/wp-json\/wp\/v2\/product_cat?post=12591"},{"taxonomy":"product_tag","embeddable":true,"href":"https:\/\/www.alovey.com\/pt\/wp-json\/wp\/v2\/product_tag?post=12591"}],"curies":[{"name":"wp","href":"https:\/\/api.w.org\/{rel}","templated":true}]}}