{"id":12291,"date":"2025-12-26T02:55:35","date_gmt":"2025-12-26T02:55:35","guid":{"rendered":"https:\/\/www.alovey.com\/?post_type=product&#038;p=12291"},"modified":"2025-12-26T03:06:04","modified_gmt":"2025-12-26T03:06:04","slug":"unique-lipstick-tube-container-with-short-and-round-shape","status":"publish","type":"product","link":"https:\/\/www.alovey.com\/pt\/produto\/unique-lipstick-tube-container-with-short-and-round-shape\/","title":{"rendered":"Unique lipstick tube container with short and round shape"},"content":{"rendered":"<p><strong>Break away from traditional tall lipstick designs with this unique short and round lipstick tube container. Its compact, modern silhouette delivers strong visual impact while remaining practical and comfortable to use\u2014perfect for brands seeking differentiation.<\/strong><\/p>\n<h3><strong>Key Features<\/strong><\/h3>\n<p><strong>Design:\u00a0Short height + round body for a bold, distinctive look<\/strong><\/p>\n<p><strong>Style:\u00a0Modern, cute, and premium-ready<\/strong><\/p>\n<p><strong>Closure:\u00a0Secure cap fit to protect the formula<\/strong><\/p>\n<p><strong>Capacity:\u00a0Standard lipstick bullet<\/strong><\/p>\n<h3><strong>OEM \/ Customization Options<\/strong><\/h3>\n<p><strong>Custom colors (solid, gradient, transparent, frosted)<\/strong><\/p>\n<p><strong>Logo branding (hot stamping, silk screen)<\/strong><\/p>\n<p><strong>Surface finishes (glossy, matte, injection\/metalization )<\/strong><\/p>\n<p><strong>Inner cup &amp; base color matching<\/strong><\/p>\n<h3><strong>Ideal Applications<\/strong><\/h3>\n<p><strong>Bullet lipstick<\/strong><\/p>\n<p><strong>Lip balm stick<\/strong><\/p>\n<p><strong>Solid lip treatment<\/strong><\/p>\n<p><strong>Mini or limited-edition collections<\/strong><\/p>\n<h3><strong>Why Brands Choose This Tube<\/strong><\/h3>\n<p><strong>Short &amp; round shape\u00a0stands out on shelves and social media<\/strong><\/p>\n<p><strong>Comfortable grip and travel-friendly<\/strong><\/p>\n<p><strong>Suitable for indie, youth, clean beauty, and luxury brands<\/strong><\/p>\n<p><strong>OEM-ready with flexible MOQ and reliable quality<\/strong><\/p>\n<p><strong>A Alovey, como fabricante profissional chinesa de embalagens para cosm\u00e9ticos, produz uma linha requintada de embalagens personalizadas para cosm\u00e9ticos, meticulosamente elaboradas para elevar sua marca. Nossa sele\u00e7\u00e3o diversificada de materiais premium, combinada com t\u00e9cnicas delicadas de acabamento de superf\u00edcie, como impress\u00e3o em tela de seda, hot stamping e pulveriza\u00e7\u00e3o fosca, garante que cada embalagem seja uma obra-prima exclusiva.<\/strong><\/p>\n<p><img fetchpriority=\"high\" decoding=\"async\" class=\"size-full wp-image-12295\" src=\"https:\/\/www.alovey.com\/wp-content\/uploads\/2025\/12\/Unique-lipstick-tube-container-with-short-and-round-shape-3.jpg\" alt=\"lipstick tube container\" width=\"750\" height=\"750\" srcset=\"https:\/\/www.alovey.com\/wp-content\/uploads\/2025\/12\/Unique-lipstick-tube-container-with-short-and-round-shape-3.jpg 750w, https:\/\/www.alovey.com\/wp-content\/uploads\/2025\/12\/Unique-lipstick-tube-container-with-short-and-round-shape-3-300x300.jpg 300w, https:\/\/www.alovey.com\/wp-content\/uploads\/2025\/12\/Unique-lipstick-tube-container-with-short-and-round-shape-3-150x150.jpg 150w, https:\/\/www.alovey.com\/wp-content\/uploads\/2025\/12\/Unique-lipstick-tube-container-with-short-and-round-shape-3-12x12.jpg 12w, https:\/\/www.alovey.com\/wp-content\/uploads\/2025\/12\/Unique-lipstick-tube-container-with-short-and-round-shape-3-600x600.jpg 600w, https:\/\/www.alovey.com\/wp-content\/uploads\/2025\/12\/Unique-lipstick-tube-container-with-short-and-round-shape-3-100x100.jpg 100w\" sizes=\"(max-width: 750px) 100vw, 750px\" \/><\/p>\n<p><img decoding=\"async\" class=\"size-full wp-image-12293\" src=\"https:\/\/www.alovey.com\/wp-content\/uploads\/2025\/12\/Unique-lipstick-tube-container-with-short-and-round-shape-7.jpg\" alt=\"lipstick tube container\" width=\"750\" height=\"750\" srcset=\"https:\/\/www.alovey.com\/wp-content\/uploads\/2025\/12\/Unique-lipstick-tube-container-with-short-and-round-shape-7.jpg 750w, https:\/\/www.alovey.com\/wp-content\/uploads\/2025\/12\/Unique-lipstick-tube-container-with-short-and-round-shape-7-300x300.jpg 300w, https:\/\/www.alovey.com\/wp-content\/uploads\/2025\/12\/Unique-lipstick-tube-container-with-short-and-round-shape-7-150x150.jpg 150w, https:\/\/www.alovey.com\/wp-content\/uploads\/2025\/12\/Unique-lipstick-tube-container-with-short-and-round-shape-7-12x12.jpg 12w, https:\/\/www.alovey.com\/wp-content\/uploads\/2025\/12\/Unique-lipstick-tube-container-with-short-and-round-shape-7-600x600.jpg 600w, https:\/\/www.alovey.com\/wp-content\/uploads\/2025\/12\/Unique-lipstick-tube-container-with-short-and-round-shape-7-100x100.jpg 100w\" sizes=\"(max-width: 750px) 100vw, 750px\" \/><\/p>\n<p><img decoding=\"async\" class=\"size-full wp-image-12297\" src=\"https:\/\/www.alovey.com\/wp-content\/uploads\/2025\/12\/Unique-lipstick-tube-container-with-short-and-round-shape-5.jpg\" alt=\"lipstick tube container\" width=\"750\" height=\"750\" srcset=\"https:\/\/www.alovey.com\/wp-content\/uploads\/2025\/12\/Unique-lipstick-tube-container-with-short-and-round-shape-5.jpg 750w, https:\/\/www.alovey.com\/wp-content\/uploads\/2025\/12\/Unique-lipstick-tube-container-with-short-and-round-shape-5-300x300.jpg 300w, https:\/\/www.alovey.com\/wp-content\/uploads\/2025\/12\/Unique-lipstick-tube-container-with-short-and-round-shape-5-150x150.jpg 150w, https:\/\/www.alovey.com\/wp-content\/uploads\/2025\/12\/Unique-lipstick-tube-container-with-short-and-round-shape-5-12x12.jpg 12w, https:\/\/www.alovey.com\/wp-content\/uploads\/2025\/12\/Unique-lipstick-tube-container-with-short-and-round-shape-5-600x600.jpg 600w, https:\/\/www.alovey.com\/wp-content\/uploads\/2025\/12\/Unique-lipstick-tube-container-with-short-and-round-shape-5-100x100.jpg 100w\" sizes=\"(max-width: 750px) 100vw, 750px\" \/><\/p>\n<p><img loading=\"lazy\" decoding=\"async\" class=\"alignnone size-full wp-image-12296\" src=\"https:\/\/www.alovey.com\/wp-content\/uploads\/2025\/12\/Unique-lipstick-tube-container-with-short-and-round-shape-4.jpg\" alt=\"\" width=\"750\" height=\"750\" srcset=\"https:\/\/www.alovey.com\/wp-content\/uploads\/2025\/12\/Unique-lipstick-tube-container-with-short-and-round-shape-4.jpg 750w, https:\/\/www.alovey.com\/wp-content\/uploads\/2025\/12\/Unique-lipstick-tube-container-with-short-and-round-shape-4-300x300.jpg 300w, https:\/\/www.alovey.com\/wp-content\/uploads\/2025\/12\/Unique-lipstick-tube-container-with-short-and-round-shape-4-150x150.jpg 150w, https:\/\/www.alovey.com\/wp-content\/uploads\/2025\/12\/Unique-lipstick-tube-container-with-short-and-round-shape-4-12x12.jpg 12w, https:\/\/www.alovey.com\/wp-content\/uploads\/2025\/12\/Unique-lipstick-tube-container-with-short-and-round-shape-4-600x600.jpg 600w, https:\/\/www.alovey.com\/wp-content\/uploads\/2025\/12\/Unique-lipstick-tube-container-with-short-and-round-shape-4-100x100.jpg 100w\" sizes=\"(max-width: 750px) 100vw, 750px\" \/><\/p>\n<p><img loading=\"lazy\" decoding=\"async\" class=\"size-full wp-image-12292\" src=\"https:\/\/www.alovey.com\/wp-content\/uploads\/2025\/12\/Unique-lipstick-tube-container-with-short-and-round-shape-6.jpg\" alt=\"lipstick tube container\" width=\"630\" height=\"630\" srcset=\"https:\/\/www.alovey.com\/wp-content\/uploads\/2025\/12\/Unique-lipstick-tube-container-with-short-and-round-shape-6.jpg 630w, https:\/\/www.alovey.com\/wp-content\/uploads\/2025\/12\/Unique-lipstick-tube-container-with-short-and-round-shape-6-300x300.jpg 300w, https:\/\/www.alovey.com\/wp-content\/uploads\/2025\/12\/Unique-lipstick-tube-container-with-short-and-round-shape-6-150x150.jpg 150w, https:\/\/www.alovey.com\/wp-content\/uploads\/2025\/12\/Unique-lipstick-tube-container-with-short-and-round-shape-6-12x12.jpg 12w, https:\/\/www.alovey.com\/wp-content\/uploads\/2025\/12\/Unique-lipstick-tube-container-with-short-and-round-shape-6-600x600.jpg 600w, https:\/\/www.alovey.com\/wp-content\/uploads\/2025\/12\/Unique-lipstick-tube-container-with-short-and-round-shape-6-100x100.jpg 100w\" sizes=\"(max-width: 630px) 100vw, 630px\" \/><\/p>\n<p>&nbsp;<\/p>\n<p>&nbsp;<\/p>\n<p>&nbsp;<\/p>\n<p>&nbsp;<\/p>\n<p>&nbsp;<\/p>\n<p>&nbsp;<\/p>\n<p>&nbsp;<\/p>\n<p>&nbsp;<\/p>\n<p>&nbsp;<\/p>\n<p>&nbsp;<\/p>\n<p>&nbsp;<\/p>\n<p>&nbsp;<\/p>\n<p>&nbsp;<\/p>\n<p>&nbsp;<\/p>\n<p>&nbsp;<\/p>\n<p>&nbsp;<\/p>\n<p>&nbsp;<\/p>\n<p>&nbsp;<\/p>\n<p>&nbsp;<\/p>\n<p>&nbsp;<\/p>\n<p>&nbsp;<\/p>\n<p>&nbsp;<\/p>\n<p>&nbsp;<\/p>\n<p>&nbsp;<\/p>\n<p>&nbsp;<\/p>\n<p>&nbsp;<\/p>\n<p>&nbsp;<\/p>\n<p>&nbsp;<\/p>\n<p>&nbsp;<\/p>\n<p>&nbsp;<\/p>\n<p>&nbsp;<\/p>\n<p>&nbsp;<\/p>\n<p>&nbsp;<\/p>\n<p>&nbsp;<\/p>\n<p>&nbsp;<\/p>\n<p>&nbsp;<\/p>\n<p>&nbsp;<\/p>\n<p>&nbsp;<\/p>\n<p>&nbsp;<\/p>\n<p>&nbsp;<\/p>\n<p>&nbsp;<\/p>\n<p>&nbsp;<\/p>\n<p>&nbsp;<\/p>\n<p>&nbsp;<\/p>\n<p>&nbsp;<\/p>\n<p>&nbsp;<\/p>\n<p>&nbsp;<\/p>\n<p>&nbsp;<\/p>\n<p>&nbsp;<\/p>\n<p>&nbsp;<\/p>\n<p>&nbsp;<\/p>\n<p>&nbsp;<\/p>\n<p>&nbsp;<\/p>\n<p>&nbsp;<\/p>\n<p>&nbsp;<\/p>\n<p>&nbsp;<\/p>\n<p>&nbsp;<\/p>\n<p>&nbsp;<\/p>\n<p>&nbsp;<\/p>\n<p>&nbsp;<\/p>\n<p>&nbsp;<\/p>\n<p>&nbsp;<\/p>\n<p>&nbsp;<\/p>\n<p>&nbsp;<\/p>\n<p>&nbsp;<\/p>\n<p>&nbsp;<\/p>\n<p>&nbsp;<\/p>\n<p>&nbsp;<\/p>\n<p>&nbsp;<\/p>\n<p>&nbsp;<\/p>\n<p>&nbsp;<\/p>\n<p>&nbsp;<\/p>\n<p>&nbsp;<\/p>\n<p>&nbsp;<\/p>\n<p>&nbsp;<\/p>\n<p>&nbsp;<\/p>\n<p>&nbsp;<\/p>\n<p>&nbsp;<\/p>\n<p>&nbsp;<\/p>\n<p>&nbsp;<\/p>\n<p>&nbsp;<\/p>\n<p>&nbsp;<\/p>\n<p>&nbsp;<\/p>\n<p>&nbsp;<\/p>\n<p>&nbsp;<\/p>\n<p>&nbsp;<\/p>\n<p>&nbsp;<\/p>\n<p>&nbsp;<\/p>\n<p>&nbsp;<\/p>","protected":false},"excerpt":{"rendered":"<ul>\n<li>Item No: LS-0595A<\/li>\n<li>Material: Pl\u00e1stico<\/li>\n<li>Size:\u00a0D32*H64MM<\/li>\n<li>Aplica\u00e7\u00f5es: Produtos de beleza<\/li>\n<li>MOQ: 12.000 unidades<\/li>\n<li>Cor: cor personalizada<\/li>\n<li>Surface treatment: Injection\/Matte\/Materialization\/UV coating<\/li>\n<li>Nome da marca: OEM\/ODM<\/li>\n<li>Logotipo: Logotipo do cliente<\/li>\n<li>Capacidade de fornecimento: 100.000 pe\u00e7as por m\u00eas<\/li>\n<\/ul>\n<p>&nbsp;<\/p>","protected":false},"featured_media":12295,"template":"","meta":{"_acf_changed":false},"product_brand":[],"product_cat":[373],"product_tag":[389,404],"class_list":{"0":"post-12291","1":"product","2":"type-product","3":"status-publish","4":"has-post-thumbnail","6":"product_cat-professional-lipstick-tube-supplier","7":"product_tag-lip-stick-tube","8":"product_tag-unique-cosmetic-packaging","10":"first","11":"instock","12":"shipping-taxable","13":"product-type-simple"},"acf":[],"yoast_head":"<!-- This site is optimized with the Yoast SEO plugin v24.1 - https:\/\/yoast.com\/wordpress\/plugins\/seo\/ -->\n<title>Unique lipstick tube container with short and round shape<\/title>\n<meta name=\"description\" content=\"Stand out with our unique lipstick tube containe ,its compact proportions and soft curves create a premium look, ideal for brands seeking differentiation\" \/>\n<meta name=\"robots\" content=\"index, follow, max-snippet:-1, max-image-preview:large, max-video-preview:-1\" \/>\n<link rel=\"canonical\" href=\"https:\/\/www.alovey.com\/pt\/produto\/unique-lipstick-tube-container-with-short-and-round-shape\/\" \/>\n<meta property=\"og:locale\" content=\"pt_BR\" \/>\n<meta property=\"og:type\" content=\"article\" \/>\n<meta property=\"og:title\" content=\"Unique lipstick tube container with short and round shape\" \/>\n<meta property=\"og:description\" content=\"Stand out with our unique lipstick tube containe ,its compact proportions and soft curves create a premium look, ideal for brands seeking differentiation\" \/>\n<meta property=\"og:url\" content=\"https:\/\/www.alovey.com\/pt\/produto\/unique-lipstick-tube-container-with-short-and-round-shape\/\" \/>\n<meta property=\"og:site_name\" content=\"Best Cosmetic Packaging Manufacture\" \/>\n<meta property=\"article:modified_time\" content=\"2025-12-26T03:06:04+00:00\" \/>\n<meta property=\"og:image\" content=\"https:\/\/www.alovey.com\/wp-content\/uploads\/2025\/12\/Unique-lipstick-tube-container-with-short-and-round-shape-3.jpg\" \/>\n\t<meta property=\"og:image:width\" content=\"750\" \/>\n\t<meta property=\"og:image:height\" content=\"750\" \/>\n\t<meta property=\"og:image:type\" content=\"image\/jpeg\" \/>\n<meta name=\"twitter:card\" content=\"summary_large_image\" \/>\n<meta name=\"twitter:label1\" content=\"Est. tempo de leitura\" \/>\n\t<meta name=\"twitter:data1\" content=\"3 minutos\" \/>\n<script type=\"application\/ld+json\" class=\"yoast-schema-graph\">{\"@context\":\"https:\/\/schema.org\",\"@graph\":[{\"@type\":\"WebPage\",\"@id\":\"https:\/\/www.alovey.com\/product\/unique-lipstick-tube-container-with-short-and-round-shape\/\",\"url\":\"https:\/\/www.alovey.com\/product\/unique-lipstick-tube-container-with-short-and-round-shape\/\",\"name\":\"Unique lipstick tube container with short and round shape\",\"isPartOf\":{\"@id\":\"https:\/\/www.alovey.com\/#website\"},\"primaryImageOfPage\":{\"@id\":\"https:\/\/www.alovey.com\/product\/unique-lipstick-tube-container-with-short-and-round-shape\/#primaryimage\"},\"image\":{\"@id\":\"https:\/\/www.alovey.com\/product\/unique-lipstick-tube-container-with-short-and-round-shape\/#primaryimage\"},\"thumbnailUrl\":\"https:\/\/www.alovey.com\/wp-content\/uploads\/2025\/12\/Unique-lipstick-tube-container-with-short-and-round-shape-3.jpg\",\"datePublished\":\"2025-12-26T02:55:35+00:00\",\"dateModified\":\"2025-12-26T03:06:04+00:00\",\"description\":\"Stand out with our unique lipstick tube containe ,its compact proportions and soft curves create a premium look, ideal for brands seeking differentiation\",\"breadcrumb\":{\"@id\":\"https:\/\/www.alovey.com\/product\/unique-lipstick-tube-container-with-short-and-round-shape\/#breadcrumb\"},\"inLanguage\":\"pt-BR\",\"potentialAction\":[{\"@type\":\"ReadAction\",\"target\":[\"https:\/\/www.alovey.com\/product\/unique-lipstick-tube-container-with-short-and-round-shape\/\"]}]},{\"@type\":\"ImageObject\",\"inLanguage\":\"pt-BR\",\"@id\":\"https:\/\/www.alovey.com\/product\/unique-lipstick-tube-container-with-short-and-round-shape\/#primaryimage\",\"url\":\"https:\/\/www.alovey.com\/wp-content\/uploads\/2025\/12\/Unique-lipstick-tube-container-with-short-and-round-shape-3.jpg\",\"contentUrl\":\"https:\/\/www.alovey.com\/wp-content\/uploads\/2025\/12\/Unique-lipstick-tube-container-with-short-and-round-shape-3.jpg\",\"width\":750,\"height\":750,\"caption\":\"Unique lipstick tube container with short and round shape\"},{\"@type\":\"BreadcrumbList\",\"@id\":\"https:\/\/www.alovey.com\/product\/unique-lipstick-tube-container-with-short-and-round-shape\/#breadcrumb\",\"itemListElement\":[{\"@type\":\"ListItem\",\"position\":1,\"name\":\"\u9996\u9875\",\"item\":\"https:\/\/www.alovey.com\/\"},{\"@type\":\"ListItem\",\"position\":2,\"name\":\"Products\",\"item\":\"https:\/\/www.alovey.com\/products\/\"},{\"@type\":\"ListItem\",\"position\":3,\"name\":\"Unique lipstick tube container with short and round shape\"}]},{\"@type\":\"WebSite\",\"@id\":\"https:\/\/www.alovey.com\/#website\",\"url\":\"https:\/\/www.alovey.com\/\",\"name\":\"Best Cosmetic Packaging Manufacture\",\"description\":\"Alovey Cosmetic Packaging Co.,Ltd\",\"publisher\":{\"@id\":\"https:\/\/www.alovey.com\/#organization\"},\"potentialAction\":[{\"@type\":\"SearchAction\",\"target\":{\"@type\":\"EntryPoint\",\"urlTemplate\":\"https:\/\/www.alovey.com\/?s={search_term_string}\"},\"query-input\":{\"@type\":\"PropertyValueSpecification\",\"valueRequired\":true,\"valueName\":\"search_term_string\"}}],\"inLanguage\":\"pt-BR\"},{\"@type\":\"Organization\",\"@id\":\"https:\/\/www.alovey.com\/#organization\",\"name\":\"Best Cosmetic Packaging Manufacture\",\"url\":\"https:\/\/www.alovey.com\/\",\"logo\":{\"@type\":\"ImageObject\",\"inLanguage\":\"pt-BR\",\"@id\":\"https:\/\/www.alovey.com\/#\/schema\/logo\/image\/\",\"url\":\"https:\/\/www.alovey.com\/wp-content\/uploads\/2023\/03\/logo.png\",\"contentUrl\":\"https:\/\/www.alovey.com\/wp-content\/uploads\/2023\/03\/logo.png\",\"width\":505,\"height\":180,\"caption\":\"Best  Cosmetic Packaging Manufacture\"},\"image\":{\"@id\":\"https:\/\/www.alovey.com\/#\/schema\/logo\/image\/\"}}]}<\/script>\n<!-- \/ Yoast SEO plugin. -->","yoast_head_json":{"title":"Unique lipstick tube container with short and round shape","description":"Stand out with our unique lipstick tube containe ,its compact proportions and soft curves create a premium look, ideal for brands seeking differentiation","robots":{"index":"index","follow":"follow","max-snippet":"max-snippet:-1","max-image-preview":"max-image-preview:large","max-video-preview":"max-video-preview:-1"},"canonical":"https:\/\/www.alovey.com\/pt\/produto\/unique-lipstick-tube-container-with-short-and-round-shape\/","og_locale":"pt_BR","og_type":"article","og_title":"Unique lipstick tube container with short and round shape","og_description":"Stand out with our unique lipstick tube containe ,its compact proportions and soft curves create a premium look, ideal for brands seeking differentiation","og_url":"https:\/\/www.alovey.com\/pt\/produto\/unique-lipstick-tube-container-with-short-and-round-shape\/","og_site_name":"Best Cosmetic Packaging Manufacture","article_modified_time":"2025-12-26T03:06:04+00:00","og_image":[{"width":750,"height":750,"url":"https:\/\/www.alovey.com\/wp-content\/uploads\/2025\/12\/Unique-lipstick-tube-container-with-short-and-round-shape-3.jpg","type":"image\/jpeg"}],"twitter_card":"summary_large_image","twitter_misc":{"Est. tempo de leitura":"3 minutos"},"schema":{"@context":"https:\/\/schema.org","@graph":[{"@type":"WebPage","@id":"https:\/\/www.alovey.com\/product\/unique-lipstick-tube-container-with-short-and-round-shape\/","url":"https:\/\/www.alovey.com\/product\/unique-lipstick-tube-container-with-short-and-round-shape\/","name":"Unique lipstick tube container with short and round shape","isPartOf":{"@id":"https:\/\/www.alovey.com\/#website"},"primaryImageOfPage":{"@id":"https:\/\/www.alovey.com\/product\/unique-lipstick-tube-container-with-short-and-round-shape\/#primaryimage"},"image":{"@id":"https:\/\/www.alovey.com\/product\/unique-lipstick-tube-container-with-short-and-round-shape\/#primaryimage"},"thumbnailUrl":"https:\/\/www.alovey.com\/wp-content\/uploads\/2025\/12\/Unique-lipstick-tube-container-with-short-and-round-shape-3.jpg","datePublished":"2025-12-26T02:55:35+00:00","dateModified":"2025-12-26T03:06:04+00:00","description":"Stand out with our unique lipstick tube containe ,its compact proportions and soft curves create a premium look, ideal for brands seeking differentiation","breadcrumb":{"@id":"https:\/\/www.alovey.com\/product\/unique-lipstick-tube-container-with-short-and-round-shape\/#breadcrumb"},"inLanguage":"pt-BR","potentialAction":[{"@type":"ReadAction","target":["https:\/\/www.alovey.com\/product\/unique-lipstick-tube-container-with-short-and-round-shape\/"]}]},{"@type":"ImageObject","inLanguage":"pt-BR","@id":"https:\/\/www.alovey.com\/product\/unique-lipstick-tube-container-with-short-and-round-shape\/#primaryimage","url":"https:\/\/www.alovey.com\/wp-content\/uploads\/2025\/12\/Unique-lipstick-tube-container-with-short-and-round-shape-3.jpg","contentUrl":"https:\/\/www.alovey.com\/wp-content\/uploads\/2025\/12\/Unique-lipstick-tube-container-with-short-and-round-shape-3.jpg","width":750,"height":750,"caption":"Unique lipstick tube container with short and round shape"},{"@type":"BreadcrumbList","@id":"https:\/\/www.alovey.com\/product\/unique-lipstick-tube-container-with-short-and-round-shape\/#breadcrumb","itemListElement":[{"@type":"ListItem","position":1,"name":"\u9996\u9875","item":"https:\/\/www.alovey.com\/"},{"@type":"ListItem","position":2,"name":"Products","item":"https:\/\/www.alovey.com\/products\/"},{"@type":"ListItem","position":3,"name":"Unique lipstick tube container with short and round shape"}]},{"@type":"WebSite","@id":"https:\/\/www.alovey.com\/#website","url":"https:\/\/www.alovey.com\/","name":"Best Cosmetic Packaging Manufacture","description":"Alovey Cosmetic Packaging Co.,Ltd","publisher":{"@id":"https:\/\/www.alovey.com\/#organization"},"potentialAction":[{"@type":"SearchAction","target":{"@type":"EntryPoint","urlTemplate":"https:\/\/www.alovey.com\/?s={search_term_string}"},"query-input":{"@type":"PropertyValueSpecification","valueRequired":true,"valueName":"search_term_string"}}],"inLanguage":"pt-BR"},{"@type":"Organization","@id":"https:\/\/www.alovey.com\/#organization","name":"Best Cosmetic Packaging Manufacture","url":"https:\/\/www.alovey.com\/","logo":{"@type":"ImageObject","inLanguage":"pt-BR","@id":"https:\/\/www.alovey.com\/#\/schema\/logo\/image\/","url":"https:\/\/www.alovey.com\/wp-content\/uploads\/2023\/03\/logo.png","contentUrl":"https:\/\/www.alovey.com\/wp-content\/uploads\/2023\/03\/logo.png","width":505,"height":180,"caption":"Best  Cosmetic Packaging Manufacture"},"image":{"@id":"https:\/\/www.alovey.com\/#\/schema\/logo\/image\/"}}]}},"_links":{"self":[{"href":"https:\/\/www.alovey.com\/pt\/wp-json\/wp\/v2\/product\/12291"}],"collection":[{"href":"https:\/\/www.alovey.com\/pt\/wp-json\/wp\/v2\/product"}],"about":[{"href":"https:\/\/www.alovey.com\/pt\/wp-json\/wp\/v2\/types\/product"}],"wp:featuredmedia":[{"embeddable":true,"href":"https:\/\/www.alovey.com\/pt\/wp-json\/wp\/v2\/media\/12295"}],"wp:attachment":[{"href":"https:\/\/www.alovey.com\/pt\/wp-json\/wp\/v2\/media?parent=12291"}],"wp:term":[{"taxonomy":"product_brand","embeddable":true,"href":"https:\/\/www.alovey.com\/pt\/wp-json\/wp\/v2\/product_brand?post=12291"},{"taxonomy":"product_cat","embeddable":true,"href":"https:\/\/www.alovey.com\/pt\/wp-json\/wp\/v2\/product_cat?post=12291"},{"taxonomy":"product_tag","embeddable":true,"href":"https:\/\/www.alovey.com\/pt\/wp-json\/wp\/v2\/product_tag?post=12291"}],"curies":[{"name":"wp","href":"https:\/\/api.w.org\/{rel}","templated":true}]}}