{"id":12249,"date":"2025-12-22T02:49:27","date_gmt":"2025-12-22T02:49:27","guid":{"rendered":"https:\/\/www.alovey.com\/?post_type=product&#038;p=12249"},"modified":"2025-12-23T01:46:00","modified_gmt":"2025-12-23T01:46:00","slug":"wholesale-square-lip-gloss-tubes-with-led-light-and-mirror","status":"publish","type":"product","link":"https:\/\/www.alovey.com\/pt\/produto\/wholesale-square-lip-gloss-tubes-with-led-light-and-mirror\/","title":{"rendered":"Wholesale square lip gloss tubes with led light and mirror"},"content":{"rendered":"<p><strong>Our wholesale lip gloss tubes with LED light and mirror\u00a0are a high-end cosmetic packaging solution\u00a0designed to elevate user experience and brand value.<\/strong><\/p>\n<p><strong>\u00a0The built-in LED light and mirror\u00a0provide perfect lighting for precise application anytime, anywhere\u2014ideal for modern, on-the-go beauty consumers.<\/strong><\/p>\n<h3><strong>Key Features<\/strong><\/h3>\n<p><strong>Square Shape Design: Modern, premium appearance with strong shelf impact<\/strong><\/p>\n<p><strong>Built-in LED Light: Automatically illuminates when the cap is opened<\/strong><\/p>\n<p><strong>Integrated Mirror: Enables easy, accurate lip application without extra tools<\/strong><\/p>\n<p><strong>Leak-Proof Structure: Secure wiper system for smooth application and no mess<\/strong><\/p>\n<p><strong>Durable Materials: Suitable for liquid lip gloss, lip oil, or liquid lipstick<\/strong><\/p>\n<h3><strong>Customization &amp; Wholesale Options<\/strong><\/h3>\n<p><strong>OEM \/ Private Label Available<\/strong><\/p>\n<p><strong>Custom colors,<\/strong><\/p>\n<p><strong>Logo printing: silkscreen, hot stamping<\/strong><\/p>\n<p><strong>Brush options: doe-foot, flocked, custom shapes<\/strong><\/p>\n<p><strong>Factory direct wholesale pricing &amp; MOQ flexibility<\/strong><\/p>\n<h3><strong>Benefits for Brands<\/strong><\/h3>\n<p><strong>Creates a luxury, tech-enhanced lip gloss product<\/strong><\/p>\n<p><strong>Increases perceived value and retail pricing potential<\/strong><\/p>\n<p><strong>Perfect for premium collections, influencer brands &amp; gift sets<\/strong><\/p>\n<h3><strong>Applications<\/strong><\/h3>\n<p><strong>Lip gloss<\/strong><\/p>\n<p><strong>Lip oil<\/strong><\/p>\n<p><strong>Liquid lipstick<\/strong><\/p>\n<p><strong>Serum-based lip products<\/strong><\/p>\n<p><strong>A Alovey, como fabricante profissional chinesa de embalagens para cosm\u00e9ticos, produz uma linha requintada de embalagens personalizadas para cosm\u00e9ticos, meticulosamente elaboradas para elevar sua marca. Nossa sele\u00e7\u00e3o diversificada de materiais premium, combinada com t\u00e9cnicas delicadas de acabamento de superf\u00edcie, como impress\u00e3o em tela de seda, hot stamping e pulveriza\u00e7\u00e3o fosca, garante que cada embalagem seja uma obra-prima exclusiva.<\/strong><\/p>\n<p><img fetchpriority=\"high\" decoding=\"async\" class=\"size-full wp-image-12255\" src=\"https:\/\/www.alovey.com\/wp-content\/uploads\/2025\/12\/Wholesale-square-lip-gloss-tubes-with-led-light-and-mirror-2.jpg\" alt=\"lip gloss tubes with led light and mirror\" width=\"750\" height=\"750\" srcset=\"https:\/\/www.alovey.com\/wp-content\/uploads\/2025\/12\/Wholesale-square-lip-gloss-tubes-with-led-light-and-mirror-2.jpg 750w, https:\/\/www.alovey.com\/wp-content\/uploads\/2025\/12\/Wholesale-square-lip-gloss-tubes-with-led-light-and-mirror-2-300x300.jpg 300w, https:\/\/www.alovey.com\/wp-content\/uploads\/2025\/12\/Wholesale-square-lip-gloss-tubes-with-led-light-and-mirror-2-150x150.jpg 150w, https:\/\/www.alovey.com\/wp-content\/uploads\/2025\/12\/Wholesale-square-lip-gloss-tubes-with-led-light-and-mirror-2-12x12.jpg 12w, https:\/\/www.alovey.com\/wp-content\/uploads\/2025\/12\/Wholesale-square-lip-gloss-tubes-with-led-light-and-mirror-2-600x600.jpg 600w, https:\/\/www.alovey.com\/wp-content\/uploads\/2025\/12\/Wholesale-square-lip-gloss-tubes-with-led-light-and-mirror-2-100x100.jpg 100w\" sizes=\"(max-width: 750px) 100vw, 750px\" \/><\/p>\n<p><img decoding=\"async\" class=\"size-full wp-image-12254\" src=\"https:\/\/www.alovey.com\/wp-content\/uploads\/2025\/12\/Wholesale-square-lip-gloss-tubes-with-led-light-and-mirror-8.jpg\" alt=\"lip gloss tubes with led light and mirror\" width=\"750\" height=\"750\" srcset=\"https:\/\/www.alovey.com\/wp-content\/uploads\/2025\/12\/Wholesale-square-lip-gloss-tubes-with-led-light-and-mirror-8.jpg 750w, https:\/\/www.alovey.com\/wp-content\/uploads\/2025\/12\/Wholesale-square-lip-gloss-tubes-with-led-light-and-mirror-8-300x300.jpg 300w, https:\/\/www.alovey.com\/wp-content\/uploads\/2025\/12\/Wholesale-square-lip-gloss-tubes-with-led-light-and-mirror-8-150x150.jpg 150w, https:\/\/www.alovey.com\/wp-content\/uploads\/2025\/12\/Wholesale-square-lip-gloss-tubes-with-led-light-and-mirror-8-12x12.jpg 12w, https:\/\/www.alovey.com\/wp-content\/uploads\/2025\/12\/Wholesale-square-lip-gloss-tubes-with-led-light-and-mirror-8-600x600.jpg 600w, https:\/\/www.alovey.com\/wp-content\/uploads\/2025\/12\/Wholesale-square-lip-gloss-tubes-with-led-light-and-mirror-8-100x100.jpg 100w\" sizes=\"(max-width: 750px) 100vw, 750px\" \/><\/p>\n<p><img decoding=\"async\" class=\"size-full wp-image-12256\" src=\"https:\/\/www.alovey.com\/wp-content\/uploads\/2025\/12\/Wholesale-square-lip-gloss-tubes-with-led-light-and-mirror-3.jpg\" alt=\"lip gloss tubes with led light and mirror\" width=\"750\" height=\"750\" srcset=\"https:\/\/www.alovey.com\/wp-content\/uploads\/2025\/12\/Wholesale-square-lip-gloss-tubes-with-led-light-and-mirror-3.jpg 750w, https:\/\/www.alovey.com\/wp-content\/uploads\/2025\/12\/Wholesale-square-lip-gloss-tubes-with-led-light-and-mirror-3-300x300.jpg 300w, https:\/\/www.alovey.com\/wp-content\/uploads\/2025\/12\/Wholesale-square-lip-gloss-tubes-with-led-light-and-mirror-3-150x150.jpg 150w, https:\/\/www.alovey.com\/wp-content\/uploads\/2025\/12\/Wholesale-square-lip-gloss-tubes-with-led-light-and-mirror-3-12x12.jpg 12w, https:\/\/www.alovey.com\/wp-content\/uploads\/2025\/12\/Wholesale-square-lip-gloss-tubes-with-led-light-and-mirror-3-600x600.jpg 600w, https:\/\/www.alovey.com\/wp-content\/uploads\/2025\/12\/Wholesale-square-lip-gloss-tubes-with-led-light-and-mirror-3-100x100.jpg 100w\" sizes=\"(max-width: 750px) 100vw, 750px\" \/><\/p>\n<p><img loading=\"lazy\" decoding=\"async\" class=\"size-full wp-image-12251\" src=\"https:\/\/www.alovey.com\/wp-content\/uploads\/2025\/12\/Wholesale-square-lip-gloss-tubes-with-led-light-and-mirror-5.jpg\" alt=\"lip gloss tubes with led light and mirror\" width=\"750\" height=\"750\" srcset=\"https:\/\/www.alovey.com\/wp-content\/uploads\/2025\/12\/Wholesale-square-lip-gloss-tubes-with-led-light-and-mirror-5.jpg 750w, https:\/\/www.alovey.com\/wp-content\/uploads\/2025\/12\/Wholesale-square-lip-gloss-tubes-with-led-light-and-mirror-5-300x300.jpg 300w, https:\/\/www.alovey.com\/wp-content\/uploads\/2025\/12\/Wholesale-square-lip-gloss-tubes-with-led-light-and-mirror-5-150x150.jpg 150w, https:\/\/www.alovey.com\/wp-content\/uploads\/2025\/12\/Wholesale-square-lip-gloss-tubes-with-led-light-and-mirror-5-12x12.jpg 12w, https:\/\/www.alovey.com\/wp-content\/uploads\/2025\/12\/Wholesale-square-lip-gloss-tubes-with-led-light-and-mirror-5-600x600.jpg 600w, https:\/\/www.alovey.com\/wp-content\/uploads\/2025\/12\/Wholesale-square-lip-gloss-tubes-with-led-light-and-mirror-5-100x100.jpg 100w\" sizes=\"(max-width: 750px) 100vw, 750px\" \/><\/p>\n<p><img loading=\"lazy\" decoding=\"async\" class=\"size-full wp-image-12250\" src=\"https:\/\/www.alovey.com\/wp-content\/uploads\/2025\/12\/Wholesale-square-lip-gloss-tubes-with-led-light-and-mirror-4.jpg\" alt=\"lip gloss tubes with led light and mirror\" width=\"750\" height=\"750\" srcset=\"https:\/\/www.alovey.com\/wp-content\/uploads\/2025\/12\/Wholesale-square-lip-gloss-tubes-with-led-light-and-mirror-4.jpg 750w, https:\/\/www.alovey.com\/wp-content\/uploads\/2025\/12\/Wholesale-square-lip-gloss-tubes-with-led-light-and-mirror-4-300x300.jpg 300w, https:\/\/www.alovey.com\/wp-content\/uploads\/2025\/12\/Wholesale-square-lip-gloss-tubes-with-led-light-and-mirror-4-150x150.jpg 150w, https:\/\/www.alovey.com\/wp-content\/uploads\/2025\/12\/Wholesale-square-lip-gloss-tubes-with-led-light-and-mirror-4-12x12.jpg 12w, https:\/\/www.alovey.com\/wp-content\/uploads\/2025\/12\/Wholesale-square-lip-gloss-tubes-with-led-light-and-mirror-4-600x600.jpg 600w, https:\/\/www.alovey.com\/wp-content\/uploads\/2025\/12\/Wholesale-square-lip-gloss-tubes-with-led-light-and-mirror-4-100x100.jpg 100w\" sizes=\"(max-width: 750px) 100vw, 750px\" \/><\/p>\n<p><img loading=\"lazy\" decoding=\"async\" class=\"size-full wp-image-12253\" src=\"https:\/\/www.alovey.com\/wp-content\/uploads\/2025\/12\/Wholesale-square-lip-gloss-tubes-with-led-light-and-mirror-7.jpg\" alt=\"lip gloss tubes with led light and mirror\" width=\"630\" height=\"630\" srcset=\"https:\/\/www.alovey.com\/wp-content\/uploads\/2025\/12\/Wholesale-square-lip-gloss-tubes-with-led-light-and-mirror-7.jpg 630w, https:\/\/www.alovey.com\/wp-content\/uploads\/2025\/12\/Wholesale-square-lip-gloss-tubes-with-led-light-and-mirror-7-300x300.jpg 300w, https:\/\/www.alovey.com\/wp-content\/uploads\/2025\/12\/Wholesale-square-lip-gloss-tubes-with-led-light-and-mirror-7-150x150.jpg 150w, https:\/\/www.alovey.com\/wp-content\/uploads\/2025\/12\/Wholesale-square-lip-gloss-tubes-with-led-light-and-mirror-7-12x12.jpg 12w, https:\/\/www.alovey.com\/wp-content\/uploads\/2025\/12\/Wholesale-square-lip-gloss-tubes-with-led-light-and-mirror-7-600x600.jpg 600w, https:\/\/www.alovey.com\/wp-content\/uploads\/2025\/12\/Wholesale-square-lip-gloss-tubes-with-led-light-and-mirror-7-100x100.jpg 100w\" sizes=\"(max-width: 630px) 100vw, 630px\" \/><\/p>\n<p><img loading=\"lazy\" decoding=\"async\" class=\"size-full wp-image-12252\" src=\"https:\/\/www.alovey.com\/wp-content\/uploads\/2025\/12\/Wholesale-square-lip-gloss-tubes-with-led-light-and-mirror-6.jpg\" alt=\"lip gloss tubes with led light and mirror\" width=\"630\" height=\"630\" srcset=\"https:\/\/www.alovey.com\/wp-content\/uploads\/2025\/12\/Wholesale-square-lip-gloss-tubes-with-led-light-and-mirror-6.jpg 630w, https:\/\/www.alovey.com\/wp-content\/uploads\/2025\/12\/Wholesale-square-lip-gloss-tubes-with-led-light-and-mirror-6-300x300.jpg 300w, https:\/\/www.alovey.com\/wp-content\/uploads\/2025\/12\/Wholesale-square-lip-gloss-tubes-with-led-light-and-mirror-6-150x150.jpg 150w, https:\/\/www.alovey.com\/wp-content\/uploads\/2025\/12\/Wholesale-square-lip-gloss-tubes-with-led-light-and-mirror-6-12x12.jpg 12w, https:\/\/www.alovey.com\/wp-content\/uploads\/2025\/12\/Wholesale-square-lip-gloss-tubes-with-led-light-and-mirror-6-600x600.jpg 600w, https:\/\/www.alovey.com\/wp-content\/uploads\/2025\/12\/Wholesale-square-lip-gloss-tubes-with-led-light-and-mirror-6-100x100.jpg 100w\" sizes=\"(max-width: 630px) 100vw, 630px\" \/><\/p>\n<p>&nbsp;<\/p>\n<p>&nbsp;<\/p>\n<p>&nbsp;<\/p>\n<p>&nbsp;<\/p>\n<p>&nbsp;<\/p>\n<p>&nbsp;<\/p>\n<p>&nbsp;<\/p>\n<p>&nbsp;<\/p>\n<p>&nbsp;<\/p>\n<p>&nbsp;<\/p>\n<p>&nbsp;<\/p>\n<p>&nbsp;<\/p>\n<p>&nbsp;<\/p>\n<p>&nbsp;<\/p>\n<p>&nbsp;<\/p>\n<p>&nbsp;<\/p>\n<p>&nbsp;<\/p>\n<p>&nbsp;<\/p>\n<p>&nbsp;<\/p>\n<p>&nbsp;<\/p>\n<p>&nbsp;<\/p>\n<p>&nbsp;<\/p>\n<p>&nbsp;<\/p>\n<p>&nbsp;<\/p>\n<p>&nbsp;<\/p>\n<p>&nbsp;<\/p>\n<p>&nbsp;<\/p>\n<p>&nbsp;<\/p>\n<p>&nbsp;<\/p>\n<p>&nbsp;<\/p>\n<p>&nbsp;<\/p>\n<p>&nbsp;<\/p>\n<p>&nbsp;<\/p>\n<p>&nbsp;<\/p>\n<p>&nbsp;<\/p>\n<p>&nbsp;<\/p>\n<p>&nbsp;<\/p>\n<p>&nbsp;<\/p>\n<p>&nbsp;<\/p>\n<p>&nbsp;<\/p>\n<p>&nbsp;<\/p>\n<p>&nbsp;<\/p>\n<p>&nbsp;<\/p>\n<p>&nbsp;<\/p>\n<p>&nbsp;<\/p>\n<p>&nbsp;<\/p>\n<p>&nbsp;<\/p>\n<p>&nbsp;<\/p>\n<p>&nbsp;<\/p>\n<p>&nbsp;<\/p>\n<p>&nbsp;<\/p>\n<p>&nbsp;<\/p>\n<p>&nbsp;<\/p>\n<p>&nbsp;<\/p>\n<p>&nbsp;<\/p>\n<p>&nbsp;<\/p>\n<p>&nbsp;<\/p>\n<p>&nbsp;<\/p>\n<p>&nbsp;<\/p>\n<p>&nbsp;<\/p>\n<p>&nbsp;<\/p>\n<p>&nbsp;<\/p>\n<p>&nbsp;<\/p>\n<p>&nbsp;<\/p>\n<p>&nbsp;<\/p>\n<p>&nbsp;<\/p>\n<p>&nbsp;<\/p>\n<p>&nbsp;<\/p>\n<p>&nbsp;<\/p>\n<p>&nbsp;<\/p>\n<p>&nbsp;<\/p>\n<p>&nbsp;<\/p>\n<p>&nbsp;<\/p>\n<p>&nbsp;<\/p>\n<p>&nbsp;<\/p>\n<p>&nbsp;<\/p>\n<p>&nbsp;<\/p>\n<p>&nbsp;<\/p>\n<p>&nbsp;<\/p>\n<p>&nbsp;<\/p>\n<p>&nbsp;<\/p>\n<p>&nbsp;<\/p>\n<p>&nbsp;<\/p>\n<p>&nbsp;<\/p>\n<p>&nbsp;<\/p>\n<p>&nbsp;<\/p>\n<p>&nbsp;<\/p>\n<p>&nbsp;<\/p>\n<p>&nbsp;<\/p>\n<p>&nbsp;<\/p>\n<p>&nbsp;<\/p>\n<p>&nbsp;<\/p>\n<p>&nbsp;<\/p>\n<p>&nbsp;<\/p>\n<p>&nbsp;<\/p>\n<p>&nbsp;<\/p>\n<p>&nbsp;<\/p>\n<p>&nbsp;<\/p>\n<p>&nbsp;<\/p>\n<p>&nbsp;<\/p>\n<p>&nbsp;<\/p>\n<p>&nbsp;<\/p>\n<p>&nbsp;<\/p>\n<p>&nbsp;<\/p>\n<p>&nbsp;<\/p>\n<p>&nbsp;<\/p>\n<p>&nbsp;<\/p>\n<p>&nbsp;<\/p>\n<p>&nbsp;<\/p>\n<p>&nbsp;<\/p>\n<p>&nbsp;<\/p>\n<p>&nbsp;<\/p>\n<p>&nbsp;<\/p>\n<p>&nbsp;<\/p>\n<p>&nbsp;<\/p>\n<p>&nbsp;<\/p>\n<p>&nbsp;<\/p>\n<p>&nbsp;<\/p>\n<p>&nbsp;<\/p>\n<p>&nbsp;<\/p>\n<p>&nbsp;<\/p>\n<p>&nbsp;<\/p>\n<p>&nbsp;<\/p>\n<p>&nbsp;<\/p>\n<p>&nbsp;<\/p>\n<p>&nbsp;<\/p>\n<p>&nbsp;<\/p>\n<p>&nbsp;<\/p>\n<p>&nbsp;<\/p>\n<p>&nbsp;<\/p>\n<p>&nbsp;<\/p>\n<p>&nbsp;<\/p>\n<p>&nbsp;<\/p>\n<p>&nbsp;<\/p>","protected":false},"excerpt":{"rendered":"<ul>\n<li>Item No: LG-0036A<\/li>\n<li>Material: Pl\u00e1stico<\/li>\n<li>Size:\u00a0W18*H108mm<\/li>\n<li>Aplica\u00e7\u00f5es: Produtos de beleza<\/li>\n<li>MOQ: 12.000 unidades<\/li>\n<li>Cor: cor personalizada<\/li>\n<li>Surface treatment: Injection\/Matte\/Materialization\/UV coating<\/li>\n<li>Nome da marca: OEM\/ODM<\/li>\n<li>Logotipo: Logotipo do cliente<\/li>\n<li>Capacidade de fornecimento: 100.000 pe\u00e7as por m\u00eas<\/li>\n<\/ul>","protected":false},"featured_media":12254,"template":"","meta":{"_acf_changed":false},"product_brand":[],"product_cat":[372],"product_tag":[388],"class_list":{"0":"post-12249","1":"product","2":"type-product","3":"status-publish","4":"has-post-thumbnail","6":"product_cat-lipgloss-tube","7":"product_tag-lip-gloss-tube","9":"first","10":"instock","11":"shipping-taxable","12":"product-type-simple"},"acf":[],"yoast_head":"<!-- This site is optimized with the Yoast SEO plugin v24.1 - https:\/\/yoast.com\/wordpress\/plugins\/seo\/ -->\n<title>Wholesale square lip gloss tubes with led light and mirror<\/title>\n<meta name=\"description\" content=\"This luxury silver lipgloss tube with slim shape is designed for effortless filling\u2014perfect for lip gloss, lip oil, and lip glitter.\" \/>\n<meta name=\"robots\" content=\"index, follow, max-snippet:-1, max-image-preview:large, max-video-preview:-1\" \/>\n<link rel=\"canonical\" href=\"https:\/\/www.alovey.com\/pt\/produto\/wholesale-square-lip-gloss-tubes-with-led-light-and-mirror\/\" \/>\n<meta property=\"og:locale\" content=\"pt_BR\" \/>\n<meta property=\"og:type\" content=\"article\" \/>\n<meta property=\"og:title\" content=\"Wholesale square lip gloss tubes with led light and mirror\" \/>\n<meta property=\"og:description\" content=\"This luxury silver lipgloss tube with slim shape is designed for effortless filling\u2014perfect for lip gloss, lip oil, and lip glitter.\" \/>\n<meta property=\"og:url\" content=\"https:\/\/www.alovey.com\/pt\/produto\/wholesale-square-lip-gloss-tubes-with-led-light-and-mirror\/\" \/>\n<meta property=\"og:site_name\" content=\"Best Cosmetic Packaging Manufacture\" \/>\n<meta property=\"article:modified_time\" content=\"2025-12-23T01:46:00+00:00\" \/>\n<meta property=\"og:image\" content=\"https:\/\/www.alovey.com\/wp-content\/uploads\/2025\/12\/Wholesale-square-lip-gloss-tubes-with-led-light-and-mirror-8.jpg\" \/>\n\t<meta property=\"og:image:width\" content=\"750\" \/>\n\t<meta property=\"og:image:height\" content=\"750\" \/>\n\t<meta property=\"og:image:type\" content=\"image\/jpeg\" \/>\n<meta name=\"twitter:card\" content=\"summary_large_image\" \/>\n<meta name=\"twitter:label1\" content=\"Est. tempo de leitura\" \/>\n\t<meta name=\"twitter:data1\" content=\"3 minutos\" \/>\n<script type=\"application\/ld+json\" class=\"yoast-schema-graph\">{\"@context\":\"https:\/\/schema.org\",\"@graph\":[{\"@type\":\"WebPage\",\"@id\":\"https:\/\/www.alovey.com\/product\/wholesale-square-lip-gloss-tubes-with-led-light-and-mirror\/\",\"url\":\"https:\/\/www.alovey.com\/product\/wholesale-square-lip-gloss-tubes-with-led-light-and-mirror\/\",\"name\":\"Wholesale square lip gloss tubes with led light and mirror\",\"isPartOf\":{\"@id\":\"https:\/\/www.alovey.com\/#website\"},\"primaryImageOfPage\":{\"@id\":\"https:\/\/www.alovey.com\/product\/wholesale-square-lip-gloss-tubes-with-led-light-and-mirror\/#primaryimage\"},\"image\":{\"@id\":\"https:\/\/www.alovey.com\/product\/wholesale-square-lip-gloss-tubes-with-led-light-and-mirror\/#primaryimage\"},\"thumbnailUrl\":\"https:\/\/www.alovey.com\/wp-content\/uploads\/2025\/12\/Wholesale-square-lip-gloss-tubes-with-led-light-and-mirror-8.jpg\",\"datePublished\":\"2025-12-22T02:49:27+00:00\",\"dateModified\":\"2025-12-23T01:46:00+00:00\",\"description\":\"This luxury silver lipgloss tube with slim shape is designed for effortless filling\u2014perfect for lip gloss, lip oil, and lip glitter.\",\"breadcrumb\":{\"@id\":\"https:\/\/www.alovey.com\/product\/wholesale-square-lip-gloss-tubes-with-led-light-and-mirror\/#breadcrumb\"},\"inLanguage\":\"pt-BR\",\"potentialAction\":[{\"@type\":\"ReadAction\",\"target\":[\"https:\/\/www.alovey.com\/product\/wholesale-square-lip-gloss-tubes-with-led-light-and-mirror\/\"]}]},{\"@type\":\"ImageObject\",\"inLanguage\":\"pt-BR\",\"@id\":\"https:\/\/www.alovey.com\/product\/wholesale-square-lip-gloss-tubes-with-led-light-and-mirror\/#primaryimage\",\"url\":\"https:\/\/www.alovey.com\/wp-content\/uploads\/2025\/12\/Wholesale-square-lip-gloss-tubes-with-led-light-and-mirror-8.jpg\",\"contentUrl\":\"https:\/\/www.alovey.com\/wp-content\/uploads\/2025\/12\/Wholesale-square-lip-gloss-tubes-with-led-light-and-mirror-8.jpg\",\"width\":750,\"height\":750,\"caption\":\"lip gloss tubes with led light and mirror\"},{\"@type\":\"BreadcrumbList\",\"@id\":\"https:\/\/www.alovey.com\/product\/wholesale-square-lip-gloss-tubes-with-led-light-and-mirror\/#breadcrumb\",\"itemListElement\":[{\"@type\":\"ListItem\",\"position\":1,\"name\":\"\u9996\u9875\",\"item\":\"https:\/\/www.alovey.com\/\"},{\"@type\":\"ListItem\",\"position\":2,\"name\":\"Products\",\"item\":\"https:\/\/www.alovey.com\/products\/\"},{\"@type\":\"ListItem\",\"position\":3,\"name\":\"Wholesale square lip gloss tubes with led light and mirror\"}]},{\"@type\":\"WebSite\",\"@id\":\"https:\/\/www.alovey.com\/#website\",\"url\":\"https:\/\/www.alovey.com\/\",\"name\":\"Best Cosmetic Packaging Manufacture\",\"description\":\"Alovey Cosmetic Packaging Co.,Ltd\",\"publisher\":{\"@id\":\"https:\/\/www.alovey.com\/#organization\"},\"potentialAction\":[{\"@type\":\"SearchAction\",\"target\":{\"@type\":\"EntryPoint\",\"urlTemplate\":\"https:\/\/www.alovey.com\/?s={search_term_string}\"},\"query-input\":{\"@type\":\"PropertyValueSpecification\",\"valueRequired\":true,\"valueName\":\"search_term_string\"}}],\"inLanguage\":\"pt-BR\"},{\"@type\":\"Organization\",\"@id\":\"https:\/\/www.alovey.com\/#organization\",\"name\":\"Best Cosmetic Packaging Manufacture\",\"url\":\"https:\/\/www.alovey.com\/\",\"logo\":{\"@type\":\"ImageObject\",\"inLanguage\":\"pt-BR\",\"@id\":\"https:\/\/www.alovey.com\/#\/schema\/logo\/image\/\",\"url\":\"https:\/\/www.alovey.com\/wp-content\/uploads\/2023\/03\/logo.png\",\"contentUrl\":\"https:\/\/www.alovey.com\/wp-content\/uploads\/2023\/03\/logo.png\",\"width\":505,\"height\":180,\"caption\":\"Best  Cosmetic Packaging Manufacture\"},\"image\":{\"@id\":\"https:\/\/www.alovey.com\/#\/schema\/logo\/image\/\"}}]}<\/script>\n<!-- \/ Yoast SEO plugin. -->","yoast_head_json":{"title":"Wholesale square lip gloss tubes with led light and mirror","description":"This luxury silver lipgloss tube with slim shape is designed for effortless filling\u2014perfect for lip gloss, lip oil, and lip glitter.","robots":{"index":"index","follow":"follow","max-snippet":"max-snippet:-1","max-image-preview":"max-image-preview:large","max-video-preview":"max-video-preview:-1"},"canonical":"https:\/\/www.alovey.com\/pt\/produto\/wholesale-square-lip-gloss-tubes-with-led-light-and-mirror\/","og_locale":"pt_BR","og_type":"article","og_title":"Wholesale square lip gloss tubes with led light and mirror","og_description":"This luxury silver lipgloss tube with slim shape is designed for effortless filling\u2014perfect for lip gloss, lip oil, and lip glitter.","og_url":"https:\/\/www.alovey.com\/pt\/produto\/wholesale-square-lip-gloss-tubes-with-led-light-and-mirror\/","og_site_name":"Best Cosmetic Packaging Manufacture","article_modified_time":"2025-12-23T01:46:00+00:00","og_image":[{"width":750,"height":750,"url":"https:\/\/www.alovey.com\/wp-content\/uploads\/2025\/12\/Wholesale-square-lip-gloss-tubes-with-led-light-and-mirror-8.jpg","type":"image\/jpeg"}],"twitter_card":"summary_large_image","twitter_misc":{"Est. tempo de leitura":"3 minutos"},"schema":{"@context":"https:\/\/schema.org","@graph":[{"@type":"WebPage","@id":"https:\/\/www.alovey.com\/product\/wholesale-square-lip-gloss-tubes-with-led-light-and-mirror\/","url":"https:\/\/www.alovey.com\/product\/wholesale-square-lip-gloss-tubes-with-led-light-and-mirror\/","name":"Wholesale square lip gloss tubes with led light and mirror","isPartOf":{"@id":"https:\/\/www.alovey.com\/#website"},"primaryImageOfPage":{"@id":"https:\/\/www.alovey.com\/product\/wholesale-square-lip-gloss-tubes-with-led-light-and-mirror\/#primaryimage"},"image":{"@id":"https:\/\/www.alovey.com\/product\/wholesale-square-lip-gloss-tubes-with-led-light-and-mirror\/#primaryimage"},"thumbnailUrl":"https:\/\/www.alovey.com\/wp-content\/uploads\/2025\/12\/Wholesale-square-lip-gloss-tubes-with-led-light-and-mirror-8.jpg","datePublished":"2025-12-22T02:49:27+00:00","dateModified":"2025-12-23T01:46:00+00:00","description":"This luxury silver lipgloss tube with slim shape is designed for effortless filling\u2014perfect for lip gloss, lip oil, and lip glitter.","breadcrumb":{"@id":"https:\/\/www.alovey.com\/product\/wholesale-square-lip-gloss-tubes-with-led-light-and-mirror\/#breadcrumb"},"inLanguage":"pt-BR","potentialAction":[{"@type":"ReadAction","target":["https:\/\/www.alovey.com\/product\/wholesale-square-lip-gloss-tubes-with-led-light-and-mirror\/"]}]},{"@type":"ImageObject","inLanguage":"pt-BR","@id":"https:\/\/www.alovey.com\/product\/wholesale-square-lip-gloss-tubes-with-led-light-and-mirror\/#primaryimage","url":"https:\/\/www.alovey.com\/wp-content\/uploads\/2025\/12\/Wholesale-square-lip-gloss-tubes-with-led-light-and-mirror-8.jpg","contentUrl":"https:\/\/www.alovey.com\/wp-content\/uploads\/2025\/12\/Wholesale-square-lip-gloss-tubes-with-led-light-and-mirror-8.jpg","width":750,"height":750,"caption":"lip gloss tubes with led light and mirror"},{"@type":"BreadcrumbList","@id":"https:\/\/www.alovey.com\/product\/wholesale-square-lip-gloss-tubes-with-led-light-and-mirror\/#breadcrumb","itemListElement":[{"@type":"ListItem","position":1,"name":"\u9996\u9875","item":"https:\/\/www.alovey.com\/"},{"@type":"ListItem","position":2,"name":"Products","item":"https:\/\/www.alovey.com\/products\/"},{"@type":"ListItem","position":3,"name":"Wholesale square lip gloss tubes with led light and mirror"}]},{"@type":"WebSite","@id":"https:\/\/www.alovey.com\/#website","url":"https:\/\/www.alovey.com\/","name":"Best Cosmetic Packaging Manufacture","description":"Alovey Cosmetic Packaging Co.,Ltd","publisher":{"@id":"https:\/\/www.alovey.com\/#organization"},"potentialAction":[{"@type":"SearchAction","target":{"@type":"EntryPoint","urlTemplate":"https:\/\/www.alovey.com\/?s={search_term_string}"},"query-input":{"@type":"PropertyValueSpecification","valueRequired":true,"valueName":"search_term_string"}}],"inLanguage":"pt-BR"},{"@type":"Organization","@id":"https:\/\/www.alovey.com\/#organization","name":"Best Cosmetic Packaging Manufacture","url":"https:\/\/www.alovey.com\/","logo":{"@type":"ImageObject","inLanguage":"pt-BR","@id":"https:\/\/www.alovey.com\/#\/schema\/logo\/image\/","url":"https:\/\/www.alovey.com\/wp-content\/uploads\/2023\/03\/logo.png","contentUrl":"https:\/\/www.alovey.com\/wp-content\/uploads\/2023\/03\/logo.png","width":505,"height":180,"caption":"Best  Cosmetic Packaging Manufacture"},"image":{"@id":"https:\/\/www.alovey.com\/#\/schema\/logo\/image\/"}}]}},"_links":{"self":[{"href":"https:\/\/www.alovey.com\/pt\/wp-json\/wp\/v2\/product\/12249"}],"collection":[{"href":"https:\/\/www.alovey.com\/pt\/wp-json\/wp\/v2\/product"}],"about":[{"href":"https:\/\/www.alovey.com\/pt\/wp-json\/wp\/v2\/types\/product"}],"wp:featuredmedia":[{"embeddable":true,"href":"https:\/\/www.alovey.com\/pt\/wp-json\/wp\/v2\/media\/12254"}],"wp:attachment":[{"href":"https:\/\/www.alovey.com\/pt\/wp-json\/wp\/v2\/media?parent=12249"}],"wp:term":[{"taxonomy":"product_brand","embeddable":true,"href":"https:\/\/www.alovey.com\/pt\/wp-json\/wp\/v2\/product_brand?post=12249"},{"taxonomy":"product_cat","embeddable":true,"href":"https:\/\/www.alovey.com\/pt\/wp-json\/wp\/v2\/product_cat?post=12249"},{"taxonomy":"product_tag","embeddable":true,"href":"https:\/\/www.alovey.com\/pt\/wp-json\/wp\/v2\/product_tag?post=12249"}],"curies":[{"name":"wp","href":"https:\/\/api.w.org\/{rel}","templated":true}]}}