{"id":12123,"date":"2025-12-04T07:54:12","date_gmt":"2025-12-04T07:54:12","guid":{"rendered":"https:\/\/www.alovey.com\/?post_type=product&#038;p=12123"},"modified":"2025-12-04T08:41:36","modified_gmt":"2025-12-04T08:41:36","slug":"plastic-square-loose-powder-travel-case-with-sifter-15g","status":"publish","type":"product","link":"https:\/\/www.alovey.com\/pt\/produto\/plastic-square-loose-powder-travel-case-with-sifter-15g\/","title":{"rendered":"Plastic square loose powder travel case with sifter 15g"},"content":{"rendered":"<p><strong>Plastic square luxury loose powder\u00a0travel case\u00a0(15g) with sifter\u00a0allows users to easily see the remaining powder inside.<\/strong><br \/>\n<strong>This dusting powder container is ideal for storing a variety of loose powders and is fully refillable\u2014perfect for setting powder, blush powder, honey powder, and more.<\/strong><\/p>\n<p><strong>Alovey is a premier Chinese manufacturer specializing in high-quality cosmetic packaging. We are dedicated to crafting bespoke packaging solutions that enhance brand identity, combining premium materials with advanced finishing techniques like silk screen printing, hot stamping, and matte spraying. With a commitment to excellence and innovation, Alovey delivers packaging that is as functional as it is visually stunning.<\/strong><\/p>\n<p><img fetchpriority=\"high\" decoding=\"async\" class=\"size-full wp-image-12129\" src=\"https:\/\/www.alovey.com\/wp-content\/uploads\/2025\/12\/Plastic-square-loose-powder-travel-case-with-sifter-15g-1.jpg\" alt=\"loose powder travel case\" width=\"750\" height=\"750\" srcset=\"https:\/\/www.alovey.com\/wp-content\/uploads\/2025\/12\/Plastic-square-loose-powder-travel-case-with-sifter-15g-1.jpg 750w, https:\/\/www.alovey.com\/wp-content\/uploads\/2025\/12\/Plastic-square-loose-powder-travel-case-with-sifter-15g-1-300x300.jpg 300w, https:\/\/www.alovey.com\/wp-content\/uploads\/2025\/12\/Plastic-square-loose-powder-travel-case-with-sifter-15g-1-150x150.jpg 150w, https:\/\/www.alovey.com\/wp-content\/uploads\/2025\/12\/Plastic-square-loose-powder-travel-case-with-sifter-15g-1-12x12.jpg 12w, https:\/\/www.alovey.com\/wp-content\/uploads\/2025\/12\/Plastic-square-loose-powder-travel-case-with-sifter-15g-1-600x600.jpg 600w, https:\/\/www.alovey.com\/wp-content\/uploads\/2025\/12\/Plastic-square-loose-powder-travel-case-with-sifter-15g-1-100x100.jpg 100w\" sizes=\"(max-width: 750px) 100vw, 750px\" \/><\/p>\n<p><img decoding=\"async\" class=\"size-full wp-image-12128\" src=\"https:\/\/www.alovey.com\/wp-content\/uploads\/2025\/12\/Plastic-square-loose-powder-travel-case-with-sifter-15g-3.jpg\" alt=\"loose powder travel case\" width=\"750\" height=\"750\" srcset=\"https:\/\/www.alovey.com\/wp-content\/uploads\/2025\/12\/Plastic-square-loose-powder-travel-case-with-sifter-15g-3.jpg 750w, https:\/\/www.alovey.com\/wp-content\/uploads\/2025\/12\/Plastic-square-loose-powder-travel-case-with-sifter-15g-3-300x300.jpg 300w, https:\/\/www.alovey.com\/wp-content\/uploads\/2025\/12\/Plastic-square-loose-powder-travel-case-with-sifter-15g-3-150x150.jpg 150w, https:\/\/www.alovey.com\/wp-content\/uploads\/2025\/12\/Plastic-square-loose-powder-travel-case-with-sifter-15g-3-12x12.jpg 12w, https:\/\/www.alovey.com\/wp-content\/uploads\/2025\/12\/Plastic-square-loose-powder-travel-case-with-sifter-15g-3-600x600.jpg 600w, https:\/\/www.alovey.com\/wp-content\/uploads\/2025\/12\/Plastic-square-loose-powder-travel-case-with-sifter-15g-3-100x100.jpg 100w\" sizes=\"(max-width: 750px) 100vw, 750px\" \/><\/p>\n<p><img decoding=\"async\" class=\"size-full wp-image-12127\" src=\"https:\/\/www.alovey.com\/wp-content\/uploads\/2025\/12\/Plastic-square-loose-powder-travel-case-with-sifter-15g-2.jpg\" alt=\"loose powder travel case\" width=\"750\" height=\"750\" srcset=\"https:\/\/www.alovey.com\/wp-content\/uploads\/2025\/12\/Plastic-square-loose-powder-travel-case-with-sifter-15g-2.jpg 750w, https:\/\/www.alovey.com\/wp-content\/uploads\/2025\/12\/Plastic-square-loose-powder-travel-case-with-sifter-15g-2-300x300.jpg 300w, https:\/\/www.alovey.com\/wp-content\/uploads\/2025\/12\/Plastic-square-loose-powder-travel-case-with-sifter-15g-2-150x150.jpg 150w, https:\/\/www.alovey.com\/wp-content\/uploads\/2025\/12\/Plastic-square-loose-powder-travel-case-with-sifter-15g-2-12x12.jpg 12w, https:\/\/www.alovey.com\/wp-content\/uploads\/2025\/12\/Plastic-square-loose-powder-travel-case-with-sifter-15g-2-600x600.jpg 600w, https:\/\/www.alovey.com\/wp-content\/uploads\/2025\/12\/Plastic-square-loose-powder-travel-case-with-sifter-15g-2-100x100.jpg 100w\" sizes=\"(max-width: 750px) 100vw, 750px\" \/><\/p>\n<p><img loading=\"lazy\" decoding=\"async\" class=\"size-full wp-image-12126\" src=\"https:\/\/www.alovey.com\/wp-content\/uploads\/2025\/12\/Plastic-square-loose-powder-travel-case-with-sifter-15g-6.jpg\" alt=\"loose powder travel case\" width=\"750\" height=\"750\" srcset=\"https:\/\/www.alovey.com\/wp-content\/uploads\/2025\/12\/Plastic-square-loose-powder-travel-case-with-sifter-15g-6.jpg 750w, https:\/\/www.alovey.com\/wp-content\/uploads\/2025\/12\/Plastic-square-loose-powder-travel-case-with-sifter-15g-6-300x300.jpg 300w, https:\/\/www.alovey.com\/wp-content\/uploads\/2025\/12\/Plastic-square-loose-powder-travel-case-with-sifter-15g-6-150x150.jpg 150w, https:\/\/www.alovey.com\/wp-content\/uploads\/2025\/12\/Plastic-square-loose-powder-travel-case-with-sifter-15g-6-12x12.jpg 12w, https:\/\/www.alovey.com\/wp-content\/uploads\/2025\/12\/Plastic-square-loose-powder-travel-case-with-sifter-15g-6-600x600.jpg 600w, https:\/\/www.alovey.com\/wp-content\/uploads\/2025\/12\/Plastic-square-loose-powder-travel-case-with-sifter-15g-6-100x100.jpg 100w\" sizes=\"(max-width: 750px) 100vw, 750px\" \/><\/p>\n<p><img loading=\"lazy\" decoding=\"async\" class=\"size-full wp-image-12125\" src=\"https:\/\/www.alovey.com\/wp-content\/uploads\/2025\/12\/Plastic-square-loose-powder-travel-case-with-sifter-15g-5.jpg\" alt=\"loose powder travel case\" width=\"750\" height=\"750\" srcset=\"https:\/\/www.alovey.com\/wp-content\/uploads\/2025\/12\/Plastic-square-loose-powder-travel-case-with-sifter-15g-5.jpg 750w, https:\/\/www.alovey.com\/wp-content\/uploads\/2025\/12\/Plastic-square-loose-powder-travel-case-with-sifter-15g-5-300x300.jpg 300w, https:\/\/www.alovey.com\/wp-content\/uploads\/2025\/12\/Plastic-square-loose-powder-travel-case-with-sifter-15g-5-150x150.jpg 150w, https:\/\/www.alovey.com\/wp-content\/uploads\/2025\/12\/Plastic-square-loose-powder-travel-case-with-sifter-15g-5-12x12.jpg 12w, https:\/\/www.alovey.com\/wp-content\/uploads\/2025\/12\/Plastic-square-loose-powder-travel-case-with-sifter-15g-5-600x600.jpg 600w, https:\/\/www.alovey.com\/wp-content\/uploads\/2025\/12\/Plastic-square-loose-powder-travel-case-with-sifter-15g-5-100x100.jpg 100w\" sizes=\"(max-width: 750px) 100vw, 750px\" \/><\/p>\n<p><img loading=\"lazy\" decoding=\"async\" class=\"size-full wp-image-12124\" src=\"https:\/\/www.alovey.com\/wp-content\/uploads\/2025\/12\/Plastic-square-loose-powder-travel-case-with-sifter-15g-4.jpg\" alt=\"loose powder travel case\" width=\"750\" height=\"750\" srcset=\"https:\/\/www.alovey.com\/wp-content\/uploads\/2025\/12\/Plastic-square-loose-powder-travel-case-with-sifter-15g-4.jpg 750w, https:\/\/www.alovey.com\/wp-content\/uploads\/2025\/12\/Plastic-square-loose-powder-travel-case-with-sifter-15g-4-300x300.jpg 300w, https:\/\/www.alovey.com\/wp-content\/uploads\/2025\/12\/Plastic-square-loose-powder-travel-case-with-sifter-15g-4-150x150.jpg 150w, https:\/\/www.alovey.com\/wp-content\/uploads\/2025\/12\/Plastic-square-loose-powder-travel-case-with-sifter-15g-4-12x12.jpg 12w, https:\/\/www.alovey.com\/wp-content\/uploads\/2025\/12\/Plastic-square-loose-powder-travel-case-with-sifter-15g-4-600x600.jpg 600w, https:\/\/www.alovey.com\/wp-content\/uploads\/2025\/12\/Plastic-square-loose-powder-travel-case-with-sifter-15g-4-100x100.jpg 100w\" sizes=\"(max-width: 750px) 100vw, 750px\" \/><\/p>\n<p>&nbsp;<\/p>\n<p>&nbsp;<\/p>\n<p>&nbsp;<\/p>\n<p>&nbsp;<\/p>\n<p>&nbsp;<\/p>\n<div class=\"mceTemp\"><\/div>\n<p>&nbsp;<\/p>\n<p>&nbsp;<\/p>\n<p>&nbsp;<\/p>\n<p>&nbsp;<\/p>\n<p>&nbsp;<\/p>\n<p>&nbsp;<\/p>\n<p>&nbsp;<\/p>\n<p>&nbsp;<\/p>\n<p>&nbsp;<\/p>\n<p>&nbsp;<\/p>\n<p>&nbsp;<\/p>\n<p>&nbsp;<\/p>\n<p>&nbsp;<\/p>\n<p>&nbsp;<\/p>\n<p>&nbsp;<\/p>\n<p>&nbsp;<\/p>\n<p>&nbsp;<\/p>\n<p>&nbsp;<\/p>\n<p>&nbsp;<\/p>\n<p>&nbsp;<\/p>\n<p>&nbsp;<\/p>\n<p>&nbsp;<\/p>\n<p>&nbsp;<\/p>\n<p>&nbsp;<\/p>\n<p>&nbsp;<\/p>\n<p>&nbsp;<\/p>\n<p>&nbsp;<\/p>\n<p>&nbsp;<\/p>\n<p>&nbsp;<\/p>\n<p>&nbsp;<\/p>\n<p>&nbsp;<\/p>\n<p>&nbsp;<\/p>\n<p>&nbsp;<\/p>\n<p>&nbsp;<\/p>\n<p>&nbsp;<\/p>\n<p>&nbsp;<\/p>\n<p>&nbsp;<\/p>\n<p>&nbsp;<\/p>\n<p>&nbsp;<\/p>\n<p>&nbsp;<\/p>\n<p>&nbsp;<\/p>\n<p>&nbsp;<\/p>\n<p>&nbsp;<\/p>\n<p>&nbsp;<\/p>\n<p>&nbsp;<\/p>\n<p>&nbsp;<\/p>\n<p>&nbsp;<\/p>\n<p>&nbsp;<\/p>\n<p>&nbsp;<\/p>\n<p>&nbsp;<\/p>\n<p>&nbsp;<\/p>\n<p>&nbsp;<\/p>\n<p>&nbsp;<\/p>\n<p>&nbsp;<\/p>\n<p>&nbsp;<\/p>\n<p>&nbsp;<\/p>\n<p>&nbsp;<\/p>\n<p>&nbsp;<\/p>\n<p>&nbsp;<\/p>\n<p>&nbsp;<\/p>","protected":false},"excerpt":{"rendered":"<ul>\n<li>Item No:P-J0084A<\/li>\n<li>Material: Pl\u00e1stico<\/li>\n<li>Capacity: 15G<\/li>\n<li>Size:\u00a0W73*H30.5MM<\/li>\n<li>Aplica\u00e7\u00f5es: Produtos de beleza<\/li>\n<li>MOQ: 12.000 unidades<\/li>\n<li>Cor: cor personalizada<\/li>\n<li>Tratamento de superf\u00edcie: Inje\u00e7\u00e3o\/Matte\/Metaliza\u00e7\u00e3o\/Revestimento UV<\/li>\n<li>Nome da marca: OEM\/ODM<\/li>\n<li>Logotipo: Logotipo do cliente<\/li>\n<li>Capacidade de fornecimento: 100.000 pe\u00e7as por m\u00eas<\/li>\n<\/ul>\n<p>&nbsp;<\/p>\n<p>&nbsp;<\/p>","protected":false},"featured_media":12127,"template":"","meta":{"_acf_changed":false},"product_brand":[],"product_cat":[383],"product_tag":[395,424],"class_list":{"0":"post-12123","1":"product","2":"type-product","3":"status-publish","4":"has-post-thumbnail","6":"product_cat-the-best-cosmetic-jar","7":"product_tag-cosmetic-jar","8":"product_tag-loose-powder-jar","10":"first","11":"instock","12":"shipping-taxable","13":"product-type-simple"},"acf":[],"yoast_head":"<!-- This site is optimized with the Yoast SEO plugin v24.1 - https:\/\/yoast.com\/wordpress\/plugins\/seo\/ -->\n<title>Plastic square loose powder travel case with sifter 15g<\/title>\n<meta name=\"description\" content=\"Plastic square luxury loose powder travel case (15g) with sifter allows users to easily see the remaining powder inside.\" \/>\n<meta name=\"robots\" content=\"index, follow, max-snippet:-1, max-image-preview:large, max-video-preview:-1\" \/>\n<link rel=\"canonical\" href=\"https:\/\/www.alovey.com\/pt\/produto\/plastic-square-loose-powder-travel-case-with-sifter-15g\/\" \/>\n<meta property=\"og:locale\" content=\"pt_BR\" \/>\n<meta property=\"og:type\" content=\"article\" \/>\n<meta property=\"og:title\" content=\"Plastic square loose powder travel case with sifter 15g\" \/>\n<meta property=\"og:description\" content=\"Plastic square luxury loose powder travel case (15g) with sifter allows users to easily see the remaining powder inside.\" \/>\n<meta property=\"og:url\" content=\"https:\/\/www.alovey.com\/pt\/produto\/plastic-square-loose-powder-travel-case-with-sifter-15g\/\" \/>\n<meta property=\"og:site_name\" content=\"Best Cosmetic Packaging Manufacture\" \/>\n<meta property=\"article:modified_time\" content=\"2025-12-04T08:41:36+00:00\" \/>\n<meta property=\"og:image\" content=\"https:\/\/www.alovey.com\/wp-content\/uploads\/2025\/12\/Plastic-square-loose-powder-travel-case-with-sifter-15g-2.jpg\" \/>\n\t<meta property=\"og:image:width\" content=\"750\" \/>\n\t<meta property=\"og:image:height\" content=\"750\" \/>\n\t<meta property=\"og:image:type\" content=\"image\/jpeg\" \/>\n<meta name=\"twitter:card\" content=\"summary_large_image\" \/>\n<meta name=\"twitter:label1\" content=\"Est. tempo de leitura\" \/>\n\t<meta name=\"twitter:data1\" content=\"2 minutos\" \/>\n<script type=\"application\/ld+json\" class=\"yoast-schema-graph\">{\"@context\":\"https:\/\/schema.org\",\"@graph\":[{\"@type\":\"WebPage\",\"@id\":\"https:\/\/www.alovey.com\/product\/plastic-square-loose-powder-travel-case-with-sifter-15g\/\",\"url\":\"https:\/\/www.alovey.com\/product\/plastic-square-loose-powder-travel-case-with-sifter-15g\/\",\"name\":\"Plastic square loose powder travel case with sifter 15g\",\"isPartOf\":{\"@id\":\"https:\/\/www.alovey.com\/#website\"},\"primaryImageOfPage\":{\"@id\":\"https:\/\/www.alovey.com\/product\/plastic-square-loose-powder-travel-case-with-sifter-15g\/#primaryimage\"},\"image\":{\"@id\":\"https:\/\/www.alovey.com\/product\/plastic-square-loose-powder-travel-case-with-sifter-15g\/#primaryimage\"},\"thumbnailUrl\":\"https:\/\/www.alovey.com\/wp-content\/uploads\/2025\/12\/Plastic-square-loose-powder-travel-case-with-sifter-15g-2.jpg\",\"datePublished\":\"2025-12-04T07:54:12+00:00\",\"dateModified\":\"2025-12-04T08:41:36+00:00\",\"description\":\"Plastic square luxury loose powder travel case (15g) with sifter allows users to easily see the remaining powder inside.\",\"breadcrumb\":{\"@id\":\"https:\/\/www.alovey.com\/product\/plastic-square-loose-powder-travel-case-with-sifter-15g\/#breadcrumb\"},\"inLanguage\":\"pt-BR\",\"potentialAction\":[{\"@type\":\"ReadAction\",\"target\":[\"https:\/\/www.alovey.com\/product\/plastic-square-loose-powder-travel-case-with-sifter-15g\/\"]}]},{\"@type\":\"ImageObject\",\"inLanguage\":\"pt-BR\",\"@id\":\"https:\/\/www.alovey.com\/product\/plastic-square-loose-powder-travel-case-with-sifter-15g\/#primaryimage\",\"url\":\"https:\/\/www.alovey.com\/wp-content\/uploads\/2025\/12\/Plastic-square-loose-powder-travel-case-with-sifter-15g-2.jpg\",\"contentUrl\":\"https:\/\/www.alovey.com\/wp-content\/uploads\/2025\/12\/Plastic-square-loose-powder-travel-case-with-sifter-15g-2.jpg\",\"width\":750,\"height\":750,\"caption\":\"Plastic square loose powder travel case with sifter 15g\"},{\"@type\":\"BreadcrumbList\",\"@id\":\"https:\/\/www.alovey.com\/product\/plastic-square-loose-powder-travel-case-with-sifter-15g\/#breadcrumb\",\"itemListElement\":[{\"@type\":\"ListItem\",\"position\":1,\"name\":\"\u9996\u9875\",\"item\":\"https:\/\/www.alovey.com\/\"},{\"@type\":\"ListItem\",\"position\":2,\"name\":\"Products\",\"item\":\"https:\/\/www.alovey.com\/products\/\"},{\"@type\":\"ListItem\",\"position\":3,\"name\":\"Plastic square loose powder travel case with sifter 15g\"}]},{\"@type\":\"WebSite\",\"@id\":\"https:\/\/www.alovey.com\/#website\",\"url\":\"https:\/\/www.alovey.com\/\",\"name\":\"Best Cosmetic Packaging Manufacture\",\"description\":\"Alovey Cosmetic Packaging Co.,Ltd\",\"publisher\":{\"@id\":\"https:\/\/www.alovey.com\/#organization\"},\"potentialAction\":[{\"@type\":\"SearchAction\",\"target\":{\"@type\":\"EntryPoint\",\"urlTemplate\":\"https:\/\/www.alovey.com\/?s={search_term_string}\"},\"query-input\":{\"@type\":\"PropertyValueSpecification\",\"valueRequired\":true,\"valueName\":\"search_term_string\"}}],\"inLanguage\":\"pt-BR\"},{\"@type\":\"Organization\",\"@id\":\"https:\/\/www.alovey.com\/#organization\",\"name\":\"Best Cosmetic Packaging Manufacture\",\"url\":\"https:\/\/www.alovey.com\/\",\"logo\":{\"@type\":\"ImageObject\",\"inLanguage\":\"pt-BR\",\"@id\":\"https:\/\/www.alovey.com\/#\/schema\/logo\/image\/\",\"url\":\"https:\/\/www.alovey.com\/wp-content\/uploads\/2023\/03\/logo.png\",\"contentUrl\":\"https:\/\/www.alovey.com\/wp-content\/uploads\/2023\/03\/logo.png\",\"width\":505,\"height\":180,\"caption\":\"Best  Cosmetic Packaging Manufacture\"},\"image\":{\"@id\":\"https:\/\/www.alovey.com\/#\/schema\/logo\/image\/\"}}]}<\/script>\n<!-- \/ Yoast SEO plugin. -->","yoast_head_json":{"title":"Plastic square loose powder travel case with sifter 15g","description":"Plastic square luxury loose powder travel case (15g) with sifter allows users to easily see the remaining powder inside.","robots":{"index":"index","follow":"follow","max-snippet":"max-snippet:-1","max-image-preview":"max-image-preview:large","max-video-preview":"max-video-preview:-1"},"canonical":"https:\/\/www.alovey.com\/pt\/produto\/plastic-square-loose-powder-travel-case-with-sifter-15g\/","og_locale":"pt_BR","og_type":"article","og_title":"Plastic square loose powder travel case with sifter 15g","og_description":"Plastic square luxury loose powder travel case (15g) with sifter allows users to easily see the remaining powder inside.","og_url":"https:\/\/www.alovey.com\/pt\/produto\/plastic-square-loose-powder-travel-case-with-sifter-15g\/","og_site_name":"Best Cosmetic Packaging Manufacture","article_modified_time":"2025-12-04T08:41:36+00:00","og_image":[{"width":750,"height":750,"url":"https:\/\/www.alovey.com\/wp-content\/uploads\/2025\/12\/Plastic-square-loose-powder-travel-case-with-sifter-15g-2.jpg","type":"image\/jpeg"}],"twitter_card":"summary_large_image","twitter_misc":{"Est. tempo de leitura":"2 minutos"},"schema":{"@context":"https:\/\/schema.org","@graph":[{"@type":"WebPage","@id":"https:\/\/www.alovey.com\/product\/plastic-square-loose-powder-travel-case-with-sifter-15g\/","url":"https:\/\/www.alovey.com\/product\/plastic-square-loose-powder-travel-case-with-sifter-15g\/","name":"Plastic square loose powder travel case with sifter 15g","isPartOf":{"@id":"https:\/\/www.alovey.com\/#website"},"primaryImageOfPage":{"@id":"https:\/\/www.alovey.com\/product\/plastic-square-loose-powder-travel-case-with-sifter-15g\/#primaryimage"},"image":{"@id":"https:\/\/www.alovey.com\/product\/plastic-square-loose-powder-travel-case-with-sifter-15g\/#primaryimage"},"thumbnailUrl":"https:\/\/www.alovey.com\/wp-content\/uploads\/2025\/12\/Plastic-square-loose-powder-travel-case-with-sifter-15g-2.jpg","datePublished":"2025-12-04T07:54:12+00:00","dateModified":"2025-12-04T08:41:36+00:00","description":"Plastic square luxury loose powder travel case (15g) with sifter allows users to easily see the remaining powder inside.","breadcrumb":{"@id":"https:\/\/www.alovey.com\/product\/plastic-square-loose-powder-travel-case-with-sifter-15g\/#breadcrumb"},"inLanguage":"pt-BR","potentialAction":[{"@type":"ReadAction","target":["https:\/\/www.alovey.com\/product\/plastic-square-loose-powder-travel-case-with-sifter-15g\/"]}]},{"@type":"ImageObject","inLanguage":"pt-BR","@id":"https:\/\/www.alovey.com\/product\/plastic-square-loose-powder-travel-case-with-sifter-15g\/#primaryimage","url":"https:\/\/www.alovey.com\/wp-content\/uploads\/2025\/12\/Plastic-square-loose-powder-travel-case-with-sifter-15g-2.jpg","contentUrl":"https:\/\/www.alovey.com\/wp-content\/uploads\/2025\/12\/Plastic-square-loose-powder-travel-case-with-sifter-15g-2.jpg","width":750,"height":750,"caption":"Plastic square loose powder travel case with sifter 15g"},{"@type":"BreadcrumbList","@id":"https:\/\/www.alovey.com\/product\/plastic-square-loose-powder-travel-case-with-sifter-15g\/#breadcrumb","itemListElement":[{"@type":"ListItem","position":1,"name":"\u9996\u9875","item":"https:\/\/www.alovey.com\/"},{"@type":"ListItem","position":2,"name":"Products","item":"https:\/\/www.alovey.com\/products\/"},{"@type":"ListItem","position":3,"name":"Plastic square loose powder travel case with sifter 15g"}]},{"@type":"WebSite","@id":"https:\/\/www.alovey.com\/#website","url":"https:\/\/www.alovey.com\/","name":"Best Cosmetic Packaging Manufacture","description":"Alovey Cosmetic Packaging Co.,Ltd","publisher":{"@id":"https:\/\/www.alovey.com\/#organization"},"potentialAction":[{"@type":"SearchAction","target":{"@type":"EntryPoint","urlTemplate":"https:\/\/www.alovey.com\/?s={search_term_string}"},"query-input":{"@type":"PropertyValueSpecification","valueRequired":true,"valueName":"search_term_string"}}],"inLanguage":"pt-BR"},{"@type":"Organization","@id":"https:\/\/www.alovey.com\/#organization","name":"Best Cosmetic Packaging Manufacture","url":"https:\/\/www.alovey.com\/","logo":{"@type":"ImageObject","inLanguage":"pt-BR","@id":"https:\/\/www.alovey.com\/#\/schema\/logo\/image\/","url":"https:\/\/www.alovey.com\/wp-content\/uploads\/2023\/03\/logo.png","contentUrl":"https:\/\/www.alovey.com\/wp-content\/uploads\/2023\/03\/logo.png","width":505,"height":180,"caption":"Best  Cosmetic Packaging Manufacture"},"image":{"@id":"https:\/\/www.alovey.com\/#\/schema\/logo\/image\/"}}]}},"_links":{"self":[{"href":"https:\/\/www.alovey.com\/pt\/wp-json\/wp\/v2\/product\/12123"}],"collection":[{"href":"https:\/\/www.alovey.com\/pt\/wp-json\/wp\/v2\/product"}],"about":[{"href":"https:\/\/www.alovey.com\/pt\/wp-json\/wp\/v2\/types\/product"}],"wp:featuredmedia":[{"embeddable":true,"href":"https:\/\/www.alovey.com\/pt\/wp-json\/wp\/v2\/media\/12127"}],"wp:attachment":[{"href":"https:\/\/www.alovey.com\/pt\/wp-json\/wp\/v2\/media?parent=12123"}],"wp:term":[{"taxonomy":"product_brand","embeddable":true,"href":"https:\/\/www.alovey.com\/pt\/wp-json\/wp\/v2\/product_brand?post=12123"},{"taxonomy":"product_cat","embeddable":true,"href":"https:\/\/www.alovey.com\/pt\/wp-json\/wp\/v2\/product_cat?post=12123"},{"taxonomy":"product_tag","embeddable":true,"href":"https:\/\/www.alovey.com\/pt\/wp-json\/wp\/v2\/product_tag?post=12123"}],"curies":[{"name":"wp","href":"https:\/\/api.w.org\/{rel}","templated":true}]}}