{"id":12004,"date":"2025-11-14T06:49:26","date_gmt":"2025-11-14T06:49:26","guid":{"rendered":"https:\/\/www.alovey.com\/?post_type=product&#038;p=12004"},"modified":"2025-11-19T09:13:20","modified_gmt":"2025-11-19T09:13:20","slug":"custom-eye-makeup-remover-blue-bottle-50ml","status":"publish","type":"product","link":"https:\/\/www.alovey.com\/pt\/produto\/custom-eye-makeup-remover-blue-bottle-50ml\/","title":{"rendered":"Custom eye makeup remover blue bottle 50ml"},"content":{"rendered":"<p><strong>We welcome custom eye makeup remover blue bottle.<\/strong><\/p>\n<p><strong>This 50ml travel-size bottle is made from high-quality PET material, offering impact resistance, durability, and a lightweight design. Its rigid construction allows the bottle to stand upright, making it practical for daily use and travel.<\/strong><\/p>\n<p><strong>Perfect for storing a variety of personal care products such as toner, shampoo, lotion, conditioner, makeup remover, cleansing oil, and more, this versatile bottle keeps your essentials organized on the go.<\/strong><\/p>\n<p><strong>A Alovey, como fabricante profissional chinesa de embalagens para cosm\u00e9ticos, produz uma linha requintada de embalagens personalizadas para cosm\u00e9ticos, meticulosamente elaboradas para elevar sua marca. Nossa sele\u00e7\u00e3o diversificada de materiais premium, combinada com t\u00e9cnicas delicadas de acabamento de superf\u00edcie, como impress\u00e3o em tela de seda, hot stamping e pulveriza\u00e7\u00e3o fosca, garante que cada embalagem seja uma obra-prima exclusiva.<\/strong><\/p>\n<figure id=\"attachment_12010\" aria-describedby=\"caption-attachment-12010\" style=\"width: 750px\" class=\"wp-caption alignnone\"><img fetchpriority=\"high\" decoding=\"async\" class=\"size-full wp-image-12010\" src=\"https:\/\/www.alovey.com\/wp-content\/uploads\/2025\/11\/Custom-eye-makeup-remover-blue-bottle-50ml-5.jpg\" alt=\"makeup remover blue bottle\" width=\"750\" height=\"750\" srcset=\"https:\/\/www.alovey.com\/wp-content\/uploads\/2025\/11\/Custom-eye-makeup-remover-blue-bottle-50ml-5.jpg 750w, https:\/\/www.alovey.com\/wp-content\/uploads\/2025\/11\/Custom-eye-makeup-remover-blue-bottle-50ml-5-300x300.jpg 300w, https:\/\/www.alovey.com\/wp-content\/uploads\/2025\/11\/Custom-eye-makeup-remover-blue-bottle-50ml-5-150x150.jpg 150w, https:\/\/www.alovey.com\/wp-content\/uploads\/2025\/11\/Custom-eye-makeup-remover-blue-bottle-50ml-5-12x12.jpg 12w, https:\/\/www.alovey.com\/wp-content\/uploads\/2025\/11\/Custom-eye-makeup-remover-blue-bottle-50ml-5-600x600.jpg 600w, https:\/\/www.alovey.com\/wp-content\/uploads\/2025\/11\/Custom-eye-makeup-remover-blue-bottle-50ml-5-100x100.jpg 100w\" sizes=\"(max-width: 750px) 100vw, 750px\" \/><figcaption id=\"caption-attachment-12010\" class=\"wp-caption-text\">\u00a0<\/figcaption><\/figure>\n<figure id=\"attachment_12009\" aria-describedby=\"caption-attachment-12009\" style=\"width: 750px\" class=\"wp-caption alignnone\"><img decoding=\"async\" class=\"size-full wp-image-12009\" src=\"https:\/\/www.alovey.com\/wp-content\/uploads\/2025\/11\/Custom-eye-makeup-remover-blue-bottle-50ml-4.jpg\" alt=\"makeup remover blue bottle\" width=\"750\" height=\"750\" srcset=\"https:\/\/www.alovey.com\/wp-content\/uploads\/2025\/11\/Custom-eye-makeup-remover-blue-bottle-50ml-4.jpg 750w, https:\/\/www.alovey.com\/wp-content\/uploads\/2025\/11\/Custom-eye-makeup-remover-blue-bottle-50ml-4-300x300.jpg 300w, https:\/\/www.alovey.com\/wp-content\/uploads\/2025\/11\/Custom-eye-makeup-remover-blue-bottle-50ml-4-150x150.jpg 150w, https:\/\/www.alovey.com\/wp-content\/uploads\/2025\/11\/Custom-eye-makeup-remover-blue-bottle-50ml-4-12x12.jpg 12w, https:\/\/www.alovey.com\/wp-content\/uploads\/2025\/11\/Custom-eye-makeup-remover-blue-bottle-50ml-4-600x600.jpg 600w, https:\/\/www.alovey.com\/wp-content\/uploads\/2025\/11\/Custom-eye-makeup-remover-blue-bottle-50ml-4-100x100.jpg 100w\" sizes=\"(max-width: 750px) 100vw, 750px\" \/><figcaption id=\"caption-attachment-12009\" class=\"wp-caption-text\">\u00a0<\/figcaption><\/figure>\n<figure id=\"attachment_12008\" aria-describedby=\"caption-attachment-12008\" style=\"width: 750px\" class=\"wp-caption alignnone\"><img decoding=\"async\" class=\"size-full wp-image-12008\" src=\"https:\/\/www.alovey.com\/wp-content\/uploads\/2025\/11\/Custom-eye-makeup-remover-blue-bottle-50ml-3.jpg\" alt=\"makeup remover blue bottle\" width=\"750\" height=\"750\" srcset=\"https:\/\/www.alovey.com\/wp-content\/uploads\/2025\/11\/Custom-eye-makeup-remover-blue-bottle-50ml-3.jpg 750w, https:\/\/www.alovey.com\/wp-content\/uploads\/2025\/11\/Custom-eye-makeup-remover-blue-bottle-50ml-3-300x300.jpg 300w, https:\/\/www.alovey.com\/wp-content\/uploads\/2025\/11\/Custom-eye-makeup-remover-blue-bottle-50ml-3-150x150.jpg 150w, https:\/\/www.alovey.com\/wp-content\/uploads\/2025\/11\/Custom-eye-makeup-remover-blue-bottle-50ml-3-12x12.jpg 12w, https:\/\/www.alovey.com\/wp-content\/uploads\/2025\/11\/Custom-eye-makeup-remover-blue-bottle-50ml-3-600x600.jpg 600w, https:\/\/www.alovey.com\/wp-content\/uploads\/2025\/11\/Custom-eye-makeup-remover-blue-bottle-50ml-3-100x100.jpg 100w\" sizes=\"(max-width: 750px) 100vw, 750px\" \/><figcaption id=\"caption-attachment-12008\" class=\"wp-caption-text\">\u00a0<\/figcaption><\/figure>\n<figure id=\"attachment_12007\" aria-describedby=\"caption-attachment-12007\" style=\"width: 750px\" class=\"wp-caption alignnone\"><img loading=\"lazy\" decoding=\"async\" class=\"size-full wp-image-12007\" src=\"https:\/\/www.alovey.com\/wp-content\/uploads\/2025\/11\/Custom-eye-makeup-remover-blue-bottle-50ml-2.jpg\" alt=\"makeup remover blue bottle\" width=\"750\" height=\"750\" srcset=\"https:\/\/www.alovey.com\/wp-content\/uploads\/2025\/11\/Custom-eye-makeup-remover-blue-bottle-50ml-2.jpg 750w, https:\/\/www.alovey.com\/wp-content\/uploads\/2025\/11\/Custom-eye-makeup-remover-blue-bottle-50ml-2-300x300.jpg 300w, https:\/\/www.alovey.com\/wp-content\/uploads\/2025\/11\/Custom-eye-makeup-remover-blue-bottle-50ml-2-150x150.jpg 150w, https:\/\/www.alovey.com\/wp-content\/uploads\/2025\/11\/Custom-eye-makeup-remover-blue-bottle-50ml-2-12x12.jpg 12w, https:\/\/www.alovey.com\/wp-content\/uploads\/2025\/11\/Custom-eye-makeup-remover-blue-bottle-50ml-2-600x600.jpg 600w, https:\/\/www.alovey.com\/wp-content\/uploads\/2025\/11\/Custom-eye-makeup-remover-blue-bottle-50ml-2-100x100.jpg 100w\" sizes=\"(max-width: 750px) 100vw, 750px\" \/><figcaption id=\"caption-attachment-12007\" class=\"wp-caption-text\">\u00a0<\/figcaption><\/figure>\n<figure id=\"attachment_12006\" aria-describedby=\"caption-attachment-12006\" style=\"width: 750px\" class=\"wp-caption alignnone\"><img loading=\"lazy\" decoding=\"async\" class=\"size-full wp-image-12006\" src=\"https:\/\/www.alovey.com\/wp-content\/uploads\/2025\/11\/Custom-eye-makeup-remover-blue-bottle-50ml-1.jpg\" alt=\"makeup remover blue bottle\" width=\"750\" height=\"750\" srcset=\"https:\/\/www.alovey.com\/wp-content\/uploads\/2025\/11\/Custom-eye-makeup-remover-blue-bottle-50ml-1.jpg 750w, https:\/\/www.alovey.com\/wp-content\/uploads\/2025\/11\/Custom-eye-makeup-remover-blue-bottle-50ml-1-300x300.jpg 300w, https:\/\/www.alovey.com\/wp-content\/uploads\/2025\/11\/Custom-eye-makeup-remover-blue-bottle-50ml-1-150x150.jpg 150w, https:\/\/www.alovey.com\/wp-content\/uploads\/2025\/11\/Custom-eye-makeup-remover-blue-bottle-50ml-1-12x12.jpg 12w, https:\/\/www.alovey.com\/wp-content\/uploads\/2025\/11\/Custom-eye-makeup-remover-blue-bottle-50ml-1-600x600.jpg 600w, https:\/\/www.alovey.com\/wp-content\/uploads\/2025\/11\/Custom-eye-makeup-remover-blue-bottle-50ml-1-100x100.jpg 100w\" sizes=\"(max-width: 750px) 100vw, 750px\" \/><figcaption id=\"caption-attachment-12006\" class=\"wp-caption-text\">\u00a0<\/figcaption><\/figure>\n<figure id=\"attachment_12005\" aria-describedby=\"caption-attachment-12005\" style=\"width: 630px\" class=\"wp-caption alignnone\"><img loading=\"lazy\" decoding=\"async\" class=\"size-full wp-image-12005\" src=\"https:\/\/www.alovey.com\/wp-content\/uploads\/2025\/11\/Custom-eye-makeup-remover-blue-bottle-50ml-8.jpg\" alt=\"makeup remover blue bottle\" width=\"630\" height=\"630\" srcset=\"https:\/\/www.alovey.com\/wp-content\/uploads\/2025\/11\/Custom-eye-makeup-remover-blue-bottle-50ml-8.jpg 630w, https:\/\/www.alovey.com\/wp-content\/uploads\/2025\/11\/Custom-eye-makeup-remover-blue-bottle-50ml-8-300x300.jpg 300w, https:\/\/www.alovey.com\/wp-content\/uploads\/2025\/11\/Custom-eye-makeup-remover-blue-bottle-50ml-8-150x150.jpg 150w, https:\/\/www.alovey.com\/wp-content\/uploads\/2025\/11\/Custom-eye-makeup-remover-blue-bottle-50ml-8-12x12.jpg 12w, https:\/\/www.alovey.com\/wp-content\/uploads\/2025\/11\/Custom-eye-makeup-remover-blue-bottle-50ml-8-600x600.jpg 600w, https:\/\/www.alovey.com\/wp-content\/uploads\/2025\/11\/Custom-eye-makeup-remover-blue-bottle-50ml-8-100x100.jpg 100w\" sizes=\"(max-width: 630px) 100vw, 630px\" \/><figcaption id=\"caption-attachment-12005\" class=\"wp-caption-text\">\u00a0<\/figcaption><\/figure>\n<p>&nbsp;<\/p>\n<p>&nbsp;<\/p>\n<p>&nbsp;<\/p>\n<p>&nbsp;<\/p>\n<p>&nbsp;<\/p>\n<p>&nbsp;<\/p>\n<p>&nbsp;<\/p>\n<p>&nbsp;<\/p>\n<p>&nbsp;<\/p>\n<p>&nbsp;<\/p>\n<p>&nbsp;<\/p>\n<p>&nbsp;<\/p>\n<p>&nbsp;<\/p>\n<p>&nbsp;<\/p>\n<p>&nbsp;<\/p>\n<p>&nbsp;<\/p>\n<p>&nbsp;<\/p>\n<p>&nbsp;<\/p>\n<p>&nbsp;<\/p>\n<p>&nbsp;<\/p>\n<p>&nbsp;<\/p>\n<p>&nbsp;<\/p>\n<p>&nbsp;<\/p>\n<p>&nbsp;<\/p>\n<p>&nbsp;<\/p>\n<p>&nbsp;<\/p>\n<p>&nbsp;<\/p>\n<p>&nbsp;<\/p>\n<p>&nbsp;<\/p>\n<p>&nbsp;<\/p>\n<p>&nbsp;<\/p>\n<p>&nbsp;<\/p>\n<p>&nbsp;<\/p>\n<p>&nbsp;<\/p>\n<p>&nbsp;<\/p>\n<p>&nbsp;<\/p>\n<p>&nbsp;<\/p>\n<p>&nbsp;<\/p>\n<p>&nbsp;<\/p>\n<p>&nbsp;<\/p>\n<p>&nbsp;<\/p>\n<p>&nbsp;<\/p>\n<p>&nbsp;<\/p>\n<p>&nbsp;<\/p>\n<p>&nbsp;<\/p>\n<p>&nbsp;<\/p>\n<p>&nbsp;<\/p>\n<p>&nbsp;<\/p>\n<p>&nbsp;<\/p>\n<p>&nbsp;<\/p>\n<p>&nbsp;<\/p>\n<p>&nbsp;<\/p>\n<p>&nbsp;<\/p>\n<p>&nbsp;<\/p>\n<p>&nbsp;<\/p>\n<p>&nbsp;<\/p>\n<p>&nbsp;<\/p>\n<p>&nbsp;<\/p>\n<p>&nbsp;<\/p>\n<p>&nbsp;<\/p>\n<p>&nbsp;<\/p>\n<p>&nbsp;<\/p>\n<p>&nbsp;<\/p>\n<p>&nbsp;<\/p>\n<p>&nbsp;<\/p>\n<p>&nbsp;<\/p>\n<p>&nbsp;<\/p>\n<p>&nbsp;<\/p>\n<p>&nbsp;<\/p>\n<p>&nbsp;<\/p>\n<p>&nbsp;<\/p>\n<p>&nbsp;<\/p>\n<p>&nbsp;<\/p>\n<p>&nbsp;<\/p>\n<p>&nbsp;<\/p>\n<p>&nbsp;<\/p>\n<p>&nbsp;<\/p>\n<p>&nbsp;<\/p>\n<p>&nbsp;<\/p>\n<p>&nbsp;<\/p>\n<p>&nbsp;<\/p>\n<p>&nbsp;<\/p>\n<p>&nbsp;<\/p>\n<p>&nbsp;<\/p>\n<p>&nbsp;<\/p>\n<p>&nbsp;<\/p>\n<p>&nbsp;<\/p>\n<p>&nbsp;<\/p>\n<p>&nbsp;<\/p>\n<p>&nbsp;<\/p>\n<p>&nbsp;<\/p>\n<p>&nbsp;<\/p>\n<p>&nbsp;<\/p>\n<p>&nbsp;<\/p>\n<p>&nbsp;<\/p>\n<p>&nbsp;<\/p>\n<p>&nbsp;<\/p>\n<p>&nbsp;<\/p>\n<p>&nbsp;<\/p>\n<p>&nbsp;<\/p>\n<p>&nbsp;<\/p>\n<p>&nbsp;<\/p>\n<p>&nbsp;<\/p>\n<p>&nbsp;<\/p>\n<p>&nbsp;<\/p>\n<p>&nbsp;<\/p>\n<p>&nbsp;<\/p>\n<p>&nbsp;<\/p>\n<p>&nbsp;<\/p>\n<p>&nbsp;<\/p>\n<p>&nbsp;<\/p>\n<p>&nbsp;<\/p>\n<p>&nbsp;<\/p>\n<p>&nbsp;<\/p>\n<p>&nbsp;<\/p>\n<p>&nbsp;<\/p>\n<p>&nbsp;<\/p>\n<p>&nbsp;<\/p>\n<p>&nbsp;<\/p>\n<p>&nbsp;<\/p>","protected":false},"excerpt":{"rendered":"<ul>\n<li>Item No: B-H047A<\/li>\n<li>Material: Pl\u00e1stico<\/li>\n<li>Capacity: 50ml<\/li>\n<li>Size:\u00a0D35*H110MM<\/li>\n<li>Aplica\u00e7\u00f5es: Produtos de beleza<\/li>\n<li>MOQ: 12.000 unidades<\/li>\n<li>Cor: cor personalizada<\/li>\n<li>Tratamento de superf\u00edcie: Inje\u00e7\u00e3o\/Matte\/Metaliza\u00e7\u00e3o\/Revestimento UV<\/li>\n<li>Nome da marca: OEM\/ODM<\/li>\n<li>Logotipo: Logotipo do cliente<\/li>\n<li>Capacidade de fornecimento: 100.000 pe\u00e7as por m\u00eas<\/li>\n<\/ul>","protected":false},"featured_media":12006,"template":"","meta":{"_acf_changed":false},"product_brand":[],"product_cat":[382],"product_tag":[390],"class_list":{"0":"post-12004","1":"product","2":"type-product","3":"status-publish","4":"has-post-thumbnail","6":"product_cat-wholesale-cosmetic-bottles-containers","7":"product_tag-cosmetic-bottle","9":"first","10":"instock","11":"shipping-taxable","12":"product-type-simple"},"acf":[],"yoast_head":"<!-- This site is optimized with the Yoast SEO plugin v24.1 - https:\/\/yoast.com\/wordpress\/plugins\/seo\/ -->\n<title>Custom eye makeup remover blue bottle 50ml<\/title>\n<meta name=\"description\" content=\"We welcome custom eye makeup remover blue bottle. This 50ml travel-size bottle is made from high-quality PET material, offering impact resistance, durability, and a lightweight design.\" \/>\n<meta name=\"robots\" content=\"index, follow, max-snippet:-1, max-image-preview:large, max-video-preview:-1\" \/>\n<link rel=\"canonical\" href=\"https:\/\/www.alovey.com\/pt\/produto\/custom-eye-makeup-remover-blue-bottle-50ml\/\" \/>\n<meta property=\"og:locale\" content=\"pt_BR\" \/>\n<meta property=\"og:type\" content=\"article\" \/>\n<meta property=\"og:title\" content=\"Custom eye makeup remover blue bottle 50ml\" \/>\n<meta property=\"og:description\" content=\"We welcome custom eye makeup remover blue bottle. This 50ml travel-size bottle is made from high-quality PET material, offering impact resistance, durability, and a lightweight design.\" \/>\n<meta property=\"og:url\" content=\"https:\/\/www.alovey.com\/pt\/produto\/custom-eye-makeup-remover-blue-bottle-50ml\/\" \/>\n<meta property=\"og:site_name\" content=\"Best Cosmetic Packaging Manufacture\" \/>\n<meta property=\"article:modified_time\" content=\"2025-11-19T09:13:20+00:00\" \/>\n<meta property=\"og:image\" content=\"https:\/\/www.alovey.com\/wp-content\/uploads\/2025\/11\/Custom-eye-makeup-remover-blue-bottle-50ml-1.jpg\" \/>\n\t<meta property=\"og:image:width\" content=\"750\" \/>\n\t<meta property=\"og:image:height\" content=\"750\" \/>\n\t<meta property=\"og:image:type\" content=\"image\/jpeg\" \/>\n<meta name=\"twitter:card\" content=\"summary_large_image\" \/>\n<meta name=\"twitter:label1\" content=\"Est. tempo de leitura\" \/>\n\t<meta name=\"twitter:data1\" content=\"3 minutos\" \/>\n<script type=\"application\/ld+json\" class=\"yoast-schema-graph\">{\"@context\":\"https:\/\/schema.org\",\"@graph\":[{\"@type\":\"WebPage\",\"@id\":\"https:\/\/www.alovey.com\/product\/custom-eye-makeup-remover-blue-bottle-50ml\/\",\"url\":\"https:\/\/www.alovey.com\/product\/custom-eye-makeup-remover-blue-bottle-50ml\/\",\"name\":\"Custom eye makeup remover blue bottle 50ml\",\"isPartOf\":{\"@id\":\"https:\/\/www.alovey.com\/#website\"},\"primaryImageOfPage\":{\"@id\":\"https:\/\/www.alovey.com\/product\/custom-eye-makeup-remover-blue-bottle-50ml\/#primaryimage\"},\"image\":{\"@id\":\"https:\/\/www.alovey.com\/product\/custom-eye-makeup-remover-blue-bottle-50ml\/#primaryimage\"},\"thumbnailUrl\":\"https:\/\/www.alovey.com\/wp-content\/uploads\/2025\/11\/Custom-eye-makeup-remover-blue-bottle-50ml-1.jpg\",\"datePublished\":\"2025-11-14T06:49:26+00:00\",\"dateModified\":\"2025-11-19T09:13:20+00:00\",\"description\":\"We welcome custom eye makeup remover blue bottle. This 50ml travel-size bottle is made from high-quality PET material, offering impact resistance, durability, and a lightweight design.\",\"breadcrumb\":{\"@id\":\"https:\/\/www.alovey.com\/product\/custom-eye-makeup-remover-blue-bottle-50ml\/#breadcrumb\"},\"inLanguage\":\"pt-BR\",\"potentialAction\":[{\"@type\":\"ReadAction\",\"target\":[\"https:\/\/www.alovey.com\/product\/custom-eye-makeup-remover-blue-bottle-50ml\/\"]}]},{\"@type\":\"ImageObject\",\"inLanguage\":\"pt-BR\",\"@id\":\"https:\/\/www.alovey.com\/product\/custom-eye-makeup-remover-blue-bottle-50ml\/#primaryimage\",\"url\":\"https:\/\/www.alovey.com\/wp-content\/uploads\/2025\/11\/Custom-eye-makeup-remover-blue-bottle-50ml-1.jpg\",\"contentUrl\":\"https:\/\/www.alovey.com\/wp-content\/uploads\/2025\/11\/Custom-eye-makeup-remover-blue-bottle-50ml-1.jpg\",\"width\":750,\"height\":750,\"caption\":\"Custom eye makeup remover blue bottle 50ml\"},{\"@type\":\"BreadcrumbList\",\"@id\":\"https:\/\/www.alovey.com\/product\/custom-eye-makeup-remover-blue-bottle-50ml\/#breadcrumb\",\"itemListElement\":[{\"@type\":\"ListItem\",\"position\":1,\"name\":\"\u9996\u9875\",\"item\":\"https:\/\/www.alovey.com\/\"},{\"@type\":\"ListItem\",\"position\":2,\"name\":\"Products\",\"item\":\"https:\/\/www.alovey.com\/products\/\"},{\"@type\":\"ListItem\",\"position\":3,\"name\":\"Custom eye makeup remover blue bottle 50ml\"}]},{\"@type\":\"WebSite\",\"@id\":\"https:\/\/www.alovey.com\/#website\",\"url\":\"https:\/\/www.alovey.com\/\",\"name\":\"Best Cosmetic Packaging Manufacture\",\"description\":\"Alovey Cosmetic Packaging Co.,Ltd\",\"publisher\":{\"@id\":\"https:\/\/www.alovey.com\/#organization\"},\"potentialAction\":[{\"@type\":\"SearchAction\",\"target\":{\"@type\":\"EntryPoint\",\"urlTemplate\":\"https:\/\/www.alovey.com\/?s={search_term_string}\"},\"query-input\":{\"@type\":\"PropertyValueSpecification\",\"valueRequired\":true,\"valueName\":\"search_term_string\"}}],\"inLanguage\":\"pt-BR\"},{\"@type\":\"Organization\",\"@id\":\"https:\/\/www.alovey.com\/#organization\",\"name\":\"Best Cosmetic Packaging Manufacture\",\"url\":\"https:\/\/www.alovey.com\/\",\"logo\":{\"@type\":\"ImageObject\",\"inLanguage\":\"pt-BR\",\"@id\":\"https:\/\/www.alovey.com\/#\/schema\/logo\/image\/\",\"url\":\"https:\/\/www.alovey.com\/wp-content\/uploads\/2023\/03\/logo.png\",\"contentUrl\":\"https:\/\/www.alovey.com\/wp-content\/uploads\/2023\/03\/logo.png\",\"width\":505,\"height\":180,\"caption\":\"Best  Cosmetic Packaging Manufacture\"},\"image\":{\"@id\":\"https:\/\/www.alovey.com\/#\/schema\/logo\/image\/\"}}]}<\/script>\n<!-- \/ Yoast SEO plugin. -->","yoast_head_json":{"title":"Custom eye makeup remover blue bottle 50ml","description":"We welcome custom eye makeup remover blue bottle. This 50ml travel-size bottle is made from high-quality PET material, offering impact resistance, durability, and a lightweight design.","robots":{"index":"index","follow":"follow","max-snippet":"max-snippet:-1","max-image-preview":"max-image-preview:large","max-video-preview":"max-video-preview:-1"},"canonical":"https:\/\/www.alovey.com\/pt\/produto\/custom-eye-makeup-remover-blue-bottle-50ml\/","og_locale":"pt_BR","og_type":"article","og_title":"Custom eye makeup remover blue bottle 50ml","og_description":"We welcome custom eye makeup remover blue bottle. This 50ml travel-size bottle is made from high-quality PET material, offering impact resistance, durability, and a lightweight design.","og_url":"https:\/\/www.alovey.com\/pt\/produto\/custom-eye-makeup-remover-blue-bottle-50ml\/","og_site_name":"Best Cosmetic Packaging Manufacture","article_modified_time":"2025-11-19T09:13:20+00:00","og_image":[{"width":750,"height":750,"url":"https:\/\/www.alovey.com\/wp-content\/uploads\/2025\/11\/Custom-eye-makeup-remover-blue-bottle-50ml-1.jpg","type":"image\/jpeg"}],"twitter_card":"summary_large_image","twitter_misc":{"Est. tempo de leitura":"3 minutos"},"schema":{"@context":"https:\/\/schema.org","@graph":[{"@type":"WebPage","@id":"https:\/\/www.alovey.com\/product\/custom-eye-makeup-remover-blue-bottle-50ml\/","url":"https:\/\/www.alovey.com\/product\/custom-eye-makeup-remover-blue-bottle-50ml\/","name":"Custom eye makeup remover blue bottle 50ml","isPartOf":{"@id":"https:\/\/www.alovey.com\/#website"},"primaryImageOfPage":{"@id":"https:\/\/www.alovey.com\/product\/custom-eye-makeup-remover-blue-bottle-50ml\/#primaryimage"},"image":{"@id":"https:\/\/www.alovey.com\/product\/custom-eye-makeup-remover-blue-bottle-50ml\/#primaryimage"},"thumbnailUrl":"https:\/\/www.alovey.com\/wp-content\/uploads\/2025\/11\/Custom-eye-makeup-remover-blue-bottle-50ml-1.jpg","datePublished":"2025-11-14T06:49:26+00:00","dateModified":"2025-11-19T09:13:20+00:00","description":"We welcome custom eye makeup remover blue bottle. This 50ml travel-size bottle is made from high-quality PET material, offering impact resistance, durability, and a lightweight design.","breadcrumb":{"@id":"https:\/\/www.alovey.com\/product\/custom-eye-makeup-remover-blue-bottle-50ml\/#breadcrumb"},"inLanguage":"pt-BR","potentialAction":[{"@type":"ReadAction","target":["https:\/\/www.alovey.com\/product\/custom-eye-makeup-remover-blue-bottle-50ml\/"]}]},{"@type":"ImageObject","inLanguage":"pt-BR","@id":"https:\/\/www.alovey.com\/product\/custom-eye-makeup-remover-blue-bottle-50ml\/#primaryimage","url":"https:\/\/www.alovey.com\/wp-content\/uploads\/2025\/11\/Custom-eye-makeup-remover-blue-bottle-50ml-1.jpg","contentUrl":"https:\/\/www.alovey.com\/wp-content\/uploads\/2025\/11\/Custom-eye-makeup-remover-blue-bottle-50ml-1.jpg","width":750,"height":750,"caption":"Custom eye makeup remover blue bottle 50ml"},{"@type":"BreadcrumbList","@id":"https:\/\/www.alovey.com\/product\/custom-eye-makeup-remover-blue-bottle-50ml\/#breadcrumb","itemListElement":[{"@type":"ListItem","position":1,"name":"\u9996\u9875","item":"https:\/\/www.alovey.com\/"},{"@type":"ListItem","position":2,"name":"Products","item":"https:\/\/www.alovey.com\/products\/"},{"@type":"ListItem","position":3,"name":"Custom eye makeup remover blue bottle 50ml"}]},{"@type":"WebSite","@id":"https:\/\/www.alovey.com\/#website","url":"https:\/\/www.alovey.com\/","name":"Best Cosmetic Packaging Manufacture","description":"Alovey Cosmetic Packaging Co.,Ltd","publisher":{"@id":"https:\/\/www.alovey.com\/#organization"},"potentialAction":[{"@type":"SearchAction","target":{"@type":"EntryPoint","urlTemplate":"https:\/\/www.alovey.com\/?s={search_term_string}"},"query-input":{"@type":"PropertyValueSpecification","valueRequired":true,"valueName":"search_term_string"}}],"inLanguage":"pt-BR"},{"@type":"Organization","@id":"https:\/\/www.alovey.com\/#organization","name":"Best Cosmetic Packaging Manufacture","url":"https:\/\/www.alovey.com\/","logo":{"@type":"ImageObject","inLanguage":"pt-BR","@id":"https:\/\/www.alovey.com\/#\/schema\/logo\/image\/","url":"https:\/\/www.alovey.com\/wp-content\/uploads\/2023\/03\/logo.png","contentUrl":"https:\/\/www.alovey.com\/wp-content\/uploads\/2023\/03\/logo.png","width":505,"height":180,"caption":"Best  Cosmetic Packaging Manufacture"},"image":{"@id":"https:\/\/www.alovey.com\/#\/schema\/logo\/image\/"}}]}},"_links":{"self":[{"href":"https:\/\/www.alovey.com\/pt\/wp-json\/wp\/v2\/product\/12004"}],"collection":[{"href":"https:\/\/www.alovey.com\/pt\/wp-json\/wp\/v2\/product"}],"about":[{"href":"https:\/\/www.alovey.com\/pt\/wp-json\/wp\/v2\/types\/product"}],"wp:featuredmedia":[{"embeddable":true,"href":"https:\/\/www.alovey.com\/pt\/wp-json\/wp\/v2\/media\/12006"}],"wp:attachment":[{"href":"https:\/\/www.alovey.com\/pt\/wp-json\/wp\/v2\/media?parent=12004"}],"wp:term":[{"taxonomy":"product_brand","embeddable":true,"href":"https:\/\/www.alovey.com\/pt\/wp-json\/wp\/v2\/product_brand?post=12004"},{"taxonomy":"product_cat","embeddable":true,"href":"https:\/\/www.alovey.com\/pt\/wp-json\/wp\/v2\/product_cat?post=12004"},{"taxonomy":"product_tag","embeddable":true,"href":"https:\/\/www.alovey.com\/pt\/wp-json\/wp\/v2\/product_tag?post=12004"}],"curies":[{"name":"wp","href":"https:\/\/api.w.org\/{rel}","templated":true}]}}