{"id":11921,"date":"2025-10-30T09:32:04","date_gmt":"2025-10-30T09:32:04","guid":{"rendered":"https:\/\/www.alovey.com\/?post_type=product&#038;p=11921"},"modified":"2025-11-03T02:50:13","modified_gmt":"2025-11-03T02:50:13","slug":"oem-bullet-lipstick-bottle-supplier","status":"publish","type":"product","link":"https:\/\/www.alovey.com\/pt\/produto\/oem-bullet-lipstick-bottle-supplier\/","title":{"rendered":"OEM bullet lipstick bottle supplier"},"content":{"rendered":"<p><strong>This bullet lipstick bottle can \u00a0bring your lipstick line to life.<\/strong><\/p>\n<p><strong>The right cosmetic packaging partner makes all the difference.<\/strong><\/p>\n<p><strong>This premium OEM bullet lipstick bottle \u00a0offers a high-quality blank tube designed for private-label and custom branding \u2014 giving you a standout packaging solution that reflects quality, style and performance.<\/strong><\/p>\n<p><strong>Key Features<\/strong><\/p>\n<p><strong>High-quality materials \u2013 Crafted with durable ABS plastic \u00a0and compatible with standard bullet lipstick mechanisms<\/strong><\/p>\n<p><strong>Classic bullet shape \u2013 The iconic bullet tube form is instantly recognizable to consumers. Available in standard sizes (e.g., inner cup \u2248 12.1 mm) to fit industry-standard lipstick bullets. \u00a0<\/strong><\/p>\n<p><strong>Full customization &amp; finish options \u2013 From custom exterior colors (Pantone matching) to surface treatments like matte, soft-touch, metallic, UV coating, hot stamping or silk screen printing.<\/strong><\/p>\n<p><strong>Branding-friendly \u2013 These bullet lipstick bottles \u00a0allow you to imprint your logo, choose cap colours, base rings, and finish textures to align with your brand aesthetic.<\/strong><\/p>\n<p><strong>A Alovey, como fabricante profissional chinesa de embalagens para cosm\u00e9ticos, produz uma linha requintada de embalagens personalizadas para cosm\u00e9ticos, meticulosamente elaboradas para elevar sua marca. Nossa sele\u00e7\u00e3o diversificada de materiais premium, combinada com t\u00e9cnicas delicadas de acabamento de superf\u00edcie, como impress\u00e3o em tela de seda, hot stamping e pulveriza\u00e7\u00e3o fosca, garante que cada embalagem seja uma obra-prima exclusiva.<\/strong><\/p>\n<p><img fetchpriority=\"high\" decoding=\"async\" class=\"size-full wp-image-11927\" src=\"https:\/\/www.alovey.com\/wp-content\/uploads\/2025\/10\/OEM-bullet-lipstick-bottle-supplier-4.jpg\" alt=\"bullet lipstick bottle\" width=\"750\" height=\"750\" srcset=\"https:\/\/www.alovey.com\/wp-content\/uploads\/2025\/10\/OEM-bullet-lipstick-bottle-supplier-4.jpg 750w, https:\/\/www.alovey.com\/wp-content\/uploads\/2025\/10\/OEM-bullet-lipstick-bottle-supplier-4-300x300.jpg 300w, https:\/\/www.alovey.com\/wp-content\/uploads\/2025\/10\/OEM-bullet-lipstick-bottle-supplier-4-150x150.jpg 150w, https:\/\/www.alovey.com\/wp-content\/uploads\/2025\/10\/OEM-bullet-lipstick-bottle-supplier-4-12x12.jpg 12w, https:\/\/www.alovey.com\/wp-content\/uploads\/2025\/10\/OEM-bullet-lipstick-bottle-supplier-4-600x600.jpg 600w, https:\/\/www.alovey.com\/wp-content\/uploads\/2025\/10\/OEM-bullet-lipstick-bottle-supplier-4-100x100.jpg 100w\" sizes=\"(max-width: 750px) 100vw, 750px\" \/><\/p>\n<p><img decoding=\"async\" class=\"size-full wp-image-11926\" src=\"https:\/\/www.alovey.com\/wp-content\/uploads\/2025\/10\/OEM-bullet-lipstick-bottle-supplier-3.jpg\" alt=\"bullet lipstick bottle\" width=\"750\" height=\"750\" srcset=\"https:\/\/www.alovey.com\/wp-content\/uploads\/2025\/10\/OEM-bullet-lipstick-bottle-supplier-3.jpg 750w, https:\/\/www.alovey.com\/wp-content\/uploads\/2025\/10\/OEM-bullet-lipstick-bottle-supplier-3-300x300.jpg 300w, https:\/\/www.alovey.com\/wp-content\/uploads\/2025\/10\/OEM-bullet-lipstick-bottle-supplier-3-150x150.jpg 150w, https:\/\/www.alovey.com\/wp-content\/uploads\/2025\/10\/OEM-bullet-lipstick-bottle-supplier-3-12x12.jpg 12w, https:\/\/www.alovey.com\/wp-content\/uploads\/2025\/10\/OEM-bullet-lipstick-bottle-supplier-3-600x600.jpg 600w, https:\/\/www.alovey.com\/wp-content\/uploads\/2025\/10\/OEM-bullet-lipstick-bottle-supplier-3-100x100.jpg 100w\" sizes=\"(max-width: 750px) 100vw, 750px\" \/><\/p>\n<p><img decoding=\"async\" class=\"alignnone size-full wp-image-11925\" src=\"https:\/\/www.alovey.com\/wp-content\/uploads\/2025\/10\/OEM-bullet-lipstick-bottle-supplier-2.jpg\" alt=\"bullet lipstick bottle\" width=\"750\" height=\"750\" srcset=\"https:\/\/www.alovey.com\/wp-content\/uploads\/2025\/10\/OEM-bullet-lipstick-bottle-supplier-2.jpg 750w, https:\/\/www.alovey.com\/wp-content\/uploads\/2025\/10\/OEM-bullet-lipstick-bottle-supplier-2-300x300.jpg 300w, https:\/\/www.alovey.com\/wp-content\/uploads\/2025\/10\/OEM-bullet-lipstick-bottle-supplier-2-150x150.jpg 150w, https:\/\/www.alovey.com\/wp-content\/uploads\/2025\/10\/OEM-bullet-lipstick-bottle-supplier-2-12x12.jpg 12w, https:\/\/www.alovey.com\/wp-content\/uploads\/2025\/10\/OEM-bullet-lipstick-bottle-supplier-2-600x600.jpg 600w, https:\/\/www.alovey.com\/wp-content\/uploads\/2025\/10\/OEM-bullet-lipstick-bottle-supplier-2-100x100.jpg 100w\" sizes=\"(max-width: 750px) 100vw, 750px\" \/><\/p>\n<p><img loading=\"lazy\" decoding=\"async\" class=\"size-full wp-image-11924\" src=\"https:\/\/www.alovey.com\/wp-content\/uploads\/2025\/10\/OEM-bullet-lipstick-bottle-supplier-7.jpg\" alt=\"bullet lipstick bottle\" width=\"750\" height=\"750\" srcset=\"https:\/\/www.alovey.com\/wp-content\/uploads\/2025\/10\/OEM-bullet-lipstick-bottle-supplier-7.jpg 750w, https:\/\/www.alovey.com\/wp-content\/uploads\/2025\/10\/OEM-bullet-lipstick-bottle-supplier-7-300x300.jpg 300w, https:\/\/www.alovey.com\/wp-content\/uploads\/2025\/10\/OEM-bullet-lipstick-bottle-supplier-7-150x150.jpg 150w, https:\/\/www.alovey.com\/wp-content\/uploads\/2025\/10\/OEM-bullet-lipstick-bottle-supplier-7-12x12.jpg 12w, https:\/\/www.alovey.com\/wp-content\/uploads\/2025\/10\/OEM-bullet-lipstick-bottle-supplier-7-600x600.jpg 600w, https:\/\/www.alovey.com\/wp-content\/uploads\/2025\/10\/OEM-bullet-lipstick-bottle-supplier-7-100x100.jpg 100w\" sizes=\"(max-width: 750px) 100vw, 750px\" \/><\/p>\n<p><img loading=\"lazy\" decoding=\"async\" class=\"size-full wp-image-11923\" src=\"https:\/\/www.alovey.com\/wp-content\/uploads\/2025\/10\/OEM-bullet-lipstick-bottle-supplier-6.jpg\" alt=\"bullet lipstick bottle\" width=\"630\" height=\"630\" srcset=\"https:\/\/www.alovey.com\/wp-content\/uploads\/2025\/10\/OEM-bullet-lipstick-bottle-supplier-6.jpg 630w, https:\/\/www.alovey.com\/wp-content\/uploads\/2025\/10\/OEM-bullet-lipstick-bottle-supplier-6-300x300.jpg 300w, https:\/\/www.alovey.com\/wp-content\/uploads\/2025\/10\/OEM-bullet-lipstick-bottle-supplier-6-150x150.jpg 150w, https:\/\/www.alovey.com\/wp-content\/uploads\/2025\/10\/OEM-bullet-lipstick-bottle-supplier-6-12x12.jpg 12w, https:\/\/www.alovey.com\/wp-content\/uploads\/2025\/10\/OEM-bullet-lipstick-bottle-supplier-6-600x600.jpg 600w, https:\/\/www.alovey.com\/wp-content\/uploads\/2025\/10\/OEM-bullet-lipstick-bottle-supplier-6-100x100.jpg 100w\" sizes=\"(max-width: 630px) 100vw, 630px\" \/><\/p>\n<p><img loading=\"lazy\" decoding=\"async\" class=\"size-full wp-image-11922\" src=\"https:\/\/www.alovey.com\/wp-content\/uploads\/2025\/10\/OEM-bullet-lipstick-bottle-supplier-5.jpg\" alt=\"bullet lipstick bottle\" width=\"750\" height=\"750\" srcset=\"https:\/\/www.alovey.com\/wp-content\/uploads\/2025\/10\/OEM-bullet-lipstick-bottle-supplier-5.jpg 750w, https:\/\/www.alovey.com\/wp-content\/uploads\/2025\/10\/OEM-bullet-lipstick-bottle-supplier-5-300x300.jpg 300w, https:\/\/www.alovey.com\/wp-content\/uploads\/2025\/10\/OEM-bullet-lipstick-bottle-supplier-5-150x150.jpg 150w, https:\/\/www.alovey.com\/wp-content\/uploads\/2025\/10\/OEM-bullet-lipstick-bottle-supplier-5-12x12.jpg 12w, https:\/\/www.alovey.com\/wp-content\/uploads\/2025\/10\/OEM-bullet-lipstick-bottle-supplier-5-600x600.jpg 600w, https:\/\/www.alovey.com\/wp-content\/uploads\/2025\/10\/OEM-bullet-lipstick-bottle-supplier-5-100x100.jpg 100w\" sizes=\"(max-width: 750px) 100vw, 750px\" \/><\/p>\n<p>&nbsp;<\/p>\n<p>&nbsp;<\/p>\n<p>&nbsp;<\/p>\n<p>&nbsp;<\/p>\n<p>&nbsp;<\/p>\n<p>&nbsp;<\/p>\n<p>&nbsp;<\/p>\n<p>&nbsp;<\/p>\n<p>&nbsp;<\/p>\n<p>&nbsp;<\/p>\n<p>&nbsp;<\/p>\n<p>&nbsp;<\/p>\n<p>&nbsp;<\/p>\n<p>&nbsp;<\/p>\n<p>&nbsp;<\/p>\n<p>&nbsp;<\/p>\n<p>&nbsp;<\/p>\n<p>&nbsp;<\/p>\n<p>&nbsp;<\/p>\n<p>&nbsp;<\/p>\n<p>&nbsp;<\/p>\n<p>&nbsp;<\/p>\n<p>&nbsp;<\/p>\n<p>&nbsp;<\/p>\n<p>&nbsp;<\/p>\n<p>&nbsp;<\/p>\n<p>&nbsp;<\/p>\n<p>&nbsp;<\/p>\n<p>&nbsp;<\/p>\n<p>&nbsp;<\/p>\n<p>&nbsp;<\/p>\n<p>&nbsp;<\/p>\n<p>&nbsp;<\/p>\n<p>&nbsp;<\/p>\n<p>&nbsp;<\/p>\n<p>&nbsp;<\/p>\n<p>&nbsp;<\/p>\n<p>&nbsp;<\/p>\n<p>&nbsp;<\/p>\n<p>&nbsp;<\/p>\n<p>&nbsp;<\/p>\n<p>&nbsp;<\/p>\n<p>&nbsp;<\/p>\n<p>&nbsp;<\/p>\n<p>&nbsp;<\/p>\n<p>&nbsp;<\/p>\n<p>&nbsp;<\/p>\n<p>&nbsp;<\/p>\n<p>&nbsp;<\/p>\n<p>&nbsp;<\/p>\n<p>&nbsp;<\/p>\n<p>&nbsp;<\/p>\n<p>&nbsp;<\/p>\n<p>&nbsp;<\/p>\n<p>&nbsp;<\/p>\n<p>&nbsp;<\/p>\n<p>&nbsp;<\/p>\n<p>&nbsp;<\/p>\n<p>&nbsp;<\/p>\n<p>&nbsp;<\/p>\n<p>&nbsp;<\/p>\n<p>&nbsp;<\/p>\n<p>&nbsp;<\/p>\n<p>&nbsp;<\/p>\n<p>&nbsp;<\/p>\n<p>&nbsp;<\/p>\n<p>&nbsp;<\/p>\n<p>&nbsp;<\/p>\n<p>&nbsp;<\/p>\n<p>&nbsp;<\/p>\n<p>&nbsp;<\/p>\n<p>&nbsp;<\/p>\n<p>&nbsp;<\/p>\n<p>&nbsp;<\/p>\n<p>&nbsp;<\/p>\n<p>&nbsp;<\/p>\n<p>&nbsp;<\/p>\n<p>&nbsp;<\/p>\n<p>&nbsp;<\/p>\n<p>&nbsp;<\/p>\n<p>&nbsp;<\/p>\n<p>&nbsp;<\/p>\n<p>&nbsp;<\/p>\n<p>&nbsp;<\/p>\n<p>&nbsp;<\/p>\n<p>&nbsp;<\/p>\n<p>&nbsp;<\/p>\n<p>&nbsp;<\/p>\n<p>&nbsp;<\/p>\n<p>&nbsp;<\/p>\n<p>&nbsp;<\/p>\n<p>&nbsp;<\/p>\n<p>&nbsp;<\/p>\n<p>&nbsp;<\/p>\n<p>&nbsp;<\/p>\n<p>&nbsp;<\/p>\n<p>&nbsp;<\/p>\n<p>&nbsp;<\/p>","protected":false},"excerpt":{"rendered":"<ul>\n<li>Item No:LS-0123A<\/li>\n<li>Material: Pl\u00e1stico<\/li>\n<li>Size: D21*H67MM<\/li>\n<li>Aplica\u00e7\u00f5es: Produtos de beleza<\/li>\n<li>MOQ: 12.000 unidades<\/li>\n<li>Cor: cor personalizada<\/li>\n<li>Tratamento de superf\u00edcie: Inje\u00e7\u00e3o\/Matte\/Metaliza\u00e7\u00e3o\/Revestimento UV<\/li>\n<li>Nome da marca: OEM\/ODM<\/li>\n<li>Logotipo: Logotipo do cliente<\/li>\n<li>Capacidade de fornecimento: 100.000 pe\u00e7as por m\u00eas<\/li>\n<\/ul>\n<p>&nbsp;<\/p>","protected":false},"featured_media":11925,"template":"","meta":{"_acf_changed":false},"product_brand":[],"product_cat":[373],"product_tag":[389],"class_list":{"0":"post-11921","1":"product","2":"type-product","3":"status-publish","4":"has-post-thumbnail","6":"product_cat-professional-lipstick-tube-supplier","7":"product_tag-lip-stick-tube","9":"first","10":"instock","11":"shipping-taxable","12":"product-type-simple"},"acf":[],"yoast_head":"<!-- This site is optimized with the Yoast SEO plugin v24.1 - https:\/\/yoast.com\/wordpress\/plugins\/seo\/ -->\n<title>OEM bullet lipstick bottle supplier<\/title>\n<meta name=\"description\" content=\"This bullet lipstick bottle can bring your lipstick line to life.The right cosmetic packaging partner makes all the difference.\" \/>\n<meta name=\"robots\" content=\"index, follow, max-snippet:-1, max-image-preview:large, max-video-preview:-1\" \/>\n<link rel=\"canonical\" href=\"https:\/\/www.alovey.com\/pt\/produto\/oem-bullet-lipstick-bottle-supplier\/\" \/>\n<meta property=\"og:locale\" content=\"pt_BR\" \/>\n<meta property=\"og:type\" content=\"article\" \/>\n<meta property=\"og:title\" content=\"OEM bullet lipstick bottle supplier\" \/>\n<meta property=\"og:description\" content=\"This bullet lipstick bottle can bring your lipstick line to life.The right cosmetic packaging partner makes all the difference.\" \/>\n<meta property=\"og:url\" content=\"https:\/\/www.alovey.com\/pt\/produto\/oem-bullet-lipstick-bottle-supplier\/\" \/>\n<meta property=\"og:site_name\" content=\"Best Cosmetic Packaging Manufacture\" \/>\n<meta property=\"article:modified_time\" content=\"2025-11-03T02:50:13+00:00\" \/>\n<meta property=\"og:image\" content=\"https:\/\/www.alovey.com\/wp-content\/uploads\/2025\/10\/OEM-bullet-lipstick-bottle-supplier-2.jpg\" \/>\n\t<meta property=\"og:image:width\" content=\"750\" \/>\n\t<meta property=\"og:image:height\" content=\"750\" \/>\n\t<meta property=\"og:image:type\" content=\"image\/jpeg\" \/>\n<meta name=\"twitter:card\" content=\"summary_large_image\" \/>\n<meta name=\"twitter:label1\" content=\"Est. tempo de leitura\" \/>\n\t<meta name=\"twitter:data1\" content=\"3 minutos\" \/>\n<script type=\"application\/ld+json\" class=\"yoast-schema-graph\">{\"@context\":\"https:\/\/schema.org\",\"@graph\":[{\"@type\":\"WebPage\",\"@id\":\"https:\/\/www.alovey.com\/product\/oem-bullet-lipstick-bottle-supplier\/\",\"url\":\"https:\/\/www.alovey.com\/product\/oem-bullet-lipstick-bottle-supplier\/\",\"name\":\"OEM bullet lipstick bottle supplier\",\"isPartOf\":{\"@id\":\"https:\/\/www.alovey.com\/#website\"},\"primaryImageOfPage\":{\"@id\":\"https:\/\/www.alovey.com\/product\/oem-bullet-lipstick-bottle-supplier\/#primaryimage\"},\"image\":{\"@id\":\"https:\/\/www.alovey.com\/product\/oem-bullet-lipstick-bottle-supplier\/#primaryimage\"},\"thumbnailUrl\":\"https:\/\/www.alovey.com\/wp-content\/uploads\/2025\/10\/OEM-bullet-lipstick-bottle-supplier-2.jpg\",\"datePublished\":\"2025-10-30T09:32:04+00:00\",\"dateModified\":\"2025-11-03T02:50:13+00:00\",\"description\":\"This bullet lipstick bottle can bring your lipstick line to life.The right cosmetic packaging partner makes all the difference.\",\"breadcrumb\":{\"@id\":\"https:\/\/www.alovey.com\/product\/oem-bullet-lipstick-bottle-supplier\/#breadcrumb\"},\"inLanguage\":\"pt-BR\",\"potentialAction\":[{\"@type\":\"ReadAction\",\"target\":[\"https:\/\/www.alovey.com\/product\/oem-bullet-lipstick-bottle-supplier\/\"]}]},{\"@type\":\"ImageObject\",\"inLanguage\":\"pt-BR\",\"@id\":\"https:\/\/www.alovey.com\/product\/oem-bullet-lipstick-bottle-supplier\/#primaryimage\",\"url\":\"https:\/\/www.alovey.com\/wp-content\/uploads\/2025\/10\/OEM-bullet-lipstick-bottle-supplier-2.jpg\",\"contentUrl\":\"https:\/\/www.alovey.com\/wp-content\/uploads\/2025\/10\/OEM-bullet-lipstick-bottle-supplier-2.jpg\",\"width\":750,\"height\":750,\"caption\":\"bullet lipstick bottle\"},{\"@type\":\"BreadcrumbList\",\"@id\":\"https:\/\/www.alovey.com\/product\/oem-bullet-lipstick-bottle-supplier\/#breadcrumb\",\"itemListElement\":[{\"@type\":\"ListItem\",\"position\":1,\"name\":\"\u9996\u9875\",\"item\":\"https:\/\/www.alovey.com\/\"},{\"@type\":\"ListItem\",\"position\":2,\"name\":\"Products\",\"item\":\"https:\/\/www.alovey.com\/products\/\"},{\"@type\":\"ListItem\",\"position\":3,\"name\":\"OEM bullet lipstick bottle supplier\"}]},{\"@type\":\"WebSite\",\"@id\":\"https:\/\/www.alovey.com\/#website\",\"url\":\"https:\/\/www.alovey.com\/\",\"name\":\"Best Cosmetic Packaging Manufacture\",\"description\":\"Alovey Cosmetic Packaging Co.,Ltd\",\"publisher\":{\"@id\":\"https:\/\/www.alovey.com\/#organization\"},\"potentialAction\":[{\"@type\":\"SearchAction\",\"target\":{\"@type\":\"EntryPoint\",\"urlTemplate\":\"https:\/\/www.alovey.com\/?s={search_term_string}\"},\"query-input\":{\"@type\":\"PropertyValueSpecification\",\"valueRequired\":true,\"valueName\":\"search_term_string\"}}],\"inLanguage\":\"pt-BR\"},{\"@type\":\"Organization\",\"@id\":\"https:\/\/www.alovey.com\/#organization\",\"name\":\"Best Cosmetic Packaging Manufacture\",\"url\":\"https:\/\/www.alovey.com\/\",\"logo\":{\"@type\":\"ImageObject\",\"inLanguage\":\"pt-BR\",\"@id\":\"https:\/\/www.alovey.com\/#\/schema\/logo\/image\/\",\"url\":\"https:\/\/www.alovey.com\/wp-content\/uploads\/2023\/03\/logo.png\",\"contentUrl\":\"https:\/\/www.alovey.com\/wp-content\/uploads\/2023\/03\/logo.png\",\"width\":505,\"height\":180,\"caption\":\"Best  Cosmetic Packaging Manufacture\"},\"image\":{\"@id\":\"https:\/\/www.alovey.com\/#\/schema\/logo\/image\/\"}}]}<\/script>\n<!-- \/ Yoast SEO plugin. -->","yoast_head_json":{"title":"OEM bullet lipstick bottle supplier","description":"This bullet lipstick bottle can bring your lipstick line to life.The right cosmetic packaging partner makes all the difference.","robots":{"index":"index","follow":"follow","max-snippet":"max-snippet:-1","max-image-preview":"max-image-preview:large","max-video-preview":"max-video-preview:-1"},"canonical":"https:\/\/www.alovey.com\/pt\/produto\/oem-bullet-lipstick-bottle-supplier\/","og_locale":"pt_BR","og_type":"article","og_title":"OEM bullet lipstick bottle supplier","og_description":"This bullet lipstick bottle can bring your lipstick line to life.The right cosmetic packaging partner makes all the difference.","og_url":"https:\/\/www.alovey.com\/pt\/produto\/oem-bullet-lipstick-bottle-supplier\/","og_site_name":"Best Cosmetic Packaging Manufacture","article_modified_time":"2025-11-03T02:50:13+00:00","og_image":[{"width":750,"height":750,"url":"https:\/\/www.alovey.com\/wp-content\/uploads\/2025\/10\/OEM-bullet-lipstick-bottle-supplier-2.jpg","type":"image\/jpeg"}],"twitter_card":"summary_large_image","twitter_misc":{"Est. tempo de leitura":"3 minutos"},"schema":{"@context":"https:\/\/schema.org","@graph":[{"@type":"WebPage","@id":"https:\/\/www.alovey.com\/product\/oem-bullet-lipstick-bottle-supplier\/","url":"https:\/\/www.alovey.com\/product\/oem-bullet-lipstick-bottle-supplier\/","name":"OEM bullet lipstick bottle supplier","isPartOf":{"@id":"https:\/\/www.alovey.com\/#website"},"primaryImageOfPage":{"@id":"https:\/\/www.alovey.com\/product\/oem-bullet-lipstick-bottle-supplier\/#primaryimage"},"image":{"@id":"https:\/\/www.alovey.com\/product\/oem-bullet-lipstick-bottle-supplier\/#primaryimage"},"thumbnailUrl":"https:\/\/www.alovey.com\/wp-content\/uploads\/2025\/10\/OEM-bullet-lipstick-bottle-supplier-2.jpg","datePublished":"2025-10-30T09:32:04+00:00","dateModified":"2025-11-03T02:50:13+00:00","description":"This bullet lipstick bottle can bring your lipstick line to life.The right cosmetic packaging partner makes all the difference.","breadcrumb":{"@id":"https:\/\/www.alovey.com\/product\/oem-bullet-lipstick-bottle-supplier\/#breadcrumb"},"inLanguage":"pt-BR","potentialAction":[{"@type":"ReadAction","target":["https:\/\/www.alovey.com\/product\/oem-bullet-lipstick-bottle-supplier\/"]}]},{"@type":"ImageObject","inLanguage":"pt-BR","@id":"https:\/\/www.alovey.com\/product\/oem-bullet-lipstick-bottle-supplier\/#primaryimage","url":"https:\/\/www.alovey.com\/wp-content\/uploads\/2025\/10\/OEM-bullet-lipstick-bottle-supplier-2.jpg","contentUrl":"https:\/\/www.alovey.com\/wp-content\/uploads\/2025\/10\/OEM-bullet-lipstick-bottle-supplier-2.jpg","width":750,"height":750,"caption":"bullet lipstick bottle"},{"@type":"BreadcrumbList","@id":"https:\/\/www.alovey.com\/product\/oem-bullet-lipstick-bottle-supplier\/#breadcrumb","itemListElement":[{"@type":"ListItem","position":1,"name":"\u9996\u9875","item":"https:\/\/www.alovey.com\/"},{"@type":"ListItem","position":2,"name":"Products","item":"https:\/\/www.alovey.com\/products\/"},{"@type":"ListItem","position":3,"name":"OEM bullet lipstick bottle supplier"}]},{"@type":"WebSite","@id":"https:\/\/www.alovey.com\/#website","url":"https:\/\/www.alovey.com\/","name":"Best Cosmetic Packaging Manufacture","description":"Alovey Cosmetic Packaging Co.,Ltd","publisher":{"@id":"https:\/\/www.alovey.com\/#organization"},"potentialAction":[{"@type":"SearchAction","target":{"@type":"EntryPoint","urlTemplate":"https:\/\/www.alovey.com\/?s={search_term_string}"},"query-input":{"@type":"PropertyValueSpecification","valueRequired":true,"valueName":"search_term_string"}}],"inLanguage":"pt-BR"},{"@type":"Organization","@id":"https:\/\/www.alovey.com\/#organization","name":"Best Cosmetic Packaging Manufacture","url":"https:\/\/www.alovey.com\/","logo":{"@type":"ImageObject","inLanguage":"pt-BR","@id":"https:\/\/www.alovey.com\/#\/schema\/logo\/image\/","url":"https:\/\/www.alovey.com\/wp-content\/uploads\/2023\/03\/logo.png","contentUrl":"https:\/\/www.alovey.com\/wp-content\/uploads\/2023\/03\/logo.png","width":505,"height":180,"caption":"Best  Cosmetic Packaging Manufacture"},"image":{"@id":"https:\/\/www.alovey.com\/#\/schema\/logo\/image\/"}}]}},"_links":{"self":[{"href":"https:\/\/www.alovey.com\/pt\/wp-json\/wp\/v2\/product\/11921"}],"collection":[{"href":"https:\/\/www.alovey.com\/pt\/wp-json\/wp\/v2\/product"}],"about":[{"href":"https:\/\/www.alovey.com\/pt\/wp-json\/wp\/v2\/types\/product"}],"wp:featuredmedia":[{"embeddable":true,"href":"https:\/\/www.alovey.com\/pt\/wp-json\/wp\/v2\/media\/11925"}],"wp:attachment":[{"href":"https:\/\/www.alovey.com\/pt\/wp-json\/wp\/v2\/media?parent=11921"}],"wp:term":[{"taxonomy":"product_brand","embeddable":true,"href":"https:\/\/www.alovey.com\/pt\/wp-json\/wp\/v2\/product_brand?post=11921"},{"taxonomy":"product_cat","embeddable":true,"href":"https:\/\/www.alovey.com\/pt\/wp-json\/wp\/v2\/product_cat?post=11921"},{"taxonomy":"product_tag","embeddable":true,"href":"https:\/\/www.alovey.com\/pt\/wp-json\/wp\/v2\/product_tag?post=11921"}],"curies":[{"name":"wp","href":"https:\/\/api.w.org\/{rel}","templated":true}]}}