{"id":11839,"date":"2025-10-22T03:38:25","date_gmt":"2025-10-22T03:38:25","guid":{"rendered":"https:\/\/www.alovey.com\/?post_type=product&#038;p=11839"},"modified":"2025-10-22T06:00:56","modified_gmt":"2025-10-22T06:00:56","slug":"supply-empty-lip-gloss-tubes-with-brush-applicator-5-5ml","status":"publish","type":"product","link":"https:\/\/www.alovey.com\/pt\/produto\/supply-empty-lip-gloss-tubes-with-brush-applicator-5-5ml\/","title":{"rendered":"Supply empty lip gloss tubes with brush applicator 5.5ml"},"content":{"rendered":"<div class=\"mceTemp\"><\/div>\n<p><strong style=\"font-size: 16px;\">This empty lip gloss tubes with brush applicator has 5.5ml.<\/strong><strong>This\u00a0round lip gloss container features a sleek, minimalist design with a matching rubber insert\u00a0at the bottle top to keep air out and prevent unwanted leakage. The insert also helps wipe off excess product, reducing waste and maintaining the quality and freshness\u00a0of your lip gloss, oils, and other liquid cosmetics.<\/strong><\/p>\n<p><strong>A Alovey, como fabricante profissional chinesa de embalagens para cosm\u00e9ticos, produz uma linha requintada de embalagens personalizadas para cosm\u00e9ticos, meticulosamente elaboradas para elevar sua marca. Nossa sele\u00e7\u00e3o diversificada de materiais premium, combinada com t\u00e9cnicas delicadas de acabamento de superf\u00edcie, como impress\u00e3o em tela de seda, hot stamping e pulveriza\u00e7\u00e3o fosca, garante que cada embalagem seja uma obra-prima exclusiva.<\/strong><\/p>\n<p><img fetchpriority=\"high\" decoding=\"async\" class=\"size-full wp-image-11845\" src=\"https:\/\/www.alovey.com\/wp-content\/uploads\/2025\/10\/Supply-empty-lip-gloss-tubes-with-brush-applicator-5-5.jpg\" alt=\"empty lip gloss tubes with brush applicator\" width=\"750\" height=\"750\" srcset=\"https:\/\/www.alovey.com\/wp-content\/uploads\/2025\/10\/Supply-empty-lip-gloss-tubes-with-brush-applicator-5-5.jpg 750w, https:\/\/www.alovey.com\/wp-content\/uploads\/2025\/10\/Supply-empty-lip-gloss-tubes-with-brush-applicator-5-5-300x300.jpg 300w, https:\/\/www.alovey.com\/wp-content\/uploads\/2025\/10\/Supply-empty-lip-gloss-tubes-with-brush-applicator-5-5-150x150.jpg 150w, https:\/\/www.alovey.com\/wp-content\/uploads\/2025\/10\/Supply-empty-lip-gloss-tubes-with-brush-applicator-5-5-12x12.jpg 12w, https:\/\/www.alovey.com\/wp-content\/uploads\/2025\/10\/Supply-empty-lip-gloss-tubes-with-brush-applicator-5-5-600x600.jpg 600w, https:\/\/www.alovey.com\/wp-content\/uploads\/2025\/10\/Supply-empty-lip-gloss-tubes-with-brush-applicator-5-5-100x100.jpg 100w\" sizes=\"(max-width: 750px) 100vw, 750px\" \/><\/p>\n<p><img decoding=\"async\" class=\"size-full wp-image-11844\" src=\"https:\/\/www.alovey.com\/wp-content\/uploads\/2025\/10\/Supply-empty-lip-gloss-tubes-with-brush-applicator-5-4.jpg\" alt=\"empty lip gloss tubes with brush applicator\" width=\"750\" height=\"750\" srcset=\"https:\/\/www.alovey.com\/wp-content\/uploads\/2025\/10\/Supply-empty-lip-gloss-tubes-with-brush-applicator-5-4.jpg 750w, https:\/\/www.alovey.com\/wp-content\/uploads\/2025\/10\/Supply-empty-lip-gloss-tubes-with-brush-applicator-5-4-300x300.jpg 300w, https:\/\/www.alovey.com\/wp-content\/uploads\/2025\/10\/Supply-empty-lip-gloss-tubes-with-brush-applicator-5-4-150x150.jpg 150w, https:\/\/www.alovey.com\/wp-content\/uploads\/2025\/10\/Supply-empty-lip-gloss-tubes-with-brush-applicator-5-4-12x12.jpg 12w, https:\/\/www.alovey.com\/wp-content\/uploads\/2025\/10\/Supply-empty-lip-gloss-tubes-with-brush-applicator-5-4-600x600.jpg 600w, https:\/\/www.alovey.com\/wp-content\/uploads\/2025\/10\/Supply-empty-lip-gloss-tubes-with-brush-applicator-5-4-100x100.jpg 100w\" sizes=\"(max-width: 750px) 100vw, 750px\" \/><\/p>\n<p><img decoding=\"async\" class=\"size-full wp-image-11843\" src=\"https:\/\/www.alovey.com\/wp-content\/uploads\/2025\/10\/Supply-empty-lip-gloss-tubes-with-brush-applicator-5-3.jpg\" alt=\"empty lip gloss tubes with brush applicator\" width=\"750\" height=\"750\" srcset=\"https:\/\/www.alovey.com\/wp-content\/uploads\/2025\/10\/Supply-empty-lip-gloss-tubes-with-brush-applicator-5-3.jpg 750w, https:\/\/www.alovey.com\/wp-content\/uploads\/2025\/10\/Supply-empty-lip-gloss-tubes-with-brush-applicator-5-3-300x300.jpg 300w, https:\/\/www.alovey.com\/wp-content\/uploads\/2025\/10\/Supply-empty-lip-gloss-tubes-with-brush-applicator-5-3-150x150.jpg 150w, https:\/\/www.alovey.com\/wp-content\/uploads\/2025\/10\/Supply-empty-lip-gloss-tubes-with-brush-applicator-5-3-12x12.jpg 12w, https:\/\/www.alovey.com\/wp-content\/uploads\/2025\/10\/Supply-empty-lip-gloss-tubes-with-brush-applicator-5-3-600x600.jpg 600w, https:\/\/www.alovey.com\/wp-content\/uploads\/2025\/10\/Supply-empty-lip-gloss-tubes-with-brush-applicator-5-3-100x100.jpg 100w\" sizes=\"(max-width: 750px) 100vw, 750px\" \/><\/p>\n<p><img loading=\"lazy\" decoding=\"async\" class=\"size-full wp-image-11842\" src=\"https:\/\/www.alovey.com\/wp-content\/uploads\/2025\/10\/Supply-empty-lip-gloss-tubes-with-brush-applicator-5-2.jpg\" alt=\"empty lip gloss tubes with brush applicator\" width=\"750\" height=\"750\" srcset=\"https:\/\/www.alovey.com\/wp-content\/uploads\/2025\/10\/Supply-empty-lip-gloss-tubes-with-brush-applicator-5-2.jpg 750w, https:\/\/www.alovey.com\/wp-content\/uploads\/2025\/10\/Supply-empty-lip-gloss-tubes-with-brush-applicator-5-2-300x300.jpg 300w, https:\/\/www.alovey.com\/wp-content\/uploads\/2025\/10\/Supply-empty-lip-gloss-tubes-with-brush-applicator-5-2-150x150.jpg 150w, https:\/\/www.alovey.com\/wp-content\/uploads\/2025\/10\/Supply-empty-lip-gloss-tubes-with-brush-applicator-5-2-12x12.jpg 12w, https:\/\/www.alovey.com\/wp-content\/uploads\/2025\/10\/Supply-empty-lip-gloss-tubes-with-brush-applicator-5-2-600x600.jpg 600w, https:\/\/www.alovey.com\/wp-content\/uploads\/2025\/10\/Supply-empty-lip-gloss-tubes-with-brush-applicator-5-2-100x100.jpg 100w\" sizes=\"(max-width: 750px) 100vw, 750px\" \/><\/p>\n<div class=\"mceTemp\"><\/div>\n<p><img loading=\"lazy\" decoding=\"async\" class=\"size-full wp-image-11840\" src=\"https:\/\/www.alovey.com\/wp-content\/uploads\/2025\/10\/Supply-empty-lip-gloss-tubes-with-brush-applicator-5-6.jpg\" alt=\"empty lip gloss tubes with brush applicator\" width=\"750\" height=\"750\" srcset=\"https:\/\/www.alovey.com\/wp-content\/uploads\/2025\/10\/Supply-empty-lip-gloss-tubes-with-brush-applicator-5-6.jpg 750w, https:\/\/www.alovey.com\/wp-content\/uploads\/2025\/10\/Supply-empty-lip-gloss-tubes-with-brush-applicator-5-6-300x300.jpg 300w, https:\/\/www.alovey.com\/wp-content\/uploads\/2025\/10\/Supply-empty-lip-gloss-tubes-with-brush-applicator-5-6-150x150.jpg 150w, https:\/\/www.alovey.com\/wp-content\/uploads\/2025\/10\/Supply-empty-lip-gloss-tubes-with-brush-applicator-5-6-12x12.jpg 12w, https:\/\/www.alovey.com\/wp-content\/uploads\/2025\/10\/Supply-empty-lip-gloss-tubes-with-brush-applicator-5-6-600x600.jpg 600w, https:\/\/www.alovey.com\/wp-content\/uploads\/2025\/10\/Supply-empty-lip-gloss-tubes-with-brush-applicator-5-6-100x100.jpg 100w\" sizes=\"(max-width: 750px) 100vw, 750px\" \/><\/p>\n<p>&nbsp;<\/p>\n<p>&nbsp;<\/p>\n<p>&nbsp;<\/p>\n<p>&nbsp;<\/p>\n<p>&nbsp;<\/p>\n<p>&nbsp;<\/p>\n<p>&nbsp;<\/p>\n<p>&nbsp;<\/p>\n<p>&nbsp;<\/p>\n<p>&nbsp;<\/p>\n<p>&nbsp;<\/p>\n<p>&nbsp;<\/p>\n<p>&nbsp;<\/p>\n<p>&nbsp;<\/p>\n<p>&nbsp;<\/p>\n<p>&nbsp;<\/p>\n<p>&nbsp;<\/p>\n<p>&nbsp;<\/p>\n<p>&nbsp;<\/p>\n<p>&nbsp;<\/p>\n<p>&nbsp;<\/p>\n<p>&nbsp;<\/p>\n<p>&nbsp;<\/p>\n<p>&nbsp;<\/p>\n<p>&nbsp;<\/p>\n<p>&nbsp;<\/p>\n<p>&nbsp;<\/p>\n<p>&nbsp;<\/p>\n<p>&nbsp;<\/p>\n<p>&nbsp;<\/p>\n<p>&nbsp;<\/p>\n<p>&nbsp;<\/p>\n<p>&nbsp;<\/p>\n<p>&nbsp;<\/p>\n<p>&nbsp;<\/p>\n<p>&nbsp;<\/p>\n<p>&nbsp;<\/p>\n<p>&nbsp;<\/p>\n<p>&nbsp;<\/p>\n<p>&nbsp;<\/p>\n<p>&nbsp;<\/p>\n<p>&nbsp;<\/p>\n<p>&nbsp;<\/p>\n<p>&nbsp;<\/p>\n<p>&nbsp;<\/p>\n<p>&nbsp;<\/p>\n<p>&nbsp;<\/p>\n<p>&nbsp;<\/p>\n<p>&nbsp;<\/p>\n<p>&nbsp;<\/p>\n<p>&nbsp;<\/p>\n<p>&nbsp;<\/p>\n<p>&nbsp;<\/p>\n<p>&nbsp;<\/p>\n<p>&nbsp;<\/p>\n<p>&nbsp;<\/p>\n<p>&nbsp;<\/p>\n<p>&nbsp;<\/p>\n<p>&nbsp;<\/p>\n<p>&nbsp;<\/p>\n<p>&nbsp;<\/p>\n<p>&nbsp;<\/p>\n<p>&nbsp;<\/p>\n<p>&nbsp;<\/p>\n<p>&nbsp;<\/p>\n<p>&nbsp;<\/p>\n<p>&nbsp;<\/p>\n<p>&nbsp;<\/p>\n<p>&nbsp;<\/p>\n<p>&nbsp;<\/p>\n<p>&nbsp;<\/p>\n<p>&nbsp;<\/p>\n<p>&nbsp;<\/p>\n<p>&nbsp;<\/p>\n<p>&nbsp;<\/p>\n<p>&nbsp;<\/p>\n<p>&nbsp;<\/p>\n<p>&nbsp;<\/p>\n<p>&nbsp;<\/p>\n<p>&nbsp;<\/p>\n<p>&nbsp;<\/p>\n<p>&nbsp;<\/p>\n<p>&nbsp;<\/p>\n<p>&nbsp;<\/p>\n<p>&nbsp;<\/p>\n<p>&nbsp;<\/p>\n<p>&nbsp;<\/p>\n<p>&nbsp;<\/p>\n<p>&nbsp;<\/p>\n<p>&nbsp;<\/p>\n<p>&nbsp;<\/p>\n<p>&nbsp;<\/p>\n<p>&nbsp;<\/p>\n<p>&nbsp;<\/p>\n<p>&nbsp;<\/p>\n<p>&nbsp;<\/p>\n<p>&nbsp;<\/p>\n<p>&nbsp;<\/p>\n<p>&nbsp;<\/p>\n<p>&nbsp;<\/p>\n<p>&nbsp;<\/p>\n<p>&nbsp;<\/p>\n<p>&nbsp;<\/p>\n<p>&nbsp;<\/p>\n<p>&nbsp;<\/p>\n<p>&nbsp;<\/p>\n<p>&nbsp;<\/p>\n<p>&nbsp;<\/p>\n<p>&nbsp;<\/p>\n<p>&nbsp;<\/p>\n<p>&nbsp;<\/p>\n<p>&nbsp;<\/p>\n<p>&nbsp;<\/p>\n<p>&nbsp;<\/p>\n<p>&nbsp;<\/p>\n<p>&nbsp;<\/p>\n<p>&nbsp;<\/p>\n<p>&nbsp;<\/p>\n<p>&nbsp;<\/p>\n<p>&nbsp;<\/p>","protected":false},"excerpt":{"rendered":"<ul>\n<li>Item No: LG-0625A<\/li>\n<li>Material: Pl\u00e1stico<\/li>\n<li>Size: D21*H83MM<\/li>\n<li>Aplica\u00e7\u00f5es: Produtos de beleza<\/li>\n<li>MOQ: 12.000 unidades<\/li>\n<li>Cor: cor personalizada<\/li>\n<li>Tratamento de superf\u00edcie: Inje\u00e7\u00e3o\/Matte\/Metaliza\u00e7\u00e3o\/Revestimento UV<\/li>\n<li>Nome da marca: OEM\/ODM<\/li>\n<li>Logotipo: Logotipo do cliente<\/li>\n<li>Capacidade de fornecimento: 100.000 pe\u00e7as por m\u00eas<\/li>\n<\/ul>","protected":false},"featured_media":11841,"template":"","meta":{"_acf_changed":false},"product_brand":[],"product_cat":[372,381],"product_tag":[408,401],"class_list":{"0":"post-11839","1":"product","2":"type-product","3":"status-publish","4":"has-post-thumbnail","6":"product_cat-lipgloss-tube","7":"product_cat-the-foundation-stick-tube-for-cosmetic","8":"product_tag-concealer-tube","9":"product_tag-lipgloss-tube","11":"first","12":"instock","13":"shipping-taxable","14":"product-type-simple"},"acf":[],"yoast_head":"<!-- This site is optimized with the Yoast SEO plugin v24.1 - https:\/\/yoast.com\/wordpress\/plugins\/seo\/ -->\n<title>Supply empty lip gloss tubes with brush applicator 5.5ml<\/title>\n<meta name=\"description\" content=\"This empty lip gloss tubes with brush applicator has5.5ml.This round lip gloss container features a sleek, minimalist design with a matching rubber insert at the bottle top to keep air out and prevent unwanted leakage.\" \/>\n<meta name=\"robots\" content=\"index, follow, max-snippet:-1, max-image-preview:large, max-video-preview:-1\" \/>\n<link rel=\"canonical\" href=\"https:\/\/www.alovey.com\/pt\/produto\/supply-empty-lip-gloss-tubes-with-brush-applicator-5-5ml\/\" \/>\n<meta property=\"og:locale\" content=\"pt_BR\" \/>\n<meta property=\"og:type\" content=\"article\" \/>\n<meta property=\"og:title\" content=\"Supply empty lip gloss tubes with brush applicator 5.5ml\" \/>\n<meta property=\"og:description\" content=\"This empty lip gloss tubes with brush applicator has5.5ml.This round lip gloss container features a sleek, minimalist design with a matching rubber insert at the bottle top to keep air out and prevent unwanted leakage.\" \/>\n<meta property=\"og:url\" content=\"https:\/\/www.alovey.com\/pt\/produto\/supply-empty-lip-gloss-tubes-with-brush-applicator-5-5ml\/\" \/>\n<meta property=\"og:site_name\" content=\"Best Cosmetic Packaging Manufacture\" \/>\n<meta property=\"article:modified_time\" content=\"2025-10-22T06:00:56+00:00\" \/>\n<meta property=\"og:image\" content=\"https:\/\/www.alovey.com\/wp-content\/uploads\/2025\/10\/Supply-empty-lip-gloss-tubes-with-brush-applicator-5-1.jpg\" \/>\n\t<meta property=\"og:image:width\" content=\"750\" \/>\n\t<meta property=\"og:image:height\" content=\"750\" \/>\n\t<meta property=\"og:image:type\" content=\"image\/jpeg\" \/>\n<meta name=\"twitter:card\" content=\"summary_large_image\" \/>\n<meta name=\"twitter:label1\" content=\"Est. tempo de leitura\" \/>\n\t<meta name=\"twitter:data1\" content=\"2 minutos\" \/>\n<script type=\"application\/ld+json\" class=\"yoast-schema-graph\">{\"@context\":\"https:\/\/schema.org\",\"@graph\":[{\"@type\":\"WebPage\",\"@id\":\"https:\/\/www.alovey.com\/product\/supply-empty-lip-gloss-tubes-with-brush-applicator-5-5ml\/\",\"url\":\"https:\/\/www.alovey.com\/product\/supply-empty-lip-gloss-tubes-with-brush-applicator-5-5ml\/\",\"name\":\"Supply empty lip gloss tubes with brush applicator 5.5ml\",\"isPartOf\":{\"@id\":\"https:\/\/www.alovey.com\/#website\"},\"primaryImageOfPage\":{\"@id\":\"https:\/\/www.alovey.com\/product\/supply-empty-lip-gloss-tubes-with-brush-applicator-5-5ml\/#primaryimage\"},\"image\":{\"@id\":\"https:\/\/www.alovey.com\/product\/supply-empty-lip-gloss-tubes-with-brush-applicator-5-5ml\/#primaryimage\"},\"thumbnailUrl\":\"https:\/\/www.alovey.com\/wp-content\/uploads\/2025\/10\/Supply-empty-lip-gloss-tubes-with-brush-applicator-5-1.jpg\",\"datePublished\":\"2025-10-22T03:38:25+00:00\",\"dateModified\":\"2025-10-22T06:00:56+00:00\",\"description\":\"This empty lip gloss tubes with brush applicator has5.5ml.This round lip gloss container features a sleek, minimalist design with a matching rubber insert at the bottle top to keep air out and prevent unwanted leakage.\",\"breadcrumb\":{\"@id\":\"https:\/\/www.alovey.com\/product\/supply-empty-lip-gloss-tubes-with-brush-applicator-5-5ml\/#breadcrumb\"},\"inLanguage\":\"pt-BR\",\"potentialAction\":[{\"@type\":\"ReadAction\",\"target\":[\"https:\/\/www.alovey.com\/product\/supply-empty-lip-gloss-tubes-with-brush-applicator-5-5ml\/\"]}]},{\"@type\":\"ImageObject\",\"inLanguage\":\"pt-BR\",\"@id\":\"https:\/\/www.alovey.com\/product\/supply-empty-lip-gloss-tubes-with-brush-applicator-5-5ml\/#primaryimage\",\"url\":\"https:\/\/www.alovey.com\/wp-content\/uploads\/2025\/10\/Supply-empty-lip-gloss-tubes-with-brush-applicator-5-1.jpg\",\"contentUrl\":\"https:\/\/www.alovey.com\/wp-content\/uploads\/2025\/10\/Supply-empty-lip-gloss-tubes-with-brush-applicator-5-1.jpg\",\"width\":750,\"height\":750,\"caption\":\"Supply empty lip gloss tubes with brush applicator 5.5ml\"},{\"@type\":\"BreadcrumbList\",\"@id\":\"https:\/\/www.alovey.com\/product\/supply-empty-lip-gloss-tubes-with-brush-applicator-5-5ml\/#breadcrumb\",\"itemListElement\":[{\"@type\":\"ListItem\",\"position\":1,\"name\":\"\u9996\u9875\",\"item\":\"https:\/\/www.alovey.com\/\"},{\"@type\":\"ListItem\",\"position\":2,\"name\":\"Products\",\"item\":\"https:\/\/www.alovey.com\/products\/\"},{\"@type\":\"ListItem\",\"position\":3,\"name\":\"Supply empty lip gloss tubes with brush applicator 5.5ml\"}]},{\"@type\":\"WebSite\",\"@id\":\"https:\/\/www.alovey.com\/#website\",\"url\":\"https:\/\/www.alovey.com\/\",\"name\":\"Best Cosmetic Packaging Manufacture\",\"description\":\"Alovey Cosmetic Packaging Co.,Ltd\",\"publisher\":{\"@id\":\"https:\/\/www.alovey.com\/#organization\"},\"potentialAction\":[{\"@type\":\"SearchAction\",\"target\":{\"@type\":\"EntryPoint\",\"urlTemplate\":\"https:\/\/www.alovey.com\/?s={search_term_string}\"},\"query-input\":{\"@type\":\"PropertyValueSpecification\",\"valueRequired\":true,\"valueName\":\"search_term_string\"}}],\"inLanguage\":\"pt-BR\"},{\"@type\":\"Organization\",\"@id\":\"https:\/\/www.alovey.com\/#organization\",\"name\":\"Best Cosmetic Packaging Manufacture\",\"url\":\"https:\/\/www.alovey.com\/\",\"logo\":{\"@type\":\"ImageObject\",\"inLanguage\":\"pt-BR\",\"@id\":\"https:\/\/www.alovey.com\/#\/schema\/logo\/image\/\",\"url\":\"https:\/\/www.alovey.com\/wp-content\/uploads\/2023\/03\/logo.png\",\"contentUrl\":\"https:\/\/www.alovey.com\/wp-content\/uploads\/2023\/03\/logo.png\",\"width\":505,\"height\":180,\"caption\":\"Best  Cosmetic Packaging Manufacture\"},\"image\":{\"@id\":\"https:\/\/www.alovey.com\/#\/schema\/logo\/image\/\"}}]}<\/script>\n<!-- \/ Yoast SEO plugin. -->","yoast_head_json":{"title":"Supply empty lip gloss tubes with brush applicator 5.5ml","description":"This empty lip gloss tubes with brush applicator has5.5ml.This round lip gloss container features a sleek, minimalist design with a matching rubber insert at the bottle top to keep air out and prevent unwanted leakage.","robots":{"index":"index","follow":"follow","max-snippet":"max-snippet:-1","max-image-preview":"max-image-preview:large","max-video-preview":"max-video-preview:-1"},"canonical":"https:\/\/www.alovey.com\/pt\/produto\/supply-empty-lip-gloss-tubes-with-brush-applicator-5-5ml\/","og_locale":"pt_BR","og_type":"article","og_title":"Supply empty lip gloss tubes with brush applicator 5.5ml","og_description":"This empty lip gloss tubes with brush applicator has5.5ml.This round lip gloss container features a sleek, minimalist design with a matching rubber insert at the bottle top to keep air out and prevent unwanted leakage.","og_url":"https:\/\/www.alovey.com\/pt\/produto\/supply-empty-lip-gloss-tubes-with-brush-applicator-5-5ml\/","og_site_name":"Best Cosmetic Packaging Manufacture","article_modified_time":"2025-10-22T06:00:56+00:00","og_image":[{"width":750,"height":750,"url":"https:\/\/www.alovey.com\/wp-content\/uploads\/2025\/10\/Supply-empty-lip-gloss-tubes-with-brush-applicator-5-1.jpg","type":"image\/jpeg"}],"twitter_card":"summary_large_image","twitter_misc":{"Est. tempo de leitura":"2 minutos"},"schema":{"@context":"https:\/\/schema.org","@graph":[{"@type":"WebPage","@id":"https:\/\/www.alovey.com\/product\/supply-empty-lip-gloss-tubes-with-brush-applicator-5-5ml\/","url":"https:\/\/www.alovey.com\/product\/supply-empty-lip-gloss-tubes-with-brush-applicator-5-5ml\/","name":"Supply empty lip gloss tubes with brush applicator 5.5ml","isPartOf":{"@id":"https:\/\/www.alovey.com\/#website"},"primaryImageOfPage":{"@id":"https:\/\/www.alovey.com\/product\/supply-empty-lip-gloss-tubes-with-brush-applicator-5-5ml\/#primaryimage"},"image":{"@id":"https:\/\/www.alovey.com\/product\/supply-empty-lip-gloss-tubes-with-brush-applicator-5-5ml\/#primaryimage"},"thumbnailUrl":"https:\/\/www.alovey.com\/wp-content\/uploads\/2025\/10\/Supply-empty-lip-gloss-tubes-with-brush-applicator-5-1.jpg","datePublished":"2025-10-22T03:38:25+00:00","dateModified":"2025-10-22T06:00:56+00:00","description":"This empty lip gloss tubes with brush applicator has5.5ml.This round lip gloss container features a sleek, minimalist design with a matching rubber insert at the bottle top to keep air out and prevent unwanted leakage.","breadcrumb":{"@id":"https:\/\/www.alovey.com\/product\/supply-empty-lip-gloss-tubes-with-brush-applicator-5-5ml\/#breadcrumb"},"inLanguage":"pt-BR","potentialAction":[{"@type":"ReadAction","target":["https:\/\/www.alovey.com\/product\/supply-empty-lip-gloss-tubes-with-brush-applicator-5-5ml\/"]}]},{"@type":"ImageObject","inLanguage":"pt-BR","@id":"https:\/\/www.alovey.com\/product\/supply-empty-lip-gloss-tubes-with-brush-applicator-5-5ml\/#primaryimage","url":"https:\/\/www.alovey.com\/wp-content\/uploads\/2025\/10\/Supply-empty-lip-gloss-tubes-with-brush-applicator-5-1.jpg","contentUrl":"https:\/\/www.alovey.com\/wp-content\/uploads\/2025\/10\/Supply-empty-lip-gloss-tubes-with-brush-applicator-5-1.jpg","width":750,"height":750,"caption":"Supply empty lip gloss tubes with brush applicator 5.5ml"},{"@type":"BreadcrumbList","@id":"https:\/\/www.alovey.com\/product\/supply-empty-lip-gloss-tubes-with-brush-applicator-5-5ml\/#breadcrumb","itemListElement":[{"@type":"ListItem","position":1,"name":"\u9996\u9875","item":"https:\/\/www.alovey.com\/"},{"@type":"ListItem","position":2,"name":"Products","item":"https:\/\/www.alovey.com\/products\/"},{"@type":"ListItem","position":3,"name":"Supply empty lip gloss tubes with brush applicator 5.5ml"}]},{"@type":"WebSite","@id":"https:\/\/www.alovey.com\/#website","url":"https:\/\/www.alovey.com\/","name":"Best Cosmetic Packaging Manufacture","description":"Alovey Cosmetic Packaging Co.,Ltd","publisher":{"@id":"https:\/\/www.alovey.com\/#organization"},"potentialAction":[{"@type":"SearchAction","target":{"@type":"EntryPoint","urlTemplate":"https:\/\/www.alovey.com\/?s={search_term_string}"},"query-input":{"@type":"PropertyValueSpecification","valueRequired":true,"valueName":"search_term_string"}}],"inLanguage":"pt-BR"},{"@type":"Organization","@id":"https:\/\/www.alovey.com\/#organization","name":"Best Cosmetic Packaging Manufacture","url":"https:\/\/www.alovey.com\/","logo":{"@type":"ImageObject","inLanguage":"pt-BR","@id":"https:\/\/www.alovey.com\/#\/schema\/logo\/image\/","url":"https:\/\/www.alovey.com\/wp-content\/uploads\/2023\/03\/logo.png","contentUrl":"https:\/\/www.alovey.com\/wp-content\/uploads\/2023\/03\/logo.png","width":505,"height":180,"caption":"Best  Cosmetic Packaging Manufacture"},"image":{"@id":"https:\/\/www.alovey.com\/#\/schema\/logo\/image\/"}}]}},"_links":{"self":[{"href":"https:\/\/www.alovey.com\/pt\/wp-json\/wp\/v2\/product\/11839"}],"collection":[{"href":"https:\/\/www.alovey.com\/pt\/wp-json\/wp\/v2\/product"}],"about":[{"href":"https:\/\/www.alovey.com\/pt\/wp-json\/wp\/v2\/types\/product"}],"wp:featuredmedia":[{"embeddable":true,"href":"https:\/\/www.alovey.com\/pt\/wp-json\/wp\/v2\/media\/11841"}],"wp:attachment":[{"href":"https:\/\/www.alovey.com\/pt\/wp-json\/wp\/v2\/media?parent=11839"}],"wp:term":[{"taxonomy":"product_brand","embeddable":true,"href":"https:\/\/www.alovey.com\/pt\/wp-json\/wp\/v2\/product_brand?post=11839"},{"taxonomy":"product_cat","embeddable":true,"href":"https:\/\/www.alovey.com\/pt\/wp-json\/wp\/v2\/product_cat?post=11839"},{"taxonomy":"product_tag","embeddable":true,"href":"https:\/\/www.alovey.com\/pt\/wp-json\/wp\/v2\/product_tag?post=11839"}],"curies":[{"name":"wp","href":"https:\/\/api.w.org\/{rel}","templated":true}]}}