{"id":11718,"date":"2025-09-24T03:11:40","date_gmt":"2025-09-24T03:11:40","guid":{"rendered":"https:\/\/www.alovey.com\/?post_type=product&#038;p=11718"},"modified":"2025-09-24T06:13:52","modified_gmt":"2025-09-24T06:13:52","slug":"luxury-gold-empty-lotion-bottle-with-pump-30ml","status":"publish","type":"product","link":"https:\/\/www.alovey.com\/pt\/produto\/luxury-gold-empty-lotion-bottle-with-pump-30ml\/","title":{"rendered":"Luxury gold empty lotion bottle with pump 30ml"},"content":{"rendered":"<p><strong>This\u00a0luxury gold empty lotion \u00a0bottle\u00a0features a double wall design\u00a0with an elegant gold finish, offering both style and durability.<\/strong><\/p>\n<p><strong>Its premium pump ensures smooth and precise dispensing, making it perfect for a wide range of skincare and cosmetic products.<\/strong><\/p>\n<p><strong>Key Features:<\/strong><\/p>\n<p><strong>Capacity:\u00a030ml \/ 1oz \u2013 compact and practical<\/strong><\/p>\n<p><strong>Design:\u00a0Double wall construction for a luxurious look and extra protection<\/strong><\/p>\n<p><strong>Finish:\u00a0Sleek gold appearance to elevate brand image<\/strong><\/p>\n<p><strong>Pump:\u00a0Smooth, controlled dispensing for lotions, gels, and creams<\/strong><\/p>\n<p><strong>Portability:\u00a0Small size, ideal for daily use and travel<\/strong><\/p>\n<p><strong>Applications:\u00a0Suitable for sub-packaged creams, moisturizers, lotions, serums, and foundations<\/strong><\/p>\n<p><strong>This empty lotion bottle is designed for brands seeking premium packaging\u00a0that combines elegance, functionality, and portability.<\/strong><\/p>\n<p><strong>A Alovey, como fabricante profissional chinesa de embalagens para cosm\u00e9ticos, produz uma linha requintada de embalagens personalizadas para cosm\u00e9ticos, meticulosamente elaboradas para elevar sua marca. Nossa sele\u00e7\u00e3o diversificada de materiais premium, combinada com t\u00e9cnicas delicadas de acabamento de superf\u00edcie, como impress\u00e3o em tela de seda, hot stamping e pulveriza\u00e7\u00e3o fosca, garante que cada embalagem seja uma obra-prima exclusiva.<\/strong><\/p>\n<figure id=\"attachment_11724\" aria-describedby=\"caption-attachment-11724\" style=\"width: 750px\" class=\"wp-caption alignnone\"><img fetchpriority=\"high\" decoding=\"async\" class=\"size-full wp-image-11724\" src=\"https:\/\/www.alovey.com\/wp-content\/uploads\/2025\/09\/Luxury-gold-empty-lotion-bottle-with-pump-30ml-5.jpg\" alt=\"empty lotion bottle\" width=\"750\" height=\"750\" srcset=\"https:\/\/www.alovey.com\/wp-content\/uploads\/2025\/09\/Luxury-gold-empty-lotion-bottle-with-pump-30ml-5.jpg 750w, https:\/\/www.alovey.com\/wp-content\/uploads\/2025\/09\/Luxury-gold-empty-lotion-bottle-with-pump-30ml-5-300x300.jpg 300w, https:\/\/www.alovey.com\/wp-content\/uploads\/2025\/09\/Luxury-gold-empty-lotion-bottle-with-pump-30ml-5-150x150.jpg 150w, https:\/\/www.alovey.com\/wp-content\/uploads\/2025\/09\/Luxury-gold-empty-lotion-bottle-with-pump-30ml-5-12x12.jpg 12w, https:\/\/www.alovey.com\/wp-content\/uploads\/2025\/09\/Luxury-gold-empty-lotion-bottle-with-pump-30ml-5-600x600.jpg 600w, https:\/\/www.alovey.com\/wp-content\/uploads\/2025\/09\/Luxury-gold-empty-lotion-bottle-with-pump-30ml-5-100x100.jpg 100w\" sizes=\"(max-width: 750px) 100vw, 750px\" \/><figcaption id=\"caption-attachment-11724\" class=\"wp-caption-text\">\u00a0<\/figcaption><\/figure>\n<figure id=\"attachment_11723\" aria-describedby=\"caption-attachment-11723\" style=\"width: 750px\" class=\"wp-caption alignnone\"><img decoding=\"async\" class=\"size-full wp-image-11723\" src=\"https:\/\/www.alovey.com\/wp-content\/uploads\/2025\/09\/Luxury-gold-empty-lotion-bottle-with-pump-30ml-4.jpg\" alt=\"empty lotion bottle\" width=\"750\" height=\"750\" srcset=\"https:\/\/www.alovey.com\/wp-content\/uploads\/2025\/09\/Luxury-gold-empty-lotion-bottle-with-pump-30ml-4.jpg 750w, https:\/\/www.alovey.com\/wp-content\/uploads\/2025\/09\/Luxury-gold-empty-lotion-bottle-with-pump-30ml-4-300x300.jpg 300w, https:\/\/www.alovey.com\/wp-content\/uploads\/2025\/09\/Luxury-gold-empty-lotion-bottle-with-pump-30ml-4-150x150.jpg 150w, https:\/\/www.alovey.com\/wp-content\/uploads\/2025\/09\/Luxury-gold-empty-lotion-bottle-with-pump-30ml-4-12x12.jpg 12w, https:\/\/www.alovey.com\/wp-content\/uploads\/2025\/09\/Luxury-gold-empty-lotion-bottle-with-pump-30ml-4-600x600.jpg 600w, https:\/\/www.alovey.com\/wp-content\/uploads\/2025\/09\/Luxury-gold-empty-lotion-bottle-with-pump-30ml-4-100x100.jpg 100w\" sizes=\"(max-width: 750px) 100vw, 750px\" \/><figcaption id=\"caption-attachment-11723\" class=\"wp-caption-text\">\u00a0<\/figcaption><\/figure>\n<figure id=\"attachment_11722\" aria-describedby=\"caption-attachment-11722\" style=\"width: 750px\" class=\"wp-caption alignnone\"><img decoding=\"async\" class=\"size-full wp-image-11722\" src=\"https:\/\/www.alovey.com\/wp-content\/uploads\/2025\/09\/Luxury-gold-empty-lotion-bottle-with-pump-30ml-3.jpg\" alt=\"empty lotion bottle\" width=\"750\" height=\"750\" srcset=\"https:\/\/www.alovey.com\/wp-content\/uploads\/2025\/09\/Luxury-gold-empty-lotion-bottle-with-pump-30ml-3.jpg 750w, https:\/\/www.alovey.com\/wp-content\/uploads\/2025\/09\/Luxury-gold-empty-lotion-bottle-with-pump-30ml-3-300x300.jpg 300w, https:\/\/www.alovey.com\/wp-content\/uploads\/2025\/09\/Luxury-gold-empty-lotion-bottle-with-pump-30ml-3-150x150.jpg 150w, https:\/\/www.alovey.com\/wp-content\/uploads\/2025\/09\/Luxury-gold-empty-lotion-bottle-with-pump-30ml-3-12x12.jpg 12w, https:\/\/www.alovey.com\/wp-content\/uploads\/2025\/09\/Luxury-gold-empty-lotion-bottle-with-pump-30ml-3-600x600.jpg 600w, https:\/\/www.alovey.com\/wp-content\/uploads\/2025\/09\/Luxury-gold-empty-lotion-bottle-with-pump-30ml-3-100x100.jpg 100w\" sizes=\"(max-width: 750px) 100vw, 750px\" \/><figcaption id=\"caption-attachment-11722\" class=\"wp-caption-text\">\u00a0<\/figcaption><\/figure>\n<figure id=\"attachment_11721\" aria-describedby=\"caption-attachment-11721\" style=\"width: 750px\" class=\"wp-caption alignnone\"><img loading=\"lazy\" decoding=\"async\" class=\"size-full wp-image-11721\" src=\"https:\/\/www.alovey.com\/wp-content\/uploads\/2025\/09\/Luxury-gold-empty-lotion-bottle-with-pump-30ml-2.jpg\" alt=\"empty lotion bottle\" width=\"750\" height=\"750\" srcset=\"https:\/\/www.alovey.com\/wp-content\/uploads\/2025\/09\/Luxury-gold-empty-lotion-bottle-with-pump-30ml-2.jpg 750w, https:\/\/www.alovey.com\/wp-content\/uploads\/2025\/09\/Luxury-gold-empty-lotion-bottle-with-pump-30ml-2-300x300.jpg 300w, https:\/\/www.alovey.com\/wp-content\/uploads\/2025\/09\/Luxury-gold-empty-lotion-bottle-with-pump-30ml-2-150x150.jpg 150w, https:\/\/www.alovey.com\/wp-content\/uploads\/2025\/09\/Luxury-gold-empty-lotion-bottle-with-pump-30ml-2-12x12.jpg 12w, https:\/\/www.alovey.com\/wp-content\/uploads\/2025\/09\/Luxury-gold-empty-lotion-bottle-with-pump-30ml-2-600x600.jpg 600w, https:\/\/www.alovey.com\/wp-content\/uploads\/2025\/09\/Luxury-gold-empty-lotion-bottle-with-pump-30ml-2-100x100.jpg 100w\" sizes=\"(max-width: 750px) 100vw, 750px\" \/><figcaption id=\"caption-attachment-11721\" class=\"wp-caption-text\">\u00a0<\/figcaption><\/figure>\n<figure id=\"attachment_11720\" aria-describedby=\"caption-attachment-11720\" style=\"width: 750px\" class=\"wp-caption alignnone\"><img loading=\"lazy\" decoding=\"async\" class=\"size-full wp-image-11720\" src=\"https:\/\/www.alovey.com\/wp-content\/uploads\/2025\/09\/Luxury-gold-empty-lotion-bottle-with-pump-30ml-1.jpg\" alt=\"empty lotion bottle\" width=\"750\" height=\"750\" srcset=\"https:\/\/www.alovey.com\/wp-content\/uploads\/2025\/09\/Luxury-gold-empty-lotion-bottle-with-pump-30ml-1.jpg 750w, https:\/\/www.alovey.com\/wp-content\/uploads\/2025\/09\/Luxury-gold-empty-lotion-bottle-with-pump-30ml-1-300x300.jpg 300w, https:\/\/www.alovey.com\/wp-content\/uploads\/2025\/09\/Luxury-gold-empty-lotion-bottle-with-pump-30ml-1-150x150.jpg 150w, https:\/\/www.alovey.com\/wp-content\/uploads\/2025\/09\/Luxury-gold-empty-lotion-bottle-with-pump-30ml-1-12x12.jpg 12w, https:\/\/www.alovey.com\/wp-content\/uploads\/2025\/09\/Luxury-gold-empty-lotion-bottle-with-pump-30ml-1-600x600.jpg 600w, https:\/\/www.alovey.com\/wp-content\/uploads\/2025\/09\/Luxury-gold-empty-lotion-bottle-with-pump-30ml-1-100x100.jpg 100w\" sizes=\"(max-width: 750px) 100vw, 750px\" \/><figcaption id=\"caption-attachment-11720\" class=\"wp-caption-text\">\u00a0<\/figcaption><\/figure>\n<figure id=\"attachment_11719\" aria-describedby=\"caption-attachment-11719\" style=\"width: 750px\" class=\"wp-caption alignnone\"><img loading=\"lazy\" decoding=\"async\" class=\"size-full wp-image-11719\" src=\"https:\/\/www.alovey.com\/wp-content\/uploads\/2025\/09\/Luxury-gold-empty-lotion-bottle-with-pump-30ml-6.jpg\" alt=\"empty lotion bottle\" width=\"750\" height=\"750\" srcset=\"https:\/\/www.alovey.com\/wp-content\/uploads\/2025\/09\/Luxury-gold-empty-lotion-bottle-with-pump-30ml-6.jpg 750w, https:\/\/www.alovey.com\/wp-content\/uploads\/2025\/09\/Luxury-gold-empty-lotion-bottle-with-pump-30ml-6-300x300.jpg 300w, https:\/\/www.alovey.com\/wp-content\/uploads\/2025\/09\/Luxury-gold-empty-lotion-bottle-with-pump-30ml-6-150x150.jpg 150w, https:\/\/www.alovey.com\/wp-content\/uploads\/2025\/09\/Luxury-gold-empty-lotion-bottle-with-pump-30ml-6-12x12.jpg 12w, https:\/\/www.alovey.com\/wp-content\/uploads\/2025\/09\/Luxury-gold-empty-lotion-bottle-with-pump-30ml-6-600x600.jpg 600w, https:\/\/www.alovey.com\/wp-content\/uploads\/2025\/09\/Luxury-gold-empty-lotion-bottle-with-pump-30ml-6-100x100.jpg 100w\" sizes=\"(max-width: 750px) 100vw, 750px\" \/><figcaption id=\"caption-attachment-11719\" class=\"wp-caption-text\">\u00a0<\/figcaption><\/figure>\n<p>&nbsp;<\/p>\n<p>&nbsp;<\/p>\n<p>&nbsp;<\/p>\n<p>&nbsp;<\/p>\n<p>&nbsp;<\/p>\n<p>&nbsp;<\/p>\n<p>&nbsp;<\/p>\n<p>&nbsp;<\/p>\n<p>&nbsp;<\/p>\n<p>&nbsp;<\/p>\n<p>&nbsp;<\/p>\n<p>&nbsp;<\/p>\n<p>&nbsp;<\/p>\n<p>&nbsp;<\/p>\n<p>&nbsp;<\/p>\n<p>&nbsp;<\/p>\n<p>&nbsp;<\/p>\n<p>&nbsp;<\/p>\n<p>&nbsp;<\/p>\n<p>&nbsp;<\/p>\n<p>&nbsp;<\/p>\n<p>&nbsp;<\/p>\n<p>&nbsp;<\/p>\n<p>&nbsp;<\/p>\n<p>&nbsp;<\/p>\n<p>&nbsp;<\/p>\n<p>&nbsp;<\/p>\n<p>&nbsp;<\/p>\n<p>&nbsp;<\/p>\n<p>&nbsp;<\/p>\n<p>&nbsp;<\/p>\n<p>&nbsp;<\/p>\n<p>&nbsp;<\/p>\n<p>&nbsp;<\/p>\n<p>&nbsp;<\/p>\n<p>&nbsp;<\/p>\n<p>&nbsp;<\/p>\n<p>&nbsp;<\/p>\n<p>&nbsp;<\/p>\n<p>&nbsp;<\/p>\n<p>&nbsp;<\/p>\n<p>&nbsp;<\/p>\n<p>&nbsp;<\/p>\n<p>&nbsp;<\/p>\n<p>&nbsp;<\/p>\n<p>&nbsp;<\/p>\n<p>&nbsp;<\/p>\n<p>&nbsp;<\/p>\n<p>&nbsp;<\/p>\n<p>&nbsp;<\/p>\n<p>&nbsp;<\/p>\n<p>&nbsp;<\/p>\n<p>&nbsp;<\/p>\n<p>&nbsp;<\/p>\n<p>&nbsp;<\/p>\n<p>&nbsp;<\/p>\n<p>&nbsp;<\/p>\n<p>&nbsp;<\/p>\n<p>&nbsp;<\/p>\n<p>&nbsp;<\/p>\n<p>&nbsp;<\/p>\n<p>&nbsp;<\/p>\n<p>&nbsp;<\/p>\n<p>&nbsp;<\/p>\n<p>&nbsp;<\/p>\n<p>&nbsp;<\/p>\n<p>&nbsp;<\/p>\n<p>&nbsp;<\/p>\n<p>&nbsp;<\/p>\n<p>&nbsp;<\/p>\n<p>&nbsp;<\/p>\n<p>&nbsp;<\/p>\n<p>&nbsp;<\/p>\n<p>&nbsp;<\/p>\n<p>&nbsp;<\/p>\n<p>&nbsp;<\/p>\n<p>&nbsp;<\/p>\n<p>&nbsp;<\/p>\n<p>&nbsp;<\/p>\n<p>&nbsp;<\/p>\n<p>&nbsp;<\/p>\n<p>&nbsp;<\/p>\n<p>&nbsp;<\/p>\n<p>&nbsp;<\/p>\n<p>&nbsp;<\/p>\n<p>&nbsp;<\/p>\n<p>&nbsp;<\/p>\n<p>&nbsp;<\/p>\n<p>&nbsp;<\/p>\n<p>&nbsp;<\/p>\n<p>&nbsp;<\/p>\n<p>&nbsp;<\/p>\n<p>&nbsp;<\/p>\n<p>&nbsp;<\/p>\n<p>&nbsp;<\/p>\n<p>&nbsp;<\/p>\n<p>&nbsp;<\/p>\n<p>&nbsp;<\/p>\n<p>&nbsp;<\/p>\n<p>&nbsp;<\/p>\n<p>&nbsp;<\/p>\n<p>&nbsp;<\/p>\n<p>&nbsp;<\/p>\n<p>&nbsp;<\/p>\n<p>&nbsp;<\/p>\n<p>&nbsp;<\/p>\n<p>&nbsp;<\/p>\n<p>&nbsp;<\/p>\n<p>&nbsp;<\/p>\n<p>&nbsp;<\/p>\n<p>&nbsp;<\/p>\n<p>&nbsp;<\/p>\n<p>&nbsp;<\/p>\n<p>&nbsp;<\/p>\n<p>&nbsp;<\/p>\n<p>&nbsp;<\/p>\n<p>&nbsp;<\/p>","protected":false},"excerpt":{"rendered":"<ul>\n<li>Item No: B-W009A<\/li>\n<li>Material: Pl\u00e1stico<\/li>\n<li>Capacity: 30ml<\/li>\n<li>Aplica\u00e7\u00f5es: Produtos de beleza<\/li>\n<li>MOQ: 12.000 unidades<\/li>\n<li>Cor: cor personalizada<\/li>\n<li>Tratamento de superf\u00edcie: Inje\u00e7\u00e3o\/Matte\/Metaliza\u00e7\u00e3o\/Revestimento UV<\/li>\n<li>Nome da marca: OEM\/ODM<\/li>\n<li>Logotipo: Logotipo do cliente<\/li>\n<li>Capacidade de fornecimento: 100.000 pe\u00e7as por m\u00eas<\/li>\n<\/ul>","protected":false},"featured_media":11720,"template":"","meta":{"_acf_changed":false},"product_brand":[],"product_cat":[382],"product_tag":[390,430],"class_list":{"0":"post-11718","1":"product","2":"type-product","3":"status-publish","4":"has-post-thumbnail","6":"product_cat-wholesale-cosmetic-bottles-containers","7":"product_tag-cosmetic-bottle","8":"product_tag-pump-bottle","10":"first","11":"instock","12":"shipping-taxable","13":"product-type-simple"},"acf":[],"yoast_head":"<!-- This site is optimized with the Yoast SEO plugin v24.1 - https:\/\/yoast.com\/wordpress\/plugins\/seo\/ -->\n<title>Luxury gold empty lotion bottle with pump 30ml<\/title>\n<meta name=\"description\" content=\"This luxury gold empty lotion bottle features a double wall design with an elegant gold finish, offering both style and durability.\" \/>\n<meta name=\"robots\" content=\"index, follow, max-snippet:-1, max-image-preview:large, max-video-preview:-1\" \/>\n<link rel=\"canonical\" href=\"https:\/\/www.alovey.com\/pt\/produto\/luxury-gold-empty-lotion-bottle-with-pump-30ml\/\" \/>\n<meta property=\"og:locale\" content=\"pt_BR\" \/>\n<meta property=\"og:type\" content=\"article\" \/>\n<meta property=\"og:title\" content=\"Luxury gold empty lotion bottle with pump 30ml\" \/>\n<meta property=\"og:description\" content=\"This luxury gold empty lotion bottle features a double wall design with an elegant gold finish, offering both style and durability.\" \/>\n<meta property=\"og:url\" content=\"https:\/\/www.alovey.com\/pt\/produto\/luxury-gold-empty-lotion-bottle-with-pump-30ml\/\" \/>\n<meta property=\"og:site_name\" content=\"Best Cosmetic Packaging Manufacture\" \/>\n<meta property=\"article:modified_time\" content=\"2025-09-24T06:13:52+00:00\" \/>\n<meta property=\"og:image\" content=\"https:\/\/www.alovey.com\/wp-content\/uploads\/2025\/09\/Luxury-gold-empty-lotion-bottle-with-pump-30ml-1.jpg\" \/>\n\t<meta property=\"og:image:width\" content=\"750\" \/>\n\t<meta property=\"og:image:height\" content=\"750\" \/>\n\t<meta property=\"og:image:type\" content=\"image\/jpeg\" \/>\n<meta name=\"twitter:card\" content=\"summary_large_image\" \/>\n<meta name=\"twitter:label1\" content=\"Est. tempo de leitura\" \/>\n\t<meta name=\"twitter:data1\" content=\"3 minutos\" \/>\n<script type=\"application\/ld+json\" class=\"yoast-schema-graph\">{\"@context\":\"https:\/\/schema.org\",\"@graph\":[{\"@type\":\"WebPage\",\"@id\":\"https:\/\/www.alovey.com\/product\/luxury-gold-empty-lotion-bottle-with-pump-30ml\/\",\"url\":\"https:\/\/www.alovey.com\/product\/luxury-gold-empty-lotion-bottle-with-pump-30ml\/\",\"name\":\"Luxury gold empty lotion bottle with pump 30ml\",\"isPartOf\":{\"@id\":\"https:\/\/www.alovey.com\/#website\"},\"primaryImageOfPage\":{\"@id\":\"https:\/\/www.alovey.com\/product\/luxury-gold-empty-lotion-bottle-with-pump-30ml\/#primaryimage\"},\"image\":{\"@id\":\"https:\/\/www.alovey.com\/product\/luxury-gold-empty-lotion-bottle-with-pump-30ml\/#primaryimage\"},\"thumbnailUrl\":\"https:\/\/www.alovey.com\/wp-content\/uploads\/2025\/09\/Luxury-gold-empty-lotion-bottle-with-pump-30ml-1.jpg\",\"datePublished\":\"2025-09-24T03:11:40+00:00\",\"dateModified\":\"2025-09-24T06:13:52+00:00\",\"description\":\"This luxury gold empty lotion bottle features a double wall design with an elegant gold finish, offering both style and durability.\",\"breadcrumb\":{\"@id\":\"https:\/\/www.alovey.com\/product\/luxury-gold-empty-lotion-bottle-with-pump-30ml\/#breadcrumb\"},\"inLanguage\":\"pt-BR\",\"potentialAction\":[{\"@type\":\"ReadAction\",\"target\":[\"https:\/\/www.alovey.com\/product\/luxury-gold-empty-lotion-bottle-with-pump-30ml\/\"]}]},{\"@type\":\"ImageObject\",\"inLanguage\":\"pt-BR\",\"@id\":\"https:\/\/www.alovey.com\/product\/luxury-gold-empty-lotion-bottle-with-pump-30ml\/#primaryimage\",\"url\":\"https:\/\/www.alovey.com\/wp-content\/uploads\/2025\/09\/Luxury-gold-empty-lotion-bottle-with-pump-30ml-1.jpg\",\"contentUrl\":\"https:\/\/www.alovey.com\/wp-content\/uploads\/2025\/09\/Luxury-gold-empty-lotion-bottle-with-pump-30ml-1.jpg\",\"width\":750,\"height\":750,\"caption\":\"Luxury gold empty lotion bottle with pump 30ml\"},{\"@type\":\"BreadcrumbList\",\"@id\":\"https:\/\/www.alovey.com\/product\/luxury-gold-empty-lotion-bottle-with-pump-30ml\/#breadcrumb\",\"itemListElement\":[{\"@type\":\"ListItem\",\"position\":1,\"name\":\"\u9996\u9875\",\"item\":\"https:\/\/www.alovey.com\/\"},{\"@type\":\"ListItem\",\"position\":2,\"name\":\"Products\",\"item\":\"https:\/\/www.alovey.com\/products\/\"},{\"@type\":\"ListItem\",\"position\":3,\"name\":\"Luxury gold empty lotion bottle with pump 30ml\"}]},{\"@type\":\"WebSite\",\"@id\":\"https:\/\/www.alovey.com\/#website\",\"url\":\"https:\/\/www.alovey.com\/\",\"name\":\"Best Cosmetic Packaging Manufacture\",\"description\":\"Alovey Cosmetic Packaging Co.,Ltd\",\"publisher\":{\"@id\":\"https:\/\/www.alovey.com\/#organization\"},\"potentialAction\":[{\"@type\":\"SearchAction\",\"target\":{\"@type\":\"EntryPoint\",\"urlTemplate\":\"https:\/\/www.alovey.com\/?s={search_term_string}\"},\"query-input\":{\"@type\":\"PropertyValueSpecification\",\"valueRequired\":true,\"valueName\":\"search_term_string\"}}],\"inLanguage\":\"pt-BR\"},{\"@type\":\"Organization\",\"@id\":\"https:\/\/www.alovey.com\/#organization\",\"name\":\"Best Cosmetic Packaging Manufacture\",\"url\":\"https:\/\/www.alovey.com\/\",\"logo\":{\"@type\":\"ImageObject\",\"inLanguage\":\"pt-BR\",\"@id\":\"https:\/\/www.alovey.com\/#\/schema\/logo\/image\/\",\"url\":\"https:\/\/www.alovey.com\/wp-content\/uploads\/2023\/03\/logo.png\",\"contentUrl\":\"https:\/\/www.alovey.com\/wp-content\/uploads\/2023\/03\/logo.png\",\"width\":505,\"height\":180,\"caption\":\"Best  Cosmetic Packaging Manufacture\"},\"image\":{\"@id\":\"https:\/\/www.alovey.com\/#\/schema\/logo\/image\/\"}}]}<\/script>\n<!-- \/ Yoast SEO plugin. -->","yoast_head_json":{"title":"Luxury gold empty lotion bottle with pump 30ml","description":"This luxury gold empty lotion bottle features a double wall design with an elegant gold finish, offering both style and durability.","robots":{"index":"index","follow":"follow","max-snippet":"max-snippet:-1","max-image-preview":"max-image-preview:large","max-video-preview":"max-video-preview:-1"},"canonical":"https:\/\/www.alovey.com\/pt\/produto\/luxury-gold-empty-lotion-bottle-with-pump-30ml\/","og_locale":"pt_BR","og_type":"article","og_title":"Luxury gold empty lotion bottle with pump 30ml","og_description":"This luxury gold empty lotion bottle features a double wall design with an elegant gold finish, offering both style and durability.","og_url":"https:\/\/www.alovey.com\/pt\/produto\/luxury-gold-empty-lotion-bottle-with-pump-30ml\/","og_site_name":"Best Cosmetic Packaging Manufacture","article_modified_time":"2025-09-24T06:13:52+00:00","og_image":[{"width":750,"height":750,"url":"https:\/\/www.alovey.com\/wp-content\/uploads\/2025\/09\/Luxury-gold-empty-lotion-bottle-with-pump-30ml-1.jpg","type":"image\/jpeg"}],"twitter_card":"summary_large_image","twitter_misc":{"Est. tempo de leitura":"3 minutos"},"schema":{"@context":"https:\/\/schema.org","@graph":[{"@type":"WebPage","@id":"https:\/\/www.alovey.com\/product\/luxury-gold-empty-lotion-bottle-with-pump-30ml\/","url":"https:\/\/www.alovey.com\/product\/luxury-gold-empty-lotion-bottle-with-pump-30ml\/","name":"Luxury gold empty lotion bottle with pump 30ml","isPartOf":{"@id":"https:\/\/www.alovey.com\/#website"},"primaryImageOfPage":{"@id":"https:\/\/www.alovey.com\/product\/luxury-gold-empty-lotion-bottle-with-pump-30ml\/#primaryimage"},"image":{"@id":"https:\/\/www.alovey.com\/product\/luxury-gold-empty-lotion-bottle-with-pump-30ml\/#primaryimage"},"thumbnailUrl":"https:\/\/www.alovey.com\/wp-content\/uploads\/2025\/09\/Luxury-gold-empty-lotion-bottle-with-pump-30ml-1.jpg","datePublished":"2025-09-24T03:11:40+00:00","dateModified":"2025-09-24T06:13:52+00:00","description":"This luxury gold empty lotion bottle features a double wall design with an elegant gold finish, offering both style and durability.","breadcrumb":{"@id":"https:\/\/www.alovey.com\/product\/luxury-gold-empty-lotion-bottle-with-pump-30ml\/#breadcrumb"},"inLanguage":"pt-BR","potentialAction":[{"@type":"ReadAction","target":["https:\/\/www.alovey.com\/product\/luxury-gold-empty-lotion-bottle-with-pump-30ml\/"]}]},{"@type":"ImageObject","inLanguage":"pt-BR","@id":"https:\/\/www.alovey.com\/product\/luxury-gold-empty-lotion-bottle-with-pump-30ml\/#primaryimage","url":"https:\/\/www.alovey.com\/wp-content\/uploads\/2025\/09\/Luxury-gold-empty-lotion-bottle-with-pump-30ml-1.jpg","contentUrl":"https:\/\/www.alovey.com\/wp-content\/uploads\/2025\/09\/Luxury-gold-empty-lotion-bottle-with-pump-30ml-1.jpg","width":750,"height":750,"caption":"Luxury gold empty lotion bottle with pump 30ml"},{"@type":"BreadcrumbList","@id":"https:\/\/www.alovey.com\/product\/luxury-gold-empty-lotion-bottle-with-pump-30ml\/#breadcrumb","itemListElement":[{"@type":"ListItem","position":1,"name":"\u9996\u9875","item":"https:\/\/www.alovey.com\/"},{"@type":"ListItem","position":2,"name":"Products","item":"https:\/\/www.alovey.com\/products\/"},{"@type":"ListItem","position":3,"name":"Luxury gold empty lotion bottle with pump 30ml"}]},{"@type":"WebSite","@id":"https:\/\/www.alovey.com\/#website","url":"https:\/\/www.alovey.com\/","name":"Best Cosmetic Packaging Manufacture","description":"Alovey Cosmetic Packaging Co.,Ltd","publisher":{"@id":"https:\/\/www.alovey.com\/#organization"},"potentialAction":[{"@type":"SearchAction","target":{"@type":"EntryPoint","urlTemplate":"https:\/\/www.alovey.com\/?s={search_term_string}"},"query-input":{"@type":"PropertyValueSpecification","valueRequired":true,"valueName":"search_term_string"}}],"inLanguage":"pt-BR"},{"@type":"Organization","@id":"https:\/\/www.alovey.com\/#organization","name":"Best Cosmetic Packaging Manufacture","url":"https:\/\/www.alovey.com\/","logo":{"@type":"ImageObject","inLanguage":"pt-BR","@id":"https:\/\/www.alovey.com\/#\/schema\/logo\/image\/","url":"https:\/\/www.alovey.com\/wp-content\/uploads\/2023\/03\/logo.png","contentUrl":"https:\/\/www.alovey.com\/wp-content\/uploads\/2023\/03\/logo.png","width":505,"height":180,"caption":"Best  Cosmetic Packaging Manufacture"},"image":{"@id":"https:\/\/www.alovey.com\/#\/schema\/logo\/image\/"}}]}},"_links":{"self":[{"href":"https:\/\/www.alovey.com\/pt\/wp-json\/wp\/v2\/product\/11718"}],"collection":[{"href":"https:\/\/www.alovey.com\/pt\/wp-json\/wp\/v2\/product"}],"about":[{"href":"https:\/\/www.alovey.com\/pt\/wp-json\/wp\/v2\/types\/product"}],"wp:featuredmedia":[{"embeddable":true,"href":"https:\/\/www.alovey.com\/pt\/wp-json\/wp\/v2\/media\/11720"}],"wp:attachment":[{"href":"https:\/\/www.alovey.com\/pt\/wp-json\/wp\/v2\/media?parent=11718"}],"wp:term":[{"taxonomy":"product_brand","embeddable":true,"href":"https:\/\/www.alovey.com\/pt\/wp-json\/wp\/v2\/product_brand?post=11718"},{"taxonomy":"product_cat","embeddable":true,"href":"https:\/\/www.alovey.com\/pt\/wp-json\/wp\/v2\/product_cat?post=11718"},{"taxonomy":"product_tag","embeddable":true,"href":"https:\/\/www.alovey.com\/pt\/wp-json\/wp\/v2\/product_tag?post=11718"}],"curies":[{"name":"wp","href":"https:\/\/api.w.org\/{rel}","templated":true}]}}