{"id":11506,"date":"2025-09-09T03:10:36","date_gmt":"2025-09-09T03:10:36","guid":{"rendered":"https:\/\/www.alovey.com\/?post_type=product&#038;p=11506"},"modified":"2025-09-09T03:15:22","modified_gmt":"2025-09-09T03:15:22","slug":"cute-top-ring-lip-gloss-tube-1-5ml","status":"publish","type":"product","link":"https:\/\/www.alovey.com\/pt\/produto\/cute-top-ring-lip-gloss-tube-1-5ml\/","title":{"rendered":"Cute top ring lip gloss tube 1.5ml"},"content":{"rendered":"<p><strong>This cute ring mini lip gloss tube\u00a0comes with a creative ring cap design, making it both practical and stylish. The transparent body\u00a0lets you easily see the lip gloss inside, while the top ring cap\u00a0allows for fun customization<\/strong><\/p>\n<p><strong>You can freely DIY by adding your favorite pendants or charms through the holes on the lid.<\/strong><\/p>\n<p><strong>It is perfect for creating a playful and personalized makeup experience.<\/strong><\/p>\n<p><strong>Capacity:\u00a01.5ml<\/strong><\/p>\n<p><strong>Shape:\u00a0Round mini tube with ring cap<\/strong><\/p>\n<p><strong>Design:\u00a0Transparent body for quick shade identification<\/strong><\/p>\n<p><strong>Customization:\u00a0Add pendants or charms through the ring cap<\/strong><\/p>\n<p><strong>Use:\u00a0Ideal for lip gloss, lip oil, or sample-size formulas<\/strong><\/p>\n<p><strong>A cute, creative, and eye-catching packaging option that adds personality to any lip product collection.<\/strong><\/p>\n<p><strong>A Alovey, como fabricante profissional chinesa de embalagens para cosm\u00e9ticos, produz uma linha requintada de embalagens personalizadas para cosm\u00e9ticos, meticulosamente elaboradas para elevar sua marca. Nossa sele\u00e7\u00e3o diversificada de materiais premium, combinada com t\u00e9cnicas delicadas de acabamento de superf\u00edcie, como impress\u00e3o em tela de seda, hot stamping e pulveriza\u00e7\u00e3o fosca, garante que cada embalagem seja uma obra-prima exclusiva.<\/strong><\/p>\n<p><img fetchpriority=\"high\" decoding=\"async\" class=\"size-full wp-image-11512\" src=\"https:\/\/www.alovey.com\/wp-content\/uploads\/2025\/09\/Cute-top-ring-mini-lip-gloss-tube-small-lipgloss-container-1-5.jpg\" alt=\"ring lip gloss tube\" width=\"750\" height=\"750\" srcset=\"https:\/\/www.alovey.com\/wp-content\/uploads\/2025\/09\/Cute-top-ring-mini-lip-gloss-tube-small-lipgloss-container-1-5.jpg 750w, https:\/\/www.alovey.com\/wp-content\/uploads\/2025\/09\/Cute-top-ring-mini-lip-gloss-tube-small-lipgloss-container-1-5-300x300.jpg 300w, https:\/\/www.alovey.com\/wp-content\/uploads\/2025\/09\/Cute-top-ring-mini-lip-gloss-tube-small-lipgloss-container-1-5-150x150.jpg 150w, https:\/\/www.alovey.com\/wp-content\/uploads\/2025\/09\/Cute-top-ring-mini-lip-gloss-tube-small-lipgloss-container-1-5-12x12.jpg 12w, https:\/\/www.alovey.com\/wp-content\/uploads\/2025\/09\/Cute-top-ring-mini-lip-gloss-tube-small-lipgloss-container-1-5-600x600.jpg 600w, https:\/\/www.alovey.com\/wp-content\/uploads\/2025\/09\/Cute-top-ring-mini-lip-gloss-tube-small-lipgloss-container-1-5-100x100.jpg 100w\" sizes=\"(max-width: 750px) 100vw, 750px\" \/><\/p>\n<p><img decoding=\"async\" class=\"size-full wp-image-11511\" src=\"https:\/\/www.alovey.com\/wp-content\/uploads\/2025\/09\/Cute-top-ring-mini-lip-gloss-tube-small-lipgloss-container-1-4.jpg\" alt=\"ring lip gloss tube\" width=\"750\" height=\"750\" srcset=\"https:\/\/www.alovey.com\/wp-content\/uploads\/2025\/09\/Cute-top-ring-mini-lip-gloss-tube-small-lipgloss-container-1-4.jpg 750w, https:\/\/www.alovey.com\/wp-content\/uploads\/2025\/09\/Cute-top-ring-mini-lip-gloss-tube-small-lipgloss-container-1-4-300x300.jpg 300w, https:\/\/www.alovey.com\/wp-content\/uploads\/2025\/09\/Cute-top-ring-mini-lip-gloss-tube-small-lipgloss-container-1-4-150x150.jpg 150w, https:\/\/www.alovey.com\/wp-content\/uploads\/2025\/09\/Cute-top-ring-mini-lip-gloss-tube-small-lipgloss-container-1-4-12x12.jpg 12w, https:\/\/www.alovey.com\/wp-content\/uploads\/2025\/09\/Cute-top-ring-mini-lip-gloss-tube-small-lipgloss-container-1-4-600x600.jpg 600w, https:\/\/www.alovey.com\/wp-content\/uploads\/2025\/09\/Cute-top-ring-mini-lip-gloss-tube-small-lipgloss-container-1-4-100x100.jpg 100w\" sizes=\"(max-width: 750px) 100vw, 750px\" \/><\/p>\n<p><img decoding=\"async\" class=\"size-full wp-image-11510\" src=\"https:\/\/www.alovey.com\/wp-content\/uploads\/2025\/09\/Cute-top-ring-mini-lip-gloss-tube-small-lipgloss-container-1-3.jpg\" alt=\"ring lip gloss tube\" width=\"750\" height=\"750\" srcset=\"https:\/\/www.alovey.com\/wp-content\/uploads\/2025\/09\/Cute-top-ring-mini-lip-gloss-tube-small-lipgloss-container-1-3.jpg 750w, https:\/\/www.alovey.com\/wp-content\/uploads\/2025\/09\/Cute-top-ring-mini-lip-gloss-tube-small-lipgloss-container-1-3-300x300.jpg 300w, https:\/\/www.alovey.com\/wp-content\/uploads\/2025\/09\/Cute-top-ring-mini-lip-gloss-tube-small-lipgloss-container-1-3-150x150.jpg 150w, https:\/\/www.alovey.com\/wp-content\/uploads\/2025\/09\/Cute-top-ring-mini-lip-gloss-tube-small-lipgloss-container-1-3-12x12.jpg 12w, https:\/\/www.alovey.com\/wp-content\/uploads\/2025\/09\/Cute-top-ring-mini-lip-gloss-tube-small-lipgloss-container-1-3-600x600.jpg 600w, https:\/\/www.alovey.com\/wp-content\/uploads\/2025\/09\/Cute-top-ring-mini-lip-gloss-tube-small-lipgloss-container-1-3-100x100.jpg 100w\" sizes=\"(max-width: 750px) 100vw, 750px\" \/><\/p>\n<p><img loading=\"lazy\" decoding=\"async\" class=\"size-full wp-image-11509\" src=\"https:\/\/www.alovey.com\/wp-content\/uploads\/2025\/09\/Cute-top-ring-mini-lip-gloss-tube-small-lipgloss-container-1-2.jpg\" alt=\"ring lip gloss tube\" width=\"750\" height=\"750\" srcset=\"https:\/\/www.alovey.com\/wp-content\/uploads\/2025\/09\/Cute-top-ring-mini-lip-gloss-tube-small-lipgloss-container-1-2.jpg 750w, https:\/\/www.alovey.com\/wp-content\/uploads\/2025\/09\/Cute-top-ring-mini-lip-gloss-tube-small-lipgloss-container-1-2-300x300.jpg 300w, https:\/\/www.alovey.com\/wp-content\/uploads\/2025\/09\/Cute-top-ring-mini-lip-gloss-tube-small-lipgloss-container-1-2-150x150.jpg 150w, https:\/\/www.alovey.com\/wp-content\/uploads\/2025\/09\/Cute-top-ring-mini-lip-gloss-tube-small-lipgloss-container-1-2-12x12.jpg 12w, https:\/\/www.alovey.com\/wp-content\/uploads\/2025\/09\/Cute-top-ring-mini-lip-gloss-tube-small-lipgloss-container-1-2-600x600.jpg 600w, https:\/\/www.alovey.com\/wp-content\/uploads\/2025\/09\/Cute-top-ring-mini-lip-gloss-tube-small-lipgloss-container-1-2-100x100.jpg 100w\" sizes=\"(max-width: 750px) 100vw, 750px\" \/><\/p>\n<p><img loading=\"lazy\" decoding=\"async\" class=\"size-full wp-image-11508\" src=\"https:\/\/www.alovey.com\/wp-content\/uploads\/2025\/09\/Cute-top-ring-mini-lip-gloss-tube-small-lipgloss-container-1-1.jpg\" alt=\"ring lip gloss tube\" width=\"750\" height=\"750\" srcset=\"https:\/\/www.alovey.com\/wp-content\/uploads\/2025\/09\/Cute-top-ring-mini-lip-gloss-tube-small-lipgloss-container-1-1.jpg 750w, https:\/\/www.alovey.com\/wp-content\/uploads\/2025\/09\/Cute-top-ring-mini-lip-gloss-tube-small-lipgloss-container-1-1-300x300.jpg 300w, https:\/\/www.alovey.com\/wp-content\/uploads\/2025\/09\/Cute-top-ring-mini-lip-gloss-tube-small-lipgloss-container-1-1-150x150.jpg 150w, https:\/\/www.alovey.com\/wp-content\/uploads\/2025\/09\/Cute-top-ring-mini-lip-gloss-tube-small-lipgloss-container-1-1-12x12.jpg 12w, https:\/\/www.alovey.com\/wp-content\/uploads\/2025\/09\/Cute-top-ring-mini-lip-gloss-tube-small-lipgloss-container-1-1-600x600.jpg 600w, https:\/\/www.alovey.com\/wp-content\/uploads\/2025\/09\/Cute-top-ring-mini-lip-gloss-tube-small-lipgloss-container-1-1-100x100.jpg 100w\" sizes=\"(max-width: 750px) 100vw, 750px\" \/><\/p>\n<p><img loading=\"lazy\" decoding=\"async\" class=\"size-full wp-image-11507\" src=\"https:\/\/www.alovey.com\/wp-content\/uploads\/2025\/09\/Cute-top-ring-mini-lip-gloss-tube-small-lipgloss-container-1-6.jpg\" alt=\"ring lip gloss tube\" width=\"750\" height=\"750\" srcset=\"https:\/\/www.alovey.com\/wp-content\/uploads\/2025\/09\/Cute-top-ring-mini-lip-gloss-tube-small-lipgloss-container-1-6.jpg 750w, https:\/\/www.alovey.com\/wp-content\/uploads\/2025\/09\/Cute-top-ring-mini-lip-gloss-tube-small-lipgloss-container-1-6-300x300.jpg 300w, https:\/\/www.alovey.com\/wp-content\/uploads\/2025\/09\/Cute-top-ring-mini-lip-gloss-tube-small-lipgloss-container-1-6-150x150.jpg 150w, https:\/\/www.alovey.com\/wp-content\/uploads\/2025\/09\/Cute-top-ring-mini-lip-gloss-tube-small-lipgloss-container-1-6-12x12.jpg 12w, https:\/\/www.alovey.com\/wp-content\/uploads\/2025\/09\/Cute-top-ring-mini-lip-gloss-tube-small-lipgloss-container-1-6-600x600.jpg 600w, https:\/\/www.alovey.com\/wp-content\/uploads\/2025\/09\/Cute-top-ring-mini-lip-gloss-tube-small-lipgloss-container-1-6-100x100.jpg 100w\" sizes=\"(max-width: 750px) 100vw, 750px\" \/><\/p>\n<p>&nbsp;<\/p>\n<p>&nbsp;<\/p>\n<p>&nbsp;<\/p>\n<p>&nbsp;<\/p>\n<p>&nbsp;<\/p>\n<p>&nbsp;<\/p>\n<p>&nbsp;<\/p>\n<p>&nbsp;<\/p>\n<p>&nbsp;<\/p>\n<p>&nbsp;<\/p>\n<p>&nbsp;<\/p>\n<p>&nbsp;<\/p>\n<p>&nbsp;<\/p>\n<p>&nbsp;<\/p>\n<p>&nbsp;<\/p>\n<p>&nbsp;<\/p>\n<p>&nbsp;<\/p>\n<p>&nbsp;<\/p>\n<p>&nbsp;<\/p>\n<p>&nbsp;<\/p>\n<p>&nbsp;<\/p>\n<p>&nbsp;<\/p>\n<p>&nbsp;<\/p>\n<p>&nbsp;<\/p>\n<p>&nbsp;<\/p>\n<p>&nbsp;<\/p>\n<p>&nbsp;<\/p>\n<p>&nbsp;<\/p>\n<p>&nbsp;<\/p>\n<p>&nbsp;<\/p>\n<p>&nbsp;<\/p>\n<p>&nbsp;<\/p>\n<p>&nbsp;<\/p>\n<p>&nbsp;<\/p>\n<p>&nbsp;<\/p>\n<p>&nbsp;<\/p>\n<p>&nbsp;<\/p>\n<p>&nbsp;<\/p>\n<p>&nbsp;<\/p>\n<p>&nbsp;<\/p>\n<p>&nbsp;<\/p>\n<p>&nbsp;<\/p>\n<p>&nbsp;<\/p>\n<p>&nbsp;<\/p>\n<p>&nbsp;<\/p>\n<p>&nbsp;<\/p>\n<p>&nbsp;<\/p>\n<p>&nbsp;<\/p>\n<p>&nbsp;<\/p>\n<p>&nbsp;<\/p>\n<p>&nbsp;<\/p>\n<p>&nbsp;<\/p>\n<p>&nbsp;<\/p>\n<p>&nbsp;<\/p>\n<p>&nbsp;<\/p>\n<p>&nbsp;<\/p>\n<p>&nbsp;<\/p>\n<p>&nbsp;<\/p>\n<p>&nbsp;<\/p>\n<p>&nbsp;<\/p>\n<p>&nbsp;<\/p>\n<p>&nbsp;<\/p>\n<p>&nbsp;<\/p>\n<p>&nbsp;<\/p>\n<p>&nbsp;<\/p>\n<p>&nbsp;<\/p>\n<p>&nbsp;<\/p>\n<p>&nbsp;<\/p>\n<p>&nbsp;<\/p>\n<p>&nbsp;<\/p>\n<p>&nbsp;<\/p>\n<p>&nbsp;<\/p>\n<p>&nbsp;<\/p>\n<p>&nbsp;<\/p>\n<p>&nbsp;<\/p>\n<p>&nbsp;<\/p>\n<p>&nbsp;<\/p>\n<p>&nbsp;<\/p>\n<p>&nbsp;<\/p>\n<p>&nbsp;<\/p>\n<p>&nbsp;<\/p>\n<p>&nbsp;<\/p>\n<p>&nbsp;<\/p>\n<p>&nbsp;<\/p>\n<p>&nbsp;<\/p>\n<p>&nbsp;<\/p>\n<p>&nbsp;<\/p>\n<p>&nbsp;<\/p>\n<p>&nbsp;<\/p>\n<p>&nbsp;<\/p>\n<p>&nbsp;<\/p>\n<p>&nbsp;<\/p>\n<p>&nbsp;<\/p>\n<p>&nbsp;<\/p>\n<p>&nbsp;<\/p>\n<p>&nbsp;<\/p>\n<p>&nbsp;<\/p>\n<p>&nbsp;<\/p>\n<p>&nbsp;<\/p>\n<p>&nbsp;<\/p>\n<p>&nbsp;<\/p>\n<p>&nbsp;<\/p>\n<p>&nbsp;<\/p>\n<p>&nbsp;<\/p>\n<p>&nbsp;<\/p>\n<p>&nbsp;<\/p>","protected":false},"excerpt":{"rendered":"<ul>\n<li>Item No: LG-0087A\/B<\/li>\n<li>Material: Pl\u00e1stico<\/li>\n<li>Capacity: 1.5ml<\/li>\n<li>Size: D12.5*H56MM<\/li>\n<li>Aplica\u00e7\u00f5es: Produtos de beleza<\/li>\n<li>MOQ: 12.000 unidades<\/li>\n<li>Cor: cor personalizada<\/li>\n<li>Tratamento de superf\u00edcie: Inje\u00e7\u00e3o\/Matte\/Metaliza\u00e7\u00e3o\/Revestimento UV<\/li>\n<li>Nome da marca: OEM\/ODM<\/li>\n<li>Logotipo: Logotipo do cliente<\/li>\n<li>Capacidade de fornecimento: 100.000 pe\u00e7as por m\u00eas<\/li>\n<\/ul>","protected":false},"featured_media":11508,"template":"","meta":{"_acf_changed":false},"product_brand":[],"product_cat":[372],"product_tag":[447,388,453],"class_list":{"0":"post-11506","1":"product","2":"type-product","3":"status-publish","4":"has-post-thumbnail","6":"product_cat-lipgloss-tube","7":"product_tag-lip-gel-tube","8":"product_tag-lip-gloss-tube","9":"product_tag-mini-cosmetic-packaging","11":"first","12":"instock","13":"shipping-taxable","14":"product-type-simple"},"acf":[],"yoast_head":"<!-- This site is optimized with the Yoast SEO plugin v24.1 - https:\/\/yoast.com\/wordpress\/plugins\/seo\/ -->\n<title>Cute top ring lip gloss tube 1.5ml<\/title>\n<meta name=\"description\" content=\"This ring lip gloss tube comes with a creative ring cap design, making it both practical and stylish. The transparent body lets you easily see the lip gloss inside, while the top ring cap allows for fun customization\" \/>\n<meta name=\"robots\" content=\"index, follow, max-snippet:-1, max-image-preview:large, max-video-preview:-1\" \/>\n<link rel=\"canonical\" href=\"https:\/\/www.alovey.com\/pt\/produto\/cute-top-ring-lip-gloss-tube-1-5ml\/\" \/>\n<meta property=\"og:locale\" content=\"pt_BR\" \/>\n<meta property=\"og:type\" content=\"article\" \/>\n<meta property=\"og:title\" content=\"Cute top ring lip gloss tube 1.5ml\" \/>\n<meta property=\"og:description\" content=\"This ring lip gloss tube comes with a creative ring cap design, making it both practical and stylish. The transparent body lets you easily see the lip gloss inside, while the top ring cap allows for fun customization\" \/>\n<meta property=\"og:url\" content=\"https:\/\/www.alovey.com\/pt\/produto\/cute-top-ring-lip-gloss-tube-1-5ml\/\" \/>\n<meta property=\"og:site_name\" content=\"Best Cosmetic Packaging Manufacture\" \/>\n<meta property=\"article:modified_time\" content=\"2025-09-09T03:15:22+00:00\" \/>\n<meta property=\"og:image\" content=\"https:\/\/www.alovey.com\/wp-content\/uploads\/2025\/09\/Cute-top-ring-mini-lip-gloss-tube-small-lipgloss-container-1-1.jpg\" \/>\n\t<meta property=\"og:image:width\" content=\"750\" \/>\n\t<meta property=\"og:image:height\" content=\"750\" \/>\n\t<meta property=\"og:image:type\" content=\"image\/jpeg\" \/>\n<meta name=\"twitter:card\" content=\"summary_large_image\" \/>\n<meta name=\"twitter:label1\" content=\"Est. tempo de leitura\" \/>\n\t<meta name=\"twitter:data1\" content=\"3 minutos\" \/>\n<script type=\"application\/ld+json\" class=\"yoast-schema-graph\">{\"@context\":\"https:\/\/schema.org\",\"@graph\":[{\"@type\":\"WebPage\",\"@id\":\"https:\/\/www.alovey.com\/product\/cute-top-ring-lip-gloss-tube-1-5ml\/\",\"url\":\"https:\/\/www.alovey.com\/product\/cute-top-ring-lip-gloss-tube-1-5ml\/\",\"name\":\"Cute top ring lip gloss tube 1.5ml\",\"isPartOf\":{\"@id\":\"https:\/\/www.alovey.com\/#website\"},\"primaryImageOfPage\":{\"@id\":\"https:\/\/www.alovey.com\/product\/cute-top-ring-lip-gloss-tube-1-5ml\/#primaryimage\"},\"image\":{\"@id\":\"https:\/\/www.alovey.com\/product\/cute-top-ring-lip-gloss-tube-1-5ml\/#primaryimage\"},\"thumbnailUrl\":\"https:\/\/www.alovey.com\/wp-content\/uploads\/2025\/09\/Cute-top-ring-mini-lip-gloss-tube-small-lipgloss-container-1-1.jpg\",\"datePublished\":\"2025-09-09T03:10:36+00:00\",\"dateModified\":\"2025-09-09T03:15:22+00:00\",\"description\":\"This ring lip gloss tube comes with a creative ring cap design, making it both practical and stylish. The transparent body lets you easily see the lip gloss inside, while the top ring cap allows for fun customization\",\"breadcrumb\":{\"@id\":\"https:\/\/www.alovey.com\/product\/cute-top-ring-lip-gloss-tube-1-5ml\/#breadcrumb\"},\"inLanguage\":\"pt-BR\",\"potentialAction\":[{\"@type\":\"ReadAction\",\"target\":[\"https:\/\/www.alovey.com\/product\/cute-top-ring-lip-gloss-tube-1-5ml\/\"]}]},{\"@type\":\"ImageObject\",\"inLanguage\":\"pt-BR\",\"@id\":\"https:\/\/www.alovey.com\/product\/cute-top-ring-lip-gloss-tube-1-5ml\/#primaryimage\",\"url\":\"https:\/\/www.alovey.com\/wp-content\/uploads\/2025\/09\/Cute-top-ring-mini-lip-gloss-tube-small-lipgloss-container-1-1.jpg\",\"contentUrl\":\"https:\/\/www.alovey.com\/wp-content\/uploads\/2025\/09\/Cute-top-ring-mini-lip-gloss-tube-small-lipgloss-container-1-1.jpg\",\"width\":750,\"height\":750,\"caption\":\"Cute top ring lip gloss tube 1.5ml\"},{\"@type\":\"BreadcrumbList\",\"@id\":\"https:\/\/www.alovey.com\/product\/cute-top-ring-lip-gloss-tube-1-5ml\/#breadcrumb\",\"itemListElement\":[{\"@type\":\"ListItem\",\"position\":1,\"name\":\"\u9996\u9875\",\"item\":\"https:\/\/www.alovey.com\/\"},{\"@type\":\"ListItem\",\"position\":2,\"name\":\"Products\",\"item\":\"https:\/\/www.alovey.com\/products\/\"},{\"@type\":\"ListItem\",\"position\":3,\"name\":\"Cute top ring lip gloss tube 1.5ml\"}]},{\"@type\":\"WebSite\",\"@id\":\"https:\/\/www.alovey.com\/#website\",\"url\":\"https:\/\/www.alovey.com\/\",\"name\":\"Best Cosmetic Packaging Manufacture\",\"description\":\"Alovey Cosmetic Packaging Co.,Ltd\",\"publisher\":{\"@id\":\"https:\/\/www.alovey.com\/#organization\"},\"potentialAction\":[{\"@type\":\"SearchAction\",\"target\":{\"@type\":\"EntryPoint\",\"urlTemplate\":\"https:\/\/www.alovey.com\/?s={search_term_string}\"},\"query-input\":{\"@type\":\"PropertyValueSpecification\",\"valueRequired\":true,\"valueName\":\"search_term_string\"}}],\"inLanguage\":\"pt-BR\"},{\"@type\":\"Organization\",\"@id\":\"https:\/\/www.alovey.com\/#organization\",\"name\":\"Best Cosmetic Packaging Manufacture\",\"url\":\"https:\/\/www.alovey.com\/\",\"logo\":{\"@type\":\"ImageObject\",\"inLanguage\":\"pt-BR\",\"@id\":\"https:\/\/www.alovey.com\/#\/schema\/logo\/image\/\",\"url\":\"https:\/\/www.alovey.com\/wp-content\/uploads\/2023\/03\/logo.png\",\"contentUrl\":\"https:\/\/www.alovey.com\/wp-content\/uploads\/2023\/03\/logo.png\",\"width\":505,\"height\":180,\"caption\":\"Best  Cosmetic Packaging Manufacture\"},\"image\":{\"@id\":\"https:\/\/www.alovey.com\/#\/schema\/logo\/image\/\"}}]}<\/script>\n<!-- \/ Yoast SEO plugin. -->","yoast_head_json":{"title":"Cute top ring lip gloss tube 1.5ml","description":"This ring lip gloss tube comes with a creative ring cap design, making it both practical and stylish. The transparent body lets you easily see the lip gloss inside, while the top ring cap allows for fun customization","robots":{"index":"index","follow":"follow","max-snippet":"max-snippet:-1","max-image-preview":"max-image-preview:large","max-video-preview":"max-video-preview:-1"},"canonical":"https:\/\/www.alovey.com\/pt\/produto\/cute-top-ring-lip-gloss-tube-1-5ml\/","og_locale":"pt_BR","og_type":"article","og_title":"Cute top ring lip gloss tube 1.5ml","og_description":"This ring lip gloss tube comes with a creative ring cap design, making it both practical and stylish. The transparent body lets you easily see the lip gloss inside, while the top ring cap allows for fun customization","og_url":"https:\/\/www.alovey.com\/pt\/produto\/cute-top-ring-lip-gloss-tube-1-5ml\/","og_site_name":"Best Cosmetic Packaging Manufacture","article_modified_time":"2025-09-09T03:15:22+00:00","og_image":[{"width":750,"height":750,"url":"https:\/\/www.alovey.com\/wp-content\/uploads\/2025\/09\/Cute-top-ring-mini-lip-gloss-tube-small-lipgloss-container-1-1.jpg","type":"image\/jpeg"}],"twitter_card":"summary_large_image","twitter_misc":{"Est. tempo de leitura":"3 minutos"},"schema":{"@context":"https:\/\/schema.org","@graph":[{"@type":"WebPage","@id":"https:\/\/www.alovey.com\/product\/cute-top-ring-lip-gloss-tube-1-5ml\/","url":"https:\/\/www.alovey.com\/product\/cute-top-ring-lip-gloss-tube-1-5ml\/","name":"Cute top ring lip gloss tube 1.5ml","isPartOf":{"@id":"https:\/\/www.alovey.com\/#website"},"primaryImageOfPage":{"@id":"https:\/\/www.alovey.com\/product\/cute-top-ring-lip-gloss-tube-1-5ml\/#primaryimage"},"image":{"@id":"https:\/\/www.alovey.com\/product\/cute-top-ring-lip-gloss-tube-1-5ml\/#primaryimage"},"thumbnailUrl":"https:\/\/www.alovey.com\/wp-content\/uploads\/2025\/09\/Cute-top-ring-mini-lip-gloss-tube-small-lipgloss-container-1-1.jpg","datePublished":"2025-09-09T03:10:36+00:00","dateModified":"2025-09-09T03:15:22+00:00","description":"This ring lip gloss tube comes with a creative ring cap design, making it both practical and stylish. The transparent body lets you easily see the lip gloss inside, while the top ring cap allows for fun customization","breadcrumb":{"@id":"https:\/\/www.alovey.com\/product\/cute-top-ring-lip-gloss-tube-1-5ml\/#breadcrumb"},"inLanguage":"pt-BR","potentialAction":[{"@type":"ReadAction","target":["https:\/\/www.alovey.com\/product\/cute-top-ring-lip-gloss-tube-1-5ml\/"]}]},{"@type":"ImageObject","inLanguage":"pt-BR","@id":"https:\/\/www.alovey.com\/product\/cute-top-ring-lip-gloss-tube-1-5ml\/#primaryimage","url":"https:\/\/www.alovey.com\/wp-content\/uploads\/2025\/09\/Cute-top-ring-mini-lip-gloss-tube-small-lipgloss-container-1-1.jpg","contentUrl":"https:\/\/www.alovey.com\/wp-content\/uploads\/2025\/09\/Cute-top-ring-mini-lip-gloss-tube-small-lipgloss-container-1-1.jpg","width":750,"height":750,"caption":"Cute top ring lip gloss tube 1.5ml"},{"@type":"BreadcrumbList","@id":"https:\/\/www.alovey.com\/product\/cute-top-ring-lip-gloss-tube-1-5ml\/#breadcrumb","itemListElement":[{"@type":"ListItem","position":1,"name":"\u9996\u9875","item":"https:\/\/www.alovey.com\/"},{"@type":"ListItem","position":2,"name":"Products","item":"https:\/\/www.alovey.com\/products\/"},{"@type":"ListItem","position":3,"name":"Cute top ring lip gloss tube 1.5ml"}]},{"@type":"WebSite","@id":"https:\/\/www.alovey.com\/#website","url":"https:\/\/www.alovey.com\/","name":"Best Cosmetic Packaging Manufacture","description":"Alovey Cosmetic Packaging Co.,Ltd","publisher":{"@id":"https:\/\/www.alovey.com\/#organization"},"potentialAction":[{"@type":"SearchAction","target":{"@type":"EntryPoint","urlTemplate":"https:\/\/www.alovey.com\/?s={search_term_string}"},"query-input":{"@type":"PropertyValueSpecification","valueRequired":true,"valueName":"search_term_string"}}],"inLanguage":"pt-BR"},{"@type":"Organization","@id":"https:\/\/www.alovey.com\/#organization","name":"Best Cosmetic Packaging Manufacture","url":"https:\/\/www.alovey.com\/","logo":{"@type":"ImageObject","inLanguage":"pt-BR","@id":"https:\/\/www.alovey.com\/#\/schema\/logo\/image\/","url":"https:\/\/www.alovey.com\/wp-content\/uploads\/2023\/03\/logo.png","contentUrl":"https:\/\/www.alovey.com\/wp-content\/uploads\/2023\/03\/logo.png","width":505,"height":180,"caption":"Best  Cosmetic Packaging Manufacture"},"image":{"@id":"https:\/\/www.alovey.com\/#\/schema\/logo\/image\/"}}]}},"_links":{"self":[{"href":"https:\/\/www.alovey.com\/pt\/wp-json\/wp\/v2\/product\/11506"}],"collection":[{"href":"https:\/\/www.alovey.com\/pt\/wp-json\/wp\/v2\/product"}],"about":[{"href":"https:\/\/www.alovey.com\/pt\/wp-json\/wp\/v2\/types\/product"}],"wp:featuredmedia":[{"embeddable":true,"href":"https:\/\/www.alovey.com\/pt\/wp-json\/wp\/v2\/media\/11508"}],"wp:attachment":[{"href":"https:\/\/www.alovey.com\/pt\/wp-json\/wp\/v2\/media?parent=11506"}],"wp:term":[{"taxonomy":"product_brand","embeddable":true,"href":"https:\/\/www.alovey.com\/pt\/wp-json\/wp\/v2\/product_brand?post=11506"},{"taxonomy":"product_cat","embeddable":true,"href":"https:\/\/www.alovey.com\/pt\/wp-json\/wp\/v2\/product_cat?post=11506"},{"taxonomy":"product_tag","embeddable":true,"href":"https:\/\/www.alovey.com\/pt\/wp-json\/wp\/v2\/product_tag?post=11506"}],"curies":[{"name":"wp","href":"https:\/\/api.w.org\/{rel}","templated":true}]}}