{"id":11393,"date":"2025-08-26T08:30:02","date_gmt":"2025-08-26T08:30:02","guid":{"rendered":"https:\/\/www.alovey.com\/?post_type=product&#038;p=11393"},"modified":"2025-08-26T08:41:01","modified_gmt":"2025-08-26T08:41:01","slug":"12-grids-empty-eyeshadow-palettes-with-3d-printing-design","status":"publish","type":"product","link":"https:\/\/www.alovey.com\/pt\/produto\/12-grids-empty-eyeshadow-palettes-with-3d-printing-design\/","title":{"rendered":"12 Grids Empty Eyeshadow Palettes with 3D Printing Design"},"content":{"rendered":"<p><strong>These\u00a012-pan empty eyeshadow palettes\u00a0are designed for customizable makeup collections, allowing you to fill it with pressed powders, shimmer shades, or matte formulas.<\/strong><\/p>\n<p><strong>\u00a0Featuring a 3D printed decorative surface, the palette showcases a modern, textured design that adds depth and visual appeal.<\/strong><\/p>\n<p><strong>The sturdy construction ensures durability, while the sleek compact format is convenient for daily use or travel.<\/strong><\/p>\n<p><strong>It is perfect for private label brands, this palette combines functionality, creativity, and high-end aesthetics\u00a0to elevate your cosmetic line.<\/strong><\/p>\n<p><strong>A Alovey, como fabricante profissional chinesa de embalagens para cosm\u00e9ticos, produz uma linha requintada de embalagens personalizadas para cosm\u00e9ticos, meticulosamente elaboradas para elevar sua marca. Nossa sele\u00e7\u00e3o diversificada de materiais premium, combinada com t\u00e9cnicas delicadas de acabamento de superf\u00edcie, como impress\u00e3o em tela de seda, hot stamping e pulveriza\u00e7\u00e3o fosca, garante que cada embalagem seja uma obra-prima exclusiva.<\/strong><\/p>\n<p><img fetchpriority=\"high\" decoding=\"async\" class=\"size-full wp-image-11399\" src=\"https:\/\/www.alovey.com\/wp-content\/uploads\/2025\/08\/12-Grids-Empty-Eyeshadow-Palettes-with-3D-Printing-Design-5.jpg\" alt=\"empty eyeshadow palette\" width=\"750\" height=\"750\" srcset=\"https:\/\/www.alovey.com\/wp-content\/uploads\/2025\/08\/12-Grids-Empty-Eyeshadow-Palettes-with-3D-Printing-Design-5.jpg 750w, https:\/\/www.alovey.com\/wp-content\/uploads\/2025\/08\/12-Grids-Empty-Eyeshadow-Palettes-with-3D-Printing-Design-5-300x300.jpg 300w, https:\/\/www.alovey.com\/wp-content\/uploads\/2025\/08\/12-Grids-Empty-Eyeshadow-Palettes-with-3D-Printing-Design-5-150x150.jpg 150w, https:\/\/www.alovey.com\/wp-content\/uploads\/2025\/08\/12-Grids-Empty-Eyeshadow-Palettes-with-3D-Printing-Design-5-12x12.jpg 12w, https:\/\/www.alovey.com\/wp-content\/uploads\/2025\/08\/12-Grids-Empty-Eyeshadow-Palettes-with-3D-Printing-Design-5-600x600.jpg 600w, https:\/\/www.alovey.com\/wp-content\/uploads\/2025\/08\/12-Grids-Empty-Eyeshadow-Palettes-with-3D-Printing-Design-5-100x100.jpg 100w\" sizes=\"(max-width: 750px) 100vw, 750px\" \/><\/p>\n<p><img decoding=\"async\" class=\"size-full wp-image-11398\" src=\"https:\/\/www.alovey.com\/wp-content\/uploads\/2025\/08\/12-Grids-Empty-Eyeshadow-Palettes-with-3D-Printing-Design-4.jpg\" alt=\"empty eyeshadow palette\" width=\"750\" height=\"750\" srcset=\"https:\/\/www.alovey.com\/wp-content\/uploads\/2025\/08\/12-Grids-Empty-Eyeshadow-Palettes-with-3D-Printing-Design-4.jpg 750w, https:\/\/www.alovey.com\/wp-content\/uploads\/2025\/08\/12-Grids-Empty-Eyeshadow-Palettes-with-3D-Printing-Design-4-300x300.jpg 300w, https:\/\/www.alovey.com\/wp-content\/uploads\/2025\/08\/12-Grids-Empty-Eyeshadow-Palettes-with-3D-Printing-Design-4-150x150.jpg 150w, https:\/\/www.alovey.com\/wp-content\/uploads\/2025\/08\/12-Grids-Empty-Eyeshadow-Palettes-with-3D-Printing-Design-4-12x12.jpg 12w, https:\/\/www.alovey.com\/wp-content\/uploads\/2025\/08\/12-Grids-Empty-Eyeshadow-Palettes-with-3D-Printing-Design-4-600x600.jpg 600w, https:\/\/www.alovey.com\/wp-content\/uploads\/2025\/08\/12-Grids-Empty-Eyeshadow-Palettes-with-3D-Printing-Design-4-100x100.jpg 100w\" sizes=\"(max-width: 750px) 100vw, 750px\" \/><\/p>\n<p><img decoding=\"async\" class=\"size-full wp-image-11397\" src=\"https:\/\/www.alovey.com\/wp-content\/uploads\/2025\/08\/12-Grids-Empty-Eyeshadow-Palettes-with-3D-Printing-Design-3.jpg\" alt=\"empty eyeshadow palette\" width=\"750\" height=\"750\" srcset=\"https:\/\/www.alovey.com\/wp-content\/uploads\/2025\/08\/12-Grids-Empty-Eyeshadow-Palettes-with-3D-Printing-Design-3.jpg 750w, https:\/\/www.alovey.com\/wp-content\/uploads\/2025\/08\/12-Grids-Empty-Eyeshadow-Palettes-with-3D-Printing-Design-3-300x300.jpg 300w, https:\/\/www.alovey.com\/wp-content\/uploads\/2025\/08\/12-Grids-Empty-Eyeshadow-Palettes-with-3D-Printing-Design-3-150x150.jpg 150w, https:\/\/www.alovey.com\/wp-content\/uploads\/2025\/08\/12-Grids-Empty-Eyeshadow-Palettes-with-3D-Printing-Design-3-12x12.jpg 12w, https:\/\/www.alovey.com\/wp-content\/uploads\/2025\/08\/12-Grids-Empty-Eyeshadow-Palettes-with-3D-Printing-Design-3-600x600.jpg 600w, https:\/\/www.alovey.com\/wp-content\/uploads\/2025\/08\/12-Grids-Empty-Eyeshadow-Palettes-with-3D-Printing-Design-3-100x100.jpg 100w\" sizes=\"(max-width: 750px) 100vw, 750px\" \/><\/p>\n<p><img loading=\"lazy\" decoding=\"async\" class=\"size-full wp-image-11396\" src=\"https:\/\/www.alovey.com\/wp-content\/uploads\/2025\/08\/12-Grids-Empty-Eyeshadow-Palettes-with-3D-Printing-Design-2.jpg\" alt=\"empty eyeshadow palette\" width=\"750\" height=\"750\" srcset=\"https:\/\/www.alovey.com\/wp-content\/uploads\/2025\/08\/12-Grids-Empty-Eyeshadow-Palettes-with-3D-Printing-Design-2.jpg 750w, https:\/\/www.alovey.com\/wp-content\/uploads\/2025\/08\/12-Grids-Empty-Eyeshadow-Palettes-with-3D-Printing-Design-2-300x300.jpg 300w, https:\/\/www.alovey.com\/wp-content\/uploads\/2025\/08\/12-Grids-Empty-Eyeshadow-Palettes-with-3D-Printing-Design-2-150x150.jpg 150w, https:\/\/www.alovey.com\/wp-content\/uploads\/2025\/08\/12-Grids-Empty-Eyeshadow-Palettes-with-3D-Printing-Design-2-12x12.jpg 12w, https:\/\/www.alovey.com\/wp-content\/uploads\/2025\/08\/12-Grids-Empty-Eyeshadow-Palettes-with-3D-Printing-Design-2-600x600.jpg 600w, https:\/\/www.alovey.com\/wp-content\/uploads\/2025\/08\/12-Grids-Empty-Eyeshadow-Palettes-with-3D-Printing-Design-2-100x100.jpg 100w\" sizes=\"(max-width: 750px) 100vw, 750px\" \/><\/p>\n<p><img loading=\"lazy\" decoding=\"async\" class=\"size-full wp-image-11395\" src=\"https:\/\/www.alovey.com\/wp-content\/uploads\/2025\/08\/12-Grids-Empty-Eyeshadow-Palettes-with-3D-Printing-Design-1.jpg\" alt=\"empty eyeshadow palette\" width=\"750\" height=\"750\" srcset=\"https:\/\/www.alovey.com\/wp-content\/uploads\/2025\/08\/12-Grids-Empty-Eyeshadow-Palettes-with-3D-Printing-Design-1.jpg 750w, https:\/\/www.alovey.com\/wp-content\/uploads\/2025\/08\/12-Grids-Empty-Eyeshadow-Palettes-with-3D-Printing-Design-1-300x300.jpg 300w, https:\/\/www.alovey.com\/wp-content\/uploads\/2025\/08\/12-Grids-Empty-Eyeshadow-Palettes-with-3D-Printing-Design-1-150x150.jpg 150w, https:\/\/www.alovey.com\/wp-content\/uploads\/2025\/08\/12-Grids-Empty-Eyeshadow-Palettes-with-3D-Printing-Design-1-12x12.jpg 12w, https:\/\/www.alovey.com\/wp-content\/uploads\/2025\/08\/12-Grids-Empty-Eyeshadow-Palettes-with-3D-Printing-Design-1-600x600.jpg 600w, https:\/\/www.alovey.com\/wp-content\/uploads\/2025\/08\/12-Grids-Empty-Eyeshadow-Palettes-with-3D-Printing-Design-1-100x100.jpg 100w\" sizes=\"(max-width: 750px) 100vw, 750px\" \/><\/p>\n<p><img loading=\"lazy\" decoding=\"async\" class=\"size-full wp-image-11394\" src=\"https:\/\/www.alovey.com\/wp-content\/uploads\/2025\/08\/12-Grids-Empty-Eyeshadow-Palettes-with-3D-Printing-Design-6.jpg\" alt=\"empty eyeshadow palette\" width=\"750\" height=\"750\" srcset=\"https:\/\/www.alovey.com\/wp-content\/uploads\/2025\/08\/12-Grids-Empty-Eyeshadow-Palettes-with-3D-Printing-Design-6.jpg 750w, https:\/\/www.alovey.com\/wp-content\/uploads\/2025\/08\/12-Grids-Empty-Eyeshadow-Palettes-with-3D-Printing-Design-6-300x300.jpg 300w, https:\/\/www.alovey.com\/wp-content\/uploads\/2025\/08\/12-Grids-Empty-Eyeshadow-Palettes-with-3D-Printing-Design-6-150x150.jpg 150w, https:\/\/www.alovey.com\/wp-content\/uploads\/2025\/08\/12-Grids-Empty-Eyeshadow-Palettes-with-3D-Printing-Design-6-12x12.jpg 12w, https:\/\/www.alovey.com\/wp-content\/uploads\/2025\/08\/12-Grids-Empty-Eyeshadow-Palettes-with-3D-Printing-Design-6-600x600.jpg 600w, https:\/\/www.alovey.com\/wp-content\/uploads\/2025\/08\/12-Grids-Empty-Eyeshadow-Palettes-with-3D-Printing-Design-6-100x100.jpg 100w\" sizes=\"(max-width: 750px) 100vw, 750px\" \/><\/p>\n<p>&nbsp;<\/p>\n<p>&nbsp;<\/p>\n<p>&nbsp;<\/p>\n<p>&nbsp;<\/p>\n<p>&nbsp;<\/p>\n<p>&nbsp;<\/p>\n<p>&nbsp;<\/p>\n<p>&nbsp;<\/p>\n<p>&nbsp;<\/p>\n<p>&nbsp;<\/p>\n<p>&nbsp;<\/p>\n<p>&nbsp;<\/p>\n<p>&nbsp;<\/p>\n<p>&nbsp;<\/p>\n<p>&nbsp;<\/p>\n<p>&nbsp;<\/p>\n<p>&nbsp;<\/p>\n<p>&nbsp;<\/p>\n<p>&nbsp;<\/p>\n<p>&nbsp;<\/p>\n<p>&nbsp;<\/p>\n<p>&nbsp;<\/p>\n<p>&nbsp;<\/p>\n<p>&nbsp;<\/p>\n<p>&nbsp;<\/p>\n<p>&nbsp;<\/p>\n<p>&nbsp;<\/p>\n<p>&nbsp;<\/p>\n<p>&nbsp;<\/p>\n<p>&nbsp;<\/p>\n<p>&nbsp;<\/p>\n<p>&nbsp;<\/p>\n<p>&nbsp;<\/p>\n<p>&nbsp;<\/p>\n<p>&nbsp;<\/p>\n<p>&nbsp;<\/p>\n<p>&nbsp;<\/p>\n<p>&nbsp;<\/p>\n<p>&nbsp;<\/p>\n<p>&nbsp;<\/p>\n<p>&nbsp;<\/p>\n<p>&nbsp;<\/p>\n<p>&nbsp;<\/p>\n<p>&nbsp;<\/p>\n<p>&nbsp;<\/p>\n<p>&nbsp;<\/p>\n<p>&nbsp;<\/p>\n<p>&nbsp;<\/p>\n<p>&nbsp;<\/p>\n<p>&nbsp;<\/p>\n<p>&nbsp;<\/p>\n<p>&nbsp;<\/p>\n<p>&nbsp;<\/p>\n<p>&nbsp;<\/p>\n<p>&nbsp;<\/p>\n<p>&nbsp;<\/p>\n<p>&nbsp;<\/p>\n<p>&nbsp;<\/p>\n<p>&nbsp;<\/p>\n<p>&nbsp;<\/p>\n<p>&nbsp;<\/p>\n<p>&nbsp;<\/p>\n<p>&nbsp;<\/p>\n<p>&nbsp;<\/p>\n<p>&nbsp;<\/p>\n<p>&nbsp;<\/p>\n<p>&nbsp;<\/p>\n<p>&nbsp;<\/p>\n<p>&nbsp;<\/p>\n<p>&nbsp;<\/p>\n<p>&nbsp;<\/p>\n<p>&nbsp;<\/p>\n<p>&nbsp;<\/p>\n<p>&nbsp;<\/p>\n<p>&nbsp;<\/p>\n<p>&nbsp;<\/p>\n<p>&nbsp;<\/p>\n<p>&nbsp;<\/p>\n<p>&nbsp;<\/p>\n<p>&nbsp;<\/p>\n<p>&nbsp;<\/p>\n<p>&nbsp;<\/p>\n<p>&nbsp;<\/p>\n<p>&nbsp;<\/p>\n<p>&nbsp;<\/p>\n<p>&nbsp;<\/p>\n<p>&nbsp;<\/p>\n<p>&nbsp;<\/p>\n<p>&nbsp;<\/p>\n<p>&nbsp;<\/p>\n<p>&nbsp;<\/p>\n<p>&nbsp;<\/p>\n<p>&nbsp;<\/p>\n<p>&nbsp;<\/p>\n<p>&nbsp;<\/p>\n<p>&nbsp;<\/p>\n<p>&nbsp;<\/p>\n<p>&nbsp;<\/p>\n<p>&nbsp;<\/p>\n<p>&nbsp;<\/p>\n<p>&nbsp;<\/p>\n<p>&nbsp;<\/p>\n<p>&nbsp;<\/p>\n<p>&nbsp;<\/p>\n<p>&nbsp;<\/p>\n<p>&nbsp;<\/p>\n<p>&nbsp;<\/p>\n<p>&nbsp;<\/p>\n<p>&nbsp;<\/p>\n<p>&nbsp;<\/p>\n<p>&nbsp;<\/p>\n<p>&nbsp;<\/p>\n<p>&nbsp;<\/p>\n<p>&nbsp;<\/p>\n<p>&nbsp;<\/p>\n<p>&nbsp;<\/p>\n<p>&nbsp;<\/p>\n<p>&nbsp;<\/p>","protected":false},"excerpt":{"rendered":"<ul>\n<li>Item No: E-0406A<\/li>\n<li>Material: Pl\u00e1stico<\/li>\n<li>Size:\u00a0L125*W73*H13.5MM<\/li>\n<li>Aplica\u00e7\u00f5es: Produtos de beleza<\/li>\n<li>MOQ: 12.000 unidades<\/li>\n<li>Cor: cor personalizada<\/li>\n<li>Tratamento de superf\u00edcie: Inje\u00e7\u00e3o\/Matte\/Metaliza\u00e7\u00e3o\/Revestimento UV<\/li>\n<li>Nome da marca: OEM\/ODM<\/li>\n<li>Logotipo: Logotipo do cliente<\/li>\n<li>Capacidade de fornecimento: 100.000 pe\u00e7as por m\u00eas<\/li>\n<\/ul>\n<p>&nbsp;<\/p>\n<p>&nbsp;<\/p>","protected":false},"featured_media":11395,"template":"","meta":{"_acf_changed":false},"product_brand":[],"product_cat":[378],"product_tag":[393],"class_list":{"0":"post-11393","1":"product","2":"type-product","3":"status-publish","4":"has-post-thumbnail","6":"product_cat-custom-eyeshadow-packaging","7":"product_tag-eyeshadow-case","9":"first","10":"instock","11":"shipping-taxable","12":"product-type-simple"},"acf":[],"yoast_head":"<!-- This site is optimized with the Yoast SEO plugin v24.1 - https:\/\/yoast.com\/wordpress\/plugins\/seo\/ -->\n<title>12-Grids Empty Eyeshadow Palettes with 3D Printing Design<\/title>\n<meta name=\"description\" content=\"These 12-pan empty eyeshadow palettes are designed for customizable makeup collections, allowing you to fill it with pressed powders, shimmer shades, or matte formulas.\" \/>\n<meta name=\"robots\" content=\"index, follow, max-snippet:-1, max-image-preview:large, max-video-preview:-1\" \/>\n<link rel=\"canonical\" href=\"https:\/\/www.alovey.com\/pt\/produto\/12-grids-empty-eyeshadow-palettes-with-3d-printing-design\/\" \/>\n<meta property=\"og:locale\" content=\"pt_BR\" \/>\n<meta property=\"og:type\" content=\"article\" \/>\n<meta property=\"og:title\" content=\"12-Grids Empty Eyeshadow Palettes with 3D Printing Design\" \/>\n<meta property=\"og:description\" content=\"These 12-pan empty eyeshadow palettes are designed for customizable makeup collections, allowing you to fill it with pressed powders, shimmer shades, or matte formulas.\" \/>\n<meta property=\"og:url\" content=\"https:\/\/www.alovey.com\/pt\/produto\/12-grids-empty-eyeshadow-palettes-with-3d-printing-design\/\" \/>\n<meta property=\"og:site_name\" content=\"Best Cosmetic Packaging Manufacture\" \/>\n<meta property=\"article:modified_time\" content=\"2025-08-26T08:41:01+00:00\" \/>\n<meta property=\"og:image\" content=\"https:\/\/www.alovey.com\/wp-content\/uploads\/2025\/08\/12-Grids-Empty-Eyeshadow-Palettes-with-3D-Printing-Design-1.jpg\" \/>\n\t<meta property=\"og:image:width\" content=\"750\" \/>\n\t<meta property=\"og:image:height\" content=\"750\" \/>\n\t<meta property=\"og:image:type\" content=\"image\/jpeg\" \/>\n<meta name=\"twitter:card\" content=\"summary_large_image\" \/>\n<meta name=\"twitter:label1\" content=\"Est. tempo de leitura\" \/>\n\t<meta name=\"twitter:data1\" content=\"2 minutos\" \/>\n<script type=\"application\/ld+json\" class=\"yoast-schema-graph\">{\"@context\":\"https:\/\/schema.org\",\"@graph\":[{\"@type\":\"WebPage\",\"@id\":\"https:\/\/www.alovey.com\/product\/12-grids-empty-eyeshadow-palettes-with-3d-printing-design\/\",\"url\":\"https:\/\/www.alovey.com\/product\/12-grids-empty-eyeshadow-palettes-with-3d-printing-design\/\",\"name\":\"12-Grids Empty Eyeshadow Palettes with 3D Printing Design\",\"isPartOf\":{\"@id\":\"https:\/\/www.alovey.com\/#website\"},\"primaryImageOfPage\":{\"@id\":\"https:\/\/www.alovey.com\/product\/12-grids-empty-eyeshadow-palettes-with-3d-printing-design\/#primaryimage\"},\"image\":{\"@id\":\"https:\/\/www.alovey.com\/product\/12-grids-empty-eyeshadow-palettes-with-3d-printing-design\/#primaryimage\"},\"thumbnailUrl\":\"https:\/\/www.alovey.com\/wp-content\/uploads\/2025\/08\/12-Grids-Empty-Eyeshadow-Palettes-with-3D-Printing-Design-1.jpg\",\"datePublished\":\"2025-08-26T08:30:02+00:00\",\"dateModified\":\"2025-08-26T08:41:01+00:00\",\"description\":\"These 12-pan empty eyeshadow palettes are designed for customizable makeup collections, allowing you to fill it with pressed powders, shimmer shades, or matte formulas.\",\"breadcrumb\":{\"@id\":\"https:\/\/www.alovey.com\/product\/12-grids-empty-eyeshadow-palettes-with-3d-printing-design\/#breadcrumb\"},\"inLanguage\":\"pt-BR\",\"potentialAction\":[{\"@type\":\"ReadAction\",\"target\":[\"https:\/\/www.alovey.com\/product\/12-grids-empty-eyeshadow-palettes-with-3d-printing-design\/\"]}]},{\"@type\":\"ImageObject\",\"inLanguage\":\"pt-BR\",\"@id\":\"https:\/\/www.alovey.com\/product\/12-grids-empty-eyeshadow-palettes-with-3d-printing-design\/#primaryimage\",\"url\":\"https:\/\/www.alovey.com\/wp-content\/uploads\/2025\/08\/12-Grids-Empty-Eyeshadow-Palettes-with-3D-Printing-Design-1.jpg\",\"contentUrl\":\"https:\/\/www.alovey.com\/wp-content\/uploads\/2025\/08\/12-Grids-Empty-Eyeshadow-Palettes-with-3D-Printing-Design-1.jpg\",\"width\":750,\"height\":750,\"caption\":\"12-Grids Empty Eyeshadow Palettes with 3D Printing Design\"},{\"@type\":\"BreadcrumbList\",\"@id\":\"https:\/\/www.alovey.com\/product\/12-grids-empty-eyeshadow-palettes-with-3d-printing-design\/#breadcrumb\",\"itemListElement\":[{\"@type\":\"ListItem\",\"position\":1,\"name\":\"\u9996\u9875\",\"item\":\"https:\/\/www.alovey.com\/\"},{\"@type\":\"ListItem\",\"position\":2,\"name\":\"Products\",\"item\":\"https:\/\/www.alovey.com\/products\/\"},{\"@type\":\"ListItem\",\"position\":3,\"name\":\"12 Grids Empty Eyeshadow Palettes with 3D Printing Design\"}]},{\"@type\":\"WebSite\",\"@id\":\"https:\/\/www.alovey.com\/#website\",\"url\":\"https:\/\/www.alovey.com\/\",\"name\":\"Best Cosmetic Packaging Manufacture\",\"description\":\"Alovey Cosmetic Packaging Co.,Ltd\",\"publisher\":{\"@id\":\"https:\/\/www.alovey.com\/#organization\"},\"potentialAction\":[{\"@type\":\"SearchAction\",\"target\":{\"@type\":\"EntryPoint\",\"urlTemplate\":\"https:\/\/www.alovey.com\/?s={search_term_string}\"},\"query-input\":{\"@type\":\"PropertyValueSpecification\",\"valueRequired\":true,\"valueName\":\"search_term_string\"}}],\"inLanguage\":\"pt-BR\"},{\"@type\":\"Organization\",\"@id\":\"https:\/\/www.alovey.com\/#organization\",\"name\":\"Best Cosmetic Packaging Manufacture\",\"url\":\"https:\/\/www.alovey.com\/\",\"logo\":{\"@type\":\"ImageObject\",\"inLanguage\":\"pt-BR\",\"@id\":\"https:\/\/www.alovey.com\/#\/schema\/logo\/image\/\",\"url\":\"https:\/\/www.alovey.com\/wp-content\/uploads\/2023\/03\/logo.png\",\"contentUrl\":\"https:\/\/www.alovey.com\/wp-content\/uploads\/2023\/03\/logo.png\",\"width\":505,\"height\":180,\"caption\":\"Best  Cosmetic Packaging Manufacture\"},\"image\":{\"@id\":\"https:\/\/www.alovey.com\/#\/schema\/logo\/image\/\"}}]}<\/script>\n<!-- \/ Yoast SEO plugin. -->","yoast_head_json":{"title":"12-Grids Empty Eyeshadow Palettes with 3D Printing Design","description":"These 12-pan empty eyeshadow palettes are designed for customizable makeup collections, allowing you to fill it with pressed powders, shimmer shades, or matte formulas.","robots":{"index":"index","follow":"follow","max-snippet":"max-snippet:-1","max-image-preview":"max-image-preview:large","max-video-preview":"max-video-preview:-1"},"canonical":"https:\/\/www.alovey.com\/pt\/produto\/12-grids-empty-eyeshadow-palettes-with-3d-printing-design\/","og_locale":"pt_BR","og_type":"article","og_title":"12-Grids Empty Eyeshadow Palettes with 3D Printing Design","og_description":"These 12-pan empty eyeshadow palettes are designed for customizable makeup collections, allowing you to fill it with pressed powders, shimmer shades, or matte formulas.","og_url":"https:\/\/www.alovey.com\/pt\/produto\/12-grids-empty-eyeshadow-palettes-with-3d-printing-design\/","og_site_name":"Best Cosmetic Packaging Manufacture","article_modified_time":"2025-08-26T08:41:01+00:00","og_image":[{"width":750,"height":750,"url":"https:\/\/www.alovey.com\/wp-content\/uploads\/2025\/08\/12-Grids-Empty-Eyeshadow-Palettes-with-3D-Printing-Design-1.jpg","type":"image\/jpeg"}],"twitter_card":"summary_large_image","twitter_misc":{"Est. tempo de leitura":"2 minutos"},"schema":{"@context":"https:\/\/schema.org","@graph":[{"@type":"WebPage","@id":"https:\/\/www.alovey.com\/product\/12-grids-empty-eyeshadow-palettes-with-3d-printing-design\/","url":"https:\/\/www.alovey.com\/product\/12-grids-empty-eyeshadow-palettes-with-3d-printing-design\/","name":"12-Grids Empty Eyeshadow Palettes with 3D Printing Design","isPartOf":{"@id":"https:\/\/www.alovey.com\/#website"},"primaryImageOfPage":{"@id":"https:\/\/www.alovey.com\/product\/12-grids-empty-eyeshadow-palettes-with-3d-printing-design\/#primaryimage"},"image":{"@id":"https:\/\/www.alovey.com\/product\/12-grids-empty-eyeshadow-palettes-with-3d-printing-design\/#primaryimage"},"thumbnailUrl":"https:\/\/www.alovey.com\/wp-content\/uploads\/2025\/08\/12-Grids-Empty-Eyeshadow-Palettes-with-3D-Printing-Design-1.jpg","datePublished":"2025-08-26T08:30:02+00:00","dateModified":"2025-08-26T08:41:01+00:00","description":"These 12-pan empty eyeshadow palettes are designed for customizable makeup collections, allowing you to fill it with pressed powders, shimmer shades, or matte formulas.","breadcrumb":{"@id":"https:\/\/www.alovey.com\/product\/12-grids-empty-eyeshadow-palettes-with-3d-printing-design\/#breadcrumb"},"inLanguage":"pt-BR","potentialAction":[{"@type":"ReadAction","target":["https:\/\/www.alovey.com\/product\/12-grids-empty-eyeshadow-palettes-with-3d-printing-design\/"]}]},{"@type":"ImageObject","inLanguage":"pt-BR","@id":"https:\/\/www.alovey.com\/product\/12-grids-empty-eyeshadow-palettes-with-3d-printing-design\/#primaryimage","url":"https:\/\/www.alovey.com\/wp-content\/uploads\/2025\/08\/12-Grids-Empty-Eyeshadow-Palettes-with-3D-Printing-Design-1.jpg","contentUrl":"https:\/\/www.alovey.com\/wp-content\/uploads\/2025\/08\/12-Grids-Empty-Eyeshadow-Palettes-with-3D-Printing-Design-1.jpg","width":750,"height":750,"caption":"12-Grids Empty Eyeshadow Palettes with 3D Printing Design"},{"@type":"BreadcrumbList","@id":"https:\/\/www.alovey.com\/product\/12-grids-empty-eyeshadow-palettes-with-3d-printing-design\/#breadcrumb","itemListElement":[{"@type":"ListItem","position":1,"name":"\u9996\u9875","item":"https:\/\/www.alovey.com\/"},{"@type":"ListItem","position":2,"name":"Products","item":"https:\/\/www.alovey.com\/products\/"},{"@type":"ListItem","position":3,"name":"12 Grids Empty Eyeshadow Palettes with 3D Printing Design"}]},{"@type":"WebSite","@id":"https:\/\/www.alovey.com\/#website","url":"https:\/\/www.alovey.com\/","name":"Best Cosmetic Packaging Manufacture","description":"Alovey Cosmetic Packaging Co.,Ltd","publisher":{"@id":"https:\/\/www.alovey.com\/#organization"},"potentialAction":[{"@type":"SearchAction","target":{"@type":"EntryPoint","urlTemplate":"https:\/\/www.alovey.com\/?s={search_term_string}"},"query-input":{"@type":"PropertyValueSpecification","valueRequired":true,"valueName":"search_term_string"}}],"inLanguage":"pt-BR"},{"@type":"Organization","@id":"https:\/\/www.alovey.com\/#organization","name":"Best Cosmetic Packaging Manufacture","url":"https:\/\/www.alovey.com\/","logo":{"@type":"ImageObject","inLanguage":"pt-BR","@id":"https:\/\/www.alovey.com\/#\/schema\/logo\/image\/","url":"https:\/\/www.alovey.com\/wp-content\/uploads\/2023\/03\/logo.png","contentUrl":"https:\/\/www.alovey.com\/wp-content\/uploads\/2023\/03\/logo.png","width":505,"height":180,"caption":"Best  Cosmetic Packaging Manufacture"},"image":{"@id":"https:\/\/www.alovey.com\/#\/schema\/logo\/image\/"}}]}},"_links":{"self":[{"href":"https:\/\/www.alovey.com\/pt\/wp-json\/wp\/v2\/product\/11393"}],"collection":[{"href":"https:\/\/www.alovey.com\/pt\/wp-json\/wp\/v2\/product"}],"about":[{"href":"https:\/\/www.alovey.com\/pt\/wp-json\/wp\/v2\/types\/product"}],"wp:featuredmedia":[{"embeddable":true,"href":"https:\/\/www.alovey.com\/pt\/wp-json\/wp\/v2\/media\/11395"}],"wp:attachment":[{"href":"https:\/\/www.alovey.com\/pt\/wp-json\/wp\/v2\/media?parent=11393"}],"wp:term":[{"taxonomy":"product_brand","embeddable":true,"href":"https:\/\/www.alovey.com\/pt\/wp-json\/wp\/v2\/product_brand?post=11393"},{"taxonomy":"product_cat","embeddable":true,"href":"https:\/\/www.alovey.com\/pt\/wp-json\/wp\/v2\/product_cat?post=11393"},{"taxonomy":"product_tag","embeddable":true,"href":"https:\/\/www.alovey.com\/pt\/wp-json\/wp\/v2\/product_tag?post=11393"}],"curies":[{"name":"wp","href":"https:\/\/api.w.org\/{rel}","templated":true}]}}