{"id":11306,"date":"2025-08-21T02:10:09","date_gmt":"2025-08-21T02:10:09","guid":{"rendered":"https:\/\/www.alovey.com\/?post_type=product&#038;p=11306"},"modified":"2025-08-21T02:20:58","modified_gmt":"2025-08-21T02:20:58","slug":"custom-liquid-lip-gloss-containers-for-kids-7ml","status":"publish","type":"product","link":"https:\/\/www.alovey.com\/pt\/produto\/custom-liquid-lip-gloss-containers-for-kids-7ml\/","title":{"rendered":"Recipientes personalizados de brilho labial l\u00edquido para crian\u00e7as de 7 ml"},"content":{"rendered":"<p><strong>These liquid lip gloss containers \u00a0designed in a pear shape, is 7ml container is perfect for kids and widely used for storing lip glaze, lip oil, lip gloss, lip concealer, essential oils, and more.<\/strong><\/p>\n<p><strong>\u00a0Compact and portable, it easily fits into pockets, purses, backpacks, or cosmetic bags without taking up much space\u2014making it a fun and practical choice for everyday use or travel.<\/strong><\/p>\n<p><strong> At Alovey, we are dedicated to enhancing your brand through packaging that combines functionality, elegance, and innovation.<\/strong><\/p>\n<p><img fetchpriority=\"high\" decoding=\"async\" class=\"size-full wp-image-11307\" src=\"https:\/\/www.alovey.com\/wp-content\/uploads\/2025\/08\/Custom-liquid-lip-gloss-containers-for-kids-7ml-6.jpg\" alt=\"liquid lip gloss containers\" width=\"750\" height=\"750\" srcset=\"https:\/\/www.alovey.com\/wp-content\/uploads\/2025\/08\/Custom-liquid-lip-gloss-containers-for-kids-7ml-6.jpg 750w, https:\/\/www.alovey.com\/wp-content\/uploads\/2025\/08\/Custom-liquid-lip-gloss-containers-for-kids-7ml-6-300x300.jpg 300w, https:\/\/www.alovey.com\/wp-content\/uploads\/2025\/08\/Custom-liquid-lip-gloss-containers-for-kids-7ml-6-150x150.jpg 150w, https:\/\/www.alovey.com\/wp-content\/uploads\/2025\/08\/Custom-liquid-lip-gloss-containers-for-kids-7ml-6-600x600.jpg 600w, https:\/\/www.alovey.com\/wp-content\/uploads\/2025\/08\/Custom-liquid-lip-gloss-containers-for-kids-7ml-6-100x100.jpg 100w\" sizes=\"(max-width: 750px) 100vw, 750px\" \/><\/p>\n<p><img decoding=\"async\" class=\"size-full wp-image-11308\" src=\"https:\/\/www.alovey.com\/wp-content\/uploads\/2025\/08\/Custom-liquid-lip-gloss-containers-for-kids-7ml-1.jpg\" alt=\"liquid lip gloss containers\" width=\"750\" height=\"750\" srcset=\"https:\/\/www.alovey.com\/wp-content\/uploads\/2025\/08\/Custom-liquid-lip-gloss-containers-for-kids-7ml-1.jpg 750w, https:\/\/www.alovey.com\/wp-content\/uploads\/2025\/08\/Custom-liquid-lip-gloss-containers-for-kids-7ml-1-300x300.jpg 300w, https:\/\/www.alovey.com\/wp-content\/uploads\/2025\/08\/Custom-liquid-lip-gloss-containers-for-kids-7ml-1-150x150.jpg 150w, https:\/\/www.alovey.com\/wp-content\/uploads\/2025\/08\/Custom-liquid-lip-gloss-containers-for-kids-7ml-1-600x600.jpg 600w, https:\/\/www.alovey.com\/wp-content\/uploads\/2025\/08\/Custom-liquid-lip-gloss-containers-for-kids-7ml-1-100x100.jpg 100w\" sizes=\"(max-width: 750px) 100vw, 750px\" \/><\/p>\n<p><img decoding=\"async\" class=\"size-full wp-image-11309\" src=\"https:\/\/www.alovey.com\/wp-content\/uploads\/2025\/08\/Custom-liquid-lip-gloss-containers-for-kids-7ml-2.jpg\" alt=\"liquid lip gloss containers\" width=\"750\" height=\"750\" srcset=\"https:\/\/www.alovey.com\/wp-content\/uploads\/2025\/08\/Custom-liquid-lip-gloss-containers-for-kids-7ml-2.jpg 750w, https:\/\/www.alovey.com\/wp-content\/uploads\/2025\/08\/Custom-liquid-lip-gloss-containers-for-kids-7ml-2-300x300.jpg 300w, https:\/\/www.alovey.com\/wp-content\/uploads\/2025\/08\/Custom-liquid-lip-gloss-containers-for-kids-7ml-2-150x150.jpg 150w, https:\/\/www.alovey.com\/wp-content\/uploads\/2025\/08\/Custom-liquid-lip-gloss-containers-for-kids-7ml-2-600x600.jpg 600w, https:\/\/www.alovey.com\/wp-content\/uploads\/2025\/08\/Custom-liquid-lip-gloss-containers-for-kids-7ml-2-100x100.jpg 100w\" sizes=\"(max-width: 750px) 100vw, 750px\" \/><\/p>\n<p><img loading=\"lazy\" decoding=\"async\" class=\"size-full wp-image-11310\" src=\"https:\/\/www.alovey.com\/wp-content\/uploads\/2025\/08\/Custom-liquid-lip-gloss-containers-for-kids-7ml-3.jpg\" alt=\"liquid lip gloss containers\" width=\"750\" height=\"750\" srcset=\"https:\/\/www.alovey.com\/wp-content\/uploads\/2025\/08\/Custom-liquid-lip-gloss-containers-for-kids-7ml-3.jpg 750w, https:\/\/www.alovey.com\/wp-content\/uploads\/2025\/08\/Custom-liquid-lip-gloss-containers-for-kids-7ml-3-300x300.jpg 300w, https:\/\/www.alovey.com\/wp-content\/uploads\/2025\/08\/Custom-liquid-lip-gloss-containers-for-kids-7ml-3-150x150.jpg 150w, https:\/\/www.alovey.com\/wp-content\/uploads\/2025\/08\/Custom-liquid-lip-gloss-containers-for-kids-7ml-3-600x600.jpg 600w, https:\/\/www.alovey.com\/wp-content\/uploads\/2025\/08\/Custom-liquid-lip-gloss-containers-for-kids-7ml-3-100x100.jpg 100w\" sizes=\"(max-width: 750px) 100vw, 750px\" \/><\/p>\n<p><img loading=\"lazy\" decoding=\"async\" class=\"size-full wp-image-11311\" src=\"https:\/\/www.alovey.com\/wp-content\/uploads\/2025\/08\/Custom-liquid-lip-gloss-containers-for-kids-7ml-4.jpg\" alt=\"liquid lip gloss containers\" width=\"750\" height=\"750\" srcset=\"https:\/\/www.alovey.com\/wp-content\/uploads\/2025\/08\/Custom-liquid-lip-gloss-containers-for-kids-7ml-4.jpg 750w, https:\/\/www.alovey.com\/wp-content\/uploads\/2025\/08\/Custom-liquid-lip-gloss-containers-for-kids-7ml-4-300x300.jpg 300w, https:\/\/www.alovey.com\/wp-content\/uploads\/2025\/08\/Custom-liquid-lip-gloss-containers-for-kids-7ml-4-150x150.jpg 150w, https:\/\/www.alovey.com\/wp-content\/uploads\/2025\/08\/Custom-liquid-lip-gloss-containers-for-kids-7ml-4-600x600.jpg 600w, https:\/\/www.alovey.com\/wp-content\/uploads\/2025\/08\/Custom-liquid-lip-gloss-containers-for-kids-7ml-4-100x100.jpg 100w\" sizes=\"(max-width: 750px) 100vw, 750px\" \/><\/p>\n<p><img loading=\"lazy\" decoding=\"async\" class=\"size-full wp-image-11312\" src=\"https:\/\/www.alovey.com\/wp-content\/uploads\/2025\/08\/Custom-liquid-lip-gloss-containers-for-kids-7ml-5.jpg\" alt=\"liquid lip gloss containers\" width=\"750\" height=\"750\" srcset=\"https:\/\/www.alovey.com\/wp-content\/uploads\/2025\/08\/Custom-liquid-lip-gloss-containers-for-kids-7ml-5.jpg 750w, https:\/\/www.alovey.com\/wp-content\/uploads\/2025\/08\/Custom-liquid-lip-gloss-containers-for-kids-7ml-5-300x300.jpg 300w, https:\/\/www.alovey.com\/wp-content\/uploads\/2025\/08\/Custom-liquid-lip-gloss-containers-for-kids-7ml-5-150x150.jpg 150w, https:\/\/www.alovey.com\/wp-content\/uploads\/2025\/08\/Custom-liquid-lip-gloss-containers-for-kids-7ml-5-600x600.jpg 600w, https:\/\/www.alovey.com\/wp-content\/uploads\/2025\/08\/Custom-liquid-lip-gloss-containers-for-kids-7ml-5-100x100.jpg 100w\" sizes=\"(max-width: 750px) 100vw, 750px\" \/><\/p>\n<p>&nbsp;<\/p>\n<p>&nbsp;<\/p>\n<p>&nbsp;<\/p>\n<p>&nbsp;<\/p>\n<p>&nbsp;<\/p>\n<p>&nbsp;<\/p>\n<p>&nbsp;<\/p>\n<p>&nbsp;<\/p>\n<p>&nbsp;<\/p>\n<p>&nbsp;<\/p>\n<p>&nbsp;<\/p>\n<p>&nbsp;<\/p>\n<p>&nbsp;<\/p>\n<p>&nbsp;<\/p>\n<p>&nbsp;<\/p>\n<p>&nbsp;<\/p>\n<p>&nbsp;<\/p>\n<p>&nbsp;<\/p>\n<p>&nbsp;<\/p>\n<p>&nbsp;<\/p>\n<p>&nbsp;<\/p>\n<p>&nbsp;<\/p>\n<p>&nbsp;<\/p>\n<p>&nbsp;<\/p>\n<p>&nbsp;<\/p>\n<p>&nbsp;<\/p>\n<p>&nbsp;<\/p>\n<p>&nbsp;<\/p>\n<p>&nbsp;<\/p>\n<p>&nbsp;<\/p>\n<p>&nbsp;<\/p>\n<p>&nbsp;<\/p>\n<p>&nbsp;<\/p>\n<p>&nbsp;<\/p>\n<p>&nbsp;<\/p>\n<p>&nbsp;<\/p>\n<p>&nbsp;<\/p>\n<p>&nbsp;<\/p>\n<p>&nbsp;<\/p>\n<p>&nbsp;<\/p>\n<p>&nbsp;<\/p>\n<p>&nbsp;<\/p>\n<p>&nbsp;<\/p>\n<p>&nbsp;<\/p>\n<p>&nbsp;<\/p>\n<p>&nbsp;<\/p>\n<p>&nbsp;<\/p>\n<p>&nbsp;<\/p>\n<p>&nbsp;<\/p>\n<p>&nbsp;<\/p>\n<p>&nbsp;<\/p>\n<p>&nbsp;<\/p>\n<p>&nbsp;<\/p>\n<p>&nbsp;<\/p>\n<p>&nbsp;<\/p>\n<p>&nbsp;<\/p>\n<p>&nbsp;<\/p>\n<p>&nbsp;<\/p>\n<p>&nbsp;<\/p>\n<p>&nbsp;<\/p>\n<p>&nbsp;<\/p>\n<p>&nbsp;<\/p>\n<p>&nbsp;<\/p>\n<p>&nbsp;<\/p>\n<p>&nbsp;<\/p>\n<p>&nbsp;<\/p>\n<p>&nbsp;<\/p>\n<p>&nbsp;<\/p>\n<p>&nbsp;<\/p>\n<p>&nbsp;<\/p>\n<p>&nbsp;<\/p>\n<p>&nbsp;<\/p>\n<p>&nbsp;<\/p>\n<p>&nbsp;<\/p>\n<p>&nbsp;<\/p>\n<p>&nbsp;<\/p>\n<p>&nbsp;<\/p>\n<p>&nbsp;<\/p>\n<p>&nbsp;<\/p>\n<p>&nbsp;<\/p>\n<p>&nbsp;<\/p>\n<p>&nbsp;<\/p>\n<p>&nbsp;<\/p>\n<p>&nbsp;<\/p>\n<p>&nbsp;<\/p>\n<p>&nbsp;<\/p>\n<p>&nbsp;<\/p>\n<p>&nbsp;<\/p>\n<p>&nbsp;<\/p>\n<p>&nbsp;<\/p>\n<p>&nbsp;<\/p>\n<p>&nbsp;<\/p>\n<p>&nbsp;<\/p>\n<p>&nbsp;<\/p>\n<p>&nbsp;<\/p>\n<p>&nbsp;<\/p>\n<p>&nbsp;<\/p>\n<p>&nbsp;<\/p>\n<p>&nbsp;<\/p>\n<p>&nbsp;<\/p>\n<p>&nbsp;<\/p>\n<p>&nbsp;<\/p>\n<p>&nbsp;<\/p>\n<p>&nbsp;<\/p>\n<p>&nbsp;<\/p>\n<p>&nbsp;<\/p>\n<p>&nbsp;<\/p>\n<p>&nbsp;<\/p>\n<p>&nbsp;<\/p>\n<p>&nbsp;<\/p>\n<p>&nbsp;<\/p>\n<p>&nbsp;<\/p>\n<p>&nbsp;<\/p>\n<p>&nbsp;<\/p>\n<p>&nbsp;<\/p>\n<p>&nbsp;<\/p>\n<p>&nbsp;<\/p>\n<p>&nbsp;<\/p>\n<p>&nbsp;<\/p>\n<p>&nbsp;<\/p>\n<p>&nbsp;<\/p>\n<p>&nbsp;<\/p>\n<p>&nbsp;<\/p>\n<p>&nbsp;<\/p>\n<p>&nbsp;<\/p>\n<p>&nbsp;<\/p>\n<p>&nbsp;<\/p>\n<p>&nbsp;<\/p>\n<p>&nbsp;<\/p>\n<p>&nbsp;<\/p>\n<p>&nbsp;<\/p>\n<p>&nbsp;<\/p>\n<p>&nbsp;<\/p>\n<p>&nbsp;<\/p>\n<p>&nbsp;<\/p>\n<p>&nbsp;<\/p>\n<p>&nbsp;<\/p>\n<p>&nbsp;<\/p>\n<p>&nbsp;<\/p>\n<p>&nbsp;<\/p>\n<p>&nbsp;<\/p>\n<p>&nbsp;<\/p>\n<p>&nbsp;<\/p>\n<p>&nbsp;<\/p>\n<p>&nbsp;<\/p>\n<p>&nbsp;<\/p>\n<p>&nbsp;<\/p>\n<p>&nbsp;<\/p>\n<p>&nbsp;<\/p>\n<p>&nbsp;<\/p>\n<p>&nbsp;<\/p>\n<p>&nbsp;<\/p>\n<p>&nbsp;<\/p>\n<p>&nbsp;<\/p>\n<p>&nbsp;<\/p>\n<p>&nbsp;<\/p>\n<p>&nbsp;<\/p>\n<p>&nbsp;<\/p>\n<p>&nbsp;<\/p>\n<p>&nbsp;<\/p>","protected":false},"excerpt":{"rendered":"<ul>\n<li>Item No: LG-0180A5<\/li>\n<li>Material: Pl\u00e1stico<\/li>\n<li>Size:\u00a0D26*H46MM<\/li>\n<li>Capacity:7ml<\/li>\n<li>Aplica\u00e7\u00f5es: Produtos de beleza<\/li>\n<li>MOQ: 12.000 unidades<\/li>\n<li>Cor: cor personalizada<\/li>\n<li>Tratamento de superf\u00edcie: Inje\u00e7\u00e3o\/Matte\/Metaliza\u00e7\u00e3o\/Revestimento UV<\/li>\n<li>Nome da marca: OEM\/ODM<\/li>\n<li>Logotipo: Logotipo do cliente<\/li>\n<li>Capacidade de fornecimento: 100.000 pe\u00e7as por m\u00eas<\/li>\n<\/ul>","protected":false},"featured_media":11309,"template":"","meta":{"_acf_changed":false},"product_brand":[],"product_cat":[372],"product_tag":[449,450,388],"class_list":{"0":"post-11306","1":"product","2":"type-product","3":"status-publish","4":"has-post-thumbnail","6":"product_cat-lipgloss-tube","7":"product_tag-cute-lip-gloss-tube","8":"product_tag-fruit-lipgloss-tube","9":"product_tag-lip-gloss-tube","11":"first","12":"instock","13":"shipping-taxable","14":"product-type-simple"},"acf":[],"yoast_head":"<!-- This site is optimized with the Yoast SEO plugin v24.1 - https:\/\/yoast.com\/wordpress\/plugins\/seo\/ -->\n<title>Custom liquid lip gloss containers for kids 7ml<\/title>\n<meta name=\"description\" content=\"These cute empty lip gloss tubes feature an adorable and novelty fruit design, perfect for kids.These liquid lip gloss containers designed in a pear shape, is 7ml container is perfect for kids\" \/>\n<meta name=\"robots\" content=\"index, follow, max-snippet:-1, max-image-preview:large, max-video-preview:-1\" \/>\n<link rel=\"canonical\" href=\"https:\/\/www.alovey.com\/pt\/produto\/custom-liquid-lip-gloss-containers-for-kids-7ml\/\" \/>\n<meta property=\"og:locale\" content=\"pt_BR\" \/>\n<meta property=\"og:type\" content=\"article\" \/>\n<meta property=\"og:title\" content=\"Custom liquid lip gloss containers for kids 7ml\" \/>\n<meta property=\"og:description\" content=\"These cute empty lip gloss tubes feature an adorable and novelty fruit design, perfect for kids.These liquid lip gloss containers designed in a pear shape, is 7ml container is perfect for kids\" \/>\n<meta property=\"og:url\" content=\"https:\/\/www.alovey.com\/pt\/produto\/custom-liquid-lip-gloss-containers-for-kids-7ml\/\" \/>\n<meta property=\"og:site_name\" content=\"Best Cosmetic Packaging Manufacture\" \/>\n<meta property=\"article:modified_time\" content=\"2025-08-21T02:20:58+00:00\" \/>\n<meta property=\"og:image\" content=\"https:\/\/www.alovey.com\/wp-content\/uploads\/2025\/08\/Custom-liquid-lip-gloss-containers-for-kids-7ml-2.jpg\" \/>\n\t<meta property=\"og:image:width\" content=\"750\" \/>\n\t<meta property=\"og:image:height\" content=\"750\" \/>\n\t<meta property=\"og:image:type\" content=\"image\/jpeg\" \/>\n<meta name=\"twitter:card\" content=\"summary_large_image\" \/>\n<meta name=\"twitter:label1\" content=\"Est. tempo de leitura\" \/>\n\t<meta name=\"twitter:data1\" content=\"2 minutos\" \/>\n<script type=\"application\/ld+json\" class=\"yoast-schema-graph\">{\"@context\":\"https:\/\/schema.org\",\"@graph\":[{\"@type\":\"WebPage\",\"@id\":\"https:\/\/www.alovey.com\/product\/custom-liquid-lip-gloss-containers-for-kids-7ml\/\",\"url\":\"https:\/\/www.alovey.com\/product\/custom-liquid-lip-gloss-containers-for-kids-7ml\/\",\"name\":\"Custom liquid lip gloss containers for kids 7ml\",\"isPartOf\":{\"@id\":\"https:\/\/www.alovey.com\/#website\"},\"primaryImageOfPage\":{\"@id\":\"https:\/\/www.alovey.com\/product\/custom-liquid-lip-gloss-containers-for-kids-7ml\/#primaryimage\"},\"image\":{\"@id\":\"https:\/\/www.alovey.com\/product\/custom-liquid-lip-gloss-containers-for-kids-7ml\/#primaryimage\"},\"thumbnailUrl\":\"https:\/\/www.alovey.com\/wp-content\/uploads\/2025\/08\/Custom-liquid-lip-gloss-containers-for-kids-7ml-2.jpg\",\"datePublished\":\"2025-08-21T02:10:09+00:00\",\"dateModified\":\"2025-08-21T02:20:58+00:00\",\"description\":\"These cute empty lip gloss tubes feature an adorable and novelty fruit design, perfect for kids.These liquid lip gloss containers designed in a pear shape, is 7ml container is perfect for kids\",\"breadcrumb\":{\"@id\":\"https:\/\/www.alovey.com\/product\/custom-liquid-lip-gloss-containers-for-kids-7ml\/#breadcrumb\"},\"inLanguage\":\"pt-BR\",\"potentialAction\":[{\"@type\":\"ReadAction\",\"target\":[\"https:\/\/www.alovey.com\/product\/custom-liquid-lip-gloss-containers-for-kids-7ml\/\"]}]},{\"@type\":\"ImageObject\",\"inLanguage\":\"pt-BR\",\"@id\":\"https:\/\/www.alovey.com\/product\/custom-liquid-lip-gloss-containers-for-kids-7ml\/#primaryimage\",\"url\":\"https:\/\/www.alovey.com\/wp-content\/uploads\/2025\/08\/Custom-liquid-lip-gloss-containers-for-kids-7ml-2.jpg\",\"contentUrl\":\"https:\/\/www.alovey.com\/wp-content\/uploads\/2025\/08\/Custom-liquid-lip-gloss-containers-for-kids-7ml-2.jpg\",\"width\":750,\"height\":750,\"caption\":\"Custom liquid lip gloss containers for kids 7ml\"},{\"@type\":\"BreadcrumbList\",\"@id\":\"https:\/\/www.alovey.com\/product\/custom-liquid-lip-gloss-containers-for-kids-7ml\/#breadcrumb\",\"itemListElement\":[{\"@type\":\"ListItem\",\"position\":1,\"name\":\"\u9996\u9875\",\"item\":\"https:\/\/www.alovey.com\/\"},{\"@type\":\"ListItem\",\"position\":2,\"name\":\"Products\",\"item\":\"https:\/\/www.alovey.com\/products\/\"},{\"@type\":\"ListItem\",\"position\":3,\"name\":\"Custom liquid lip gloss containers for kids 7ml\"}]},{\"@type\":\"WebSite\",\"@id\":\"https:\/\/www.alovey.com\/#website\",\"url\":\"https:\/\/www.alovey.com\/\",\"name\":\"Best Cosmetic Packaging Manufacture\",\"description\":\"Alovey Cosmetic Packaging Co.,Ltd\",\"publisher\":{\"@id\":\"https:\/\/www.alovey.com\/#organization\"},\"potentialAction\":[{\"@type\":\"SearchAction\",\"target\":{\"@type\":\"EntryPoint\",\"urlTemplate\":\"https:\/\/www.alovey.com\/?s={search_term_string}\"},\"query-input\":{\"@type\":\"PropertyValueSpecification\",\"valueRequired\":true,\"valueName\":\"search_term_string\"}}],\"inLanguage\":\"pt-BR\"},{\"@type\":\"Organization\",\"@id\":\"https:\/\/www.alovey.com\/#organization\",\"name\":\"Best Cosmetic Packaging Manufacture\",\"url\":\"https:\/\/www.alovey.com\/\",\"logo\":{\"@type\":\"ImageObject\",\"inLanguage\":\"pt-BR\",\"@id\":\"https:\/\/www.alovey.com\/#\/schema\/logo\/image\/\",\"url\":\"https:\/\/www.alovey.com\/wp-content\/uploads\/2023\/03\/logo.png\",\"contentUrl\":\"https:\/\/www.alovey.com\/wp-content\/uploads\/2023\/03\/logo.png\",\"width\":505,\"height\":180,\"caption\":\"Best  Cosmetic Packaging Manufacture\"},\"image\":{\"@id\":\"https:\/\/www.alovey.com\/#\/schema\/logo\/image\/\"}}]}<\/script>\n<!-- \/ Yoast SEO plugin. -->","yoast_head_json":{"title":"Recipientes personalizados de brilho labial l\u00edquido para crian\u00e7as de 7 ml","description":"These cute empty lip gloss tubes feature an adorable and novelty fruit design, perfect for kids.These liquid lip gloss containers designed in a pear shape, is 7ml container is perfect for kids","robots":{"index":"index","follow":"follow","max-snippet":"max-snippet:-1","max-image-preview":"max-image-preview:large","max-video-preview":"max-video-preview:-1"},"canonical":"https:\/\/www.alovey.com\/pt\/produto\/custom-liquid-lip-gloss-containers-for-kids-7ml\/","og_locale":"pt_BR","og_type":"article","og_title":"Custom liquid lip gloss containers for kids 7ml","og_description":"These cute empty lip gloss tubes feature an adorable and novelty fruit design, perfect for kids.These liquid lip gloss containers designed in a pear shape, is 7ml container is perfect for kids","og_url":"https:\/\/www.alovey.com\/pt\/produto\/custom-liquid-lip-gloss-containers-for-kids-7ml\/","og_site_name":"Best Cosmetic Packaging Manufacture","article_modified_time":"2025-08-21T02:20:58+00:00","og_image":[{"width":750,"height":750,"url":"https:\/\/www.alovey.com\/wp-content\/uploads\/2025\/08\/Custom-liquid-lip-gloss-containers-for-kids-7ml-2.jpg","type":"image\/jpeg"}],"twitter_card":"summary_large_image","twitter_misc":{"Est. tempo de leitura":"2 minutos"},"schema":{"@context":"https:\/\/schema.org","@graph":[{"@type":"WebPage","@id":"https:\/\/www.alovey.com\/product\/custom-liquid-lip-gloss-containers-for-kids-7ml\/","url":"https:\/\/www.alovey.com\/product\/custom-liquid-lip-gloss-containers-for-kids-7ml\/","name":"Recipientes personalizados de brilho labial l\u00edquido para crian\u00e7as de 7 ml","isPartOf":{"@id":"https:\/\/www.alovey.com\/#website"},"primaryImageOfPage":{"@id":"https:\/\/www.alovey.com\/product\/custom-liquid-lip-gloss-containers-for-kids-7ml\/#primaryimage"},"image":{"@id":"https:\/\/www.alovey.com\/product\/custom-liquid-lip-gloss-containers-for-kids-7ml\/#primaryimage"},"thumbnailUrl":"https:\/\/www.alovey.com\/wp-content\/uploads\/2025\/08\/Custom-liquid-lip-gloss-containers-for-kids-7ml-2.jpg","datePublished":"2025-08-21T02:10:09+00:00","dateModified":"2025-08-21T02:20:58+00:00","description":"These cute empty lip gloss tubes feature an adorable and novelty fruit design, perfect for kids.These liquid lip gloss containers designed in a pear shape, is 7ml container is perfect for kids","breadcrumb":{"@id":"https:\/\/www.alovey.com\/product\/custom-liquid-lip-gloss-containers-for-kids-7ml\/#breadcrumb"},"inLanguage":"pt-BR","potentialAction":[{"@type":"ReadAction","target":["https:\/\/www.alovey.com\/product\/custom-liquid-lip-gloss-containers-for-kids-7ml\/"]}]},{"@type":"ImageObject","inLanguage":"pt-BR","@id":"https:\/\/www.alovey.com\/product\/custom-liquid-lip-gloss-containers-for-kids-7ml\/#primaryimage","url":"https:\/\/www.alovey.com\/wp-content\/uploads\/2025\/08\/Custom-liquid-lip-gloss-containers-for-kids-7ml-2.jpg","contentUrl":"https:\/\/www.alovey.com\/wp-content\/uploads\/2025\/08\/Custom-liquid-lip-gloss-containers-for-kids-7ml-2.jpg","width":750,"height":750,"caption":"Custom liquid lip gloss containers for kids 7ml"},{"@type":"BreadcrumbList","@id":"https:\/\/www.alovey.com\/product\/custom-liquid-lip-gloss-containers-for-kids-7ml\/#breadcrumb","itemListElement":[{"@type":"ListItem","position":1,"name":"\u9996\u9875","item":"https:\/\/www.alovey.com\/"},{"@type":"ListItem","position":2,"name":"Products","item":"https:\/\/www.alovey.com\/products\/"},{"@type":"ListItem","position":3,"name":"Custom liquid lip gloss containers for kids 7ml"}]},{"@type":"WebSite","@id":"https:\/\/www.alovey.com\/#website","url":"https:\/\/www.alovey.com\/","name":"Best Cosmetic Packaging Manufacture","description":"Alovey Cosmetic Packaging Co.,Ltd","publisher":{"@id":"https:\/\/www.alovey.com\/#organization"},"potentialAction":[{"@type":"SearchAction","target":{"@type":"EntryPoint","urlTemplate":"https:\/\/www.alovey.com\/?s={search_term_string}"},"query-input":{"@type":"PropertyValueSpecification","valueRequired":true,"valueName":"search_term_string"}}],"inLanguage":"pt-BR"},{"@type":"Organization","@id":"https:\/\/www.alovey.com\/#organization","name":"Best Cosmetic Packaging Manufacture","url":"https:\/\/www.alovey.com\/","logo":{"@type":"ImageObject","inLanguage":"pt-BR","@id":"https:\/\/www.alovey.com\/#\/schema\/logo\/image\/","url":"https:\/\/www.alovey.com\/wp-content\/uploads\/2023\/03\/logo.png","contentUrl":"https:\/\/www.alovey.com\/wp-content\/uploads\/2023\/03\/logo.png","width":505,"height":180,"caption":"Best  Cosmetic Packaging Manufacture"},"image":{"@id":"https:\/\/www.alovey.com\/#\/schema\/logo\/image\/"}}]}},"_links":{"self":[{"href":"https:\/\/www.alovey.com\/pt\/wp-json\/wp\/v2\/product\/11306"}],"collection":[{"href":"https:\/\/www.alovey.com\/pt\/wp-json\/wp\/v2\/product"}],"about":[{"href":"https:\/\/www.alovey.com\/pt\/wp-json\/wp\/v2\/types\/product"}],"wp:featuredmedia":[{"embeddable":true,"href":"https:\/\/www.alovey.com\/pt\/wp-json\/wp\/v2\/media\/11309"}],"wp:attachment":[{"href":"https:\/\/www.alovey.com\/pt\/wp-json\/wp\/v2\/media?parent=11306"}],"wp:term":[{"taxonomy":"product_brand","embeddable":true,"href":"https:\/\/www.alovey.com\/pt\/wp-json\/wp\/v2\/product_brand?post=11306"},{"taxonomy":"product_cat","embeddable":true,"href":"https:\/\/www.alovey.com\/pt\/wp-json\/wp\/v2\/product_cat?post=11306"},{"taxonomy":"product_tag","embeddable":true,"href":"https:\/\/www.alovey.com\/pt\/wp-json\/wp\/v2\/product_tag?post=11306"}],"curies":[{"name":"wp","href":"https:\/\/api.w.org\/{rel}","templated":true}]}}