{"id":11194,"date":"2025-08-14T06:21:56","date_gmt":"2025-08-14T06:21:56","guid":{"rendered":"https:\/\/www.alovey.com\/?post_type=product&#038;p=11194"},"modified":"2025-08-20T03:01:44","modified_gmt":"2025-08-20T03:01:44","slug":"personalized-lip-gloss-tubes-with-apple-shape-7ml","status":"publish","type":"product","link":"https:\/\/www.alovey.com\/pt\/produto\/personalized-lip-gloss-tubes-with-apple-shape-7ml\/","title":{"rendered":"Tubos de brilho labial personalizados com formato de ma\u00e7\u00e3 de 7 ml"},"content":{"rendered":"<p><strong>These\u00a0personalized lip gloss tubes \u00a07ml round lip gloss tube, designed in a playful green apple shape, adds charm to any cosmetic collection. Available in customized colors, it\u2019s an excellent choice for travel, business trips, sample displays, or everyday use\u2014both indoors and outdoors. Compact and eye-catching, it also makes a delightful gift for kids or a fun packaging option for youth-focused beauty brands.<\/strong><\/p>\n<p><strong> At Alovey, we are dedicated to enhancing your brand through packaging that combines functionality, elegance, and innovation.<\/strong><\/p>\n<p><img fetchpriority=\"high\" decoding=\"async\" class=\"size-full wp-image-11200\" src=\"https:\/\/www.alovey.com\/wp-content\/uploads\/2025\/08\/Personalized-lip-gloss-tubes-with-apple-shape-7ml-5.jpg\" alt=\"personalized lip gloss tubes\" width=\"750\" height=\"750\" srcset=\"https:\/\/www.alovey.com\/wp-content\/uploads\/2025\/08\/Personalized-lip-gloss-tubes-with-apple-shape-7ml-5.jpg 750w, https:\/\/www.alovey.com\/wp-content\/uploads\/2025\/08\/Personalized-lip-gloss-tubes-with-apple-shape-7ml-5-300x300.jpg 300w, https:\/\/www.alovey.com\/wp-content\/uploads\/2025\/08\/Personalized-lip-gloss-tubes-with-apple-shape-7ml-5-150x150.jpg 150w, https:\/\/www.alovey.com\/wp-content\/uploads\/2025\/08\/Personalized-lip-gloss-tubes-with-apple-shape-7ml-5-600x600.jpg 600w, https:\/\/www.alovey.com\/wp-content\/uploads\/2025\/08\/Personalized-lip-gloss-tubes-with-apple-shape-7ml-5-100x100.jpg 100w\" sizes=\"(max-width: 750px) 100vw, 750px\" \/><\/p>\n<p><img decoding=\"async\" class=\"size-full wp-image-11199\" src=\"https:\/\/www.alovey.com\/wp-content\/uploads\/2025\/08\/Personalized-lip-gloss-tubes-with-apple-shape-7ml-4.jpg\" alt=\"personalized lip gloss tubes\" width=\"750\" height=\"750\" srcset=\"https:\/\/www.alovey.com\/wp-content\/uploads\/2025\/08\/Personalized-lip-gloss-tubes-with-apple-shape-7ml-4.jpg 750w, https:\/\/www.alovey.com\/wp-content\/uploads\/2025\/08\/Personalized-lip-gloss-tubes-with-apple-shape-7ml-4-300x300.jpg 300w, https:\/\/www.alovey.com\/wp-content\/uploads\/2025\/08\/Personalized-lip-gloss-tubes-with-apple-shape-7ml-4-150x150.jpg 150w, https:\/\/www.alovey.com\/wp-content\/uploads\/2025\/08\/Personalized-lip-gloss-tubes-with-apple-shape-7ml-4-600x600.jpg 600w, https:\/\/www.alovey.com\/wp-content\/uploads\/2025\/08\/Personalized-lip-gloss-tubes-with-apple-shape-7ml-4-100x100.jpg 100w\" sizes=\"(max-width: 750px) 100vw, 750px\" \/><\/p>\n<p><img decoding=\"async\" class=\"size-full wp-image-11198\" src=\"https:\/\/www.alovey.com\/wp-content\/uploads\/2025\/08\/Personalized-lip-gloss-tubes-with-apple-shape-7ml-3.jpg\" alt=\"personalized lip gloss tubes\" width=\"750\" height=\"750\" srcset=\"https:\/\/www.alovey.com\/wp-content\/uploads\/2025\/08\/Personalized-lip-gloss-tubes-with-apple-shape-7ml-3.jpg 750w, https:\/\/www.alovey.com\/wp-content\/uploads\/2025\/08\/Personalized-lip-gloss-tubes-with-apple-shape-7ml-3-300x300.jpg 300w, https:\/\/www.alovey.com\/wp-content\/uploads\/2025\/08\/Personalized-lip-gloss-tubes-with-apple-shape-7ml-3-150x150.jpg 150w, https:\/\/www.alovey.com\/wp-content\/uploads\/2025\/08\/Personalized-lip-gloss-tubes-with-apple-shape-7ml-3-600x600.jpg 600w, https:\/\/www.alovey.com\/wp-content\/uploads\/2025\/08\/Personalized-lip-gloss-tubes-with-apple-shape-7ml-3-100x100.jpg 100w\" sizes=\"(max-width: 750px) 100vw, 750px\" \/><\/p>\n<p><img loading=\"lazy\" decoding=\"async\" class=\"size-full wp-image-11197\" src=\"https:\/\/www.alovey.com\/wp-content\/uploads\/2025\/08\/Personalized-lip-gloss-tubes-with-apple-shape-7ml-2.jpg\" alt=\"personalized lip gloss tubes\" width=\"750\" height=\"750\" srcset=\"https:\/\/www.alovey.com\/wp-content\/uploads\/2025\/08\/Personalized-lip-gloss-tubes-with-apple-shape-7ml-2.jpg 750w, https:\/\/www.alovey.com\/wp-content\/uploads\/2025\/08\/Personalized-lip-gloss-tubes-with-apple-shape-7ml-2-300x300.jpg 300w, https:\/\/www.alovey.com\/wp-content\/uploads\/2025\/08\/Personalized-lip-gloss-tubes-with-apple-shape-7ml-2-150x150.jpg 150w, https:\/\/www.alovey.com\/wp-content\/uploads\/2025\/08\/Personalized-lip-gloss-tubes-with-apple-shape-7ml-2-600x600.jpg 600w, https:\/\/www.alovey.com\/wp-content\/uploads\/2025\/08\/Personalized-lip-gloss-tubes-with-apple-shape-7ml-2-100x100.jpg 100w\" sizes=\"(max-width: 750px) 100vw, 750px\" \/><\/p>\n<p><img loading=\"lazy\" decoding=\"async\" class=\"size-full wp-image-11196\" src=\"https:\/\/www.alovey.com\/wp-content\/uploads\/2025\/08\/Personalized-lip-gloss-tubes-with-apple-shape-7ml-1.jpg\" alt=\"personalized lip gloss tubes\" width=\"750\" height=\"750\" srcset=\"https:\/\/www.alovey.com\/wp-content\/uploads\/2025\/08\/Personalized-lip-gloss-tubes-with-apple-shape-7ml-1.jpg 750w, https:\/\/www.alovey.com\/wp-content\/uploads\/2025\/08\/Personalized-lip-gloss-tubes-with-apple-shape-7ml-1-300x300.jpg 300w, https:\/\/www.alovey.com\/wp-content\/uploads\/2025\/08\/Personalized-lip-gloss-tubes-with-apple-shape-7ml-1-150x150.jpg 150w, https:\/\/www.alovey.com\/wp-content\/uploads\/2025\/08\/Personalized-lip-gloss-tubes-with-apple-shape-7ml-1-600x600.jpg 600w, https:\/\/www.alovey.com\/wp-content\/uploads\/2025\/08\/Personalized-lip-gloss-tubes-with-apple-shape-7ml-1-100x100.jpg 100w\" sizes=\"(max-width: 750px) 100vw, 750px\" \/><\/p>\n<p><img loading=\"lazy\" decoding=\"async\" class=\"size-full wp-image-11195\" src=\"https:\/\/www.alovey.com\/wp-content\/uploads\/2025\/08\/Personalized-lip-gloss-tubes-with-apple-shape-7ml-6.jpg\" alt=\"personalized lip gloss tubes\" width=\"750\" height=\"750\" srcset=\"https:\/\/www.alovey.com\/wp-content\/uploads\/2025\/08\/Personalized-lip-gloss-tubes-with-apple-shape-7ml-6.jpg 750w, https:\/\/www.alovey.com\/wp-content\/uploads\/2025\/08\/Personalized-lip-gloss-tubes-with-apple-shape-7ml-6-300x300.jpg 300w, https:\/\/www.alovey.com\/wp-content\/uploads\/2025\/08\/Personalized-lip-gloss-tubes-with-apple-shape-7ml-6-150x150.jpg 150w, https:\/\/www.alovey.com\/wp-content\/uploads\/2025\/08\/Personalized-lip-gloss-tubes-with-apple-shape-7ml-6-600x600.jpg 600w, https:\/\/www.alovey.com\/wp-content\/uploads\/2025\/08\/Personalized-lip-gloss-tubes-with-apple-shape-7ml-6-100x100.jpg 100w\" sizes=\"(max-width: 750px) 100vw, 750px\" \/><\/p>\n<p>&nbsp;<\/p>\n<p>&nbsp;<\/p>\n<p>&nbsp;<\/p>\n<p>&nbsp;<\/p>\n<p>&nbsp;<\/p>\n<p>&nbsp;<\/p>\n<p>&nbsp;<\/p>\n<p>&nbsp;<\/p>\n<p>&nbsp;<\/p>\n<p>&nbsp;<\/p>\n<p>&nbsp;<\/p>\n<p>&nbsp;<\/p>\n<p>&nbsp;<\/p>\n<p>&nbsp;<\/p>\n<p>&nbsp;<\/p>\n<p>&nbsp;<\/p>\n<p>&nbsp;<\/p>\n<p>&nbsp;<\/p>\n<p>&nbsp;<\/p>\n<p>&nbsp;<\/p>\n<p>&nbsp;<\/p>\n<p>&nbsp;<\/p>\n<p>&nbsp;<\/p>\n<p>&nbsp;<\/p>\n<p>&nbsp;<\/p>\n<p>&nbsp;<\/p>\n<p>&nbsp;<\/p>\n<p>&nbsp;<\/p>\n<p>&nbsp;<\/p>\n<p>&nbsp;<\/p>\n<p>&nbsp;<\/p>\n<p>&nbsp;<\/p>\n<p>&nbsp;<\/p>\n<p>&nbsp;<\/p>\n<p>&nbsp;<\/p>\n<p>&nbsp;<\/p>\n<p>&nbsp;<\/p>\n<p>&nbsp;<\/p>\n<p>&nbsp;<\/p>\n<p>&nbsp;<\/p>\n<p>&nbsp;<\/p>\n<p>&nbsp;<\/p>\n<p>&nbsp;<\/p>\n<p>&nbsp;<\/p>\n<p>&nbsp;<\/p>\n<p>&nbsp;<\/p>\n<p>&nbsp;<\/p>\n<p>&nbsp;<\/p>\n<p>&nbsp;<\/p>\n<p>&nbsp;<\/p>\n<p>&nbsp;<\/p>\n<p>&nbsp;<\/p>\n<p>&nbsp;<\/p>\n<p>&nbsp;<\/p>\n<p>&nbsp;<\/p>\n<p>&nbsp;<\/p>\n<p>&nbsp;<\/p>\n<p>&nbsp;<\/p>\n<p>&nbsp;<\/p>\n<p>&nbsp;<\/p>\n<p>&nbsp;<\/p>\n<p>&nbsp;<\/p>\n<p>&nbsp;<\/p>\n<p>&nbsp;<\/p>\n<p>&nbsp;<\/p>\n<p>&nbsp;<\/p>\n<p>&nbsp;<\/p>\n<p>&nbsp;<\/p>\n<p>&nbsp;<\/p>\n<p>&nbsp;<\/p>\n<p>&nbsp;<\/p>\n<p>&nbsp;<\/p>\n<p>&nbsp;<\/p>\n<p>&nbsp;<\/p>\n<p>&nbsp;<\/p>\n<p>&nbsp;<\/p>\n<p>&nbsp;<\/p>\n<p>&nbsp;<\/p>\n<p>&nbsp;<\/p>\n<p>&nbsp;<\/p>\n<p>&nbsp;<\/p>\n<p>&nbsp;<\/p>\n<p>&nbsp;<\/p>\n<p>&nbsp;<\/p>\n<p>&nbsp;<\/p>\n<p>&nbsp;<\/p>\n<p>&nbsp;<\/p>\n<p>&nbsp;<\/p>\n<p>&nbsp;<\/p>\n<p>&nbsp;<\/p>\n<p>&nbsp;<\/p>\n<p>&nbsp;<\/p>\n<p>&nbsp;<\/p>\n<p>&nbsp;<\/p>\n<p>&nbsp;<\/p>\n<p>&nbsp;<\/p>\n<p>&nbsp;<\/p>\n<p>&nbsp;<\/p>\n<p>&nbsp;<\/p>\n<p>&nbsp;<\/p>\n<p>&nbsp;<\/p>\n<p>&nbsp;<\/p>\n<p>&nbsp;<\/p>\n<p>&nbsp;<\/p>\n<p>&nbsp;<\/p>\n<p>&nbsp;<\/p>\n<p>&nbsp;<\/p>\n<p>&nbsp;<\/p>\n<p>&nbsp;<\/p>\n<p>&nbsp;<\/p>\n<p>&nbsp;<\/p>\n<p>&nbsp;<\/p>\n<p>&nbsp;<\/p>\n<p>&nbsp;<\/p>\n<p>&nbsp;<\/p>\n<p>&nbsp;<\/p>\n<p>&nbsp;<\/p>\n<p>&nbsp;<\/p>\n<p>&nbsp;<\/p>\n<p>&nbsp;<\/p>\n<p>&nbsp;<\/p>\n<p>&nbsp;<\/p>\n<p>&nbsp;<\/p>\n<p>&nbsp;<\/p>\n<p>&nbsp;<\/p>\n<p>&nbsp;<\/p>\n<p>&nbsp;<\/p>\n<p>&nbsp;<\/p>\n<p>&nbsp;<\/p>\n<p>&nbsp;<\/p>\n<p>&nbsp;<\/p>\n<p>&nbsp;<\/p>\n<p>&nbsp;<\/p>\n<p>&nbsp;<\/p>\n<p>&nbsp;<\/p>\n<p>&nbsp;<\/p>\n<p>&nbsp;<\/p>\n<p>&nbsp;<\/p>\n<p>&nbsp;<\/p>\n<p>&nbsp;<\/p>\n<p>&nbsp;<\/p>\n<p>&nbsp;<\/p>\n<p>&nbsp;<\/p>\n<p>&nbsp;<\/p>\n<p>&nbsp;<\/p>\n<p>&nbsp;<\/p>\n<p>&nbsp;<\/p>\n<p>&nbsp;<\/p>\n<p>&nbsp;<\/p>\n<p>&nbsp;<\/p>\n<p>&nbsp;<\/p>","protected":false},"excerpt":{"rendered":"<ul>\n<li>Item No: LG-0180A8<\/li>\n<li>Material: Pl\u00e1stico<\/li>\n<li>Size:\u00a0D26*H48MM<\/li>\n<li>Capacity:7ml<\/li>\n<li>Aplica\u00e7\u00f5es: Produtos de beleza<\/li>\n<li>MOQ: 12.000 unidades<\/li>\n<li>Cor: cor personalizada<\/li>\n<li>Tratamento de superf\u00edcie: Inje\u00e7\u00e3o\/Matte\/Metaliza\u00e7\u00e3o\/Revestimento UV<\/li>\n<li>Nome da marca: OEM\/ODM<\/li>\n<li>Logotipo: Logotipo do cliente<\/li>\n<li>Capacidade de fornecimento: 100.000 pe\u00e7as por m\u00eas<\/li>\n<\/ul>","protected":false},"featured_media":11196,"template":"","meta":{"_acf_changed":false},"product_brand":[],"product_cat":[372],"product_tag":[450,388,451],"class_list":{"0":"post-11194","1":"product","2":"type-product","3":"status-publish","4":"has-post-thumbnail","6":"product_cat-lipgloss-tube","7":"product_tag-fruit-lipgloss-tube","8":"product_tag-lip-gloss-tube","9":"product_tag-unique-lip-gloss-tube","11":"first","12":"instock","13":"shipping-taxable","14":"product-type-simple"},"acf":[],"yoast_head":"<!-- This site is optimized with the Yoast SEO plugin v24.1 - https:\/\/yoast.com\/wordpress\/plugins\/seo\/ -->\n<title>Personalized lip gloss tubes with apple shape 7ml<\/title>\n<meta name=\"description\" content=\"These personalized lip gloss tubes 7ml round lip gloss tube, designed in a playful green apple shape, adds charm to any cosmetic collection.\" \/>\n<meta name=\"robots\" content=\"index, follow, max-snippet:-1, max-image-preview:large, max-video-preview:-1\" \/>\n<link rel=\"canonical\" href=\"https:\/\/www.alovey.com\/pt\/produto\/personalized-lip-gloss-tubes-with-apple-shape-7ml\/\" \/>\n<meta property=\"og:locale\" content=\"pt_BR\" \/>\n<meta property=\"og:type\" content=\"article\" \/>\n<meta property=\"og:title\" content=\"Personalized lip gloss tubes with apple shape 7ml\" \/>\n<meta property=\"og:description\" content=\"These personalized lip gloss tubes 7ml round lip gloss tube, designed in a playful green apple shape, adds charm to any cosmetic collection.\" \/>\n<meta property=\"og:url\" content=\"https:\/\/www.alovey.com\/pt\/produto\/personalized-lip-gloss-tubes-with-apple-shape-7ml\/\" \/>\n<meta property=\"og:site_name\" content=\"Best Cosmetic Packaging Manufacture\" \/>\n<meta property=\"article:modified_time\" content=\"2025-08-20T03:01:44+00:00\" \/>\n<meta property=\"og:image\" content=\"https:\/\/www.alovey.com\/wp-content\/uploads\/2025\/08\/Personalized-lip-gloss-tubes-with-apple-shape-7ml-1.jpg\" \/>\n\t<meta property=\"og:image:width\" content=\"750\" \/>\n\t<meta property=\"og:image:height\" content=\"750\" \/>\n\t<meta property=\"og:image:type\" content=\"image\/jpeg\" \/>\n<meta name=\"twitter:card\" content=\"summary_large_image\" \/>\n<meta name=\"twitter:label1\" content=\"Est. tempo de leitura\" \/>\n\t<meta name=\"twitter:data1\" content=\"2 minutos\" \/>\n<script type=\"application\/ld+json\" class=\"yoast-schema-graph\">{\"@context\":\"https:\/\/schema.org\",\"@graph\":[{\"@type\":\"WebPage\",\"@id\":\"https:\/\/www.alovey.com\/product\/personalized-lip-gloss-tubes-with-apple-shape-7ml\/\",\"url\":\"https:\/\/www.alovey.com\/product\/personalized-lip-gloss-tubes-with-apple-shape-7ml\/\",\"name\":\"Personalized lip gloss tubes with apple shape 7ml\",\"isPartOf\":{\"@id\":\"https:\/\/www.alovey.com\/#website\"},\"primaryImageOfPage\":{\"@id\":\"https:\/\/www.alovey.com\/product\/personalized-lip-gloss-tubes-with-apple-shape-7ml\/#primaryimage\"},\"image\":{\"@id\":\"https:\/\/www.alovey.com\/product\/personalized-lip-gloss-tubes-with-apple-shape-7ml\/#primaryimage\"},\"thumbnailUrl\":\"https:\/\/www.alovey.com\/wp-content\/uploads\/2025\/08\/Personalized-lip-gloss-tubes-with-apple-shape-7ml-1.jpg\",\"datePublished\":\"2025-08-14T06:21:56+00:00\",\"dateModified\":\"2025-08-20T03:01:44+00:00\",\"description\":\"These personalized lip gloss tubes 7ml round lip gloss tube, designed in a playful green apple shape, adds charm to any cosmetic collection.\",\"breadcrumb\":{\"@id\":\"https:\/\/www.alovey.com\/product\/personalized-lip-gloss-tubes-with-apple-shape-7ml\/#breadcrumb\"},\"inLanguage\":\"pt-BR\",\"potentialAction\":[{\"@type\":\"ReadAction\",\"target\":[\"https:\/\/www.alovey.com\/product\/personalized-lip-gloss-tubes-with-apple-shape-7ml\/\"]}]},{\"@type\":\"ImageObject\",\"inLanguage\":\"pt-BR\",\"@id\":\"https:\/\/www.alovey.com\/product\/personalized-lip-gloss-tubes-with-apple-shape-7ml\/#primaryimage\",\"url\":\"https:\/\/www.alovey.com\/wp-content\/uploads\/2025\/08\/Personalized-lip-gloss-tubes-with-apple-shape-7ml-1.jpg\",\"contentUrl\":\"https:\/\/www.alovey.com\/wp-content\/uploads\/2025\/08\/Personalized-lip-gloss-tubes-with-apple-shape-7ml-1.jpg\",\"width\":750,\"height\":750,\"caption\":\"Personalized lip gloss tubes with apple shape 7ml\"},{\"@type\":\"BreadcrumbList\",\"@id\":\"https:\/\/www.alovey.com\/product\/personalized-lip-gloss-tubes-with-apple-shape-7ml\/#breadcrumb\",\"itemListElement\":[{\"@type\":\"ListItem\",\"position\":1,\"name\":\"\u9996\u9875\",\"item\":\"https:\/\/www.alovey.com\/\"},{\"@type\":\"ListItem\",\"position\":2,\"name\":\"Products\",\"item\":\"https:\/\/www.alovey.com\/products\/\"},{\"@type\":\"ListItem\",\"position\":3,\"name\":\"Personalized lip gloss tubes with apple shape 7ml\"}]},{\"@type\":\"WebSite\",\"@id\":\"https:\/\/www.alovey.com\/#website\",\"url\":\"https:\/\/www.alovey.com\/\",\"name\":\"Best Cosmetic Packaging Manufacture\",\"description\":\"Alovey Cosmetic Packaging Co.,Ltd\",\"publisher\":{\"@id\":\"https:\/\/www.alovey.com\/#organization\"},\"potentialAction\":[{\"@type\":\"SearchAction\",\"target\":{\"@type\":\"EntryPoint\",\"urlTemplate\":\"https:\/\/www.alovey.com\/?s={search_term_string}\"},\"query-input\":{\"@type\":\"PropertyValueSpecification\",\"valueRequired\":true,\"valueName\":\"search_term_string\"}}],\"inLanguage\":\"pt-BR\"},{\"@type\":\"Organization\",\"@id\":\"https:\/\/www.alovey.com\/#organization\",\"name\":\"Best Cosmetic Packaging Manufacture\",\"url\":\"https:\/\/www.alovey.com\/\",\"logo\":{\"@type\":\"ImageObject\",\"inLanguage\":\"pt-BR\",\"@id\":\"https:\/\/www.alovey.com\/#\/schema\/logo\/image\/\",\"url\":\"https:\/\/www.alovey.com\/wp-content\/uploads\/2023\/03\/logo.png\",\"contentUrl\":\"https:\/\/www.alovey.com\/wp-content\/uploads\/2023\/03\/logo.png\",\"width\":505,\"height\":180,\"caption\":\"Best  Cosmetic Packaging Manufacture\"},\"image\":{\"@id\":\"https:\/\/www.alovey.com\/#\/schema\/logo\/image\/\"}}]}<\/script>\n<!-- \/ Yoast SEO plugin. -->","yoast_head_json":{"title":"Tubos de brilho labial personalizados com formato de ma\u00e7\u00e3 de 7 ml","description":"These personalized lip gloss tubes 7ml round lip gloss tube, designed in a playful green apple shape, adds charm to any cosmetic collection.","robots":{"index":"index","follow":"follow","max-snippet":"max-snippet:-1","max-image-preview":"max-image-preview:large","max-video-preview":"max-video-preview:-1"},"canonical":"https:\/\/www.alovey.com\/pt\/produto\/personalized-lip-gloss-tubes-with-apple-shape-7ml\/","og_locale":"pt_BR","og_type":"article","og_title":"Personalized lip gloss tubes with apple shape 7ml","og_description":"These personalized lip gloss tubes 7ml round lip gloss tube, designed in a playful green apple shape, adds charm to any cosmetic collection.","og_url":"https:\/\/www.alovey.com\/pt\/produto\/personalized-lip-gloss-tubes-with-apple-shape-7ml\/","og_site_name":"Best Cosmetic Packaging Manufacture","article_modified_time":"2025-08-20T03:01:44+00:00","og_image":[{"width":750,"height":750,"url":"https:\/\/www.alovey.com\/wp-content\/uploads\/2025\/08\/Personalized-lip-gloss-tubes-with-apple-shape-7ml-1.jpg","type":"image\/jpeg"}],"twitter_card":"summary_large_image","twitter_misc":{"Est. tempo de leitura":"2 minutos"},"schema":{"@context":"https:\/\/schema.org","@graph":[{"@type":"WebPage","@id":"https:\/\/www.alovey.com\/product\/personalized-lip-gloss-tubes-with-apple-shape-7ml\/","url":"https:\/\/www.alovey.com\/product\/personalized-lip-gloss-tubes-with-apple-shape-7ml\/","name":"Tubos de brilho labial personalizados com formato de ma\u00e7\u00e3 de 7 ml","isPartOf":{"@id":"https:\/\/www.alovey.com\/#website"},"primaryImageOfPage":{"@id":"https:\/\/www.alovey.com\/product\/personalized-lip-gloss-tubes-with-apple-shape-7ml\/#primaryimage"},"image":{"@id":"https:\/\/www.alovey.com\/product\/personalized-lip-gloss-tubes-with-apple-shape-7ml\/#primaryimage"},"thumbnailUrl":"https:\/\/www.alovey.com\/wp-content\/uploads\/2025\/08\/Personalized-lip-gloss-tubes-with-apple-shape-7ml-1.jpg","datePublished":"2025-08-14T06:21:56+00:00","dateModified":"2025-08-20T03:01:44+00:00","description":"These personalized lip gloss tubes 7ml round lip gloss tube, designed in a playful green apple shape, adds charm to any cosmetic collection.","breadcrumb":{"@id":"https:\/\/www.alovey.com\/product\/personalized-lip-gloss-tubes-with-apple-shape-7ml\/#breadcrumb"},"inLanguage":"pt-BR","potentialAction":[{"@type":"ReadAction","target":["https:\/\/www.alovey.com\/product\/personalized-lip-gloss-tubes-with-apple-shape-7ml\/"]}]},{"@type":"ImageObject","inLanguage":"pt-BR","@id":"https:\/\/www.alovey.com\/product\/personalized-lip-gloss-tubes-with-apple-shape-7ml\/#primaryimage","url":"https:\/\/www.alovey.com\/wp-content\/uploads\/2025\/08\/Personalized-lip-gloss-tubes-with-apple-shape-7ml-1.jpg","contentUrl":"https:\/\/www.alovey.com\/wp-content\/uploads\/2025\/08\/Personalized-lip-gloss-tubes-with-apple-shape-7ml-1.jpg","width":750,"height":750,"caption":"Personalized lip gloss tubes with apple shape 7ml"},{"@type":"BreadcrumbList","@id":"https:\/\/www.alovey.com\/product\/personalized-lip-gloss-tubes-with-apple-shape-7ml\/#breadcrumb","itemListElement":[{"@type":"ListItem","position":1,"name":"\u9996\u9875","item":"https:\/\/www.alovey.com\/"},{"@type":"ListItem","position":2,"name":"Products","item":"https:\/\/www.alovey.com\/products\/"},{"@type":"ListItem","position":3,"name":"Personalized lip gloss tubes with apple shape 7ml"}]},{"@type":"WebSite","@id":"https:\/\/www.alovey.com\/#website","url":"https:\/\/www.alovey.com\/","name":"Best Cosmetic Packaging Manufacture","description":"Alovey Cosmetic Packaging Co.,Ltd","publisher":{"@id":"https:\/\/www.alovey.com\/#organization"},"potentialAction":[{"@type":"SearchAction","target":{"@type":"EntryPoint","urlTemplate":"https:\/\/www.alovey.com\/?s={search_term_string}"},"query-input":{"@type":"PropertyValueSpecification","valueRequired":true,"valueName":"search_term_string"}}],"inLanguage":"pt-BR"},{"@type":"Organization","@id":"https:\/\/www.alovey.com\/#organization","name":"Best Cosmetic Packaging Manufacture","url":"https:\/\/www.alovey.com\/","logo":{"@type":"ImageObject","inLanguage":"pt-BR","@id":"https:\/\/www.alovey.com\/#\/schema\/logo\/image\/","url":"https:\/\/www.alovey.com\/wp-content\/uploads\/2023\/03\/logo.png","contentUrl":"https:\/\/www.alovey.com\/wp-content\/uploads\/2023\/03\/logo.png","width":505,"height":180,"caption":"Best  Cosmetic Packaging Manufacture"},"image":{"@id":"https:\/\/www.alovey.com\/#\/schema\/logo\/image\/"}}]}},"_links":{"self":[{"href":"https:\/\/www.alovey.com\/pt\/wp-json\/wp\/v2\/product\/11194"}],"collection":[{"href":"https:\/\/www.alovey.com\/pt\/wp-json\/wp\/v2\/product"}],"about":[{"href":"https:\/\/www.alovey.com\/pt\/wp-json\/wp\/v2\/types\/product"}],"wp:featuredmedia":[{"embeddable":true,"href":"https:\/\/www.alovey.com\/pt\/wp-json\/wp\/v2\/media\/11196"}],"wp:attachment":[{"href":"https:\/\/www.alovey.com\/pt\/wp-json\/wp\/v2\/media?parent=11194"}],"wp:term":[{"taxonomy":"product_brand","embeddable":true,"href":"https:\/\/www.alovey.com\/pt\/wp-json\/wp\/v2\/product_brand?post=11194"},{"taxonomy":"product_cat","embeddable":true,"href":"https:\/\/www.alovey.com\/pt\/wp-json\/wp\/v2\/product_cat?post=11194"},{"taxonomy":"product_tag","embeddable":true,"href":"https:\/\/www.alovey.com\/pt\/wp-json\/wp\/v2\/product_tag?post=11194"}],"curies":[{"name":"wp","href":"https:\/\/api.w.org\/{rel}","templated":true}]}}