{"id":11172,"date":"2025-08-13T03:36:27","date_gmt":"2025-08-13T03:36:27","guid":{"rendered":"https:\/\/www.alovey.com\/?post_type=product&#038;p=11172"},"modified":"2025-08-13T03:40:59","modified_gmt":"2025-08-13T03:40:59","slug":"empty-eyeshadow-palette-case-with-mirror-and-12pans","status":"publish","type":"product","link":"https:\/\/www.alovey.com\/pt\/produto\/empty-eyeshadow-palette-case-with-mirror-and-12pans\/","title":{"rendered":"Empty eyeshadow palette case with mirror and 12pans"},"content":{"rendered":"<p><strong>This empty eyeshadow case is sleek\u00a0and \u00a0features 12 empty pans, perfect for customizing your own makeup collection.<\/strong><\/p>\n<p><strong>Fill it with your favorite eyeshadows, highlighters, or blushes to create a personalized palette that suits your style.<\/strong><\/p>\n<p><strong>The built-in mirror adds convenience for on-the-go application, making it ideal for daily use or travel.<\/strong><\/p>\n<p><strong>Compact, lightweight, and easy to carry\u2014perfect for beauty lovers and makeup artists alike.<\/strong><\/p>\n<p><strong>A Alovey, como fabricante profissional chinesa de embalagens para cosm\u00e9ticos, produz uma linha requintada de embalagens personalizadas para cosm\u00e9ticos, meticulosamente elaboradas para elevar sua marca. Nossa sele\u00e7\u00e3o diversificada de materiais premium, combinada com t\u00e9cnicas delicadas de acabamento de superf\u00edcie, como impress\u00e3o em tela de seda, hot stamping e pulveriza\u00e7\u00e3o fosca, garante que cada embalagem seja uma obra-prima exclusiva.<\/strong><\/p>\n<p>&nbsp;<\/p>\n<p><img fetchpriority=\"high\" decoding=\"async\" class=\"size-full wp-image-11178\" src=\"https:\/\/www.alovey.com\/wp-content\/uploads\/2025\/08\/Empty-eyeshadow-palette-case-with-mirror-and-12pans-5.jpg\" alt=\"Empty eyeshadow palette case\" width=\"750\" height=\"750\" srcset=\"https:\/\/www.alovey.com\/wp-content\/uploads\/2025\/08\/Empty-eyeshadow-palette-case-with-mirror-and-12pans-5.jpg 750w, https:\/\/www.alovey.com\/wp-content\/uploads\/2025\/08\/Empty-eyeshadow-palette-case-with-mirror-and-12pans-5-300x300.jpg 300w, https:\/\/www.alovey.com\/wp-content\/uploads\/2025\/08\/Empty-eyeshadow-palette-case-with-mirror-and-12pans-5-150x150.jpg 150w, https:\/\/www.alovey.com\/wp-content\/uploads\/2025\/08\/Empty-eyeshadow-palette-case-with-mirror-and-12pans-5-600x600.jpg 600w, https:\/\/www.alovey.com\/wp-content\/uploads\/2025\/08\/Empty-eyeshadow-palette-case-with-mirror-and-12pans-5-100x100.jpg 100w\" sizes=\"(max-width: 750px) 100vw, 750px\" \/><\/p>\n<p><img decoding=\"async\" class=\"size-full wp-image-11177\" src=\"https:\/\/www.alovey.com\/wp-content\/uploads\/2025\/08\/Empty-eyeshadow-palette-case-with-mirror-and-12pans-4.jpg\" alt=\"Empty eyeshadow palette case\" width=\"750\" height=\"750\" srcset=\"https:\/\/www.alovey.com\/wp-content\/uploads\/2025\/08\/Empty-eyeshadow-palette-case-with-mirror-and-12pans-4.jpg 750w, https:\/\/www.alovey.com\/wp-content\/uploads\/2025\/08\/Empty-eyeshadow-palette-case-with-mirror-and-12pans-4-300x300.jpg 300w, https:\/\/www.alovey.com\/wp-content\/uploads\/2025\/08\/Empty-eyeshadow-palette-case-with-mirror-and-12pans-4-150x150.jpg 150w, https:\/\/www.alovey.com\/wp-content\/uploads\/2025\/08\/Empty-eyeshadow-palette-case-with-mirror-and-12pans-4-600x600.jpg 600w, https:\/\/www.alovey.com\/wp-content\/uploads\/2025\/08\/Empty-eyeshadow-palette-case-with-mirror-and-12pans-4-100x100.jpg 100w\" sizes=\"(max-width: 750px) 100vw, 750px\" \/><\/p>\n<p><img decoding=\"async\" class=\"size-full wp-image-11176\" src=\"https:\/\/www.alovey.com\/wp-content\/uploads\/2025\/08\/Empty-eyeshadow-palette-case-with-mirror-and-12pans-3.jpg\" alt=\"Empty eyeshadow palette case\" width=\"750\" height=\"750\" srcset=\"https:\/\/www.alovey.com\/wp-content\/uploads\/2025\/08\/Empty-eyeshadow-palette-case-with-mirror-and-12pans-3.jpg 750w, https:\/\/www.alovey.com\/wp-content\/uploads\/2025\/08\/Empty-eyeshadow-palette-case-with-mirror-and-12pans-3-300x300.jpg 300w, https:\/\/www.alovey.com\/wp-content\/uploads\/2025\/08\/Empty-eyeshadow-palette-case-with-mirror-and-12pans-3-150x150.jpg 150w, https:\/\/www.alovey.com\/wp-content\/uploads\/2025\/08\/Empty-eyeshadow-palette-case-with-mirror-and-12pans-3-600x600.jpg 600w, https:\/\/www.alovey.com\/wp-content\/uploads\/2025\/08\/Empty-eyeshadow-palette-case-with-mirror-and-12pans-3-100x100.jpg 100w\" sizes=\"(max-width: 750px) 100vw, 750px\" \/><\/p>\n<p><img loading=\"lazy\" decoding=\"async\" class=\"size-full wp-image-11175\" src=\"https:\/\/www.alovey.com\/wp-content\/uploads\/2025\/08\/Empty-eyeshadow-palette-case-with-mirror-and-12pans-2.jpg\" alt=\"Empty eyeshadow palette case\" width=\"750\" height=\"750\" srcset=\"https:\/\/www.alovey.com\/wp-content\/uploads\/2025\/08\/Empty-eyeshadow-palette-case-with-mirror-and-12pans-2.jpg 750w, https:\/\/www.alovey.com\/wp-content\/uploads\/2025\/08\/Empty-eyeshadow-palette-case-with-mirror-and-12pans-2-300x300.jpg 300w, https:\/\/www.alovey.com\/wp-content\/uploads\/2025\/08\/Empty-eyeshadow-palette-case-with-mirror-and-12pans-2-150x150.jpg 150w, https:\/\/www.alovey.com\/wp-content\/uploads\/2025\/08\/Empty-eyeshadow-palette-case-with-mirror-and-12pans-2-600x600.jpg 600w, https:\/\/www.alovey.com\/wp-content\/uploads\/2025\/08\/Empty-eyeshadow-palette-case-with-mirror-and-12pans-2-100x100.jpg 100w\" sizes=\"(max-width: 750px) 100vw, 750px\" \/><\/p>\n<figure id=\"attachment_11174\" aria-describedby=\"caption-attachment-11174\" style=\"width: 750px\" class=\"wp-caption alignnone\"><img loading=\"lazy\" decoding=\"async\" class=\"size-full wp-image-11174\" src=\"https:\/\/www.alovey.com\/wp-content\/uploads\/2025\/08\/Empty-eyeshadow-palette-case-with-mirror-and-12pans-1.jpg\" alt=\"Empty eyeshadow palette case\" width=\"750\" height=\"750\" srcset=\"https:\/\/www.alovey.com\/wp-content\/uploads\/2025\/08\/Empty-eyeshadow-palette-case-with-mirror-and-12pans-1.jpg 750w, https:\/\/www.alovey.com\/wp-content\/uploads\/2025\/08\/Empty-eyeshadow-palette-case-with-mirror-and-12pans-1-300x300.jpg 300w, https:\/\/www.alovey.com\/wp-content\/uploads\/2025\/08\/Empty-eyeshadow-palette-case-with-mirror-and-12pans-1-150x150.jpg 150w, https:\/\/www.alovey.com\/wp-content\/uploads\/2025\/08\/Empty-eyeshadow-palette-case-with-mirror-and-12pans-1-600x600.jpg 600w, https:\/\/www.alovey.com\/wp-content\/uploads\/2025\/08\/Empty-eyeshadow-palette-case-with-mirror-and-12pans-1-100x100.jpg 100w\" sizes=\"(max-width: 750px) 100vw, 750px\" \/><figcaption id=\"caption-attachment-11174\" class=\"wp-caption-text\"><img loading=\"lazy\" decoding=\"async\" class=\"size-full wp-image-11173\" src=\"https:\/\/www.alovey.com\/wp-content\/uploads\/2025\/08\/Empty-eyeshadow-palette-case-with-mirror-and-12pans-6.jpg\" alt=\"Empty eyeshadow palette case\" width=\"750\" height=\"750\" srcset=\"https:\/\/www.alovey.com\/wp-content\/uploads\/2025\/08\/Empty-eyeshadow-palette-case-with-mirror-and-12pans-6.jpg 750w, https:\/\/www.alovey.com\/wp-content\/uploads\/2025\/08\/Empty-eyeshadow-palette-case-with-mirror-and-12pans-6-300x300.jpg 300w, https:\/\/www.alovey.com\/wp-content\/uploads\/2025\/08\/Empty-eyeshadow-palette-case-with-mirror-and-12pans-6-150x150.jpg 150w, https:\/\/www.alovey.com\/wp-content\/uploads\/2025\/08\/Empty-eyeshadow-palette-case-with-mirror-and-12pans-6-600x600.jpg 600w, https:\/\/www.alovey.com\/wp-content\/uploads\/2025\/08\/Empty-eyeshadow-palette-case-with-mirror-and-12pans-6-100x100.jpg 100w\" sizes=\"(max-width: 750px) 100vw, 750px\" \/><\/figcaption><\/figure>\n<div class=\"mceTemp\"><\/div>\n<p>&nbsp;<\/p>\n<p>&nbsp;<\/p>\n<p>&nbsp;<\/p>\n<p>&nbsp;<\/p>\n<p>&nbsp;<\/p>\n<p>&nbsp;<\/p>\n<p>&nbsp;<\/p>\n<p>&nbsp;<\/p>\n<p>&nbsp;<\/p>\n<p>&nbsp;<\/p>\n<p>&nbsp;<\/p>\n<p>&nbsp;<\/p>\n<p>&nbsp;<\/p>\n<p>&nbsp;<\/p>\n<p>&nbsp;<\/p>\n<p>&nbsp;<\/p>\n<p>&nbsp;<\/p>\n<p>&nbsp;<\/p>\n<p>&nbsp;<\/p>\n<p>&nbsp;<\/p>\n<p>&nbsp;<\/p>\n<p>&nbsp;<\/p>\n<p>&nbsp;<\/p>\n<p>&nbsp;<\/p>\n<p>&nbsp;<\/p>\n<p>&nbsp;<\/p>\n<p>&nbsp;<\/p>\n<p>&nbsp;<\/p>\n<p>&nbsp;<\/p>\n<p>&nbsp;<\/p>\n<p>&nbsp;<\/p>\n<p>&nbsp;<\/p>\n<p>&nbsp;<\/p>\n<p>&nbsp;<\/p>\n<p>&nbsp;<\/p>\n<p>&nbsp;<\/p>\n<p>&nbsp;<\/p>\n<p>&nbsp;<\/p>\n<p>&nbsp;<\/p>\n<p>&nbsp;<\/p>\n<p>&nbsp;<\/p>\n<p>&nbsp;<\/p>\n<p>&nbsp;<\/p>\n<p>&nbsp;<\/p>\n<p>&nbsp;<\/p>\n<p>&nbsp;<\/p>\n<p>&nbsp;<\/p>\n<p>&nbsp;<\/p>\n<p>&nbsp;<\/p>\n<p>&nbsp;<\/p>\n<p>&nbsp;<\/p>\n<p>&nbsp;<\/p>\n<p>&nbsp;<\/p>\n<p>&nbsp;<\/p>\n<p>&nbsp;<\/p>\n<p>&nbsp;<\/p>\n<p>&nbsp;<\/p>\n<p>&nbsp;<\/p>\n<p>&nbsp;<\/p>\n<p>&nbsp;<\/p>\n<p>&nbsp;<\/p>\n<p>&nbsp;<\/p>\n<p>&nbsp;<\/p>\n<p>&nbsp;<\/p>\n<p>&nbsp;<\/p>\n<p>&nbsp;<\/p>\n<p>&nbsp;<\/p>\n<p>&nbsp;<\/p>\n<p>&nbsp;<\/p>\n<p>&nbsp;<\/p>\n<p>&nbsp;<\/p>\n<p>&nbsp;<\/p>\n<p>&nbsp;<\/p>\n<p>&nbsp;<\/p>\n<p>&nbsp;<\/p>\n<p>&nbsp;<\/p>\n<p>&nbsp;<\/p>\n<p>&nbsp;<\/p>\n<p>&nbsp;<\/p>\n<p>&nbsp;<\/p>\n<p>&nbsp;<\/p>\n<p>&nbsp;<\/p>\n<p>&nbsp;<\/p>\n<p>&nbsp;<\/p>\n<p>&nbsp;<\/p>\n<p>&nbsp;<\/p>\n<p>&nbsp;<\/p>\n<p>&nbsp;<\/p>\n<p>&nbsp;<\/p>\n<p>&nbsp;<\/p>\n<p>&nbsp;<\/p>\n<p>&nbsp;<\/p>\n<p>&nbsp;<\/p>\n<p>&nbsp;<\/p>\n<p>&nbsp;<\/p>\n<p>&nbsp;<\/p>\n<p>&nbsp;<\/p>\n<p>&nbsp;<\/p>\n<p>&nbsp;<\/p>\n<p>&nbsp;<\/p>\n<p>&nbsp;<\/p>\n<p>&nbsp;<\/p>\n<p>&nbsp;<\/p>\n<p>&nbsp;<\/p>\n<p>&nbsp;<\/p>\n<p>&nbsp;<\/p>\n<p>&nbsp;<\/p>\n<p>&nbsp;<\/p>\n<p>&nbsp;<\/p>\n<p>&nbsp;<\/p>\n<p>&nbsp;<\/p>\n<p>&nbsp;<\/p>\n<p>&nbsp;<\/p>","protected":false},"excerpt":{"rendered":"<ul>\n<li>Item No: E-0406A<\/li>\n<li>Material: Pl\u00e1stico<\/li>\n<li>Size:\u00a0L125*W73*H13.5MM<\/li>\n<li>Aplica\u00e7\u00f5es: Produtos de beleza<\/li>\n<li>MOQ: 12.000 unidades<\/li>\n<li>Cor: cor personalizada<\/li>\n<li>Tratamento de superf\u00edcie: Inje\u00e7\u00e3o\/Matte\/Metaliza\u00e7\u00e3o\/Revestimento UV<\/li>\n<li>Nome da marca: OEM\/ODM<\/li>\n<li>Logotipo: Logotipo do cliente<\/li>\n<li>Capacidade de fornecimento: 100.000 pe\u00e7as por m\u00eas<\/li>\n<\/ul>","protected":false},"featured_media":11174,"template":"","meta":{"_acf_changed":false},"product_brand":[],"product_cat":[378],"product_tag":[393],"class_list":{"0":"post-11172","1":"product","2":"type-product","3":"status-publish","4":"has-post-thumbnail","6":"product_cat-custom-eyeshadow-packaging","7":"product_tag-eyeshadow-case","9":"first","10":"instock","11":"shipping-taxable","12":"product-type-simple"},"acf":[],"yoast_head":"<!-- This site is optimized with the Yoast SEO plugin v24.1 - https:\/\/yoast.com\/wordpress\/plugins\/seo\/ -->\n<title>Empty eyeshadow palette case with mirror and 12pans \u2002<\/title>\n<meta name=\"description\" content=\"This empty eyeshadow case is sleek and features 12 empty pans, perfect for customizing your own makeup collection.\" \/>\n<meta name=\"robots\" content=\"index, follow, max-snippet:-1, max-image-preview:large, max-video-preview:-1\" \/>\n<link rel=\"canonical\" href=\"https:\/\/www.alovey.com\/pt\/produto\/empty-eyeshadow-palette-case-with-mirror-and-12pans\/\" \/>\n<meta property=\"og:locale\" content=\"pt_BR\" \/>\n<meta property=\"og:type\" content=\"article\" \/>\n<meta property=\"og:title\" content=\"Empty eyeshadow palette case with mirror and 12pans \u2002\" \/>\n<meta property=\"og:description\" content=\"This empty eyeshadow case is sleek and features 12 empty pans, perfect for customizing your own makeup collection.\" \/>\n<meta property=\"og:url\" content=\"https:\/\/www.alovey.com\/pt\/produto\/empty-eyeshadow-palette-case-with-mirror-and-12pans\/\" \/>\n<meta property=\"og:site_name\" content=\"Best Cosmetic Packaging Manufacture\" \/>\n<meta property=\"article:modified_time\" content=\"2025-08-13T03:40:59+00:00\" \/>\n<meta property=\"og:image\" content=\"https:\/\/www.alovey.com\/wp-content\/uploads\/2025\/08\/Empty-eyeshadow-palette-case-with-mirror-and-12pans-1.jpg\" \/>\n\t<meta property=\"og:image:width\" content=\"750\" \/>\n\t<meta property=\"og:image:height\" content=\"750\" \/>\n\t<meta property=\"og:image:type\" content=\"image\/jpeg\" \/>\n<meta name=\"twitter:card\" content=\"summary_large_image\" \/>\n<meta name=\"twitter:label1\" content=\"Est. tempo de leitura\" \/>\n\t<meta name=\"twitter:data1\" content=\"2 minutos\" \/>\n<script type=\"application\/ld+json\" class=\"yoast-schema-graph\">{\"@context\":\"https:\/\/schema.org\",\"@graph\":[{\"@type\":\"WebPage\",\"@id\":\"https:\/\/www.alovey.com\/product\/empty-eyeshadow-palette-case-with-mirror-and-12pans\/\",\"url\":\"https:\/\/www.alovey.com\/product\/empty-eyeshadow-palette-case-with-mirror-and-12pans\/\",\"name\":\"Empty eyeshadow palette case with mirror and 12pans \u2002\",\"isPartOf\":{\"@id\":\"https:\/\/www.alovey.com\/#website\"},\"primaryImageOfPage\":{\"@id\":\"https:\/\/www.alovey.com\/product\/empty-eyeshadow-palette-case-with-mirror-and-12pans\/#primaryimage\"},\"image\":{\"@id\":\"https:\/\/www.alovey.com\/product\/empty-eyeshadow-palette-case-with-mirror-and-12pans\/#primaryimage\"},\"thumbnailUrl\":\"https:\/\/www.alovey.com\/wp-content\/uploads\/2025\/08\/Empty-eyeshadow-palette-case-with-mirror-and-12pans-1.jpg\",\"datePublished\":\"2025-08-13T03:36:27+00:00\",\"dateModified\":\"2025-08-13T03:40:59+00:00\",\"description\":\"This empty eyeshadow case is sleek and features 12 empty pans, perfect for customizing your own makeup collection.\",\"breadcrumb\":{\"@id\":\"https:\/\/www.alovey.com\/product\/empty-eyeshadow-palette-case-with-mirror-and-12pans\/#breadcrumb\"},\"inLanguage\":\"pt-BR\",\"potentialAction\":[{\"@type\":\"ReadAction\",\"target\":[\"https:\/\/www.alovey.com\/product\/empty-eyeshadow-palette-case-with-mirror-and-12pans\/\"]}]},{\"@type\":\"ImageObject\",\"inLanguage\":\"pt-BR\",\"@id\":\"https:\/\/www.alovey.com\/product\/empty-eyeshadow-palette-case-with-mirror-and-12pans\/#primaryimage\",\"url\":\"https:\/\/www.alovey.com\/wp-content\/uploads\/2025\/08\/Empty-eyeshadow-palette-case-with-mirror-and-12pans-1.jpg\",\"contentUrl\":\"https:\/\/www.alovey.com\/wp-content\/uploads\/2025\/08\/Empty-eyeshadow-palette-case-with-mirror-and-12pans-1.jpg\",\"width\":750,\"height\":750,\"caption\":\"Empty eyeshadow palette case\"},{\"@type\":\"BreadcrumbList\",\"@id\":\"https:\/\/www.alovey.com\/product\/empty-eyeshadow-palette-case-with-mirror-and-12pans\/#breadcrumb\",\"itemListElement\":[{\"@type\":\"ListItem\",\"position\":1,\"name\":\"\u9996\u9875\",\"item\":\"https:\/\/www.alovey.com\/\"},{\"@type\":\"ListItem\",\"position\":2,\"name\":\"Products\",\"item\":\"https:\/\/www.alovey.com\/products\/\"},{\"@type\":\"ListItem\",\"position\":3,\"name\":\"Empty eyeshadow palette case with mirror and 12pans\"}]},{\"@type\":\"WebSite\",\"@id\":\"https:\/\/www.alovey.com\/#website\",\"url\":\"https:\/\/www.alovey.com\/\",\"name\":\"Best Cosmetic Packaging Manufacture\",\"description\":\"Alovey Cosmetic Packaging Co.,Ltd\",\"publisher\":{\"@id\":\"https:\/\/www.alovey.com\/#organization\"},\"potentialAction\":[{\"@type\":\"SearchAction\",\"target\":{\"@type\":\"EntryPoint\",\"urlTemplate\":\"https:\/\/www.alovey.com\/?s={search_term_string}\"},\"query-input\":{\"@type\":\"PropertyValueSpecification\",\"valueRequired\":true,\"valueName\":\"search_term_string\"}}],\"inLanguage\":\"pt-BR\"},{\"@type\":\"Organization\",\"@id\":\"https:\/\/www.alovey.com\/#organization\",\"name\":\"Best Cosmetic Packaging Manufacture\",\"url\":\"https:\/\/www.alovey.com\/\",\"logo\":{\"@type\":\"ImageObject\",\"inLanguage\":\"pt-BR\",\"@id\":\"https:\/\/www.alovey.com\/#\/schema\/logo\/image\/\",\"url\":\"https:\/\/www.alovey.com\/wp-content\/uploads\/2023\/03\/logo.png\",\"contentUrl\":\"https:\/\/www.alovey.com\/wp-content\/uploads\/2023\/03\/logo.png\",\"width\":505,\"height\":180,\"caption\":\"Best  Cosmetic Packaging Manufacture\"},\"image\":{\"@id\":\"https:\/\/www.alovey.com\/#\/schema\/logo\/image\/\"}}]}<\/script>\n<!-- \/ Yoast SEO plugin. -->","yoast_head_json":{"title":"Empty eyeshadow palette case with mirror and 12pans \u2002","description":"This empty eyeshadow case is sleek and features 12 empty pans, perfect for customizing your own makeup collection.","robots":{"index":"index","follow":"follow","max-snippet":"max-snippet:-1","max-image-preview":"max-image-preview:large","max-video-preview":"max-video-preview:-1"},"canonical":"https:\/\/www.alovey.com\/pt\/produto\/empty-eyeshadow-palette-case-with-mirror-and-12pans\/","og_locale":"pt_BR","og_type":"article","og_title":"Empty eyeshadow palette case with mirror and 12pans \u2002","og_description":"This empty eyeshadow case is sleek and features 12 empty pans, perfect for customizing your own makeup collection.","og_url":"https:\/\/www.alovey.com\/pt\/produto\/empty-eyeshadow-palette-case-with-mirror-and-12pans\/","og_site_name":"Best Cosmetic Packaging Manufacture","article_modified_time":"2025-08-13T03:40:59+00:00","og_image":[{"width":750,"height":750,"url":"https:\/\/www.alovey.com\/wp-content\/uploads\/2025\/08\/Empty-eyeshadow-palette-case-with-mirror-and-12pans-1.jpg","type":"image\/jpeg"}],"twitter_card":"summary_large_image","twitter_misc":{"Est. tempo de leitura":"2 minutos"},"schema":{"@context":"https:\/\/schema.org","@graph":[{"@type":"WebPage","@id":"https:\/\/www.alovey.com\/product\/empty-eyeshadow-palette-case-with-mirror-and-12pans\/","url":"https:\/\/www.alovey.com\/product\/empty-eyeshadow-palette-case-with-mirror-and-12pans\/","name":"Empty eyeshadow palette case with mirror and 12pans \u2002","isPartOf":{"@id":"https:\/\/www.alovey.com\/#website"},"primaryImageOfPage":{"@id":"https:\/\/www.alovey.com\/product\/empty-eyeshadow-palette-case-with-mirror-and-12pans\/#primaryimage"},"image":{"@id":"https:\/\/www.alovey.com\/product\/empty-eyeshadow-palette-case-with-mirror-and-12pans\/#primaryimage"},"thumbnailUrl":"https:\/\/www.alovey.com\/wp-content\/uploads\/2025\/08\/Empty-eyeshadow-palette-case-with-mirror-and-12pans-1.jpg","datePublished":"2025-08-13T03:36:27+00:00","dateModified":"2025-08-13T03:40:59+00:00","description":"This empty eyeshadow case is sleek and features 12 empty pans, perfect for customizing your own makeup collection.","breadcrumb":{"@id":"https:\/\/www.alovey.com\/product\/empty-eyeshadow-palette-case-with-mirror-and-12pans\/#breadcrumb"},"inLanguage":"pt-BR","potentialAction":[{"@type":"ReadAction","target":["https:\/\/www.alovey.com\/product\/empty-eyeshadow-palette-case-with-mirror-and-12pans\/"]}]},{"@type":"ImageObject","inLanguage":"pt-BR","@id":"https:\/\/www.alovey.com\/product\/empty-eyeshadow-palette-case-with-mirror-and-12pans\/#primaryimage","url":"https:\/\/www.alovey.com\/wp-content\/uploads\/2025\/08\/Empty-eyeshadow-palette-case-with-mirror-and-12pans-1.jpg","contentUrl":"https:\/\/www.alovey.com\/wp-content\/uploads\/2025\/08\/Empty-eyeshadow-palette-case-with-mirror-and-12pans-1.jpg","width":750,"height":750,"caption":"Empty eyeshadow palette case"},{"@type":"BreadcrumbList","@id":"https:\/\/www.alovey.com\/product\/empty-eyeshadow-palette-case-with-mirror-and-12pans\/#breadcrumb","itemListElement":[{"@type":"ListItem","position":1,"name":"\u9996\u9875","item":"https:\/\/www.alovey.com\/"},{"@type":"ListItem","position":2,"name":"Products","item":"https:\/\/www.alovey.com\/products\/"},{"@type":"ListItem","position":3,"name":"Empty eyeshadow palette case with mirror and 12pans"}]},{"@type":"WebSite","@id":"https:\/\/www.alovey.com\/#website","url":"https:\/\/www.alovey.com\/","name":"Best Cosmetic Packaging Manufacture","description":"Alovey Cosmetic Packaging Co.,Ltd","publisher":{"@id":"https:\/\/www.alovey.com\/#organization"},"potentialAction":[{"@type":"SearchAction","target":{"@type":"EntryPoint","urlTemplate":"https:\/\/www.alovey.com\/?s={search_term_string}"},"query-input":{"@type":"PropertyValueSpecification","valueRequired":true,"valueName":"search_term_string"}}],"inLanguage":"pt-BR"},{"@type":"Organization","@id":"https:\/\/www.alovey.com\/#organization","name":"Best Cosmetic Packaging Manufacture","url":"https:\/\/www.alovey.com\/","logo":{"@type":"ImageObject","inLanguage":"pt-BR","@id":"https:\/\/www.alovey.com\/#\/schema\/logo\/image\/","url":"https:\/\/www.alovey.com\/wp-content\/uploads\/2023\/03\/logo.png","contentUrl":"https:\/\/www.alovey.com\/wp-content\/uploads\/2023\/03\/logo.png","width":505,"height":180,"caption":"Best  Cosmetic Packaging Manufacture"},"image":{"@id":"https:\/\/www.alovey.com\/#\/schema\/logo\/image\/"}}]}},"_links":{"self":[{"href":"https:\/\/www.alovey.com\/pt\/wp-json\/wp\/v2\/product\/11172"}],"collection":[{"href":"https:\/\/www.alovey.com\/pt\/wp-json\/wp\/v2\/product"}],"about":[{"href":"https:\/\/www.alovey.com\/pt\/wp-json\/wp\/v2\/types\/product"}],"wp:featuredmedia":[{"embeddable":true,"href":"https:\/\/www.alovey.com\/pt\/wp-json\/wp\/v2\/media\/11174"}],"wp:attachment":[{"href":"https:\/\/www.alovey.com\/pt\/wp-json\/wp\/v2\/media?parent=11172"}],"wp:term":[{"taxonomy":"product_brand","embeddable":true,"href":"https:\/\/www.alovey.com\/pt\/wp-json\/wp\/v2\/product_brand?post=11172"},{"taxonomy":"product_cat","embeddable":true,"href":"https:\/\/www.alovey.com\/pt\/wp-json\/wp\/v2\/product_cat?post=11172"},{"taxonomy":"product_tag","embeddable":true,"href":"https:\/\/www.alovey.com\/pt\/wp-json\/wp\/v2\/product_tag?post=11172"}],"curies":[{"name":"wp","href":"https:\/\/api.w.org\/{rel}","templated":true}]}}