{"id":10973,"date":"2025-07-21T02:39:52","date_gmt":"2025-07-21T02:39:52","guid":{"rendered":"https:\/\/www.alovey.com\/?post_type=product&#038;p=10973"},"modified":"2025-07-21T02:52:03","modified_gmt":"2025-07-21T02:52:03","slug":"clear-petg-lip-gloss-tubes-with-silver-cap","status":"publish","type":"product","link":"https:\/\/www.alovey.com\/pt\/produto\/clear-petg-lip-gloss-tubes-with-silver-cap\/","title":{"rendered":"Tubos de brilho labial em PETG transparente com tampa prateada"},"content":{"rendered":"<p><strong>Clear PETG Lip Gloss Tubes, finished with a sleek silver cap\u00a0for a modern, high-end look. Made from durable PETG material, these tubes offer excellent clarity, allowing your product\u2019s color and texture to shine through.<\/strong><\/p>\n<p><strong>Key Features:<\/strong><\/p>\n<p><strong>Material: High-transparency PETG tube body\u00a0\u2013 tough, lightweight, and ideal for showcasing vibrant shades or shimmer glosses.<\/strong><\/p>\n<p><strong>Cap: Elegant silver finish\u00a0(can be metallized or glossy injection.matte) that adds a premium touch.<\/strong><\/p>\n<p><strong>\u00a0Design: Clean cylindrical or square shape, customizable to fit your brand identity.<\/strong><\/p>\n<p><strong>Capacity: Available in various sizes (commonly 6.5ml).<\/strong><\/p>\n<p><strong>Customization: Logo printing, hot stamping, labeling, and color matching available.<\/strong><\/p>\n<p><strong>Perfect For: Lip gloss, lip oils, or shimmer topcoats looking for elegant packaging that enhances product visibility and shelf appeal.<\/strong><\/p>\n<p><strong>A Alovey, como fabricante profissional chinesa de embalagens para cosm\u00e9ticos, produz uma linha requintada de embalagens personalizadas para cosm\u00e9ticos, meticulosamente elaboradas para elevar sua marca. Nossa sele\u00e7\u00e3o diversificada de materiais premium, combinada com t\u00e9cnicas delicadas de acabamento de superf\u00edcie, como impress\u00e3o em tela de seda, hot stamping e pulveriza\u00e7\u00e3o fosca, garante que cada embalagem seja uma obra-prima exclusiva.<\/strong><\/p>\n<p><img fetchpriority=\"high\" decoding=\"async\" class=\"size-full wp-image-10979\" src=\"https:\/\/www.alovey.com\/wp-content\/uploads\/2025\/07\/Clear-PETG-Lip-Gloss-Tubes-With-Silver-Cap-2.jpg\" alt=\"PETG Lip Gloss Tubes\" width=\"750\" height=\"750\" srcset=\"https:\/\/www.alovey.com\/wp-content\/uploads\/2025\/07\/Clear-PETG-Lip-Gloss-Tubes-With-Silver-Cap-2.jpg 750w, https:\/\/www.alovey.com\/wp-content\/uploads\/2025\/07\/Clear-PETG-Lip-Gloss-Tubes-With-Silver-Cap-2-300x300.jpg 300w, https:\/\/www.alovey.com\/wp-content\/uploads\/2025\/07\/Clear-PETG-Lip-Gloss-Tubes-With-Silver-Cap-2-150x150.jpg 150w, https:\/\/www.alovey.com\/wp-content\/uploads\/2025\/07\/Clear-PETG-Lip-Gloss-Tubes-With-Silver-Cap-2-600x600.jpg 600w, https:\/\/www.alovey.com\/wp-content\/uploads\/2025\/07\/Clear-PETG-Lip-Gloss-Tubes-With-Silver-Cap-2-100x100.jpg 100w\" sizes=\"(max-width: 750px) 100vw, 750px\" \/><\/p>\n<p><img decoding=\"async\" class=\"size-full wp-image-10978\" src=\"https:\/\/www.alovey.com\/wp-content\/uploads\/2025\/07\/Clear-PETG-Lip-Gloss-Tubes-With-Silver-Cap-8.jpg\" alt=\"PETG Lip Gloss Tubes\" width=\"750\" height=\"750\" srcset=\"https:\/\/www.alovey.com\/wp-content\/uploads\/2025\/07\/Clear-PETG-Lip-Gloss-Tubes-With-Silver-Cap-8.jpg 750w, https:\/\/www.alovey.com\/wp-content\/uploads\/2025\/07\/Clear-PETG-Lip-Gloss-Tubes-With-Silver-Cap-8-300x300.jpg 300w, https:\/\/www.alovey.com\/wp-content\/uploads\/2025\/07\/Clear-PETG-Lip-Gloss-Tubes-With-Silver-Cap-8-150x150.jpg 150w, https:\/\/www.alovey.com\/wp-content\/uploads\/2025\/07\/Clear-PETG-Lip-Gloss-Tubes-With-Silver-Cap-8-600x600.jpg 600w, https:\/\/www.alovey.com\/wp-content\/uploads\/2025\/07\/Clear-PETG-Lip-Gloss-Tubes-With-Silver-Cap-8-100x100.jpg 100w\" sizes=\"(max-width: 750px) 100vw, 750px\" \/><\/p>\n<p><img decoding=\"async\" class=\"size-full wp-image-10980\" src=\"https:\/\/www.alovey.com\/wp-content\/uploads\/2025\/07\/Clear-PETG-Lip-Gloss-Tubes-With-Silver-Cap-3.jpg\" alt=\"PETG Lip Gloss Tubes\" width=\"750\" height=\"750\" srcset=\"https:\/\/www.alovey.com\/wp-content\/uploads\/2025\/07\/Clear-PETG-Lip-Gloss-Tubes-With-Silver-Cap-3.jpg 750w, https:\/\/www.alovey.com\/wp-content\/uploads\/2025\/07\/Clear-PETG-Lip-Gloss-Tubes-With-Silver-Cap-3-300x300.jpg 300w, https:\/\/www.alovey.com\/wp-content\/uploads\/2025\/07\/Clear-PETG-Lip-Gloss-Tubes-With-Silver-Cap-3-150x150.jpg 150w, https:\/\/www.alovey.com\/wp-content\/uploads\/2025\/07\/Clear-PETG-Lip-Gloss-Tubes-With-Silver-Cap-3-600x600.jpg 600w, https:\/\/www.alovey.com\/wp-content\/uploads\/2025\/07\/Clear-PETG-Lip-Gloss-Tubes-With-Silver-Cap-3-100x100.jpg 100w\" sizes=\"(max-width: 750px) 100vw, 750px\" \/><\/p>\n<p><img loading=\"lazy\" decoding=\"async\" class=\"size-full wp-image-10975\" src=\"https:\/\/www.alovey.com\/wp-content\/uploads\/2025\/07\/Clear-PETG-Lip-Gloss-Tubes-With-Silver-Cap-5.jpg\" alt=\"\" width=\"750\" height=\"750\" srcset=\"https:\/\/www.alovey.com\/wp-content\/uploads\/2025\/07\/Clear-PETG-Lip-Gloss-Tubes-With-Silver-Cap-5.jpg 750w, https:\/\/www.alovey.com\/wp-content\/uploads\/2025\/07\/Clear-PETG-Lip-Gloss-Tubes-With-Silver-Cap-5-300x300.jpg 300w, https:\/\/www.alovey.com\/wp-content\/uploads\/2025\/07\/Clear-PETG-Lip-Gloss-Tubes-With-Silver-Cap-5-150x150.jpg 150w, https:\/\/www.alovey.com\/wp-content\/uploads\/2025\/07\/Clear-PETG-Lip-Gloss-Tubes-With-Silver-Cap-5-600x600.jpg 600w, https:\/\/www.alovey.com\/wp-content\/uploads\/2025\/07\/Clear-PETG-Lip-Gloss-Tubes-With-Silver-Cap-5-100x100.jpg 100w\" sizes=\"(max-width: 750px) 100vw, 750px\" \/><\/p>\n<p><img loading=\"lazy\" decoding=\"async\" class=\"size-full wp-image-10974\" src=\"https:\/\/www.alovey.com\/wp-content\/uploads\/2025\/07\/Clear-PETG-Lip-Gloss-Tubes-With-Silver-Cap-4.jpg\" alt=\"PETG Lip Gloss Tubes\" width=\"750\" height=\"750\" srcset=\"https:\/\/www.alovey.com\/wp-content\/uploads\/2025\/07\/Clear-PETG-Lip-Gloss-Tubes-With-Silver-Cap-4.jpg 750w, https:\/\/www.alovey.com\/wp-content\/uploads\/2025\/07\/Clear-PETG-Lip-Gloss-Tubes-With-Silver-Cap-4-300x300.jpg 300w, https:\/\/www.alovey.com\/wp-content\/uploads\/2025\/07\/Clear-PETG-Lip-Gloss-Tubes-With-Silver-Cap-4-150x150.jpg 150w, https:\/\/www.alovey.com\/wp-content\/uploads\/2025\/07\/Clear-PETG-Lip-Gloss-Tubes-With-Silver-Cap-4-600x600.jpg 600w, https:\/\/www.alovey.com\/wp-content\/uploads\/2025\/07\/Clear-PETG-Lip-Gloss-Tubes-With-Silver-Cap-4-100x100.jpg 100w\" sizes=\"(max-width: 750px) 100vw, 750px\" \/><\/p>\n<p><img loading=\"lazy\" decoding=\"async\" class=\"size-full wp-image-10977\" src=\"https:\/\/www.alovey.com\/wp-content\/uploads\/2025\/07\/Clear-PETG-Lip-Gloss-Tubes-With-Silver-Cap-7.jpg\" alt=\"PETG Lip Gloss Tubes\" width=\"630\" height=\"630\" srcset=\"https:\/\/www.alovey.com\/wp-content\/uploads\/2025\/07\/Clear-PETG-Lip-Gloss-Tubes-With-Silver-Cap-7.jpg 630w, https:\/\/www.alovey.com\/wp-content\/uploads\/2025\/07\/Clear-PETG-Lip-Gloss-Tubes-With-Silver-Cap-7-300x300.jpg 300w, https:\/\/www.alovey.com\/wp-content\/uploads\/2025\/07\/Clear-PETG-Lip-Gloss-Tubes-With-Silver-Cap-7-150x150.jpg 150w, https:\/\/www.alovey.com\/wp-content\/uploads\/2025\/07\/Clear-PETG-Lip-Gloss-Tubes-With-Silver-Cap-7-600x600.jpg 600w, https:\/\/www.alovey.com\/wp-content\/uploads\/2025\/07\/Clear-PETG-Lip-Gloss-Tubes-With-Silver-Cap-7-100x100.jpg 100w\" sizes=\"(max-width: 630px) 100vw, 630px\" \/><\/p>\n<p><img loading=\"lazy\" decoding=\"async\" class=\"size-full wp-image-10976\" src=\"https:\/\/www.alovey.com\/wp-content\/uploads\/2025\/07\/Clear-PETG-Lip-Gloss-Tubes-With-Silver-Cap-6.jpg\" alt=\"PETG Lip Gloss Tubes\" width=\"630\" height=\"630\" srcset=\"https:\/\/www.alovey.com\/wp-content\/uploads\/2025\/07\/Clear-PETG-Lip-Gloss-Tubes-With-Silver-Cap-6.jpg 630w, https:\/\/www.alovey.com\/wp-content\/uploads\/2025\/07\/Clear-PETG-Lip-Gloss-Tubes-With-Silver-Cap-6-300x300.jpg 300w, https:\/\/www.alovey.com\/wp-content\/uploads\/2025\/07\/Clear-PETG-Lip-Gloss-Tubes-With-Silver-Cap-6-150x150.jpg 150w, https:\/\/www.alovey.com\/wp-content\/uploads\/2025\/07\/Clear-PETG-Lip-Gloss-Tubes-With-Silver-Cap-6-600x600.jpg 600w, https:\/\/www.alovey.com\/wp-content\/uploads\/2025\/07\/Clear-PETG-Lip-Gloss-Tubes-With-Silver-Cap-6-100x100.jpg 100w\" sizes=\"(max-width: 630px) 100vw, 630px\" \/><\/p>\n<p>&nbsp;<\/p>\n<p>&nbsp;<\/p>\n<p>&nbsp;<\/p>\n<p><img loading=\"lazy\" decoding=\"async\" class=\"size-full wp-image-10965\" src=\"https:\/\/www.alovey.com\/wp-content\/uploads\/2025\/07\/Custom-Lipgloss-Tubes-With-Purple-Metallization-Cap-7ml-6.jpg\" alt=\"Custom LipGloss Tubes\" width=\"630\" height=\"630\" srcset=\"https:\/\/www.alovey.com\/wp-content\/uploads\/2025\/07\/Custom-Lipgloss-Tubes-With-Purple-Metallization-Cap-7ml-6.jpg 630w, https:\/\/www.alovey.com\/wp-content\/uploads\/2025\/07\/Custom-Lipgloss-Tubes-With-Purple-Metallization-Cap-7ml-6-300x300.jpg 300w, https:\/\/www.alovey.com\/wp-content\/uploads\/2025\/07\/Custom-Lipgloss-Tubes-With-Purple-Metallization-Cap-7ml-6-150x150.jpg 150w, https:\/\/www.alovey.com\/wp-content\/uploads\/2025\/07\/Custom-Lipgloss-Tubes-With-Purple-Metallization-Cap-7ml-6-600x600.jpg 600w, https:\/\/www.alovey.com\/wp-content\/uploads\/2025\/07\/Custom-Lipgloss-Tubes-With-Purple-Metallization-Cap-7ml-6-100x100.jpg 100w\" sizes=\"(max-width: 630px) 100vw, 630px\" \/><\/p>\n<p>&nbsp;<\/p>\n<p>&nbsp;<\/p>\n<p>&nbsp;<\/p>\n<p>&nbsp;<\/p>\n<p>&nbsp;<\/p>\n<p>&nbsp;<\/p>\n<p>&nbsp;<\/p>\n<p>&nbsp;<\/p>\n<p>&nbsp;<\/p>\n<p>&nbsp;<\/p>\n<p>&nbsp;<\/p>\n<p>&nbsp;<\/p>\n<p>&nbsp;<\/p>\n<p>&nbsp;<\/p>\n<p>&nbsp;<\/p>\n<p>&nbsp;<\/p>\n<p>&nbsp;<\/p>\n<p>&nbsp;<\/p>\n<p>&nbsp;<\/p>\n<p>&nbsp;<\/p>\n<p>&nbsp;<\/p>\n<p>&nbsp;<\/p>\n<p>&nbsp;<\/p>\n<p>&nbsp;<\/p>\n<p>&nbsp;<\/p>\n<p>&nbsp;<\/p>\n<p>&nbsp;<\/p>\n<p>&nbsp;<\/p>\n<p>&nbsp;<\/p>\n<p>&nbsp;<\/p>\n<p>&nbsp;<\/p>\n<p>&nbsp;<\/p>\n<p>&nbsp;<\/p>\n<p>&nbsp;<\/p>\n<p>&nbsp;<\/p>\n<p>&nbsp;<\/p>\n<p>&nbsp;<\/p>\n<p>&nbsp;<\/p>\n<p>&nbsp;<\/p>\n<p>&nbsp;<\/p>\n<p>&nbsp;<\/p>\n<p>&nbsp;<\/p>\n<p>&nbsp;<\/p>\n<p>&nbsp;<\/p>\n<p>&nbsp;<\/p>\n<p>&nbsp;<\/p>\n<p>&nbsp;<\/p>\n<p>&nbsp;<\/p>\n<p>&nbsp;<\/p>\n<p>&nbsp;<\/p>\n<p>&nbsp;<\/p>\n<p>&nbsp;<\/p>\n<p>&nbsp;<\/p>\n<p>&nbsp;<\/p>\n<p>&nbsp;<\/p>\n<p>&nbsp;<\/p>\n<p>&nbsp;<\/p>\n<p>&nbsp;<\/p>\n<p>&nbsp;<\/p>\n<p>&nbsp;<\/p>\n<p>&nbsp;<\/p>\n<p>&nbsp;<\/p>\n<p>&nbsp;<\/p>\n<p>&nbsp;<\/p>\n<p>&nbsp;<\/p>\n<p>&nbsp;<\/p>\n<p>&nbsp;<\/p>\n<p>&nbsp;<\/p>\n<p>&nbsp;<\/p>\n<p>&nbsp;<\/p>\n<p>&nbsp;<\/p>\n<p>&nbsp;<\/p>\n<p>&nbsp;<\/p>\n<p>&nbsp;<\/p>\n<p>&nbsp;<\/p>\n<p>&nbsp;<\/p>\n<p>&nbsp;<\/p>\n<p>&nbsp;<\/p>\n<p>&nbsp;<\/p>\n<p>&nbsp;<\/p>\n<p>&nbsp;<\/p>\n<p>&nbsp;<\/p>\n<p>&nbsp;<\/p>\n<p>&nbsp;<\/p>\n<p>&nbsp;<\/p>\n<p>&nbsp;<\/p>\n<p>&nbsp;<\/p>\n<p>&nbsp;<\/p>\n<p>&nbsp;<\/p>","protected":false},"excerpt":{"rendered":"<ul>\n<li><strong>Item No:LG-0701A<\/strong><\/li>\n<li><strong>Material: Pl\u00e1stico<\/strong><\/li>\n<li><strong>Size:D13*H105.5MM<\/strong><\/li>\n<li><strong>Aplica\u00e7\u00f5es: Produtos de beleza<\/strong><\/li>\n<li><strong>MOQ: 12.000 unidades<\/strong><\/li>\n<li><strong>Cor: cor personalizada<\/strong><\/li>\n<li><strong>Tratamento de superf\u00edcie: Inje\u00e7\u00e3o\/Matte\/Metaliza\u00e7\u00e3o\/Revestimento UV<\/strong><\/li>\n<li><strong>Nome da marca: OEM\/ODM<\/strong><\/li>\n<li><strong>Logotipo: Logotipo do cliente<\/strong><\/li>\n<li><strong>Capacidade de fornecimento: 100.000 pe\u00e7as por m\u00eas<\/strong><\/li>\n<\/ul>","protected":false},"featured_media":10978,"template":"","meta":{"_acf_changed":false},"product_brand":[],"product_cat":[372],"product_tag":[447,388],"class_list":{"0":"post-10973","1":"product","2":"type-product","3":"status-publish","4":"has-post-thumbnail","6":"product_cat-lipgloss-tube","7":"product_tag-lip-gel-tube","8":"product_tag-lip-gloss-tube","10":"first","11":"instock","12":"shipping-taxable","13":"product-type-simple"},"acf":[],"yoast_head":"<!-- This site is optimized with the Yoast SEO plugin v24.1 - https:\/\/yoast.com\/wordpress\/plugins\/seo\/ -->\n<title>Clear PETG Lip Gloss Tubes With Silver Cap<\/title>\n<meta name=\"description\" content=\"This empty lip gel container 6ml features a sleek design and a built-in rubber applicator for an effortless, mess-free application.\" \/>\n<meta name=\"robots\" content=\"index, follow, max-snippet:-1, max-image-preview:large, max-video-preview:-1\" \/>\n<link rel=\"canonical\" href=\"https:\/\/www.alovey.com\/pt\/produto\/clear-petg-lip-gloss-tubes-with-silver-cap\/\" \/>\n<meta property=\"og:locale\" content=\"pt_BR\" \/>\n<meta property=\"og:type\" content=\"article\" \/>\n<meta property=\"og:title\" content=\"Clear PETG Lip Gloss Tubes With Silver Cap\" \/>\n<meta property=\"og:description\" content=\"This empty lip gel container 6ml features a sleek design and a built-in rubber applicator for an effortless, mess-free application.\" \/>\n<meta property=\"og:url\" content=\"https:\/\/www.alovey.com\/pt\/produto\/clear-petg-lip-gloss-tubes-with-silver-cap\/\" \/>\n<meta property=\"og:site_name\" content=\"Best Cosmetic Packaging Manufacture\" \/>\n<meta property=\"article:modified_time\" content=\"2025-07-21T02:52:03+00:00\" \/>\n<meta property=\"og:image\" content=\"https:\/\/www.alovey.com\/wp-content\/uploads\/2025\/07\/Clear-PETG-Lip-Gloss-Tubes-With-Silver-Cap-8.jpg\" \/>\n\t<meta property=\"og:image:width\" content=\"750\" \/>\n\t<meta property=\"og:image:height\" content=\"750\" \/>\n\t<meta property=\"og:image:type\" content=\"image\/jpeg\" \/>\n<meta name=\"twitter:card\" content=\"summary_large_image\" \/>\n<meta name=\"twitter:label1\" content=\"Est. tempo de leitura\" \/>\n\t<meta name=\"twitter:data1\" content=\"3 minutos\" \/>\n<script type=\"application\/ld+json\" class=\"yoast-schema-graph\">{\"@context\":\"https:\/\/schema.org\",\"@graph\":[{\"@type\":\"WebPage\",\"@id\":\"https:\/\/www.alovey.com\/product\/clear-petg-lip-gloss-tubes-with-silver-cap\/\",\"url\":\"https:\/\/www.alovey.com\/product\/clear-petg-lip-gloss-tubes-with-silver-cap\/\",\"name\":\"Clear PETG Lip Gloss Tubes With Silver Cap\",\"isPartOf\":{\"@id\":\"https:\/\/www.alovey.com\/#website\"},\"primaryImageOfPage\":{\"@id\":\"https:\/\/www.alovey.com\/product\/clear-petg-lip-gloss-tubes-with-silver-cap\/#primaryimage\"},\"image\":{\"@id\":\"https:\/\/www.alovey.com\/product\/clear-petg-lip-gloss-tubes-with-silver-cap\/#primaryimage\"},\"thumbnailUrl\":\"https:\/\/www.alovey.com\/wp-content\/uploads\/2025\/07\/Clear-PETG-Lip-Gloss-Tubes-With-Silver-Cap-8.jpg\",\"datePublished\":\"2025-07-21T02:39:52+00:00\",\"dateModified\":\"2025-07-21T02:52:03+00:00\",\"description\":\"This empty lip gel container 6ml features a sleek design and a built-in rubber applicator for an effortless, mess-free application.\",\"breadcrumb\":{\"@id\":\"https:\/\/www.alovey.com\/product\/clear-petg-lip-gloss-tubes-with-silver-cap\/#breadcrumb\"},\"inLanguage\":\"pt-BR\",\"potentialAction\":[{\"@type\":\"ReadAction\",\"target\":[\"https:\/\/www.alovey.com\/product\/clear-petg-lip-gloss-tubes-with-silver-cap\/\"]}]},{\"@type\":\"ImageObject\",\"inLanguage\":\"pt-BR\",\"@id\":\"https:\/\/www.alovey.com\/product\/clear-petg-lip-gloss-tubes-with-silver-cap\/#primaryimage\",\"url\":\"https:\/\/www.alovey.com\/wp-content\/uploads\/2025\/07\/Clear-PETG-Lip-Gloss-Tubes-With-Silver-Cap-8.jpg\",\"contentUrl\":\"https:\/\/www.alovey.com\/wp-content\/uploads\/2025\/07\/Clear-PETG-Lip-Gloss-Tubes-With-Silver-Cap-8.jpg\",\"width\":750,\"height\":750,\"caption\":\"Clear PETG Lip Gloss Tubes With Silver Cap\"},{\"@type\":\"BreadcrumbList\",\"@id\":\"https:\/\/www.alovey.com\/product\/clear-petg-lip-gloss-tubes-with-silver-cap\/#breadcrumb\",\"itemListElement\":[{\"@type\":\"ListItem\",\"position\":1,\"name\":\"\u9996\u9875\",\"item\":\"https:\/\/www.alovey.com\/\"},{\"@type\":\"ListItem\",\"position\":2,\"name\":\"Products\",\"item\":\"https:\/\/www.alovey.com\/products\/\"},{\"@type\":\"ListItem\",\"position\":3,\"name\":\"Clear PETG Lip Gloss Tubes With Silver Cap\"}]},{\"@type\":\"WebSite\",\"@id\":\"https:\/\/www.alovey.com\/#website\",\"url\":\"https:\/\/www.alovey.com\/\",\"name\":\"Best Cosmetic Packaging Manufacture\",\"description\":\"Alovey Cosmetic Packaging Co.,Ltd\",\"publisher\":{\"@id\":\"https:\/\/www.alovey.com\/#organization\"},\"potentialAction\":[{\"@type\":\"SearchAction\",\"target\":{\"@type\":\"EntryPoint\",\"urlTemplate\":\"https:\/\/www.alovey.com\/?s={search_term_string}\"},\"query-input\":{\"@type\":\"PropertyValueSpecification\",\"valueRequired\":true,\"valueName\":\"search_term_string\"}}],\"inLanguage\":\"pt-BR\"},{\"@type\":\"Organization\",\"@id\":\"https:\/\/www.alovey.com\/#organization\",\"name\":\"Best Cosmetic Packaging Manufacture\",\"url\":\"https:\/\/www.alovey.com\/\",\"logo\":{\"@type\":\"ImageObject\",\"inLanguage\":\"pt-BR\",\"@id\":\"https:\/\/www.alovey.com\/#\/schema\/logo\/image\/\",\"url\":\"https:\/\/www.alovey.com\/wp-content\/uploads\/2023\/03\/logo.png\",\"contentUrl\":\"https:\/\/www.alovey.com\/wp-content\/uploads\/2023\/03\/logo.png\",\"width\":505,\"height\":180,\"caption\":\"Best  Cosmetic Packaging Manufacture\"},\"image\":{\"@id\":\"https:\/\/www.alovey.com\/#\/schema\/logo\/image\/\"}}]}<\/script>\n<!-- \/ Yoast SEO plugin. -->","yoast_head_json":{"title":"Tubos de brilho labial em PETG transparente com tampa prateada","description":"This empty lip gel container 6ml features a sleek design and a built-in rubber applicator for an effortless, mess-free application.","robots":{"index":"index","follow":"follow","max-snippet":"max-snippet:-1","max-image-preview":"max-image-preview:large","max-video-preview":"max-video-preview:-1"},"canonical":"https:\/\/www.alovey.com\/pt\/produto\/clear-petg-lip-gloss-tubes-with-silver-cap\/","og_locale":"pt_BR","og_type":"article","og_title":"Clear PETG Lip Gloss Tubes With Silver Cap","og_description":"This empty lip gel container 6ml features a sleek design and a built-in rubber applicator for an effortless, mess-free application.","og_url":"https:\/\/www.alovey.com\/pt\/produto\/clear-petg-lip-gloss-tubes-with-silver-cap\/","og_site_name":"Best Cosmetic Packaging Manufacture","article_modified_time":"2025-07-21T02:52:03+00:00","og_image":[{"width":750,"height":750,"url":"https:\/\/www.alovey.com\/wp-content\/uploads\/2025\/07\/Clear-PETG-Lip-Gloss-Tubes-With-Silver-Cap-8.jpg","type":"image\/jpeg"}],"twitter_card":"summary_large_image","twitter_misc":{"Est. tempo de leitura":"3 minutos"},"schema":{"@context":"https:\/\/schema.org","@graph":[{"@type":"WebPage","@id":"https:\/\/www.alovey.com\/product\/clear-petg-lip-gloss-tubes-with-silver-cap\/","url":"https:\/\/www.alovey.com\/product\/clear-petg-lip-gloss-tubes-with-silver-cap\/","name":"Tubos de brilho labial em PETG transparente com tampa prateada","isPartOf":{"@id":"https:\/\/www.alovey.com\/#website"},"primaryImageOfPage":{"@id":"https:\/\/www.alovey.com\/product\/clear-petg-lip-gloss-tubes-with-silver-cap\/#primaryimage"},"image":{"@id":"https:\/\/www.alovey.com\/product\/clear-petg-lip-gloss-tubes-with-silver-cap\/#primaryimage"},"thumbnailUrl":"https:\/\/www.alovey.com\/wp-content\/uploads\/2025\/07\/Clear-PETG-Lip-Gloss-Tubes-With-Silver-Cap-8.jpg","datePublished":"2025-07-21T02:39:52+00:00","dateModified":"2025-07-21T02:52:03+00:00","description":"This empty lip gel container 6ml features a sleek design and a built-in rubber applicator for an effortless, mess-free application.","breadcrumb":{"@id":"https:\/\/www.alovey.com\/product\/clear-petg-lip-gloss-tubes-with-silver-cap\/#breadcrumb"},"inLanguage":"pt-BR","potentialAction":[{"@type":"ReadAction","target":["https:\/\/www.alovey.com\/product\/clear-petg-lip-gloss-tubes-with-silver-cap\/"]}]},{"@type":"ImageObject","inLanguage":"pt-BR","@id":"https:\/\/www.alovey.com\/product\/clear-petg-lip-gloss-tubes-with-silver-cap\/#primaryimage","url":"https:\/\/www.alovey.com\/wp-content\/uploads\/2025\/07\/Clear-PETG-Lip-Gloss-Tubes-With-Silver-Cap-8.jpg","contentUrl":"https:\/\/www.alovey.com\/wp-content\/uploads\/2025\/07\/Clear-PETG-Lip-Gloss-Tubes-With-Silver-Cap-8.jpg","width":750,"height":750,"caption":"Clear PETG Lip Gloss Tubes With Silver Cap"},{"@type":"BreadcrumbList","@id":"https:\/\/www.alovey.com\/product\/clear-petg-lip-gloss-tubes-with-silver-cap\/#breadcrumb","itemListElement":[{"@type":"ListItem","position":1,"name":"\u9996\u9875","item":"https:\/\/www.alovey.com\/"},{"@type":"ListItem","position":2,"name":"Products","item":"https:\/\/www.alovey.com\/products\/"},{"@type":"ListItem","position":3,"name":"Clear PETG Lip Gloss Tubes With Silver Cap"}]},{"@type":"WebSite","@id":"https:\/\/www.alovey.com\/#website","url":"https:\/\/www.alovey.com\/","name":"Best Cosmetic Packaging Manufacture","description":"Alovey Cosmetic Packaging Co.,Ltd","publisher":{"@id":"https:\/\/www.alovey.com\/#organization"},"potentialAction":[{"@type":"SearchAction","target":{"@type":"EntryPoint","urlTemplate":"https:\/\/www.alovey.com\/?s={search_term_string}"},"query-input":{"@type":"PropertyValueSpecification","valueRequired":true,"valueName":"search_term_string"}}],"inLanguage":"pt-BR"},{"@type":"Organization","@id":"https:\/\/www.alovey.com\/#organization","name":"Best Cosmetic Packaging Manufacture","url":"https:\/\/www.alovey.com\/","logo":{"@type":"ImageObject","inLanguage":"pt-BR","@id":"https:\/\/www.alovey.com\/#\/schema\/logo\/image\/","url":"https:\/\/www.alovey.com\/wp-content\/uploads\/2023\/03\/logo.png","contentUrl":"https:\/\/www.alovey.com\/wp-content\/uploads\/2023\/03\/logo.png","width":505,"height":180,"caption":"Best  Cosmetic Packaging Manufacture"},"image":{"@id":"https:\/\/www.alovey.com\/#\/schema\/logo\/image\/"}}]}},"_links":{"self":[{"href":"https:\/\/www.alovey.com\/pt\/wp-json\/wp\/v2\/product\/10973"}],"collection":[{"href":"https:\/\/www.alovey.com\/pt\/wp-json\/wp\/v2\/product"}],"about":[{"href":"https:\/\/www.alovey.com\/pt\/wp-json\/wp\/v2\/types\/product"}],"wp:featuredmedia":[{"embeddable":true,"href":"https:\/\/www.alovey.com\/pt\/wp-json\/wp\/v2\/media\/10978"}],"wp:attachment":[{"href":"https:\/\/www.alovey.com\/pt\/wp-json\/wp\/v2\/media?parent=10973"}],"wp:term":[{"taxonomy":"product_brand","embeddable":true,"href":"https:\/\/www.alovey.com\/pt\/wp-json\/wp\/v2\/product_brand?post=10973"},{"taxonomy":"product_cat","embeddable":true,"href":"https:\/\/www.alovey.com\/pt\/wp-json\/wp\/v2\/product_cat?post=10973"},{"taxonomy":"product_tag","embeddable":true,"href":"https:\/\/www.alovey.com\/pt\/wp-json\/wp\/v2\/product_tag?post=10973"}],"curies":[{"name":"wp","href":"https:\/\/api.w.org\/{rel}","templated":true}]}}