{"id":10717,"date":"2025-06-11T03:35:42","date_gmt":"2025-06-11T03:35:42","guid":{"rendered":"https:\/\/www.alovey.com\/?post_type=product&#038;p=10717"},"modified":"2025-06-11T03:43:31","modified_gmt":"2025-06-11T03:43:31","slug":"best-airtight-stick-tube-for-lipstick","status":"publish","type":"product","link":"https:\/\/www.alovey.com\/pt\/produto\/best-airtight-stick-tube-for-lipstick\/","title":{"rendered":"Best airtight stick tube for lipstick"},"content":{"rendered":"<p><strong>This airtight stick tube\u00a0features a precision flat mechanism\u00a0and delivers advanced airtight sealing capability\u00a0(subject to airtight stick testing), making it a reliable choice for brands focused on formula protection and performance.<\/strong><\/p>\n<p><strong>Product Highlights:<\/strong><\/p>\n<p><strong>Airtight Sealing: Designed to maintain formula stability and extend shelf life, especially for long-wearing, waterproof, or sensitive formulations.<\/strong><\/p>\n<p><strong>Multi-Purpose Use: Ideal for lipstick, concealer, or color corrector\u00a0sticks.<\/strong><\/p>\n<p><strong>This airtight stick tube is the perfect fusion of form, function, and formula integrity, helping beauty brands deliver high-performance products in sleek, consumer-friendly packaging<\/strong><\/p>\n<p><strong>A Alovey, como fabricante profissional chinesa de embalagens para cosm\u00e9ticos, produz uma linha requintada de embalagens personalizadas para cosm\u00e9ticos, meticulosamente elaboradas para elevar sua marca. Nossa sele\u00e7\u00e3o diversificada de materiais premium, combinada com t\u00e9cnicas delicadas de acabamento de superf\u00edcie, como impress\u00e3o em tela de seda, hot stamping e pulveriza\u00e7\u00e3o fosca, garante que cada embalagem seja uma obra-prima exclusiva.<\/strong><\/p>\n<p><img fetchpriority=\"high\" decoding=\"async\" class=\"size-full wp-image-10709\" src=\"https:\/\/www.alovey.com\/wp-content\/uploads\/2025\/06\/Best-airtight-stick-tube-for-lipstick-5.jpg\" alt=\"airtight stick tube\" width=\"750\" height=\"750\" srcset=\"https:\/\/www.alovey.com\/wp-content\/uploads\/2025\/06\/Best-airtight-stick-tube-for-lipstick-5.jpg 750w, https:\/\/www.alovey.com\/wp-content\/uploads\/2025\/06\/Best-airtight-stick-tube-for-lipstick-5-300x300.jpg 300w, https:\/\/www.alovey.com\/wp-content\/uploads\/2025\/06\/Best-airtight-stick-tube-for-lipstick-5-150x150.jpg 150w, https:\/\/www.alovey.com\/wp-content\/uploads\/2025\/06\/Best-airtight-stick-tube-for-lipstick-5-600x600.jpg 600w, https:\/\/www.alovey.com\/wp-content\/uploads\/2025\/06\/Best-airtight-stick-tube-for-lipstick-5-100x100.jpg 100w\" sizes=\"(max-width: 750px) 100vw, 750px\" \/><\/p>\n<p><img decoding=\"async\" class=\"size-full wp-image-10708\" src=\"https:\/\/www.alovey.com\/wp-content\/uploads\/2025\/06\/Best-airtight-stick-tube-for-lipstick-4.jpg\" alt=\"airtight stick tube\" width=\"750\" height=\"750\" srcset=\"https:\/\/www.alovey.com\/wp-content\/uploads\/2025\/06\/Best-airtight-stick-tube-for-lipstick-4.jpg 750w, https:\/\/www.alovey.com\/wp-content\/uploads\/2025\/06\/Best-airtight-stick-tube-for-lipstick-4-300x300.jpg 300w, https:\/\/www.alovey.com\/wp-content\/uploads\/2025\/06\/Best-airtight-stick-tube-for-lipstick-4-150x150.jpg 150w, https:\/\/www.alovey.com\/wp-content\/uploads\/2025\/06\/Best-airtight-stick-tube-for-lipstick-4-600x600.jpg 600w, https:\/\/www.alovey.com\/wp-content\/uploads\/2025\/06\/Best-airtight-stick-tube-for-lipstick-4-100x100.jpg 100w\" sizes=\"(max-width: 750px) 100vw, 750px\" \/><\/p>\n<p><img decoding=\"async\" class=\"size-full wp-image-10707\" src=\"https:\/\/www.alovey.com\/wp-content\/uploads\/2025\/06\/Best-airtight-stick-tube-for-lipstick-3.jpg\" alt=\"airtight stick tube\" width=\"750\" height=\"750\" srcset=\"https:\/\/www.alovey.com\/wp-content\/uploads\/2025\/06\/Best-airtight-stick-tube-for-lipstick-3.jpg 750w, https:\/\/www.alovey.com\/wp-content\/uploads\/2025\/06\/Best-airtight-stick-tube-for-lipstick-3-300x300.jpg 300w, https:\/\/www.alovey.com\/wp-content\/uploads\/2025\/06\/Best-airtight-stick-tube-for-lipstick-3-150x150.jpg 150w, https:\/\/www.alovey.com\/wp-content\/uploads\/2025\/06\/Best-airtight-stick-tube-for-lipstick-3-600x600.jpg 600w, https:\/\/www.alovey.com\/wp-content\/uploads\/2025\/06\/Best-airtight-stick-tube-for-lipstick-3-100x100.jpg 100w\" sizes=\"(max-width: 750px) 100vw, 750px\" \/><\/p>\n<p><img loading=\"lazy\" decoding=\"async\" class=\"size-full wp-image-10706\" src=\"https:\/\/www.alovey.com\/wp-content\/uploads\/2025\/06\/Best-airtight-stick-tube-for-lipstick-2.jpg\" alt=\"airtight stick tube\" width=\"750\" height=\"750\" srcset=\"https:\/\/www.alovey.com\/wp-content\/uploads\/2025\/06\/Best-airtight-stick-tube-for-lipstick-2.jpg 750w, https:\/\/www.alovey.com\/wp-content\/uploads\/2025\/06\/Best-airtight-stick-tube-for-lipstick-2-300x300.jpg 300w, https:\/\/www.alovey.com\/wp-content\/uploads\/2025\/06\/Best-airtight-stick-tube-for-lipstick-2-150x150.jpg 150w, https:\/\/www.alovey.com\/wp-content\/uploads\/2025\/06\/Best-airtight-stick-tube-for-lipstick-2-600x600.jpg 600w, https:\/\/www.alovey.com\/wp-content\/uploads\/2025\/06\/Best-airtight-stick-tube-for-lipstick-2-100x100.jpg 100w\" sizes=\"(max-width: 750px) 100vw, 750px\" \/><\/p>\n<p><img loading=\"lazy\" decoding=\"async\" class=\"size-full wp-image-10705\" src=\"https:\/\/www.alovey.com\/wp-content\/uploads\/2025\/06\/Best-airtight-stick-tube-for-lipstick-1.jpg\" alt=\"airtight stick tube\" width=\"750\" height=\"750\" srcset=\"https:\/\/www.alovey.com\/wp-content\/uploads\/2025\/06\/Best-airtight-stick-tube-for-lipstick-1.jpg 750w, https:\/\/www.alovey.com\/wp-content\/uploads\/2025\/06\/Best-airtight-stick-tube-for-lipstick-1-300x300.jpg 300w, https:\/\/www.alovey.com\/wp-content\/uploads\/2025\/06\/Best-airtight-stick-tube-for-lipstick-1-150x150.jpg 150w, https:\/\/www.alovey.com\/wp-content\/uploads\/2025\/06\/Best-airtight-stick-tube-for-lipstick-1-600x600.jpg 600w, https:\/\/www.alovey.com\/wp-content\/uploads\/2025\/06\/Best-airtight-stick-tube-for-lipstick-1-100x100.jpg 100w\" sizes=\"(max-width: 750px) 100vw, 750px\" \/><\/p>\n<p><img loading=\"lazy\" decoding=\"async\" class=\"size-full wp-image-10704\" src=\"https:\/\/www.alovey.com\/wp-content\/uploads\/2025\/06\/Best-airtight-stick-tube-for-lipstick-6.jpg\" alt=\"airtight stick tube\" width=\"750\" height=\"750\" srcset=\"https:\/\/www.alovey.com\/wp-content\/uploads\/2025\/06\/Best-airtight-stick-tube-for-lipstick-6.jpg 750w, https:\/\/www.alovey.com\/wp-content\/uploads\/2025\/06\/Best-airtight-stick-tube-for-lipstick-6-300x300.jpg 300w, https:\/\/www.alovey.com\/wp-content\/uploads\/2025\/06\/Best-airtight-stick-tube-for-lipstick-6-150x150.jpg 150w, https:\/\/www.alovey.com\/wp-content\/uploads\/2025\/06\/Best-airtight-stick-tube-for-lipstick-6-600x600.jpg 600w, https:\/\/www.alovey.com\/wp-content\/uploads\/2025\/06\/Best-airtight-stick-tube-for-lipstick-6-100x100.jpg 100w\" sizes=\"(max-width: 750px) 100vw, 750px\" \/><\/p>\n<p>&nbsp;<\/p>\n<p>&nbsp;<\/p>\n<p>&nbsp;<\/p>\n<p>&nbsp;<\/p>\n<p>&nbsp;<\/p>\n<p>&nbsp;<\/p>\n<p>&nbsp;<\/p>\n<p>&nbsp;<\/p>\n<p>&nbsp;<\/p>\n<p>&nbsp;<\/p>\n<p>&nbsp;<\/p>\n<p>&nbsp;<\/p>\n<p>&nbsp;<\/p>\n<p>&nbsp;<\/p>\n<p>&nbsp;<\/p>\n<p>&nbsp;<\/p>\n<p>&nbsp;<\/p>\n<p>&nbsp;<\/p>\n<p>&nbsp;<\/p>\n<p>&nbsp;<\/p>\n<p>&nbsp;<\/p>\n<p>&nbsp;<\/p>\n<p>&nbsp;<\/p>\n<p>&nbsp;<\/p>\n<p>&nbsp;<\/p>\n<p>&nbsp;<\/p>\n<p>&nbsp;<\/p>\n<p>&nbsp;<\/p>\n<p>&nbsp;<\/p>\n<p>&nbsp;<\/p>\n<p>&nbsp;<\/p>\n<p>&nbsp;<\/p>\n<p>&nbsp;<\/p>\n<p>&nbsp;<\/p>\n<p>&nbsp;<\/p>\n<p>&nbsp;<\/p>\n<p>&nbsp;<\/p>\n<p>&nbsp;<\/p>\n<p>&nbsp;<\/p>\n<p>&nbsp;<\/p>\n<p>&nbsp;<\/p>\n<p>&nbsp;<\/p>\n<p>&nbsp;<\/p>\n<p>&nbsp;<\/p>\n<p>&nbsp;<\/p>\n<p>&nbsp;<\/p>\n<p>&nbsp;<\/p>\n<p>&nbsp;<\/p>\n<p>&nbsp;<\/p>\n<p>&nbsp;<\/p>\n<p>&nbsp;<\/p>\n<p>&nbsp;<\/p>\n<p>&nbsp;<\/p>\n<p>&nbsp;<\/p>\n<p>&nbsp;<\/p>\n<p>&nbsp;<\/p>\n<p>&nbsp;<\/p>\n<p>&nbsp;<\/p>\n<p>&nbsp;<\/p>\n<p>&nbsp;<\/p>\n<p>&nbsp;<\/p>\n<p>&nbsp;<\/p>\n<p>&nbsp;<\/p>\n<p>&nbsp;<\/p>\n<p>&nbsp;<\/p>\n<p>&nbsp;<\/p>\n<p>&nbsp;<\/p>\n<p>&nbsp;<\/p>\n<p>&nbsp;<\/p>\n<p>&nbsp;<\/p>\n<p>&nbsp;<\/p>\n<p>&nbsp;<\/p>\n<p>&nbsp;<\/p>\n<p>&nbsp;<\/p>\n<p>&nbsp;<\/p>\n<p>&nbsp;<\/p>\n<p>&nbsp;<\/p>\n<p>&nbsp;<\/p>\n<p>&nbsp;<\/p>\n<p>&nbsp;<\/p>\n<p>&nbsp;<\/p>\n<p>&nbsp;<\/p>\n<p>&nbsp;<\/p>\n<p>&nbsp;<\/p>\n<p>&nbsp;<\/p>\n<p>&nbsp;<\/p>\n<p>&nbsp;<\/p>\n<p>&nbsp;<\/p>\n<p>&nbsp;<\/p>\n<p>&nbsp;<\/p>\n<p>&nbsp;<\/p>\n<p>&nbsp;<\/p>\n<p>&nbsp;<\/p>\n<p>&nbsp;<\/p>\n<p>&nbsp;<\/p>\n<p>&nbsp;<\/p>\n<p>&nbsp;<\/p>\n<p>&nbsp;<\/p>\n<p>&nbsp;<\/p>\n<p>&nbsp;<\/p>\n<p>&nbsp;<\/p>\n<p>&nbsp;<\/p>\n<p>&nbsp;<\/p>\n<p>&nbsp;<\/p>\n<p>&nbsp;<\/p>\n<p>&nbsp;<\/p>\n<p>&nbsp;<\/p>\n<p>&nbsp;<\/p>\n<p>&nbsp;<\/p>\n<p>&nbsp;<\/p>\n<p>&nbsp;<\/p>\n<p>&nbsp;<\/p>\n<p>&nbsp;<\/p>\n<p>&nbsp;<\/p>\n<p>&nbsp;<\/p>\n<p>&nbsp;<\/p>\n<p>&nbsp;<\/p>\n<p>&nbsp;<\/p>\n<p>&nbsp;<\/p>\n<p>&nbsp;<\/p>\n<p>&nbsp;<\/p>\n<p>&nbsp;<\/p>\n<p>&nbsp;<\/p>\n<p>&nbsp;<\/p>\n<p>&nbsp;<\/p>\n<p>&nbsp;<\/p>\n<p>&nbsp;<\/p>\n<p>&nbsp;<\/p>\n<p>&nbsp;<\/p>\n<p>&nbsp;<\/p>\n<p>&nbsp;<\/p>\n<p>&nbsp;<\/p>\n<p>&nbsp;<\/p>\n<p>&nbsp;<\/p>\n<p>&nbsp;<\/p>\n<p>&nbsp;<\/p>\n<p>&nbsp;<\/p>\n<p>&nbsp;<\/p>\n<p>&nbsp;<\/p>\n<p>&nbsp;<\/p>\n<p>&nbsp;<\/p>\n<p>&nbsp;<\/p>\n<p>&nbsp;<\/p>\n<p>&nbsp;<\/p>\n<p>&nbsp;<\/p>\n<p>&nbsp;<\/p>\n<p>&nbsp;<\/p>\n<p>&nbsp;<\/p>\n<p>&nbsp;<\/p>\n<p>&nbsp;<\/p>\n<p>&nbsp;<\/p>\n<p>&nbsp;<\/p>\n<p>&nbsp;<\/p>\n<p>&nbsp;<\/p>\n<p>&nbsp;<\/p>\n<p>&nbsp;<\/p>\n<p>&nbsp;<\/p>\n<p>&nbsp;<\/p>\n<p>&nbsp;<\/p>\n<p>&nbsp;<\/p>\n<p>&nbsp;<\/p>\n<p>&nbsp;<\/p>\n<p>&nbsp;<\/p>\n<p>&nbsp;<\/p>\n<p>&nbsp;<\/p>\n<p>&nbsp;<\/p>\n<p>&nbsp;<\/p>\n<p>&nbsp;<\/p>\n<p>&nbsp;<\/p>\n<p>&nbsp;<\/p>\n<p>&nbsp;<\/p>\n<p>&nbsp;<\/p>\n<p>&nbsp;<\/p>\n<p>&nbsp;<\/p>\n<p>&nbsp;<\/p>\n<p>&nbsp;<\/p>\n<p>&nbsp;<\/p>\n<p>&nbsp;<\/p>\n<p>&nbsp;<\/p>\n<p>&nbsp;<\/p>\n<p>&nbsp;<\/p>\n<p>&nbsp;<\/p>","protected":false},"excerpt":{"rendered":"<ul>\n<li>Item No:LS-0335A<\/li>\n<li>Material: Pl\u00e1stico<\/li>\n<li>Size:D24*H78MM<\/li>\n<li>Aplica\u00e7\u00f5es: Produtos de beleza<\/li>\n<li>MOQ: 12.000 unidades<\/li>\n<li>Cor: cor personalizada<\/li>\n<li>Tratamento de superf\u00edcie: Inje\u00e7\u00e3o\/Matte\/Metaliza\u00e7\u00e3o\/Revestimento UV<\/li>\n<li>Nome da marca: OEM\/ODM<\/li>\n<li>Logotipo: Logotipo do cliente<\/li>\n<li>Capacidade de fornecimento: 100.000 pe\u00e7as por m\u00eas<\/li>\n<\/ul>","protected":false},"featured_media":10721,"template":"","meta":{"_acf_changed":false},"product_brand":[],"product_cat":[373],"product_tag":[445,389],"class_list":{"0":"post-10717","1":"product","2":"type-product","3":"status-publish","4":"has-post-thumbnail","6":"product_cat-professional-lipstick-tube-supplier","7":"product_tag-airtight-lipstick-tube","8":"product_tag-lip-stick-tube","10":"first","11":"instock","12":"shipping-taxable","13":"product-type-simple"},"acf":[],"yoast_head":"<!-- This site is optimized with the Yoast SEO plugin v24.1 - https:\/\/yoast.com\/wordpress\/plugins\/seo\/ -->\n<title>Best airtight stick tube for lipstick airtight stick tube<\/title>\n<meta name=\"description\" content=\"This airtight stick tube features a precision flat mechanism and delivers advanced airtight sealing capability (subject to airtight stick testing), making it a reliable choice for brands focused on formula protection and performance.\" \/>\n<meta name=\"robots\" content=\"index, follow, max-snippet:-1, max-image-preview:large, max-video-preview:-1\" \/>\n<link rel=\"canonical\" href=\"https:\/\/www.alovey.com\/pt\/produto\/best-airtight-stick-tube-for-lipstick\/\" \/>\n<meta property=\"og:locale\" content=\"pt_BR\" \/>\n<meta property=\"og:type\" content=\"article\" \/>\n<meta property=\"og:title\" content=\"Best airtight stick tube for lipstick airtight stick tube\" \/>\n<meta property=\"og:description\" content=\"This airtight stick tube features a precision flat mechanism and delivers advanced airtight sealing capability (subject to airtight stick testing), making it a reliable choice for brands focused on formula protection and performance.\" \/>\n<meta property=\"og:url\" content=\"https:\/\/www.alovey.com\/pt\/produto\/best-airtight-stick-tube-for-lipstick\/\" \/>\n<meta property=\"og:site_name\" content=\"Best Cosmetic Packaging Manufacture\" \/>\n<meta property=\"article:modified_time\" content=\"2025-06-11T03:43:31+00:00\" \/>\n<meta property=\"og:image\" content=\"https:\/\/www.alovey.com\/wp-content\/uploads\/2025\/06\/Best-airtight-stick-tube-for-lipstick-2-1.jpg\" \/>\n\t<meta property=\"og:image:width\" content=\"750\" \/>\n\t<meta property=\"og:image:height\" content=\"750\" \/>\n\t<meta property=\"og:image:type\" content=\"image\/jpeg\" \/>\n<meta name=\"twitter:card\" content=\"summary_large_image\" \/>\n<meta name=\"twitter:label1\" content=\"Est. tempo de leitura\" \/>\n\t<meta name=\"twitter:data1\" content=\"2 minutos\" \/>\n<script type=\"application\/ld+json\" class=\"yoast-schema-graph\">{\"@context\":\"https:\/\/schema.org\",\"@graph\":[{\"@type\":\"WebPage\",\"@id\":\"https:\/\/www.alovey.com\/product\/best-airtight-stick-tube-for-lipstick\/\",\"url\":\"https:\/\/www.alovey.com\/product\/best-airtight-stick-tube-for-lipstick\/\",\"name\":\"Best airtight stick tube for lipstick airtight stick tube\",\"isPartOf\":{\"@id\":\"https:\/\/www.alovey.com\/#website\"},\"primaryImageOfPage\":{\"@id\":\"https:\/\/www.alovey.com\/product\/best-airtight-stick-tube-for-lipstick\/#primaryimage\"},\"image\":{\"@id\":\"https:\/\/www.alovey.com\/product\/best-airtight-stick-tube-for-lipstick\/#primaryimage\"},\"thumbnailUrl\":\"https:\/\/www.alovey.com\/wp-content\/uploads\/2025\/06\/Best-airtight-stick-tube-for-lipstick-2-1.jpg\",\"datePublished\":\"2025-06-11T03:35:42+00:00\",\"dateModified\":\"2025-06-11T03:43:31+00:00\",\"description\":\"This airtight stick tube features a precision flat mechanism and delivers advanced airtight sealing capability (subject to airtight stick testing), making it a reliable choice for brands focused on formula protection and performance.\",\"breadcrumb\":{\"@id\":\"https:\/\/www.alovey.com\/product\/best-airtight-stick-tube-for-lipstick\/#breadcrumb\"},\"inLanguage\":\"pt-BR\",\"potentialAction\":[{\"@type\":\"ReadAction\",\"target\":[\"https:\/\/www.alovey.com\/product\/best-airtight-stick-tube-for-lipstick\/\"]}]},{\"@type\":\"ImageObject\",\"inLanguage\":\"pt-BR\",\"@id\":\"https:\/\/www.alovey.com\/product\/best-airtight-stick-tube-for-lipstick\/#primaryimage\",\"url\":\"https:\/\/www.alovey.com\/wp-content\/uploads\/2025\/06\/Best-airtight-stick-tube-for-lipstick-2-1.jpg\",\"contentUrl\":\"https:\/\/www.alovey.com\/wp-content\/uploads\/2025\/06\/Best-airtight-stick-tube-for-lipstick-2-1.jpg\",\"width\":750,\"height\":750},{\"@type\":\"BreadcrumbList\",\"@id\":\"https:\/\/www.alovey.com\/product\/best-airtight-stick-tube-for-lipstick\/#breadcrumb\",\"itemListElement\":[{\"@type\":\"ListItem\",\"position\":1,\"name\":\"\u9996\u9875\",\"item\":\"https:\/\/www.alovey.com\/\"},{\"@type\":\"ListItem\",\"position\":2,\"name\":\"Products\",\"item\":\"https:\/\/www.alovey.com\/products\/\"},{\"@type\":\"ListItem\",\"position\":3,\"name\":\"Best airtight stick tube for lipstick\"}]},{\"@type\":\"WebSite\",\"@id\":\"https:\/\/www.alovey.com\/#website\",\"url\":\"https:\/\/www.alovey.com\/\",\"name\":\"Best Cosmetic Packaging Manufacture\",\"description\":\"Alovey Cosmetic Packaging Co.,Ltd\",\"publisher\":{\"@id\":\"https:\/\/www.alovey.com\/#organization\"},\"potentialAction\":[{\"@type\":\"SearchAction\",\"target\":{\"@type\":\"EntryPoint\",\"urlTemplate\":\"https:\/\/www.alovey.com\/?s={search_term_string}\"},\"query-input\":{\"@type\":\"PropertyValueSpecification\",\"valueRequired\":true,\"valueName\":\"search_term_string\"}}],\"inLanguage\":\"pt-BR\"},{\"@type\":\"Organization\",\"@id\":\"https:\/\/www.alovey.com\/#organization\",\"name\":\"Best Cosmetic Packaging Manufacture\",\"url\":\"https:\/\/www.alovey.com\/\",\"logo\":{\"@type\":\"ImageObject\",\"inLanguage\":\"pt-BR\",\"@id\":\"https:\/\/www.alovey.com\/#\/schema\/logo\/image\/\",\"url\":\"https:\/\/www.alovey.com\/wp-content\/uploads\/2023\/03\/logo.png\",\"contentUrl\":\"https:\/\/www.alovey.com\/wp-content\/uploads\/2023\/03\/logo.png\",\"width\":505,\"height\":180,\"caption\":\"Best  Cosmetic Packaging Manufacture\"},\"image\":{\"@id\":\"https:\/\/www.alovey.com\/#\/schema\/logo\/image\/\"}}]}<\/script>\n<!-- \/ Yoast SEO plugin. -->","yoast_head_json":{"title":"Best airtight stick tube for lipstick airtight stick tube","description":"This airtight stick tube features a precision flat mechanism and delivers advanced airtight sealing capability (subject to airtight stick testing), making it a reliable choice for brands focused on formula protection and performance.","robots":{"index":"index","follow":"follow","max-snippet":"max-snippet:-1","max-image-preview":"max-image-preview:large","max-video-preview":"max-video-preview:-1"},"canonical":"https:\/\/www.alovey.com\/pt\/produto\/best-airtight-stick-tube-for-lipstick\/","og_locale":"pt_BR","og_type":"article","og_title":"Best airtight stick tube for lipstick airtight stick tube","og_description":"This airtight stick tube features a precision flat mechanism and delivers advanced airtight sealing capability (subject to airtight stick testing), making it a reliable choice for brands focused on formula protection and performance.","og_url":"https:\/\/www.alovey.com\/pt\/produto\/best-airtight-stick-tube-for-lipstick\/","og_site_name":"Best Cosmetic Packaging Manufacture","article_modified_time":"2025-06-11T03:43:31+00:00","og_image":[{"width":750,"height":750,"url":"https:\/\/www.alovey.com\/wp-content\/uploads\/2025\/06\/Best-airtight-stick-tube-for-lipstick-2-1.jpg","type":"image\/jpeg"}],"twitter_card":"summary_large_image","twitter_misc":{"Est. tempo de leitura":"2 minutos"},"schema":{"@context":"https:\/\/schema.org","@graph":[{"@type":"WebPage","@id":"https:\/\/www.alovey.com\/product\/best-airtight-stick-tube-for-lipstick\/","url":"https:\/\/www.alovey.com\/product\/best-airtight-stick-tube-for-lipstick\/","name":"Best airtight stick tube for lipstick airtight stick tube","isPartOf":{"@id":"https:\/\/www.alovey.com\/#website"},"primaryImageOfPage":{"@id":"https:\/\/www.alovey.com\/product\/best-airtight-stick-tube-for-lipstick\/#primaryimage"},"image":{"@id":"https:\/\/www.alovey.com\/product\/best-airtight-stick-tube-for-lipstick\/#primaryimage"},"thumbnailUrl":"https:\/\/www.alovey.com\/wp-content\/uploads\/2025\/06\/Best-airtight-stick-tube-for-lipstick-2-1.jpg","datePublished":"2025-06-11T03:35:42+00:00","dateModified":"2025-06-11T03:43:31+00:00","description":"This airtight stick tube features a precision flat mechanism and delivers advanced airtight sealing capability (subject to airtight stick testing), making it a reliable choice for brands focused on formula protection and performance.","breadcrumb":{"@id":"https:\/\/www.alovey.com\/product\/best-airtight-stick-tube-for-lipstick\/#breadcrumb"},"inLanguage":"pt-BR","potentialAction":[{"@type":"ReadAction","target":["https:\/\/www.alovey.com\/product\/best-airtight-stick-tube-for-lipstick\/"]}]},{"@type":"ImageObject","inLanguage":"pt-BR","@id":"https:\/\/www.alovey.com\/product\/best-airtight-stick-tube-for-lipstick\/#primaryimage","url":"https:\/\/www.alovey.com\/wp-content\/uploads\/2025\/06\/Best-airtight-stick-tube-for-lipstick-2-1.jpg","contentUrl":"https:\/\/www.alovey.com\/wp-content\/uploads\/2025\/06\/Best-airtight-stick-tube-for-lipstick-2-1.jpg","width":750,"height":750},{"@type":"BreadcrumbList","@id":"https:\/\/www.alovey.com\/product\/best-airtight-stick-tube-for-lipstick\/#breadcrumb","itemListElement":[{"@type":"ListItem","position":1,"name":"\u9996\u9875","item":"https:\/\/www.alovey.com\/"},{"@type":"ListItem","position":2,"name":"Products","item":"https:\/\/www.alovey.com\/products\/"},{"@type":"ListItem","position":3,"name":"Best airtight stick tube for lipstick"}]},{"@type":"WebSite","@id":"https:\/\/www.alovey.com\/#website","url":"https:\/\/www.alovey.com\/","name":"Best Cosmetic Packaging Manufacture","description":"Alovey Cosmetic Packaging Co.,Ltd","publisher":{"@id":"https:\/\/www.alovey.com\/#organization"},"potentialAction":[{"@type":"SearchAction","target":{"@type":"EntryPoint","urlTemplate":"https:\/\/www.alovey.com\/?s={search_term_string}"},"query-input":{"@type":"PropertyValueSpecification","valueRequired":true,"valueName":"search_term_string"}}],"inLanguage":"pt-BR"},{"@type":"Organization","@id":"https:\/\/www.alovey.com\/#organization","name":"Best Cosmetic Packaging Manufacture","url":"https:\/\/www.alovey.com\/","logo":{"@type":"ImageObject","inLanguage":"pt-BR","@id":"https:\/\/www.alovey.com\/#\/schema\/logo\/image\/","url":"https:\/\/www.alovey.com\/wp-content\/uploads\/2023\/03\/logo.png","contentUrl":"https:\/\/www.alovey.com\/wp-content\/uploads\/2023\/03\/logo.png","width":505,"height":180,"caption":"Best  Cosmetic Packaging Manufacture"},"image":{"@id":"https:\/\/www.alovey.com\/#\/schema\/logo\/image\/"}}]}},"_links":{"self":[{"href":"https:\/\/www.alovey.com\/pt\/wp-json\/wp\/v2\/product\/10717"}],"collection":[{"href":"https:\/\/www.alovey.com\/pt\/wp-json\/wp\/v2\/product"}],"about":[{"href":"https:\/\/www.alovey.com\/pt\/wp-json\/wp\/v2\/types\/product"}],"wp:featuredmedia":[{"embeddable":true,"href":"https:\/\/www.alovey.com\/pt\/wp-json\/wp\/v2\/media\/10721"}],"wp:attachment":[{"href":"https:\/\/www.alovey.com\/pt\/wp-json\/wp\/v2\/media?parent=10717"}],"wp:term":[{"taxonomy":"product_brand","embeddable":true,"href":"https:\/\/www.alovey.com\/pt\/wp-json\/wp\/v2\/product_brand?post=10717"},{"taxonomy":"product_cat","embeddable":true,"href":"https:\/\/www.alovey.com\/pt\/wp-json\/wp\/v2\/product_cat?post=10717"},{"taxonomy":"product_tag","embeddable":true,"href":"https:\/\/www.alovey.com\/pt\/wp-json\/wp\/v2\/product_tag?post=10717"}],"curies":[{"name":"wp","href":"https:\/\/api.w.org\/{rel}","templated":true}]}}