{"id":10657,"date":"2025-06-06T06:24:45","date_gmt":"2025-06-06T06:24:45","guid":{"rendered":"https:\/\/www.alovey.com\/?post_type=product&#038;p=10657"},"modified":"2025-06-06T06:37:09","modified_gmt":"2025-06-06T06:37:09","slug":"unique-lip-oil-tubes-with-big-volume","status":"publish","type":"product","link":"https:\/\/www.alovey.com\/pt\/produto\/unique-lip-oil-tubes-with-big-volume\/","title":{"rendered":"Unique lip oil tubes with big volume"},"content":{"rendered":"<p><strong>Stand out with unique lip oil\u00a0tubes, designed in a cute water bottle shape\u00a0that\u2019s as functional as it is eye-catching.<\/strong><\/p>\n<p><strong>With an 18ml large capacity, it\u2019s perfect for travel, business trips, or everyday use.<\/strong><\/p>\n<p><strong>Each lip oil tube features a rubber plug insert\u00a0at the opening to lock in freshness and prevent leaks, keeping your lip gloss or concealer clean, secure, and long-lasting.<\/strong><\/p>\n<p><strong>Made from high-quality PETG, it combines durability with clarity, offering a crystal-clear view of your formula.<\/strong><\/p>\n<p><strong>Ideal for brands looking to blend style, practicality, and reliability\u00a0in one playful package.<\/strong><\/p>\n<p><strong>A Alovey, como fabricante profissional chinesa de embalagens para cosm\u00e9ticos, produz uma linha requintada de embalagens personalizadas para cosm\u00e9ticos, meticulosamente elaboradas para elevar sua marca. Nossa sele\u00e7\u00e3o diversificada de materiais premium, combinada com t\u00e9cnicas delicadas de acabamento de superf\u00edcie, como impress\u00e3o em tela de seda, hot stamping e pulveriza\u00e7\u00e3o fosca, garante que cada embalagem seja uma obra-prima exclusiva.<\/strong><\/p>\n<p><img fetchpriority=\"high\" decoding=\"async\" class=\"size-full wp-image-10663\" src=\"https:\/\/www.alovey.com\/wp-content\/uploads\/2025\/06\/Unique\u2002lip-oil-tubes-with-big-volume-6.jpg\" alt=\"Lip oil tubes\" width=\"750\" height=\"750\" srcset=\"https:\/\/www.alovey.com\/wp-content\/uploads\/2025\/06\/Unique\u2002lip-oil-tubes-with-big-volume-6.jpg 750w, https:\/\/www.alovey.com\/wp-content\/uploads\/2025\/06\/Unique\u2002lip-oil-tubes-with-big-volume-6-300x300.jpg 300w, https:\/\/www.alovey.com\/wp-content\/uploads\/2025\/06\/Unique\u2002lip-oil-tubes-with-big-volume-6-150x150.jpg 150w, https:\/\/www.alovey.com\/wp-content\/uploads\/2025\/06\/Unique\u2002lip-oil-tubes-with-big-volume-6-600x600.jpg 600w, https:\/\/www.alovey.com\/wp-content\/uploads\/2025\/06\/Unique\u2002lip-oil-tubes-with-big-volume-6-100x100.jpg 100w\" sizes=\"(max-width: 750px) 100vw, 750px\" \/><\/p>\n<p><img decoding=\"async\" class=\"size-full wp-image-10662\" src=\"https:\/\/www.alovey.com\/wp-content\/uploads\/2025\/06\/Unique\u2002lip-oil-tubes-with-big-volume-5.jpg\" alt=\"Lip oil tubes\" width=\"750\" height=\"750\" srcset=\"https:\/\/www.alovey.com\/wp-content\/uploads\/2025\/06\/Unique\u2002lip-oil-tubes-with-big-volume-5.jpg 750w, https:\/\/www.alovey.com\/wp-content\/uploads\/2025\/06\/Unique\u2002lip-oil-tubes-with-big-volume-5-300x300.jpg 300w, https:\/\/www.alovey.com\/wp-content\/uploads\/2025\/06\/Unique\u2002lip-oil-tubes-with-big-volume-5-150x150.jpg 150w, https:\/\/www.alovey.com\/wp-content\/uploads\/2025\/06\/Unique\u2002lip-oil-tubes-with-big-volume-5-600x600.jpg 600w, https:\/\/www.alovey.com\/wp-content\/uploads\/2025\/06\/Unique\u2002lip-oil-tubes-with-big-volume-5-100x100.jpg 100w\" sizes=\"(max-width: 750px) 100vw, 750px\" \/><\/p>\n<p><img decoding=\"async\" class=\"size-full wp-image-10661\" src=\"https:\/\/www.alovey.com\/wp-content\/uploads\/2025\/06\/Unique\u2002lip-oil-tubes-with-big-volume-4.jpg\" alt=\"Lip oil tubes\" width=\"750\" height=\"750\" srcset=\"https:\/\/www.alovey.com\/wp-content\/uploads\/2025\/06\/Unique\u2002lip-oil-tubes-with-big-volume-4.jpg 750w, https:\/\/www.alovey.com\/wp-content\/uploads\/2025\/06\/Unique\u2002lip-oil-tubes-with-big-volume-4-300x300.jpg 300w, https:\/\/www.alovey.com\/wp-content\/uploads\/2025\/06\/Unique\u2002lip-oil-tubes-with-big-volume-4-150x150.jpg 150w, https:\/\/www.alovey.com\/wp-content\/uploads\/2025\/06\/Unique\u2002lip-oil-tubes-with-big-volume-4-600x600.jpg 600w, https:\/\/www.alovey.com\/wp-content\/uploads\/2025\/06\/Unique\u2002lip-oil-tubes-with-big-volume-4-100x100.jpg 100w\" sizes=\"(max-width: 750px) 100vw, 750px\" \/><\/p>\n<p><img loading=\"lazy\" decoding=\"async\" class=\"size-full wp-image-10660\" src=\"https:\/\/www.alovey.com\/wp-content\/uploads\/2025\/06\/Unique\u2002lip-oil-tubes-with-big-volume-3.jpg\" alt=\"Lip oil tubes\" width=\"750\" height=\"750\" srcset=\"https:\/\/www.alovey.com\/wp-content\/uploads\/2025\/06\/Unique\u2002lip-oil-tubes-with-big-volume-3.jpg 750w, https:\/\/www.alovey.com\/wp-content\/uploads\/2025\/06\/Unique\u2002lip-oil-tubes-with-big-volume-3-300x300.jpg 300w, https:\/\/www.alovey.com\/wp-content\/uploads\/2025\/06\/Unique\u2002lip-oil-tubes-with-big-volume-3-150x150.jpg 150w, https:\/\/www.alovey.com\/wp-content\/uploads\/2025\/06\/Unique\u2002lip-oil-tubes-with-big-volume-3-600x600.jpg 600w, https:\/\/www.alovey.com\/wp-content\/uploads\/2025\/06\/Unique\u2002lip-oil-tubes-with-big-volume-3-100x100.jpg 100w\" sizes=\"(max-width: 750px) 100vw, 750px\" \/><\/p>\n<p><img loading=\"lazy\" decoding=\"async\" class=\"size-full wp-image-10659\" src=\"https:\/\/www.alovey.com\/wp-content\/uploads\/2025\/06\/Unique\u2002lip-oil-tubes-with-big-volume-2.jpg\" alt=\"Lip oil tubes\" width=\"750\" height=\"750\" srcset=\"https:\/\/www.alovey.com\/wp-content\/uploads\/2025\/06\/Unique\u2002lip-oil-tubes-with-big-volume-2.jpg 750w, https:\/\/www.alovey.com\/wp-content\/uploads\/2025\/06\/Unique\u2002lip-oil-tubes-with-big-volume-2-300x300.jpg 300w, https:\/\/www.alovey.com\/wp-content\/uploads\/2025\/06\/Unique\u2002lip-oil-tubes-with-big-volume-2-150x150.jpg 150w, https:\/\/www.alovey.com\/wp-content\/uploads\/2025\/06\/Unique\u2002lip-oil-tubes-with-big-volume-2-600x600.jpg 600w, https:\/\/www.alovey.com\/wp-content\/uploads\/2025\/06\/Unique\u2002lip-oil-tubes-with-big-volume-2-100x100.jpg 100w\" sizes=\"(max-width: 750px) 100vw, 750px\" \/><\/p>\n<p><img loading=\"lazy\" decoding=\"async\" class=\"size-full wp-image-10658\" src=\"https:\/\/www.alovey.com\/wp-content\/uploads\/2025\/06\/Unique\u2002lip-oil-tubes-with-big-volume-1.jpg\" alt=\"Lip oil tubes\" width=\"750\" height=\"750\" srcset=\"https:\/\/www.alovey.com\/wp-content\/uploads\/2025\/06\/Unique\u2002lip-oil-tubes-with-big-volume-1.jpg 750w, https:\/\/www.alovey.com\/wp-content\/uploads\/2025\/06\/Unique\u2002lip-oil-tubes-with-big-volume-1-300x300.jpg 300w, https:\/\/www.alovey.com\/wp-content\/uploads\/2025\/06\/Unique\u2002lip-oil-tubes-with-big-volume-1-150x150.jpg 150w, https:\/\/www.alovey.com\/wp-content\/uploads\/2025\/06\/Unique\u2002lip-oil-tubes-with-big-volume-1-600x600.jpg 600w, https:\/\/www.alovey.com\/wp-content\/uploads\/2025\/06\/Unique\u2002lip-oil-tubes-with-big-volume-1-100x100.jpg 100w\" sizes=\"(max-width: 750px) 100vw, 750px\" \/><\/p>\n<p>&nbsp;<\/p>\n<p>&nbsp;<\/p>\n<p>&nbsp;<\/p>\n<p>&nbsp;<\/p>\n<p>&nbsp;<\/p>\n<p>&nbsp;<\/p>\n<p>&nbsp;<\/p>\n<p>&nbsp;<\/p>\n<p>&nbsp;<\/p>\n<p>&nbsp;<\/p>\n<p>&nbsp;<\/p>\n<p>&nbsp;<\/p>\n<p>&nbsp;<\/p>\n<p>&nbsp;<\/p>\n<p>&nbsp;<\/p>\n<p>&nbsp;<\/p>\n<p>&nbsp;<\/p>\n<p>&nbsp;<\/p>\n<p>&nbsp;<\/p>\n<p>&nbsp;<\/p>\n<p>&nbsp;<\/p>\n<p>&nbsp;<\/p>\n<p>&nbsp;<\/p>\n<p>&nbsp;<\/p>\n<p>&nbsp;<\/p>\n<p>&nbsp;<\/p>\n<p>&nbsp;<\/p>\n<p>&nbsp;<\/p>\n<p>&nbsp;<\/p>\n<p>&nbsp;<\/p>\n<p>&nbsp;<\/p>\n<p>&nbsp;<\/p>\n<p>&nbsp;<\/p>\n<p>&nbsp;<\/p>\n<p>&nbsp;<\/p>\n<p>&nbsp;<\/p>\n<p>&nbsp;<\/p>\n<p>&nbsp;<\/p>\n<p>&nbsp;<\/p>\n<p>&nbsp;<\/p>\n<p>&nbsp;<\/p>\n<p>&nbsp;<\/p>\n<p>&nbsp;<\/p>\n<p>&nbsp;<\/p>\n<p>&nbsp;<\/p>\n<p>&nbsp;<\/p>\n<p>&nbsp;<\/p>\n<p>&nbsp;<\/p>\n<p>&nbsp;<\/p>\n<p>&nbsp;<\/p>\n<p>&nbsp;<\/p>\n<p>&nbsp;<\/p>\n<p>&nbsp;<\/p>\n<p>&nbsp;<\/p>\n<p>&nbsp;<\/p>\n<p>&nbsp;<\/p>\n<p>&nbsp;<\/p>\n<p>&nbsp;<\/p>\n<p>&nbsp;<\/p>\n<p>&nbsp;<\/p>\n<p>&nbsp;<\/p>\n<p>&nbsp;<\/p>\n<p>&nbsp;<\/p>\n<p>&nbsp;<\/p>\n<p>&nbsp;<\/p>\n<p>&nbsp;<\/p>\n<p>&nbsp;<\/p>\n<p>&nbsp;<\/p>\n<p>&nbsp;<\/p>\n<p>&nbsp;<\/p>\n<p>&nbsp;<\/p>\n<p>&nbsp;<\/p>\n<p>&nbsp;<\/p>\n<p>&nbsp;<\/p>\n<p>&nbsp;<\/p>\n<p>&nbsp;<\/p>\n<p>&nbsp;<\/p>\n<p>&nbsp;<\/p>\n<p>&nbsp;<\/p>\n<p>&nbsp;<\/p>\n<p>&nbsp;<\/p>\n<p>&nbsp;<\/p>\n<p>&nbsp;<\/p>\n<p>&nbsp;<\/p>\n<p>&nbsp;<\/p>\n<p>&nbsp;<\/p>\n<p>&nbsp;<\/p>\n<p>&nbsp;<\/p>\n<p>&nbsp;<\/p>\n<p>&nbsp;<\/p>\n<p>&nbsp;<\/p>\n<p>&nbsp;<\/p>\n<p>&nbsp;<\/p>\n<p>&nbsp;<\/p>\n<p>&nbsp;<\/p>\n<p>&nbsp;<\/p>\n<p>&nbsp;<\/p>\n<p>&nbsp;<\/p>\n<p>&nbsp;<\/p>\n<p>&nbsp;<\/p>\n<p>&nbsp;<\/p>","protected":false},"excerpt":{"rendered":"<ul>\n<li>Item No: LG-0437A<\/li>\n<li>Material: Pl\u00e1stico<\/li>\n<li>Size:\u00a0D24.5*H80MM<\/li>\n<li>Capacity:18ml<\/li>\n<li>Aplica\u00e7\u00f5es: Produtos de beleza<\/li>\n<li>MOQ: 12.000 unidades<\/li>\n<li>Cor: cor personalizada<\/li>\n<li>Tratamento de superf\u00edcie: Inje\u00e7\u00e3o\/Matte\/Metaliza\u00e7\u00e3o\/Revestimento UV<\/li>\n<li>Nome da marca: OEM\/ODM<\/li>\n<li>Logotipo: Logotipo do cliente<\/li>\n<li>Capacidade de fornecimento: 100.000 pe\u00e7as por m\u00eas<\/li>\n<\/ul>\n<p>&nbsp;<\/p>\n<p>&nbsp;<\/p>","protected":false},"featured_media":10661,"template":"","meta":{"_acf_changed":false},"product_brand":[],"product_cat":[372],"product_tag":[434,388],"class_list":{"0":"post-10657","1":"product","2":"type-product","3":"status-publish","4":"has-post-thumbnail","6":"product_cat-lipgloss-tube","7":"product_tag-4ml-lip-gloss-tube","8":"product_tag-lip-gloss-tube","10":"first","11":"instock","12":"shipping-taxable","13":"product-type-simple"},"acf":[],"yoast_head":"<!-- This site is optimized with the Yoast SEO plugin v24.1 - https:\/\/yoast.com\/wordpress\/plugins\/seo\/ -->\n<title>Unique\u2002lip oil tubes with big volume<\/title>\n<meta name=\"description\" content=\"Stand out with unique lip oil tubes, designed in a cute water bottle shape that\u2019s as functional as it is eye-catching. It&#039;s perfect for travel, business trips, or everyday use.\" \/>\n<meta name=\"robots\" content=\"index, follow, max-snippet:-1, max-image-preview:large, max-video-preview:-1\" \/>\n<link rel=\"canonical\" href=\"https:\/\/www.alovey.com\/pt\/produto\/unique-lip-oil-tubes-with-big-volume\/\" \/>\n<meta property=\"og:locale\" content=\"pt_BR\" \/>\n<meta property=\"og:type\" content=\"article\" \/>\n<meta property=\"og:title\" content=\"Unique\u2002lip oil tubes with big volume\" \/>\n<meta property=\"og:description\" content=\"Stand out with unique lip oil tubes, designed in a cute water bottle shape that\u2019s as functional as it is eye-catching. It&#039;s perfect for travel, business trips, or everyday use.\" \/>\n<meta property=\"og:url\" content=\"https:\/\/www.alovey.com\/pt\/produto\/unique-lip-oil-tubes-with-big-volume\/\" \/>\n<meta property=\"og:site_name\" content=\"Best Cosmetic Packaging Manufacture\" \/>\n<meta property=\"article:modified_time\" content=\"2025-06-06T06:37:09+00:00\" \/>\n<meta property=\"og:image\" content=\"https:\/\/www.alovey.com\/wp-content\/uploads\/2025\/06\/Unique\u2002lip-oil-tubes-with-big-volume-4.jpg\" \/>\n\t<meta property=\"og:image:width\" content=\"750\" \/>\n\t<meta property=\"og:image:height\" content=\"750\" \/>\n\t<meta property=\"og:image:type\" content=\"image\/jpeg\" \/>\n<meta name=\"twitter:card\" content=\"summary_large_image\" \/>\n<meta name=\"twitter:label1\" content=\"Est. tempo de leitura\" \/>\n\t<meta name=\"twitter:data1\" content=\"3 minutos\" \/>\n<script type=\"application\/ld+json\" class=\"yoast-schema-graph\">{\"@context\":\"https:\/\/schema.org\",\"@graph\":[{\"@type\":\"WebPage\",\"@id\":\"https:\/\/www.alovey.com\/product\/unique-lip-oil-tubes-with-big-volume\/\",\"url\":\"https:\/\/www.alovey.com\/product\/unique-lip-oil-tubes-with-big-volume\/\",\"name\":\"Unique\u2002lip oil tubes with big volume\",\"isPartOf\":{\"@id\":\"https:\/\/www.alovey.com\/#website\"},\"primaryImageOfPage\":{\"@id\":\"https:\/\/www.alovey.com\/product\/unique-lip-oil-tubes-with-big-volume\/#primaryimage\"},\"image\":{\"@id\":\"https:\/\/www.alovey.com\/product\/unique-lip-oil-tubes-with-big-volume\/#primaryimage\"},\"thumbnailUrl\":\"https:\/\/www.alovey.com\/wp-content\/uploads\/2025\/06\/Unique\u2002lip-oil-tubes-with-big-volume-4.jpg\",\"datePublished\":\"2025-06-06T06:24:45+00:00\",\"dateModified\":\"2025-06-06T06:37:09+00:00\",\"description\":\"Stand out with unique lip oil tubes, designed in a cute water bottle shape that\u2019s as functional as it is eye-catching. It's perfect for travel, business trips, or everyday use.\",\"breadcrumb\":{\"@id\":\"https:\/\/www.alovey.com\/product\/unique-lip-oil-tubes-with-big-volume\/#breadcrumb\"},\"inLanguage\":\"pt-BR\",\"potentialAction\":[{\"@type\":\"ReadAction\",\"target\":[\"https:\/\/www.alovey.com\/product\/unique-lip-oil-tubes-with-big-volume\/\"]}]},{\"@type\":\"ImageObject\",\"inLanguage\":\"pt-BR\",\"@id\":\"https:\/\/www.alovey.com\/product\/unique-lip-oil-tubes-with-big-volume\/#primaryimage\",\"url\":\"https:\/\/www.alovey.com\/wp-content\/uploads\/2025\/06\/Unique\u2002lip-oil-tubes-with-big-volume-4.jpg\",\"contentUrl\":\"https:\/\/www.alovey.com\/wp-content\/uploads\/2025\/06\/Unique\u2002lip-oil-tubes-with-big-volume-4.jpg\",\"width\":750,\"height\":750,\"caption\":\"Unique\u2002lip oil tubes with big volume\"},{\"@type\":\"BreadcrumbList\",\"@id\":\"https:\/\/www.alovey.com\/product\/unique-lip-oil-tubes-with-big-volume\/#breadcrumb\",\"itemListElement\":[{\"@type\":\"ListItem\",\"position\":1,\"name\":\"\u9996\u9875\",\"item\":\"https:\/\/www.alovey.com\/\"},{\"@type\":\"ListItem\",\"position\":2,\"name\":\"Products\",\"item\":\"https:\/\/www.alovey.com\/products\/\"},{\"@type\":\"ListItem\",\"position\":3,\"name\":\"Unique lip oil tubes with big volume\"}]},{\"@type\":\"WebSite\",\"@id\":\"https:\/\/www.alovey.com\/#website\",\"url\":\"https:\/\/www.alovey.com\/\",\"name\":\"Best Cosmetic Packaging Manufacture\",\"description\":\"Alovey Cosmetic Packaging Co.,Ltd\",\"publisher\":{\"@id\":\"https:\/\/www.alovey.com\/#organization\"},\"potentialAction\":[{\"@type\":\"SearchAction\",\"target\":{\"@type\":\"EntryPoint\",\"urlTemplate\":\"https:\/\/www.alovey.com\/?s={search_term_string}\"},\"query-input\":{\"@type\":\"PropertyValueSpecification\",\"valueRequired\":true,\"valueName\":\"search_term_string\"}}],\"inLanguage\":\"pt-BR\"},{\"@type\":\"Organization\",\"@id\":\"https:\/\/www.alovey.com\/#organization\",\"name\":\"Best Cosmetic Packaging Manufacture\",\"url\":\"https:\/\/www.alovey.com\/\",\"logo\":{\"@type\":\"ImageObject\",\"inLanguage\":\"pt-BR\",\"@id\":\"https:\/\/www.alovey.com\/#\/schema\/logo\/image\/\",\"url\":\"https:\/\/www.alovey.com\/wp-content\/uploads\/2023\/03\/logo.png\",\"contentUrl\":\"https:\/\/www.alovey.com\/wp-content\/uploads\/2023\/03\/logo.png\",\"width\":505,\"height\":180,\"caption\":\"Best  Cosmetic Packaging Manufacture\"},\"image\":{\"@id\":\"https:\/\/www.alovey.com\/#\/schema\/logo\/image\/\"}}]}<\/script>\n<!-- \/ Yoast SEO plugin. -->","yoast_head_json":{"title":"Unique\u2002lip oil tubes with big volume","description":"Stand out with unique lip oil tubes, designed in a cute water bottle shape that\u2019s as functional as it is eye-catching. It's perfect for travel, business trips, or everyday use.","robots":{"index":"index","follow":"follow","max-snippet":"max-snippet:-1","max-image-preview":"max-image-preview:large","max-video-preview":"max-video-preview:-1"},"canonical":"https:\/\/www.alovey.com\/pt\/produto\/unique-lip-oil-tubes-with-big-volume\/","og_locale":"pt_BR","og_type":"article","og_title":"Unique\u2002lip oil tubes with big volume","og_description":"Stand out with unique lip oil tubes, designed in a cute water bottle shape that\u2019s as functional as it is eye-catching. It's perfect for travel, business trips, or everyday use.","og_url":"https:\/\/www.alovey.com\/pt\/produto\/unique-lip-oil-tubes-with-big-volume\/","og_site_name":"Best Cosmetic Packaging Manufacture","article_modified_time":"2025-06-06T06:37:09+00:00","og_image":[{"width":750,"height":750,"url":"https:\/\/www.alovey.com\/wp-content\/uploads\/2025\/06\/Unique\u2002lip-oil-tubes-with-big-volume-4.jpg","type":"image\/jpeg"}],"twitter_card":"summary_large_image","twitter_misc":{"Est. tempo de leitura":"3 minutos"},"schema":{"@context":"https:\/\/schema.org","@graph":[{"@type":"WebPage","@id":"https:\/\/www.alovey.com\/product\/unique-lip-oil-tubes-with-big-volume\/","url":"https:\/\/www.alovey.com\/product\/unique-lip-oil-tubes-with-big-volume\/","name":"Unique\u2002lip oil tubes with big volume","isPartOf":{"@id":"https:\/\/www.alovey.com\/#website"},"primaryImageOfPage":{"@id":"https:\/\/www.alovey.com\/product\/unique-lip-oil-tubes-with-big-volume\/#primaryimage"},"image":{"@id":"https:\/\/www.alovey.com\/product\/unique-lip-oil-tubes-with-big-volume\/#primaryimage"},"thumbnailUrl":"https:\/\/www.alovey.com\/wp-content\/uploads\/2025\/06\/Unique\u2002lip-oil-tubes-with-big-volume-4.jpg","datePublished":"2025-06-06T06:24:45+00:00","dateModified":"2025-06-06T06:37:09+00:00","description":"Stand out with unique lip oil tubes, designed in a cute water bottle shape that\u2019s as functional as it is eye-catching. It's perfect for travel, business trips, or everyday use.","breadcrumb":{"@id":"https:\/\/www.alovey.com\/product\/unique-lip-oil-tubes-with-big-volume\/#breadcrumb"},"inLanguage":"pt-BR","potentialAction":[{"@type":"ReadAction","target":["https:\/\/www.alovey.com\/product\/unique-lip-oil-tubes-with-big-volume\/"]}]},{"@type":"ImageObject","inLanguage":"pt-BR","@id":"https:\/\/www.alovey.com\/product\/unique-lip-oil-tubes-with-big-volume\/#primaryimage","url":"https:\/\/www.alovey.com\/wp-content\/uploads\/2025\/06\/Unique\u2002lip-oil-tubes-with-big-volume-4.jpg","contentUrl":"https:\/\/www.alovey.com\/wp-content\/uploads\/2025\/06\/Unique\u2002lip-oil-tubes-with-big-volume-4.jpg","width":750,"height":750,"caption":"Unique\u2002lip oil tubes with big volume"},{"@type":"BreadcrumbList","@id":"https:\/\/www.alovey.com\/product\/unique-lip-oil-tubes-with-big-volume\/#breadcrumb","itemListElement":[{"@type":"ListItem","position":1,"name":"\u9996\u9875","item":"https:\/\/www.alovey.com\/"},{"@type":"ListItem","position":2,"name":"Products","item":"https:\/\/www.alovey.com\/products\/"},{"@type":"ListItem","position":3,"name":"Unique lip oil tubes with big volume"}]},{"@type":"WebSite","@id":"https:\/\/www.alovey.com\/#website","url":"https:\/\/www.alovey.com\/","name":"Best Cosmetic Packaging Manufacture","description":"Alovey Cosmetic Packaging Co.,Ltd","publisher":{"@id":"https:\/\/www.alovey.com\/#organization"},"potentialAction":[{"@type":"SearchAction","target":{"@type":"EntryPoint","urlTemplate":"https:\/\/www.alovey.com\/?s={search_term_string}"},"query-input":{"@type":"PropertyValueSpecification","valueRequired":true,"valueName":"search_term_string"}}],"inLanguage":"pt-BR"},{"@type":"Organization","@id":"https:\/\/www.alovey.com\/#organization","name":"Best Cosmetic Packaging Manufacture","url":"https:\/\/www.alovey.com\/","logo":{"@type":"ImageObject","inLanguage":"pt-BR","@id":"https:\/\/www.alovey.com\/#\/schema\/logo\/image\/","url":"https:\/\/www.alovey.com\/wp-content\/uploads\/2023\/03\/logo.png","contentUrl":"https:\/\/www.alovey.com\/wp-content\/uploads\/2023\/03\/logo.png","width":505,"height":180,"caption":"Best  Cosmetic Packaging Manufacture"},"image":{"@id":"https:\/\/www.alovey.com\/#\/schema\/logo\/image\/"}}]}},"_links":{"self":[{"href":"https:\/\/www.alovey.com\/pt\/wp-json\/wp\/v2\/product\/10657"}],"collection":[{"href":"https:\/\/www.alovey.com\/pt\/wp-json\/wp\/v2\/product"}],"about":[{"href":"https:\/\/www.alovey.com\/pt\/wp-json\/wp\/v2\/types\/product"}],"wp:featuredmedia":[{"embeddable":true,"href":"https:\/\/www.alovey.com\/pt\/wp-json\/wp\/v2\/media\/10661"}],"wp:attachment":[{"href":"https:\/\/www.alovey.com\/pt\/wp-json\/wp\/v2\/media?parent=10657"}],"wp:term":[{"taxonomy":"product_brand","embeddable":true,"href":"https:\/\/www.alovey.com\/pt\/wp-json\/wp\/v2\/product_brand?post=10657"},{"taxonomy":"product_cat","embeddable":true,"href":"https:\/\/www.alovey.com\/pt\/wp-json\/wp\/v2\/product_cat?post=10657"},{"taxonomy":"product_tag","embeddable":true,"href":"https:\/\/www.alovey.com\/pt\/wp-json\/wp\/v2\/product_tag?post=10657"}],"curies":[{"name":"wp","href":"https:\/\/api.w.org\/{rel}","templated":true}]}}