{"id":10299,"date":"2025-04-14T08:54:46","date_gmt":"2025-04-14T08:54:46","guid":{"rendered":"https:\/\/www.alovey.com\/?post_type=product&#038;p=10299"},"modified":"2025-04-14T10:21:17","modified_gmt":"2025-04-14T10:21:17","slug":"clear-oil-lotion-glass-dropper-bottle-with-pipette-30ml","status":"publish","type":"product","link":"https:\/\/www.alovey.com\/pt\/produto\/clear-oil-lotion-glass-dropper-bottle-with-pipette-30ml\/","title":{"rendered":"Clear oil lotion glass dropper bottle with pipette 30ML"},"content":{"rendered":"<p><strong>This glass dropper bottle with 30ML Clear Oil Lotion\u00a0\u00a0is designed for easy absorption of oils and serums. <\/strong><\/p>\n<p><strong>The squeeze-release action effectively draws liquid into the pipette, while gentle pressure dispenses precise drops. Ideal for filling essential oils, perfume oils, or other skincare liquids, this bottle ensures a clean and controlled application every time.<\/strong><\/p>\n<p><strong>At Alovey, we offer an\u00a0 \u00a0high-quality glass cosmetic packaging solutions designed specifically for the beauty and\u00a0 skin care industry. Our cosmetic glass bottles are perfect for cosmetic products such as lotions, serums, and essential oils. With capacities ranging from 10ml to 500ml, we cater to diverse needs, ensuring your cosmetic products are presented with a sophisticated and premium appearance.<\/strong><\/p>\n<p><img fetchpriority=\"high\" decoding=\"async\" class=\"size-full wp-image-10304\" src=\"https:\/\/www.alovey.com\/wp-content\/uploads\/2025\/04\/Clear-oil-lotion-glass-dropper-bottle-with-pipette-30ML-4.jpg\" alt=\"Glass dropper bottle\" width=\"750\" height=\"750\" srcset=\"https:\/\/www.alovey.com\/wp-content\/uploads\/2025\/04\/Clear-oil-lotion-glass-dropper-bottle-with-pipette-30ML-4.jpg 750w, https:\/\/www.alovey.com\/wp-content\/uploads\/2025\/04\/Clear-oil-lotion-glass-dropper-bottle-with-pipette-30ML-4-300x300.jpg 300w, https:\/\/www.alovey.com\/wp-content\/uploads\/2025\/04\/Clear-oil-lotion-glass-dropper-bottle-with-pipette-30ML-4-150x150.jpg 150w, https:\/\/www.alovey.com\/wp-content\/uploads\/2025\/04\/Clear-oil-lotion-glass-dropper-bottle-with-pipette-30ML-4-600x600.jpg 600w, https:\/\/www.alovey.com\/wp-content\/uploads\/2025\/04\/Clear-oil-lotion-glass-dropper-bottle-with-pipette-30ML-4-100x100.jpg 100w\" sizes=\"(max-width: 750px) 100vw, 750px\" \/><\/p>\n<p><img decoding=\"async\" class=\"size-full wp-image-10303\" src=\"https:\/\/www.alovey.com\/wp-content\/uploads\/2025\/04\/Clear-oil-lotion-glass-dropper-bottle-with-pipette-30ML-3.jpg\" alt=\"Glass dropper bottle\" width=\"750\" height=\"750\" srcset=\"https:\/\/www.alovey.com\/wp-content\/uploads\/2025\/04\/Clear-oil-lotion-glass-dropper-bottle-with-pipette-30ML-3.jpg 750w, https:\/\/www.alovey.com\/wp-content\/uploads\/2025\/04\/Clear-oil-lotion-glass-dropper-bottle-with-pipette-30ML-3-300x300.jpg 300w, https:\/\/www.alovey.com\/wp-content\/uploads\/2025\/04\/Clear-oil-lotion-glass-dropper-bottle-with-pipette-30ML-3-150x150.jpg 150w, https:\/\/www.alovey.com\/wp-content\/uploads\/2025\/04\/Clear-oil-lotion-glass-dropper-bottle-with-pipette-30ML-3-600x600.jpg 600w, https:\/\/www.alovey.com\/wp-content\/uploads\/2025\/04\/Clear-oil-lotion-glass-dropper-bottle-with-pipette-30ML-3-100x100.jpg 100w\" sizes=\"(max-width: 750px) 100vw, 750px\" \/><\/p>\n<p><img decoding=\"async\" class=\"size-full wp-image-10302\" src=\"https:\/\/www.alovey.com\/wp-content\/uploads\/2025\/04\/Clear-oil-lotion-glass-dropper-bottle-with-pipette-30ML-2.jpg\" alt=\"Glass dropper bottle\" width=\"750\" height=\"750\" srcset=\"https:\/\/www.alovey.com\/wp-content\/uploads\/2025\/04\/Clear-oil-lotion-glass-dropper-bottle-with-pipette-30ML-2.jpg 750w, https:\/\/www.alovey.com\/wp-content\/uploads\/2025\/04\/Clear-oil-lotion-glass-dropper-bottle-with-pipette-30ML-2-300x300.jpg 300w, https:\/\/www.alovey.com\/wp-content\/uploads\/2025\/04\/Clear-oil-lotion-glass-dropper-bottle-with-pipette-30ML-2-150x150.jpg 150w, https:\/\/www.alovey.com\/wp-content\/uploads\/2025\/04\/Clear-oil-lotion-glass-dropper-bottle-with-pipette-30ML-2-600x600.jpg 600w, https:\/\/www.alovey.com\/wp-content\/uploads\/2025\/04\/Clear-oil-lotion-glass-dropper-bottle-with-pipette-30ML-2-100x100.jpg 100w\" sizes=\"(max-width: 750px) 100vw, 750px\" \/><\/p>\n<p><img loading=\"lazy\" decoding=\"async\" class=\"size-full wp-image-10300\" src=\"https:\/\/www.alovey.com\/wp-content\/uploads\/2025\/04\/Clear-oil-lotion-glass-dropper-bottle-with-pipette-30ML-7.jpg\" alt=\"Glass dropper bottle\" width=\"750\" height=\"750\" srcset=\"https:\/\/www.alovey.com\/wp-content\/uploads\/2025\/04\/Clear-oil-lotion-glass-dropper-bottle-with-pipette-30ML-7.jpg 750w, https:\/\/www.alovey.com\/wp-content\/uploads\/2025\/04\/Clear-oil-lotion-glass-dropper-bottle-with-pipette-30ML-7-300x300.jpg 300w, https:\/\/www.alovey.com\/wp-content\/uploads\/2025\/04\/Clear-oil-lotion-glass-dropper-bottle-with-pipette-30ML-7-150x150.jpg 150w, https:\/\/www.alovey.com\/wp-content\/uploads\/2025\/04\/Clear-oil-lotion-glass-dropper-bottle-with-pipette-30ML-7-600x600.jpg 600w, https:\/\/www.alovey.com\/wp-content\/uploads\/2025\/04\/Clear-oil-lotion-glass-dropper-bottle-with-pipette-30ML-7-100x100.jpg 100w\" sizes=\"(max-width: 750px) 100vw, 750px\" \/><\/p>\n<p><img loading=\"lazy\" decoding=\"async\" class=\"size-full wp-image-10305\" src=\"https:\/\/www.alovey.com\/wp-content\/uploads\/2025\/04\/Clear-oil-lotion-glass-dropper-bottle-with-pipette-30ML-6.jpg\" alt=\"Glass dropper bottle\" width=\"630\" height=\"630\" srcset=\"https:\/\/www.alovey.com\/wp-content\/uploads\/2025\/04\/Clear-oil-lotion-glass-dropper-bottle-with-pipette-30ML-6.jpg 630w, https:\/\/www.alovey.com\/wp-content\/uploads\/2025\/04\/Clear-oil-lotion-glass-dropper-bottle-with-pipette-30ML-6-300x300.jpg 300w, https:\/\/www.alovey.com\/wp-content\/uploads\/2025\/04\/Clear-oil-lotion-glass-dropper-bottle-with-pipette-30ML-6-150x150.jpg 150w, https:\/\/www.alovey.com\/wp-content\/uploads\/2025\/04\/Clear-oil-lotion-glass-dropper-bottle-with-pipette-30ML-6-600x600.jpg 600w, https:\/\/www.alovey.com\/wp-content\/uploads\/2025\/04\/Clear-oil-lotion-glass-dropper-bottle-with-pipette-30ML-6-100x100.jpg 100w\" sizes=\"(max-width: 630px) 100vw, 630px\" \/><\/p>\n<p>&nbsp;<\/p>\n<p>&nbsp;<\/p>\n<p>&nbsp;<\/p>\n<p>&nbsp;<\/p>\n<p>&nbsp;<\/p>\n<p>&nbsp;<\/p>\n<p>&nbsp;<\/p>\n<p>&nbsp;<\/p>\n<p>&nbsp;<\/p>\n<p>&nbsp;<\/p>\n<p>&nbsp;<\/p>\n<p>&nbsp;<\/p>\n<p>&nbsp;<\/p>\n<p>&nbsp;<\/p>\n<p>&nbsp;<\/p>\n<p>&nbsp;<\/p>\n<p>&nbsp;<\/p>\n<p>&nbsp;<\/p>\n<p>&nbsp;<\/p>\n<p>&nbsp;<\/p>\n<p>&nbsp;<\/p>\n<p>&nbsp;<\/p>\n<p>&nbsp;<\/p>\n<p>&nbsp;<\/p>\n<p>&nbsp;<\/p>\n<p>&nbsp;<\/p>\n<p>&nbsp;<\/p>\n<p>&nbsp;<\/p>\n<p>&nbsp;<\/p>\n<p>&nbsp;<\/p>\n<p>&nbsp;<\/p>\n<p>&nbsp;<\/p>\n<p>&nbsp;<\/p>\n<p>&nbsp;<\/p>\n<p>&nbsp;<\/p>\n<p>&nbsp;<\/p>\n<p>&nbsp;<\/p>\n<p>&nbsp;<\/p>\n<p>&nbsp;<\/p>\n<p>&nbsp;<\/p>\n<p>&nbsp;<\/p>\n<p>&nbsp;<\/p>\n<p>&nbsp;<\/p>\n<p>&nbsp;<\/p>\n<p>&nbsp;<\/p>\n<p>&nbsp;<\/p>\n<p>&nbsp;<\/p>\n<p>&nbsp;<\/p>\n<p>&nbsp;<\/p>\n<p>&nbsp;<\/p>\n<p>&nbsp;<\/p>\n<p>&nbsp;<\/p>\n<p>&nbsp;<\/p>\n<p>&nbsp;<\/p>\n<p>&nbsp;<\/p>\n<p>&nbsp;<\/p>\n<p>&nbsp;<\/p>\n<p>&nbsp;<\/p>\n<p>&nbsp;<\/p>\n<p>&nbsp;<\/p>\n<p>&nbsp;<\/p>\n<p>&nbsp;<\/p>\n<p>&nbsp;<\/p>\n<p>&nbsp;<\/p>\n<p>&nbsp;<\/p>\n<p>&nbsp;<\/p>\n<p>&nbsp;<\/p>\n<p>&nbsp;<\/p>\n<p>&nbsp;<\/p>\n<p>&nbsp;<\/p>\n<p>&nbsp;<\/p>\n<p>&nbsp;<\/p>\n<p>&nbsp;<\/p>\n<p>&nbsp;<\/p>\n<p>&nbsp;<\/p>\n<p>&nbsp;<\/p>\n<p>&nbsp;<\/p>\n<p>&nbsp;<\/p>\n<p>&nbsp;<\/p>\n<p>&nbsp;<\/p>\n<p>&nbsp;<\/p>\n<p>&nbsp;<\/p>\n<p>&nbsp;<\/p>\n<p>&nbsp;<\/p>\n<p>&nbsp;<\/p>\n<p>&nbsp;<\/p>\n<p>&nbsp;<\/p>\n<p>&nbsp;<\/p>\n<p>&nbsp;<\/p>\n<p>&nbsp;<\/p>\n<p>&nbsp;<\/p>\n<p>&nbsp;<\/p>\n<p>&nbsp;<\/p>\n<p>&nbsp;<\/p>\n<p>&nbsp;<\/p>\n<p>&nbsp;<\/p>\n<p>&nbsp;<\/p>\n<p>&nbsp;<\/p>\n<p>&nbsp;<\/p>\n<p>&nbsp;<\/p>\n<p>&nbsp;<\/p>\n<p>&nbsp;<\/p>\n<p>&nbsp;<\/p>\n<p>&nbsp;<\/p>\n<p>&nbsp;<\/p>\n<p>&nbsp;<\/p>","protected":false},"excerpt":{"rendered":"<ul>\n<li>Item No: B-C003B<\/li>\n<li>Capacity:30ml<\/li>\n<li>Material:\u00a0\u00a0Glass<\/li>\n<li>Size:\u00a0D36*H93mm<\/li>\n<li>Aplica\u00e7\u00f5es: Produtos de beleza<\/li>\n<li>MOQ: 12.000 unidades<\/li>\n<li>Cor: cor personalizada<\/li>\n<li>Tratamento de superf\u00edcie: Inje\u00e7\u00e3o\/Matte\/Metaliza\u00e7\u00e3o\/Revestimento UV<\/li>\n<li>Nome da marca: OEM\/ODM<\/li>\n<li>Logotipo: Logotipo do cliente<\/li>\n<li>Capacidade de fornecimento: 100.000 pe\u00e7as por m\u00eas<\/li>\n<\/ul>","protected":false},"featured_media":10300,"template":"","meta":{"_acf_changed":false},"product_brand":[],"product_cat":[439],"product_tag":[440,441],"class_list":{"0":"post-10299","1":"product","2":"type-product","3":"status-publish","4":"has-post-thumbnail","6":"product_cat-premium-glass-cosmetic-bottles-for-skincare-beauty","7":"product_tag-cosmetic-glass-bottle","8":"product_tag-dropper-glass-bottle","10":"first","11":"instock","12":"shipping-taxable","13":"product-type-simple"},"acf":[],"yoast_head":"<!-- This site is optimized with the Yoast SEO plugin v24.1 - https:\/\/yoast.com\/wordpress\/plugins\/seo\/ -->\n<title>Clear oil lotion glass dropper bottle with pipette 30ML<\/title>\n<meta name=\"description\" content=\"This glass dropper bottle with 30ML Clear Oil Lotion is designed for easy absorption of oils and serums.The squeeze-release action effectively draws liquid into the pipette, while gentle pressure dispenses precise drops.\" \/>\n<meta name=\"robots\" content=\"index, follow, max-snippet:-1, max-image-preview:large, max-video-preview:-1\" \/>\n<link rel=\"canonical\" href=\"https:\/\/www.alovey.com\/pt\/produto\/clear-oil-lotion-glass-dropper-bottle-with-pipette-30ml\/\" \/>\n<meta property=\"og:locale\" content=\"pt_BR\" \/>\n<meta property=\"og:type\" content=\"article\" \/>\n<meta property=\"og:title\" content=\"Clear oil lotion glass dropper bottle with pipette 30ML\" \/>\n<meta property=\"og:description\" content=\"This glass dropper bottle with 30ML Clear Oil Lotion is designed for easy absorption of oils and serums.The squeeze-release action effectively draws liquid into the pipette, while gentle pressure dispenses precise drops.\" \/>\n<meta property=\"og:url\" content=\"https:\/\/www.alovey.com\/pt\/produto\/clear-oil-lotion-glass-dropper-bottle-with-pipette-30ml\/\" \/>\n<meta property=\"og:site_name\" content=\"Best Cosmetic Packaging Manufacture\" \/>\n<meta property=\"article:modified_time\" content=\"2025-04-14T10:21:17+00:00\" \/>\n<meta property=\"og:image\" content=\"https:\/\/www.alovey.com\/wp-content\/uploads\/2025\/04\/Clear-oil-lotion-glass-dropper-bottle-with-pipette-30ML-7.jpg\" \/>\n\t<meta property=\"og:image:width\" content=\"750\" \/>\n\t<meta property=\"og:image:height\" content=\"750\" \/>\n\t<meta property=\"og:image:type\" content=\"image\/jpeg\" \/>\n<meta name=\"twitter:card\" content=\"summary_large_image\" \/>\n<meta name=\"twitter:label1\" content=\"Est. tempo de leitura\" \/>\n\t<meta name=\"twitter:data1\" content=\"2 minutos\" \/>\n<script type=\"application\/ld+json\" class=\"yoast-schema-graph\">{\"@context\":\"https:\/\/schema.org\",\"@graph\":[{\"@type\":\"WebPage\",\"@id\":\"https:\/\/www.alovey.com\/product\/clear-oil-lotion-glass-dropper-bottle-with-pipette-30ml\/\",\"url\":\"https:\/\/www.alovey.com\/product\/clear-oil-lotion-glass-dropper-bottle-with-pipette-30ml\/\",\"name\":\"Clear oil lotion glass dropper bottle with pipette 30ML\",\"isPartOf\":{\"@id\":\"https:\/\/www.alovey.com\/#website\"},\"primaryImageOfPage\":{\"@id\":\"https:\/\/www.alovey.com\/product\/clear-oil-lotion-glass-dropper-bottle-with-pipette-30ml\/#primaryimage\"},\"image\":{\"@id\":\"https:\/\/www.alovey.com\/product\/clear-oil-lotion-glass-dropper-bottle-with-pipette-30ml\/#primaryimage\"},\"thumbnailUrl\":\"https:\/\/www.alovey.com\/wp-content\/uploads\/2025\/04\/Clear-oil-lotion-glass-dropper-bottle-with-pipette-30ML-7.jpg\",\"datePublished\":\"2025-04-14T08:54:46+00:00\",\"dateModified\":\"2025-04-14T10:21:17+00:00\",\"description\":\"This glass dropper bottle with 30ML Clear Oil Lotion is designed for easy absorption of oils and serums.The squeeze-release action effectively draws liquid into the pipette, while gentle pressure dispenses precise drops.\",\"breadcrumb\":{\"@id\":\"https:\/\/www.alovey.com\/product\/clear-oil-lotion-glass-dropper-bottle-with-pipette-30ml\/#breadcrumb\"},\"inLanguage\":\"pt-BR\",\"potentialAction\":[{\"@type\":\"ReadAction\",\"target\":[\"https:\/\/www.alovey.com\/product\/clear-oil-lotion-glass-dropper-bottle-with-pipette-30ml\/\"]}]},{\"@type\":\"ImageObject\",\"inLanguage\":\"pt-BR\",\"@id\":\"https:\/\/www.alovey.com\/product\/clear-oil-lotion-glass-dropper-bottle-with-pipette-30ml\/#primaryimage\",\"url\":\"https:\/\/www.alovey.com\/wp-content\/uploads\/2025\/04\/Clear-oil-lotion-glass-dropper-bottle-with-pipette-30ML-7.jpg\",\"contentUrl\":\"https:\/\/www.alovey.com\/wp-content\/uploads\/2025\/04\/Clear-oil-lotion-glass-dropper-bottle-with-pipette-30ML-7.jpg\",\"width\":750,\"height\":750,\"caption\":\"Clear oil lotion glass dropper bottle with pipette 30ML\"},{\"@type\":\"BreadcrumbList\",\"@id\":\"https:\/\/www.alovey.com\/product\/clear-oil-lotion-glass-dropper-bottle-with-pipette-30ml\/#breadcrumb\",\"itemListElement\":[{\"@type\":\"ListItem\",\"position\":1,\"name\":\"\u9996\u9875\",\"item\":\"https:\/\/www.alovey.com\/\"},{\"@type\":\"ListItem\",\"position\":2,\"name\":\"Products\",\"item\":\"https:\/\/www.alovey.com\/products\/\"},{\"@type\":\"ListItem\",\"position\":3,\"name\":\"Clear oil lotion glass dropper bottle with pipette 30ML\"}]},{\"@type\":\"WebSite\",\"@id\":\"https:\/\/www.alovey.com\/#website\",\"url\":\"https:\/\/www.alovey.com\/\",\"name\":\"Best Cosmetic Packaging Manufacture\",\"description\":\"Alovey Cosmetic Packaging Co.,Ltd\",\"publisher\":{\"@id\":\"https:\/\/www.alovey.com\/#organization\"},\"potentialAction\":[{\"@type\":\"SearchAction\",\"target\":{\"@type\":\"EntryPoint\",\"urlTemplate\":\"https:\/\/www.alovey.com\/?s={search_term_string}\"},\"query-input\":{\"@type\":\"PropertyValueSpecification\",\"valueRequired\":true,\"valueName\":\"search_term_string\"}}],\"inLanguage\":\"pt-BR\"},{\"@type\":\"Organization\",\"@id\":\"https:\/\/www.alovey.com\/#organization\",\"name\":\"Best Cosmetic Packaging Manufacture\",\"url\":\"https:\/\/www.alovey.com\/\",\"logo\":{\"@type\":\"ImageObject\",\"inLanguage\":\"pt-BR\",\"@id\":\"https:\/\/www.alovey.com\/#\/schema\/logo\/image\/\",\"url\":\"https:\/\/www.alovey.com\/wp-content\/uploads\/2023\/03\/logo.png\",\"contentUrl\":\"https:\/\/www.alovey.com\/wp-content\/uploads\/2023\/03\/logo.png\",\"width\":505,\"height\":180,\"caption\":\"Best  Cosmetic Packaging Manufacture\"},\"image\":{\"@id\":\"https:\/\/www.alovey.com\/#\/schema\/logo\/image\/\"}}]}<\/script>\n<!-- \/ Yoast SEO plugin. -->","yoast_head_json":{"title":"Clear oil lotion glass dropper bottle with pipette 30ML","description":"This glass dropper bottle with 30ML Clear Oil Lotion is designed for easy absorption of oils and serums.The squeeze-release action effectively draws liquid into the pipette, while gentle pressure dispenses precise drops.","robots":{"index":"index","follow":"follow","max-snippet":"max-snippet:-1","max-image-preview":"max-image-preview:large","max-video-preview":"max-video-preview:-1"},"canonical":"https:\/\/www.alovey.com\/pt\/produto\/clear-oil-lotion-glass-dropper-bottle-with-pipette-30ml\/","og_locale":"pt_BR","og_type":"article","og_title":"Clear oil lotion glass dropper bottle with pipette 30ML","og_description":"This glass dropper bottle with 30ML Clear Oil Lotion is designed for easy absorption of oils and serums.The squeeze-release action effectively draws liquid into the pipette, while gentle pressure dispenses precise drops.","og_url":"https:\/\/www.alovey.com\/pt\/produto\/clear-oil-lotion-glass-dropper-bottle-with-pipette-30ml\/","og_site_name":"Best Cosmetic Packaging Manufacture","article_modified_time":"2025-04-14T10:21:17+00:00","og_image":[{"width":750,"height":750,"url":"https:\/\/www.alovey.com\/wp-content\/uploads\/2025\/04\/Clear-oil-lotion-glass-dropper-bottle-with-pipette-30ML-7.jpg","type":"image\/jpeg"}],"twitter_card":"summary_large_image","twitter_misc":{"Est. tempo de leitura":"2 minutos"},"schema":{"@context":"https:\/\/schema.org","@graph":[{"@type":"WebPage","@id":"https:\/\/www.alovey.com\/product\/clear-oil-lotion-glass-dropper-bottle-with-pipette-30ml\/","url":"https:\/\/www.alovey.com\/product\/clear-oil-lotion-glass-dropper-bottle-with-pipette-30ml\/","name":"Clear oil lotion glass dropper bottle with pipette 30ML","isPartOf":{"@id":"https:\/\/www.alovey.com\/#website"},"primaryImageOfPage":{"@id":"https:\/\/www.alovey.com\/product\/clear-oil-lotion-glass-dropper-bottle-with-pipette-30ml\/#primaryimage"},"image":{"@id":"https:\/\/www.alovey.com\/product\/clear-oil-lotion-glass-dropper-bottle-with-pipette-30ml\/#primaryimage"},"thumbnailUrl":"https:\/\/www.alovey.com\/wp-content\/uploads\/2025\/04\/Clear-oil-lotion-glass-dropper-bottle-with-pipette-30ML-7.jpg","datePublished":"2025-04-14T08:54:46+00:00","dateModified":"2025-04-14T10:21:17+00:00","description":"This glass dropper bottle with 30ML Clear Oil Lotion is designed for easy absorption of oils and serums.The squeeze-release action effectively draws liquid into the pipette, while gentle pressure dispenses precise drops.","breadcrumb":{"@id":"https:\/\/www.alovey.com\/product\/clear-oil-lotion-glass-dropper-bottle-with-pipette-30ml\/#breadcrumb"},"inLanguage":"pt-BR","potentialAction":[{"@type":"ReadAction","target":["https:\/\/www.alovey.com\/product\/clear-oil-lotion-glass-dropper-bottle-with-pipette-30ml\/"]}]},{"@type":"ImageObject","inLanguage":"pt-BR","@id":"https:\/\/www.alovey.com\/product\/clear-oil-lotion-glass-dropper-bottle-with-pipette-30ml\/#primaryimage","url":"https:\/\/www.alovey.com\/wp-content\/uploads\/2025\/04\/Clear-oil-lotion-glass-dropper-bottle-with-pipette-30ML-7.jpg","contentUrl":"https:\/\/www.alovey.com\/wp-content\/uploads\/2025\/04\/Clear-oil-lotion-glass-dropper-bottle-with-pipette-30ML-7.jpg","width":750,"height":750,"caption":"Clear oil lotion glass dropper bottle with pipette 30ML"},{"@type":"BreadcrumbList","@id":"https:\/\/www.alovey.com\/product\/clear-oil-lotion-glass-dropper-bottle-with-pipette-30ml\/#breadcrumb","itemListElement":[{"@type":"ListItem","position":1,"name":"\u9996\u9875","item":"https:\/\/www.alovey.com\/"},{"@type":"ListItem","position":2,"name":"Products","item":"https:\/\/www.alovey.com\/products\/"},{"@type":"ListItem","position":3,"name":"Clear oil lotion glass dropper bottle with pipette 30ML"}]},{"@type":"WebSite","@id":"https:\/\/www.alovey.com\/#website","url":"https:\/\/www.alovey.com\/","name":"Best Cosmetic Packaging Manufacture","description":"Alovey Cosmetic Packaging Co.,Ltd","publisher":{"@id":"https:\/\/www.alovey.com\/#organization"},"potentialAction":[{"@type":"SearchAction","target":{"@type":"EntryPoint","urlTemplate":"https:\/\/www.alovey.com\/?s={search_term_string}"},"query-input":{"@type":"PropertyValueSpecification","valueRequired":true,"valueName":"search_term_string"}}],"inLanguage":"pt-BR"},{"@type":"Organization","@id":"https:\/\/www.alovey.com\/#organization","name":"Best Cosmetic Packaging Manufacture","url":"https:\/\/www.alovey.com\/","logo":{"@type":"ImageObject","inLanguage":"pt-BR","@id":"https:\/\/www.alovey.com\/#\/schema\/logo\/image\/","url":"https:\/\/www.alovey.com\/wp-content\/uploads\/2023\/03\/logo.png","contentUrl":"https:\/\/www.alovey.com\/wp-content\/uploads\/2023\/03\/logo.png","width":505,"height":180,"caption":"Best  Cosmetic Packaging Manufacture"},"image":{"@id":"https:\/\/www.alovey.com\/#\/schema\/logo\/image\/"}}]}},"_links":{"self":[{"href":"https:\/\/www.alovey.com\/pt\/wp-json\/wp\/v2\/product\/10299"}],"collection":[{"href":"https:\/\/www.alovey.com\/pt\/wp-json\/wp\/v2\/product"}],"about":[{"href":"https:\/\/www.alovey.com\/pt\/wp-json\/wp\/v2\/types\/product"}],"wp:featuredmedia":[{"embeddable":true,"href":"https:\/\/www.alovey.com\/pt\/wp-json\/wp\/v2\/media\/10300"}],"wp:attachment":[{"href":"https:\/\/www.alovey.com\/pt\/wp-json\/wp\/v2\/media?parent=10299"}],"wp:term":[{"taxonomy":"product_brand","embeddable":true,"href":"https:\/\/www.alovey.com\/pt\/wp-json\/wp\/v2\/product_brand?post=10299"},{"taxonomy":"product_cat","embeddable":true,"href":"https:\/\/www.alovey.com\/pt\/wp-json\/wp\/v2\/product_cat?post=10299"},{"taxonomy":"product_tag","embeddable":true,"href":"https:\/\/www.alovey.com\/pt\/wp-json\/wp\/v2\/product_tag?post=10299"}],"curies":[{"name":"wp","href":"https:\/\/api.w.org\/{rel}","templated":true}]}}