{"id":10057,"date":"2025-03-13T02:02:39","date_gmt":"2025-03-13T02:02:39","guid":{"rendered":"https:\/\/www.alovey.com\/?post_type=product&#038;p=10057"},"modified":"2025-03-13T02:15:50","modified_gmt":"2025-03-13T02:15:50","slug":"wholesale-magnetic-lipstick-tube-with-gradient-color","status":"publish","type":"product","link":"https:\/\/www.alovey.com\/pt\/produto\/wholesale-magnetic-lipstick-tube-with-gradient-color\/","title":{"rendered":"Wholesale magnetic lipstick tube\u200b with  gradient color and  triangle shape"},"content":{"rendered":"<p><strong>We wholesale magnetic lipstick tube\u200b with gradient color and triangle shape in ABS materials.\u00a0<\/strong><\/p>\n<p><strong>Our lipstick containers are designed to be sturdy and portable, providing the convenience of carrying your favorite lip products without the worry of breakage or leakage.<\/strong><\/p>\n<p><strong>A Alovey, como fabricante profissional chinesa de embalagens para cosm\u00e9ticos, produz uma linha requintada de embalagens personalizadas para cosm\u00e9ticos, meticulosamente elaboradas para elevar sua marca. Nossa sele\u00e7\u00e3o diversificada de materiais premium, combinada com t\u00e9cnicas delicadas de acabamento de superf\u00edcie, como impress\u00e3o em tela de seda, hot stamping e pulveriza\u00e7\u00e3o fosca, garante que cada embalagem seja uma obra-prima exclusiva.<\/strong><\/p>\n<p><img fetchpriority=\"high\" decoding=\"async\" class=\"size-full wp-image-10063\" src=\"https:\/\/www.alovey.com\/wp-content\/uploads\/2025\/03\/Metallic-gradient-magnetic-lipstick-case-with-triangle-shape-5.jpg\" alt=\"Metallic gradient magnetic lipstick case with triangle shape\" width=\"750\" height=\"750\" srcset=\"https:\/\/www.alovey.com\/wp-content\/uploads\/2025\/03\/Metallic-gradient-magnetic-lipstick-case-with-triangle-shape-5.jpg 750w, https:\/\/www.alovey.com\/wp-content\/uploads\/2025\/03\/Metallic-gradient-magnetic-lipstick-case-with-triangle-shape-5-300x300.jpg 300w, https:\/\/www.alovey.com\/wp-content\/uploads\/2025\/03\/Metallic-gradient-magnetic-lipstick-case-with-triangle-shape-5-150x150.jpg 150w, https:\/\/www.alovey.com\/wp-content\/uploads\/2025\/03\/Metallic-gradient-magnetic-lipstick-case-with-triangle-shape-5-600x600.jpg 600w, https:\/\/www.alovey.com\/wp-content\/uploads\/2025\/03\/Metallic-gradient-magnetic-lipstick-case-with-triangle-shape-5-100x100.jpg 100w\" sizes=\"(max-width: 750px) 100vw, 750px\" \/><\/p>\n<p><img decoding=\"async\" class=\"size-full wp-image-10062\" src=\"https:\/\/www.alovey.com\/wp-content\/uploads\/2025\/03\/Metallic-gradient-magnetic-lipstick-case-with-triangle-shape-4.jpg\" alt=\"Metallic gradient magnetic lipstick case with triangle shape\" width=\"750\" height=\"750\" srcset=\"https:\/\/www.alovey.com\/wp-content\/uploads\/2025\/03\/Metallic-gradient-magnetic-lipstick-case-with-triangle-shape-4.jpg 750w, https:\/\/www.alovey.com\/wp-content\/uploads\/2025\/03\/Metallic-gradient-magnetic-lipstick-case-with-triangle-shape-4-300x300.jpg 300w, https:\/\/www.alovey.com\/wp-content\/uploads\/2025\/03\/Metallic-gradient-magnetic-lipstick-case-with-triangle-shape-4-150x150.jpg 150w, https:\/\/www.alovey.com\/wp-content\/uploads\/2025\/03\/Metallic-gradient-magnetic-lipstick-case-with-triangle-shape-4-600x600.jpg 600w, https:\/\/www.alovey.com\/wp-content\/uploads\/2025\/03\/Metallic-gradient-magnetic-lipstick-case-with-triangle-shape-4-100x100.jpg 100w\" sizes=\"(max-width: 750px) 100vw, 750px\" \/><\/p>\n<p><img decoding=\"async\" class=\"size-full wp-image-10061\" src=\"https:\/\/www.alovey.com\/wp-content\/uploads\/2025\/03\/Metallic-gradient-magnetic-lipstick-case-with-triangle-shape-3.jpg\" alt=\"Metallic gradient magnetic lipstick case with triangle shape\" width=\"750\" height=\"750\" srcset=\"https:\/\/www.alovey.com\/wp-content\/uploads\/2025\/03\/Metallic-gradient-magnetic-lipstick-case-with-triangle-shape-3.jpg 750w, https:\/\/www.alovey.com\/wp-content\/uploads\/2025\/03\/Metallic-gradient-magnetic-lipstick-case-with-triangle-shape-3-300x300.jpg 300w, https:\/\/www.alovey.com\/wp-content\/uploads\/2025\/03\/Metallic-gradient-magnetic-lipstick-case-with-triangle-shape-3-150x150.jpg 150w, https:\/\/www.alovey.com\/wp-content\/uploads\/2025\/03\/Metallic-gradient-magnetic-lipstick-case-with-triangle-shape-3-600x600.jpg 600w, https:\/\/www.alovey.com\/wp-content\/uploads\/2025\/03\/Metallic-gradient-magnetic-lipstick-case-with-triangle-shape-3-100x100.jpg 100w\" sizes=\"(max-width: 750px) 100vw, 750px\" \/><\/p>\n<p><img loading=\"lazy\" decoding=\"async\" class=\"size-full wp-image-10060\" src=\"https:\/\/www.alovey.com\/wp-content\/uploads\/2025\/03\/Metallic-gradient-magnetic-lipstick-case-with-triangle-shape-2.jpg\" alt=\"Metallic gradient magnetic lipstick case with triangle shape\" width=\"750\" height=\"750\" srcset=\"https:\/\/www.alovey.com\/wp-content\/uploads\/2025\/03\/Metallic-gradient-magnetic-lipstick-case-with-triangle-shape-2.jpg 750w, https:\/\/www.alovey.com\/wp-content\/uploads\/2025\/03\/Metallic-gradient-magnetic-lipstick-case-with-triangle-shape-2-300x300.jpg 300w, https:\/\/www.alovey.com\/wp-content\/uploads\/2025\/03\/Metallic-gradient-magnetic-lipstick-case-with-triangle-shape-2-150x150.jpg 150w, https:\/\/www.alovey.com\/wp-content\/uploads\/2025\/03\/Metallic-gradient-magnetic-lipstick-case-with-triangle-shape-2-600x600.jpg 600w, https:\/\/www.alovey.com\/wp-content\/uploads\/2025\/03\/Metallic-gradient-magnetic-lipstick-case-with-triangle-shape-2-100x100.jpg 100w\" sizes=\"(max-width: 750px) 100vw, 750px\" \/><\/p>\n<p><img loading=\"lazy\" decoding=\"async\" class=\"size-full wp-image-10059\" src=\"https:\/\/www.alovey.com\/wp-content\/uploads\/2025\/03\/Metallic-gradient-magnetic-lipstick-case-with-triangle-shape-1.jpg\" alt=\"Metallic gradient magnetic lipstick case with triangle shape\" width=\"750\" height=\"750\" srcset=\"https:\/\/www.alovey.com\/wp-content\/uploads\/2025\/03\/Metallic-gradient-magnetic-lipstick-case-with-triangle-shape-1.jpg 750w, https:\/\/www.alovey.com\/wp-content\/uploads\/2025\/03\/Metallic-gradient-magnetic-lipstick-case-with-triangle-shape-1-300x300.jpg 300w, https:\/\/www.alovey.com\/wp-content\/uploads\/2025\/03\/Metallic-gradient-magnetic-lipstick-case-with-triangle-shape-1-150x150.jpg 150w, https:\/\/www.alovey.com\/wp-content\/uploads\/2025\/03\/Metallic-gradient-magnetic-lipstick-case-with-triangle-shape-1-600x600.jpg 600w, https:\/\/www.alovey.com\/wp-content\/uploads\/2025\/03\/Metallic-gradient-magnetic-lipstick-case-with-triangle-shape-1-100x100.jpg 100w\" sizes=\"(max-width: 750px) 100vw, 750px\" \/><\/p>\n<p><img loading=\"lazy\" decoding=\"async\" class=\"size-full wp-image-10058\" src=\"https:\/\/www.alovey.com\/wp-content\/uploads\/2025\/03\/Metallic-gradient-magnetic-lipstick-case-with-triangle-shape-6.jpg\" alt=\"Metallic gradient magnetic lipstick case with triangle shape\" width=\"750\" height=\"750\" srcset=\"https:\/\/www.alovey.com\/wp-content\/uploads\/2025\/03\/Metallic-gradient-magnetic-lipstick-case-with-triangle-shape-6.jpg 750w, https:\/\/www.alovey.com\/wp-content\/uploads\/2025\/03\/Metallic-gradient-magnetic-lipstick-case-with-triangle-shape-6-300x300.jpg 300w, https:\/\/www.alovey.com\/wp-content\/uploads\/2025\/03\/Metallic-gradient-magnetic-lipstick-case-with-triangle-shape-6-150x150.jpg 150w, https:\/\/www.alovey.com\/wp-content\/uploads\/2025\/03\/Metallic-gradient-magnetic-lipstick-case-with-triangle-shape-6-600x600.jpg 600w, https:\/\/www.alovey.com\/wp-content\/uploads\/2025\/03\/Metallic-gradient-magnetic-lipstick-case-with-triangle-shape-6-100x100.jpg 100w\" sizes=\"(max-width: 750px) 100vw, 750px\" \/><\/p>\n<p>&nbsp;<\/p>\n<p>&nbsp;<\/p>\n<p>&nbsp;<\/p>\n<p>&nbsp;<\/p>\n<p>&nbsp;<\/p>\n<p>&nbsp;<\/p>\n<p>&nbsp;<\/p>\n<p>&nbsp;<\/p>\n<p>&nbsp;<\/p>\n<p>&nbsp;<\/p>\n<p>&nbsp;<\/p>\n<p>&nbsp;<\/p>\n<p>&nbsp;<\/p>\n<p>&nbsp;<\/p>\n<p>&nbsp;<\/p>\n<p>&nbsp;<\/p>\n<p>&nbsp;<\/p>\n<p>&nbsp;<\/p>\n<p>&nbsp;<\/p>\n<p>&nbsp;<\/p>\n<p>&nbsp;<\/p>\n<p>&nbsp;<\/p>\n<p>&nbsp;<\/p>\n<p>&nbsp;<\/p>\n<p>&nbsp;<\/p>\n<p>&nbsp;<\/p>\n<p>&nbsp;<\/p>\n<p>&nbsp;<\/p>\n<p>&nbsp;<\/p>\n<p>&nbsp;<\/p>\n<p>&nbsp;<\/p>\n<p>&nbsp;<\/p>\n<p>&nbsp;<\/p>\n<p>&nbsp;<\/p>\n<p>&nbsp;<\/p>\n<p>&nbsp;<\/p>\n<p>&nbsp;<\/p>\n<p>&nbsp;<\/p>\n<p>&nbsp;<\/p>\n<p>&nbsp;<\/p>\n<p>&nbsp;<\/p>\n<p>&nbsp;<\/p>\n<p>&nbsp;<\/p>\n<p>&nbsp;<\/p>\n<p>&nbsp;<\/p>\n<p>&nbsp;<\/p>\n<p>&nbsp;<\/p>\n<p>&nbsp;<\/p>\n<p>&nbsp;<\/p>\n<p>&nbsp;<\/p>\n<p>&nbsp;<\/p>\n<p>&nbsp;<\/p>\n<p>&nbsp;<\/p>\n<p>&nbsp;<\/p>\n<p>&nbsp;<\/p>\n<p>&nbsp;<\/p>\n<p>&nbsp;<\/p>\n<p>&nbsp;<\/p>\n<p>&nbsp;<\/p>\n<p>&nbsp;<\/p>\n<p>&nbsp;<\/p>\n<p>&nbsp;<\/p>\n<p>&nbsp;<\/p>\n<p>&nbsp;<\/p>\n<p>&nbsp;<\/p>\n<p>&nbsp;<\/p>\n<p>&nbsp;<\/p>\n<p>&nbsp;<\/p>\n<p>&nbsp;<\/p>\n<p>&nbsp;<\/p>\n<p>&nbsp;<\/p>\n<p>&nbsp;<\/p>\n<p>&nbsp;<\/p>\n<p>&nbsp;<\/p>\n<p>&nbsp;<\/p>\n<p>&nbsp;<\/p>\n<p>&nbsp;<\/p>\n<p>&nbsp;<\/p>","protected":false},"excerpt":{"rendered":"<ul>\n<li>Item No: LS-0270B<\/li>\n<li>Material: Pl\u00e1stico<\/li>\n<li>Size:\u00a0W24*H78MM<\/li>\n<li>Aplica\u00e7\u00f5es: Produtos de beleza<\/li>\n<li>MOQ: 12.000 unidades<\/li>\n<li>Cor: cor personalizada<\/li>\n<li>Tratamento de superf\u00edcie: Inje\u00e7\u00e3o\/Matte\/Metaliza\u00e7\u00e3o\/Revestimento UV<\/li>\n<li>Nome da marca: OEM\/ODM<\/li>\n<li>Logotipo: Logotipo do cliente<\/li>\n<li>Capacidade de fornecimento: 100.000 pe\u00e7as por m\u00eas<\/li>\n<\/ul>","protected":false},"featured_media":10061,"template":"","meta":{"_acf_changed":false},"product_brand":[],"product_cat":[373],"product_tag":[389,435,404],"class_list":{"0":"post-10057","1":"product","2":"type-product","3":"status-publish","4":"has-post-thumbnail","6":"product_cat-professional-lipstick-tube-supplier","7":"product_tag-lip-stick-tube","8":"product_tag-magnetic-lipstick-tube","9":"product_tag-unique-cosmetic-packaging","11":"first","12":"instock","13":"shipping-taxable","14":"product-type-simple"},"acf":[],"yoast_head":"<!-- This site is optimized with the Yoast SEO plugin v24.1 - https:\/\/yoast.com\/wordpress\/plugins\/seo\/ -->\n<title>Wholesale magnetic lipstick tube\u200b with gradient color<\/title>\n<meta name=\"description\" content=\"This black empty magnetic plastic square lipstick tube is a valuable cosmetic tool for handcrafting lip and body balms, lip sticks etc\" \/>\n<meta name=\"robots\" content=\"index, follow, max-snippet:-1, max-image-preview:large, max-video-preview:-1\" \/>\n<link rel=\"canonical\" href=\"https:\/\/www.alovey.com\/pt\/produto\/wholesale-magnetic-lipstick-tube-with-gradient-color\/\" \/>\n<meta property=\"og:locale\" content=\"pt_BR\" \/>\n<meta property=\"og:type\" content=\"article\" \/>\n<meta property=\"og:title\" content=\"Wholesale magnetic lipstick tube\u200b with gradient color\" \/>\n<meta property=\"og:description\" content=\"This black empty magnetic plastic square lipstick tube is a valuable cosmetic tool for handcrafting lip and body balms, lip sticks etc\" \/>\n<meta property=\"og:url\" content=\"https:\/\/www.alovey.com\/pt\/produto\/wholesale-magnetic-lipstick-tube-with-gradient-color\/\" \/>\n<meta property=\"og:site_name\" content=\"Best Cosmetic Packaging Manufacture\" \/>\n<meta property=\"article:modified_time\" content=\"2025-03-13T02:15:50+00:00\" \/>\n<meta property=\"og:image\" content=\"https:\/\/www.alovey.com\/wp-content\/uploads\/2025\/03\/Metallic-gradient-magnetic-lipstick-case-with-triangle-shape-3.jpg\" \/>\n\t<meta property=\"og:image:width\" content=\"750\" \/>\n\t<meta property=\"og:image:height\" content=\"750\" \/>\n\t<meta property=\"og:image:type\" content=\"image\/jpeg\" \/>\n<meta name=\"twitter:card\" content=\"summary_large_image\" \/>\n<meta name=\"twitter:label1\" content=\"Est. tempo de leitura\" \/>\n\t<meta name=\"twitter:data1\" content=\"2 minutos\" \/>\n<script type=\"application\/ld+json\" class=\"yoast-schema-graph\">{\"@context\":\"https:\/\/schema.org\",\"@graph\":[{\"@type\":\"WebPage\",\"@id\":\"https:\/\/www.alovey.com\/product\/wholesale-magnetic-lipstick-tube-with-gradient-color\/\",\"url\":\"https:\/\/www.alovey.com\/product\/wholesale-magnetic-lipstick-tube-with-gradient-color\/\",\"name\":\"Wholesale magnetic lipstick tube\u200b with gradient color\",\"isPartOf\":{\"@id\":\"https:\/\/www.alovey.com\/#website\"},\"primaryImageOfPage\":{\"@id\":\"https:\/\/www.alovey.com\/product\/wholesale-magnetic-lipstick-tube-with-gradient-color\/#primaryimage\"},\"image\":{\"@id\":\"https:\/\/www.alovey.com\/product\/wholesale-magnetic-lipstick-tube-with-gradient-color\/#primaryimage\"},\"thumbnailUrl\":\"https:\/\/www.alovey.com\/wp-content\/uploads\/2025\/03\/Metallic-gradient-magnetic-lipstick-case-with-triangle-shape-3.jpg\",\"datePublished\":\"2025-03-13T02:02:39+00:00\",\"dateModified\":\"2025-03-13T02:15:50+00:00\",\"description\":\"This black empty magnetic plastic square lipstick tube is a valuable cosmetic tool for handcrafting lip and body balms, lip sticks etc\",\"breadcrumb\":{\"@id\":\"https:\/\/www.alovey.com\/product\/wholesale-magnetic-lipstick-tube-with-gradient-color\/#breadcrumb\"},\"inLanguage\":\"pt-BR\",\"potentialAction\":[{\"@type\":\"ReadAction\",\"target\":[\"https:\/\/www.alovey.com\/product\/wholesale-magnetic-lipstick-tube-with-gradient-color\/\"]}]},{\"@type\":\"ImageObject\",\"inLanguage\":\"pt-BR\",\"@id\":\"https:\/\/www.alovey.com\/product\/wholesale-magnetic-lipstick-tube-with-gradient-color\/#primaryimage\",\"url\":\"https:\/\/www.alovey.com\/wp-content\/uploads\/2025\/03\/Metallic-gradient-magnetic-lipstick-case-with-triangle-shape-3.jpg\",\"contentUrl\":\"https:\/\/www.alovey.com\/wp-content\/uploads\/2025\/03\/Metallic-gradient-magnetic-lipstick-case-with-triangle-shape-3.jpg\",\"width\":750,\"height\":750,\"caption\":\"Metallic gradient magnetic lipstick case with triangle shape\"},{\"@type\":\"BreadcrumbList\",\"@id\":\"https:\/\/www.alovey.com\/product\/wholesale-magnetic-lipstick-tube-with-gradient-color\/#breadcrumb\",\"itemListElement\":[{\"@type\":\"ListItem\",\"position\":1,\"name\":\"\u9996\u9875\",\"item\":\"https:\/\/www.alovey.com\/\"},{\"@type\":\"ListItem\",\"position\":2,\"name\":\"Products\",\"item\":\"https:\/\/www.alovey.com\/products\/\"},{\"@type\":\"ListItem\",\"position\":3,\"name\":\"Wholesale magnetic lipstick tube\u200b with gradient color and triangle shape\"}]},{\"@type\":\"WebSite\",\"@id\":\"https:\/\/www.alovey.com\/#website\",\"url\":\"https:\/\/www.alovey.com\/\",\"name\":\"Best Cosmetic Packaging Manufacture\",\"description\":\"Alovey Cosmetic Packaging Co.,Ltd\",\"publisher\":{\"@id\":\"https:\/\/www.alovey.com\/#organization\"},\"potentialAction\":[{\"@type\":\"SearchAction\",\"target\":{\"@type\":\"EntryPoint\",\"urlTemplate\":\"https:\/\/www.alovey.com\/?s={search_term_string}\"},\"query-input\":{\"@type\":\"PropertyValueSpecification\",\"valueRequired\":true,\"valueName\":\"search_term_string\"}}],\"inLanguage\":\"pt-BR\"},{\"@type\":\"Organization\",\"@id\":\"https:\/\/www.alovey.com\/#organization\",\"name\":\"Best Cosmetic Packaging Manufacture\",\"url\":\"https:\/\/www.alovey.com\/\",\"logo\":{\"@type\":\"ImageObject\",\"inLanguage\":\"pt-BR\",\"@id\":\"https:\/\/www.alovey.com\/#\/schema\/logo\/image\/\",\"url\":\"https:\/\/www.alovey.com\/wp-content\/uploads\/2023\/03\/logo.png\",\"contentUrl\":\"https:\/\/www.alovey.com\/wp-content\/uploads\/2023\/03\/logo.png\",\"width\":505,\"height\":180,\"caption\":\"Best  Cosmetic Packaging Manufacture\"},\"image\":{\"@id\":\"https:\/\/www.alovey.com\/#\/schema\/logo\/image\/\"}}]}<\/script>\n<!-- \/ Yoast SEO plugin. -->","yoast_head_json":{"title":"Wholesale magnetic lipstick tube\u200b with gradient color","description":"This black empty magnetic plastic square lipstick tube is a valuable cosmetic tool for handcrafting lip and body balms, lip sticks etc","robots":{"index":"index","follow":"follow","max-snippet":"max-snippet:-1","max-image-preview":"max-image-preview:large","max-video-preview":"max-video-preview:-1"},"canonical":"https:\/\/www.alovey.com\/pt\/produto\/wholesale-magnetic-lipstick-tube-with-gradient-color\/","og_locale":"pt_BR","og_type":"article","og_title":"Wholesale magnetic lipstick tube\u200b with gradient color","og_description":"This black empty magnetic plastic square lipstick tube is a valuable cosmetic tool for handcrafting lip and body balms, lip sticks etc","og_url":"https:\/\/www.alovey.com\/pt\/produto\/wholesale-magnetic-lipstick-tube-with-gradient-color\/","og_site_name":"Best Cosmetic Packaging Manufacture","article_modified_time":"2025-03-13T02:15:50+00:00","og_image":[{"width":750,"height":750,"url":"https:\/\/www.alovey.com\/wp-content\/uploads\/2025\/03\/Metallic-gradient-magnetic-lipstick-case-with-triangle-shape-3.jpg","type":"image\/jpeg"}],"twitter_card":"summary_large_image","twitter_misc":{"Est. tempo de leitura":"2 minutos"},"schema":{"@context":"https:\/\/schema.org","@graph":[{"@type":"WebPage","@id":"https:\/\/www.alovey.com\/product\/wholesale-magnetic-lipstick-tube-with-gradient-color\/","url":"https:\/\/www.alovey.com\/product\/wholesale-magnetic-lipstick-tube-with-gradient-color\/","name":"Wholesale magnetic lipstick tube\u200b with gradient color","isPartOf":{"@id":"https:\/\/www.alovey.com\/#website"},"primaryImageOfPage":{"@id":"https:\/\/www.alovey.com\/product\/wholesale-magnetic-lipstick-tube-with-gradient-color\/#primaryimage"},"image":{"@id":"https:\/\/www.alovey.com\/product\/wholesale-magnetic-lipstick-tube-with-gradient-color\/#primaryimage"},"thumbnailUrl":"https:\/\/www.alovey.com\/wp-content\/uploads\/2025\/03\/Metallic-gradient-magnetic-lipstick-case-with-triangle-shape-3.jpg","datePublished":"2025-03-13T02:02:39+00:00","dateModified":"2025-03-13T02:15:50+00:00","description":"This black empty magnetic plastic square lipstick tube is a valuable cosmetic tool for handcrafting lip and body balms, lip sticks etc","breadcrumb":{"@id":"https:\/\/www.alovey.com\/product\/wholesale-magnetic-lipstick-tube-with-gradient-color\/#breadcrumb"},"inLanguage":"pt-BR","potentialAction":[{"@type":"ReadAction","target":["https:\/\/www.alovey.com\/product\/wholesale-magnetic-lipstick-tube-with-gradient-color\/"]}]},{"@type":"ImageObject","inLanguage":"pt-BR","@id":"https:\/\/www.alovey.com\/product\/wholesale-magnetic-lipstick-tube-with-gradient-color\/#primaryimage","url":"https:\/\/www.alovey.com\/wp-content\/uploads\/2025\/03\/Metallic-gradient-magnetic-lipstick-case-with-triangle-shape-3.jpg","contentUrl":"https:\/\/www.alovey.com\/wp-content\/uploads\/2025\/03\/Metallic-gradient-magnetic-lipstick-case-with-triangle-shape-3.jpg","width":750,"height":750,"caption":"Metallic gradient magnetic lipstick case with triangle shape"},{"@type":"BreadcrumbList","@id":"https:\/\/www.alovey.com\/product\/wholesale-magnetic-lipstick-tube-with-gradient-color\/#breadcrumb","itemListElement":[{"@type":"ListItem","position":1,"name":"\u9996\u9875","item":"https:\/\/www.alovey.com\/"},{"@type":"ListItem","position":2,"name":"Products","item":"https:\/\/www.alovey.com\/products\/"},{"@type":"ListItem","position":3,"name":"Wholesale magnetic lipstick tube\u200b with gradient color and triangle shape"}]},{"@type":"WebSite","@id":"https:\/\/www.alovey.com\/#website","url":"https:\/\/www.alovey.com\/","name":"Best Cosmetic Packaging Manufacture","description":"Alovey Cosmetic Packaging Co.,Ltd","publisher":{"@id":"https:\/\/www.alovey.com\/#organization"},"potentialAction":[{"@type":"SearchAction","target":{"@type":"EntryPoint","urlTemplate":"https:\/\/www.alovey.com\/?s={search_term_string}"},"query-input":{"@type":"PropertyValueSpecification","valueRequired":true,"valueName":"search_term_string"}}],"inLanguage":"pt-BR"},{"@type":"Organization","@id":"https:\/\/www.alovey.com\/#organization","name":"Best Cosmetic Packaging Manufacture","url":"https:\/\/www.alovey.com\/","logo":{"@type":"ImageObject","inLanguage":"pt-BR","@id":"https:\/\/www.alovey.com\/#\/schema\/logo\/image\/","url":"https:\/\/www.alovey.com\/wp-content\/uploads\/2023\/03\/logo.png","contentUrl":"https:\/\/www.alovey.com\/wp-content\/uploads\/2023\/03\/logo.png","width":505,"height":180,"caption":"Best  Cosmetic Packaging Manufacture"},"image":{"@id":"https:\/\/www.alovey.com\/#\/schema\/logo\/image\/"}}]}},"_links":{"self":[{"href":"https:\/\/www.alovey.com\/pt\/wp-json\/wp\/v2\/product\/10057"}],"collection":[{"href":"https:\/\/www.alovey.com\/pt\/wp-json\/wp\/v2\/product"}],"about":[{"href":"https:\/\/www.alovey.com\/pt\/wp-json\/wp\/v2\/types\/product"}],"wp:featuredmedia":[{"embeddable":true,"href":"https:\/\/www.alovey.com\/pt\/wp-json\/wp\/v2\/media\/10061"}],"wp:attachment":[{"href":"https:\/\/www.alovey.com\/pt\/wp-json\/wp\/v2\/media?parent=10057"}],"wp:term":[{"taxonomy":"product_brand","embeddable":true,"href":"https:\/\/www.alovey.com\/pt\/wp-json\/wp\/v2\/product_brand?post=10057"},{"taxonomy":"product_cat","embeddable":true,"href":"https:\/\/www.alovey.com\/pt\/wp-json\/wp\/v2\/product_cat?post=10057"},{"taxonomy":"product_tag","embeddable":true,"href":"https:\/\/www.alovey.com\/pt\/wp-json\/wp\/v2\/product_tag?post=10057"}],"curies":[{"name":"wp","href":"https:\/\/api.w.org\/{rel}","templated":true}]}}