{"id":9908,"date":"2025-03-01T07:23:59","date_gmt":"2025-03-01T07:23:59","guid":{"rendered":"https:\/\/www.alovey.com\/?post_type=product&#038;p=9908"},"modified":"2025-03-03T01:46:03","modified_gmt":"2025-03-03T01:46:03","slug":"custom-lip-gloss-tubes-with-square-shape-8ml","status":"publish","type":"product","link":"https:\/\/www.alovey.com\/fr\/produit\/custom-lip-gloss-tubes-with-square-shape-8ml\/","title":{"rendered":"Tube de gloss personnalis\u00e9 de forme carr\u00e9e 8ml"},"content":{"rendered":"<p><strong>Custom lip gloss tubes with square shape 8ml have heart shape applicator.<\/strong><\/p>\n<p><strong>These lip gloss tubes are made from premium materials, ensuring durability and longevity.<\/strong><\/p>\n<p><strong>The empty design allows you to customize and fill them with your favorite lip gloss formulas.<\/strong><\/p>\n<p><strong>Alovey, fabricant professionnel chinois d'emballages cosm\u00e9tiques, produit une gamme exquise d'emballages cosm\u00e9tiques personnalis\u00e9s, m\u00e9ticuleusement con\u00e7us pour rehausser votre marque. Notre s\u00e9lection vari\u00e9e de mat\u00e9riaux de premi\u00e8re qualit\u00e9, associ\u00e9e \u00e0 des techniques de finition de surface d\u00e9licates telles que la s\u00e9rigraphie, l'estampage \u00e0 chaud et la pulv\u00e9risation mate, fait de chaque emballage un chef-d'\u0153uvre unique.<\/strong><\/p>\n<p><img fetchpriority=\"high\" decoding=\"async\" class=\"size-full wp-image-9915\" src=\"https:\/\/www.alovey.com\/wp-content\/uploads\/2025\/03\/Custom-lip-gloss-tubes-with-square-shape-8ml-1.jpg\" alt=\"Custom lip gloss tubes\" width=\"750\" height=\"750\" srcset=\"https:\/\/www.alovey.com\/wp-content\/uploads\/2025\/03\/Custom-lip-gloss-tubes-with-square-shape-8ml-1.jpg 750w, https:\/\/www.alovey.com\/wp-content\/uploads\/2025\/03\/Custom-lip-gloss-tubes-with-square-shape-8ml-1-300x300.jpg 300w, https:\/\/www.alovey.com\/wp-content\/uploads\/2025\/03\/Custom-lip-gloss-tubes-with-square-shape-8ml-1-150x150.jpg 150w, https:\/\/www.alovey.com\/wp-content\/uploads\/2025\/03\/Custom-lip-gloss-tubes-with-square-shape-8ml-1-600x600.jpg 600w, https:\/\/www.alovey.com\/wp-content\/uploads\/2025\/03\/Custom-lip-gloss-tubes-with-square-shape-8ml-1-100x100.jpg 100w\" sizes=\"(max-width: 750px) 100vw, 750px\" \/><\/p>\n<p><img decoding=\"async\" class=\"size-full wp-image-9914\" src=\"https:\/\/www.alovey.com\/wp-content\/uploads\/2025\/03\/Custom-lip-gloss-tubes-with-square-shape-8ml-8.jpg\" alt=\"Custom lip gloss tubes\" width=\"750\" height=\"750\" srcset=\"https:\/\/www.alovey.com\/wp-content\/uploads\/2025\/03\/Custom-lip-gloss-tubes-with-square-shape-8ml-8.jpg 750w, https:\/\/www.alovey.com\/wp-content\/uploads\/2025\/03\/Custom-lip-gloss-tubes-with-square-shape-8ml-8-300x300.jpg 300w, https:\/\/www.alovey.com\/wp-content\/uploads\/2025\/03\/Custom-lip-gloss-tubes-with-square-shape-8ml-8-150x150.jpg 150w, https:\/\/www.alovey.com\/wp-content\/uploads\/2025\/03\/Custom-lip-gloss-tubes-with-square-shape-8ml-8-600x600.jpg 600w, https:\/\/www.alovey.com\/wp-content\/uploads\/2025\/03\/Custom-lip-gloss-tubes-with-square-shape-8ml-8-100x100.jpg 100w\" sizes=\"(max-width: 750px) 100vw, 750px\" \/><\/p>\n<p><img decoding=\"async\" class=\"size-full wp-image-9913\" src=\"https:\/\/www.alovey.com\/wp-content\/uploads\/2025\/03\/Custom-lip-gloss-tubes-with-square-shape-8ml-7.jpg\" alt=\"Custom lip gloss tubes\" width=\"750\" height=\"750\" srcset=\"https:\/\/www.alovey.com\/wp-content\/uploads\/2025\/03\/Custom-lip-gloss-tubes-with-square-shape-8ml-7.jpg 750w, https:\/\/www.alovey.com\/wp-content\/uploads\/2025\/03\/Custom-lip-gloss-tubes-with-square-shape-8ml-7-300x300.jpg 300w, https:\/\/www.alovey.com\/wp-content\/uploads\/2025\/03\/Custom-lip-gloss-tubes-with-square-shape-8ml-7-150x150.jpg 150w, https:\/\/www.alovey.com\/wp-content\/uploads\/2025\/03\/Custom-lip-gloss-tubes-with-square-shape-8ml-7-600x600.jpg 600w, https:\/\/www.alovey.com\/wp-content\/uploads\/2025\/03\/Custom-lip-gloss-tubes-with-square-shape-8ml-7-100x100.jpg 100w\" sizes=\"(max-width: 750px) 100vw, 750px\" \/><\/p>\n<p><img loading=\"lazy\" decoding=\"async\" class=\"size-full wp-image-9912\" src=\"https:\/\/www.alovey.com\/wp-content\/uploads\/2025\/03\/Custom-lip-gloss-tubes-with-square-shape-8ml-6.jpg\" alt=\"Custom lip gloss tubes\" width=\"750\" height=\"750\" srcset=\"https:\/\/www.alovey.com\/wp-content\/uploads\/2025\/03\/Custom-lip-gloss-tubes-with-square-shape-8ml-6.jpg 750w, https:\/\/www.alovey.com\/wp-content\/uploads\/2025\/03\/Custom-lip-gloss-tubes-with-square-shape-8ml-6-300x300.jpg 300w, https:\/\/www.alovey.com\/wp-content\/uploads\/2025\/03\/Custom-lip-gloss-tubes-with-square-shape-8ml-6-150x150.jpg 150w, https:\/\/www.alovey.com\/wp-content\/uploads\/2025\/03\/Custom-lip-gloss-tubes-with-square-shape-8ml-6-600x600.jpg 600w, https:\/\/www.alovey.com\/wp-content\/uploads\/2025\/03\/Custom-lip-gloss-tubes-with-square-shape-8ml-6-100x100.jpg 100w\" sizes=\"(max-width: 750px) 100vw, 750px\" \/><\/p>\n<p><img loading=\"lazy\" decoding=\"async\" class=\"size-full wp-image-9911\" src=\"https:\/\/www.alovey.com\/wp-content\/uploads\/2025\/03\/Custom-lip-gloss-tubes-with-square-shape-8ml-5.jpg\" alt=\"Custom lip gloss tubes\" width=\"750\" height=\"750\" srcset=\"https:\/\/www.alovey.com\/wp-content\/uploads\/2025\/03\/Custom-lip-gloss-tubes-with-square-shape-8ml-5.jpg 750w, https:\/\/www.alovey.com\/wp-content\/uploads\/2025\/03\/Custom-lip-gloss-tubes-with-square-shape-8ml-5-300x300.jpg 300w, https:\/\/www.alovey.com\/wp-content\/uploads\/2025\/03\/Custom-lip-gloss-tubes-with-square-shape-8ml-5-150x150.jpg 150w, https:\/\/www.alovey.com\/wp-content\/uploads\/2025\/03\/Custom-lip-gloss-tubes-with-square-shape-8ml-5-600x600.jpg 600w, https:\/\/www.alovey.com\/wp-content\/uploads\/2025\/03\/Custom-lip-gloss-tubes-with-square-shape-8ml-5-100x100.jpg 100w\" sizes=\"(max-width: 750px) 100vw, 750px\" \/><\/p>\n<p><img loading=\"lazy\" decoding=\"async\" class=\"size-full wp-image-9910\" src=\"https:\/\/www.alovey.com\/wp-content\/uploads\/2025\/03\/Custom-lip-gloss-tubes-with-square-shape-8ml-2.jpg\" alt=\"Custom lip gloss tubes\" width=\"750\" height=\"750\" srcset=\"https:\/\/www.alovey.com\/wp-content\/uploads\/2025\/03\/Custom-lip-gloss-tubes-with-square-shape-8ml-2.jpg 750w, https:\/\/www.alovey.com\/wp-content\/uploads\/2025\/03\/Custom-lip-gloss-tubes-with-square-shape-8ml-2-300x300.jpg 300w, https:\/\/www.alovey.com\/wp-content\/uploads\/2025\/03\/Custom-lip-gloss-tubes-with-square-shape-8ml-2-150x150.jpg 150w, https:\/\/www.alovey.com\/wp-content\/uploads\/2025\/03\/Custom-lip-gloss-tubes-with-square-shape-8ml-2-600x600.jpg 600w, https:\/\/www.alovey.com\/wp-content\/uploads\/2025\/03\/Custom-lip-gloss-tubes-with-square-shape-8ml-2-100x100.jpg 100w\" sizes=\"(max-width: 750px) 100vw, 750px\" \/><\/p>\n<p>&nbsp;<\/p>\n<p>&nbsp;<\/p>\n<p>&nbsp;<\/p>\n<p>&nbsp;<\/p>\n<p>&nbsp;<\/p>\n<p>&nbsp;<\/p>\n<p>&nbsp;<\/p>\n<p>&nbsp;<\/p>\n<p>&nbsp;<\/p>\n<p>&nbsp;<\/p>\n<p>&nbsp;<\/p>\n<p>&nbsp;<\/p>\n<p>&nbsp;<\/p>\n<p>&nbsp;<\/p>\n<p>&nbsp;<\/p>\n<p>&nbsp;<\/p>\n<p>&nbsp;<\/p>\n<p>&nbsp;<\/p>\n<p>&nbsp;<\/p>\n<p>&nbsp;<\/p>\n<p>&nbsp;<\/p>\n<p>&nbsp;<\/p>\n<p>&nbsp;<\/p>\n<p>&nbsp;<\/p>\n<p>&nbsp;<\/p>\n<p>&nbsp;<\/p>\n<p>&nbsp;<\/p>\n<p>&nbsp;<\/p>\n<p>&nbsp;<\/p>\n<p>&nbsp;<\/p>\n<p>&nbsp;<\/p>\n<p>&nbsp;<\/p>\n<p>&nbsp;<\/p>\n<p>&nbsp;<\/p>\n<p>&nbsp;<\/p>\n<p>&nbsp;<\/p>\n<p>&nbsp;<\/p>\n<p>&nbsp;<\/p>\n<p>&nbsp;<\/p>\n<p>&nbsp;<\/p>\n<p>&nbsp;<\/p>\n<p>&nbsp;<\/p>\n<p>&nbsp;<\/p>\n<p>&nbsp;<\/p>\n<p>&nbsp;<\/p>\n<p>&nbsp;<\/p>\n<p>&nbsp;<\/p>\n<p>&nbsp;<\/p>\n<p>&nbsp;<\/p>\n<p>&nbsp;<\/p>\n<p>&nbsp;<\/p>\n<p>&nbsp;<\/p>\n<p>&nbsp;<\/p>\n<p>&nbsp;<\/p>\n<p>&nbsp;<\/p>\n<p>&nbsp;<\/p>\n<p>&nbsp;<\/p>\n<p>&nbsp;<\/p>\n<p>&nbsp;<\/p>\n<p>&nbsp;<\/p>\n<p>&nbsp;<\/p>\n<p>&nbsp;<\/p>\n<p>&nbsp;<\/p>\n<p>&nbsp;<\/p>\n<p>&nbsp;<\/p>\n<p>&nbsp;<\/p>\n<p>&nbsp;<\/p>\n<p>&nbsp;<\/p>\n<p>&nbsp;<\/p>\n<p>&nbsp;<\/p>\n<p>&nbsp;<\/p>\n<p>&nbsp;<\/p>\n<p>&nbsp;<\/p>\n<p>&nbsp;<\/p>\n<p>&nbsp;<\/p>\n<p>&nbsp;<\/p>\n<p>&nbsp;<\/p>\n<p>&nbsp;<\/p>\n<p>&nbsp;<\/p>","protected":false},"excerpt":{"rendered":"<ul>\n<li>Item No: LG-0192A<\/li>\n<li>Capacity: 8ML<\/li>\n<li>Mat\u00e9riau : Plastique<\/li>\n<li>Size:\u00a0W21*H80MM<\/li>\n<li>Applications : Produits de beaut\u00e9<\/li>\n<li>MOQ : 12 000 pi\u00e8ces<\/li>\n<li>Couleur : couleur personnalis\u00e9e<\/li>\n<li>Traitement de surface : Injection\/matage\/m\u00e9tallisation\/vernissage UV<\/li>\n<li>Nom de marque : OEM\/ODM<\/li>\n<li>Logo : Logo du client<\/li>\n<li>Capacit\u00e9 de production : 100 000 pi\u00e8ces par mois<\/li>\n<\/ul>","protected":false},"featured_media":9912,"template":"","meta":{"_acf_changed":false},"product_brand":[],"product_cat":[372],"product_tag":[388],"class_list":{"0":"post-9908","1":"product","2":"type-product","3":"status-publish","4":"has-post-thumbnail","6":"product_cat-lipgloss-tube","7":"product_tag-lip-gloss-tube","9":"first","10":"instock","11":"shipping-taxable","12":"product-type-simple"},"acf":[],"yoast_head":"<!-- This site is optimized with the Yoast SEO plugin v24.1 - https:\/\/yoast.com\/wordpress\/plugins\/seo\/ -->\n<title>Custom lip gloss tubes with square shape 8ml<\/title>\n<meta name=\"description\" content=\"Custom lip gloss tubes with square shape 8ml have heart shape applicator. It is made from premium materials, ensuring durability and longevity.\" \/>\n<meta name=\"robots\" content=\"index, follow, max-snippet:-1, max-image-preview:large, max-video-preview:-1\" \/>\n<link rel=\"canonical\" href=\"https:\/\/www.alovey.com\/fr\/produit\/custom-lip-gloss-tubes-with-square-shape-8ml\/\" \/>\n<meta property=\"og:locale\" content=\"fr_FR\" \/>\n<meta property=\"og:type\" content=\"article\" \/>\n<meta property=\"og:title\" content=\"Custom lip gloss tubes with square shape 8ml\" \/>\n<meta property=\"og:description\" content=\"Custom lip gloss tubes with square shape 8ml have heart shape applicator. It is made from premium materials, ensuring durability and longevity.\" \/>\n<meta property=\"og:url\" content=\"https:\/\/www.alovey.com\/fr\/produit\/custom-lip-gloss-tubes-with-square-shape-8ml\/\" \/>\n<meta property=\"og:site_name\" content=\"Best Cosmetic Packaging Manufacture\" \/>\n<meta property=\"article:modified_time\" content=\"2025-03-03T01:46:03+00:00\" \/>\n<meta property=\"og:image\" content=\"https:\/\/www.alovey.com\/wp-content\/uploads\/2025\/03\/Custom-lip-gloss-tubes-with-square-shape-8ml-6.jpg\" \/>\n\t<meta property=\"og:image:width\" content=\"750\" \/>\n\t<meta property=\"og:image:height\" content=\"750\" \/>\n\t<meta property=\"og:image:type\" content=\"image\/jpeg\" \/>\n<meta name=\"twitter:card\" content=\"summary_large_image\" \/>\n<meta name=\"twitter:label1\" content=\"Dur\u00e9e de lecture estim\u00e9e\" \/>\n\t<meta name=\"twitter:data1\" content=\"2 minutes\" \/>\n<script type=\"application\/ld+json\" class=\"yoast-schema-graph\">{\"@context\":\"https:\/\/schema.org\",\"@graph\":[{\"@type\":\"WebPage\",\"@id\":\"https:\/\/www.alovey.com\/product\/custom-lip-gloss-tubes-with-square-shape-8ml\/\",\"url\":\"https:\/\/www.alovey.com\/product\/custom-lip-gloss-tubes-with-square-shape-8ml\/\",\"name\":\"Custom lip gloss tubes with square shape 8ml\",\"isPartOf\":{\"@id\":\"https:\/\/www.alovey.com\/#website\"},\"primaryImageOfPage\":{\"@id\":\"https:\/\/www.alovey.com\/product\/custom-lip-gloss-tubes-with-square-shape-8ml\/#primaryimage\"},\"image\":{\"@id\":\"https:\/\/www.alovey.com\/product\/custom-lip-gloss-tubes-with-square-shape-8ml\/#primaryimage\"},\"thumbnailUrl\":\"https:\/\/www.alovey.com\/wp-content\/uploads\/2025\/03\/Custom-lip-gloss-tubes-with-square-shape-8ml-6.jpg\",\"datePublished\":\"2025-03-01T07:23:59+00:00\",\"dateModified\":\"2025-03-03T01:46:03+00:00\",\"description\":\"Custom lip gloss tubes with square shape 8ml have heart shape applicator. It is made from premium materials, ensuring durability and longevity.\",\"breadcrumb\":{\"@id\":\"https:\/\/www.alovey.com\/product\/custom-lip-gloss-tubes-with-square-shape-8ml\/#breadcrumb\"},\"inLanguage\":\"fr-FR\",\"potentialAction\":[{\"@type\":\"ReadAction\",\"target\":[\"https:\/\/www.alovey.com\/product\/custom-lip-gloss-tubes-with-square-shape-8ml\/\"]}]},{\"@type\":\"ImageObject\",\"inLanguage\":\"fr-FR\",\"@id\":\"https:\/\/www.alovey.com\/product\/custom-lip-gloss-tubes-with-square-shape-8ml\/#primaryimage\",\"url\":\"https:\/\/www.alovey.com\/wp-content\/uploads\/2025\/03\/Custom-lip-gloss-tubes-with-square-shape-8ml-6.jpg\",\"contentUrl\":\"https:\/\/www.alovey.com\/wp-content\/uploads\/2025\/03\/Custom-lip-gloss-tubes-with-square-shape-8ml-6.jpg\",\"width\":750,\"height\":750,\"caption\":\"Custom lip gloss tubes with square shape 8ml\"},{\"@type\":\"BreadcrumbList\",\"@id\":\"https:\/\/www.alovey.com\/product\/custom-lip-gloss-tubes-with-square-shape-8ml\/#breadcrumb\",\"itemListElement\":[{\"@type\":\"ListItem\",\"position\":1,\"name\":\"\u9996\u9875\",\"item\":\"https:\/\/www.alovey.com\/\"},{\"@type\":\"ListItem\",\"position\":2,\"name\":\"Products\",\"item\":\"https:\/\/www.alovey.com\/products\/\"},{\"@type\":\"ListItem\",\"position\":3,\"name\":\"Custom lip gloss tubes with square shape 8ml\"}]},{\"@type\":\"WebSite\",\"@id\":\"https:\/\/www.alovey.com\/#website\",\"url\":\"https:\/\/www.alovey.com\/\",\"name\":\"Best Cosmetic Packaging Manufacture\",\"description\":\"Alovey Cosmetic Packaging Co.,Ltd\",\"publisher\":{\"@id\":\"https:\/\/www.alovey.com\/#organization\"},\"potentialAction\":[{\"@type\":\"SearchAction\",\"target\":{\"@type\":\"EntryPoint\",\"urlTemplate\":\"https:\/\/www.alovey.com\/?s={search_term_string}\"},\"query-input\":{\"@type\":\"PropertyValueSpecification\",\"valueRequired\":true,\"valueName\":\"search_term_string\"}}],\"inLanguage\":\"fr-FR\"},{\"@type\":\"Organization\",\"@id\":\"https:\/\/www.alovey.com\/#organization\",\"name\":\"Best Cosmetic Packaging Manufacture\",\"url\":\"https:\/\/www.alovey.com\/\",\"logo\":{\"@type\":\"ImageObject\",\"inLanguage\":\"fr-FR\",\"@id\":\"https:\/\/www.alovey.com\/#\/schema\/logo\/image\/\",\"url\":\"https:\/\/www.alovey.com\/wp-content\/uploads\/2023\/03\/logo.png\",\"contentUrl\":\"https:\/\/www.alovey.com\/wp-content\/uploads\/2023\/03\/logo.png\",\"width\":505,\"height\":180,\"caption\":\"Best  Cosmetic Packaging Manufacture\"},\"image\":{\"@id\":\"https:\/\/www.alovey.com\/#\/schema\/logo\/image\/\"}}]}<\/script>\n<!-- \/ Yoast SEO plugin. -->","yoast_head_json":{"title":"Tube de gloss personnalis\u00e9 de forme carr\u00e9e 8ml","description":"Custom lip gloss tubes with square shape 8ml have heart shape applicator. It is made from premium materials, ensuring durability and longevity.","robots":{"index":"index","follow":"follow","max-snippet":"max-snippet:-1","max-image-preview":"max-image-preview:large","max-video-preview":"max-video-preview:-1"},"canonical":"https:\/\/www.alovey.com\/fr\/produit\/custom-lip-gloss-tubes-with-square-shape-8ml\/","og_locale":"fr_FR","og_type":"article","og_title":"Custom lip gloss tubes with square shape 8ml","og_description":"Custom lip gloss tubes with square shape 8ml have heart shape applicator. It is made from premium materials, ensuring durability and longevity.","og_url":"https:\/\/www.alovey.com\/fr\/produit\/custom-lip-gloss-tubes-with-square-shape-8ml\/","og_site_name":"Best Cosmetic Packaging Manufacture","article_modified_time":"2025-03-03T01:46:03+00:00","og_image":[{"width":750,"height":750,"url":"https:\/\/www.alovey.com\/wp-content\/uploads\/2025\/03\/Custom-lip-gloss-tubes-with-square-shape-8ml-6.jpg","type":"image\/jpeg"}],"twitter_card":"summary_large_image","twitter_misc":{"Dur\u00e9e de lecture estim\u00e9e":"2 minutes"},"schema":{"@context":"https:\/\/schema.org","@graph":[{"@type":"WebPage","@id":"https:\/\/www.alovey.com\/product\/custom-lip-gloss-tubes-with-square-shape-8ml\/","url":"https:\/\/www.alovey.com\/product\/custom-lip-gloss-tubes-with-square-shape-8ml\/","name":"Tube de gloss personnalis\u00e9 de forme carr\u00e9e 8ml","isPartOf":{"@id":"https:\/\/www.alovey.com\/#website"},"primaryImageOfPage":{"@id":"https:\/\/www.alovey.com\/product\/custom-lip-gloss-tubes-with-square-shape-8ml\/#primaryimage"},"image":{"@id":"https:\/\/www.alovey.com\/product\/custom-lip-gloss-tubes-with-square-shape-8ml\/#primaryimage"},"thumbnailUrl":"https:\/\/www.alovey.com\/wp-content\/uploads\/2025\/03\/Custom-lip-gloss-tubes-with-square-shape-8ml-6.jpg","datePublished":"2025-03-01T07:23:59+00:00","dateModified":"2025-03-03T01:46:03+00:00","description":"Custom lip gloss tubes with square shape 8ml have heart shape applicator. It is made from premium materials, ensuring durability and longevity.","breadcrumb":{"@id":"https:\/\/www.alovey.com\/product\/custom-lip-gloss-tubes-with-square-shape-8ml\/#breadcrumb"},"inLanguage":"fr-FR","potentialAction":[{"@type":"ReadAction","target":["https:\/\/www.alovey.com\/product\/custom-lip-gloss-tubes-with-square-shape-8ml\/"]}]},{"@type":"ImageObject","inLanguage":"fr-FR","@id":"https:\/\/www.alovey.com\/product\/custom-lip-gloss-tubes-with-square-shape-8ml\/#primaryimage","url":"https:\/\/www.alovey.com\/wp-content\/uploads\/2025\/03\/Custom-lip-gloss-tubes-with-square-shape-8ml-6.jpg","contentUrl":"https:\/\/www.alovey.com\/wp-content\/uploads\/2025\/03\/Custom-lip-gloss-tubes-with-square-shape-8ml-6.jpg","width":750,"height":750,"caption":"Custom lip gloss tubes with square shape 8ml"},{"@type":"BreadcrumbList","@id":"https:\/\/www.alovey.com\/product\/custom-lip-gloss-tubes-with-square-shape-8ml\/#breadcrumb","itemListElement":[{"@type":"ListItem","position":1,"name":"\u9996\u9875","item":"https:\/\/www.alovey.com\/"},{"@type":"ListItem","position":2,"name":"Products","item":"https:\/\/www.alovey.com\/products\/"},{"@type":"ListItem","position":3,"name":"Custom lip gloss tubes with square shape 8ml"}]},{"@type":"WebSite","@id":"https:\/\/www.alovey.com\/#website","url":"https:\/\/www.alovey.com\/","name":"Best Cosmetic Packaging Manufacture","description":"Alovey Cosmetic Packaging Co.,Ltd","publisher":{"@id":"https:\/\/www.alovey.com\/#organization"},"potentialAction":[{"@type":"SearchAction","target":{"@type":"EntryPoint","urlTemplate":"https:\/\/www.alovey.com\/?s={search_term_string}"},"query-input":{"@type":"PropertyValueSpecification","valueRequired":true,"valueName":"search_term_string"}}],"inLanguage":"fr-FR"},{"@type":"Organization","@id":"https:\/\/www.alovey.com\/#organization","name":"Best Cosmetic Packaging Manufacture","url":"https:\/\/www.alovey.com\/","logo":{"@type":"ImageObject","inLanguage":"fr-FR","@id":"https:\/\/www.alovey.com\/#\/schema\/logo\/image\/","url":"https:\/\/www.alovey.com\/wp-content\/uploads\/2023\/03\/logo.png","contentUrl":"https:\/\/www.alovey.com\/wp-content\/uploads\/2023\/03\/logo.png","width":505,"height":180,"caption":"Best  Cosmetic Packaging Manufacture"},"image":{"@id":"https:\/\/www.alovey.com\/#\/schema\/logo\/image\/"}}]}},"_links":{"self":[{"href":"https:\/\/www.alovey.com\/fr\/wp-json\/wp\/v2\/product\/9908"}],"collection":[{"href":"https:\/\/www.alovey.com\/fr\/wp-json\/wp\/v2\/product"}],"about":[{"href":"https:\/\/www.alovey.com\/fr\/wp-json\/wp\/v2\/types\/product"}],"wp:featuredmedia":[{"embeddable":true,"href":"https:\/\/www.alovey.com\/fr\/wp-json\/wp\/v2\/media\/9912"}],"wp:attachment":[{"href":"https:\/\/www.alovey.com\/fr\/wp-json\/wp\/v2\/media?parent=9908"}],"wp:term":[{"taxonomy":"product_brand","embeddable":true,"href":"https:\/\/www.alovey.com\/fr\/wp-json\/wp\/v2\/product_brand?post=9908"},{"taxonomy":"product_cat","embeddable":true,"href":"https:\/\/www.alovey.com\/fr\/wp-json\/wp\/v2\/product_cat?post=9908"},{"taxonomy":"product_tag","embeddable":true,"href":"https:\/\/www.alovey.com\/fr\/wp-json\/wp\/v2\/product_tag?post=9908"}],"curies":[{"name":"wp","href":"https:\/\/api.w.org\/{rel}","templated":true}]}}