{"id":9772,"date":"2025-02-24T03:04:36","date_gmt":"2025-02-24T03:04:36","guid":{"rendered":"https:\/\/www.alovey.com\/?post_type=product&#038;p=9772"},"modified":"2025-02-24T03:48:17","modified_gmt":"2025-02-24T03:48:17","slug":"refillable-mini-travel-airless-skin-care-lotion-bottle-with-pump-5g","status":"publish","type":"product","link":"https:\/\/www.alovey.com\/fr\/produit\/refillable-mini-travel-airless-skin-care-lotion-bottle-with-pump-5g\/","title":{"rendered":"Refillable mini travel airless skin care lotion bottle with pump 5g"},"content":{"rendered":"<p><strong>This refillable mini travel airless lotion bottle (5g) with pump \u00a0is \u00a0leak-proof, squeezable, and perfect for storing toiletries on the go.<\/strong><\/p>\n<p><strong>This\u00a0ideal cosmetic packaging solution is for hassle-free travel\u00a0<\/strong><\/p>\n<p><strong>Alovey, fabricant professionnel chinois d'emballages cosm\u00e9tiques, produit une gamme exquise d'emballages cosm\u00e9tiques personnalis\u00e9s, m\u00e9ticuleusement con\u00e7us pour rehausser votre marque. Notre s\u00e9lection vari\u00e9e de mat\u00e9riaux de premi\u00e8re qualit\u00e9, associ\u00e9e \u00e0 des techniques de finition de surface d\u00e9licates telles que la s\u00e9rigraphie, l'estampage \u00e0 chaud et la pulv\u00e9risation mate, fait de chaque emballage un chef-d'\u0153uvre unique.<\/strong><\/p>\n<p><img fetchpriority=\"high\" decoding=\"async\" class=\"size-full wp-image-9778\" src=\"https:\/\/www.alovey.com\/wp-content\/uploads\/2025\/02\/Refillable-mini-travel-airless-skin-care-lotion-bottle-with-pump-5G-5.jpg\" alt=\"Refillable mini travel airless skin care lotion bottle with pump 5G\" width=\"750\" height=\"750\" \/><\/p>\n<p><img decoding=\"async\" class=\"size-full wp-image-9777\" src=\"https:\/\/www.alovey.com\/wp-content\/uploads\/2025\/02\/Refillable-mini-travel-airless-skin-care-lotion-bottle-with-pump-5G-4.jpg\" alt=\"Refillable mini travel airless skin care lotion bottle with pump 5G\" width=\"750\" height=\"750\" \/><\/p>\n<p><img decoding=\"async\" class=\"size-full wp-image-9776\" src=\"https:\/\/www.alovey.com\/wp-content\/uploads\/2025\/02\/Refillable-mini-travel-airless-skin-care-lotion-bottle-with-pump-5G-3.jpg\" alt=\"Refillable mini travel airless skin care lotion bottle with pump 5G\" width=\"750\" height=\"750\" \/><\/p>\n<p><img loading=\"lazy\" decoding=\"async\" class=\"size-full wp-image-9775\" src=\"https:\/\/www.alovey.com\/wp-content\/uploads\/2025\/02\/Refillable-mini-travel-airless-skin-care-lotion-bottle-with-pump-5G-2.jpg\" alt=\"Refillable mini travel airless skin care lotion bottle with pump 5G\" width=\"750\" height=\"750\" \/><\/p>\n<p><img loading=\"lazy\" decoding=\"async\" class=\"size-full wp-image-9774\" src=\"https:\/\/www.alovey.com\/wp-content\/uploads\/2025\/02\/Refillable-mini-travel-airless-skin-care-lotion-bottle-with-pump-5G-1.jpg\" alt=\"Refillable mini travel airless skin care lotion bottle with pump 5G\" width=\"750\" height=\"750\" \/><\/p>\n<p><img loading=\"lazy\" decoding=\"async\" class=\"size-full wp-image-9773\" src=\"https:\/\/www.alovey.com\/wp-content\/uploads\/2025\/02\/Refillable-mini-travel-airless-skin-care-lotion-bottle-with-pump-5G-6.jpg\" alt=\"Refillable mini travel airless skin care lotion bottle with pump 5G\" width=\"750\" height=\"750\" \/><\/p>\n<p>&nbsp;<\/p>\n<p>&nbsp;<\/p>\n<p>&nbsp;<\/p>\n<p>&nbsp;<\/p>\n<p>&nbsp;<\/p>\n<p>&nbsp;<\/p>\n<p>&nbsp;<\/p>\n<p>&nbsp;<\/p>\n<p>&nbsp;<\/p>\n<p>&nbsp;<\/p>\n<p>&nbsp;<\/p>\n<p>&nbsp;<\/p>\n<p>&nbsp;<\/p>\n<p>&nbsp;<\/p>\n<p>&nbsp;<\/p>\n<p>&nbsp;<\/p>\n<p>&nbsp;<\/p>\n<p>&nbsp;<\/p>\n<p>&nbsp;<\/p>\n<p>&nbsp;<\/p>\n<p>&nbsp;<\/p>\n<p>&nbsp;<\/p>\n<p>&nbsp;<\/p>\n<p>&nbsp;<\/p>\n<p>&nbsp;<\/p>\n<p>&nbsp;<\/p>\n<p>&nbsp;<\/p>\n<p>&nbsp;<\/p>\n<p>&nbsp;<\/p>\n<p>&nbsp;<\/p>\n<p>&nbsp;<\/p>\n<p>&nbsp;<\/p>\n<p>&nbsp;<\/p>\n<p>&nbsp;<\/p>\n<p>&nbsp;<\/p>\n<p>&nbsp;<\/p>\n<p>&nbsp;<\/p>\n<p>&nbsp;<\/p>\n<p>&nbsp;<\/p>\n<p>&nbsp;<\/p>\n<p>&nbsp;<\/p>\n<p>&nbsp;<\/p>\n<p>&nbsp;<\/p>\n<p>&nbsp;<\/p>\n<p>&nbsp;<\/p>\n<p>&nbsp;<\/p>\n<p>&nbsp;<\/p>\n<p>&nbsp;<\/p>\n<p>&nbsp;<\/p>\n<p>&nbsp;<\/p>\n<p>&nbsp;<\/p>\n<p>&nbsp;<\/p>\n<p>&nbsp;<\/p>\n<p>&nbsp;<\/p>\n<p>&nbsp;<\/p>\n<p>&nbsp;<\/p>\n<p>&nbsp;<\/p>\n<p>&nbsp;<\/p>\n<p>&nbsp;<\/p>\n<p>&nbsp;<\/p>\n<p>&nbsp;<\/p>\n<p>&nbsp;<\/p>\n<p>&nbsp;<\/p>\n<p>&nbsp;<\/p>\n<p>&nbsp;<\/p>\n<p>&nbsp;<\/p>\n<p>&nbsp;<\/p>\n<p>&nbsp;<\/p>\n<p>&nbsp;<\/p>\n<p>&nbsp;<\/p>\n<p>&nbsp;<\/p>\n<p>&nbsp;<\/p>\n<p>&nbsp;<\/p>\n<p>&nbsp;<\/p>\n<p>&nbsp;<\/p>\n<p>&nbsp;<\/p>\n<p>&nbsp;<\/p>\n<p>&nbsp;<\/p>\n<p>&nbsp;<\/p>\n<p>&nbsp;<\/p>\n<p>&nbsp;<\/p>\n<p>&nbsp;<\/p>\n<p>&nbsp;<\/p>\n<p>&nbsp;<\/p>\n<p>&nbsp;<\/p>\n<p>&nbsp;<\/p>\n<p>&nbsp;<\/p>\n<p>&nbsp;<\/p>\n<p>&nbsp;<\/p>\n<p>&nbsp;<\/p>\n<p>&nbsp;<\/p>\n<p>&nbsp;<\/p>\n<p>&nbsp;<\/p>\n<p>&nbsp;<\/p>\n<p>&nbsp;<\/p>\n<p>&nbsp;<\/p>\n<p>&nbsp;<\/p>\n<p>&nbsp;<\/p>\n<p>&nbsp;<\/p>","protected":false},"excerpt":{"rendered":"<ul>\n<li>Item No: B-Y011A<\/li>\n<li>Capacity:\u00a05g<\/li>\n<li>Mat\u00e9riau :  Plastique<\/li>\n<li>Size:\u00a0D25*H67mm<\/li>\n<li>Applications : Produits de beaut\u00e9<\/li>\n<li>MOQ : 12 000 pi\u00e8ces<\/li>\n<li>Couleur : couleur personnalis\u00e9e<\/li>\n<li>Surface treatment: Injection\/Matte\/Metalization\/UV coating<\/li>\n<li>Nom de marque : OEM\/ODM<\/li>\n<li>Logo : Logo du client<\/li>\n<li>Capacit\u00e9 de production : 100 000 pi\u00e8ces par mois<\/li>\n<\/ul>","protected":false},"featured_media":9792,"template":"","meta":{"_acf_changed":false},"product_brand":[],"product_cat":[382],"product_tag":[390,430],"class_list":{"0":"post-9772","1":"product","2":"type-product","3":"status-publish","4":"has-post-thumbnail","6":"product_cat-wholesale-cosmetic-bottles-containers","7":"product_tag-cosmetic-bottle","8":"product_tag-pump-bottle","10":"first","11":"instock","12":"shipping-taxable","13":"product-type-simple"},"acf":[],"yoast_head":"<!-- This site is optimized with the Yoast SEO plugin v24.1 - https:\/\/yoast.com\/wordpress\/plugins\/seo\/ -->\n<title>Refillable mini travel airless skin care lotion bottle with pump 5G<\/title>\n<meta name=\"description\" content=\"This refillable mini travel airless lotion bottle (5g) with pump is leak-proof, squeezable, and perfect for storing toiletries on the go.\" \/>\n<meta name=\"robots\" content=\"index, follow, max-snippet:-1, max-image-preview:large, max-video-preview:-1\" \/>\n<link rel=\"canonical\" href=\"https:\/\/www.alovey.com\/fr\/produit\/refillable-mini-travel-airless-skin-care-lotion-bottle-with-pump-5g\/\" \/>\n<meta property=\"og:locale\" content=\"fr_FR\" \/>\n<meta property=\"og:type\" content=\"article\" \/>\n<meta property=\"og:title\" content=\"Refillable mini travel airless skin care lotion bottle with pump 5G\" \/>\n<meta property=\"og:description\" content=\"This refillable mini travel airless lotion bottle (5g) with pump is leak-proof, squeezable, and perfect for storing toiletries on the go.\" \/>\n<meta property=\"og:url\" content=\"https:\/\/www.alovey.com\/fr\/produit\/refillable-mini-travel-airless-skin-care-lotion-bottle-with-pump-5g\/\" \/>\n<meta property=\"og:site_name\" content=\"Best Cosmetic Packaging Manufacture\" \/>\n<meta property=\"article:modified_time\" content=\"2025-02-24T03:48:17+00:00\" \/>\n<meta property=\"og:image\" content=\"https:\/\/www.alovey.com\/wp-content\/uploads\/2025\/02\/Refillable-mini-travel-airless-skin-care-lotion-bottle-with-pump-5G-1.jpg\" \/>\n\t<meta property=\"og:image:width\" content=\"750\" \/>\n\t<meta property=\"og:image:height\" content=\"750\" \/>\n\t<meta property=\"og:image:type\" content=\"image\/jpeg\" \/>\n<meta name=\"twitter:card\" content=\"summary_large_image\" \/>\n<meta name=\"twitter:label1\" content=\"Dur\u00e9e de lecture estim\u00e9e\" \/>\n\t<meta name=\"twitter:data1\" content=\"2 minutes\" \/>\n<script type=\"application\/ld+json\" class=\"yoast-schema-graph\">{\"@context\":\"https:\/\/schema.org\",\"@graph\":[{\"@type\":\"WebPage\",\"@id\":\"https:\/\/www.alovey.com\/product\/refillable-mini-travel-airless-skin-care-lotion-bottle-with-pump-5g\/\",\"url\":\"https:\/\/www.alovey.com\/product\/refillable-mini-travel-airless-skin-care-lotion-bottle-with-pump-5g\/\",\"name\":\"Refillable mini travel airless skin care lotion bottle with pump 5G\",\"isPartOf\":{\"@id\":\"https:\/\/www.alovey.com\/#website\"},\"primaryImageOfPage\":{\"@id\":\"https:\/\/www.alovey.com\/product\/refillable-mini-travel-airless-skin-care-lotion-bottle-with-pump-5g\/#primaryimage\"},\"image\":{\"@id\":\"https:\/\/www.alovey.com\/product\/refillable-mini-travel-airless-skin-care-lotion-bottle-with-pump-5g\/#primaryimage\"},\"thumbnailUrl\":\"https:\/\/www.alovey.com\/wp-content\/uploads\/2025\/02\/Refillable-mini-travel-airless-skin-care-lotion-bottle-with-pump-5G-1.jpg\",\"datePublished\":\"2025-02-24T03:04:36+00:00\",\"dateModified\":\"2025-02-24T03:48:17+00:00\",\"description\":\"This refillable mini travel airless lotion bottle (5g) with pump is leak-proof, squeezable, and perfect for storing toiletries on the go.\",\"breadcrumb\":{\"@id\":\"https:\/\/www.alovey.com\/product\/refillable-mini-travel-airless-skin-care-lotion-bottle-with-pump-5g\/#breadcrumb\"},\"inLanguage\":\"fr-FR\",\"potentialAction\":[{\"@type\":\"ReadAction\",\"target\":[\"https:\/\/www.alovey.com\/product\/refillable-mini-travel-airless-skin-care-lotion-bottle-with-pump-5g\/\"]}]},{\"@type\":\"ImageObject\",\"inLanguage\":\"fr-FR\",\"@id\":\"https:\/\/www.alovey.com\/product\/refillable-mini-travel-airless-skin-care-lotion-bottle-with-pump-5g\/#primaryimage\",\"url\":\"https:\/\/www.alovey.com\/wp-content\/uploads\/2025\/02\/Refillable-mini-travel-airless-skin-care-lotion-bottle-with-pump-5G-1.jpg\",\"contentUrl\":\"https:\/\/www.alovey.com\/wp-content\/uploads\/2025\/02\/Refillable-mini-travel-airless-skin-care-lotion-bottle-with-pump-5G-1.jpg\",\"width\":750,\"height\":750,\"caption\":\"Refillable mini travel airless skin care lotion bottle with pump 5G\"},{\"@type\":\"BreadcrumbList\",\"@id\":\"https:\/\/www.alovey.com\/product\/refillable-mini-travel-airless-skin-care-lotion-bottle-with-pump-5g\/#breadcrumb\",\"itemListElement\":[{\"@type\":\"ListItem\",\"position\":1,\"name\":\"\u9996\u9875\",\"item\":\"https:\/\/www.alovey.com\/\"},{\"@type\":\"ListItem\",\"position\":2,\"name\":\"Products\",\"item\":\"https:\/\/www.alovey.com\/products\/\"},{\"@type\":\"ListItem\",\"position\":3,\"name\":\"Refillable mini travel airless skin care lotion bottle with pump 5g\"}]},{\"@type\":\"WebSite\",\"@id\":\"https:\/\/www.alovey.com\/#website\",\"url\":\"https:\/\/www.alovey.com\/\",\"name\":\"Best Cosmetic Packaging Manufacture\",\"description\":\"Alovey Cosmetic Packaging Co.,Ltd\",\"publisher\":{\"@id\":\"https:\/\/www.alovey.com\/#organization\"},\"potentialAction\":[{\"@type\":\"SearchAction\",\"target\":{\"@type\":\"EntryPoint\",\"urlTemplate\":\"https:\/\/www.alovey.com\/?s={search_term_string}\"},\"query-input\":{\"@type\":\"PropertyValueSpecification\",\"valueRequired\":true,\"valueName\":\"search_term_string\"}}],\"inLanguage\":\"fr-FR\"},{\"@type\":\"Organization\",\"@id\":\"https:\/\/www.alovey.com\/#organization\",\"name\":\"Best Cosmetic Packaging Manufacture\",\"url\":\"https:\/\/www.alovey.com\/\",\"logo\":{\"@type\":\"ImageObject\",\"inLanguage\":\"fr-FR\",\"@id\":\"https:\/\/www.alovey.com\/#\/schema\/logo\/image\/\",\"url\":\"https:\/\/www.alovey.com\/wp-content\/uploads\/2023\/03\/logo.png\",\"contentUrl\":\"https:\/\/www.alovey.com\/wp-content\/uploads\/2023\/03\/logo.png\",\"width\":505,\"height\":180,\"caption\":\"Best  Cosmetic Packaging Manufacture\"},\"image\":{\"@id\":\"https:\/\/www.alovey.com\/#\/schema\/logo\/image\/\"}}]}<\/script>\n<!-- \/ Yoast SEO plugin. -->","yoast_head_json":{"title":"Refillable mini travel airless skin care lotion bottle with pump 5G","description":"This refillable mini travel airless lotion bottle (5g) with pump is leak-proof, squeezable, and perfect for storing toiletries on the go.","robots":{"index":"index","follow":"follow","max-snippet":"max-snippet:-1","max-image-preview":"max-image-preview:large","max-video-preview":"max-video-preview:-1"},"canonical":"https:\/\/www.alovey.com\/fr\/produit\/refillable-mini-travel-airless-skin-care-lotion-bottle-with-pump-5g\/","og_locale":"fr_FR","og_type":"article","og_title":"Refillable mini travel airless skin care lotion bottle with pump 5G","og_description":"This refillable mini travel airless lotion bottle (5g) with pump is leak-proof, squeezable, and perfect for storing toiletries on the go.","og_url":"https:\/\/www.alovey.com\/fr\/produit\/refillable-mini-travel-airless-skin-care-lotion-bottle-with-pump-5g\/","og_site_name":"Best Cosmetic Packaging Manufacture","article_modified_time":"2025-02-24T03:48:17+00:00","og_image":[{"width":750,"height":750,"url":"https:\/\/www.alovey.com\/wp-content\/uploads\/2025\/02\/Refillable-mini-travel-airless-skin-care-lotion-bottle-with-pump-5G-1.jpg","type":"image\/jpeg"}],"twitter_card":"summary_large_image","twitter_misc":{"Dur\u00e9e de lecture estim\u00e9e":"2 minutes"},"schema":{"@context":"https:\/\/schema.org","@graph":[{"@type":"WebPage","@id":"https:\/\/www.alovey.com\/product\/refillable-mini-travel-airless-skin-care-lotion-bottle-with-pump-5g\/","url":"https:\/\/www.alovey.com\/product\/refillable-mini-travel-airless-skin-care-lotion-bottle-with-pump-5g\/","name":"Refillable mini travel airless skin care lotion bottle with pump 5G","isPartOf":{"@id":"https:\/\/www.alovey.com\/#website"},"primaryImageOfPage":{"@id":"https:\/\/www.alovey.com\/product\/refillable-mini-travel-airless-skin-care-lotion-bottle-with-pump-5g\/#primaryimage"},"image":{"@id":"https:\/\/www.alovey.com\/product\/refillable-mini-travel-airless-skin-care-lotion-bottle-with-pump-5g\/#primaryimage"},"thumbnailUrl":"https:\/\/www.alovey.com\/wp-content\/uploads\/2025\/02\/Refillable-mini-travel-airless-skin-care-lotion-bottle-with-pump-5G-1.jpg","datePublished":"2025-02-24T03:04:36+00:00","dateModified":"2025-02-24T03:48:17+00:00","description":"This refillable mini travel airless lotion bottle (5g) with pump is leak-proof, squeezable, and perfect for storing toiletries on the go.","breadcrumb":{"@id":"https:\/\/www.alovey.com\/product\/refillable-mini-travel-airless-skin-care-lotion-bottle-with-pump-5g\/#breadcrumb"},"inLanguage":"fr-FR","potentialAction":[{"@type":"ReadAction","target":["https:\/\/www.alovey.com\/product\/refillable-mini-travel-airless-skin-care-lotion-bottle-with-pump-5g\/"]}]},{"@type":"ImageObject","inLanguage":"fr-FR","@id":"https:\/\/www.alovey.com\/product\/refillable-mini-travel-airless-skin-care-lotion-bottle-with-pump-5g\/#primaryimage","url":"https:\/\/www.alovey.com\/wp-content\/uploads\/2025\/02\/Refillable-mini-travel-airless-skin-care-lotion-bottle-with-pump-5G-1.jpg","contentUrl":"https:\/\/www.alovey.com\/wp-content\/uploads\/2025\/02\/Refillable-mini-travel-airless-skin-care-lotion-bottle-with-pump-5G-1.jpg","width":750,"height":750,"caption":"Refillable mini travel airless skin care lotion bottle with pump 5G"},{"@type":"BreadcrumbList","@id":"https:\/\/www.alovey.com\/product\/refillable-mini-travel-airless-skin-care-lotion-bottle-with-pump-5g\/#breadcrumb","itemListElement":[{"@type":"ListItem","position":1,"name":"\u9996\u9875","item":"https:\/\/www.alovey.com\/"},{"@type":"ListItem","position":2,"name":"Products","item":"https:\/\/www.alovey.com\/products\/"},{"@type":"ListItem","position":3,"name":"Refillable mini travel airless skin care lotion bottle with pump 5g"}]},{"@type":"WebSite","@id":"https:\/\/www.alovey.com\/#website","url":"https:\/\/www.alovey.com\/","name":"Best Cosmetic Packaging Manufacture","description":"Alovey Cosmetic Packaging Co.,Ltd","publisher":{"@id":"https:\/\/www.alovey.com\/#organization"},"potentialAction":[{"@type":"SearchAction","target":{"@type":"EntryPoint","urlTemplate":"https:\/\/www.alovey.com\/?s={search_term_string}"},"query-input":{"@type":"PropertyValueSpecification","valueRequired":true,"valueName":"search_term_string"}}],"inLanguage":"fr-FR"},{"@type":"Organization","@id":"https:\/\/www.alovey.com\/#organization","name":"Best Cosmetic Packaging Manufacture","url":"https:\/\/www.alovey.com\/","logo":{"@type":"ImageObject","inLanguage":"fr-FR","@id":"https:\/\/www.alovey.com\/#\/schema\/logo\/image\/","url":"https:\/\/www.alovey.com\/wp-content\/uploads\/2023\/03\/logo.png","contentUrl":"https:\/\/www.alovey.com\/wp-content\/uploads\/2023\/03\/logo.png","width":505,"height":180,"caption":"Best  Cosmetic Packaging Manufacture"},"image":{"@id":"https:\/\/www.alovey.com\/#\/schema\/logo\/image\/"}}]}},"_links":{"self":[{"href":"https:\/\/www.alovey.com\/fr\/wp-json\/wp\/v2\/product\/9772"}],"collection":[{"href":"https:\/\/www.alovey.com\/fr\/wp-json\/wp\/v2\/product"}],"about":[{"href":"https:\/\/www.alovey.com\/fr\/wp-json\/wp\/v2\/types\/product"}],"wp:featuredmedia":[{"embeddable":true,"href":"https:\/\/www.alovey.com\/fr\/wp-json\/wp\/v2\/media\/9792"}],"wp:attachment":[{"href":"https:\/\/www.alovey.com\/fr\/wp-json\/wp\/v2\/media?parent=9772"}],"wp:term":[{"taxonomy":"product_brand","embeddable":true,"href":"https:\/\/www.alovey.com\/fr\/wp-json\/wp\/v2\/product_brand?post=9772"},{"taxonomy":"product_cat","embeddable":true,"href":"https:\/\/www.alovey.com\/fr\/wp-json\/wp\/v2\/product_cat?post=9772"},{"taxonomy":"product_tag","embeddable":true,"href":"https:\/\/www.alovey.com\/fr\/wp-json\/wp\/v2\/product_tag?post=9772"}],"curies":[{"name":"wp","href":"https:\/\/api.w.org\/{rel}","templated":true}]}}