{"id":9652,"date":"2025-02-17T09:39:37","date_gmt":"2025-02-17T09:39:37","guid":{"rendered":"https:\/\/www.alovey.com\/?post_type=product&#038;p=9652"},"modified":"2025-05-29T03:32:15","modified_gmt":"2025-05-29T03:32:15","slug":"eyebrow-gel-tube-with-brow-comb-8ml","status":"publish","type":"product","link":"https:\/\/www.alovey.com\/fr\/produit\/eyebrow-gel-tube-with-brow-comb-8ml\/","title":{"rendered":"Eyebrow Gel Tube With Brow Comb 8ML"},"content":{"rendered":"<p><strong>Our eyebrow gel tube\u00a0is designed for durability and leak-proof performance. <\/strong><\/p>\n<p><strong>Each eyebrow tube\u00a0comes equipped with an integrated brow comb for precise, easy application\u2014ideal for eyebrow gels, tints, or serums. <\/strong><\/p>\n<p><strong>The sleek design not only enhances user convenience but also ensures product integrity during storage and use.<\/strong><\/p>\n<p><strong>Alovey, fabricant professionnel chinois d'emballages cosm\u00e9tiques, produit une gamme exquise d'emballages cosm\u00e9tiques personnalis\u00e9s, m\u00e9ticuleusement con\u00e7us pour rehausser votre marque. Notre s\u00e9lection vari\u00e9e de mat\u00e9riaux de premi\u00e8re qualit\u00e9, associ\u00e9e \u00e0 des techniques de finition de surface d\u00e9licates telles que la s\u00e9rigraphie, l'estampage \u00e0 chaud et la pulv\u00e9risation mate, fait de chaque emballage un chef-d'\u0153uvre unique.<\/strong><\/p>\n<p><img fetchpriority=\"high\" decoding=\"async\" class=\"size-full wp-image-10592\" src=\"https:\/\/www.alovey.com\/wp-content\/uploads\/2025\/02\/Eyebrow-Gel-Tube-With-Brow-Comb-8ML-4.jpg\" alt=\"eyebrow gel tube\" width=\"750\" height=\"750\" srcset=\"https:\/\/www.alovey.com\/wp-content\/uploads\/2025\/02\/Eyebrow-Gel-Tube-With-Brow-Comb-8ML-4.jpg 750w, https:\/\/www.alovey.com\/wp-content\/uploads\/2025\/02\/Eyebrow-Gel-Tube-With-Brow-Comb-8ML-4-300x300.jpg 300w, https:\/\/www.alovey.com\/wp-content\/uploads\/2025\/02\/Eyebrow-Gel-Tube-With-Brow-Comb-8ML-4-150x150.jpg 150w, https:\/\/www.alovey.com\/wp-content\/uploads\/2025\/02\/Eyebrow-Gel-Tube-With-Brow-Comb-8ML-4-600x600.jpg 600w, https:\/\/www.alovey.com\/wp-content\/uploads\/2025\/02\/Eyebrow-Gel-Tube-With-Brow-Comb-8ML-4-100x100.jpg 100w\" sizes=\"(max-width: 750px) 100vw, 750px\" \/><\/p>\n<p><img decoding=\"async\" class=\"size-full wp-image-10591\" src=\"https:\/\/www.alovey.com\/wp-content\/uploads\/2025\/02\/Eyebrow-Gel-Tube-With-Brow-Comb-8ML-3.jpg\" alt=\"eyebrow gel tube\" width=\"750\" height=\"750\" srcset=\"https:\/\/www.alovey.com\/wp-content\/uploads\/2025\/02\/Eyebrow-Gel-Tube-With-Brow-Comb-8ML-3.jpg 750w, https:\/\/www.alovey.com\/wp-content\/uploads\/2025\/02\/Eyebrow-Gel-Tube-With-Brow-Comb-8ML-3-300x300.jpg 300w, https:\/\/www.alovey.com\/wp-content\/uploads\/2025\/02\/Eyebrow-Gel-Tube-With-Brow-Comb-8ML-3-150x150.jpg 150w, https:\/\/www.alovey.com\/wp-content\/uploads\/2025\/02\/Eyebrow-Gel-Tube-With-Brow-Comb-8ML-3-600x600.jpg 600w, https:\/\/www.alovey.com\/wp-content\/uploads\/2025\/02\/Eyebrow-Gel-Tube-With-Brow-Comb-8ML-3-100x100.jpg 100w\" sizes=\"(max-width: 750px) 100vw, 750px\" \/><\/p>\n<p><img decoding=\"async\" class=\"size-full wp-image-10590\" src=\"https:\/\/www.alovey.com\/wp-content\/uploads\/2025\/02\/Eyebrow-Gel-Tube-With-Brow-Comb-8ML-2.jpg\" alt=\"eyebrow gel tube\" width=\"750\" height=\"750\" srcset=\"https:\/\/www.alovey.com\/wp-content\/uploads\/2025\/02\/Eyebrow-Gel-Tube-With-Brow-Comb-8ML-2.jpg 750w, https:\/\/www.alovey.com\/wp-content\/uploads\/2025\/02\/Eyebrow-Gel-Tube-With-Brow-Comb-8ML-2-300x300.jpg 300w, https:\/\/www.alovey.com\/wp-content\/uploads\/2025\/02\/Eyebrow-Gel-Tube-With-Brow-Comb-8ML-2-150x150.jpg 150w, https:\/\/www.alovey.com\/wp-content\/uploads\/2025\/02\/Eyebrow-Gel-Tube-With-Brow-Comb-8ML-2-600x600.jpg 600w, https:\/\/www.alovey.com\/wp-content\/uploads\/2025\/02\/Eyebrow-Gel-Tube-With-Brow-Comb-8ML-2-100x100.jpg 100w\" sizes=\"(max-width: 750px) 100vw, 750px\" \/><\/p>\n<p><img loading=\"lazy\" decoding=\"async\" class=\"size-full wp-image-10589\" src=\"https:\/\/www.alovey.com\/wp-content\/uploads\/2025\/02\/Eyebrow-Gel-Tube-With-Brow-Comb-8ML-1.jpg\" alt=\"eyebrow gel tube\" width=\"750\" height=\"750\" srcset=\"https:\/\/www.alovey.com\/wp-content\/uploads\/2025\/02\/Eyebrow-Gel-Tube-With-Brow-Comb-8ML-1.jpg 750w, https:\/\/www.alovey.com\/wp-content\/uploads\/2025\/02\/Eyebrow-Gel-Tube-With-Brow-Comb-8ML-1-300x300.jpg 300w, https:\/\/www.alovey.com\/wp-content\/uploads\/2025\/02\/Eyebrow-Gel-Tube-With-Brow-Comb-8ML-1-150x150.jpg 150w, https:\/\/www.alovey.com\/wp-content\/uploads\/2025\/02\/Eyebrow-Gel-Tube-With-Brow-Comb-8ML-1-600x600.jpg 600w, https:\/\/www.alovey.com\/wp-content\/uploads\/2025\/02\/Eyebrow-Gel-Tube-With-Brow-Comb-8ML-1-100x100.jpg 100w\" sizes=\"(max-width: 750px) 100vw, 750px\" \/><\/p>\n<p><img loading=\"lazy\" decoding=\"async\" class=\"size-full wp-image-10588\" src=\"https:\/\/www.alovey.com\/wp-content\/uploads\/2025\/02\/Eyebrow-Gel-Tube-With-Brow-Comb-8ML-8.jpg\" alt=\"eyebrow gel tube\" width=\"750\" height=\"750\" srcset=\"https:\/\/www.alovey.com\/wp-content\/uploads\/2025\/02\/Eyebrow-Gel-Tube-With-Brow-Comb-8ML-8.jpg 750w, https:\/\/www.alovey.com\/wp-content\/uploads\/2025\/02\/Eyebrow-Gel-Tube-With-Brow-Comb-8ML-8-300x300.jpg 300w, https:\/\/www.alovey.com\/wp-content\/uploads\/2025\/02\/Eyebrow-Gel-Tube-With-Brow-Comb-8ML-8-150x150.jpg 150w, https:\/\/www.alovey.com\/wp-content\/uploads\/2025\/02\/Eyebrow-Gel-Tube-With-Brow-Comb-8ML-8-600x600.jpg 600w, https:\/\/www.alovey.com\/wp-content\/uploads\/2025\/02\/Eyebrow-Gel-Tube-With-Brow-Comb-8ML-8-100x100.jpg 100w\" sizes=\"(max-width: 750px) 100vw, 750px\" \/><\/p>\n<p><img loading=\"lazy\" decoding=\"async\" class=\"size-full wp-image-10593\" src=\"https:\/\/www.alovey.com\/wp-content\/uploads\/2025\/02\/Eyebrow-Gel-Tube-With-Brow-Comb-8ML-5.jpg\" alt=\"eyebrow gel tube\" width=\"750\" height=\"750\" srcset=\"https:\/\/www.alovey.com\/wp-content\/uploads\/2025\/02\/Eyebrow-Gel-Tube-With-Brow-Comb-8ML-5.jpg 750w, https:\/\/www.alovey.com\/wp-content\/uploads\/2025\/02\/Eyebrow-Gel-Tube-With-Brow-Comb-8ML-5-300x300.jpg 300w, https:\/\/www.alovey.com\/wp-content\/uploads\/2025\/02\/Eyebrow-Gel-Tube-With-Brow-Comb-8ML-5-150x150.jpg 150w, https:\/\/www.alovey.com\/wp-content\/uploads\/2025\/02\/Eyebrow-Gel-Tube-With-Brow-Comb-8ML-5-600x600.jpg 600w, https:\/\/www.alovey.com\/wp-content\/uploads\/2025\/02\/Eyebrow-Gel-Tube-With-Brow-Comb-8ML-5-100x100.jpg 100w\" sizes=\"(max-width: 750px) 100vw, 750px\" \/><\/p>\n<p>&nbsp;<\/p>\n<p>&nbsp;<\/p>\n<p>&nbsp;<\/p>\n<p>&nbsp;<\/p>\n<p>&nbsp;<\/p>\n<p>&nbsp;<\/p>\n<p>&nbsp;<\/p>\n<p>&nbsp;<\/p>\n<p>&nbsp;<\/p>\n<p>&nbsp;<\/p>\n<p>&nbsp;<\/p>\n<p>&nbsp;<\/p>\n<p>&nbsp;<\/p>\n<p>&nbsp;<\/p>\n<p>&nbsp;<\/p>\n<p>&nbsp;<\/p>\n<p>&nbsp;<\/p>\n<p>&nbsp;<\/p>\n<p>&nbsp;<\/p>\n<p>&nbsp;<\/p>\n<p>&nbsp;<\/p>\n<p>&nbsp;<\/p>\n<p>&nbsp;<\/p>\n<p>&nbsp;<\/p>\n<p>&nbsp;<\/p>\n<p>&nbsp;<\/p>\n<p>&nbsp;<\/p>\n<p>&nbsp;<\/p>\n<p>&nbsp;<\/p>\n<p>&nbsp;<\/p>\n<p>&nbsp;<\/p>\n<p>&nbsp;<\/p>\n<p>&nbsp;<\/p>\n<p>&nbsp;<\/p>\n<p>&nbsp;<\/p>\n<p>&nbsp;<\/p>\n<p>&nbsp;<\/p>\n<p>&nbsp;<\/p>\n<p>&nbsp;<\/p>\n<p>&nbsp;<\/p>\n<p>&nbsp;<\/p>\n<p>&nbsp;<\/p>\n<p>&nbsp;<\/p>\n<p>&nbsp;<\/p>\n<p>&nbsp;<\/p>\n<p>&nbsp;<\/p>\n<p>&nbsp;<\/p>\n<p>&nbsp;<\/p>\n<p>&nbsp;<\/p>\n<p>&nbsp;<\/p>\n<p>&nbsp;<\/p>\n<p>&nbsp;<\/p>\n<p>&nbsp;<\/p>\n<p>&nbsp;<\/p>\n<p>&nbsp;<\/p>\n<p>&nbsp;<\/p>\n<p>&nbsp;<\/p>\n<p>&nbsp;<\/p>\n<p>&nbsp;<\/p>\n<p>&nbsp;<\/p>\n<p>&nbsp;<\/p>\n<p>&nbsp;<\/p>\n<p>&nbsp;<\/p>\n<p>&nbsp;<\/p>\n<p>&nbsp;<\/p>\n<p>&nbsp;<\/p>\n<p>&nbsp;<\/p>\n<p>&nbsp;<\/p>\n<p>&nbsp;<\/p>\n<p>&nbsp;<\/p>\n<p>&nbsp;<\/p>\n<p>&nbsp;<\/p>\n<p>&nbsp;<\/p>\n<p>&nbsp;<\/p>\n<p>&nbsp;<\/p>\n<p>&nbsp;<\/p>\n<p>&nbsp;<\/p>\n<p>&nbsp;<\/p>\n<p>&nbsp;<\/p>\n<p>&nbsp;<\/p>\n<p>&nbsp;<\/p>\n<p>&nbsp;<\/p>\n<p>&nbsp;<\/p>\n<p>&nbsp;<\/p>\n<p>&nbsp;<\/p>\n<p>&nbsp;<\/p>\n<p>&nbsp;<\/p>\n<p>&nbsp;<\/p>\n<p>&nbsp;<\/p>\n<p>&nbsp;<\/p>\n<p>&nbsp;<\/p>\n<p>&nbsp;<\/p>\n<p>&nbsp;<\/p>\n<p>&nbsp;<\/p>\n<p>&nbsp;<\/p>\n<p>&nbsp;<\/p>\n<p>&nbsp;<\/p>\n<p>&nbsp;<\/p>\n<p>&nbsp;<\/p>\n<p>&nbsp;<\/p>\n<p>&nbsp;<\/p>\n<p>&nbsp;<\/p>\n<p>&nbsp;<\/p>\n<p>&nbsp;<\/p>\n<p>&nbsp;<\/p>\n<p>&nbsp;<\/p>\n<p>&nbsp;<\/p>\n<p>&nbsp;<\/p>\n<p>&nbsp;<\/p>\n<p>&nbsp;<\/p>\n<p>&nbsp;<\/p>\n<p>&nbsp;<\/p>\n<p>&nbsp;<\/p>\n<p>&nbsp;<\/p>\n<p>&nbsp;<\/p>\n<p>&nbsp;<\/p>\n<p>&nbsp;<\/p>\n<p>&nbsp;<\/p>\n<p>&nbsp;<\/p>\n<p>&nbsp;<\/p>\n<p>&nbsp;<\/p>\n<p>&nbsp;<\/p>\n<p>&nbsp;<\/p>\n<p>&nbsp;<\/p>\n<p>&nbsp;<\/p>\n<p>&nbsp;<\/p>\n<p>&nbsp;<\/p>\n<p>&nbsp;<\/p>","protected":false},"excerpt":{"rendered":"<ul>\n<li>Item No: D-0053A<\/li>\n<li>Capacity: 8ml<\/li>\n<li>Mat\u00e9riau : Plastique<\/li>\n<li>Size:\u00a0D16.5*H127MM<\/li>\n<li>Applications : Produits de beaut\u00e9<\/li>\n<li>MOQ : 12 000 pi\u00e8ces<\/li>\n<li>Couleur : couleur personnalis\u00e9e<\/li>\n<li>Surface treatment: Injection\/Matte\/Metalization\/UV coating<\/li>\n<li>Nom de marque : OEM\/ODM<\/li>\n<li>Logo : Logo du client<\/li>\n<li>Capacit\u00e9 de production : 100 000 pi\u00e8ces par mois<\/li>\n<\/ul>","protected":false},"featured_media":10589,"template":"","meta":{"_acf_changed":false},"product_brand":[],"product_cat":[376],"product_tag":[419,391],"class_list":{"0":"post-9652","1":"product","2":"type-product","3":"status-publish","4":"has-post-thumbnail","6":"product_cat-wholesale-empty-eyelash-tube","7":"product_tag-empty-eyebrow-tube","8":"product_tag-mascara-tube","10":"first","11":"instock","12":"shipping-taxable","13":"product-type-simple"},"acf":[],"yoast_head":"<!-- This site is optimized with the Yoast SEO plugin v24.1 - https:\/\/yoast.com\/wordpress\/plugins\/seo\/ -->\n<title>Eyebrow Gel Tube With Brow Comb 8ML<\/title>\n<meta name=\"description\" content=\"Our eyebrow gel tube is designed for durability and leak-proof performance. Each eyebrow tube comes equipped with an integrated brow comb for precise, easy application\u2014ideal for eyebrow gels, tints, or serums.\" \/>\n<meta name=\"robots\" content=\"index, follow, max-snippet:-1, max-image-preview:large, max-video-preview:-1\" \/>\n<link rel=\"canonical\" href=\"https:\/\/www.alovey.com\/fr\/produit\/eyebrow-gel-tube-with-brow-comb-8ml\/\" \/>\n<meta property=\"og:locale\" content=\"fr_FR\" \/>\n<meta property=\"og:type\" content=\"article\" \/>\n<meta property=\"og:title\" content=\"Eyebrow Gel Tube With Brow Comb 8ML\" \/>\n<meta property=\"og:description\" content=\"Our eyebrow gel tube is designed for durability and leak-proof performance. Each eyebrow tube comes equipped with an integrated brow comb for precise, easy application\u2014ideal for eyebrow gels, tints, or serums.\" \/>\n<meta property=\"og:url\" content=\"https:\/\/www.alovey.com\/fr\/produit\/eyebrow-gel-tube-with-brow-comb-8ml\/\" \/>\n<meta property=\"og:site_name\" content=\"Best Cosmetic Packaging Manufacture\" \/>\n<meta property=\"article:modified_time\" content=\"2025-05-29T03:32:15+00:00\" \/>\n<meta property=\"og:image\" content=\"https:\/\/www.alovey.com\/wp-content\/uploads\/2025\/02\/Eyebrow-Gel-Tube-With-Brow-Comb-8ML-1.jpg\" \/>\n\t<meta property=\"og:image:width\" content=\"750\" \/>\n\t<meta property=\"og:image:height\" content=\"750\" \/>\n\t<meta property=\"og:image:type\" content=\"image\/jpeg\" \/>\n<meta name=\"twitter:card\" content=\"summary_large_image\" \/>\n<meta name=\"twitter:label1\" content=\"Dur\u00e9e de lecture estim\u00e9e\" \/>\n\t<meta name=\"twitter:data1\" content=\"2 minutes\" \/>\n<script type=\"application\/ld+json\" class=\"yoast-schema-graph\">{\"@context\":\"https:\/\/schema.org\",\"@graph\":[{\"@type\":\"WebPage\",\"@id\":\"https:\/\/www.alovey.com\/product\/eyebrow-gel-tube-with-brow-comb-8ml\/\",\"url\":\"https:\/\/www.alovey.com\/product\/eyebrow-gel-tube-with-brow-comb-8ml\/\",\"name\":\"Eyebrow Gel Tube With Brow Comb 8ML\",\"isPartOf\":{\"@id\":\"https:\/\/www.alovey.com\/#website\"},\"primaryImageOfPage\":{\"@id\":\"https:\/\/www.alovey.com\/product\/eyebrow-gel-tube-with-brow-comb-8ml\/#primaryimage\"},\"image\":{\"@id\":\"https:\/\/www.alovey.com\/product\/eyebrow-gel-tube-with-brow-comb-8ml\/#primaryimage\"},\"thumbnailUrl\":\"https:\/\/www.alovey.com\/wp-content\/uploads\/2025\/02\/Eyebrow-Gel-Tube-With-Brow-Comb-8ML-1.jpg\",\"datePublished\":\"2025-02-17T09:39:37+00:00\",\"dateModified\":\"2025-05-29T03:32:15+00:00\",\"description\":\"Our eyebrow gel tube is designed for durability and leak-proof performance. Each eyebrow tube comes equipped with an integrated brow comb for precise, easy application\u2014ideal for eyebrow gels, tints, or serums.\",\"breadcrumb\":{\"@id\":\"https:\/\/www.alovey.com\/product\/eyebrow-gel-tube-with-brow-comb-8ml\/#breadcrumb\"},\"inLanguage\":\"fr-FR\",\"potentialAction\":[{\"@type\":\"ReadAction\",\"target\":[\"https:\/\/www.alovey.com\/product\/eyebrow-gel-tube-with-brow-comb-8ml\/\"]}]},{\"@type\":\"ImageObject\",\"inLanguage\":\"fr-FR\",\"@id\":\"https:\/\/www.alovey.com\/product\/eyebrow-gel-tube-with-brow-comb-8ml\/#primaryimage\",\"url\":\"https:\/\/www.alovey.com\/wp-content\/uploads\/2025\/02\/Eyebrow-Gel-Tube-With-Brow-Comb-8ML-1.jpg\",\"contentUrl\":\"https:\/\/www.alovey.com\/wp-content\/uploads\/2025\/02\/Eyebrow-Gel-Tube-With-Brow-Comb-8ML-1.jpg\",\"width\":750,\"height\":750,\"caption\":\"Eyebrow Gel Tube With Brow Comb 8ML\"},{\"@type\":\"BreadcrumbList\",\"@id\":\"https:\/\/www.alovey.com\/product\/eyebrow-gel-tube-with-brow-comb-8ml\/#breadcrumb\",\"itemListElement\":[{\"@type\":\"ListItem\",\"position\":1,\"name\":\"\u9996\u9875\",\"item\":\"https:\/\/www.alovey.com\/\"},{\"@type\":\"ListItem\",\"position\":2,\"name\":\"Products\",\"item\":\"https:\/\/www.alovey.com\/products\/\"},{\"@type\":\"ListItem\",\"position\":3,\"name\":\"Eyebrow Gel Tube With Brow Comb 8ML\"}]},{\"@type\":\"WebSite\",\"@id\":\"https:\/\/www.alovey.com\/#website\",\"url\":\"https:\/\/www.alovey.com\/\",\"name\":\"Best Cosmetic Packaging Manufacture\",\"description\":\"Alovey Cosmetic Packaging Co.,Ltd\",\"publisher\":{\"@id\":\"https:\/\/www.alovey.com\/#organization\"},\"potentialAction\":[{\"@type\":\"SearchAction\",\"target\":{\"@type\":\"EntryPoint\",\"urlTemplate\":\"https:\/\/www.alovey.com\/?s={search_term_string}\"},\"query-input\":{\"@type\":\"PropertyValueSpecification\",\"valueRequired\":true,\"valueName\":\"search_term_string\"}}],\"inLanguage\":\"fr-FR\"},{\"@type\":\"Organization\",\"@id\":\"https:\/\/www.alovey.com\/#organization\",\"name\":\"Best Cosmetic Packaging Manufacture\",\"url\":\"https:\/\/www.alovey.com\/\",\"logo\":{\"@type\":\"ImageObject\",\"inLanguage\":\"fr-FR\",\"@id\":\"https:\/\/www.alovey.com\/#\/schema\/logo\/image\/\",\"url\":\"https:\/\/www.alovey.com\/wp-content\/uploads\/2023\/03\/logo.png\",\"contentUrl\":\"https:\/\/www.alovey.com\/wp-content\/uploads\/2023\/03\/logo.png\",\"width\":505,\"height\":180,\"caption\":\"Best  Cosmetic Packaging Manufacture\"},\"image\":{\"@id\":\"https:\/\/www.alovey.com\/#\/schema\/logo\/image\/\"}}]}<\/script>\n<!-- \/ Yoast SEO plugin. -->","yoast_head_json":{"title":"Eyebrow Gel Tube With Brow Comb 8ML","description":"Our eyebrow gel tube is designed for durability and leak-proof performance. Each eyebrow tube comes equipped with an integrated brow comb for precise, easy application\u2014ideal for eyebrow gels, tints, or serums.","robots":{"index":"index","follow":"follow","max-snippet":"max-snippet:-1","max-image-preview":"max-image-preview:large","max-video-preview":"max-video-preview:-1"},"canonical":"https:\/\/www.alovey.com\/fr\/produit\/eyebrow-gel-tube-with-brow-comb-8ml\/","og_locale":"fr_FR","og_type":"article","og_title":"Eyebrow Gel Tube With Brow Comb 8ML","og_description":"Our eyebrow gel tube is designed for durability and leak-proof performance. Each eyebrow tube comes equipped with an integrated brow comb for precise, easy application\u2014ideal for eyebrow gels, tints, or serums.","og_url":"https:\/\/www.alovey.com\/fr\/produit\/eyebrow-gel-tube-with-brow-comb-8ml\/","og_site_name":"Best Cosmetic Packaging Manufacture","article_modified_time":"2025-05-29T03:32:15+00:00","og_image":[{"width":750,"height":750,"url":"https:\/\/www.alovey.com\/wp-content\/uploads\/2025\/02\/Eyebrow-Gel-Tube-With-Brow-Comb-8ML-1.jpg","type":"image\/jpeg"}],"twitter_card":"summary_large_image","twitter_misc":{"Dur\u00e9e de lecture estim\u00e9e":"2 minutes"},"schema":{"@context":"https:\/\/schema.org","@graph":[{"@type":"WebPage","@id":"https:\/\/www.alovey.com\/product\/eyebrow-gel-tube-with-brow-comb-8ml\/","url":"https:\/\/www.alovey.com\/product\/eyebrow-gel-tube-with-brow-comb-8ml\/","name":"Eyebrow Gel Tube With Brow Comb 8ML","isPartOf":{"@id":"https:\/\/www.alovey.com\/#website"},"primaryImageOfPage":{"@id":"https:\/\/www.alovey.com\/product\/eyebrow-gel-tube-with-brow-comb-8ml\/#primaryimage"},"image":{"@id":"https:\/\/www.alovey.com\/product\/eyebrow-gel-tube-with-brow-comb-8ml\/#primaryimage"},"thumbnailUrl":"https:\/\/www.alovey.com\/wp-content\/uploads\/2025\/02\/Eyebrow-Gel-Tube-With-Brow-Comb-8ML-1.jpg","datePublished":"2025-02-17T09:39:37+00:00","dateModified":"2025-05-29T03:32:15+00:00","description":"Our eyebrow gel tube is designed for durability and leak-proof performance. Each eyebrow tube comes equipped with an integrated brow comb for precise, easy application\u2014ideal for eyebrow gels, tints, or serums.","breadcrumb":{"@id":"https:\/\/www.alovey.com\/product\/eyebrow-gel-tube-with-brow-comb-8ml\/#breadcrumb"},"inLanguage":"fr-FR","potentialAction":[{"@type":"ReadAction","target":["https:\/\/www.alovey.com\/product\/eyebrow-gel-tube-with-brow-comb-8ml\/"]}]},{"@type":"ImageObject","inLanguage":"fr-FR","@id":"https:\/\/www.alovey.com\/product\/eyebrow-gel-tube-with-brow-comb-8ml\/#primaryimage","url":"https:\/\/www.alovey.com\/wp-content\/uploads\/2025\/02\/Eyebrow-Gel-Tube-With-Brow-Comb-8ML-1.jpg","contentUrl":"https:\/\/www.alovey.com\/wp-content\/uploads\/2025\/02\/Eyebrow-Gel-Tube-With-Brow-Comb-8ML-1.jpg","width":750,"height":750,"caption":"Eyebrow Gel Tube With Brow Comb 8ML"},{"@type":"BreadcrumbList","@id":"https:\/\/www.alovey.com\/product\/eyebrow-gel-tube-with-brow-comb-8ml\/#breadcrumb","itemListElement":[{"@type":"ListItem","position":1,"name":"\u9996\u9875","item":"https:\/\/www.alovey.com\/"},{"@type":"ListItem","position":2,"name":"Products","item":"https:\/\/www.alovey.com\/products\/"},{"@type":"ListItem","position":3,"name":"Eyebrow Gel Tube With Brow Comb 8ML"}]},{"@type":"WebSite","@id":"https:\/\/www.alovey.com\/#website","url":"https:\/\/www.alovey.com\/","name":"Best Cosmetic Packaging Manufacture","description":"Alovey Cosmetic Packaging Co.,Ltd","publisher":{"@id":"https:\/\/www.alovey.com\/#organization"},"potentialAction":[{"@type":"SearchAction","target":{"@type":"EntryPoint","urlTemplate":"https:\/\/www.alovey.com\/?s={search_term_string}"},"query-input":{"@type":"PropertyValueSpecification","valueRequired":true,"valueName":"search_term_string"}}],"inLanguage":"fr-FR"},{"@type":"Organization","@id":"https:\/\/www.alovey.com\/#organization","name":"Best Cosmetic Packaging Manufacture","url":"https:\/\/www.alovey.com\/","logo":{"@type":"ImageObject","inLanguage":"fr-FR","@id":"https:\/\/www.alovey.com\/#\/schema\/logo\/image\/","url":"https:\/\/www.alovey.com\/wp-content\/uploads\/2023\/03\/logo.png","contentUrl":"https:\/\/www.alovey.com\/wp-content\/uploads\/2023\/03\/logo.png","width":505,"height":180,"caption":"Best  Cosmetic Packaging Manufacture"},"image":{"@id":"https:\/\/www.alovey.com\/#\/schema\/logo\/image\/"}}]}},"_links":{"self":[{"href":"https:\/\/www.alovey.com\/fr\/wp-json\/wp\/v2\/product\/9652"}],"collection":[{"href":"https:\/\/www.alovey.com\/fr\/wp-json\/wp\/v2\/product"}],"about":[{"href":"https:\/\/www.alovey.com\/fr\/wp-json\/wp\/v2\/types\/product"}],"wp:featuredmedia":[{"embeddable":true,"href":"https:\/\/www.alovey.com\/fr\/wp-json\/wp\/v2\/media\/10589"}],"wp:attachment":[{"href":"https:\/\/www.alovey.com\/fr\/wp-json\/wp\/v2\/media?parent=9652"}],"wp:term":[{"taxonomy":"product_brand","embeddable":true,"href":"https:\/\/www.alovey.com\/fr\/wp-json\/wp\/v2\/product_brand?post=9652"},{"taxonomy":"product_cat","embeddable":true,"href":"https:\/\/www.alovey.com\/fr\/wp-json\/wp\/v2\/product_cat?post=9652"},{"taxonomy":"product_tag","embeddable":true,"href":"https:\/\/www.alovey.com\/fr\/wp-json\/wp\/v2\/product_tag?post=9652"}],"curies":[{"name":"wp","href":"https:\/\/api.w.org\/{rel}","templated":true}]}}