{"id":9545,"date":"2025-02-11T02:39:56","date_gmt":"2025-02-11T02:39:56","guid":{"rendered":"https:\/\/www.alovey.com\/?post_type=product&#038;p=9545"},"modified":"2025-02-11T02:48:15","modified_gmt":"2025-02-11T02:48:15","slug":"square-slim-lipstick-container-with-colored-clear-cap","status":"publish","type":"product","link":"https:\/\/www.alovey.com\/fr\/produit\/square-slim-lipstick-container-with-colored-clear-cap\/","title":{"rendered":"Square slim lipstick container with colored clear cap"},"content":{"rendered":"<p><strong>\u00a0Square slim lipstick container with colored clear cap in fashion design is suitable for inner diameter is 11.8 mm lipstick mold.It is\u00a0 great for lip balms, serving as chapstick tubes, lip balm tubes, chapstick containers. Fashion Empty Lipstick Tubes to meet your daily makeup needs.<\/strong><\/p>\n<p><strong>Alovey, fabricant professionnel chinois d'emballages cosm\u00e9tiques, produit une gamme exquise d'emballages cosm\u00e9tiques personnalis\u00e9s, m\u00e9ticuleusement con\u00e7us pour rehausser votre marque. Notre s\u00e9lection vari\u00e9e de mat\u00e9riaux de premi\u00e8re qualit\u00e9, associ\u00e9e \u00e0 des techniques de finition de surface d\u00e9licates telles que la s\u00e9rigraphie, l'estampage \u00e0 chaud et la pulv\u00e9risation mate, fait de chaque emballage un chef-d'\u0153uvre unique.<\/strong><\/p>\n<p>&nbsp;<\/p>\n<p><img fetchpriority=\"high\" decoding=\"async\" class=\"size-full wp-image-9548\" src=\"https:\/\/www.alovey.com\/wp-content\/uploads\/2025\/02\/Square-slim-lipstick-container-with-colored-clear-cap-2.jpg\" alt=\"Square slim lipstick container with colored clear cap\" width=\"750\" height=\"750\" srcset=\"https:\/\/www.alovey.com\/wp-content\/uploads\/2025\/02\/Square-slim-lipstick-container-with-colored-clear-cap-2.jpg 750w, https:\/\/www.alovey.com\/wp-content\/uploads\/2025\/02\/Square-slim-lipstick-container-with-colored-clear-cap-2-300x300.jpg 300w, https:\/\/www.alovey.com\/wp-content\/uploads\/2025\/02\/Square-slim-lipstick-container-with-colored-clear-cap-2-150x150.jpg 150w, https:\/\/www.alovey.com\/wp-content\/uploads\/2025\/02\/Square-slim-lipstick-container-with-colored-clear-cap-2-600x600.jpg 600w, https:\/\/www.alovey.com\/wp-content\/uploads\/2025\/02\/Square-slim-lipstick-container-with-colored-clear-cap-2-100x100.jpg 100w\" sizes=\"(max-width: 750px) 100vw, 750px\" \/><\/p>\n<p><img decoding=\"async\" class=\"size-full wp-image-9549\" src=\"https:\/\/www.alovey.com\/wp-content\/uploads\/2025\/02\/Square-slim-lipstick-container-with-colored-clear-cap-3.jpg\" alt=\"Square slim lipstick container with colored clear cap\" width=\"750\" height=\"750\" srcset=\"https:\/\/www.alovey.com\/wp-content\/uploads\/2025\/02\/Square-slim-lipstick-container-with-colored-clear-cap-3.jpg 750w, https:\/\/www.alovey.com\/wp-content\/uploads\/2025\/02\/Square-slim-lipstick-container-with-colored-clear-cap-3-300x300.jpg 300w, https:\/\/www.alovey.com\/wp-content\/uploads\/2025\/02\/Square-slim-lipstick-container-with-colored-clear-cap-3-150x150.jpg 150w, https:\/\/www.alovey.com\/wp-content\/uploads\/2025\/02\/Square-slim-lipstick-container-with-colored-clear-cap-3-600x600.jpg 600w, https:\/\/www.alovey.com\/wp-content\/uploads\/2025\/02\/Square-slim-lipstick-container-with-colored-clear-cap-3-100x100.jpg 100w\" sizes=\"(max-width: 750px) 100vw, 750px\" \/><\/p>\n<p><img decoding=\"async\" class=\"size-full wp-image-9550\" src=\"https:\/\/www.alovey.com\/wp-content\/uploads\/2025\/02\/Square-slim-lipstick-container-with-colored-clear-cap-4.jpg\" alt=\"Square slim lipstick container with colored clear cap\" width=\"750\" height=\"750\" srcset=\"https:\/\/www.alovey.com\/wp-content\/uploads\/2025\/02\/Square-slim-lipstick-container-with-colored-clear-cap-4.jpg 750w, https:\/\/www.alovey.com\/wp-content\/uploads\/2025\/02\/Square-slim-lipstick-container-with-colored-clear-cap-4-300x300.jpg 300w, https:\/\/www.alovey.com\/wp-content\/uploads\/2025\/02\/Square-slim-lipstick-container-with-colored-clear-cap-4-150x150.jpg 150w, https:\/\/www.alovey.com\/wp-content\/uploads\/2025\/02\/Square-slim-lipstick-container-with-colored-clear-cap-4-600x600.jpg 600w, https:\/\/www.alovey.com\/wp-content\/uploads\/2025\/02\/Square-slim-lipstick-container-with-colored-clear-cap-4-100x100.jpg 100w\" sizes=\"(max-width: 750px) 100vw, 750px\" \/><\/p>\n<p><img loading=\"lazy\" decoding=\"async\" class=\"size-full wp-image-9551\" src=\"https:\/\/www.alovey.com\/wp-content\/uploads\/2025\/02\/Square-slim-lipstick-container-with-colored-clear-cap-5.jpg\" alt=\"Square slim lipstick container with colored clear cap\" width=\"750\" height=\"750\" srcset=\"https:\/\/www.alovey.com\/wp-content\/uploads\/2025\/02\/Square-slim-lipstick-container-with-colored-clear-cap-5.jpg 750w, https:\/\/www.alovey.com\/wp-content\/uploads\/2025\/02\/Square-slim-lipstick-container-with-colored-clear-cap-5-300x300.jpg 300w, https:\/\/www.alovey.com\/wp-content\/uploads\/2025\/02\/Square-slim-lipstick-container-with-colored-clear-cap-5-150x150.jpg 150w, https:\/\/www.alovey.com\/wp-content\/uploads\/2025\/02\/Square-slim-lipstick-container-with-colored-clear-cap-5-600x600.jpg 600w, https:\/\/www.alovey.com\/wp-content\/uploads\/2025\/02\/Square-slim-lipstick-container-with-colored-clear-cap-5-100x100.jpg 100w\" sizes=\"(max-width: 750px) 100vw, 750px\" \/><\/p>\n<p><img loading=\"lazy\" decoding=\"async\" class=\"size-full wp-image-9547\" src=\"https:\/\/www.alovey.com\/wp-content\/uploads\/2025\/02\/Square-slim-lipstick-container-with-colored-clear-cap-1.jpg\" alt=\"Square slim lipstick container with colored clear cap\" width=\"750\" height=\"750\" srcset=\"https:\/\/www.alovey.com\/wp-content\/uploads\/2025\/02\/Square-slim-lipstick-container-with-colored-clear-cap-1.jpg 750w, https:\/\/www.alovey.com\/wp-content\/uploads\/2025\/02\/Square-slim-lipstick-container-with-colored-clear-cap-1-300x300.jpg 300w, https:\/\/www.alovey.com\/wp-content\/uploads\/2025\/02\/Square-slim-lipstick-container-with-colored-clear-cap-1-150x150.jpg 150w, https:\/\/www.alovey.com\/wp-content\/uploads\/2025\/02\/Square-slim-lipstick-container-with-colored-clear-cap-1-600x600.jpg 600w, https:\/\/www.alovey.com\/wp-content\/uploads\/2025\/02\/Square-slim-lipstick-container-with-colored-clear-cap-1-100x100.jpg 100w\" sizes=\"(max-width: 750px) 100vw, 750px\" \/><\/p>\n<p><img loading=\"lazy\" decoding=\"async\" class=\"size-full wp-image-9546\" src=\"https:\/\/www.alovey.com\/wp-content\/uploads\/2025\/02\/Square-slim-lipstick-container-with-colored-clear-cap-6.jpg\" alt=\"Square slim lipstick container with colored clear cap\" width=\"750\" height=\"750\" srcset=\"https:\/\/www.alovey.com\/wp-content\/uploads\/2025\/02\/Square-slim-lipstick-container-with-colored-clear-cap-6.jpg 750w, https:\/\/www.alovey.com\/wp-content\/uploads\/2025\/02\/Square-slim-lipstick-container-with-colored-clear-cap-6-300x300.jpg 300w, https:\/\/www.alovey.com\/wp-content\/uploads\/2025\/02\/Square-slim-lipstick-container-with-colored-clear-cap-6-150x150.jpg 150w, https:\/\/www.alovey.com\/wp-content\/uploads\/2025\/02\/Square-slim-lipstick-container-with-colored-clear-cap-6-600x600.jpg 600w, https:\/\/www.alovey.com\/wp-content\/uploads\/2025\/02\/Square-slim-lipstick-container-with-colored-clear-cap-6-100x100.jpg 100w\" sizes=\"(max-width: 750px) 100vw, 750px\" \/><\/p>\n<p>&nbsp;<\/p>\n<p>&nbsp;<\/p>\n<p>&nbsp;<\/p>\n<p>&nbsp;<\/p>\n<p>&nbsp;<\/p>\n<p>&nbsp;<\/p>\n<p>&nbsp;<\/p>\n<p>&nbsp;<\/p>\n<p>&nbsp;<\/p>\n<p>&nbsp;<\/p>\n<p>&nbsp;<\/p>\n<p>&nbsp;<\/p>\n<p>&nbsp;<\/p>\n<p>&nbsp;<\/p>\n<p>&nbsp;<\/p>\n<p>&nbsp;<\/p>\n<p>&nbsp;<\/p>\n<p>&nbsp;<\/p>\n<p>&nbsp;<\/p>\n<p>&nbsp;<\/p>\n<p>&nbsp;<\/p>\n<p>&nbsp;<\/p>\n<p>&nbsp;<\/p>\n<p>&nbsp;<\/p>\n<p>&nbsp;<\/p>\n<p>&nbsp;<\/p>\n<p>&nbsp;<\/p>\n<p>&nbsp;<\/p>\n<p>&nbsp;<\/p>\n<p>&nbsp;<\/p>\n<p>&nbsp;<\/p>\n<p>&nbsp;<\/p>\n<p>&nbsp;<\/p>\n<p>&nbsp;<\/p>\n<p>&nbsp;<\/p>\n<p>&nbsp;<\/p>\n<p>&nbsp;<\/p>\n<p>&nbsp;<\/p>\n<p>&nbsp;<\/p>\n<p>&nbsp;<\/p>\n<p>&nbsp;<\/p>\n<p>&nbsp;<\/p>\n<p>&nbsp;<\/p>\n<p>&nbsp;<\/p>\n<p>&nbsp;<\/p>\n<p>&nbsp;<\/p>\n<p>&nbsp;<\/p>\n<p>&nbsp;<\/p>\n<p>&nbsp;<\/p>\n<p>&nbsp;<\/p>\n<p>&nbsp;<\/p>\n<p>&nbsp;<\/p>\n<p>&nbsp;<\/p>\n<p>&nbsp;<\/p>\n<p>&nbsp;<\/p>\n<p>&nbsp;<\/p>\n<p>&nbsp;<\/p>\n<p>&nbsp;<\/p>\n<p>&nbsp;<\/p>\n<p>&nbsp;<\/p>\n<p>&nbsp;<\/p>\n<p>&nbsp;<\/p>\n<p>&nbsp;<\/p>\n<p>&nbsp;<\/p>\n<p>&nbsp;<\/p>\n<p>&nbsp;<\/p>\n<p>&nbsp;<\/p>\n<p>&nbsp;<\/p>\n<p>&nbsp;<\/p>\n<p>&nbsp;<\/p>\n<p>&nbsp;<\/p>\n<p>&nbsp;<\/p>\n<p>&nbsp;<\/p>\n<p>&nbsp;<\/p>\n<p>&nbsp;<\/p>\n<p>&nbsp;<\/p>\n<p>&nbsp;<\/p>\n<p>&nbsp;<\/p>\n<p>&nbsp;<\/p>\n<p>&nbsp;<\/p>\n<p>&nbsp;<\/p>\n<p>&nbsp;<\/p>\n<p>&nbsp;<\/p>\n<p>&nbsp;<\/p>\n<p>&nbsp;<\/p>\n<p>&nbsp;<\/p>\n<p>&nbsp;<\/p>\n<p>&nbsp;<\/p>\n<p>&nbsp;<\/p>\n<p>&nbsp;<\/p>\n<p>&nbsp;<\/p>\n<p>&nbsp;<\/p>\n<p>&nbsp;<\/p>\n<p>&nbsp;<\/p>\n<p>&nbsp;<\/p>\n<p>&nbsp;<\/p>\n<p>&nbsp;<\/p>\n<p>&nbsp;<\/p>\n<p>&nbsp;<\/p>\n<p>&nbsp;<\/p>\n<p>&nbsp;<\/p>\n<p>&nbsp;<\/p>\n<p>&nbsp;<\/p>\n<p>&nbsp;<\/p>\n<p>&nbsp;<\/p>\n<p>&nbsp;<\/p>\n<p>&nbsp;<\/p>\n<p>&nbsp;<\/p>\n<p>&nbsp;<\/p>\n<p>&nbsp;<\/p>\n<p>&nbsp;<\/p>\n<p>&nbsp;<\/p>\n<p>&nbsp;<\/p>\n<p>&nbsp;<\/p>\n<p>&nbsp;<\/p>\n<p>&nbsp;<\/p>\n<p>&nbsp;<\/p>\n<p>&nbsp;<\/p>\n<p>&nbsp;<\/p>\n<p>&nbsp;<\/p>\n<p>&nbsp;<\/p>\n<p>&nbsp;<\/p>\n<p>&nbsp;<\/p>\n<p>&nbsp;<\/p>\n<p>&nbsp;<\/p>\n<p>&nbsp;<\/p>\n<p>&nbsp;<\/p>\n<p>&nbsp;<\/p>\n<p>&nbsp;<\/p>\n<p>&nbsp;<\/p>\n<p>&nbsp;<\/p>\n<p>&nbsp;<\/p>\n<p>&nbsp;<\/p>\n<p>&nbsp;<\/p>\n<p>&nbsp;<\/p>\n<p>&nbsp;<\/p>\n<p>&nbsp;<\/p>\n<p>&nbsp;<\/p>\n<p>&nbsp;<\/p>\n<p>&nbsp;<\/p>\n<p>&nbsp;<\/p>\n<p>&nbsp;<\/p>\n<p>&nbsp;<\/p>\n<p>&nbsp;<\/p>\n<p>&nbsp;<\/p>\n<p>&nbsp;<\/p>\n<p>&nbsp;<\/p>\n<p>&nbsp;<\/p>\n<p>&nbsp;<\/p>\n<p>&nbsp;<\/p>\n<p>&nbsp;<\/p>\n<p>&nbsp;<\/p>\n<p>&nbsp;<\/p>\n<p>&nbsp;<\/p>","protected":false},"excerpt":{"rendered":"<ul>\n<li><strong>Square slim lipstick container with colored clear cap<\/strong><\/li>\n<li><strong>Item No: LS-0420A<\/strong><\/li>\n<li><strong>Mat\u00e9riau :  Plastique\u00a0<\/strong><\/li>\n<li><strong>Size:\u00a0W19*H78MM<\/strong><\/li>\n<li><strong>Applications : Produits de beaut\u00e9<\/strong><\/li>\n<li><strong>MOQ : 12 000 pi\u00e8ces<\/strong><\/li>\n<li><strong>Couleur : couleur personnalis\u00e9e<\/strong><\/li>\n<li><strong>Surface treatment: Injection\/Matte\/Metalization\/UV coating<\/strong><\/li>\n<li><strong>Nom de marque : OEM\/ODM<\/strong><\/li>\n<li><strong>Logo : Logo du client<\/strong><\/li>\n<li><strong>Capacit\u00e9 de production : 100 000 pi\u00e8ces par mois<\/strong><\/li>\n<\/ul>","protected":false},"featured_media":9550,"template":"","meta":{"_acf_changed":false},"product_brand":[],"product_cat":[373],"product_tag":[389],"class_list":{"0":"post-9545","1":"product","2":"type-product","3":"status-publish","4":"has-post-thumbnail","6":"product_cat-professional-lipstick-tube-supplier","7":"product_tag-lip-stick-tube","9":"first","10":"instock","11":"shipping-taxable","12":"product-type-simple"},"acf":[],"yoast_head":"<!-- This site is optimized with the Yoast SEO plugin v24.1 - https:\/\/yoast.com\/wordpress\/plugins\/seo\/ -->\n<title>Square slim lipstick container with colored clear cap<\/title>\n<meta name=\"description\" content=\"Square slim lipstick container with colored clear cap in fashion design is suitable for inner diameter is 11.8 mm lipstick mold.\" \/>\n<meta name=\"robots\" content=\"index, follow, max-snippet:-1, max-image-preview:large, max-video-preview:-1\" \/>\n<link rel=\"canonical\" href=\"https:\/\/www.alovey.com\/fr\/produit\/square-slim-lipstick-container-with-colored-clear-cap\/\" \/>\n<meta property=\"og:locale\" content=\"fr_FR\" \/>\n<meta property=\"og:type\" content=\"article\" \/>\n<meta property=\"og:title\" content=\"Square slim lipstick container with colored clear cap\" \/>\n<meta property=\"og:description\" content=\"Square slim lipstick container with colored clear cap in fashion design is suitable for inner diameter is 11.8 mm lipstick mold.\" \/>\n<meta property=\"og:url\" content=\"https:\/\/www.alovey.com\/fr\/produit\/square-slim-lipstick-container-with-colored-clear-cap\/\" \/>\n<meta property=\"og:site_name\" content=\"Best Cosmetic Packaging Manufacture\" \/>\n<meta property=\"article:modified_time\" content=\"2025-02-11T02:48:15+00:00\" \/>\n<meta property=\"og:image\" content=\"https:\/\/www.alovey.com\/wp-content\/uploads\/2025\/02\/Square-slim-lipstick-container-with-colored-clear-cap-4.jpg\" \/>\n\t<meta property=\"og:image:width\" content=\"750\" \/>\n\t<meta property=\"og:image:height\" content=\"750\" \/>\n\t<meta property=\"og:image:type\" content=\"image\/jpeg\" \/>\n<meta name=\"twitter:card\" content=\"summary_large_image\" \/>\n<meta name=\"twitter:label1\" content=\"Dur\u00e9e de lecture estim\u00e9e\" \/>\n\t<meta name=\"twitter:data1\" content=\"2 minutes\" \/>\n<script type=\"application\/ld+json\" class=\"yoast-schema-graph\">{\"@context\":\"https:\/\/schema.org\",\"@graph\":[{\"@type\":\"WebPage\",\"@id\":\"https:\/\/www.alovey.com\/product\/square-slim-lipstick-container-with-colored-clear-cap\/\",\"url\":\"https:\/\/www.alovey.com\/product\/square-slim-lipstick-container-with-colored-clear-cap\/\",\"name\":\"Square slim lipstick container with colored clear cap\",\"isPartOf\":{\"@id\":\"https:\/\/www.alovey.com\/#website\"},\"primaryImageOfPage\":{\"@id\":\"https:\/\/www.alovey.com\/product\/square-slim-lipstick-container-with-colored-clear-cap\/#primaryimage\"},\"image\":{\"@id\":\"https:\/\/www.alovey.com\/product\/square-slim-lipstick-container-with-colored-clear-cap\/#primaryimage\"},\"thumbnailUrl\":\"https:\/\/www.alovey.com\/wp-content\/uploads\/2025\/02\/Square-slim-lipstick-container-with-colored-clear-cap-4.jpg\",\"datePublished\":\"2025-02-11T02:39:56+00:00\",\"dateModified\":\"2025-02-11T02:48:15+00:00\",\"description\":\"Square slim lipstick container with colored clear cap in fashion design is suitable for inner diameter is 11.8 mm lipstick mold.\",\"breadcrumb\":{\"@id\":\"https:\/\/www.alovey.com\/product\/square-slim-lipstick-container-with-colored-clear-cap\/#breadcrumb\"},\"inLanguage\":\"fr-FR\",\"potentialAction\":[{\"@type\":\"ReadAction\",\"target\":[\"https:\/\/www.alovey.com\/product\/square-slim-lipstick-container-with-colored-clear-cap\/\"]}]},{\"@type\":\"ImageObject\",\"inLanguage\":\"fr-FR\",\"@id\":\"https:\/\/www.alovey.com\/product\/square-slim-lipstick-container-with-colored-clear-cap\/#primaryimage\",\"url\":\"https:\/\/www.alovey.com\/wp-content\/uploads\/2025\/02\/Square-slim-lipstick-container-with-colored-clear-cap-4.jpg\",\"contentUrl\":\"https:\/\/www.alovey.com\/wp-content\/uploads\/2025\/02\/Square-slim-lipstick-container-with-colored-clear-cap-4.jpg\",\"width\":750,\"height\":750,\"caption\":\"Square slim lipstick container with colored clear cap\"},{\"@type\":\"BreadcrumbList\",\"@id\":\"https:\/\/www.alovey.com\/product\/square-slim-lipstick-container-with-colored-clear-cap\/#breadcrumb\",\"itemListElement\":[{\"@type\":\"ListItem\",\"position\":1,\"name\":\"\u9996\u9875\",\"item\":\"https:\/\/www.alovey.com\/\"},{\"@type\":\"ListItem\",\"position\":2,\"name\":\"Products\",\"item\":\"https:\/\/www.alovey.com\/products\/\"},{\"@type\":\"ListItem\",\"position\":3,\"name\":\"Square slim lipstick container with colored clear cap\"}]},{\"@type\":\"WebSite\",\"@id\":\"https:\/\/www.alovey.com\/#website\",\"url\":\"https:\/\/www.alovey.com\/\",\"name\":\"Best Cosmetic Packaging Manufacture\",\"description\":\"Alovey Cosmetic Packaging Co.,Ltd\",\"publisher\":{\"@id\":\"https:\/\/www.alovey.com\/#organization\"},\"potentialAction\":[{\"@type\":\"SearchAction\",\"target\":{\"@type\":\"EntryPoint\",\"urlTemplate\":\"https:\/\/www.alovey.com\/?s={search_term_string}\"},\"query-input\":{\"@type\":\"PropertyValueSpecification\",\"valueRequired\":true,\"valueName\":\"search_term_string\"}}],\"inLanguage\":\"fr-FR\"},{\"@type\":\"Organization\",\"@id\":\"https:\/\/www.alovey.com\/#organization\",\"name\":\"Best Cosmetic Packaging Manufacture\",\"url\":\"https:\/\/www.alovey.com\/\",\"logo\":{\"@type\":\"ImageObject\",\"inLanguage\":\"fr-FR\",\"@id\":\"https:\/\/www.alovey.com\/#\/schema\/logo\/image\/\",\"url\":\"https:\/\/www.alovey.com\/wp-content\/uploads\/2023\/03\/logo.png\",\"contentUrl\":\"https:\/\/www.alovey.com\/wp-content\/uploads\/2023\/03\/logo.png\",\"width\":505,\"height\":180,\"caption\":\"Best  Cosmetic Packaging Manufacture\"},\"image\":{\"@id\":\"https:\/\/www.alovey.com\/#\/schema\/logo\/image\/\"}}]}<\/script>\n<!-- \/ Yoast SEO plugin. -->","yoast_head_json":{"title":"Square slim lipstick container with colored clear cap","description":"Square slim lipstick container with colored clear cap in fashion design is suitable for inner diameter is 11.8 mm lipstick mold.","robots":{"index":"index","follow":"follow","max-snippet":"max-snippet:-1","max-image-preview":"max-image-preview:large","max-video-preview":"max-video-preview:-1"},"canonical":"https:\/\/www.alovey.com\/fr\/produit\/square-slim-lipstick-container-with-colored-clear-cap\/","og_locale":"fr_FR","og_type":"article","og_title":"Square slim lipstick container with colored clear cap","og_description":"Square slim lipstick container with colored clear cap in fashion design is suitable for inner diameter is 11.8 mm lipstick mold.","og_url":"https:\/\/www.alovey.com\/fr\/produit\/square-slim-lipstick-container-with-colored-clear-cap\/","og_site_name":"Best Cosmetic Packaging Manufacture","article_modified_time":"2025-02-11T02:48:15+00:00","og_image":[{"width":750,"height":750,"url":"https:\/\/www.alovey.com\/wp-content\/uploads\/2025\/02\/Square-slim-lipstick-container-with-colored-clear-cap-4.jpg","type":"image\/jpeg"}],"twitter_card":"summary_large_image","twitter_misc":{"Dur\u00e9e de lecture estim\u00e9e":"2 minutes"},"schema":{"@context":"https:\/\/schema.org","@graph":[{"@type":"WebPage","@id":"https:\/\/www.alovey.com\/product\/square-slim-lipstick-container-with-colored-clear-cap\/","url":"https:\/\/www.alovey.com\/product\/square-slim-lipstick-container-with-colored-clear-cap\/","name":"Square slim lipstick container with colored clear cap","isPartOf":{"@id":"https:\/\/www.alovey.com\/#website"},"primaryImageOfPage":{"@id":"https:\/\/www.alovey.com\/product\/square-slim-lipstick-container-with-colored-clear-cap\/#primaryimage"},"image":{"@id":"https:\/\/www.alovey.com\/product\/square-slim-lipstick-container-with-colored-clear-cap\/#primaryimage"},"thumbnailUrl":"https:\/\/www.alovey.com\/wp-content\/uploads\/2025\/02\/Square-slim-lipstick-container-with-colored-clear-cap-4.jpg","datePublished":"2025-02-11T02:39:56+00:00","dateModified":"2025-02-11T02:48:15+00:00","description":"Square slim lipstick container with colored clear cap in fashion design is suitable for inner diameter is 11.8 mm lipstick mold.","breadcrumb":{"@id":"https:\/\/www.alovey.com\/product\/square-slim-lipstick-container-with-colored-clear-cap\/#breadcrumb"},"inLanguage":"fr-FR","potentialAction":[{"@type":"ReadAction","target":["https:\/\/www.alovey.com\/product\/square-slim-lipstick-container-with-colored-clear-cap\/"]}]},{"@type":"ImageObject","inLanguage":"fr-FR","@id":"https:\/\/www.alovey.com\/product\/square-slim-lipstick-container-with-colored-clear-cap\/#primaryimage","url":"https:\/\/www.alovey.com\/wp-content\/uploads\/2025\/02\/Square-slim-lipstick-container-with-colored-clear-cap-4.jpg","contentUrl":"https:\/\/www.alovey.com\/wp-content\/uploads\/2025\/02\/Square-slim-lipstick-container-with-colored-clear-cap-4.jpg","width":750,"height":750,"caption":"Square slim lipstick container with colored clear cap"},{"@type":"BreadcrumbList","@id":"https:\/\/www.alovey.com\/product\/square-slim-lipstick-container-with-colored-clear-cap\/#breadcrumb","itemListElement":[{"@type":"ListItem","position":1,"name":"\u9996\u9875","item":"https:\/\/www.alovey.com\/"},{"@type":"ListItem","position":2,"name":"Products","item":"https:\/\/www.alovey.com\/products\/"},{"@type":"ListItem","position":3,"name":"Square slim lipstick container with colored clear cap"}]},{"@type":"WebSite","@id":"https:\/\/www.alovey.com\/#website","url":"https:\/\/www.alovey.com\/","name":"Best Cosmetic Packaging Manufacture","description":"Alovey Cosmetic Packaging Co.,Ltd","publisher":{"@id":"https:\/\/www.alovey.com\/#organization"},"potentialAction":[{"@type":"SearchAction","target":{"@type":"EntryPoint","urlTemplate":"https:\/\/www.alovey.com\/?s={search_term_string}"},"query-input":{"@type":"PropertyValueSpecification","valueRequired":true,"valueName":"search_term_string"}}],"inLanguage":"fr-FR"},{"@type":"Organization","@id":"https:\/\/www.alovey.com\/#organization","name":"Best Cosmetic Packaging Manufacture","url":"https:\/\/www.alovey.com\/","logo":{"@type":"ImageObject","inLanguage":"fr-FR","@id":"https:\/\/www.alovey.com\/#\/schema\/logo\/image\/","url":"https:\/\/www.alovey.com\/wp-content\/uploads\/2023\/03\/logo.png","contentUrl":"https:\/\/www.alovey.com\/wp-content\/uploads\/2023\/03\/logo.png","width":505,"height":180,"caption":"Best  Cosmetic Packaging Manufacture"},"image":{"@id":"https:\/\/www.alovey.com\/#\/schema\/logo\/image\/"}}]}},"_links":{"self":[{"href":"https:\/\/www.alovey.com\/fr\/wp-json\/wp\/v2\/product\/9545"}],"collection":[{"href":"https:\/\/www.alovey.com\/fr\/wp-json\/wp\/v2\/product"}],"about":[{"href":"https:\/\/www.alovey.com\/fr\/wp-json\/wp\/v2\/types\/product"}],"wp:featuredmedia":[{"embeddable":true,"href":"https:\/\/www.alovey.com\/fr\/wp-json\/wp\/v2\/media\/9550"}],"wp:attachment":[{"href":"https:\/\/www.alovey.com\/fr\/wp-json\/wp\/v2\/media?parent=9545"}],"wp:term":[{"taxonomy":"product_brand","embeddable":true,"href":"https:\/\/www.alovey.com\/fr\/wp-json\/wp\/v2\/product_brand?post=9545"},{"taxonomy":"product_cat","embeddable":true,"href":"https:\/\/www.alovey.com\/fr\/wp-json\/wp\/v2\/product_cat?post=9545"},{"taxonomy":"product_tag","embeddable":true,"href":"https:\/\/www.alovey.com\/fr\/wp-json\/wp\/v2\/product_tag?post=9545"}],"curies":[{"name":"wp","href":"https:\/\/api.w.org\/{rel}","templated":true}]}}