{"id":9404,"date":"2025-01-23T08:37:24","date_gmt":"2025-01-23T08:37:24","guid":{"rendered":"https:\/\/www.alovey.com\/?post_type=product&#038;p=9404"},"modified":"2025-01-23T08:57:05","modified_gmt":"2025-01-23T08:57:05","slug":"hairline-powder-case-with-mirror-and-ribbon","status":"publish","type":"product","link":"https:\/\/www.alovey.com\/fr\/produit\/hairline-powder-case-with-mirror-and-ribbon\/","title":{"rendered":"Bo\u00eete \u00e0 poudre Hairline avec miroir et ruban"},"content":{"rendered":"<p><strong>This hairline powder case with mirror and ribbon needs a aluminum pan insert. The inner pan size diameter is 34.5mm. The puff on the bottom can be pulled out.<\/strong><\/p>\n<p><strong>Alovey, fabricant professionnel chinois d'emballages cosm\u00e9tiques, produit une gamme exquise d'emballages cosm\u00e9tiques personnalis\u00e9s, m\u00e9ticuleusement con\u00e7us pour rehausser votre marque. Notre s\u00e9lection vari\u00e9e de mat\u00e9riaux de premi\u00e8re qualit\u00e9, associ\u00e9e \u00e0 des techniques de finition de surface d\u00e9licates telles que la s\u00e9rigraphie, l'estampage \u00e0 chaud et la pulv\u00e9risation mate, fait de chaque emballage un chef-d'\u0153uvre unique.<\/strong><\/p>\n<p><img fetchpriority=\"high\" decoding=\"async\" class=\"size-full wp-image-9409\" src=\"https:\/\/www.alovey.com\/wp-content\/uploads\/2025\/01\/Hairline-powder-case-with-mirror-and-ribbon-5.jpg\" alt=\"Hairline powder case with mirror and ribbon\" width=\"750\" height=\"750\" srcset=\"https:\/\/www.alovey.com\/wp-content\/uploads\/2025\/01\/Hairline-powder-case-with-mirror-and-ribbon-5.jpg 750w, https:\/\/www.alovey.com\/wp-content\/uploads\/2025\/01\/Hairline-powder-case-with-mirror-and-ribbon-5-300x300.jpg 300w, https:\/\/www.alovey.com\/wp-content\/uploads\/2025\/01\/Hairline-powder-case-with-mirror-and-ribbon-5-150x150.jpg 150w, https:\/\/www.alovey.com\/wp-content\/uploads\/2025\/01\/Hairline-powder-case-with-mirror-and-ribbon-5-600x600.jpg 600w, https:\/\/www.alovey.com\/wp-content\/uploads\/2025\/01\/Hairline-powder-case-with-mirror-and-ribbon-5-100x100.jpg 100w\" sizes=\"(max-width: 750px) 100vw, 750px\" \/><\/p>\n<p><img decoding=\"async\" class=\"size-full wp-image-9408\" src=\"https:\/\/www.alovey.com\/wp-content\/uploads\/2025\/01\/Hairline-powder-case-with-mirror-and-ribbon-4.jpg\" alt=\"Hairline powder case with mirror and ribbon\" width=\"750\" height=\"750\" srcset=\"https:\/\/www.alovey.com\/wp-content\/uploads\/2025\/01\/Hairline-powder-case-with-mirror-and-ribbon-4.jpg 750w, https:\/\/www.alovey.com\/wp-content\/uploads\/2025\/01\/Hairline-powder-case-with-mirror-and-ribbon-4-300x300.jpg 300w, https:\/\/www.alovey.com\/wp-content\/uploads\/2025\/01\/Hairline-powder-case-with-mirror-and-ribbon-4-150x150.jpg 150w, https:\/\/www.alovey.com\/wp-content\/uploads\/2025\/01\/Hairline-powder-case-with-mirror-and-ribbon-4-600x600.jpg 600w, https:\/\/www.alovey.com\/wp-content\/uploads\/2025\/01\/Hairline-powder-case-with-mirror-and-ribbon-4-100x100.jpg 100w\" sizes=\"(max-width: 750px) 100vw, 750px\" \/><\/p>\n<p><img decoding=\"async\" class=\"size-full wp-image-9407\" src=\"https:\/\/www.alovey.com\/wp-content\/uploads\/2025\/01\/Hairline-powder-case-with-mirror-and-ribbon-3.jpg\" alt=\"Hairline powder case with mirror and ribbon\" width=\"750\" height=\"750\" srcset=\"https:\/\/www.alovey.com\/wp-content\/uploads\/2025\/01\/Hairline-powder-case-with-mirror-and-ribbon-3.jpg 750w, https:\/\/www.alovey.com\/wp-content\/uploads\/2025\/01\/Hairline-powder-case-with-mirror-and-ribbon-3-300x300.jpg 300w, https:\/\/www.alovey.com\/wp-content\/uploads\/2025\/01\/Hairline-powder-case-with-mirror-and-ribbon-3-150x150.jpg 150w, https:\/\/www.alovey.com\/wp-content\/uploads\/2025\/01\/Hairline-powder-case-with-mirror-and-ribbon-3-600x600.jpg 600w, https:\/\/www.alovey.com\/wp-content\/uploads\/2025\/01\/Hairline-powder-case-with-mirror-and-ribbon-3-100x100.jpg 100w\" sizes=\"(max-width: 750px) 100vw, 750px\" \/><\/p>\n<p><img loading=\"lazy\" decoding=\"async\" class=\"size-full wp-image-9406\" src=\"https:\/\/www.alovey.com\/wp-content\/uploads\/2025\/01\/Hairline-powder-case-with-mirror-and-ribbon-2.jpg\" alt=\"Hairline powder case with mirror and ribbon\" width=\"750\" height=\"750\" srcset=\"https:\/\/www.alovey.com\/wp-content\/uploads\/2025\/01\/Hairline-powder-case-with-mirror-and-ribbon-2.jpg 750w, https:\/\/www.alovey.com\/wp-content\/uploads\/2025\/01\/Hairline-powder-case-with-mirror-and-ribbon-2-300x300.jpg 300w, https:\/\/www.alovey.com\/wp-content\/uploads\/2025\/01\/Hairline-powder-case-with-mirror-and-ribbon-2-150x150.jpg 150w, https:\/\/www.alovey.com\/wp-content\/uploads\/2025\/01\/Hairline-powder-case-with-mirror-and-ribbon-2-600x600.jpg 600w, https:\/\/www.alovey.com\/wp-content\/uploads\/2025\/01\/Hairline-powder-case-with-mirror-and-ribbon-2-100x100.jpg 100w\" sizes=\"(max-width: 750px) 100vw, 750px\" \/><\/p>\n<p><img loading=\"lazy\" decoding=\"async\" class=\"size-full wp-image-9405\" src=\"https:\/\/www.alovey.com\/wp-content\/uploads\/2025\/01\/Hairline-powder-case-with-mirror-and-ribbon-6.jpg\" alt=\"Hairline powder case with mirror and ribbon\" width=\"630\" height=\"630\" srcset=\"https:\/\/www.alovey.com\/wp-content\/uploads\/2025\/01\/Hairline-powder-case-with-mirror-and-ribbon-6.jpg 630w, https:\/\/www.alovey.com\/wp-content\/uploads\/2025\/01\/Hairline-powder-case-with-mirror-and-ribbon-6-300x300.jpg 300w, https:\/\/www.alovey.com\/wp-content\/uploads\/2025\/01\/Hairline-powder-case-with-mirror-and-ribbon-6-150x150.jpg 150w, https:\/\/www.alovey.com\/wp-content\/uploads\/2025\/01\/Hairline-powder-case-with-mirror-and-ribbon-6-600x600.jpg 600w, https:\/\/www.alovey.com\/wp-content\/uploads\/2025\/01\/Hairline-powder-case-with-mirror-and-ribbon-6-100x100.jpg 100w\" sizes=\"(max-width: 630px) 100vw, 630px\" \/><\/p>\n<p>&nbsp;<\/p>\n<p>&nbsp;<\/p>\n<p>&nbsp;<\/p>\n<p>&nbsp;<\/p>\n<p>&nbsp;<\/p>\n<p>&nbsp;<\/p>\n<p>&nbsp;<\/p>\n<p>&nbsp;<\/p>\n<p>&nbsp;<\/p>\n<p>&nbsp;<\/p>\n<p>&nbsp;<\/p>\n<p>&nbsp;<\/p>\n<p>&nbsp;<\/p>\n<p>&nbsp;<\/p>\n<p>&nbsp;<\/p>\n<p>&nbsp;<\/p>\n<p>&nbsp;<\/p>\n<p>&nbsp;<\/p>\n<p>&nbsp;<\/p>\n<p>&nbsp;<\/p>\n<p>&nbsp;<\/p>\n<p>&nbsp;<\/p>\n<p>&nbsp;<\/p>\n<p>&nbsp;<\/p>\n<p>&nbsp;<\/p>\n<p>&nbsp;<\/p>\n<p>&nbsp;<\/p>\n<p>&nbsp;<\/p>\n<p>&nbsp;<\/p>\n<p>&nbsp;<\/p>\n<p>&nbsp;<\/p>\n<p>&nbsp;<\/p>\n<p>&nbsp;<\/p>\n<p>&nbsp;<\/p>\n<p>&nbsp;<\/p>\n<p>&nbsp;<\/p>\n<p>&nbsp;<\/p>\n<p>&nbsp;<\/p>\n<p>&nbsp;<\/p>\n<p>&nbsp;<\/p>\n<p>&nbsp;<\/p>\n<p>&nbsp;<\/p>\n<p>&nbsp;<\/p>\n<p>&nbsp;<\/p>\n<p>&nbsp;<\/p>","protected":false},"excerpt":{"rendered":"<ul>\n<li>Bo\u00eete \u00e0 poudre Hairline avec miroir et ruban<\/li>\n<li>Item No: P-J0015A<\/li>\n<li>Mat\u00e9riau :  Plastique<\/li>\n<li>Size:\u00a0D44*H36MM<\/li>\n<li>Applications : Produits de beaut\u00e9<\/li>\n<li>MOQ : 12 000 pi\u00e8ces<\/li>\n<li>Couleur : couleur personnalis\u00e9e<\/li>\n<li>Surface treatment: Injection\/Matte\/Metalization\/UV coating<\/li>\n<li>Nom de marque : OEM\/ODM<\/li>\n<li>Logo : Logo du client<\/li>\n<li>Capacit\u00e9 de production : 100 000 pi\u00e8ces par mois<\/li>\n<\/ul>","protected":false},"featured_media":9406,"template":"","meta":{"_acf_changed":false},"product_brand":[],"product_cat":[383],"product_tag":[387,410],"class_list":{"0":"post-9404","1":"product","2":"type-product","3":"status-publish","4":"has-post-thumbnail","6":"product_cat-the-best-cosmetic-jar","7":"product_tag-compact-powder-case","8":"product_tag-hairline-powder-case","10":"first","11":"instock","12":"shipping-taxable","13":"product-type-simple"},"acf":[],"yoast_head":"<!-- This site is optimized with the Yoast SEO plugin v24.1 - https:\/\/yoast.com\/wordpress\/plugins\/seo\/ -->\n<title>Hairline powder case with mirror and ribbon<\/title>\n<meta name=\"description\" content=\"This hairline powder case with mirror and ribbon needs a aluminum pan insert. Inner pan size diameter is 34.5mm, its puff on the bottom can be pulled out.\" \/>\n<meta name=\"robots\" content=\"index, follow, max-snippet:-1, max-image-preview:large, max-video-preview:-1\" \/>\n<link rel=\"canonical\" href=\"https:\/\/www.alovey.com\/fr\/produit\/hairline-powder-case-with-mirror-and-ribbon\/\" \/>\n<meta property=\"og:locale\" content=\"fr_FR\" \/>\n<meta property=\"og:type\" content=\"article\" \/>\n<meta property=\"og:title\" content=\"Hairline powder case with mirror and ribbon\" \/>\n<meta property=\"og:description\" content=\"This hairline powder case with mirror and ribbon needs a aluminum pan insert. Inner pan size diameter is 34.5mm, its puff on the bottom can be pulled out.\" \/>\n<meta property=\"og:url\" content=\"https:\/\/www.alovey.com\/fr\/produit\/hairline-powder-case-with-mirror-and-ribbon\/\" \/>\n<meta property=\"og:site_name\" content=\"Best Cosmetic Packaging Manufacture\" \/>\n<meta property=\"article:modified_time\" content=\"2025-01-23T08:57:05+00:00\" \/>\n<meta property=\"og:image\" content=\"https:\/\/www.alovey.com\/wp-content\/uploads\/2025\/01\/Hairline-powder-case-with-mirror-and-ribbon-2.jpg\" \/>\n\t<meta property=\"og:image:width\" content=\"750\" \/>\n\t<meta property=\"og:image:height\" content=\"750\" \/>\n\t<meta property=\"og:image:type\" content=\"image\/jpeg\" \/>\n<meta name=\"twitter:card\" content=\"summary_large_image\" \/>\n<meta name=\"twitter:label1\" content=\"Dur\u00e9e de lecture estim\u00e9e\" \/>\n\t<meta name=\"twitter:data1\" content=\"2 minutes\" \/>\n<script type=\"application\/ld+json\" class=\"yoast-schema-graph\">{\"@context\":\"https:\/\/schema.org\",\"@graph\":[{\"@type\":\"WebPage\",\"@id\":\"https:\/\/www.alovey.com\/product\/hairline-powder-case-with-mirror-and-ribbon\/\",\"url\":\"https:\/\/www.alovey.com\/product\/hairline-powder-case-with-mirror-and-ribbon\/\",\"name\":\"Hairline powder case with mirror and ribbon\",\"isPartOf\":{\"@id\":\"https:\/\/www.alovey.com\/#website\"},\"primaryImageOfPage\":{\"@id\":\"https:\/\/www.alovey.com\/product\/hairline-powder-case-with-mirror-and-ribbon\/#primaryimage\"},\"image\":{\"@id\":\"https:\/\/www.alovey.com\/product\/hairline-powder-case-with-mirror-and-ribbon\/#primaryimage\"},\"thumbnailUrl\":\"https:\/\/www.alovey.com\/wp-content\/uploads\/2025\/01\/Hairline-powder-case-with-mirror-and-ribbon-2.jpg\",\"datePublished\":\"2025-01-23T08:37:24+00:00\",\"dateModified\":\"2025-01-23T08:57:05+00:00\",\"description\":\"This hairline powder case with mirror and ribbon needs a aluminum pan insert. Inner pan size diameter is 34.5mm, its puff on the bottom can be pulled out.\",\"breadcrumb\":{\"@id\":\"https:\/\/www.alovey.com\/product\/hairline-powder-case-with-mirror-and-ribbon\/#breadcrumb\"},\"inLanguage\":\"fr-FR\",\"potentialAction\":[{\"@type\":\"ReadAction\",\"target\":[\"https:\/\/www.alovey.com\/product\/hairline-powder-case-with-mirror-and-ribbon\/\"]}]},{\"@type\":\"ImageObject\",\"inLanguage\":\"fr-FR\",\"@id\":\"https:\/\/www.alovey.com\/product\/hairline-powder-case-with-mirror-and-ribbon\/#primaryimage\",\"url\":\"https:\/\/www.alovey.com\/wp-content\/uploads\/2025\/01\/Hairline-powder-case-with-mirror-and-ribbon-2.jpg\",\"contentUrl\":\"https:\/\/www.alovey.com\/wp-content\/uploads\/2025\/01\/Hairline-powder-case-with-mirror-and-ribbon-2.jpg\",\"width\":750,\"height\":750,\"caption\":\"Hairline powder case with mirror and ribbon\"},{\"@type\":\"BreadcrumbList\",\"@id\":\"https:\/\/www.alovey.com\/product\/hairline-powder-case-with-mirror-and-ribbon\/#breadcrumb\",\"itemListElement\":[{\"@type\":\"ListItem\",\"position\":1,\"name\":\"\u9996\u9875\",\"item\":\"https:\/\/www.alovey.com\/\"},{\"@type\":\"ListItem\",\"position\":2,\"name\":\"Products\",\"item\":\"https:\/\/www.alovey.com\/products\/\"},{\"@type\":\"ListItem\",\"position\":3,\"name\":\"Hairline powder case with mirror and ribbon\"}]},{\"@type\":\"WebSite\",\"@id\":\"https:\/\/www.alovey.com\/#website\",\"url\":\"https:\/\/www.alovey.com\/\",\"name\":\"Best Cosmetic Packaging Manufacture\",\"description\":\"Alovey Cosmetic Packaging Co.,Ltd\",\"publisher\":{\"@id\":\"https:\/\/www.alovey.com\/#organization\"},\"potentialAction\":[{\"@type\":\"SearchAction\",\"target\":{\"@type\":\"EntryPoint\",\"urlTemplate\":\"https:\/\/www.alovey.com\/?s={search_term_string}\"},\"query-input\":{\"@type\":\"PropertyValueSpecification\",\"valueRequired\":true,\"valueName\":\"search_term_string\"}}],\"inLanguage\":\"fr-FR\"},{\"@type\":\"Organization\",\"@id\":\"https:\/\/www.alovey.com\/#organization\",\"name\":\"Best Cosmetic Packaging Manufacture\",\"url\":\"https:\/\/www.alovey.com\/\",\"logo\":{\"@type\":\"ImageObject\",\"inLanguage\":\"fr-FR\",\"@id\":\"https:\/\/www.alovey.com\/#\/schema\/logo\/image\/\",\"url\":\"https:\/\/www.alovey.com\/wp-content\/uploads\/2023\/03\/logo.png\",\"contentUrl\":\"https:\/\/www.alovey.com\/wp-content\/uploads\/2023\/03\/logo.png\",\"width\":505,\"height\":180,\"caption\":\"Best  Cosmetic Packaging Manufacture\"},\"image\":{\"@id\":\"https:\/\/www.alovey.com\/#\/schema\/logo\/image\/\"}}]}<\/script>\n<!-- \/ Yoast SEO plugin. -->","yoast_head_json":{"title":"Bo\u00eete \u00e0 poudre Hairline avec miroir et ruban","description":"This hairline powder case with mirror and ribbon needs a aluminum pan insert. Inner pan size diameter is 34.5mm, its puff on the bottom can be pulled out.","robots":{"index":"index","follow":"follow","max-snippet":"max-snippet:-1","max-image-preview":"max-image-preview:large","max-video-preview":"max-video-preview:-1"},"canonical":"https:\/\/www.alovey.com\/fr\/produit\/hairline-powder-case-with-mirror-and-ribbon\/","og_locale":"fr_FR","og_type":"article","og_title":"Hairline powder case with mirror and ribbon","og_description":"This hairline powder case with mirror and ribbon needs a aluminum pan insert. Inner pan size diameter is 34.5mm, its puff on the bottom can be pulled out.","og_url":"https:\/\/www.alovey.com\/fr\/produit\/hairline-powder-case-with-mirror-and-ribbon\/","og_site_name":"Best Cosmetic Packaging Manufacture","article_modified_time":"2025-01-23T08:57:05+00:00","og_image":[{"width":750,"height":750,"url":"https:\/\/www.alovey.com\/wp-content\/uploads\/2025\/01\/Hairline-powder-case-with-mirror-and-ribbon-2.jpg","type":"image\/jpeg"}],"twitter_card":"summary_large_image","twitter_misc":{"Dur\u00e9e de lecture estim\u00e9e":"2 minutes"},"schema":{"@context":"https:\/\/schema.org","@graph":[{"@type":"WebPage","@id":"https:\/\/www.alovey.com\/product\/hairline-powder-case-with-mirror-and-ribbon\/","url":"https:\/\/www.alovey.com\/product\/hairline-powder-case-with-mirror-and-ribbon\/","name":"Bo\u00eete \u00e0 poudre Hairline avec miroir et ruban","isPartOf":{"@id":"https:\/\/www.alovey.com\/#website"},"primaryImageOfPage":{"@id":"https:\/\/www.alovey.com\/product\/hairline-powder-case-with-mirror-and-ribbon\/#primaryimage"},"image":{"@id":"https:\/\/www.alovey.com\/product\/hairline-powder-case-with-mirror-and-ribbon\/#primaryimage"},"thumbnailUrl":"https:\/\/www.alovey.com\/wp-content\/uploads\/2025\/01\/Hairline-powder-case-with-mirror-and-ribbon-2.jpg","datePublished":"2025-01-23T08:37:24+00:00","dateModified":"2025-01-23T08:57:05+00:00","description":"This hairline powder case with mirror and ribbon needs a aluminum pan insert. Inner pan size diameter is 34.5mm, its puff on the bottom can be pulled out.","breadcrumb":{"@id":"https:\/\/www.alovey.com\/product\/hairline-powder-case-with-mirror-and-ribbon\/#breadcrumb"},"inLanguage":"fr-FR","potentialAction":[{"@type":"ReadAction","target":["https:\/\/www.alovey.com\/product\/hairline-powder-case-with-mirror-and-ribbon\/"]}]},{"@type":"ImageObject","inLanguage":"fr-FR","@id":"https:\/\/www.alovey.com\/product\/hairline-powder-case-with-mirror-and-ribbon\/#primaryimage","url":"https:\/\/www.alovey.com\/wp-content\/uploads\/2025\/01\/Hairline-powder-case-with-mirror-and-ribbon-2.jpg","contentUrl":"https:\/\/www.alovey.com\/wp-content\/uploads\/2025\/01\/Hairline-powder-case-with-mirror-and-ribbon-2.jpg","width":750,"height":750,"caption":"Hairline powder case with mirror and ribbon"},{"@type":"BreadcrumbList","@id":"https:\/\/www.alovey.com\/product\/hairline-powder-case-with-mirror-and-ribbon\/#breadcrumb","itemListElement":[{"@type":"ListItem","position":1,"name":"\u9996\u9875","item":"https:\/\/www.alovey.com\/"},{"@type":"ListItem","position":2,"name":"Products","item":"https:\/\/www.alovey.com\/products\/"},{"@type":"ListItem","position":3,"name":"Hairline powder case with mirror and ribbon"}]},{"@type":"WebSite","@id":"https:\/\/www.alovey.com\/#website","url":"https:\/\/www.alovey.com\/","name":"Best Cosmetic Packaging Manufacture","description":"Alovey Cosmetic Packaging Co.,Ltd","publisher":{"@id":"https:\/\/www.alovey.com\/#organization"},"potentialAction":[{"@type":"SearchAction","target":{"@type":"EntryPoint","urlTemplate":"https:\/\/www.alovey.com\/?s={search_term_string}"},"query-input":{"@type":"PropertyValueSpecification","valueRequired":true,"valueName":"search_term_string"}}],"inLanguage":"fr-FR"},{"@type":"Organization","@id":"https:\/\/www.alovey.com\/#organization","name":"Best Cosmetic Packaging Manufacture","url":"https:\/\/www.alovey.com\/","logo":{"@type":"ImageObject","inLanguage":"fr-FR","@id":"https:\/\/www.alovey.com\/#\/schema\/logo\/image\/","url":"https:\/\/www.alovey.com\/wp-content\/uploads\/2023\/03\/logo.png","contentUrl":"https:\/\/www.alovey.com\/wp-content\/uploads\/2023\/03\/logo.png","width":505,"height":180,"caption":"Best  Cosmetic Packaging Manufacture"},"image":{"@id":"https:\/\/www.alovey.com\/#\/schema\/logo\/image\/"}}]}},"_links":{"self":[{"href":"https:\/\/www.alovey.com\/fr\/wp-json\/wp\/v2\/product\/9404"}],"collection":[{"href":"https:\/\/www.alovey.com\/fr\/wp-json\/wp\/v2\/product"}],"about":[{"href":"https:\/\/www.alovey.com\/fr\/wp-json\/wp\/v2\/types\/product"}],"wp:featuredmedia":[{"embeddable":true,"href":"https:\/\/www.alovey.com\/fr\/wp-json\/wp\/v2\/media\/9406"}],"wp:attachment":[{"href":"https:\/\/www.alovey.com\/fr\/wp-json\/wp\/v2\/media?parent=9404"}],"wp:term":[{"taxonomy":"product_brand","embeddable":true,"href":"https:\/\/www.alovey.com\/fr\/wp-json\/wp\/v2\/product_brand?post=9404"},{"taxonomy":"product_cat","embeddable":true,"href":"https:\/\/www.alovey.com\/fr\/wp-json\/wp\/v2\/product_cat?post=9404"},{"taxonomy":"product_tag","embeddable":true,"href":"https:\/\/www.alovey.com\/fr\/wp-json\/wp\/v2\/product_tag?post=9404"}],"curies":[{"name":"wp","href":"https:\/\/api.w.org\/{rel}","templated":true}]}}