{"id":9297,"date":"2025-01-07T02:55:40","date_gmt":"2025-01-07T02:55:40","guid":{"rendered":"https:\/\/www.alovey.com\/?post_type=product&#038;p=9297"},"modified":"2025-01-07T05:59:09","modified_gmt":"2025-01-07T05:59:09","slug":"wholesale-lip-gloss-tube-with-big-applicator-7ml","status":"publish","type":"product","link":"https:\/\/www.alovey.com\/fr\/produit\/wholesale-lip-gloss-tube-with-big-applicator-7ml\/","title":{"rendered":"Tube de gloss \u00e0 l\u00e8vres en gros avec grand applicateur en forme de parapluie octogonal 7ml"},"content":{"rendered":"<p><strong>We wholesale\u00a0 lip gloss tube with big applicator\u00a0with \u00a0Octagon umbrella shape 7ml ,is \u00a0perfect for lip gloss, liquid lipsticks and liquid oil or mousse eyeshadow formulas.<\/strong><\/p>\n<p><strong>Alovey, fabricant professionnel chinois d'emballages cosm\u00e9tiques, produit une gamme exquise d'emballages cosm\u00e9tiques personnalis\u00e9s, m\u00e9ticuleusement con\u00e7us pour rehausser votre marque. Notre s\u00e9lection vari\u00e9e de mat\u00e9riaux de premi\u00e8re qualit\u00e9, associ\u00e9e \u00e0 des techniques de finition de surface d\u00e9licates telles que la s\u00e9rigraphie, l'estampage \u00e0 chaud et la pulv\u00e9risation mate, fait de chaque emballage un chef-d'\u0153uvre unique.<\/strong><\/p>\n<p><img fetchpriority=\"high\" decoding=\"async\" class=\"size-full wp-image-9304\" src=\"https:\/\/www.alovey.com\/wp-content\/uploads\/2025\/01\/Wholesale-lip-gloss-tube-with-big-applicator-with-octagon-umbrella-shape-7ml-1-1.jpg\" alt=\" Wholesale lip gloss tube with big applicator with octagon umbrella shape 7ml \" width=\"800\" height=\"800\" srcset=\"https:\/\/www.alovey.com\/wp-content\/uploads\/2025\/01\/Wholesale-lip-gloss-tube-with-big-applicator-with-octagon-umbrella-shape-7ml-1-1.jpg 800w, https:\/\/www.alovey.com\/wp-content\/uploads\/2025\/01\/Wholesale-lip-gloss-tube-with-big-applicator-with-octagon-umbrella-shape-7ml-1-1-300x300.jpg 300w, https:\/\/www.alovey.com\/wp-content\/uploads\/2025\/01\/Wholesale-lip-gloss-tube-with-big-applicator-with-octagon-umbrella-shape-7ml-1-1-150x150.jpg 150w, https:\/\/www.alovey.com\/wp-content\/uploads\/2025\/01\/Wholesale-lip-gloss-tube-with-big-applicator-with-octagon-umbrella-shape-7ml-1-1-768x768.jpg 768w, https:\/\/www.alovey.com\/wp-content\/uploads\/2025\/01\/Wholesale-lip-gloss-tube-with-big-applicator-with-octagon-umbrella-shape-7ml-1-1-600x600.jpg 600w, https:\/\/www.alovey.com\/wp-content\/uploads\/2025\/01\/Wholesale-lip-gloss-tube-with-big-applicator-with-octagon-umbrella-shape-7ml-1-1-100x100.jpg 100w\" sizes=\"(max-width: 800px) 100vw, 800px\" \/><\/p>\n<p><img decoding=\"async\" class=\"size-full wp-image-9303\" src=\"https:\/\/www.alovey.com\/wp-content\/uploads\/2025\/01\/Wholesale-lip-gloss-tube-with-big-applicator-with-octagon-umbrella-shape-7ml-5.jpg\" alt=\"Wholesale lip gloss tube with big applicator with octagon umbrella shape 7ml\" width=\"750\" height=\"750\" srcset=\"https:\/\/www.alovey.com\/wp-content\/uploads\/2025\/01\/Wholesale-lip-gloss-tube-with-big-applicator-with-octagon-umbrella-shape-7ml-5.jpg 750w, https:\/\/www.alovey.com\/wp-content\/uploads\/2025\/01\/Wholesale-lip-gloss-tube-with-big-applicator-with-octagon-umbrella-shape-7ml-5-300x300.jpg 300w, https:\/\/www.alovey.com\/wp-content\/uploads\/2025\/01\/Wholesale-lip-gloss-tube-with-big-applicator-with-octagon-umbrella-shape-7ml-5-150x150.jpg 150w, https:\/\/www.alovey.com\/wp-content\/uploads\/2025\/01\/Wholesale-lip-gloss-tube-with-big-applicator-with-octagon-umbrella-shape-7ml-5-600x600.jpg 600w, https:\/\/www.alovey.com\/wp-content\/uploads\/2025\/01\/Wholesale-lip-gloss-tube-with-big-applicator-with-octagon-umbrella-shape-7ml-5-100x100.jpg 100w\" sizes=\"(max-width: 750px) 100vw, 750px\" \/><\/p>\n<p><img decoding=\"async\" class=\"size-full wp-image-9302\" src=\"https:\/\/www.alovey.com\/wp-content\/uploads\/2025\/01\/Wholesale-lip-gloss-tube-with-big-applicator-with-octagon-umbrella-shape-7ml-4.jpg\" alt=\"Wholesale lip gloss tube with big applicator with octagon umbrella shape 7ml\" width=\"750\" height=\"750\" srcset=\"https:\/\/www.alovey.com\/wp-content\/uploads\/2025\/01\/Wholesale-lip-gloss-tube-with-big-applicator-with-octagon-umbrella-shape-7ml-4.jpg 750w, https:\/\/www.alovey.com\/wp-content\/uploads\/2025\/01\/Wholesale-lip-gloss-tube-with-big-applicator-with-octagon-umbrella-shape-7ml-4-300x300.jpg 300w, https:\/\/www.alovey.com\/wp-content\/uploads\/2025\/01\/Wholesale-lip-gloss-tube-with-big-applicator-with-octagon-umbrella-shape-7ml-4-150x150.jpg 150w, https:\/\/www.alovey.com\/wp-content\/uploads\/2025\/01\/Wholesale-lip-gloss-tube-with-big-applicator-with-octagon-umbrella-shape-7ml-4-600x600.jpg 600w, https:\/\/www.alovey.com\/wp-content\/uploads\/2025\/01\/Wholesale-lip-gloss-tube-with-big-applicator-with-octagon-umbrella-shape-7ml-4-100x100.jpg 100w\" sizes=\"(max-width: 750px) 100vw, 750px\" \/><\/p>\n<p><img loading=\"lazy\" decoding=\"async\" class=\"size-full wp-image-9301\" src=\"https:\/\/www.alovey.com\/wp-content\/uploads\/2025\/01\/Wholesale-lip-gloss-tube-with-big-applicator-with-octagon-umbrella-shape-7ml-3.jpg\" alt=\"Wholesale lip gloss tube with big applicator with octagon umbrella shape 7ml\" width=\"750\" height=\"750\" srcset=\"https:\/\/www.alovey.com\/wp-content\/uploads\/2025\/01\/Wholesale-lip-gloss-tube-with-big-applicator-with-octagon-umbrella-shape-7ml-3.jpg 750w, https:\/\/www.alovey.com\/wp-content\/uploads\/2025\/01\/Wholesale-lip-gloss-tube-with-big-applicator-with-octagon-umbrella-shape-7ml-3-300x300.jpg 300w, https:\/\/www.alovey.com\/wp-content\/uploads\/2025\/01\/Wholesale-lip-gloss-tube-with-big-applicator-with-octagon-umbrella-shape-7ml-3-150x150.jpg 150w, https:\/\/www.alovey.com\/wp-content\/uploads\/2025\/01\/Wholesale-lip-gloss-tube-with-big-applicator-with-octagon-umbrella-shape-7ml-3-600x600.jpg 600w, https:\/\/www.alovey.com\/wp-content\/uploads\/2025\/01\/Wholesale-lip-gloss-tube-with-big-applicator-with-octagon-umbrella-shape-7ml-3-100x100.jpg 100w\" sizes=\"(max-width: 750px) 100vw, 750px\" \/><\/p>\n<p><strong><img loading=\"lazy\" decoding=\"async\" class=\"alignnone size-full wp-image-9300\" src=\"https:\/\/www.alovey.com\/wp-content\/uploads\/2025\/01\/Wholesale-lip-gloss-tube-with-big-applicator-with-octagon-umbrella-shape-7ml-2.jpg\" alt=\"Wholesale lip gloss tube with big applicator with octagon umbrella shape 7ml\" width=\"750\" height=\"750\" srcset=\"https:\/\/www.alovey.com\/wp-content\/uploads\/2025\/01\/Wholesale-lip-gloss-tube-with-big-applicator-with-octagon-umbrella-shape-7ml-2.jpg 750w, https:\/\/www.alovey.com\/wp-content\/uploads\/2025\/01\/Wholesale-lip-gloss-tube-with-big-applicator-with-octagon-umbrella-shape-7ml-2-300x300.jpg 300w, https:\/\/www.alovey.com\/wp-content\/uploads\/2025\/01\/Wholesale-lip-gloss-tube-with-big-applicator-with-octagon-umbrella-shape-7ml-2-150x150.jpg 150w, https:\/\/www.alovey.com\/wp-content\/uploads\/2025\/01\/Wholesale-lip-gloss-tube-with-big-applicator-with-octagon-umbrella-shape-7ml-2-600x600.jpg 600w, https:\/\/www.alovey.com\/wp-content\/uploads\/2025\/01\/Wholesale-lip-gloss-tube-with-big-applicator-with-octagon-umbrella-shape-7ml-2-100x100.jpg 100w\" sizes=\"(max-width: 750px) 100vw, 750px\" \/><\/strong><\/p>\n<p><img loading=\"lazy\" decoding=\"async\" class=\"size-full wp-image-9298\" src=\"https:\/\/www.alovey.com\/wp-content\/uploads\/2025\/01\/Wholesale-lip-gloss-tube-with-big-applicator-with-octagon-umbrella-shape-7ml-6.jpg\" alt=\"Wholesale lip gloss tube with big applicator with octagon umbrella shape 7ml\" width=\"630\" height=\"630\" srcset=\"https:\/\/www.alovey.com\/wp-content\/uploads\/2025\/01\/Wholesale-lip-gloss-tube-with-big-applicator-with-octagon-umbrella-shape-7ml-6.jpg 630w, https:\/\/www.alovey.com\/wp-content\/uploads\/2025\/01\/Wholesale-lip-gloss-tube-with-big-applicator-with-octagon-umbrella-shape-7ml-6-300x300.jpg 300w, https:\/\/www.alovey.com\/wp-content\/uploads\/2025\/01\/Wholesale-lip-gloss-tube-with-big-applicator-with-octagon-umbrella-shape-7ml-6-150x150.jpg 150w, https:\/\/www.alovey.com\/wp-content\/uploads\/2025\/01\/Wholesale-lip-gloss-tube-with-big-applicator-with-octagon-umbrella-shape-7ml-6-600x600.jpg 600w, https:\/\/www.alovey.com\/wp-content\/uploads\/2025\/01\/Wholesale-lip-gloss-tube-with-big-applicator-with-octagon-umbrella-shape-7ml-6-100x100.jpg 100w\" sizes=\"(max-width: 630px) 100vw, 630px\" \/><\/p>\n<p>&nbsp;<\/p>\n<p>&nbsp;<\/p>\n<p>&nbsp;<\/p>\n<p>&nbsp;<\/p>\n<p>&nbsp;<\/p>\n<p>&nbsp;<\/p>\n<p>&nbsp;<\/p>\n<p>&nbsp;<\/p>\n<p>&nbsp;<\/p>\n<p>&nbsp;<\/p>\n<p>&nbsp;<\/p>\n<p>&nbsp;<\/p>\n<p>&nbsp;<\/p>\n<p>&nbsp;<\/p>\n<p>&nbsp;<\/p>\n<p>&nbsp;<\/p>\n<p>&nbsp;<\/p>\n<p>&nbsp;<\/p>\n<p>&nbsp;<\/p>\n<p>&nbsp;<\/p>\n<p>&nbsp;<\/p>\n<p>&nbsp;<\/p>\n<p>&nbsp;<\/p>\n<p>&nbsp;<\/p>\n<p>&nbsp;<\/p>\n<p>&nbsp;<\/p>\n<p>&nbsp;<\/p>\n<p>&nbsp;<\/p>\n<p>&nbsp;<\/p>\n<p>&nbsp;<\/p>\n<p>&nbsp;<\/p>\n<p>&nbsp;<\/p>\n<p>&nbsp;<\/p>\n<p>&nbsp;<\/p>\n<p>&nbsp;<\/p>\n<p>&nbsp;<\/p>\n<p>&nbsp;<\/p>\n<p>&nbsp;<\/p>\n<p>&nbsp;<\/p>\n<p>&nbsp;<\/p>\n<p>&nbsp;<\/p>\n<p>&nbsp;<\/p>\n<p>&nbsp;<\/p>\n<p>&nbsp;<\/p>\n<p>&nbsp;<\/p>\n<p>&nbsp;<\/p>\n<p>&nbsp;<\/p>\n<p>&nbsp;<\/p>\n<p>&nbsp;<\/p>\n<p>&nbsp;<\/p>\n<p>&nbsp;<\/p>\n<p>&nbsp;<\/p>\n<p>&nbsp;<\/p>\n<p>&nbsp;<\/p>\n<p>&nbsp;<\/p>\n<p>&nbsp;<\/p>\n<p>&nbsp;<\/p>\n<p>&nbsp;<\/p>\n<p>&nbsp;<\/p>\n<p>&nbsp;<\/p>\n<p>&nbsp;<\/p>\n<p>&nbsp;<\/p>\n<p>&nbsp;<\/p>\n<p>&nbsp;<\/p>\n<p>&nbsp;<\/p>\n<p>&nbsp;<\/p>\n<p>&nbsp;<\/p>\n<p>&nbsp;<\/p>\n<p>&nbsp;<\/p>\n<p>&nbsp;<\/p>\n<p>&nbsp;<\/p>\n<p>&nbsp;<\/p>\n<p>&nbsp;<\/p>","protected":false},"excerpt":{"rendered":"<ul>\n<li>Item No: LG-0123A<\/li>\n<li>Capacity:7ml<\/li>\n<li>Mat\u00e9riau : Plastique<\/li>\n<li>Size:W28*H83.5mm<\/li>\n<li>Applications : Produits de beaut\u00e9<\/li>\n<li>MOQ : 12 000 pi\u00e8ces<\/li>\n<li>Couleur : couleur personnalis\u00e9e<\/li>\n<li>Surface treatment: Injection\/Matte\/Metalization\/UV coating<\/li>\n<li>Nom de marque : OEM\/ODM<\/li>\n<li>Logo : Logo du client<\/li>\n<li>Capacit\u00e9 de production : 100 000 pi\u00e8ces par mois<\/li>\n<\/ul>","protected":false},"featured_media":9304,"template":"","meta":{"_acf_changed":false},"product_brand":[],"product_cat":[372],"product_tag":[388],"class_list":{"0":"post-9297","1":"product","2":"type-product","3":"status-publish","4":"has-post-thumbnail","6":"product_cat-lipgloss-tube","7":"product_tag-lip-gloss-tube","9":"first","10":"instock","11":"shipping-taxable","12":"product-type-simple"},"acf":[],"yoast_head":"<!-- This site is optimized with the Yoast SEO plugin v24.1 - https:\/\/yoast.com\/wordpress\/plugins\/seo\/ -->\n<title>Wholesale lip gloss tube with big applicator 7ml<\/title>\n<meta name=\"description\" content=\"We wholesale lip gloss tube with big applicator 7ml ,is perfect for lip gloss, liquid lipsticks and liquid oil or mousse eyeshadow formulas.\" \/>\n<meta name=\"robots\" content=\"index, follow, max-snippet:-1, max-image-preview:large, max-video-preview:-1\" \/>\n<link rel=\"canonical\" href=\"https:\/\/www.alovey.com\/fr\/produit\/wholesale-lip-gloss-tube-with-big-applicator-7ml\/\" \/>\n<meta property=\"og:locale\" content=\"fr_FR\" \/>\n<meta property=\"og:type\" content=\"article\" \/>\n<meta property=\"og:title\" content=\"Wholesale lip gloss tube with big applicator 7ml\" \/>\n<meta property=\"og:description\" content=\"We wholesale lip gloss tube with big applicator 7ml ,is perfect for lip gloss, liquid lipsticks and liquid oil or mousse eyeshadow formulas.\" \/>\n<meta property=\"og:url\" content=\"https:\/\/www.alovey.com\/fr\/produit\/wholesale-lip-gloss-tube-with-big-applicator-7ml\/\" \/>\n<meta property=\"og:site_name\" content=\"Best Cosmetic Packaging Manufacture\" \/>\n<meta property=\"article:modified_time\" content=\"2025-01-07T05:59:09+00:00\" \/>\n<meta property=\"og:image\" content=\"https:\/\/www.alovey.com\/wp-content\/uploads\/2025\/01\/Wholesale-lip-gloss-tube-with-big-applicator-with-octagon-umbrella-shape-7ml-1-1.jpg\" \/>\n\t<meta property=\"og:image:width\" content=\"800\" \/>\n\t<meta property=\"og:image:height\" content=\"800\" \/>\n\t<meta property=\"og:image:type\" content=\"image\/jpeg\" \/>\n<meta name=\"twitter:card\" content=\"summary_large_image\" \/>\n<meta name=\"twitter:label1\" content=\"Dur\u00e9e de lecture estim\u00e9e\" \/>\n\t<meta name=\"twitter:data1\" content=\"2 minutes\" \/>\n<script type=\"application\/ld+json\" class=\"yoast-schema-graph\">{\"@context\":\"https:\/\/schema.org\",\"@graph\":[{\"@type\":\"WebPage\",\"@id\":\"https:\/\/www.alovey.com\/product\/wholesale-lip-gloss-tube-with-big-applicator-7ml\/\",\"url\":\"https:\/\/www.alovey.com\/product\/wholesale-lip-gloss-tube-with-big-applicator-7ml\/\",\"name\":\"Wholesale lip gloss tube with big applicator 7ml\",\"isPartOf\":{\"@id\":\"https:\/\/www.alovey.com\/#website\"},\"primaryImageOfPage\":{\"@id\":\"https:\/\/www.alovey.com\/product\/wholesale-lip-gloss-tube-with-big-applicator-7ml\/#primaryimage\"},\"image\":{\"@id\":\"https:\/\/www.alovey.com\/product\/wholesale-lip-gloss-tube-with-big-applicator-7ml\/#primaryimage\"},\"thumbnailUrl\":\"https:\/\/www.alovey.com\/wp-content\/uploads\/2025\/01\/Wholesale-lip-gloss-tube-with-big-applicator-with-octagon-umbrella-shape-7ml-1-1.jpg\",\"datePublished\":\"2025-01-07T02:55:40+00:00\",\"dateModified\":\"2025-01-07T05:59:09+00:00\",\"description\":\"We wholesale lip gloss tube with big applicator 7ml ,is perfect for lip gloss, liquid lipsticks and liquid oil or mousse eyeshadow formulas.\",\"breadcrumb\":{\"@id\":\"https:\/\/www.alovey.com\/product\/wholesale-lip-gloss-tube-with-big-applicator-7ml\/#breadcrumb\"},\"inLanguage\":\"fr-FR\",\"potentialAction\":[{\"@type\":\"ReadAction\",\"target\":[\"https:\/\/www.alovey.com\/product\/wholesale-lip-gloss-tube-with-big-applicator-7ml\/\"]}]},{\"@type\":\"ImageObject\",\"inLanguage\":\"fr-FR\",\"@id\":\"https:\/\/www.alovey.com\/product\/wholesale-lip-gloss-tube-with-big-applicator-7ml\/#primaryimage\",\"url\":\"https:\/\/www.alovey.com\/wp-content\/uploads\/2025\/01\/Wholesale-lip-gloss-tube-with-big-applicator-with-octagon-umbrella-shape-7ml-1-1.jpg\",\"contentUrl\":\"https:\/\/www.alovey.com\/wp-content\/uploads\/2025\/01\/Wholesale-lip-gloss-tube-with-big-applicator-with-octagon-umbrella-shape-7ml-1-1.jpg\",\"width\":800,\"height\":800,\"caption\":\"Wholesale lip gloss tube with big applicator with octagon umbrella shape 7ml\"},{\"@type\":\"BreadcrumbList\",\"@id\":\"https:\/\/www.alovey.com\/product\/wholesale-lip-gloss-tube-with-big-applicator-7ml\/#breadcrumb\",\"itemListElement\":[{\"@type\":\"ListItem\",\"position\":1,\"name\":\"\u9996\u9875\",\"item\":\"https:\/\/www.alovey.com\/\"},{\"@type\":\"ListItem\",\"position\":2,\"name\":\"Products\",\"item\":\"https:\/\/www.alovey.com\/products\/\"},{\"@type\":\"ListItem\",\"position\":3,\"name\":\"Wholesale lip gloss tube with big applicator with octagon umbrella shape 7ml\"}]},{\"@type\":\"WebSite\",\"@id\":\"https:\/\/www.alovey.com\/#website\",\"url\":\"https:\/\/www.alovey.com\/\",\"name\":\"Best Cosmetic Packaging Manufacture\",\"description\":\"Alovey Cosmetic Packaging Co.,Ltd\",\"publisher\":{\"@id\":\"https:\/\/www.alovey.com\/#organization\"},\"potentialAction\":[{\"@type\":\"SearchAction\",\"target\":{\"@type\":\"EntryPoint\",\"urlTemplate\":\"https:\/\/www.alovey.com\/?s={search_term_string}\"},\"query-input\":{\"@type\":\"PropertyValueSpecification\",\"valueRequired\":true,\"valueName\":\"search_term_string\"}}],\"inLanguage\":\"fr-FR\"},{\"@type\":\"Organization\",\"@id\":\"https:\/\/www.alovey.com\/#organization\",\"name\":\"Best Cosmetic Packaging Manufacture\",\"url\":\"https:\/\/www.alovey.com\/\",\"logo\":{\"@type\":\"ImageObject\",\"inLanguage\":\"fr-FR\",\"@id\":\"https:\/\/www.alovey.com\/#\/schema\/logo\/image\/\",\"url\":\"https:\/\/www.alovey.com\/wp-content\/uploads\/2023\/03\/logo.png\",\"contentUrl\":\"https:\/\/www.alovey.com\/wp-content\/uploads\/2023\/03\/logo.png\",\"width\":505,\"height\":180,\"caption\":\"Best  Cosmetic Packaging Manufacture\"},\"image\":{\"@id\":\"https:\/\/www.alovey.com\/#\/schema\/logo\/image\/\"}}]}<\/script>\n<!-- \/ Yoast SEO plugin. -->","yoast_head_json":{"title":"Wholesale lip gloss tube with big applicator 7ml","description":"We wholesale lip gloss tube with big applicator 7ml ,is perfect for lip gloss, liquid lipsticks and liquid oil or mousse eyeshadow formulas.","robots":{"index":"index","follow":"follow","max-snippet":"max-snippet:-1","max-image-preview":"max-image-preview:large","max-video-preview":"max-video-preview:-1"},"canonical":"https:\/\/www.alovey.com\/fr\/produit\/wholesale-lip-gloss-tube-with-big-applicator-7ml\/","og_locale":"fr_FR","og_type":"article","og_title":"Wholesale lip gloss tube with big applicator 7ml","og_description":"We wholesale lip gloss tube with big applicator 7ml ,is perfect for lip gloss, liquid lipsticks and liquid oil or mousse eyeshadow formulas.","og_url":"https:\/\/www.alovey.com\/fr\/produit\/wholesale-lip-gloss-tube-with-big-applicator-7ml\/","og_site_name":"Best Cosmetic Packaging Manufacture","article_modified_time":"2025-01-07T05:59:09+00:00","og_image":[{"width":800,"height":800,"url":"https:\/\/www.alovey.com\/wp-content\/uploads\/2025\/01\/Wholesale-lip-gloss-tube-with-big-applicator-with-octagon-umbrella-shape-7ml-1-1.jpg","type":"image\/jpeg"}],"twitter_card":"summary_large_image","twitter_misc":{"Dur\u00e9e de lecture estim\u00e9e":"2 minutes"},"schema":{"@context":"https:\/\/schema.org","@graph":[{"@type":"WebPage","@id":"https:\/\/www.alovey.com\/product\/wholesale-lip-gloss-tube-with-big-applicator-7ml\/","url":"https:\/\/www.alovey.com\/product\/wholesale-lip-gloss-tube-with-big-applicator-7ml\/","name":"Wholesale lip gloss tube with big applicator 7ml","isPartOf":{"@id":"https:\/\/www.alovey.com\/#website"},"primaryImageOfPage":{"@id":"https:\/\/www.alovey.com\/product\/wholesale-lip-gloss-tube-with-big-applicator-7ml\/#primaryimage"},"image":{"@id":"https:\/\/www.alovey.com\/product\/wholesale-lip-gloss-tube-with-big-applicator-7ml\/#primaryimage"},"thumbnailUrl":"https:\/\/www.alovey.com\/wp-content\/uploads\/2025\/01\/Wholesale-lip-gloss-tube-with-big-applicator-with-octagon-umbrella-shape-7ml-1-1.jpg","datePublished":"2025-01-07T02:55:40+00:00","dateModified":"2025-01-07T05:59:09+00:00","description":"We wholesale lip gloss tube with big applicator 7ml ,is perfect for lip gloss, liquid lipsticks and liquid oil or mousse eyeshadow formulas.","breadcrumb":{"@id":"https:\/\/www.alovey.com\/product\/wholesale-lip-gloss-tube-with-big-applicator-7ml\/#breadcrumb"},"inLanguage":"fr-FR","potentialAction":[{"@type":"ReadAction","target":["https:\/\/www.alovey.com\/product\/wholesale-lip-gloss-tube-with-big-applicator-7ml\/"]}]},{"@type":"ImageObject","inLanguage":"fr-FR","@id":"https:\/\/www.alovey.com\/product\/wholesale-lip-gloss-tube-with-big-applicator-7ml\/#primaryimage","url":"https:\/\/www.alovey.com\/wp-content\/uploads\/2025\/01\/Wholesale-lip-gloss-tube-with-big-applicator-with-octagon-umbrella-shape-7ml-1-1.jpg","contentUrl":"https:\/\/www.alovey.com\/wp-content\/uploads\/2025\/01\/Wholesale-lip-gloss-tube-with-big-applicator-with-octagon-umbrella-shape-7ml-1-1.jpg","width":800,"height":800,"caption":"Wholesale lip gloss tube with big applicator with octagon umbrella shape 7ml"},{"@type":"BreadcrumbList","@id":"https:\/\/www.alovey.com\/product\/wholesale-lip-gloss-tube-with-big-applicator-7ml\/#breadcrumb","itemListElement":[{"@type":"ListItem","position":1,"name":"\u9996\u9875","item":"https:\/\/www.alovey.com\/"},{"@type":"ListItem","position":2,"name":"Products","item":"https:\/\/www.alovey.com\/products\/"},{"@type":"ListItem","position":3,"name":"Wholesale lip gloss tube with big applicator with octagon umbrella shape 7ml"}]},{"@type":"WebSite","@id":"https:\/\/www.alovey.com\/#website","url":"https:\/\/www.alovey.com\/","name":"Best Cosmetic Packaging Manufacture","description":"Alovey Cosmetic Packaging Co.,Ltd","publisher":{"@id":"https:\/\/www.alovey.com\/#organization"},"potentialAction":[{"@type":"SearchAction","target":{"@type":"EntryPoint","urlTemplate":"https:\/\/www.alovey.com\/?s={search_term_string}"},"query-input":{"@type":"PropertyValueSpecification","valueRequired":true,"valueName":"search_term_string"}}],"inLanguage":"fr-FR"},{"@type":"Organization","@id":"https:\/\/www.alovey.com\/#organization","name":"Best Cosmetic Packaging Manufacture","url":"https:\/\/www.alovey.com\/","logo":{"@type":"ImageObject","inLanguage":"fr-FR","@id":"https:\/\/www.alovey.com\/#\/schema\/logo\/image\/","url":"https:\/\/www.alovey.com\/wp-content\/uploads\/2023\/03\/logo.png","contentUrl":"https:\/\/www.alovey.com\/wp-content\/uploads\/2023\/03\/logo.png","width":505,"height":180,"caption":"Best  Cosmetic Packaging Manufacture"},"image":{"@id":"https:\/\/www.alovey.com\/#\/schema\/logo\/image\/"}}]}},"_links":{"self":[{"href":"https:\/\/www.alovey.com\/fr\/wp-json\/wp\/v2\/product\/9297"}],"collection":[{"href":"https:\/\/www.alovey.com\/fr\/wp-json\/wp\/v2\/product"}],"about":[{"href":"https:\/\/www.alovey.com\/fr\/wp-json\/wp\/v2\/types\/product"}],"wp:featuredmedia":[{"embeddable":true,"href":"https:\/\/www.alovey.com\/fr\/wp-json\/wp\/v2\/media\/9304"}],"wp:attachment":[{"href":"https:\/\/www.alovey.com\/fr\/wp-json\/wp\/v2\/media?parent=9297"}],"wp:term":[{"taxonomy":"product_brand","embeddable":true,"href":"https:\/\/www.alovey.com\/fr\/wp-json\/wp\/v2\/product_brand?post=9297"},{"taxonomy":"product_cat","embeddable":true,"href":"https:\/\/www.alovey.com\/fr\/wp-json\/wp\/v2\/product_cat?post=9297"},{"taxonomy":"product_tag","embeddable":true,"href":"https:\/\/www.alovey.com\/fr\/wp-json\/wp\/v2\/product_tag?post=9297"}],"curies":[{"name":"wp","href":"https:\/\/api.w.org\/{rel}","templated":true}]}}