{"id":9225,"date":"2025-01-03T02:33:44","date_gmt":"2025-01-03T02:33:44","guid":{"rendered":"https:\/\/www.alovey.com\/?post_type=product&#038;p=9225"},"modified":"2025-01-03T02:58:34","modified_gmt":"2025-01-03T02:58:34","slug":"chanel-empty-suntan-lotion-bottle-egg-sahpe-50ml","status":"publish","type":"product","link":"https:\/\/www.alovey.com\/fr\/produit\/chanel-empty-suntan-lotion-bottle-egg-sahpe-50ml\/","title":{"rendered":"Chanel empty suntan lotion bottle egg sahpe 50ml"},"content":{"rendered":"<p><strong>Chanel empty suntan lotion bottle egg sahpe 50ml whose compact, oval design is smooth without any burrs, making it easy to carry and fit into a bag.<\/strong><\/p>\n<p><strong>Avec plus de 20 ans d'expertise, Alovey est un leader de confiance dans la fabrication d'emballages cosm\u00e9tiques en Chine. Nous sommes sp\u00e9cialis\u00e9s dans la cr\u00e9ation de solutions innovantes et de haute qualit\u00e9, offrant une large gamme de produits tels que des tubes de rouge \u00e0 l\u00e8vres, des tubes de baume \u00e0 l\u00e8vres, des tubes de gloss, des tubes de mascara, des bo\u00eetiers de poudre libre, des contenants de fond de teint liquide, des pots de cr\u00e8me et des flacons de lotion.<\/strong><\/p>\n<p><strong>Nos d\u00e9cennies d'exp\u00e9rience nous permettent de fournir un savoir-faire exceptionnel, des pratiques durables et des services personnalis\u00e9s pour r\u00e9pondre aux besoins uniques de nos clients. Chez Alovey, nous nous consacrons \u00e0 la mise en valeur de votre marque gr\u00e2ce \u00e0 des emballages qui allient fonctionnalit\u00e9, \u00e9l\u00e9gance et innovation.<\/strong><\/p>\n<p>&nbsp;<\/p>\n<p><img fetchpriority=\"high\" decoding=\"async\" class=\"size-full wp-image-9228\" src=\"https:\/\/www.alovey.com\/wp-content\/uploads\/2025\/01\/Chanel-empty-suntan-lotion-bottle-egg-sahpe-50ml-4.jpg\" alt=\"Chanel empty suntan lotion bottle egg sahpe 50ml\" width=\"750\" height=\"750\" srcset=\"https:\/\/www.alovey.com\/wp-content\/uploads\/2025\/01\/Chanel-empty-suntan-lotion-bottle-egg-sahpe-50ml-4.jpg 750w, https:\/\/www.alovey.com\/wp-content\/uploads\/2025\/01\/Chanel-empty-suntan-lotion-bottle-egg-sahpe-50ml-4-300x300.jpg 300w, https:\/\/www.alovey.com\/wp-content\/uploads\/2025\/01\/Chanel-empty-suntan-lotion-bottle-egg-sahpe-50ml-4-150x150.jpg 150w, https:\/\/www.alovey.com\/wp-content\/uploads\/2025\/01\/Chanel-empty-suntan-lotion-bottle-egg-sahpe-50ml-4-600x600.jpg 600w, https:\/\/www.alovey.com\/wp-content\/uploads\/2025\/01\/Chanel-empty-suntan-lotion-bottle-egg-sahpe-50ml-4-100x100.jpg 100w\" sizes=\"(max-width: 750px) 100vw, 750px\" \/><\/p>\n<p><img decoding=\"async\" class=\"size-full wp-image-9227\" src=\"https:\/\/www.alovey.com\/wp-content\/uploads\/2025\/01\/Chanel-empty-suntan-lotion-bottle-egg-sahpe-50ml-3.jpg\" alt=\"Chanel empty suntan lotion bottle egg sahpe 50ml\" width=\"750\" height=\"750\" srcset=\"https:\/\/www.alovey.com\/wp-content\/uploads\/2025\/01\/Chanel-empty-suntan-lotion-bottle-egg-sahpe-50ml-3.jpg 750w, https:\/\/www.alovey.com\/wp-content\/uploads\/2025\/01\/Chanel-empty-suntan-lotion-bottle-egg-sahpe-50ml-3-300x300.jpg 300w, https:\/\/www.alovey.com\/wp-content\/uploads\/2025\/01\/Chanel-empty-suntan-lotion-bottle-egg-sahpe-50ml-3-150x150.jpg 150w, https:\/\/www.alovey.com\/wp-content\/uploads\/2025\/01\/Chanel-empty-suntan-lotion-bottle-egg-sahpe-50ml-3-600x600.jpg 600w, https:\/\/www.alovey.com\/wp-content\/uploads\/2025\/01\/Chanel-empty-suntan-lotion-bottle-egg-sahpe-50ml-3-100x100.jpg 100w\" sizes=\"(max-width: 750px) 100vw, 750px\" \/><\/p>\n<p><img decoding=\"async\" class=\"size-full wp-image-9226\" src=\"https:\/\/www.alovey.com\/wp-content\/uploads\/2025\/01\/Chanel-empty-suntan-lotion-bottle-egg-sahpe-50ml-2.jpg\" alt=\"Chanel empty suntan lotion bottle egg sahpe 50ml\" width=\"750\" height=\"750\" srcset=\"https:\/\/www.alovey.com\/wp-content\/uploads\/2025\/01\/Chanel-empty-suntan-lotion-bottle-egg-sahpe-50ml-2.jpg 750w, https:\/\/www.alovey.com\/wp-content\/uploads\/2025\/01\/Chanel-empty-suntan-lotion-bottle-egg-sahpe-50ml-2-300x300.jpg 300w, https:\/\/www.alovey.com\/wp-content\/uploads\/2025\/01\/Chanel-empty-suntan-lotion-bottle-egg-sahpe-50ml-2-150x150.jpg 150w, https:\/\/www.alovey.com\/wp-content\/uploads\/2025\/01\/Chanel-empty-suntan-lotion-bottle-egg-sahpe-50ml-2-600x600.jpg 600w, https:\/\/www.alovey.com\/wp-content\/uploads\/2025\/01\/Chanel-empty-suntan-lotion-bottle-egg-sahpe-50ml-2-100x100.jpg 100w\" sizes=\"(max-width: 750px) 100vw, 750px\" \/><\/p>\n<p><img loading=\"lazy\" decoding=\"async\" class=\"size-full wp-image-9229\" src=\"https:\/\/www.alovey.com\/wp-content\/uploads\/2025\/01\/Chanel-empty-suntan-lotion-bottle-egg-sahpe-50ml-5.jpg\" alt=\"Chanel empty suntan lotion bottle egg sahpe 50ml\" width=\"750\" height=\"750\" srcset=\"https:\/\/www.alovey.com\/wp-content\/uploads\/2025\/01\/Chanel-empty-suntan-lotion-bottle-egg-sahpe-50ml-5.jpg 750w, https:\/\/www.alovey.com\/wp-content\/uploads\/2025\/01\/Chanel-empty-suntan-lotion-bottle-egg-sahpe-50ml-5-300x300.jpg 300w, https:\/\/www.alovey.com\/wp-content\/uploads\/2025\/01\/Chanel-empty-suntan-lotion-bottle-egg-sahpe-50ml-5-150x150.jpg 150w, https:\/\/www.alovey.com\/wp-content\/uploads\/2025\/01\/Chanel-empty-suntan-lotion-bottle-egg-sahpe-50ml-5-600x600.jpg 600w, https:\/\/www.alovey.com\/wp-content\/uploads\/2025\/01\/Chanel-empty-suntan-lotion-bottle-egg-sahpe-50ml-5-100x100.jpg 100w\" sizes=\"(max-width: 750px) 100vw, 750px\" \/><\/p>\n<p><img loading=\"lazy\" decoding=\"async\" class=\"size-full wp-image-9231\" src=\"https:\/\/www.alovey.com\/wp-content\/uploads\/2025\/01\/Chanel-empty-suntan-lotion-bottle-egg-sahpe-50ml-1.jpg\" alt=\"Chanel empty suntan lotion bottle egg sahpe 50ml\" width=\"750\" height=\"750\" srcset=\"https:\/\/www.alovey.com\/wp-content\/uploads\/2025\/01\/Chanel-empty-suntan-lotion-bottle-egg-sahpe-50ml-1.jpg 750w, https:\/\/www.alovey.com\/wp-content\/uploads\/2025\/01\/Chanel-empty-suntan-lotion-bottle-egg-sahpe-50ml-1-300x300.jpg 300w, https:\/\/www.alovey.com\/wp-content\/uploads\/2025\/01\/Chanel-empty-suntan-lotion-bottle-egg-sahpe-50ml-1-150x150.jpg 150w, https:\/\/www.alovey.com\/wp-content\/uploads\/2025\/01\/Chanel-empty-suntan-lotion-bottle-egg-sahpe-50ml-1-600x600.jpg 600w, https:\/\/www.alovey.com\/wp-content\/uploads\/2025\/01\/Chanel-empty-suntan-lotion-bottle-egg-sahpe-50ml-1-100x100.jpg 100w\" sizes=\"(max-width: 750px) 100vw, 750px\" \/><\/p>\n<p><img loading=\"lazy\" decoding=\"async\" class=\"size-full wp-image-9230\" src=\"https:\/\/www.alovey.com\/wp-content\/uploads\/2025\/01\/Chanel-empty-suntan-lotion-bottle-egg-sahpe-50ml-6.jpg\" alt=\"Chanel empty suntan lotion bottle egg sahpe 50ml\" width=\"750\" height=\"750\" srcset=\"https:\/\/www.alovey.com\/wp-content\/uploads\/2025\/01\/Chanel-empty-suntan-lotion-bottle-egg-sahpe-50ml-6.jpg 750w, https:\/\/www.alovey.com\/wp-content\/uploads\/2025\/01\/Chanel-empty-suntan-lotion-bottle-egg-sahpe-50ml-6-300x300.jpg 300w, https:\/\/www.alovey.com\/wp-content\/uploads\/2025\/01\/Chanel-empty-suntan-lotion-bottle-egg-sahpe-50ml-6-150x150.jpg 150w, https:\/\/www.alovey.com\/wp-content\/uploads\/2025\/01\/Chanel-empty-suntan-lotion-bottle-egg-sahpe-50ml-6-600x600.jpg 600w, https:\/\/www.alovey.com\/wp-content\/uploads\/2025\/01\/Chanel-empty-suntan-lotion-bottle-egg-sahpe-50ml-6-100x100.jpg 100w\" sizes=\"(max-width: 750px) 100vw, 750px\" \/><\/p>\n<p>&nbsp;<\/p>\n<p>&nbsp;<\/p>\n<p>&nbsp;<\/p>\n<p>&nbsp;<\/p>\n<p>&nbsp;<\/p>\n<p>&nbsp;<\/p>\n<p>&nbsp;<\/p>\n<p>&nbsp;<\/p>\n<p>&nbsp;<\/p>\n<p>&nbsp;<\/p>\n<p>&nbsp;<\/p>\n<p>&nbsp;<\/p>\n<p>&nbsp;<\/p>\n<p>&nbsp;<\/p>\n<p>&nbsp;<\/p>\n<p>&nbsp;<\/p>\n<p>&nbsp;<\/p>\n<p>&nbsp;<\/p>\n<p>&nbsp;<\/p>\n<p>&nbsp;<\/p>\n<p>&nbsp;<\/p>\n<p>&nbsp;<\/p>\n<p>&nbsp;<\/p>\n<p>&nbsp;<\/p>\n<p>&nbsp;<\/p>\n<p>&nbsp;<\/p>\n<p>&nbsp;<\/p>\n<p>&nbsp;<\/p>\n<p>&nbsp;<\/p>\n<p>&nbsp;<\/p>\n<p>&nbsp;<\/p>\n<p>&nbsp;<\/p>\n<p>&nbsp;<\/p>\n<p>&nbsp;<\/p>\n<p>&nbsp;<\/p>\n<p>&nbsp;<\/p>\n<p>&nbsp;<\/p>\n<p>&nbsp;<\/p>\n<p>&nbsp;<\/p>\n<p>&nbsp;<\/p>\n<p>&nbsp;<\/p>\n<p>&nbsp;<\/p>\n<p>&nbsp;<\/p>\n<p>&nbsp;<\/p>\n<p>&nbsp;<\/p>\n<p>&nbsp;<\/p>\n<p>&nbsp;<\/p>\n<p>&nbsp;<\/p>\n<p>&nbsp;<\/p>\n<p>&nbsp;<\/p>\n<p>&nbsp;<\/p>\n<p>&nbsp;<\/p>\n<p>&nbsp;<\/p>\n<p>&nbsp;<\/p>\n<p>&nbsp;<\/p>\n<p>&nbsp;<\/p>\n<p>&nbsp;<\/p>\n<p>&nbsp;<\/p>\n<p>&nbsp;<\/p>\n<p>&nbsp;<\/p>\n<p>&nbsp;<\/p>\n<p>&nbsp;<\/p>\n<p>&nbsp;<\/p>\n<p>&nbsp;<\/p>\n<p>&nbsp;<\/p>\n<p>&nbsp;<\/p>\n<p>&nbsp;<\/p>\n<p>&nbsp;<\/p>\n<p>&nbsp;<\/p>\n<p>&nbsp;<\/p>\n<p>&nbsp;<\/p>\n<p>&nbsp;<\/p>\n<p>&nbsp;<\/p>\n<p>&nbsp;<\/p>\n<p>&nbsp;<\/p>\n<p>&nbsp;<\/p>\n<p>&nbsp;<\/p>\n<p>&nbsp;<\/p>\n<p>&nbsp;<\/p>\n<p>&nbsp;<\/p>\n<p>&nbsp;<\/p>\n<p>&nbsp;<\/p>\n<p>&nbsp;<\/p>\n<p>&nbsp;<\/p>\n<p>&nbsp;<\/p>\n<p>&nbsp;<\/p>\n<p>&nbsp;<\/p>\n<p>&nbsp;<\/p>\n<p>&nbsp;<\/p>\n<p>&nbsp;<\/p>\n<p>&nbsp;<\/p>\n<p>&nbsp;<\/p>\n<p>&nbsp;<\/p>\n<p>&nbsp;<\/p>\n<p>&nbsp;<\/p>\n<p>&nbsp;<\/p>\n<p>&nbsp;<\/p>\n<p>&nbsp;<\/p>\n<p>&nbsp;<\/p>\n<p>&nbsp;<\/p>\n<p>&nbsp;<\/p>\n<p>&nbsp;<\/p>\n<p>&nbsp;<\/p>\n<p>&nbsp;<\/p>\n<p>&nbsp;<\/p>\n<p>&nbsp;<\/p>\n<p>&nbsp;<\/p>\n<p>&nbsp;<\/p>\n<p>&nbsp;<\/p>\n<p>&nbsp;<\/p>\n<p>&nbsp;<\/p>\n<p>&nbsp;<\/p>\n<p>&nbsp;<\/p>\n<p>&nbsp;<\/p>\n<p>&nbsp;<\/p>\n<p>&nbsp;<\/p>\n<p>&nbsp;<\/p>\n<p>&nbsp;<\/p>\n<p>&nbsp;<\/p>\n<p>&nbsp;<\/p>\n<p>&nbsp;<\/p>\n<p>&nbsp;<\/p>\n<p>&nbsp;<\/p>\n<p>&nbsp;<\/p>\n<p>&nbsp;<\/p>\n<p>&nbsp;<\/p>\n<p>&nbsp;<\/p>\n<p>&nbsp;<\/p>\n<p>&nbsp;<\/p>\n<p>&nbsp;<\/p>\n<p>&nbsp;<\/p>\n<p>&nbsp;<\/p>\n<p>&nbsp;<\/p>\n<p>&nbsp;<\/p>\n<p>&nbsp;<\/p>\n<p>&nbsp;<\/p>\n<p>&nbsp;<\/p>\n<p>&nbsp;<\/p>\n<p>&nbsp;<\/p>\n<p>&nbsp;<\/p>\n<p>&nbsp;<\/p>","protected":false},"excerpt":{"rendered":"<ul>\n<li>Item No: B-S055A<\/li>\n<li>Mat\u00e9riau :  Plastique<\/li>\n<li>Capacity: 50ML<\/li>\n<li>Size:\u00a0L61*W40*H88MM<\/li>\n<li>Applications : Produits de beaut\u00e9<\/li>\n<li>MOQ : 12 000 pi\u00e8ces<\/li>\n<li>Couleur : couleur personnalis\u00e9e<\/li>\n<li>Surface treatment: Injection\/Matte\/Metalization\/UV coating<\/li>\n<li>Nom de marque : OEM\/ODM<\/li>\n<li>Logo : Logo du client<\/li>\n<li>Capacit\u00e9 de production : 100 000 pi\u00e8ces par mois<\/li>\n<\/ul>","protected":false},"featured_media":9227,"template":"","meta":{"_acf_changed":false},"product_brand":[],"product_cat":[397],"product_tag":[409,404],"class_list":{"0":"post-9225","1":"product","2":"type-product","3":"status-publish","4":"has-post-thumbnail","6":"product_cat-unique-cosmetic-packaging","7":"product_tag-lotion-bottle","8":"product_tag-unique-cosmetic-packaging","10":"first","11":"instock","12":"shipping-taxable","13":"product-type-simple"},"acf":[],"yoast_head":"<!-- This site is optimized with the Yoast SEO plugin v24.1 - https:\/\/yoast.com\/wordpress\/plugins\/seo\/ -->\n<title>Chanel empty suntan lotion bottle egg sahpe 50ml<\/title>\n<meta name=\"description\" content=\"Chanel empty suntan lotion bottle egg sahpe 50ml whose compact, oval design is smooth without any burrs, making it easy to carry and fit into a bag\" \/>\n<meta name=\"robots\" content=\"index, follow, max-snippet:-1, max-image-preview:large, max-video-preview:-1\" \/>\n<link rel=\"canonical\" href=\"https:\/\/www.alovey.com\/fr\/produit\/chanel-empty-suntan-lotion-bottle-egg-sahpe-50ml\/\" \/>\n<meta property=\"og:locale\" content=\"fr_FR\" \/>\n<meta property=\"og:type\" content=\"article\" \/>\n<meta property=\"og:title\" content=\"Chanel empty suntan lotion bottle egg sahpe 50ml\" \/>\n<meta property=\"og:description\" content=\"Chanel empty suntan lotion bottle egg sahpe 50ml whose compact, oval design is smooth without any burrs, making it easy to carry and fit into a bag\" \/>\n<meta property=\"og:url\" content=\"https:\/\/www.alovey.com\/fr\/produit\/chanel-empty-suntan-lotion-bottle-egg-sahpe-50ml\/\" \/>\n<meta property=\"og:site_name\" content=\"Best Cosmetic Packaging Manufacture\" \/>\n<meta property=\"article:modified_time\" content=\"2025-01-03T02:58:34+00:00\" \/>\n<meta property=\"og:image\" content=\"https:\/\/www.alovey.com\/wp-content\/uploads\/2025\/01\/Chanel-empty-suntan-lotion-bottle-egg-sahpe-50ml-3.jpg\" \/>\n\t<meta property=\"og:image:width\" content=\"750\" \/>\n\t<meta property=\"og:image:height\" content=\"750\" \/>\n\t<meta property=\"og:image:type\" content=\"image\/jpeg\" \/>\n<meta name=\"twitter:card\" content=\"summary_large_image\" \/>\n<meta name=\"twitter:label1\" content=\"Dur\u00e9e de lecture estim\u00e9e\" \/>\n\t<meta name=\"twitter:data1\" content=\"2 minutes\" \/>\n<script type=\"application\/ld+json\" class=\"yoast-schema-graph\">{\"@context\":\"https:\/\/schema.org\",\"@graph\":[{\"@type\":\"WebPage\",\"@id\":\"https:\/\/www.alovey.com\/product\/chanel-empty-suntan-lotion-bottle-egg-sahpe-50ml\/\",\"url\":\"https:\/\/www.alovey.com\/product\/chanel-empty-suntan-lotion-bottle-egg-sahpe-50ml\/\",\"name\":\"Chanel empty suntan lotion bottle egg sahpe 50ml\",\"isPartOf\":{\"@id\":\"https:\/\/www.alovey.com\/#website\"},\"primaryImageOfPage\":{\"@id\":\"https:\/\/www.alovey.com\/product\/chanel-empty-suntan-lotion-bottle-egg-sahpe-50ml\/#primaryimage\"},\"image\":{\"@id\":\"https:\/\/www.alovey.com\/product\/chanel-empty-suntan-lotion-bottle-egg-sahpe-50ml\/#primaryimage\"},\"thumbnailUrl\":\"https:\/\/www.alovey.com\/wp-content\/uploads\/2025\/01\/Chanel-empty-suntan-lotion-bottle-egg-sahpe-50ml-3.jpg\",\"datePublished\":\"2025-01-03T02:33:44+00:00\",\"dateModified\":\"2025-01-03T02:58:34+00:00\",\"description\":\"Chanel empty suntan lotion bottle egg sahpe 50ml whose compact, oval design is smooth without any burrs, making it easy to carry and fit into a bag\",\"breadcrumb\":{\"@id\":\"https:\/\/www.alovey.com\/product\/chanel-empty-suntan-lotion-bottle-egg-sahpe-50ml\/#breadcrumb\"},\"inLanguage\":\"fr-FR\",\"potentialAction\":[{\"@type\":\"ReadAction\",\"target\":[\"https:\/\/www.alovey.com\/product\/chanel-empty-suntan-lotion-bottle-egg-sahpe-50ml\/\"]}]},{\"@type\":\"ImageObject\",\"inLanguage\":\"fr-FR\",\"@id\":\"https:\/\/www.alovey.com\/product\/chanel-empty-suntan-lotion-bottle-egg-sahpe-50ml\/#primaryimage\",\"url\":\"https:\/\/www.alovey.com\/wp-content\/uploads\/2025\/01\/Chanel-empty-suntan-lotion-bottle-egg-sahpe-50ml-3.jpg\",\"contentUrl\":\"https:\/\/www.alovey.com\/wp-content\/uploads\/2025\/01\/Chanel-empty-suntan-lotion-bottle-egg-sahpe-50ml-3.jpg\",\"width\":750,\"height\":750,\"caption\":\"Chanel empty suntan lotion bottle egg sahpe 50ml\"},{\"@type\":\"BreadcrumbList\",\"@id\":\"https:\/\/www.alovey.com\/product\/chanel-empty-suntan-lotion-bottle-egg-sahpe-50ml\/#breadcrumb\",\"itemListElement\":[{\"@type\":\"ListItem\",\"position\":1,\"name\":\"\u9996\u9875\",\"item\":\"https:\/\/www.alovey.com\/\"},{\"@type\":\"ListItem\",\"position\":2,\"name\":\"Products\",\"item\":\"https:\/\/www.alovey.com\/products\/\"},{\"@type\":\"ListItem\",\"position\":3,\"name\":\"Chanel empty suntan lotion bottle egg sahpe 50ml\"}]},{\"@type\":\"WebSite\",\"@id\":\"https:\/\/www.alovey.com\/#website\",\"url\":\"https:\/\/www.alovey.com\/\",\"name\":\"Best Cosmetic Packaging Manufacture\",\"description\":\"Alovey Cosmetic Packaging Co.,Ltd\",\"publisher\":{\"@id\":\"https:\/\/www.alovey.com\/#organization\"},\"potentialAction\":[{\"@type\":\"SearchAction\",\"target\":{\"@type\":\"EntryPoint\",\"urlTemplate\":\"https:\/\/www.alovey.com\/?s={search_term_string}\"},\"query-input\":{\"@type\":\"PropertyValueSpecification\",\"valueRequired\":true,\"valueName\":\"search_term_string\"}}],\"inLanguage\":\"fr-FR\"},{\"@type\":\"Organization\",\"@id\":\"https:\/\/www.alovey.com\/#organization\",\"name\":\"Best Cosmetic Packaging Manufacture\",\"url\":\"https:\/\/www.alovey.com\/\",\"logo\":{\"@type\":\"ImageObject\",\"inLanguage\":\"fr-FR\",\"@id\":\"https:\/\/www.alovey.com\/#\/schema\/logo\/image\/\",\"url\":\"https:\/\/www.alovey.com\/wp-content\/uploads\/2023\/03\/logo.png\",\"contentUrl\":\"https:\/\/www.alovey.com\/wp-content\/uploads\/2023\/03\/logo.png\",\"width\":505,\"height\":180,\"caption\":\"Best  Cosmetic Packaging Manufacture\"},\"image\":{\"@id\":\"https:\/\/www.alovey.com\/#\/schema\/logo\/image\/\"}}]}<\/script>\n<!-- \/ Yoast SEO plugin. -->","yoast_head_json":{"title":"Chanel empty suntan lotion bottle egg sahpe 50ml","description":"Chanel empty suntan lotion bottle egg sahpe 50ml whose compact, oval design is smooth without any burrs, making it easy to carry and fit into a bag","robots":{"index":"index","follow":"follow","max-snippet":"max-snippet:-1","max-image-preview":"max-image-preview:large","max-video-preview":"max-video-preview:-1"},"canonical":"https:\/\/www.alovey.com\/fr\/produit\/chanel-empty-suntan-lotion-bottle-egg-sahpe-50ml\/","og_locale":"fr_FR","og_type":"article","og_title":"Chanel empty suntan lotion bottle egg sahpe 50ml","og_description":"Chanel empty suntan lotion bottle egg sahpe 50ml whose compact, oval design is smooth without any burrs, making it easy to carry and fit into a bag","og_url":"https:\/\/www.alovey.com\/fr\/produit\/chanel-empty-suntan-lotion-bottle-egg-sahpe-50ml\/","og_site_name":"Best Cosmetic Packaging Manufacture","article_modified_time":"2025-01-03T02:58:34+00:00","og_image":[{"width":750,"height":750,"url":"https:\/\/www.alovey.com\/wp-content\/uploads\/2025\/01\/Chanel-empty-suntan-lotion-bottle-egg-sahpe-50ml-3.jpg","type":"image\/jpeg"}],"twitter_card":"summary_large_image","twitter_misc":{"Dur\u00e9e de lecture estim\u00e9e":"2 minutes"},"schema":{"@context":"https:\/\/schema.org","@graph":[{"@type":"WebPage","@id":"https:\/\/www.alovey.com\/product\/chanel-empty-suntan-lotion-bottle-egg-sahpe-50ml\/","url":"https:\/\/www.alovey.com\/product\/chanel-empty-suntan-lotion-bottle-egg-sahpe-50ml\/","name":"Chanel empty suntan lotion bottle egg sahpe 50ml","isPartOf":{"@id":"https:\/\/www.alovey.com\/#website"},"primaryImageOfPage":{"@id":"https:\/\/www.alovey.com\/product\/chanel-empty-suntan-lotion-bottle-egg-sahpe-50ml\/#primaryimage"},"image":{"@id":"https:\/\/www.alovey.com\/product\/chanel-empty-suntan-lotion-bottle-egg-sahpe-50ml\/#primaryimage"},"thumbnailUrl":"https:\/\/www.alovey.com\/wp-content\/uploads\/2025\/01\/Chanel-empty-suntan-lotion-bottle-egg-sahpe-50ml-3.jpg","datePublished":"2025-01-03T02:33:44+00:00","dateModified":"2025-01-03T02:58:34+00:00","description":"Chanel empty suntan lotion bottle egg sahpe 50ml whose compact, oval design is smooth without any burrs, making it easy to carry and fit into a bag","breadcrumb":{"@id":"https:\/\/www.alovey.com\/product\/chanel-empty-suntan-lotion-bottle-egg-sahpe-50ml\/#breadcrumb"},"inLanguage":"fr-FR","potentialAction":[{"@type":"ReadAction","target":["https:\/\/www.alovey.com\/product\/chanel-empty-suntan-lotion-bottle-egg-sahpe-50ml\/"]}]},{"@type":"ImageObject","inLanguage":"fr-FR","@id":"https:\/\/www.alovey.com\/product\/chanel-empty-suntan-lotion-bottle-egg-sahpe-50ml\/#primaryimage","url":"https:\/\/www.alovey.com\/wp-content\/uploads\/2025\/01\/Chanel-empty-suntan-lotion-bottle-egg-sahpe-50ml-3.jpg","contentUrl":"https:\/\/www.alovey.com\/wp-content\/uploads\/2025\/01\/Chanel-empty-suntan-lotion-bottle-egg-sahpe-50ml-3.jpg","width":750,"height":750,"caption":"Chanel empty suntan lotion bottle egg sahpe 50ml"},{"@type":"BreadcrumbList","@id":"https:\/\/www.alovey.com\/product\/chanel-empty-suntan-lotion-bottle-egg-sahpe-50ml\/#breadcrumb","itemListElement":[{"@type":"ListItem","position":1,"name":"\u9996\u9875","item":"https:\/\/www.alovey.com\/"},{"@type":"ListItem","position":2,"name":"Products","item":"https:\/\/www.alovey.com\/products\/"},{"@type":"ListItem","position":3,"name":"Chanel empty suntan lotion bottle egg sahpe 50ml"}]},{"@type":"WebSite","@id":"https:\/\/www.alovey.com\/#website","url":"https:\/\/www.alovey.com\/","name":"Best Cosmetic Packaging Manufacture","description":"Alovey Cosmetic Packaging Co.,Ltd","publisher":{"@id":"https:\/\/www.alovey.com\/#organization"},"potentialAction":[{"@type":"SearchAction","target":{"@type":"EntryPoint","urlTemplate":"https:\/\/www.alovey.com\/?s={search_term_string}"},"query-input":{"@type":"PropertyValueSpecification","valueRequired":true,"valueName":"search_term_string"}}],"inLanguage":"fr-FR"},{"@type":"Organization","@id":"https:\/\/www.alovey.com\/#organization","name":"Best Cosmetic Packaging Manufacture","url":"https:\/\/www.alovey.com\/","logo":{"@type":"ImageObject","inLanguage":"fr-FR","@id":"https:\/\/www.alovey.com\/#\/schema\/logo\/image\/","url":"https:\/\/www.alovey.com\/wp-content\/uploads\/2023\/03\/logo.png","contentUrl":"https:\/\/www.alovey.com\/wp-content\/uploads\/2023\/03\/logo.png","width":505,"height":180,"caption":"Best  Cosmetic Packaging Manufacture"},"image":{"@id":"https:\/\/www.alovey.com\/#\/schema\/logo\/image\/"}}]}},"_links":{"self":[{"href":"https:\/\/www.alovey.com\/fr\/wp-json\/wp\/v2\/product\/9225"}],"collection":[{"href":"https:\/\/www.alovey.com\/fr\/wp-json\/wp\/v2\/product"}],"about":[{"href":"https:\/\/www.alovey.com\/fr\/wp-json\/wp\/v2\/types\/product"}],"wp:featuredmedia":[{"embeddable":true,"href":"https:\/\/www.alovey.com\/fr\/wp-json\/wp\/v2\/media\/9227"}],"wp:attachment":[{"href":"https:\/\/www.alovey.com\/fr\/wp-json\/wp\/v2\/media?parent=9225"}],"wp:term":[{"taxonomy":"product_brand","embeddable":true,"href":"https:\/\/www.alovey.com\/fr\/wp-json\/wp\/v2\/product_brand?post=9225"},{"taxonomy":"product_cat","embeddable":true,"href":"https:\/\/www.alovey.com\/fr\/wp-json\/wp\/v2\/product_cat?post=9225"},{"taxonomy":"product_tag","embeddable":true,"href":"https:\/\/www.alovey.com\/fr\/wp-json\/wp\/v2\/product_tag?post=9225"}],"curies":[{"name":"wp","href":"https:\/\/api.w.org\/{rel}","templated":true}]}}