{"id":9190,"date":"2024-12-31T09:56:43","date_gmt":"2024-12-31T09:56:43","guid":{"rendered":"https:\/\/www.alovey.com\/?post_type=product&#038;p=9190"},"modified":"2024-12-31T10:06:53","modified_gmt":"2024-12-31T10:06:53","slug":"dior-high-end-square-luxury-dior-lipstick-packaging-lipstick-tube","status":"publish","type":"product","link":"https:\/\/www.alovey.com\/fr\/produit\/dior-high-end-square-luxury-dior-lipstick-packaging-lipstick-tube\/","title":{"rendered":"Dior high end square luxury dior lipstick packaging lipstick tube"},"content":{"rendered":"<p><strong>This Dior high end square luxury\u00a0dior\u00a0lipstick tube features a stylish and fashionable design. The tube incorporates a pull-out design, making it easy to open and use the lipstick with convenience and elegance.<\/strong><\/p>\n<p><strong>Avec plus de 20 ans d'expertise, Alovey est un leader de confiance dans la fabrication d'emballages cosm\u00e9tiques en Chine. Nous sommes sp\u00e9cialis\u00e9s dans la cr\u00e9ation de solutions innovantes et de haute qualit\u00e9, offrant une large gamme de produits tels que des tubes de rouge \u00e0 l\u00e8vres, des tubes de baume \u00e0 l\u00e8vres, des tubes de gloss, des tubes de mascara, des bo\u00eetiers de poudre libre, des contenants de fond de teint liquide, des pots de cr\u00e8me et des flacons de lotion.<\/strong><\/p>\n<p><strong>Nos d\u00e9cennies d'exp\u00e9rience nous permettent de fournir un savoir-faire exceptionnel, des pratiques durables et des services personnalis\u00e9s pour r\u00e9pondre aux besoins uniques de nos clients. Chez Alovey, nous nous consacrons \u00e0 la mise en valeur de votre marque gr\u00e2ce \u00e0 des emballages qui allient fonctionnalit\u00e9, \u00e9l\u00e9gance et innovation.<\/strong><\/p>\n<p><img fetchpriority=\"high\" decoding=\"async\" class=\"size-full wp-image-9196\" src=\"https:\/\/www.alovey.com\/wp-content\/uploads\/2024\/12\/Dior-high-end-square-luxury-dior-lipstick-packaging-lipstick-tube-4.jpg\" alt=\"Dior high end square luxury dior lipstick packaging lipstick tube\" width=\"750\" height=\"750\" srcset=\"https:\/\/www.alovey.com\/wp-content\/uploads\/2024\/12\/Dior-high-end-square-luxury-dior-lipstick-packaging-lipstick-tube-4.jpg 750w, https:\/\/www.alovey.com\/wp-content\/uploads\/2024\/12\/Dior-high-end-square-luxury-dior-lipstick-packaging-lipstick-tube-4-300x300.jpg 300w, https:\/\/www.alovey.com\/wp-content\/uploads\/2024\/12\/Dior-high-end-square-luxury-dior-lipstick-packaging-lipstick-tube-4-150x150.jpg 150w, https:\/\/www.alovey.com\/wp-content\/uploads\/2024\/12\/Dior-high-end-square-luxury-dior-lipstick-packaging-lipstick-tube-4-600x600.jpg 600w, https:\/\/www.alovey.com\/wp-content\/uploads\/2024\/12\/Dior-high-end-square-luxury-dior-lipstick-packaging-lipstick-tube-4-100x100.jpg 100w\" sizes=\"(max-width: 750px) 100vw, 750px\" \/><\/p>\n<p><img decoding=\"async\" class=\"size-full wp-image-9194\" src=\"https:\/\/www.alovey.com\/wp-content\/uploads\/2024\/12\/Dior-high-end-square-luxury-dior-lipstick-packaging-lipstick-tube-2.jpg\" alt=\"Dior high end square luxury dior lipstick packaging lipstick tube\" width=\"750\" height=\"750\" srcset=\"https:\/\/www.alovey.com\/wp-content\/uploads\/2024\/12\/Dior-high-end-square-luxury-dior-lipstick-packaging-lipstick-tube-2.jpg 750w, https:\/\/www.alovey.com\/wp-content\/uploads\/2024\/12\/Dior-high-end-square-luxury-dior-lipstick-packaging-lipstick-tube-2-300x300.jpg 300w, https:\/\/www.alovey.com\/wp-content\/uploads\/2024\/12\/Dior-high-end-square-luxury-dior-lipstick-packaging-lipstick-tube-2-150x150.jpg 150w, https:\/\/www.alovey.com\/wp-content\/uploads\/2024\/12\/Dior-high-end-square-luxury-dior-lipstick-packaging-lipstick-tube-2-600x600.jpg 600w, https:\/\/www.alovey.com\/wp-content\/uploads\/2024\/12\/Dior-high-end-square-luxury-dior-lipstick-packaging-lipstick-tube-2-100x100.jpg 100w\" sizes=\"(max-width: 750px) 100vw, 750px\" \/><\/p>\n<p><img decoding=\"async\" class=\"size-full wp-image-9193\" src=\"https:\/\/www.alovey.com\/wp-content\/uploads\/2024\/12\/Dior-high-end-square-luxury-dior-lipstick-packaging-lipstick-tube-1.jpg\" alt=\"Dior high end square luxury dior lipstick packaging lipstick tube\" width=\"750\" height=\"750\" srcset=\"https:\/\/www.alovey.com\/wp-content\/uploads\/2024\/12\/Dior-high-end-square-luxury-dior-lipstick-packaging-lipstick-tube-1.jpg 750w, https:\/\/www.alovey.com\/wp-content\/uploads\/2024\/12\/Dior-high-end-square-luxury-dior-lipstick-packaging-lipstick-tube-1-300x300.jpg 300w, https:\/\/www.alovey.com\/wp-content\/uploads\/2024\/12\/Dior-high-end-square-luxury-dior-lipstick-packaging-lipstick-tube-1-150x150.jpg 150w, https:\/\/www.alovey.com\/wp-content\/uploads\/2024\/12\/Dior-high-end-square-luxury-dior-lipstick-packaging-lipstick-tube-1-600x600.jpg 600w, https:\/\/www.alovey.com\/wp-content\/uploads\/2024\/12\/Dior-high-end-square-luxury-dior-lipstick-packaging-lipstick-tube-1-100x100.jpg 100w\" sizes=\"(max-width: 750px) 100vw, 750px\" \/><\/p>\n<p><img loading=\"lazy\" decoding=\"async\" class=\"size-full wp-image-9192\" src=\"https:\/\/www.alovey.com\/wp-content\/uploads\/2024\/12\/Dior-high-end-square-luxury-dior-lipstick-packaging-lipstick-tube-8.jpg\" alt=\"Dior high end square luxury dior lipstick packaging lipstick tube\" width=\"750\" height=\"750\" srcset=\"https:\/\/www.alovey.com\/wp-content\/uploads\/2024\/12\/Dior-high-end-square-luxury-dior-lipstick-packaging-lipstick-tube-8.jpg 750w, https:\/\/www.alovey.com\/wp-content\/uploads\/2024\/12\/Dior-high-end-square-luxury-dior-lipstick-packaging-lipstick-tube-8-300x300.jpg 300w, https:\/\/www.alovey.com\/wp-content\/uploads\/2024\/12\/Dior-high-end-square-luxury-dior-lipstick-packaging-lipstick-tube-8-150x150.jpg 150w, https:\/\/www.alovey.com\/wp-content\/uploads\/2024\/12\/Dior-high-end-square-luxury-dior-lipstick-packaging-lipstick-tube-8-600x600.jpg 600w, https:\/\/www.alovey.com\/wp-content\/uploads\/2024\/12\/Dior-high-end-square-luxury-dior-lipstick-packaging-lipstick-tube-8-100x100.jpg 100w\" sizes=\"(max-width: 750px) 100vw, 750px\" \/><\/p>\n<p><img loading=\"lazy\" decoding=\"async\" class=\"size-full wp-image-9191\" src=\"https:\/\/www.alovey.com\/wp-content\/uploads\/2024\/12\/Dior-high-end-square-luxury-dior-lipstick-packaging-lipstick-tube-7.jpg\" alt=\"Dior high end square luxury dior lipstick packaging lipstick tube\" width=\"750\" height=\"750\" srcset=\"https:\/\/www.alovey.com\/wp-content\/uploads\/2024\/12\/Dior-high-end-square-luxury-dior-lipstick-packaging-lipstick-tube-7.jpg 750w, https:\/\/www.alovey.com\/wp-content\/uploads\/2024\/12\/Dior-high-end-square-luxury-dior-lipstick-packaging-lipstick-tube-7-300x300.jpg 300w, https:\/\/www.alovey.com\/wp-content\/uploads\/2024\/12\/Dior-high-end-square-luxury-dior-lipstick-packaging-lipstick-tube-7-150x150.jpg 150w, https:\/\/www.alovey.com\/wp-content\/uploads\/2024\/12\/Dior-high-end-square-luxury-dior-lipstick-packaging-lipstick-tube-7-600x600.jpg 600w, https:\/\/www.alovey.com\/wp-content\/uploads\/2024\/12\/Dior-high-end-square-luxury-dior-lipstick-packaging-lipstick-tube-7-100x100.jpg 100w\" sizes=\"(max-width: 750px) 100vw, 750px\" \/><\/p>\n<p><img loading=\"lazy\" decoding=\"async\" class=\"size-full wp-image-9195\" src=\"https:\/\/www.alovey.com\/wp-content\/uploads\/2024\/12\/Dior-high-end-square-luxury-dior-lipstick-packaging-lipstick-tube-3.jpg\" alt=\"Dior high end square luxury dior lipstick packaging lipstick tube\" width=\"750\" height=\"750\" srcset=\"https:\/\/www.alovey.com\/wp-content\/uploads\/2024\/12\/Dior-high-end-square-luxury-dior-lipstick-packaging-lipstick-tube-3.jpg 750w, https:\/\/www.alovey.com\/wp-content\/uploads\/2024\/12\/Dior-high-end-square-luxury-dior-lipstick-packaging-lipstick-tube-3-300x300.jpg 300w, https:\/\/www.alovey.com\/wp-content\/uploads\/2024\/12\/Dior-high-end-square-luxury-dior-lipstick-packaging-lipstick-tube-3-150x150.jpg 150w, https:\/\/www.alovey.com\/wp-content\/uploads\/2024\/12\/Dior-high-end-square-luxury-dior-lipstick-packaging-lipstick-tube-3-600x600.jpg 600w, https:\/\/www.alovey.com\/wp-content\/uploads\/2024\/12\/Dior-high-end-square-luxury-dior-lipstick-packaging-lipstick-tube-3-100x100.jpg 100w\" sizes=\"(max-width: 750px) 100vw, 750px\" \/><\/p>\n<p>&nbsp;<\/p>\n<p>&nbsp;<\/p>\n<p>&nbsp;<\/p>\n<p>&nbsp;<\/p>\n<p>&nbsp;<\/p>\n<p>&nbsp;<\/p>\n<p>&nbsp;<\/p>\n<p>&nbsp;<\/p>\n<p>&nbsp;<\/p>\n<p>&nbsp;<\/p>\n<p>&nbsp;<\/p>\n<p>&nbsp;<\/p>\n<p>&nbsp;<\/p>\n<p>&nbsp;<\/p>\n<p>&nbsp;<\/p>\n<p>&nbsp;<\/p>\n<p>&nbsp;<\/p>\n<p>&nbsp;<\/p>\n<p>&nbsp;<\/p>\n<p>&nbsp;<\/p>\n<p>&nbsp;<\/p>\n<p>&nbsp;<\/p>\n<p>&nbsp;<\/p>\n<p>&nbsp;<\/p>\n<p>&nbsp;<\/p>\n<p>&nbsp;<\/p>\n<p>&nbsp;<\/p>\n<p>&nbsp;<\/p>\n<p>&nbsp;<\/p>\n<p>&nbsp;<\/p>\n<p>&nbsp;<\/p>\n<p>&nbsp;<\/p>\n<p>&nbsp;<\/p>\n<p>&nbsp;<\/p>\n<p>&nbsp;<\/p>\n<p>&nbsp;<\/p>\n<p>&nbsp;<\/p>\n<p>&nbsp;<\/p>\n<p>&nbsp;<\/p>\n<p>&nbsp;<\/p>\n<p>&nbsp;<\/p>\n<p>&nbsp;<\/p>\n<p>&nbsp;<\/p>\n<p>&nbsp;<\/p>\n<p>&nbsp;<\/p>\n<p>&nbsp;<\/p>\n<p>&nbsp;<\/p>\n<p>&nbsp;<\/p>\n<p>&nbsp;<\/p>\n<p>&nbsp;<\/p>\n<p>&nbsp;<\/p>\n<p>&nbsp;<\/p>\n<p>&nbsp;<\/p>\n<p>&nbsp;<\/p>\n<p>&nbsp;<\/p>\n<p>&nbsp;<\/p>\n<p>&nbsp;<\/p>\n<p>&nbsp;<\/p>\n<p>&nbsp;<\/p>\n<p>&nbsp;<\/p>\n<p>&nbsp;<\/p>\n<p>&nbsp;<\/p>\n<p>&nbsp;<\/p>\n<p>&nbsp;<\/p>\n<p>&nbsp;<\/p>\n<p>&nbsp;<\/p>\n<p>&nbsp;<\/p>\n<p>&nbsp;<\/p>\n<p>&nbsp;<\/p>\n<p>&nbsp;<\/p>\n<p>&nbsp;<\/p>\n<p>&nbsp;<\/p>\n<p>&nbsp;<\/p>\n<p>&nbsp;<\/p>\n<p>&nbsp;<\/p>\n<p>&nbsp;<\/p>\n<p>&nbsp;<\/p>\n<p>&nbsp;<\/p>\n<p>&nbsp;<\/p>\n<p>&nbsp;<\/p>\n<p>&nbsp;<\/p>\n<p>&nbsp;<\/p>\n<p>&nbsp;<\/p>\n<p>&nbsp;<\/p>\n<p>&nbsp;<\/p>\n<p>&nbsp;<\/p>\n<p>&nbsp;<\/p>\n<p>&nbsp;<\/p>\n<p>&nbsp;<\/p>\n<p>&nbsp;<\/p>\n<p>&nbsp;<\/p>\n<p>&nbsp;<\/p>\n<p>&nbsp;<\/p>\n<p>&nbsp;<\/p>\n<p>&nbsp;<\/p>\n<p>&nbsp;<\/p>\n<p>&nbsp;<\/p>\n<p>&nbsp;<\/p>\n<p>&nbsp;<\/p>\n<p>&nbsp;<\/p>\n<p>&nbsp;<\/p>\n<p>&nbsp;<\/p>\n<p>&nbsp;<\/p>\n<p>&nbsp;<\/p>\n<p>&nbsp;<\/p>\n<p>&nbsp;<\/p>\n<p>&nbsp;<\/p>\n<p>&nbsp;<\/p>\n<p>&nbsp;<\/p>\n<p>&nbsp;<\/p>\n<p>&nbsp;<\/p>\n<p>&nbsp;<\/p>\n<p>&nbsp;<\/p>\n<p>&nbsp;<\/p>\n<p>&nbsp;<\/p>\n<p>&nbsp;<\/p>\n<p>&nbsp;<\/p>\n<p>&nbsp;<\/p>\n<p>&nbsp;<\/p>\n<p>&nbsp;<\/p>\n<p>&nbsp;<\/p>\n<p>&nbsp;<\/p>\n<p>&nbsp;<\/p>\n<p>&nbsp;<\/p>\n<p>&nbsp;<\/p>\n<p>&nbsp;<\/p>","protected":false},"excerpt":{"rendered":"<ul>\n<li>Item No: LS-0256A<\/li>\n<li>Mat\u00e9riau : Plastique<\/li>\n<li>Size:\u00a0W20.5*H83MM<\/li>\n<li>Applications : Produits de beaut\u00e9<\/li>\n<li>MOQ : 12 000 pi\u00e8ces<\/li>\n<li>Couleur : couleur personnalis\u00e9e<\/li>\n<li>Traitement de surface : Injection\/matage\/m\u00e9tallisation\/vernissage UV<\/li>\n<li>Nom de marque : OEM\/ODM<\/li>\n<li>Logo : Logo du client<\/li>\n<li>Capacit\u00e9 de production : 100 000 pi\u00e8ces par mois<\/li>\n<\/ul>","protected":false},"featured_media":9196,"template":"","meta":{"_acf_changed":false},"product_brand":[],"product_cat":[397],"product_tag":[407,404],"class_list":{"0":"post-9190","1":"product","2":"type-product","3":"status-publish","4":"has-post-thumbnail","6":"product_cat-unique-cosmetic-packaging","7":"product_tag-lipstick-tube","8":"product_tag-unique-cosmetic-packaging","10":"first","11":"instock","12":"shipping-taxable","13":"product-type-simple"},"acf":[],"yoast_head":"<!-- This site is optimized with the Yoast SEO plugin v24.1 - https:\/\/yoast.com\/wordpress\/plugins\/seo\/ -->\n<title>Dior high end square luxury dior lipstick packaging lipstick tube<\/title>\n<meta name=\"description\" content=\"Dior high end square luxury dior lipstick tube features a stylish and fashionable design, making it easy to open with convenience and elegance.\" \/>\n<meta name=\"robots\" content=\"index, follow, max-snippet:-1, max-image-preview:large, max-video-preview:-1\" \/>\n<link rel=\"canonical\" href=\"https:\/\/www.alovey.com\/fr\/produit\/dior-high-end-square-luxury-dior-lipstick-packaging-lipstick-tube\/\" \/>\n<meta property=\"og:locale\" content=\"fr_FR\" \/>\n<meta property=\"og:type\" content=\"article\" \/>\n<meta property=\"og:title\" content=\"Dior high end square luxury dior lipstick packaging lipstick tube\" \/>\n<meta property=\"og:description\" content=\"Dior high end square luxury dior lipstick tube features a stylish and fashionable design, making it easy to open with convenience and elegance.\" \/>\n<meta property=\"og:url\" content=\"https:\/\/www.alovey.com\/fr\/produit\/dior-high-end-square-luxury-dior-lipstick-packaging-lipstick-tube\/\" \/>\n<meta property=\"og:site_name\" content=\"Best Cosmetic Packaging Manufacture\" \/>\n<meta property=\"article:modified_time\" content=\"2024-12-31T10:06:53+00:00\" \/>\n<meta property=\"og:image\" content=\"https:\/\/www.alovey.com\/wp-content\/uploads\/2024\/12\/Dior-high-end-square-luxury-dior-lipstick-packaging-lipstick-tube-4.jpg\" \/>\n\t<meta property=\"og:image:width\" content=\"750\" \/>\n\t<meta property=\"og:image:height\" content=\"750\" \/>\n\t<meta property=\"og:image:type\" content=\"image\/jpeg\" \/>\n<meta name=\"twitter:card\" content=\"summary_large_image\" \/>\n<meta name=\"twitter:label1\" content=\"Dur\u00e9e de lecture estim\u00e9e\" \/>\n\t<meta name=\"twitter:data1\" content=\"2 minutes\" \/>\n<script type=\"application\/ld+json\" class=\"yoast-schema-graph\">{\"@context\":\"https:\/\/schema.org\",\"@graph\":[{\"@type\":\"WebPage\",\"@id\":\"https:\/\/www.alovey.com\/product\/dior-high-end-square-luxury-dior-lipstick-packaging-lipstick-tube\/\",\"url\":\"https:\/\/www.alovey.com\/product\/dior-high-end-square-luxury-dior-lipstick-packaging-lipstick-tube\/\",\"name\":\"Dior high end square luxury dior lipstick packaging lipstick tube\",\"isPartOf\":{\"@id\":\"https:\/\/www.alovey.com\/#website\"},\"primaryImageOfPage\":{\"@id\":\"https:\/\/www.alovey.com\/product\/dior-high-end-square-luxury-dior-lipstick-packaging-lipstick-tube\/#primaryimage\"},\"image\":{\"@id\":\"https:\/\/www.alovey.com\/product\/dior-high-end-square-luxury-dior-lipstick-packaging-lipstick-tube\/#primaryimage\"},\"thumbnailUrl\":\"https:\/\/www.alovey.com\/wp-content\/uploads\/2024\/12\/Dior-high-end-square-luxury-dior-lipstick-packaging-lipstick-tube-4.jpg\",\"datePublished\":\"2024-12-31T09:56:43+00:00\",\"dateModified\":\"2024-12-31T10:06:53+00:00\",\"description\":\"Dior high end square luxury dior lipstick tube features a stylish and fashionable design, making it easy to open with convenience and elegance.\",\"breadcrumb\":{\"@id\":\"https:\/\/www.alovey.com\/product\/dior-high-end-square-luxury-dior-lipstick-packaging-lipstick-tube\/#breadcrumb\"},\"inLanguage\":\"fr-FR\",\"potentialAction\":[{\"@type\":\"ReadAction\",\"target\":[\"https:\/\/www.alovey.com\/product\/dior-high-end-square-luxury-dior-lipstick-packaging-lipstick-tube\/\"]}]},{\"@type\":\"ImageObject\",\"inLanguage\":\"fr-FR\",\"@id\":\"https:\/\/www.alovey.com\/product\/dior-high-end-square-luxury-dior-lipstick-packaging-lipstick-tube\/#primaryimage\",\"url\":\"https:\/\/www.alovey.com\/wp-content\/uploads\/2024\/12\/Dior-high-end-square-luxury-dior-lipstick-packaging-lipstick-tube-4.jpg\",\"contentUrl\":\"https:\/\/www.alovey.com\/wp-content\/uploads\/2024\/12\/Dior-high-end-square-luxury-dior-lipstick-packaging-lipstick-tube-4.jpg\",\"width\":750,\"height\":750,\"caption\":\"Dior high end square luxury dior lipstick packaging lipstick tube\"},{\"@type\":\"BreadcrumbList\",\"@id\":\"https:\/\/www.alovey.com\/product\/dior-high-end-square-luxury-dior-lipstick-packaging-lipstick-tube\/#breadcrumb\",\"itemListElement\":[{\"@type\":\"ListItem\",\"position\":1,\"name\":\"\u9996\u9875\",\"item\":\"https:\/\/www.alovey.com\/\"},{\"@type\":\"ListItem\",\"position\":2,\"name\":\"Products\",\"item\":\"https:\/\/www.alovey.com\/products\/\"},{\"@type\":\"ListItem\",\"position\":3,\"name\":\"Dior high end square luxury dior lipstick packaging lipstick tube\"}]},{\"@type\":\"WebSite\",\"@id\":\"https:\/\/www.alovey.com\/#website\",\"url\":\"https:\/\/www.alovey.com\/\",\"name\":\"Best Cosmetic Packaging Manufacture\",\"description\":\"Alovey Cosmetic Packaging Co.,Ltd\",\"publisher\":{\"@id\":\"https:\/\/www.alovey.com\/#organization\"},\"potentialAction\":[{\"@type\":\"SearchAction\",\"target\":{\"@type\":\"EntryPoint\",\"urlTemplate\":\"https:\/\/www.alovey.com\/?s={search_term_string}\"},\"query-input\":{\"@type\":\"PropertyValueSpecification\",\"valueRequired\":true,\"valueName\":\"search_term_string\"}}],\"inLanguage\":\"fr-FR\"},{\"@type\":\"Organization\",\"@id\":\"https:\/\/www.alovey.com\/#organization\",\"name\":\"Best Cosmetic Packaging Manufacture\",\"url\":\"https:\/\/www.alovey.com\/\",\"logo\":{\"@type\":\"ImageObject\",\"inLanguage\":\"fr-FR\",\"@id\":\"https:\/\/www.alovey.com\/#\/schema\/logo\/image\/\",\"url\":\"https:\/\/www.alovey.com\/wp-content\/uploads\/2023\/03\/logo.png\",\"contentUrl\":\"https:\/\/www.alovey.com\/wp-content\/uploads\/2023\/03\/logo.png\",\"width\":505,\"height\":180,\"caption\":\"Best  Cosmetic Packaging Manufacture\"},\"image\":{\"@id\":\"https:\/\/www.alovey.com\/#\/schema\/logo\/image\/\"}}]}<\/script>\n<!-- \/ Yoast SEO plugin. -->","yoast_head_json":{"title":"Dior high end square luxury dior lipstick packaging lipstick tube","description":"Dior high end square luxury dior lipstick tube features a stylish and fashionable design, making it easy to open with convenience and elegance.","robots":{"index":"index","follow":"follow","max-snippet":"max-snippet:-1","max-image-preview":"max-image-preview:large","max-video-preview":"max-video-preview:-1"},"canonical":"https:\/\/www.alovey.com\/fr\/produit\/dior-high-end-square-luxury-dior-lipstick-packaging-lipstick-tube\/","og_locale":"fr_FR","og_type":"article","og_title":"Dior high end square luxury dior lipstick packaging lipstick tube","og_description":"Dior high end square luxury dior lipstick tube features a stylish and fashionable design, making it easy to open with convenience and elegance.","og_url":"https:\/\/www.alovey.com\/fr\/produit\/dior-high-end-square-luxury-dior-lipstick-packaging-lipstick-tube\/","og_site_name":"Best Cosmetic Packaging Manufacture","article_modified_time":"2024-12-31T10:06:53+00:00","og_image":[{"width":750,"height":750,"url":"https:\/\/www.alovey.com\/wp-content\/uploads\/2024\/12\/Dior-high-end-square-luxury-dior-lipstick-packaging-lipstick-tube-4.jpg","type":"image\/jpeg"}],"twitter_card":"summary_large_image","twitter_misc":{"Dur\u00e9e de lecture estim\u00e9e":"2 minutes"},"schema":{"@context":"https:\/\/schema.org","@graph":[{"@type":"WebPage","@id":"https:\/\/www.alovey.com\/product\/dior-high-end-square-luxury-dior-lipstick-packaging-lipstick-tube\/","url":"https:\/\/www.alovey.com\/product\/dior-high-end-square-luxury-dior-lipstick-packaging-lipstick-tube\/","name":"Dior high end square luxury dior lipstick packaging lipstick tube","isPartOf":{"@id":"https:\/\/www.alovey.com\/#website"},"primaryImageOfPage":{"@id":"https:\/\/www.alovey.com\/product\/dior-high-end-square-luxury-dior-lipstick-packaging-lipstick-tube\/#primaryimage"},"image":{"@id":"https:\/\/www.alovey.com\/product\/dior-high-end-square-luxury-dior-lipstick-packaging-lipstick-tube\/#primaryimage"},"thumbnailUrl":"https:\/\/www.alovey.com\/wp-content\/uploads\/2024\/12\/Dior-high-end-square-luxury-dior-lipstick-packaging-lipstick-tube-4.jpg","datePublished":"2024-12-31T09:56:43+00:00","dateModified":"2024-12-31T10:06:53+00:00","description":"Dior high end square luxury dior lipstick tube features a stylish and fashionable design, making it easy to open with convenience and elegance.","breadcrumb":{"@id":"https:\/\/www.alovey.com\/product\/dior-high-end-square-luxury-dior-lipstick-packaging-lipstick-tube\/#breadcrumb"},"inLanguage":"fr-FR","potentialAction":[{"@type":"ReadAction","target":["https:\/\/www.alovey.com\/product\/dior-high-end-square-luxury-dior-lipstick-packaging-lipstick-tube\/"]}]},{"@type":"ImageObject","inLanguage":"fr-FR","@id":"https:\/\/www.alovey.com\/product\/dior-high-end-square-luxury-dior-lipstick-packaging-lipstick-tube\/#primaryimage","url":"https:\/\/www.alovey.com\/wp-content\/uploads\/2024\/12\/Dior-high-end-square-luxury-dior-lipstick-packaging-lipstick-tube-4.jpg","contentUrl":"https:\/\/www.alovey.com\/wp-content\/uploads\/2024\/12\/Dior-high-end-square-luxury-dior-lipstick-packaging-lipstick-tube-4.jpg","width":750,"height":750,"caption":"Dior high end square luxury dior lipstick packaging lipstick tube"},{"@type":"BreadcrumbList","@id":"https:\/\/www.alovey.com\/product\/dior-high-end-square-luxury-dior-lipstick-packaging-lipstick-tube\/#breadcrumb","itemListElement":[{"@type":"ListItem","position":1,"name":"\u9996\u9875","item":"https:\/\/www.alovey.com\/"},{"@type":"ListItem","position":2,"name":"Products","item":"https:\/\/www.alovey.com\/products\/"},{"@type":"ListItem","position":3,"name":"Dior high end square luxury dior lipstick packaging lipstick tube"}]},{"@type":"WebSite","@id":"https:\/\/www.alovey.com\/#website","url":"https:\/\/www.alovey.com\/","name":"Best Cosmetic Packaging Manufacture","description":"Alovey Cosmetic Packaging Co.,Ltd","publisher":{"@id":"https:\/\/www.alovey.com\/#organization"},"potentialAction":[{"@type":"SearchAction","target":{"@type":"EntryPoint","urlTemplate":"https:\/\/www.alovey.com\/?s={search_term_string}"},"query-input":{"@type":"PropertyValueSpecification","valueRequired":true,"valueName":"search_term_string"}}],"inLanguage":"fr-FR"},{"@type":"Organization","@id":"https:\/\/www.alovey.com\/#organization","name":"Best Cosmetic Packaging Manufacture","url":"https:\/\/www.alovey.com\/","logo":{"@type":"ImageObject","inLanguage":"fr-FR","@id":"https:\/\/www.alovey.com\/#\/schema\/logo\/image\/","url":"https:\/\/www.alovey.com\/wp-content\/uploads\/2023\/03\/logo.png","contentUrl":"https:\/\/www.alovey.com\/wp-content\/uploads\/2023\/03\/logo.png","width":505,"height":180,"caption":"Best  Cosmetic Packaging Manufacture"},"image":{"@id":"https:\/\/www.alovey.com\/#\/schema\/logo\/image\/"}}]}},"_links":{"self":[{"href":"https:\/\/www.alovey.com\/fr\/wp-json\/wp\/v2\/product\/9190"}],"collection":[{"href":"https:\/\/www.alovey.com\/fr\/wp-json\/wp\/v2\/product"}],"about":[{"href":"https:\/\/www.alovey.com\/fr\/wp-json\/wp\/v2\/types\/product"}],"wp:featuredmedia":[{"embeddable":true,"href":"https:\/\/www.alovey.com\/fr\/wp-json\/wp\/v2\/media\/9196"}],"wp:attachment":[{"href":"https:\/\/www.alovey.com\/fr\/wp-json\/wp\/v2\/media?parent=9190"}],"wp:term":[{"taxonomy":"product_brand","embeddable":true,"href":"https:\/\/www.alovey.com\/fr\/wp-json\/wp\/v2\/product_brand?post=9190"},{"taxonomy":"product_cat","embeddable":true,"href":"https:\/\/www.alovey.com\/fr\/wp-json\/wp\/v2\/product_cat?post=9190"},{"taxonomy":"product_tag","embeddable":true,"href":"https:\/\/www.alovey.com\/fr\/wp-json\/wp\/v2\/product_tag?post=9190"}],"curies":[{"name":"wp","href":"https:\/\/api.w.org\/{rel}","templated":true}]}}