{"id":7453,"date":"2024-11-16T04:26:37","date_gmt":"2024-11-16T04:26:37","guid":{"rendered":"https:\/\/alovey.com\/?post_type=product&#038;p=7453"},"modified":"2024-11-16T06:10:59","modified_gmt":"2024-11-16T06:10:59","slug":"black-pump-head-plastic-skincare-bottle-with-custom-logo-30ml","status":"publish","type":"product","link":"https:\/\/www.alovey.com\/fr\/produit\/black-pump-head-plastic-skincare-bottle-with-custom-logo-30ml\/","title":{"rendered":"Black Pump Head Plastic skincare bottle With Custom Logo  30ML"},"content":{"rendered":"<p><strong>We wholesale 30ml empty plastic cream pump bottle is an ideal\u00a0item\u00a0for skincare and beauty.\u00a0This\u00a0collection is customizable with various finishes and decorations.<\/strong><\/p>\n<p><strong>Alovey, fabricant professionnel chinois d'emballages cosm\u00e9tiques, produit une gamme exquise d'emballages cosm\u00e9tiques personnalis\u00e9s, m\u00e9ticuleusement con\u00e7us pour rehausser votre marque. Notre s\u00e9lection vari\u00e9e de mat\u00e9riaux de premi\u00e8re qualit\u00e9, associ\u00e9e \u00e0 des techniques de finition de surface d\u00e9licates telles que la s\u00e9rigraphie, l'estampage \u00e0 chaud et la pulv\u00e9risation mate, fait de chaque emballage un chef-d'\u0153uvre unique.<\/strong><\/p>\n<p><img fetchpriority=\"high\" decoding=\"async\" class=\"size-full wp-image-7461\" src=\"https:\/\/alovey.com\/wp-content\/uploads\/2024\/11\/Black-Pump-Head-Plastic-skincare-bottle-With-Custom-Logo-30ML-6.jpg\" alt=\"Black Pump Head Plastic skincare bottle With Custom Logo 30ML\" width=\"750\" height=\"750\" srcset=\"https:\/\/www.alovey.com\/wp-content\/uploads\/2024\/11\/Black-Pump-Head-Plastic-skincare-bottle-With-Custom-Logo-30ML-6.jpg 750w, https:\/\/www.alovey.com\/wp-content\/uploads\/2024\/11\/Black-Pump-Head-Plastic-skincare-bottle-With-Custom-Logo-30ML-6-300x300.jpg 300w, https:\/\/www.alovey.com\/wp-content\/uploads\/2024\/11\/Black-Pump-Head-Plastic-skincare-bottle-With-Custom-Logo-30ML-6-150x150.jpg 150w, https:\/\/www.alovey.com\/wp-content\/uploads\/2024\/11\/Black-Pump-Head-Plastic-skincare-bottle-With-Custom-Logo-30ML-6-600x600.jpg 600w, https:\/\/www.alovey.com\/wp-content\/uploads\/2024\/11\/Black-Pump-Head-Plastic-skincare-bottle-With-Custom-Logo-30ML-6-100x100.jpg 100w\" sizes=\"(max-width: 750px) 100vw, 750px\" \/><\/p>\n<p><img decoding=\"async\" class=\"size-full wp-image-7466\" src=\"https:\/\/alovey.com\/wp-content\/uploads\/2024\/11\/Black-Pump-Head-Plastic-skincare-bottle-With-Custom-Logo-30ML-5.jpg\" alt=\"Black Pump Head Plastic skincare bottle With Custom Logo 30ML\" width=\"750\" height=\"750\" srcset=\"https:\/\/www.alovey.com\/wp-content\/uploads\/2024\/11\/Black-Pump-Head-Plastic-skincare-bottle-With-Custom-Logo-30ML-5.jpg 750w, https:\/\/www.alovey.com\/wp-content\/uploads\/2024\/11\/Black-Pump-Head-Plastic-skincare-bottle-With-Custom-Logo-30ML-5-300x300.jpg 300w, https:\/\/www.alovey.com\/wp-content\/uploads\/2024\/11\/Black-Pump-Head-Plastic-skincare-bottle-With-Custom-Logo-30ML-5-150x150.jpg 150w, https:\/\/www.alovey.com\/wp-content\/uploads\/2024\/11\/Black-Pump-Head-Plastic-skincare-bottle-With-Custom-Logo-30ML-5-600x600.jpg 600w, https:\/\/www.alovey.com\/wp-content\/uploads\/2024\/11\/Black-Pump-Head-Plastic-skincare-bottle-With-Custom-Logo-30ML-5-100x100.jpg 100w\" sizes=\"(max-width: 750px) 100vw, 750px\" \/><\/p>\n<p><img decoding=\"async\" class=\"size-full wp-image-7465\" src=\"https:\/\/alovey.com\/wp-content\/uploads\/2024\/11\/Black-Pump-Head-Plastic-skincare-bottle-With-Custom-Logo-30ML-4.jpg\" alt=\"Black Pump Head Plastic skincare bottle With Custom Logo 30ML\" width=\"750\" height=\"750\" srcset=\"https:\/\/www.alovey.com\/wp-content\/uploads\/2024\/11\/Black-Pump-Head-Plastic-skincare-bottle-With-Custom-Logo-30ML-4.jpg 750w, https:\/\/www.alovey.com\/wp-content\/uploads\/2024\/11\/Black-Pump-Head-Plastic-skincare-bottle-With-Custom-Logo-30ML-4-300x300.jpg 300w, https:\/\/www.alovey.com\/wp-content\/uploads\/2024\/11\/Black-Pump-Head-Plastic-skincare-bottle-With-Custom-Logo-30ML-4-150x150.jpg 150w, https:\/\/www.alovey.com\/wp-content\/uploads\/2024\/11\/Black-Pump-Head-Plastic-skincare-bottle-With-Custom-Logo-30ML-4-600x600.jpg 600w, https:\/\/www.alovey.com\/wp-content\/uploads\/2024\/11\/Black-Pump-Head-Plastic-skincare-bottle-With-Custom-Logo-30ML-4-100x100.jpg 100w\" sizes=\"(max-width: 750px) 100vw, 750px\" \/><\/p>\n<p><img loading=\"lazy\" decoding=\"async\" class=\"size-full wp-image-7464\" src=\"https:\/\/alovey.com\/wp-content\/uploads\/2024\/11\/Black-Pump-Head-Plastic-skincare-bottle-With-Custom-Logo-30ML-3.jpg\" alt=\"Black Pump Head Plastic skincare bottle With Custom Logo 30ML\" width=\"750\" height=\"750\" srcset=\"https:\/\/www.alovey.com\/wp-content\/uploads\/2024\/11\/Black-Pump-Head-Plastic-skincare-bottle-With-Custom-Logo-30ML-3.jpg 750w, https:\/\/www.alovey.com\/wp-content\/uploads\/2024\/11\/Black-Pump-Head-Plastic-skincare-bottle-With-Custom-Logo-30ML-3-300x300.jpg 300w, https:\/\/www.alovey.com\/wp-content\/uploads\/2024\/11\/Black-Pump-Head-Plastic-skincare-bottle-With-Custom-Logo-30ML-3-150x150.jpg 150w, https:\/\/www.alovey.com\/wp-content\/uploads\/2024\/11\/Black-Pump-Head-Plastic-skincare-bottle-With-Custom-Logo-30ML-3-600x600.jpg 600w, https:\/\/www.alovey.com\/wp-content\/uploads\/2024\/11\/Black-Pump-Head-Plastic-skincare-bottle-With-Custom-Logo-30ML-3-100x100.jpg 100w\" sizes=\"(max-width: 750px) 100vw, 750px\" \/><\/p>\n<p><img loading=\"lazy\" decoding=\"async\" class=\"size-full wp-image-7463\" src=\"https:\/\/alovey.com\/wp-content\/uploads\/2024\/11\/Black-Pump-Head-Plastic-skincare-bottle-With-Custom-Logo-30ML-2.jpg\" alt=\"Black Pump Head Plastic skincare bottle With Custom Logo 30ML\" width=\"750\" height=\"750\" srcset=\"https:\/\/www.alovey.com\/wp-content\/uploads\/2024\/11\/Black-Pump-Head-Plastic-skincare-bottle-With-Custom-Logo-30ML-2.jpg 750w, https:\/\/www.alovey.com\/wp-content\/uploads\/2024\/11\/Black-Pump-Head-Plastic-skincare-bottle-With-Custom-Logo-30ML-2-300x300.jpg 300w, https:\/\/www.alovey.com\/wp-content\/uploads\/2024\/11\/Black-Pump-Head-Plastic-skincare-bottle-With-Custom-Logo-30ML-2-150x150.jpg 150w, https:\/\/www.alovey.com\/wp-content\/uploads\/2024\/11\/Black-Pump-Head-Plastic-skincare-bottle-With-Custom-Logo-30ML-2-600x600.jpg 600w, https:\/\/www.alovey.com\/wp-content\/uploads\/2024\/11\/Black-Pump-Head-Plastic-skincare-bottle-With-Custom-Logo-30ML-2-100x100.jpg 100w\" sizes=\"(max-width: 750px) 100vw, 750px\" \/><\/p>\n<p><img loading=\"lazy\" decoding=\"async\" class=\"size-full wp-image-7462\" src=\"https:\/\/alovey.com\/wp-content\/uploads\/2024\/11\/Black-Pump-Head-Plastic-skincare-bottle-With-Custom-Logo-30ML-1.jpg\" alt=\"Black Pump Head Plastic skincare bottle With Custom Logo 30ML\" width=\"750\" height=\"750\" srcset=\"https:\/\/www.alovey.com\/wp-content\/uploads\/2024\/11\/Black-Pump-Head-Plastic-skincare-bottle-With-Custom-Logo-30ML-1.jpg 750w, https:\/\/www.alovey.com\/wp-content\/uploads\/2024\/11\/Black-Pump-Head-Plastic-skincare-bottle-With-Custom-Logo-30ML-1-300x300.jpg 300w, https:\/\/www.alovey.com\/wp-content\/uploads\/2024\/11\/Black-Pump-Head-Plastic-skincare-bottle-With-Custom-Logo-30ML-1-150x150.jpg 150w, https:\/\/www.alovey.com\/wp-content\/uploads\/2024\/11\/Black-Pump-Head-Plastic-skincare-bottle-With-Custom-Logo-30ML-1-600x600.jpg 600w, https:\/\/www.alovey.com\/wp-content\/uploads\/2024\/11\/Black-Pump-Head-Plastic-skincare-bottle-With-Custom-Logo-30ML-1-100x100.jpg 100w\" sizes=\"(max-width: 750px) 100vw, 750px\" \/><\/p>\n<p>&nbsp;<\/p>\n<p>&nbsp;<\/p>\n<p>&nbsp;<\/p>\n<p>&nbsp;<\/p>\n<p>&nbsp;<\/p>\n<p>&nbsp;<\/p>\n<p>&nbsp;<\/p>\n<p>&nbsp;<\/p>\n<p>&nbsp;<\/p>\n<p>&nbsp;<\/p>\n<p>&nbsp;<\/p>\n<p>&nbsp;<\/p>\n<p>&nbsp;<\/p>\n<p>&nbsp;<\/p>\n<p>&nbsp;<\/p>\n<p>&nbsp;<\/p>\n<p>&nbsp;<\/p>\n<p>&nbsp;<\/p>\n<p>&nbsp;<\/p>\n<p>&nbsp;<\/p>\n<p>&nbsp;<\/p>\n<p>&nbsp;<\/p>\n<p>&nbsp;<\/p>\n<p>&nbsp;<\/p>\n<p>&nbsp;<\/p>\n<p>&nbsp;<\/p>\n<p>&nbsp;<\/p>\n<p>&nbsp;<\/p>\n<p>&nbsp;<\/p>\n<p>&nbsp;<\/p>\n<p>&nbsp;<\/p>\n<p>&nbsp;<\/p>\n<p>&nbsp;<\/p>\n<p>&nbsp;<\/p>\n<p>&nbsp;<\/p>\n<p>&nbsp;<\/p>\n<p>&nbsp;<\/p>\n<p>&nbsp;<\/p>\n<p>&nbsp;<\/p>\n<p>&nbsp;<\/p>\n<p>&nbsp;<\/p>\n<p>&nbsp;<\/p>\n<p>&nbsp;<\/p>\n<p>&nbsp;<\/p>\n<p>&nbsp;<\/p>\n<p>&nbsp;<\/p>\n<p>&nbsp;<\/p>\n<p>&nbsp;<\/p>\n<p>&nbsp;<\/p>\n<p>&nbsp;<\/p>\n<p>&nbsp;<\/p>\n<p>&nbsp;<\/p>\n<p>&nbsp;<\/p>\n<p>&nbsp;<\/p>\n<p>&nbsp;<\/p>\n<p>&nbsp;<\/p>\n<p>&nbsp;<\/p>\n<p>&nbsp;<\/p>\n<p>&nbsp;<\/p>\n<p>&nbsp;<\/p>\n<p>&nbsp;<\/p>\n<p>&nbsp;<\/p>\n<p>&nbsp;<\/p>\n<p>&nbsp;<\/p>\n<p>&nbsp;<\/p>\n<p>&nbsp;<\/p>\n<p>&nbsp;<\/p>\n<p>&nbsp;<\/p>\n<p>&nbsp;<\/p>\n<p>&nbsp;<\/p>\n<p>&nbsp;<\/p>\n<p>&nbsp;<\/p>\n<p>&nbsp;<\/p>\n<p>&nbsp;<\/p>\n<p>&nbsp;<\/p>\n<p>&nbsp;<\/p>\n<p>&nbsp;<\/p>\n<p>&nbsp;<\/p>\n<p>&nbsp;<\/p>\n<p>&nbsp;<\/p>\n<p>&nbsp;<\/p>\n<p>&nbsp;<\/p>\n<p>&nbsp;<\/p>\n<p>&nbsp;<\/p>\n<p>&nbsp;<\/p>\n<p>&nbsp;<\/p>\n<p>&nbsp;<\/p>\n<p>&nbsp;<\/p>\n<p>&nbsp;<\/p>\n<p>&nbsp;<\/p>\n<p>&nbsp;<\/p>\n<p>&nbsp;<\/p>\n<p>&nbsp;<\/p>\n<p>&nbsp;<\/p>\n<p>&nbsp;<\/p>\n<p>&nbsp;<\/p>\n<p>&nbsp;<\/p>\n<p>&nbsp;<\/p>\n<p>&nbsp;<\/p>\n<p>&nbsp;<\/p>\n<p>&nbsp;<\/p>\n<p>&nbsp;<\/p>\n<p>&nbsp;<\/p>\n<p>&nbsp;<\/p>","protected":false},"excerpt":{"rendered":"<ul>\n<li>Item No: B-P010A<\/li>\n<li>Mat\u00e9riau :  Plastique<\/li>\n<li>Size:\u00a0W29*H120MM(30ml)<\/li>\n<li>Applications : Produits de beaut\u00e9<\/li>\n<li>MOQ : 10 000 pi\u00e8ces<\/li>\n<li>Couleur : couleur personnalis\u00e9e<\/li>\n<li>Traitement de surface : Injection\/matage\/m\u00e9tallisation\/vernissage UV<\/li>\n<li>Nom de marque : OEM\/ODM<\/li>\n<li>Logo : Logo du client<\/li>\n<li>Capacit\u00e9 de production : 100 000 pi\u00e8ces par mois<\/li>\n<\/ul>","protected":false},"featured_media":7463,"template":"","meta":{"_acf_changed":false},"product_brand":[],"product_cat":[382],"product_tag":[390],"class_list":{"0":"post-7453","1":"product","2":"type-product","3":"status-publish","4":"has-post-thumbnail","6":"product_cat-wholesale-cosmetic-bottles-containers","7":"product_tag-cosmetic-bottle","9":"first","10":"instock","11":"shipping-taxable","12":"product-type-simple"},"acf":[],"yoast_head":"<!-- This site is optimized with the Yoast SEO plugin v24.1 - https:\/\/yoast.com\/wordpress\/plugins\/seo\/ -->\n<title>Black Pump Head Plastic skincare bottle With Custom Logo 30ml<\/title>\n<meta name=\"description\" content=\"Black Pump Head Plastic skincare bottle With Custom Logo 30ml features New design and nice apperance,shape and compact internal structure.\" \/>\n<meta name=\"robots\" content=\"index, follow, max-snippet:-1, max-image-preview:large, max-video-preview:-1\" \/>\n<link rel=\"canonical\" href=\"https:\/\/www.alovey.com\/fr\/produit\/black-pump-head-plastic-skincare-bottle-with-custom-logo-30ml\/\" \/>\n<meta property=\"og:locale\" content=\"fr_FR\" \/>\n<meta property=\"og:type\" content=\"article\" \/>\n<meta property=\"og:title\" content=\"Black Pump Head Plastic skincare bottle With Custom Logo 30ml\" \/>\n<meta property=\"og:description\" content=\"Black Pump Head Plastic skincare bottle With Custom Logo 30ml features New design and nice apperance,shape and compact internal structure.\" \/>\n<meta property=\"og:url\" content=\"https:\/\/www.alovey.com\/fr\/produit\/black-pump-head-plastic-skincare-bottle-with-custom-logo-30ml\/\" \/>\n<meta property=\"og:site_name\" content=\"Best Cosmetic Packaging Manufacture\" \/>\n<meta property=\"article:modified_time\" content=\"2024-11-16T06:10:59+00:00\" \/>\n<meta property=\"og:image\" content=\"https:\/\/www.alovey.com\/wp-content\/uploads\/2024\/11\/Black-Pump-Head-Plastic-skincare-bottle-With-Custom-Logo-30ML-2.jpg\" \/>\n\t<meta property=\"og:image:width\" content=\"750\" \/>\n\t<meta property=\"og:image:height\" content=\"750\" \/>\n\t<meta property=\"og:image:type\" content=\"image\/jpeg\" \/>\n<meta name=\"twitter:card\" content=\"summary_large_image\" \/>\n<meta name=\"twitter:label1\" content=\"Dur\u00e9e de lecture estim\u00e9e\" \/>\n\t<meta name=\"twitter:data1\" content=\"2 minutes\" \/>\n<script type=\"application\/ld+json\" class=\"yoast-schema-graph\">{\"@context\":\"https:\/\/schema.org\",\"@graph\":[{\"@type\":\"WebPage\",\"@id\":\"https:\/\/www.alovey.com\/product\/black-pump-head-plastic-skincare-bottle-with-custom-logo-30ml\/\",\"url\":\"https:\/\/www.alovey.com\/product\/black-pump-head-plastic-skincare-bottle-with-custom-logo-30ml\/\",\"name\":\"Black Pump Head Plastic skincare bottle With Custom Logo 30ml\",\"isPartOf\":{\"@id\":\"https:\/\/www.alovey.com\/#website\"},\"primaryImageOfPage\":{\"@id\":\"https:\/\/www.alovey.com\/product\/black-pump-head-plastic-skincare-bottle-with-custom-logo-30ml\/#primaryimage\"},\"image\":{\"@id\":\"https:\/\/www.alovey.com\/product\/black-pump-head-plastic-skincare-bottle-with-custom-logo-30ml\/#primaryimage\"},\"thumbnailUrl\":\"https:\/\/www.alovey.com\/wp-content\/uploads\/2024\/11\/Black-Pump-Head-Plastic-skincare-bottle-With-Custom-Logo-30ML-2.jpg\",\"datePublished\":\"2024-11-16T04:26:37+00:00\",\"dateModified\":\"2024-11-16T06:10:59+00:00\",\"description\":\"Black Pump Head Plastic skincare bottle With Custom Logo 30ml features New design and nice apperance,shape and compact internal structure.\",\"breadcrumb\":{\"@id\":\"https:\/\/www.alovey.com\/product\/black-pump-head-plastic-skincare-bottle-with-custom-logo-30ml\/#breadcrumb\"},\"inLanguage\":\"fr-FR\",\"potentialAction\":[{\"@type\":\"ReadAction\",\"target\":[\"https:\/\/www.alovey.com\/product\/black-pump-head-plastic-skincare-bottle-with-custom-logo-30ml\/\"]}]},{\"@type\":\"ImageObject\",\"inLanguage\":\"fr-FR\",\"@id\":\"https:\/\/www.alovey.com\/product\/black-pump-head-plastic-skincare-bottle-with-custom-logo-30ml\/#primaryimage\",\"url\":\"https:\/\/www.alovey.com\/wp-content\/uploads\/2024\/11\/Black-Pump-Head-Plastic-skincare-bottle-With-Custom-Logo-30ML-2.jpg\",\"contentUrl\":\"https:\/\/www.alovey.com\/wp-content\/uploads\/2024\/11\/Black-Pump-Head-Plastic-skincare-bottle-With-Custom-Logo-30ML-2.jpg\",\"width\":750,\"height\":750,\"caption\":\"Black Pump Head Plastic skincare bottle With Custom Logo 30ML\"},{\"@type\":\"BreadcrumbList\",\"@id\":\"https:\/\/www.alovey.com\/product\/black-pump-head-plastic-skincare-bottle-with-custom-logo-30ml\/#breadcrumb\",\"itemListElement\":[{\"@type\":\"ListItem\",\"position\":1,\"name\":\"\u9996\u9875\",\"item\":\"https:\/\/www.alovey.com\/\"},{\"@type\":\"ListItem\",\"position\":2,\"name\":\"Products\",\"item\":\"https:\/\/www.alovey.com\/products\/\"},{\"@type\":\"ListItem\",\"position\":3,\"name\":\"Black Pump Head Plastic skincare bottle With Custom Logo 30ML\"}]},{\"@type\":\"WebSite\",\"@id\":\"https:\/\/www.alovey.com\/#website\",\"url\":\"https:\/\/www.alovey.com\/\",\"name\":\"Best Cosmetic Packaging Manufacture\",\"description\":\"Alovey Cosmetic Packaging Co.,Ltd\",\"publisher\":{\"@id\":\"https:\/\/www.alovey.com\/#organization\"},\"potentialAction\":[{\"@type\":\"SearchAction\",\"target\":{\"@type\":\"EntryPoint\",\"urlTemplate\":\"https:\/\/www.alovey.com\/?s={search_term_string}\"},\"query-input\":{\"@type\":\"PropertyValueSpecification\",\"valueRequired\":true,\"valueName\":\"search_term_string\"}}],\"inLanguage\":\"fr-FR\"},{\"@type\":\"Organization\",\"@id\":\"https:\/\/www.alovey.com\/#organization\",\"name\":\"Best Cosmetic Packaging Manufacture\",\"url\":\"https:\/\/www.alovey.com\/\",\"logo\":{\"@type\":\"ImageObject\",\"inLanguage\":\"fr-FR\",\"@id\":\"https:\/\/www.alovey.com\/#\/schema\/logo\/image\/\",\"url\":\"https:\/\/www.alovey.com\/wp-content\/uploads\/2023\/03\/logo.png\",\"contentUrl\":\"https:\/\/www.alovey.com\/wp-content\/uploads\/2023\/03\/logo.png\",\"width\":505,\"height\":180,\"caption\":\"Best  Cosmetic Packaging Manufacture\"},\"image\":{\"@id\":\"https:\/\/www.alovey.com\/#\/schema\/logo\/image\/\"}}]}<\/script>\n<!-- \/ Yoast SEO plugin. -->","yoast_head_json":{"title":"Black Pump Head Plastic skincare bottle With Custom Logo 30ml","description":"Black Pump Head Plastic skincare bottle With Custom Logo 30ml features New design and nice apperance,shape and compact internal structure.","robots":{"index":"index","follow":"follow","max-snippet":"max-snippet:-1","max-image-preview":"max-image-preview:large","max-video-preview":"max-video-preview:-1"},"canonical":"https:\/\/www.alovey.com\/fr\/produit\/black-pump-head-plastic-skincare-bottle-with-custom-logo-30ml\/","og_locale":"fr_FR","og_type":"article","og_title":"Black Pump Head Plastic skincare bottle With Custom Logo 30ml","og_description":"Black Pump Head Plastic skincare bottle With Custom Logo 30ml features New design and nice apperance,shape and compact internal structure.","og_url":"https:\/\/www.alovey.com\/fr\/produit\/black-pump-head-plastic-skincare-bottle-with-custom-logo-30ml\/","og_site_name":"Best Cosmetic Packaging Manufacture","article_modified_time":"2024-11-16T06:10:59+00:00","og_image":[{"width":750,"height":750,"url":"https:\/\/www.alovey.com\/wp-content\/uploads\/2024\/11\/Black-Pump-Head-Plastic-skincare-bottle-With-Custom-Logo-30ML-2.jpg","type":"image\/jpeg"}],"twitter_card":"summary_large_image","twitter_misc":{"Dur\u00e9e de lecture estim\u00e9e":"2 minutes"},"schema":{"@context":"https:\/\/schema.org","@graph":[{"@type":"WebPage","@id":"https:\/\/www.alovey.com\/product\/black-pump-head-plastic-skincare-bottle-with-custom-logo-30ml\/","url":"https:\/\/www.alovey.com\/product\/black-pump-head-plastic-skincare-bottle-with-custom-logo-30ml\/","name":"Black Pump Head Plastic skincare bottle With Custom Logo 30ml","isPartOf":{"@id":"https:\/\/www.alovey.com\/#website"},"primaryImageOfPage":{"@id":"https:\/\/www.alovey.com\/product\/black-pump-head-plastic-skincare-bottle-with-custom-logo-30ml\/#primaryimage"},"image":{"@id":"https:\/\/www.alovey.com\/product\/black-pump-head-plastic-skincare-bottle-with-custom-logo-30ml\/#primaryimage"},"thumbnailUrl":"https:\/\/www.alovey.com\/wp-content\/uploads\/2024\/11\/Black-Pump-Head-Plastic-skincare-bottle-With-Custom-Logo-30ML-2.jpg","datePublished":"2024-11-16T04:26:37+00:00","dateModified":"2024-11-16T06:10:59+00:00","description":"Black Pump Head Plastic skincare bottle With Custom Logo 30ml features New design and nice apperance,shape and compact internal structure.","breadcrumb":{"@id":"https:\/\/www.alovey.com\/product\/black-pump-head-plastic-skincare-bottle-with-custom-logo-30ml\/#breadcrumb"},"inLanguage":"fr-FR","potentialAction":[{"@type":"ReadAction","target":["https:\/\/www.alovey.com\/product\/black-pump-head-plastic-skincare-bottle-with-custom-logo-30ml\/"]}]},{"@type":"ImageObject","inLanguage":"fr-FR","@id":"https:\/\/www.alovey.com\/product\/black-pump-head-plastic-skincare-bottle-with-custom-logo-30ml\/#primaryimage","url":"https:\/\/www.alovey.com\/wp-content\/uploads\/2024\/11\/Black-Pump-Head-Plastic-skincare-bottle-With-Custom-Logo-30ML-2.jpg","contentUrl":"https:\/\/www.alovey.com\/wp-content\/uploads\/2024\/11\/Black-Pump-Head-Plastic-skincare-bottle-With-Custom-Logo-30ML-2.jpg","width":750,"height":750,"caption":"Black Pump Head Plastic skincare bottle With Custom Logo 30ML"},{"@type":"BreadcrumbList","@id":"https:\/\/www.alovey.com\/product\/black-pump-head-plastic-skincare-bottle-with-custom-logo-30ml\/#breadcrumb","itemListElement":[{"@type":"ListItem","position":1,"name":"\u9996\u9875","item":"https:\/\/www.alovey.com\/"},{"@type":"ListItem","position":2,"name":"Products","item":"https:\/\/www.alovey.com\/products\/"},{"@type":"ListItem","position":3,"name":"Black Pump Head Plastic skincare bottle With Custom Logo 30ML"}]},{"@type":"WebSite","@id":"https:\/\/www.alovey.com\/#website","url":"https:\/\/www.alovey.com\/","name":"Best Cosmetic Packaging Manufacture","description":"Alovey Cosmetic Packaging Co.,Ltd","publisher":{"@id":"https:\/\/www.alovey.com\/#organization"},"potentialAction":[{"@type":"SearchAction","target":{"@type":"EntryPoint","urlTemplate":"https:\/\/www.alovey.com\/?s={search_term_string}"},"query-input":{"@type":"PropertyValueSpecification","valueRequired":true,"valueName":"search_term_string"}}],"inLanguage":"fr-FR"},{"@type":"Organization","@id":"https:\/\/www.alovey.com\/#organization","name":"Best Cosmetic Packaging Manufacture","url":"https:\/\/www.alovey.com\/","logo":{"@type":"ImageObject","inLanguage":"fr-FR","@id":"https:\/\/www.alovey.com\/#\/schema\/logo\/image\/","url":"https:\/\/www.alovey.com\/wp-content\/uploads\/2023\/03\/logo.png","contentUrl":"https:\/\/www.alovey.com\/wp-content\/uploads\/2023\/03\/logo.png","width":505,"height":180,"caption":"Best  Cosmetic Packaging Manufacture"},"image":{"@id":"https:\/\/www.alovey.com\/#\/schema\/logo\/image\/"}}]}},"_links":{"self":[{"href":"https:\/\/www.alovey.com\/fr\/wp-json\/wp\/v2\/product\/7453"}],"collection":[{"href":"https:\/\/www.alovey.com\/fr\/wp-json\/wp\/v2\/product"}],"about":[{"href":"https:\/\/www.alovey.com\/fr\/wp-json\/wp\/v2\/types\/product"}],"wp:featuredmedia":[{"embeddable":true,"href":"https:\/\/www.alovey.com\/fr\/wp-json\/wp\/v2\/media\/7463"}],"wp:attachment":[{"href":"https:\/\/www.alovey.com\/fr\/wp-json\/wp\/v2\/media?parent=7453"}],"wp:term":[{"taxonomy":"product_brand","embeddable":true,"href":"https:\/\/www.alovey.com\/fr\/wp-json\/wp\/v2\/product_brand?post=7453"},{"taxonomy":"product_cat","embeddable":true,"href":"https:\/\/www.alovey.com\/fr\/wp-json\/wp\/v2\/product_cat?post=7453"},{"taxonomy":"product_tag","embeddable":true,"href":"https:\/\/www.alovey.com\/fr\/wp-json\/wp\/v2\/product_tag?post=7453"}],"curies":[{"name":"wp","href":"https:\/\/api.w.org\/{rel}","templated":true}]}}