{"id":7152,"date":"2024-11-07T07:17:01","date_gmt":"2024-11-07T07:17:01","guid":{"rendered":"https:\/\/alovey.com\/?post_type=product&#038;p=7152"},"modified":"2024-11-16T03:58:35","modified_gmt":"2024-11-16T03:58:35","slug":"luxury-80ml-face-serum-bottle-with-pump-lotion-bottle-round-shape","status":"publish","type":"product","link":"https:\/\/www.alovey.com\/fr\/produit\/luxury-80ml-face-serum-bottle-with-pump-lotion-bottle-round-shape\/","title":{"rendered":"Flacon de s\u00e9rum de luxe 80ml avec pompe flacon de lotion de forme ronde"},"content":{"rendered":"<p><strong>Luxury 80ml face serum bottle with pump lotion bottle round shape easy to carry.Gently press the pump head, the liquid serum and lotion easy for come out. Can be customized and color on the cap and bottle. The cap for serum bottle has a function of preventing dust.<\/strong><\/p>\n<p><strong>Alovey, fabricant professionnel chinois d'emballages cosm\u00e9tiques, produit une gamme exquise d'emballages cosm\u00e9tiques personnalis\u00e9s, m\u00e9ticuleusement con\u00e7us pour rehausser votre marque. Notre s\u00e9lection vari\u00e9e de mat\u00e9riaux de premi\u00e8re qualit\u00e9, associ\u00e9e \u00e0 des techniques de finition de surface d\u00e9licates telles que la s\u00e9rigraphie, l'estampage \u00e0 chaud et la pulv\u00e9risation mate, fait de chaque emballage un chef-d'\u0153uvre unique.<\/strong><\/p>\n<p><img fetchpriority=\"high\" decoding=\"async\" class=\"size-full wp-image-7158\" src=\"https:\/\/alovey.com\/wp-content\/uploads\/2024\/11\/Luxury-80ml-face-serum-bottle-with-pump-lotion-bottle-round-shape-4.jpg\" alt=\"Luxury 80ml face serum bottle with pump lotion bottle round shape B-Z005A\" width=\"750\" height=\"750\" srcset=\"https:\/\/www.alovey.com\/wp-content\/uploads\/2024\/11\/Luxury-80ml-face-serum-bottle-with-pump-lotion-bottle-round-shape-4.jpg 750w, https:\/\/www.alovey.com\/wp-content\/uploads\/2024\/11\/Luxury-80ml-face-serum-bottle-with-pump-lotion-bottle-round-shape-4-300x300.jpg 300w, https:\/\/www.alovey.com\/wp-content\/uploads\/2024\/11\/Luxury-80ml-face-serum-bottle-with-pump-lotion-bottle-round-shape-4-150x150.jpg 150w, https:\/\/www.alovey.com\/wp-content\/uploads\/2024\/11\/Luxury-80ml-face-serum-bottle-with-pump-lotion-bottle-round-shape-4-600x600.jpg 600w, https:\/\/www.alovey.com\/wp-content\/uploads\/2024\/11\/Luxury-80ml-face-serum-bottle-with-pump-lotion-bottle-round-shape-4-100x100.jpg 100w\" sizes=\"(max-width: 750px) 100vw, 750px\" \/><\/p>\n<p><img decoding=\"async\" class=\"size-full wp-image-7157\" src=\"https:\/\/alovey.com\/wp-content\/uploads\/2024\/11\/Luxury-80ml-face-serum-bottle-with-pump-lotion-bottle-round-shape-3.jpg\" alt=\"Luxury 80ml face serum bottle with pump lotion bottle round shape B-Z005A\" width=\"750\" height=\"750\" srcset=\"https:\/\/www.alovey.com\/wp-content\/uploads\/2024\/11\/Luxury-80ml-face-serum-bottle-with-pump-lotion-bottle-round-shape-3.jpg 750w, https:\/\/www.alovey.com\/wp-content\/uploads\/2024\/11\/Luxury-80ml-face-serum-bottle-with-pump-lotion-bottle-round-shape-3-300x300.jpg 300w, https:\/\/www.alovey.com\/wp-content\/uploads\/2024\/11\/Luxury-80ml-face-serum-bottle-with-pump-lotion-bottle-round-shape-3-150x150.jpg 150w, https:\/\/www.alovey.com\/wp-content\/uploads\/2024\/11\/Luxury-80ml-face-serum-bottle-with-pump-lotion-bottle-round-shape-3-600x600.jpg 600w, https:\/\/www.alovey.com\/wp-content\/uploads\/2024\/11\/Luxury-80ml-face-serum-bottle-with-pump-lotion-bottle-round-shape-3-100x100.jpg 100w\" sizes=\"(max-width: 750px) 100vw, 750px\" \/><\/p>\n<p><img decoding=\"async\" class=\"size-full wp-image-7156\" src=\"https:\/\/alovey.com\/wp-content\/uploads\/2024\/11\/Luxury-80ml-face-serum-bottle-with-pump-lotion-bottle-round-shape-2.jpg\" alt=\"Luxury 80ml face serum bottle with pump lotion bottle round shape B-Z005A\" width=\"750\" height=\"750\" srcset=\"https:\/\/www.alovey.com\/wp-content\/uploads\/2024\/11\/Luxury-80ml-face-serum-bottle-with-pump-lotion-bottle-round-shape-2.jpg 750w, https:\/\/www.alovey.com\/wp-content\/uploads\/2024\/11\/Luxury-80ml-face-serum-bottle-with-pump-lotion-bottle-round-shape-2-300x300.jpg 300w, https:\/\/www.alovey.com\/wp-content\/uploads\/2024\/11\/Luxury-80ml-face-serum-bottle-with-pump-lotion-bottle-round-shape-2-150x150.jpg 150w, https:\/\/www.alovey.com\/wp-content\/uploads\/2024\/11\/Luxury-80ml-face-serum-bottle-with-pump-lotion-bottle-round-shape-2-600x600.jpg 600w, https:\/\/www.alovey.com\/wp-content\/uploads\/2024\/11\/Luxury-80ml-face-serum-bottle-with-pump-lotion-bottle-round-shape-2-100x100.jpg 100w\" sizes=\"(max-width: 750px) 100vw, 750px\" \/><\/p>\n<p><img loading=\"lazy\" decoding=\"async\" class=\"size-full wp-image-7155\" src=\"https:\/\/alovey.com\/wp-content\/uploads\/2024\/11\/Luxury-80ml-face-serum-bottle-with-pump-lotion-bottle-round-shape-1.jpg\" alt=\"Luxury 80ml face serum bottle with pump lotion bottle round shape B-Z005A\" width=\"750\" height=\"750\" srcset=\"https:\/\/www.alovey.com\/wp-content\/uploads\/2024\/11\/Luxury-80ml-face-serum-bottle-with-pump-lotion-bottle-round-shape-1.jpg 750w, https:\/\/www.alovey.com\/wp-content\/uploads\/2024\/11\/Luxury-80ml-face-serum-bottle-with-pump-lotion-bottle-round-shape-1-300x300.jpg 300w, https:\/\/www.alovey.com\/wp-content\/uploads\/2024\/11\/Luxury-80ml-face-serum-bottle-with-pump-lotion-bottle-round-shape-1-150x150.jpg 150w, https:\/\/www.alovey.com\/wp-content\/uploads\/2024\/11\/Luxury-80ml-face-serum-bottle-with-pump-lotion-bottle-round-shape-1-600x600.jpg 600w, https:\/\/www.alovey.com\/wp-content\/uploads\/2024\/11\/Luxury-80ml-face-serum-bottle-with-pump-lotion-bottle-round-shape-1-100x100.jpg 100w\" sizes=\"(max-width: 750px) 100vw, 750px\" \/><\/p>\n<p><img loading=\"lazy\" decoding=\"async\" class=\"size-full wp-image-7154\" src=\"https:\/\/alovey.com\/wp-content\/uploads\/2024\/11\/Luxury-80ml-face-serum-bottle-with-pump-lotion-bottle-round-shape-8.jpg\" alt=\"Luxury 80ml face serum bottle with pump lotion bottle round shape B-Z005A\" width=\"750\" height=\"750\" srcset=\"https:\/\/www.alovey.com\/wp-content\/uploads\/2024\/11\/Luxury-80ml-face-serum-bottle-with-pump-lotion-bottle-round-shape-8.jpg 750w, https:\/\/www.alovey.com\/wp-content\/uploads\/2024\/11\/Luxury-80ml-face-serum-bottle-with-pump-lotion-bottle-round-shape-8-300x300.jpg 300w, https:\/\/www.alovey.com\/wp-content\/uploads\/2024\/11\/Luxury-80ml-face-serum-bottle-with-pump-lotion-bottle-round-shape-8-150x150.jpg 150w, https:\/\/www.alovey.com\/wp-content\/uploads\/2024\/11\/Luxury-80ml-face-serum-bottle-with-pump-lotion-bottle-round-shape-8-600x600.jpg 600w, https:\/\/www.alovey.com\/wp-content\/uploads\/2024\/11\/Luxury-80ml-face-serum-bottle-with-pump-lotion-bottle-round-shape-8-100x100.jpg 100w\" sizes=\"(max-width: 750px) 100vw, 750px\" \/><\/p>\n<p><img loading=\"lazy\" decoding=\"async\" class=\"size-full wp-image-7153\" src=\"https:\/\/alovey.com\/wp-content\/uploads\/2024\/11\/Luxury-80ml-face-serum-bottle-with-pump-lotion-bottle-round-shape-5.jpg\" alt=\"Luxury 80ml face serum bottle with pump lotion bottle round shape B-Z005A\" width=\"750\" height=\"750\" srcset=\"https:\/\/www.alovey.com\/wp-content\/uploads\/2024\/11\/Luxury-80ml-face-serum-bottle-with-pump-lotion-bottle-round-shape-5.jpg 750w, https:\/\/www.alovey.com\/wp-content\/uploads\/2024\/11\/Luxury-80ml-face-serum-bottle-with-pump-lotion-bottle-round-shape-5-300x300.jpg 300w, https:\/\/www.alovey.com\/wp-content\/uploads\/2024\/11\/Luxury-80ml-face-serum-bottle-with-pump-lotion-bottle-round-shape-5-150x150.jpg 150w, https:\/\/www.alovey.com\/wp-content\/uploads\/2024\/11\/Luxury-80ml-face-serum-bottle-with-pump-lotion-bottle-round-shape-5-600x600.jpg 600w, https:\/\/www.alovey.com\/wp-content\/uploads\/2024\/11\/Luxury-80ml-face-serum-bottle-with-pump-lotion-bottle-round-shape-5-100x100.jpg 100w\" sizes=\"(max-width: 750px) 100vw, 750px\" \/><\/p>\n<p>&nbsp;<\/p>\n<p>&nbsp;<\/p>\n<p>&nbsp;<\/p>\n<p>&nbsp;<\/p>\n<p>&nbsp;<\/p>\n<p>&nbsp;<\/p>\n<p>&nbsp;<\/p>\n<p>&nbsp;<\/p>\n<p>&nbsp;<\/p>\n<p>&nbsp;<\/p>\n<p>&nbsp;<\/p>\n<p>&nbsp;<\/p>\n<p>&nbsp;<\/p>\n<p>&nbsp;<\/p>\n<p>&nbsp;<\/p>\n<p>&nbsp;<\/p>\n<p>&nbsp;<\/p>\n<p>&nbsp;<\/p>\n<p>&nbsp;<\/p>\n<p>&nbsp;<\/p>\n<p>&nbsp;<\/p>\n<p>&nbsp;<\/p>\n<p>&nbsp;<\/p>\n<p>&nbsp;<\/p>\n<p>&nbsp;<\/p>\n<p>&nbsp;<\/p>\n<p>&nbsp;<\/p>\n<p>&nbsp;<\/p>\n<p>&nbsp;<\/p>\n<p>&nbsp;<\/p>\n<p>&nbsp;<\/p>\n<p>&nbsp;<\/p>\n<p>&nbsp;<\/p>\n<p>&nbsp;<\/p>\n<p>&nbsp;<\/p>\n<p>&nbsp;<\/p>\n<p>&nbsp;<\/p>\n<p>&nbsp;<\/p>\n<p>&nbsp;<\/p>\n<p>&nbsp;<\/p>\n<p>&nbsp;<\/p>\n<p>&nbsp;<\/p>\n<p>&nbsp;<\/p>\n<p>&nbsp;<\/p>\n<p>&nbsp;<\/p>\n<p>&nbsp;<\/p>\n<p>&nbsp;<\/p>\n<p>&nbsp;<\/p>\n<p>&nbsp;<\/p>\n<p>&nbsp;<\/p>\n<p>&nbsp;<\/p>\n<p>&nbsp;<\/p>\n<p>&nbsp;<\/p>\n<p>&nbsp;<\/p>\n<p>&nbsp;<\/p>\n<p>&nbsp;<\/p>\n<p>&nbsp;<\/p>\n<p>&nbsp;<\/p>\n<p>&nbsp;<\/p>\n<p>&nbsp;<\/p>\n<p>&nbsp;<\/p>\n<p>&nbsp;<\/p>\n<p>&nbsp;<\/p>\n<p>&nbsp;<\/p>\n<p>&nbsp;<\/p>\n<p>&nbsp;<\/p>\n<p>&nbsp;<\/p>\n<p>&nbsp;<\/p>\n<p>&nbsp;<\/p>\n<p>&nbsp;<\/p>\n<p>&nbsp;<\/p>\n<p>&nbsp;<\/p>\n<p>&nbsp;<\/p>\n<p>&nbsp;<\/p>\n<p>&nbsp;<\/p>\n<p>&nbsp;<\/p>\n<p>&nbsp;<\/p>\n<p>&nbsp;<\/p>\n<p>&nbsp;<\/p>\n<p>&nbsp;<\/p>\n<p>&nbsp;<\/p>\n<p>&nbsp;<\/p>\n<p>&nbsp;<\/p>\n<p>&nbsp;<\/p>\n<p>&nbsp;<\/p>\n<p>&nbsp;<\/p>\n<p>&nbsp;<\/p>","protected":false},"excerpt":{"rendered":"<ul>\n<li>Item No: B-Z005A<\/li>\n<li>Mat\u00e9riau :  Plastique<\/li>\n<li>Capacity:\u00a080ML<\/li>\n<li>Size:\u00a0D46 *H124MM<\/li>\n<li>Applications : Produits de beaut\u00e9<\/li>\n<li>MOQ : 10 000 pi\u00e8ces<\/li>\n<li>Couleur : couleur personnalis\u00e9e<\/li>\n<li>Traitement de surface : Injection\/matage\/m\u00e9tallisation\/vernissage UV<\/li>\n<li>Nom de marque : OEM\/ODM<\/li>\n<li>Logo : Logo du client<\/li>\n<li>Capacit\u00e9 de production : 100 000 pi\u00e8ces par mois<\/li>\n<\/ul>","protected":false},"featured_media":7158,"template":"","meta":{"_acf_changed":false},"product_brand":[],"product_cat":[382],"product_tag":[390],"class_list":{"0":"post-7152","1":"product","2":"type-product","3":"status-publish","4":"has-post-thumbnail","6":"product_cat-wholesale-cosmetic-bottles-containers","7":"product_tag-cosmetic-bottle","9":"first","10":"instock","11":"shipping-taxable","12":"product-type-simple"},"acf":[],"yoast_head":"<!-- This site is optimized with the Yoast SEO plugin v24.1 - https:\/\/yoast.com\/wordpress\/plugins\/seo\/ -->\n<title>Luxury 80ml face serum bottle with pump lotion bottle round shape<\/title>\n<meta name=\"description\" content=\"Luxury 80ml face serum bottle with pump lotion bottle round shape easy to carry. Gently press the pump head, the liquid serum and lotion easy for come out. Can be customized and color on the cap and bottle.\" \/>\n<meta name=\"robots\" content=\"index, follow, max-snippet:-1, max-image-preview:large, max-video-preview:-1\" \/>\n<link rel=\"canonical\" href=\"https:\/\/www.alovey.com\/fr\/produit\/luxury-80ml-face-serum-bottle-with-pump-lotion-bottle-round-shape\/\" \/>\n<meta property=\"og:locale\" content=\"fr_FR\" \/>\n<meta property=\"og:type\" content=\"article\" \/>\n<meta property=\"og:title\" content=\"Luxury 80ml face serum bottle with pump lotion bottle round shape\" \/>\n<meta property=\"og:description\" content=\"Luxury 80ml face serum bottle with pump lotion bottle round shape easy to carry. Gently press the pump head, the liquid serum and lotion easy for come out. Can be customized and color on the cap and bottle.\" \/>\n<meta property=\"og:url\" content=\"https:\/\/www.alovey.com\/fr\/produit\/luxury-80ml-face-serum-bottle-with-pump-lotion-bottle-round-shape\/\" \/>\n<meta property=\"og:site_name\" content=\"Best Cosmetic Packaging Manufacture\" \/>\n<meta property=\"article:modified_time\" content=\"2024-11-16T03:58:35+00:00\" \/>\n<meta property=\"og:image\" content=\"https:\/\/www.alovey.com\/wp-content\/uploads\/2024\/11\/Luxury-80ml-face-serum-bottle-with-pump-lotion-bottle-round-shape-4.jpg\" \/>\n\t<meta property=\"og:image:width\" content=\"750\" \/>\n\t<meta property=\"og:image:height\" content=\"750\" \/>\n\t<meta property=\"og:image:type\" content=\"image\/jpeg\" \/>\n<meta name=\"twitter:card\" content=\"summary_large_image\" \/>\n<meta name=\"twitter:label1\" content=\"Dur\u00e9e de lecture estim\u00e9e\" \/>\n\t<meta name=\"twitter:data1\" content=\"2 minutes\" \/>\n<script type=\"application\/ld+json\" class=\"yoast-schema-graph\">{\"@context\":\"https:\/\/schema.org\",\"@graph\":[{\"@type\":\"WebPage\",\"@id\":\"https:\/\/www.alovey.com\/product\/luxury-80ml-face-serum-bottle-with-pump-lotion-bottle-round-shape\/\",\"url\":\"https:\/\/www.alovey.com\/product\/luxury-80ml-face-serum-bottle-with-pump-lotion-bottle-round-shape\/\",\"name\":\"Luxury 80ml face serum bottle with pump lotion bottle round shape\",\"isPartOf\":{\"@id\":\"https:\/\/www.alovey.com\/#website\"},\"primaryImageOfPage\":{\"@id\":\"https:\/\/www.alovey.com\/product\/luxury-80ml-face-serum-bottle-with-pump-lotion-bottle-round-shape\/#primaryimage\"},\"image\":{\"@id\":\"https:\/\/www.alovey.com\/product\/luxury-80ml-face-serum-bottle-with-pump-lotion-bottle-round-shape\/#primaryimage\"},\"thumbnailUrl\":\"https:\/\/www.alovey.com\/wp-content\/uploads\/2024\/11\/Luxury-80ml-face-serum-bottle-with-pump-lotion-bottle-round-shape-4.jpg\",\"datePublished\":\"2024-11-07T07:17:01+00:00\",\"dateModified\":\"2024-11-16T03:58:35+00:00\",\"description\":\"Luxury 80ml face serum bottle with pump lotion bottle round shape easy to carry. Gently press the pump head, the liquid serum and lotion easy for come out. Can be customized and color on the cap and bottle.\",\"breadcrumb\":{\"@id\":\"https:\/\/www.alovey.com\/product\/luxury-80ml-face-serum-bottle-with-pump-lotion-bottle-round-shape\/#breadcrumb\"},\"inLanguage\":\"fr-FR\",\"potentialAction\":[{\"@type\":\"ReadAction\",\"target\":[\"https:\/\/www.alovey.com\/product\/luxury-80ml-face-serum-bottle-with-pump-lotion-bottle-round-shape\/\"]}]},{\"@type\":\"ImageObject\",\"inLanguage\":\"fr-FR\",\"@id\":\"https:\/\/www.alovey.com\/product\/luxury-80ml-face-serum-bottle-with-pump-lotion-bottle-round-shape\/#primaryimage\",\"url\":\"https:\/\/www.alovey.com\/wp-content\/uploads\/2024\/11\/Luxury-80ml-face-serum-bottle-with-pump-lotion-bottle-round-shape-4.jpg\",\"contentUrl\":\"https:\/\/www.alovey.com\/wp-content\/uploads\/2024\/11\/Luxury-80ml-face-serum-bottle-with-pump-lotion-bottle-round-shape-4.jpg\",\"width\":750,\"height\":750,\"caption\":\"Luxury 80ml face serum bottle with pump lotion bottle round shape B-Z005A\"},{\"@type\":\"BreadcrumbList\",\"@id\":\"https:\/\/www.alovey.com\/product\/luxury-80ml-face-serum-bottle-with-pump-lotion-bottle-round-shape\/#breadcrumb\",\"itemListElement\":[{\"@type\":\"ListItem\",\"position\":1,\"name\":\"\u9996\u9875\",\"item\":\"https:\/\/www.alovey.com\/\"},{\"@type\":\"ListItem\",\"position\":2,\"name\":\"Products\",\"item\":\"https:\/\/www.alovey.com\/products\/\"},{\"@type\":\"ListItem\",\"position\":3,\"name\":\"Luxury 80ml face serum bottle with pump lotion bottle round shape\"}]},{\"@type\":\"WebSite\",\"@id\":\"https:\/\/www.alovey.com\/#website\",\"url\":\"https:\/\/www.alovey.com\/\",\"name\":\"Best Cosmetic Packaging Manufacture\",\"description\":\"Alovey Cosmetic Packaging Co.,Ltd\",\"publisher\":{\"@id\":\"https:\/\/www.alovey.com\/#organization\"},\"potentialAction\":[{\"@type\":\"SearchAction\",\"target\":{\"@type\":\"EntryPoint\",\"urlTemplate\":\"https:\/\/www.alovey.com\/?s={search_term_string}\"},\"query-input\":{\"@type\":\"PropertyValueSpecification\",\"valueRequired\":true,\"valueName\":\"search_term_string\"}}],\"inLanguage\":\"fr-FR\"},{\"@type\":\"Organization\",\"@id\":\"https:\/\/www.alovey.com\/#organization\",\"name\":\"Best Cosmetic Packaging Manufacture\",\"url\":\"https:\/\/www.alovey.com\/\",\"logo\":{\"@type\":\"ImageObject\",\"inLanguage\":\"fr-FR\",\"@id\":\"https:\/\/www.alovey.com\/#\/schema\/logo\/image\/\",\"url\":\"https:\/\/www.alovey.com\/wp-content\/uploads\/2023\/03\/logo.png\",\"contentUrl\":\"https:\/\/www.alovey.com\/wp-content\/uploads\/2023\/03\/logo.png\",\"width\":505,\"height\":180,\"caption\":\"Best  Cosmetic Packaging Manufacture\"},\"image\":{\"@id\":\"https:\/\/www.alovey.com\/#\/schema\/logo\/image\/\"}}]}<\/script>\n<!-- \/ Yoast SEO plugin. -->","yoast_head_json":{"title":"Flacon de s\u00e9rum de luxe 80ml avec pompe flacon de lotion de forme ronde","description":"Luxury 80ml face serum bottle with pump lotion bottle round shape easy to carry. Gently press the pump head, the liquid serum and lotion easy for come out. Can be customized and color on the cap and bottle.","robots":{"index":"index","follow":"follow","max-snippet":"max-snippet:-1","max-image-preview":"max-image-preview:large","max-video-preview":"max-video-preview:-1"},"canonical":"https:\/\/www.alovey.com\/fr\/produit\/luxury-80ml-face-serum-bottle-with-pump-lotion-bottle-round-shape\/","og_locale":"fr_FR","og_type":"article","og_title":"Luxury 80ml face serum bottle with pump lotion bottle round shape","og_description":"Luxury 80ml face serum bottle with pump lotion bottle round shape easy to carry. Gently press the pump head, the liquid serum and lotion easy for come out. Can be customized and color on the cap and bottle.","og_url":"https:\/\/www.alovey.com\/fr\/produit\/luxury-80ml-face-serum-bottle-with-pump-lotion-bottle-round-shape\/","og_site_name":"Best Cosmetic Packaging Manufacture","article_modified_time":"2024-11-16T03:58:35+00:00","og_image":[{"width":750,"height":750,"url":"https:\/\/www.alovey.com\/wp-content\/uploads\/2024\/11\/Luxury-80ml-face-serum-bottle-with-pump-lotion-bottle-round-shape-4.jpg","type":"image\/jpeg"}],"twitter_card":"summary_large_image","twitter_misc":{"Dur\u00e9e de lecture estim\u00e9e":"2 minutes"},"schema":{"@context":"https:\/\/schema.org","@graph":[{"@type":"WebPage","@id":"https:\/\/www.alovey.com\/product\/luxury-80ml-face-serum-bottle-with-pump-lotion-bottle-round-shape\/","url":"https:\/\/www.alovey.com\/product\/luxury-80ml-face-serum-bottle-with-pump-lotion-bottle-round-shape\/","name":"Flacon de s\u00e9rum de luxe 80ml avec pompe flacon de lotion de forme ronde","isPartOf":{"@id":"https:\/\/www.alovey.com\/#website"},"primaryImageOfPage":{"@id":"https:\/\/www.alovey.com\/product\/luxury-80ml-face-serum-bottle-with-pump-lotion-bottle-round-shape\/#primaryimage"},"image":{"@id":"https:\/\/www.alovey.com\/product\/luxury-80ml-face-serum-bottle-with-pump-lotion-bottle-round-shape\/#primaryimage"},"thumbnailUrl":"https:\/\/www.alovey.com\/wp-content\/uploads\/2024\/11\/Luxury-80ml-face-serum-bottle-with-pump-lotion-bottle-round-shape-4.jpg","datePublished":"2024-11-07T07:17:01+00:00","dateModified":"2024-11-16T03:58:35+00:00","description":"Luxury 80ml face serum bottle with pump lotion bottle round shape easy to carry. Gently press the pump head, the liquid serum and lotion easy for come out. Can be customized and color on the cap and bottle.","breadcrumb":{"@id":"https:\/\/www.alovey.com\/product\/luxury-80ml-face-serum-bottle-with-pump-lotion-bottle-round-shape\/#breadcrumb"},"inLanguage":"fr-FR","potentialAction":[{"@type":"ReadAction","target":["https:\/\/www.alovey.com\/product\/luxury-80ml-face-serum-bottle-with-pump-lotion-bottle-round-shape\/"]}]},{"@type":"ImageObject","inLanguage":"fr-FR","@id":"https:\/\/www.alovey.com\/product\/luxury-80ml-face-serum-bottle-with-pump-lotion-bottle-round-shape\/#primaryimage","url":"https:\/\/www.alovey.com\/wp-content\/uploads\/2024\/11\/Luxury-80ml-face-serum-bottle-with-pump-lotion-bottle-round-shape-4.jpg","contentUrl":"https:\/\/www.alovey.com\/wp-content\/uploads\/2024\/11\/Luxury-80ml-face-serum-bottle-with-pump-lotion-bottle-round-shape-4.jpg","width":750,"height":750,"caption":"Luxury 80ml face serum bottle with pump lotion bottle round shape B-Z005A"},{"@type":"BreadcrumbList","@id":"https:\/\/www.alovey.com\/product\/luxury-80ml-face-serum-bottle-with-pump-lotion-bottle-round-shape\/#breadcrumb","itemListElement":[{"@type":"ListItem","position":1,"name":"\u9996\u9875","item":"https:\/\/www.alovey.com\/"},{"@type":"ListItem","position":2,"name":"Products","item":"https:\/\/www.alovey.com\/products\/"},{"@type":"ListItem","position":3,"name":"Luxury 80ml face serum bottle with pump lotion bottle round shape"}]},{"@type":"WebSite","@id":"https:\/\/www.alovey.com\/#website","url":"https:\/\/www.alovey.com\/","name":"Best Cosmetic Packaging Manufacture","description":"Alovey Cosmetic Packaging Co.,Ltd","publisher":{"@id":"https:\/\/www.alovey.com\/#organization"},"potentialAction":[{"@type":"SearchAction","target":{"@type":"EntryPoint","urlTemplate":"https:\/\/www.alovey.com\/?s={search_term_string}"},"query-input":{"@type":"PropertyValueSpecification","valueRequired":true,"valueName":"search_term_string"}}],"inLanguage":"fr-FR"},{"@type":"Organization","@id":"https:\/\/www.alovey.com\/#organization","name":"Best Cosmetic Packaging Manufacture","url":"https:\/\/www.alovey.com\/","logo":{"@type":"ImageObject","inLanguage":"fr-FR","@id":"https:\/\/www.alovey.com\/#\/schema\/logo\/image\/","url":"https:\/\/www.alovey.com\/wp-content\/uploads\/2023\/03\/logo.png","contentUrl":"https:\/\/www.alovey.com\/wp-content\/uploads\/2023\/03\/logo.png","width":505,"height":180,"caption":"Best  Cosmetic Packaging Manufacture"},"image":{"@id":"https:\/\/www.alovey.com\/#\/schema\/logo\/image\/"}}]}},"_links":{"self":[{"href":"https:\/\/www.alovey.com\/fr\/wp-json\/wp\/v2\/product\/7152"}],"collection":[{"href":"https:\/\/www.alovey.com\/fr\/wp-json\/wp\/v2\/product"}],"about":[{"href":"https:\/\/www.alovey.com\/fr\/wp-json\/wp\/v2\/types\/product"}],"wp:featuredmedia":[{"embeddable":true,"href":"https:\/\/www.alovey.com\/fr\/wp-json\/wp\/v2\/media\/7158"}],"wp:attachment":[{"href":"https:\/\/www.alovey.com\/fr\/wp-json\/wp\/v2\/media?parent=7152"}],"wp:term":[{"taxonomy":"product_brand","embeddable":true,"href":"https:\/\/www.alovey.com\/fr\/wp-json\/wp\/v2\/product_brand?post=7152"},{"taxonomy":"product_cat","embeddable":true,"href":"https:\/\/www.alovey.com\/fr\/wp-json\/wp\/v2\/product_cat?post=7152"},{"taxonomy":"product_tag","embeddable":true,"href":"https:\/\/www.alovey.com\/fr\/wp-json\/wp\/v2\/product_tag?post=7152"}],"curies":[{"name":"wp","href":"https:\/\/api.w.org\/{rel}","templated":true}]}}