{"id":7027,"date":"2024-11-04T09:56:27","date_gmt":"2024-11-04T09:56:27","guid":{"rendered":"https:\/\/alovey.com\/?post_type=product&#038;p=7027"},"modified":"2024-11-16T04:01:07","modified_gmt":"2024-11-16T04:01:07","slug":"9ml-cosmetics-packaging-for-gradient-color-round-shape-empty-lip-gloss-tube-custom-logo","status":"publish","type":"product","link":"https:\/\/www.alovey.com\/fr\/produit\/9ml-cosmetics-packaging-for-gradient-color-round-shape-empty-lip-gloss-tube-custom-logo\/","title":{"rendered":"9ml Emballage cosm\u00e9tique pour tube de brillant \u00e0 l\u00e8vres vide de forme ronde et de couleur d\u00e9grad\u00e9e avec logo personnalis\u00e9"},"content":{"rendered":"<p><strong>Le tube vide de gloss \u00e0 l\u00e8vres 9ml d\u00e9grad\u00e9 d'Alovey prot\u00e8ge non seulement le produit mais attire \u00e9galement les consommateurs gr\u00e2ce \u00e0 son design moderne et \u00e0 son potentiel de personnalisation. Un effet d\u00e9grad\u00e9 visuellement attrayant renforce l'attrait esth\u00e9tique du produit.<\/strong><\/p>\n<p><strong>Alovey, fabricant professionnel chinois d'emballages cosm\u00e9tiques, produit une gamme exquise d'emballages cosm\u00e9tiques personnalis\u00e9s, m\u00e9ticuleusement con\u00e7us pour rehausser votre marque. Notre s\u00e9lection vari\u00e9e de mat\u00e9riaux de premi\u00e8re qualit\u00e9, associ\u00e9e \u00e0 des techniques de finition de surface d\u00e9licates telles que la s\u00e9rigraphie, l'estampage \u00e0 chaud et la pulv\u00e9risation mate, fait de chaque emballage un chef-d'\u0153uvre unique.<\/strong><\/p>\n<p><img fetchpriority=\"high\" decoding=\"async\" class=\"size-full wp-image-7032\" src=\"https:\/\/alovey.com\/wp-content\/uploads\/2024\/11\/9ml-Cosmetics-Packaging-For-Gradient-Color-Round-Shape-Empty-Lip-Gloss-Tube-Custom-Logo-5.jpg\" alt=\"9ml Cosmetics Packaging For Gradient Color Round Shape Empty Lip Gloss Tube Custom Logo (6)\" width=\"750\" height=\"750\" srcset=\"https:\/\/www.alovey.com\/wp-content\/uploads\/2024\/11\/9ml-Cosmetics-Packaging-For-Gradient-Color-Round-Shape-Empty-Lip-Gloss-Tube-Custom-Logo-5.jpg 750w, https:\/\/www.alovey.com\/wp-content\/uploads\/2024\/11\/9ml-Cosmetics-Packaging-For-Gradient-Color-Round-Shape-Empty-Lip-Gloss-Tube-Custom-Logo-5-300x300.jpg 300w, https:\/\/www.alovey.com\/wp-content\/uploads\/2024\/11\/9ml-Cosmetics-Packaging-For-Gradient-Color-Round-Shape-Empty-Lip-Gloss-Tube-Custom-Logo-5-150x150.jpg 150w, https:\/\/www.alovey.com\/wp-content\/uploads\/2024\/11\/9ml-Cosmetics-Packaging-For-Gradient-Color-Round-Shape-Empty-Lip-Gloss-Tube-Custom-Logo-5-600x600.jpg 600w, https:\/\/www.alovey.com\/wp-content\/uploads\/2024\/11\/9ml-Cosmetics-Packaging-For-Gradient-Color-Round-Shape-Empty-Lip-Gloss-Tube-Custom-Logo-5-100x100.jpg 100w\" sizes=\"(max-width: 750px) 100vw, 750px\" \/><\/p>\n<p><img decoding=\"async\" class=\"size-full wp-image-7033\" src=\"https:\/\/alovey.com\/wp-content\/uploads\/2024\/11\/9ml-Cosmetics-Packaging-For-Gradient-Color-Round-Shape-Empty-Lip-Gloss-Tube-Custom-Logo-3.jpg\" alt=\"9ml Cosmetics Packaging For Gradient Color Round Shape Empty Lip Gloss Tube Custom Logo (6)\" width=\"750\" height=\"750\" srcset=\"https:\/\/www.alovey.com\/wp-content\/uploads\/2024\/11\/9ml-Cosmetics-Packaging-For-Gradient-Color-Round-Shape-Empty-Lip-Gloss-Tube-Custom-Logo-3.jpg 750w, https:\/\/www.alovey.com\/wp-content\/uploads\/2024\/11\/9ml-Cosmetics-Packaging-For-Gradient-Color-Round-Shape-Empty-Lip-Gloss-Tube-Custom-Logo-3-300x300.jpg 300w, https:\/\/www.alovey.com\/wp-content\/uploads\/2024\/11\/9ml-Cosmetics-Packaging-For-Gradient-Color-Round-Shape-Empty-Lip-Gloss-Tube-Custom-Logo-3-150x150.jpg 150w, https:\/\/www.alovey.com\/wp-content\/uploads\/2024\/11\/9ml-Cosmetics-Packaging-For-Gradient-Color-Round-Shape-Empty-Lip-Gloss-Tube-Custom-Logo-3-600x600.jpg 600w, https:\/\/www.alovey.com\/wp-content\/uploads\/2024\/11\/9ml-Cosmetics-Packaging-For-Gradient-Color-Round-Shape-Empty-Lip-Gloss-Tube-Custom-Logo-3-100x100.jpg 100w\" sizes=\"(max-width: 750px) 100vw, 750px\" \/><\/p>\n<p><img decoding=\"async\" class=\"size-full wp-image-7031\" src=\"https:\/\/alovey.com\/wp-content\/uploads\/2024\/11\/9ml-Cosmetics-Packaging-For-Gradient-Color-Round-Shape-Empty-Lip-Gloss-Tube-Custom-Logo-4.jpg\" alt=\"9ml Cosmetics Packaging For Gradient Color Round Shape Empty Lip Gloss Tube Custom Logo (6)\" width=\"750\" height=\"750\" srcset=\"https:\/\/www.alovey.com\/wp-content\/uploads\/2024\/11\/9ml-Cosmetics-Packaging-For-Gradient-Color-Round-Shape-Empty-Lip-Gloss-Tube-Custom-Logo-4.jpg 750w, https:\/\/www.alovey.com\/wp-content\/uploads\/2024\/11\/9ml-Cosmetics-Packaging-For-Gradient-Color-Round-Shape-Empty-Lip-Gloss-Tube-Custom-Logo-4-300x300.jpg 300w, https:\/\/www.alovey.com\/wp-content\/uploads\/2024\/11\/9ml-Cosmetics-Packaging-For-Gradient-Color-Round-Shape-Empty-Lip-Gloss-Tube-Custom-Logo-4-150x150.jpg 150w, https:\/\/www.alovey.com\/wp-content\/uploads\/2024\/11\/9ml-Cosmetics-Packaging-For-Gradient-Color-Round-Shape-Empty-Lip-Gloss-Tube-Custom-Logo-4-600x600.jpg 600w, https:\/\/www.alovey.com\/wp-content\/uploads\/2024\/11\/9ml-Cosmetics-Packaging-For-Gradient-Color-Round-Shape-Empty-Lip-Gloss-Tube-Custom-Logo-4-100x100.jpg 100w\" sizes=\"(max-width: 750px) 100vw, 750px\" \/><\/p>\n<p><img loading=\"lazy\" decoding=\"async\" class=\"size-full wp-image-7030\" src=\"https:\/\/alovey.com\/wp-content\/uploads\/2024\/11\/9ml-Cosmetics-Packaging-For-Gradient-Color-Round-Shape-Empty-Lip-Gloss-Tube-Custom-Logo-2.jpg\" alt=\"9ml Cosmetics Packaging For Gradient Color Round Shape Empty Lip Gloss Tube Custom Logo (6)\" width=\"750\" height=\"750\" srcset=\"https:\/\/www.alovey.com\/wp-content\/uploads\/2024\/11\/9ml-Cosmetics-Packaging-For-Gradient-Color-Round-Shape-Empty-Lip-Gloss-Tube-Custom-Logo-2.jpg 750w, https:\/\/www.alovey.com\/wp-content\/uploads\/2024\/11\/9ml-Cosmetics-Packaging-For-Gradient-Color-Round-Shape-Empty-Lip-Gloss-Tube-Custom-Logo-2-300x300.jpg 300w, https:\/\/www.alovey.com\/wp-content\/uploads\/2024\/11\/9ml-Cosmetics-Packaging-For-Gradient-Color-Round-Shape-Empty-Lip-Gloss-Tube-Custom-Logo-2-150x150.jpg 150w, https:\/\/www.alovey.com\/wp-content\/uploads\/2024\/11\/9ml-Cosmetics-Packaging-For-Gradient-Color-Round-Shape-Empty-Lip-Gloss-Tube-Custom-Logo-2-600x600.jpg 600w, https:\/\/www.alovey.com\/wp-content\/uploads\/2024\/11\/9ml-Cosmetics-Packaging-For-Gradient-Color-Round-Shape-Empty-Lip-Gloss-Tube-Custom-Logo-2-100x100.jpg 100w\" sizes=\"(max-width: 750px) 100vw, 750px\" \/><\/p>\n<p><img loading=\"lazy\" decoding=\"async\" class=\"size-full wp-image-7029\" src=\"https:\/\/alovey.com\/wp-content\/uploads\/2024\/11\/9ml-Cosmetics-Packaging-For-Gradient-Color-Round-Shape-Empty-Lip-Gloss-Tube-Custom-Logo-1.jpg\" alt=\"9ml Cosmetics Packaging For Gradient Color Round Shape Empty Lip Gloss Tube Custom Logo (6)\" width=\"750\" height=\"750\" srcset=\"https:\/\/www.alovey.com\/wp-content\/uploads\/2024\/11\/9ml-Cosmetics-Packaging-For-Gradient-Color-Round-Shape-Empty-Lip-Gloss-Tube-Custom-Logo-1.jpg 750w, https:\/\/www.alovey.com\/wp-content\/uploads\/2024\/11\/9ml-Cosmetics-Packaging-For-Gradient-Color-Round-Shape-Empty-Lip-Gloss-Tube-Custom-Logo-1-300x300.jpg 300w, https:\/\/www.alovey.com\/wp-content\/uploads\/2024\/11\/9ml-Cosmetics-Packaging-For-Gradient-Color-Round-Shape-Empty-Lip-Gloss-Tube-Custom-Logo-1-150x150.jpg 150w, https:\/\/www.alovey.com\/wp-content\/uploads\/2024\/11\/9ml-Cosmetics-Packaging-For-Gradient-Color-Round-Shape-Empty-Lip-Gloss-Tube-Custom-Logo-1-600x600.jpg 600w, https:\/\/www.alovey.com\/wp-content\/uploads\/2024\/11\/9ml-Cosmetics-Packaging-For-Gradient-Color-Round-Shape-Empty-Lip-Gloss-Tube-Custom-Logo-1-100x100.jpg 100w\" sizes=\"(max-width: 750px) 100vw, 750px\" \/><\/p>\n<p><img loading=\"lazy\" decoding=\"async\" class=\"size-full wp-image-7028\" src=\"https:\/\/alovey.com\/wp-content\/uploads\/2024\/11\/9ml-Cosmetics-Packaging-For-Gradient-Color-Round-Shape-Empty-Lip-Gloss-Tube-Custom-Logo-6.jpg\" alt=\"9ml Cosmetics Packaging For Gradient Color Round Shape Empty Lip Gloss Tube Custom Logo (6)\" width=\"750\" height=\"750\" srcset=\"https:\/\/www.alovey.com\/wp-content\/uploads\/2024\/11\/9ml-Cosmetics-Packaging-For-Gradient-Color-Round-Shape-Empty-Lip-Gloss-Tube-Custom-Logo-6.jpg 750w, https:\/\/www.alovey.com\/wp-content\/uploads\/2024\/11\/9ml-Cosmetics-Packaging-For-Gradient-Color-Round-Shape-Empty-Lip-Gloss-Tube-Custom-Logo-6-300x300.jpg 300w, https:\/\/www.alovey.com\/wp-content\/uploads\/2024\/11\/9ml-Cosmetics-Packaging-For-Gradient-Color-Round-Shape-Empty-Lip-Gloss-Tube-Custom-Logo-6-150x150.jpg 150w, https:\/\/www.alovey.com\/wp-content\/uploads\/2024\/11\/9ml-Cosmetics-Packaging-For-Gradient-Color-Round-Shape-Empty-Lip-Gloss-Tube-Custom-Logo-6-600x600.jpg 600w, https:\/\/www.alovey.com\/wp-content\/uploads\/2024\/11\/9ml-Cosmetics-Packaging-For-Gradient-Color-Round-Shape-Empty-Lip-Gloss-Tube-Custom-Logo-6-100x100.jpg 100w\" sizes=\"(max-width: 750px) 100vw, 750px\" \/><\/p>\n<p>&nbsp;<\/p>\n<p>&nbsp;<\/p>\n<p>&nbsp;<\/p>\n<p>&nbsp;<\/p>\n<p>&nbsp;<\/p>\n<p>&nbsp;<\/p>\n<p>&nbsp;<\/p>\n<p>&nbsp;<\/p>\n<p>&nbsp;<\/p>\n<p>&nbsp;<\/p>\n<p>&nbsp;<\/p>\n<p>&nbsp;<\/p>\n<p>&nbsp;<\/p>\n<p>&nbsp;<\/p>\n<p>&nbsp;<\/p>\n<p>&nbsp;<\/p>\n<p>&nbsp;<\/p>\n<p>&nbsp;<\/p>\n<p>&nbsp;<\/p>\n<p>&nbsp;<\/p>\n<p>&nbsp;<\/p>\n<p>&nbsp;<\/p>\n<p>&nbsp;<\/p>\n<p>&nbsp;<\/p>\n<p>&nbsp;<\/p>\n<p>&nbsp;<\/p>\n<p>&nbsp;<\/p>\n<p>&nbsp;<\/p>\n<p>&nbsp;<\/p>\n<p>&nbsp;<\/p>\n<p>&nbsp;<\/p>\n<p>&nbsp;<\/p>\n<p>&nbsp;<\/p>\n<p>&nbsp;<\/p>\n<p>&nbsp;<\/p>\n<p>&nbsp;<\/p>\n<p>&nbsp;<\/p>\n<p>&nbsp;<\/p>\n<p>&nbsp;<\/p>\n<p>&nbsp;<\/p>\n<p>&nbsp;<\/p>\n<p>&nbsp;<\/p>\n<p>&nbsp;<\/p>\n<p>&nbsp;<\/p>\n<p>&nbsp;<\/p>\n<p>&nbsp;<\/p>\n<p>&nbsp;<\/p>\n<p>&nbsp;<\/p>","protected":false},"excerpt":{"rendered":"<ul>\n<li>Num\u00e9ro d'article : LG-0183A<\/li>\n<li>Mat\u00e9riau :  Plastique<\/li>\n<li>Capacit\u00e9 : 9ml<\/li>\n<li>Taille : D22*H73mm<\/li>\n<li>Applications : Produits de beaut\u00e9<\/li>\n<li>MOQ : 10 000 pi\u00e8ces<\/li>\n<li>Couleur : couleur personnalis\u00e9e<\/li>\n<li>Traitement de surface : Injection\/matage\/m\u00e9tallisation\/vernissage UV<\/li>\n<li>Nom de marque : OEM\/ODM<\/li>\n<li>Logo : Logo du client<\/li>\n<li>Capacit\u00e9 de production : 100 000 pi\u00e8ces par mois<\/li>\n<li><\/li>\n<\/ul>","protected":false},"featured_media":7033,"template":"","meta":{"_acf_changed":false},"product_brand":[],"product_cat":[372],"product_tag":[388],"class_list":{"0":"post-7027","1":"product","2":"type-product","3":"status-publish","4":"has-post-thumbnail","6":"product_cat-lipgloss-tube","7":"product_tag-lip-gloss-tube","9":"first","10":"instock","11":"shipping-taxable","12":"product-type-simple"},"acf":[],"yoast_head":"<!-- This site is optimized with the Yoast SEO plugin v24.1 - https:\/\/yoast.com\/wordpress\/plugins\/seo\/ -->\n<title>Gradient Color Round Shape Empty Lip Gloss Tube Custom Logo<\/title>\n<meta name=\"description\" content=\"Alovey 9ml gradient empty lip gloss tube not only protects the product but also attracts consumers with its modern design and customization potential.\" \/>\n<meta name=\"robots\" content=\"index, follow, max-snippet:-1, max-image-preview:large, max-video-preview:-1\" \/>\n<link rel=\"canonical\" href=\"https:\/\/www.alovey.com\/fr\/produit\/9ml-cosmetics-packaging-for-gradient-color-round-shape-empty-lip-gloss-tube-custom-logo\/\" \/>\n<meta property=\"og:locale\" content=\"fr_FR\" \/>\n<meta property=\"og:type\" content=\"article\" \/>\n<meta property=\"og:title\" content=\"Gradient Color Round Shape Empty Lip Gloss Tube Custom Logo\" \/>\n<meta property=\"og:description\" content=\"Alovey 9ml gradient empty lip gloss tube not only protects the product but also attracts consumers with its modern design and customization potential.\" \/>\n<meta property=\"og:url\" content=\"https:\/\/www.alovey.com\/fr\/produit\/9ml-cosmetics-packaging-for-gradient-color-round-shape-empty-lip-gloss-tube-custom-logo\/\" \/>\n<meta property=\"og:site_name\" content=\"Best Cosmetic Packaging Manufacture\" \/>\n<meta property=\"article:modified_time\" content=\"2024-11-16T04:01:07+00:00\" \/>\n<meta property=\"og:image\" content=\"https:\/\/www.alovey.com\/wp-content\/uploads\/2024\/11\/9ml-Cosmetics-Packaging-For-Gradient-Color-Round-Shape-Empty-Lip-Gloss-Tube-Custom-Logo-3.jpg\" \/>\n\t<meta property=\"og:image:width\" content=\"750\" \/>\n\t<meta property=\"og:image:height\" content=\"750\" \/>\n\t<meta property=\"og:image:type\" content=\"image\/jpeg\" \/>\n<meta name=\"twitter:card\" content=\"summary_large_image\" \/>\n<meta name=\"twitter:label1\" content=\"Dur\u00e9e de lecture estim\u00e9e\" \/>\n\t<meta name=\"twitter:data1\" content=\"2 minutes\" \/>\n<script type=\"application\/ld+json\" class=\"yoast-schema-graph\">{\"@context\":\"https:\/\/schema.org\",\"@graph\":[{\"@type\":\"WebPage\",\"@id\":\"https:\/\/www.alovey.com\/product\/9ml-cosmetics-packaging-for-gradient-color-round-shape-empty-lip-gloss-tube-custom-logo\/\",\"url\":\"https:\/\/www.alovey.com\/product\/9ml-cosmetics-packaging-for-gradient-color-round-shape-empty-lip-gloss-tube-custom-logo\/\",\"name\":\"Gradient Color Round Shape Empty Lip Gloss Tube Custom Logo\",\"isPartOf\":{\"@id\":\"https:\/\/www.alovey.com\/#website\"},\"primaryImageOfPage\":{\"@id\":\"https:\/\/www.alovey.com\/product\/9ml-cosmetics-packaging-for-gradient-color-round-shape-empty-lip-gloss-tube-custom-logo\/#primaryimage\"},\"image\":{\"@id\":\"https:\/\/www.alovey.com\/product\/9ml-cosmetics-packaging-for-gradient-color-round-shape-empty-lip-gloss-tube-custom-logo\/#primaryimage\"},\"thumbnailUrl\":\"https:\/\/www.alovey.com\/wp-content\/uploads\/2024\/11\/9ml-Cosmetics-Packaging-For-Gradient-Color-Round-Shape-Empty-Lip-Gloss-Tube-Custom-Logo-3.jpg\",\"datePublished\":\"2024-11-04T09:56:27+00:00\",\"dateModified\":\"2024-11-16T04:01:07+00:00\",\"description\":\"Alovey 9ml gradient empty lip gloss tube not only protects the product but also attracts consumers with its modern design and customization potential.\",\"breadcrumb\":{\"@id\":\"https:\/\/www.alovey.com\/product\/9ml-cosmetics-packaging-for-gradient-color-round-shape-empty-lip-gloss-tube-custom-logo\/#breadcrumb\"},\"inLanguage\":\"fr-FR\",\"potentialAction\":[{\"@type\":\"ReadAction\",\"target\":[\"https:\/\/www.alovey.com\/product\/9ml-cosmetics-packaging-for-gradient-color-round-shape-empty-lip-gloss-tube-custom-logo\/\"]}]},{\"@type\":\"ImageObject\",\"inLanguage\":\"fr-FR\",\"@id\":\"https:\/\/www.alovey.com\/product\/9ml-cosmetics-packaging-for-gradient-color-round-shape-empty-lip-gloss-tube-custom-logo\/#primaryimage\",\"url\":\"https:\/\/www.alovey.com\/wp-content\/uploads\/2024\/11\/9ml-Cosmetics-Packaging-For-Gradient-Color-Round-Shape-Empty-Lip-Gloss-Tube-Custom-Logo-3.jpg\",\"contentUrl\":\"https:\/\/www.alovey.com\/wp-content\/uploads\/2024\/11\/9ml-Cosmetics-Packaging-For-Gradient-Color-Round-Shape-Empty-Lip-Gloss-Tube-Custom-Logo-3.jpg\",\"width\":750,\"height\":750,\"caption\":\"9ml Cosmetics Packaging For Gradient Color Round Shape Empty Lip Gloss Tube Custom Logo (6)\"},{\"@type\":\"BreadcrumbList\",\"@id\":\"https:\/\/www.alovey.com\/product\/9ml-cosmetics-packaging-for-gradient-color-round-shape-empty-lip-gloss-tube-custom-logo\/#breadcrumb\",\"itemListElement\":[{\"@type\":\"ListItem\",\"position\":1,\"name\":\"\u9996\u9875\",\"item\":\"https:\/\/www.alovey.com\/\"},{\"@type\":\"ListItem\",\"position\":2,\"name\":\"Products\",\"item\":\"https:\/\/www.alovey.com\/products\/\"},{\"@type\":\"ListItem\",\"position\":3,\"name\":\"9ml Cosmetics Packaging For Gradient Color Round Shape Empty Lip Gloss Tube Custom Logo\"}]},{\"@type\":\"WebSite\",\"@id\":\"https:\/\/www.alovey.com\/#website\",\"url\":\"https:\/\/www.alovey.com\/\",\"name\":\"Best Cosmetic Packaging Manufacture\",\"description\":\"Alovey Cosmetic Packaging Co.,Ltd\",\"publisher\":{\"@id\":\"https:\/\/www.alovey.com\/#organization\"},\"potentialAction\":[{\"@type\":\"SearchAction\",\"target\":{\"@type\":\"EntryPoint\",\"urlTemplate\":\"https:\/\/www.alovey.com\/?s={search_term_string}\"},\"query-input\":{\"@type\":\"PropertyValueSpecification\",\"valueRequired\":true,\"valueName\":\"search_term_string\"}}],\"inLanguage\":\"fr-FR\"},{\"@type\":\"Organization\",\"@id\":\"https:\/\/www.alovey.com\/#organization\",\"name\":\"Best Cosmetic Packaging Manufacture\",\"url\":\"https:\/\/www.alovey.com\/\",\"logo\":{\"@type\":\"ImageObject\",\"inLanguage\":\"fr-FR\",\"@id\":\"https:\/\/www.alovey.com\/#\/schema\/logo\/image\/\",\"url\":\"https:\/\/www.alovey.com\/wp-content\/uploads\/2023\/03\/logo.png\",\"contentUrl\":\"https:\/\/www.alovey.com\/wp-content\/uploads\/2023\/03\/logo.png\",\"width\":505,\"height\":180,\"caption\":\"Best  Cosmetic Packaging Manufacture\"},\"image\":{\"@id\":\"https:\/\/www.alovey.com\/#\/schema\/logo\/image\/\"}}]}<\/script>\n<!-- \/ Yoast SEO plugin. -->","yoast_head_json":{"title":"Gradient Color Round Shape Empty Lip Gloss Tube Custom Logo","description":"Alovey 9ml gradient empty lip gloss tube not only protects the product but also attracts consumers with its modern design and customization potential.","robots":{"index":"index","follow":"follow","max-snippet":"max-snippet:-1","max-image-preview":"max-image-preview:large","max-video-preview":"max-video-preview:-1"},"canonical":"https:\/\/www.alovey.com\/fr\/produit\/9ml-cosmetics-packaging-for-gradient-color-round-shape-empty-lip-gloss-tube-custom-logo\/","og_locale":"fr_FR","og_type":"article","og_title":"Gradient Color Round Shape Empty Lip Gloss Tube Custom Logo","og_description":"Alovey 9ml gradient empty lip gloss tube not only protects the product but also attracts consumers with its modern design and customization potential.","og_url":"https:\/\/www.alovey.com\/fr\/produit\/9ml-cosmetics-packaging-for-gradient-color-round-shape-empty-lip-gloss-tube-custom-logo\/","og_site_name":"Best Cosmetic Packaging Manufacture","article_modified_time":"2024-11-16T04:01:07+00:00","og_image":[{"width":750,"height":750,"url":"https:\/\/www.alovey.com\/wp-content\/uploads\/2024\/11\/9ml-Cosmetics-Packaging-For-Gradient-Color-Round-Shape-Empty-Lip-Gloss-Tube-Custom-Logo-3.jpg","type":"image\/jpeg"}],"twitter_card":"summary_large_image","twitter_misc":{"Dur\u00e9e de lecture estim\u00e9e":"2 minutes"},"schema":{"@context":"https:\/\/schema.org","@graph":[{"@type":"WebPage","@id":"https:\/\/www.alovey.com\/product\/9ml-cosmetics-packaging-for-gradient-color-round-shape-empty-lip-gloss-tube-custom-logo\/","url":"https:\/\/www.alovey.com\/product\/9ml-cosmetics-packaging-for-gradient-color-round-shape-empty-lip-gloss-tube-custom-logo\/","name":"Gradient Color Round Shape Empty Lip Gloss Tube Custom Logo","isPartOf":{"@id":"https:\/\/www.alovey.com\/#website"},"primaryImageOfPage":{"@id":"https:\/\/www.alovey.com\/product\/9ml-cosmetics-packaging-for-gradient-color-round-shape-empty-lip-gloss-tube-custom-logo\/#primaryimage"},"image":{"@id":"https:\/\/www.alovey.com\/product\/9ml-cosmetics-packaging-for-gradient-color-round-shape-empty-lip-gloss-tube-custom-logo\/#primaryimage"},"thumbnailUrl":"https:\/\/www.alovey.com\/wp-content\/uploads\/2024\/11\/9ml-Cosmetics-Packaging-For-Gradient-Color-Round-Shape-Empty-Lip-Gloss-Tube-Custom-Logo-3.jpg","datePublished":"2024-11-04T09:56:27+00:00","dateModified":"2024-11-16T04:01:07+00:00","description":"Alovey 9ml gradient empty lip gloss tube not only protects the product but also attracts consumers with its modern design and customization potential.","breadcrumb":{"@id":"https:\/\/www.alovey.com\/product\/9ml-cosmetics-packaging-for-gradient-color-round-shape-empty-lip-gloss-tube-custom-logo\/#breadcrumb"},"inLanguage":"fr-FR","potentialAction":[{"@type":"ReadAction","target":["https:\/\/www.alovey.com\/product\/9ml-cosmetics-packaging-for-gradient-color-round-shape-empty-lip-gloss-tube-custom-logo\/"]}]},{"@type":"ImageObject","inLanguage":"fr-FR","@id":"https:\/\/www.alovey.com\/product\/9ml-cosmetics-packaging-for-gradient-color-round-shape-empty-lip-gloss-tube-custom-logo\/#primaryimage","url":"https:\/\/www.alovey.com\/wp-content\/uploads\/2024\/11\/9ml-Cosmetics-Packaging-For-Gradient-Color-Round-Shape-Empty-Lip-Gloss-Tube-Custom-Logo-3.jpg","contentUrl":"https:\/\/www.alovey.com\/wp-content\/uploads\/2024\/11\/9ml-Cosmetics-Packaging-For-Gradient-Color-Round-Shape-Empty-Lip-Gloss-Tube-Custom-Logo-3.jpg","width":750,"height":750,"caption":"9ml Cosmetics Packaging For Gradient Color Round Shape Empty Lip Gloss Tube Custom Logo (6)"},{"@type":"BreadcrumbList","@id":"https:\/\/www.alovey.com\/product\/9ml-cosmetics-packaging-for-gradient-color-round-shape-empty-lip-gloss-tube-custom-logo\/#breadcrumb","itemListElement":[{"@type":"ListItem","position":1,"name":"\u9996\u9875","item":"https:\/\/www.alovey.com\/"},{"@type":"ListItem","position":2,"name":"Products","item":"https:\/\/www.alovey.com\/products\/"},{"@type":"ListItem","position":3,"name":"9ml Cosmetics Packaging For Gradient Color Round Shape Empty Lip Gloss Tube Custom Logo"}]},{"@type":"WebSite","@id":"https:\/\/www.alovey.com\/#website","url":"https:\/\/www.alovey.com\/","name":"Best Cosmetic Packaging Manufacture","description":"Alovey Cosmetic Packaging Co.,Ltd","publisher":{"@id":"https:\/\/www.alovey.com\/#organization"},"potentialAction":[{"@type":"SearchAction","target":{"@type":"EntryPoint","urlTemplate":"https:\/\/www.alovey.com\/?s={search_term_string}"},"query-input":{"@type":"PropertyValueSpecification","valueRequired":true,"valueName":"search_term_string"}}],"inLanguage":"fr-FR"},{"@type":"Organization","@id":"https:\/\/www.alovey.com\/#organization","name":"Best Cosmetic Packaging Manufacture","url":"https:\/\/www.alovey.com\/","logo":{"@type":"ImageObject","inLanguage":"fr-FR","@id":"https:\/\/www.alovey.com\/#\/schema\/logo\/image\/","url":"https:\/\/www.alovey.com\/wp-content\/uploads\/2023\/03\/logo.png","contentUrl":"https:\/\/www.alovey.com\/wp-content\/uploads\/2023\/03\/logo.png","width":505,"height":180,"caption":"Best  Cosmetic Packaging Manufacture"},"image":{"@id":"https:\/\/www.alovey.com\/#\/schema\/logo\/image\/"}}]}},"_links":{"self":[{"href":"https:\/\/www.alovey.com\/fr\/wp-json\/wp\/v2\/product\/7027"}],"collection":[{"href":"https:\/\/www.alovey.com\/fr\/wp-json\/wp\/v2\/product"}],"about":[{"href":"https:\/\/www.alovey.com\/fr\/wp-json\/wp\/v2\/types\/product"}],"wp:featuredmedia":[{"embeddable":true,"href":"https:\/\/www.alovey.com\/fr\/wp-json\/wp\/v2\/media\/7033"}],"wp:attachment":[{"href":"https:\/\/www.alovey.com\/fr\/wp-json\/wp\/v2\/media?parent=7027"}],"wp:term":[{"taxonomy":"product_brand","embeddable":true,"href":"https:\/\/www.alovey.com\/fr\/wp-json\/wp\/v2\/product_brand?post=7027"},{"taxonomy":"product_cat","embeddable":true,"href":"https:\/\/www.alovey.com\/fr\/wp-json\/wp\/v2\/product_cat?post=7027"},{"taxonomy":"product_tag","embeddable":true,"href":"https:\/\/www.alovey.com\/fr\/wp-json\/wp\/v2\/product_tag?post=7027"}],"curies":[{"name":"wp","href":"https:\/\/api.w.org\/{rel}","templated":true}]}}