{"id":6985,"date":"2024-11-02T08:00:30","date_gmt":"2024-11-02T08:00:30","guid":{"rendered":"https:\/\/alovey.com\/?post_type=product&#038;p=6985"},"modified":"2024-11-16T04:01:14","modified_gmt":"2024-11-16T04:01:14","slug":"factory-supply-refillable-compact-powder-case","status":"publish","type":"product","link":"https:\/\/www.alovey.com\/fr\/produit\/factory-supply-refillable-compact-powder-case\/","title":{"rendered":"Fourniture en usine d'un poudrier compact rechargeable"},"content":{"rendered":"<p><strong>This \u00a0refillable\u00a0\u00a0makeup compact made of gold metallic plastic is lightweight and is your choice of one of our pressed powder refills. This vintage-inspired compact is designed\u00a0with\u00a0a mirror and magnetic closure. Fill the compact by selecting any of our translucent powders, blush or highlighters listed below.<\/strong><\/p>\n<p><strong>Alovey, fabricant professionnel chinois d'emballages cosm\u00e9tiques, produit une gamme exquise d'emballages cosm\u00e9tiques personnalis\u00e9s, m\u00e9ticuleusement con\u00e7us pour rehausser votre marque. Notre s\u00e9lection vari\u00e9e de mat\u00e9riaux de premi\u00e8re qualit\u00e9, associ\u00e9e \u00e0 des techniques de finition de surface d\u00e9licates telles que la s\u00e9rigraphie, l'estampage \u00e0 chaud et la pulv\u00e9risation mate, fait de chaque emballage un chef-d'\u0153uvre unique.<\/strong><\/p>\n<p><img fetchpriority=\"high\" decoding=\"async\" class=\"alignnone size-full wp-image-6991\" src=\"https:\/\/alovey.com\/wp-content\/uploads\/2024\/11\/Factory-Supply-refillable-compact-powder-case-P-454A-4.jpg\" alt=\"Factory Supply refillable compact powder case P-0454A\" width=\"750\" height=\"750\" srcset=\"https:\/\/www.alovey.com\/wp-content\/uploads\/2024\/11\/Factory-Supply-refillable-compact-powder-case-P-454A-4.jpg 750w, https:\/\/www.alovey.com\/wp-content\/uploads\/2024\/11\/Factory-Supply-refillable-compact-powder-case-P-454A-4-300x300.jpg 300w, https:\/\/www.alovey.com\/wp-content\/uploads\/2024\/11\/Factory-Supply-refillable-compact-powder-case-P-454A-4-150x150.jpg 150w, https:\/\/www.alovey.com\/wp-content\/uploads\/2024\/11\/Factory-Supply-refillable-compact-powder-case-P-454A-4-600x600.jpg 600w, https:\/\/www.alovey.com\/wp-content\/uploads\/2024\/11\/Factory-Supply-refillable-compact-powder-case-P-454A-4-100x100.jpg 100w\" sizes=\"(max-width: 750px) 100vw, 750px\" \/><\/p>\n<p><img decoding=\"async\" class=\"size-full wp-image-7025\" src=\"https:\/\/alovey.com\/wp-content\/uploads\/2024\/11\/Factory-Supply-refillable-compact-powder-case-P-454A-9.jpg\" alt=\"Factory Supply refillable compact powder case P-454A (9)\" width=\"750\" height=\"750\" srcset=\"https:\/\/www.alovey.com\/wp-content\/uploads\/2024\/11\/Factory-Supply-refillable-compact-powder-case-P-454A-9.jpg 750w, https:\/\/www.alovey.com\/wp-content\/uploads\/2024\/11\/Factory-Supply-refillable-compact-powder-case-P-454A-9-300x300.jpg 300w, https:\/\/www.alovey.com\/wp-content\/uploads\/2024\/11\/Factory-Supply-refillable-compact-powder-case-P-454A-9-150x150.jpg 150w, https:\/\/www.alovey.com\/wp-content\/uploads\/2024\/11\/Factory-Supply-refillable-compact-powder-case-P-454A-9-600x600.jpg 600w, https:\/\/www.alovey.com\/wp-content\/uploads\/2024\/11\/Factory-Supply-refillable-compact-powder-case-P-454A-9-100x100.jpg 100w\" sizes=\"(max-width: 750px) 100vw, 750px\" \/><\/p>\n<p><img decoding=\"async\" class=\"alignnone size-large wp-image-7026\" src=\"https:\/\/alovey.com\/wp-content\/uploads\/2024\/11\/Factory-Supply-refillable-compact-powder-case-P-454A-10.jpg\" alt=\"\" width=\"750\" height=\"750\" srcset=\"https:\/\/www.alovey.com\/wp-content\/uploads\/2024\/11\/Factory-Supply-refillable-compact-powder-case-P-454A-10.jpg 750w, https:\/\/www.alovey.com\/wp-content\/uploads\/2024\/11\/Factory-Supply-refillable-compact-powder-case-P-454A-10-300x300.jpg 300w, https:\/\/www.alovey.com\/wp-content\/uploads\/2024\/11\/Factory-Supply-refillable-compact-powder-case-P-454A-10-150x150.jpg 150w, https:\/\/www.alovey.com\/wp-content\/uploads\/2024\/11\/Factory-Supply-refillable-compact-powder-case-P-454A-10-600x600.jpg 600w, https:\/\/www.alovey.com\/wp-content\/uploads\/2024\/11\/Factory-Supply-refillable-compact-powder-case-P-454A-10-100x100.jpg 100w\" sizes=\"(max-width: 750px) 100vw, 750px\" \/><\/p>\n<p><img decoding=\"async\" class=\"size-full wp-image-7025\" src=\"https:\/\/alovey.com\/wp-content\/uploads\/2024\/11\/Factory-Supply-refillable-compact-powder-case-P-454A-9.jpg\" alt=\"Factory Supply refillable compact powder case P-454A (9)\" width=\"750\" height=\"750\" srcset=\"https:\/\/www.alovey.com\/wp-content\/uploads\/2024\/11\/Factory-Supply-refillable-compact-powder-case-P-454A-9.jpg 750w, https:\/\/www.alovey.com\/wp-content\/uploads\/2024\/11\/Factory-Supply-refillable-compact-powder-case-P-454A-9-300x300.jpg 300w, https:\/\/www.alovey.com\/wp-content\/uploads\/2024\/11\/Factory-Supply-refillable-compact-powder-case-P-454A-9-150x150.jpg 150w, https:\/\/www.alovey.com\/wp-content\/uploads\/2024\/11\/Factory-Supply-refillable-compact-powder-case-P-454A-9-600x600.jpg 600w, https:\/\/www.alovey.com\/wp-content\/uploads\/2024\/11\/Factory-Supply-refillable-compact-powder-case-P-454A-9-100x100.jpg 100w\" sizes=\"(max-width: 750px) 100vw, 750px\" \/><\/p>\n<p><img loading=\"lazy\" decoding=\"async\" class=\"size-full wp-image-6989\" src=\"https:\/\/alovey.com\/wp-content\/uploads\/2024\/11\/Factory-Supply-refillable-compact-powder-case-P-454A-2.jpg\" alt=\"Factory Supply refillable compact powder case P-0454A\" width=\"750\" height=\"750\" srcset=\"https:\/\/www.alovey.com\/wp-content\/uploads\/2024\/11\/Factory-Supply-refillable-compact-powder-case-P-454A-2.jpg 750w, https:\/\/www.alovey.com\/wp-content\/uploads\/2024\/11\/Factory-Supply-refillable-compact-powder-case-P-454A-2-300x300.jpg 300w, https:\/\/www.alovey.com\/wp-content\/uploads\/2024\/11\/Factory-Supply-refillable-compact-powder-case-P-454A-2-150x150.jpg 150w, https:\/\/www.alovey.com\/wp-content\/uploads\/2024\/11\/Factory-Supply-refillable-compact-powder-case-P-454A-2-600x600.jpg 600w, https:\/\/www.alovey.com\/wp-content\/uploads\/2024\/11\/Factory-Supply-refillable-compact-powder-case-P-454A-2-100x100.jpg 100w\" sizes=\"(max-width: 750px) 100vw, 750px\" \/><\/p>\n<p>&nbsp;<\/p>\n<p>&nbsp;<\/p>\n<p><img loading=\"lazy\" decoding=\"async\" class=\"size-full wp-image-6986\" src=\"https:\/\/alovey.com\/wp-content\/uploads\/2024\/11\/Factory-Supply-refillable-compact-powder-case-P-454A-6.jpg\" alt=\"Factory Supply refillable compact powder case P-0454A\" width=\"750\" height=\"750\" srcset=\"https:\/\/www.alovey.com\/wp-content\/uploads\/2024\/11\/Factory-Supply-refillable-compact-powder-case-P-454A-6.jpg 750w, https:\/\/www.alovey.com\/wp-content\/uploads\/2024\/11\/Factory-Supply-refillable-compact-powder-case-P-454A-6-300x300.jpg 300w, https:\/\/www.alovey.com\/wp-content\/uploads\/2024\/11\/Factory-Supply-refillable-compact-powder-case-P-454A-6-150x150.jpg 150w, https:\/\/www.alovey.com\/wp-content\/uploads\/2024\/11\/Factory-Supply-refillable-compact-powder-case-P-454A-6-600x600.jpg 600w, https:\/\/www.alovey.com\/wp-content\/uploads\/2024\/11\/Factory-Supply-refillable-compact-powder-case-P-454A-6-100x100.jpg 100w\" sizes=\"(max-width: 750px) 100vw, 750px\" \/><\/p>\n<p>&nbsp;<\/p>\n<p>&nbsp;<\/p>\n<p>&nbsp;<\/p>\n<p>&nbsp;<\/p>\n<p>&nbsp;<\/p>\n<p>&nbsp;<\/p>\n<p>&nbsp;<\/p>\n<p>&nbsp;<\/p>\n<p>&nbsp;<\/p>\n<p>&nbsp;<\/p>\n<p>&nbsp;<\/p>\n<p>&nbsp;<\/p>\n<p>&nbsp;<\/p>\n<p>&nbsp;<\/p>\n<p>&nbsp;<\/p>\n<p>&nbsp;<\/p>\n<p>&nbsp;<\/p>\n<p>&nbsp;<\/p>\n<p>&nbsp;<\/p>\n<p>&nbsp;<\/p>\n<p>&nbsp;<\/p>\n<p>&nbsp;<\/p>\n<p>&nbsp;<\/p>\n<p>&nbsp;<\/p>\n<p>&nbsp;<\/p>\n<p>&nbsp;<\/p>\n<p>&nbsp;<\/p>\n<p>&nbsp;<\/p>\n<p>&nbsp;<\/p>","protected":false},"excerpt":{"rendered":"<ul>\n<li>Item No: P-0454A<\/li>\n<li>Mat\u00e9riau :  Plastique<\/li>\n<li>Size:\u00a0L72*W72*H16MM \uff0853.5MM\uff09<\/li>\n<li>Applications : Produits de beaut\u00e9<\/li>\n<li>MOQ : 10 000 pi\u00e8ces<\/li>\n<li>Couleur : couleur personnalis\u00e9e<\/li>\n<li>Traitement de surface : Injection\/matage\/m\u00e9tallisation\/vernissage UV<\/li>\n<li>Nom de marque : OEM\/ODM<\/li>\n<li>Logo : Logo du client<\/li>\n<li>Capacit\u00e9 de production : 100 000 pi\u00e8ces par mois<\/li>\n<\/ul>","protected":false},"featured_media":6987,"template":"","meta":{"_acf_changed":false},"product_brand":[],"product_cat":[380],"product_tag":[387],"class_list":{"0":"post-6985","1":"product","2":"type-product","3":"status-publish","4":"has-post-thumbnail","6":"product_cat-cosmetic-compact-powder-cases","7":"product_tag-compact-powder-case","9":"first","10":"instock","11":"shipping-taxable","12":"product-type-simple"},"acf":[],"yoast_head":"<!-- This site is optimized with the Yoast SEO plugin v24.1 - https:\/\/yoast.com\/wordpress\/plugins\/seo\/ -->\n<title>Factory Supply refillable compact powder case P-0454A<\/title>\n<meta name=\"description\" content=\"This refillable makeup compact made of gold metallic plastic is lightweight and is your choice of one of our pressed powder refills.\" \/>\n<meta name=\"robots\" content=\"index, follow, max-snippet:-1, max-image-preview:large, max-video-preview:-1\" \/>\n<link rel=\"canonical\" href=\"https:\/\/www.alovey.com\/fr\/produit\/factory-supply-refillable-compact-powder-case\/\" \/>\n<meta property=\"og:locale\" content=\"fr_FR\" \/>\n<meta property=\"og:type\" content=\"article\" \/>\n<meta property=\"og:title\" content=\"Factory Supply refillable compact powder case P-0454A\" \/>\n<meta property=\"og:description\" content=\"This refillable makeup compact made of gold metallic plastic is lightweight and is your choice of one of our pressed powder refills.\" \/>\n<meta property=\"og:url\" content=\"https:\/\/www.alovey.com\/fr\/produit\/factory-supply-refillable-compact-powder-case\/\" \/>\n<meta property=\"og:site_name\" content=\"Best Cosmetic Packaging Manufacture\" \/>\n<meta property=\"article:modified_time\" content=\"2024-11-16T04:01:14+00:00\" \/>\n<meta property=\"og:image\" content=\"https:\/\/www.alovey.com\/wp-content\/uploads\/2024\/11\/Factory-Supply-refillable-compact-powder-case-P-454A-1.jpg\" \/>\n\t<meta property=\"og:image:width\" content=\"750\" \/>\n\t<meta property=\"og:image:height\" content=\"750\" \/>\n\t<meta property=\"og:image:type\" content=\"image\/jpeg\" \/>\n<meta name=\"twitter:card\" content=\"summary_large_image\" \/>\n<meta name=\"twitter:label1\" content=\"Dur\u00e9e de lecture estim\u00e9e\" \/>\n\t<meta name=\"twitter:data1\" content=\"2 minutes\" \/>\n<script type=\"application\/ld+json\" class=\"yoast-schema-graph\">{\"@context\":\"https:\/\/schema.org\",\"@graph\":[{\"@type\":\"WebPage\",\"@id\":\"https:\/\/www.alovey.com\/product\/factory-supply-refillable-compact-powder-case\/\",\"url\":\"https:\/\/www.alovey.com\/product\/factory-supply-refillable-compact-powder-case\/\",\"name\":\"Factory Supply refillable compact powder case P-0454A\",\"isPartOf\":{\"@id\":\"https:\/\/www.alovey.com\/#website\"},\"primaryImageOfPage\":{\"@id\":\"https:\/\/www.alovey.com\/product\/factory-supply-refillable-compact-powder-case\/#primaryimage\"},\"image\":{\"@id\":\"https:\/\/www.alovey.com\/product\/factory-supply-refillable-compact-powder-case\/#primaryimage\"},\"thumbnailUrl\":\"https:\/\/www.alovey.com\/wp-content\/uploads\/2024\/11\/Factory-Supply-refillable-compact-powder-case-P-454A-1.jpg\",\"datePublished\":\"2024-11-02T08:00:30+00:00\",\"dateModified\":\"2024-11-16T04:01:14+00:00\",\"description\":\"This refillable makeup compact made of gold metallic plastic is lightweight and is your choice of one of our pressed powder refills.\",\"breadcrumb\":{\"@id\":\"https:\/\/www.alovey.com\/product\/factory-supply-refillable-compact-powder-case\/#breadcrumb\"},\"inLanguage\":\"fr-FR\",\"potentialAction\":[{\"@type\":\"ReadAction\",\"target\":[\"https:\/\/www.alovey.com\/product\/factory-supply-refillable-compact-powder-case\/\"]}]},{\"@type\":\"ImageObject\",\"inLanguage\":\"fr-FR\",\"@id\":\"https:\/\/www.alovey.com\/product\/factory-supply-refillable-compact-powder-case\/#primaryimage\",\"url\":\"https:\/\/www.alovey.com\/wp-content\/uploads\/2024\/11\/Factory-Supply-refillable-compact-powder-case-P-454A-1.jpg\",\"contentUrl\":\"https:\/\/www.alovey.com\/wp-content\/uploads\/2024\/11\/Factory-Supply-refillable-compact-powder-case-P-454A-1.jpg\",\"width\":750,\"height\":750,\"caption\":\"Factory Supply refillable compact powder case P-0454A\"},{\"@type\":\"BreadcrumbList\",\"@id\":\"https:\/\/www.alovey.com\/product\/factory-supply-refillable-compact-powder-case\/#breadcrumb\",\"itemListElement\":[{\"@type\":\"ListItem\",\"position\":1,\"name\":\"\u9996\u9875\",\"item\":\"https:\/\/www.alovey.com\/\"},{\"@type\":\"ListItem\",\"position\":2,\"name\":\"Products\",\"item\":\"https:\/\/www.alovey.com\/products\/\"},{\"@type\":\"ListItem\",\"position\":3,\"name\":\"Factory Supply refillable compact powder case\"}]},{\"@type\":\"WebSite\",\"@id\":\"https:\/\/www.alovey.com\/#website\",\"url\":\"https:\/\/www.alovey.com\/\",\"name\":\"Best Cosmetic Packaging Manufacture\",\"description\":\"Alovey Cosmetic Packaging Co.,Ltd\",\"publisher\":{\"@id\":\"https:\/\/www.alovey.com\/#organization\"},\"potentialAction\":[{\"@type\":\"SearchAction\",\"target\":{\"@type\":\"EntryPoint\",\"urlTemplate\":\"https:\/\/www.alovey.com\/?s={search_term_string}\"},\"query-input\":{\"@type\":\"PropertyValueSpecification\",\"valueRequired\":true,\"valueName\":\"search_term_string\"}}],\"inLanguage\":\"fr-FR\"},{\"@type\":\"Organization\",\"@id\":\"https:\/\/www.alovey.com\/#organization\",\"name\":\"Best Cosmetic Packaging Manufacture\",\"url\":\"https:\/\/www.alovey.com\/\",\"logo\":{\"@type\":\"ImageObject\",\"inLanguage\":\"fr-FR\",\"@id\":\"https:\/\/www.alovey.com\/#\/schema\/logo\/image\/\",\"url\":\"https:\/\/www.alovey.com\/wp-content\/uploads\/2023\/03\/logo.png\",\"contentUrl\":\"https:\/\/www.alovey.com\/wp-content\/uploads\/2023\/03\/logo.png\",\"width\":505,\"height\":180,\"caption\":\"Best  Cosmetic Packaging Manufacture\"},\"image\":{\"@id\":\"https:\/\/www.alovey.com\/#\/schema\/logo\/image\/\"}}]}<\/script>\n<!-- \/ Yoast SEO plugin. -->","yoast_head_json":{"title":"Factory Supply refillable compact powder case P-0454A","description":"This refillable makeup compact made of gold metallic plastic is lightweight and is your choice of one of our pressed powder refills.","robots":{"index":"index","follow":"follow","max-snippet":"max-snippet:-1","max-image-preview":"max-image-preview:large","max-video-preview":"max-video-preview:-1"},"canonical":"https:\/\/www.alovey.com\/fr\/produit\/factory-supply-refillable-compact-powder-case\/","og_locale":"fr_FR","og_type":"article","og_title":"Factory Supply refillable compact powder case P-0454A","og_description":"This refillable makeup compact made of gold metallic plastic is lightweight and is your choice of one of our pressed powder refills.","og_url":"https:\/\/www.alovey.com\/fr\/produit\/factory-supply-refillable-compact-powder-case\/","og_site_name":"Best Cosmetic Packaging Manufacture","article_modified_time":"2024-11-16T04:01:14+00:00","og_image":[{"width":750,"height":750,"url":"https:\/\/www.alovey.com\/wp-content\/uploads\/2024\/11\/Factory-Supply-refillable-compact-powder-case-P-454A-1.jpg","type":"image\/jpeg"}],"twitter_card":"summary_large_image","twitter_misc":{"Dur\u00e9e de lecture estim\u00e9e":"2 minutes"},"schema":{"@context":"https:\/\/schema.org","@graph":[{"@type":"WebPage","@id":"https:\/\/www.alovey.com\/product\/factory-supply-refillable-compact-powder-case\/","url":"https:\/\/www.alovey.com\/product\/factory-supply-refillable-compact-powder-case\/","name":"Factory Supply refillable compact powder case P-0454A","isPartOf":{"@id":"https:\/\/www.alovey.com\/#website"},"primaryImageOfPage":{"@id":"https:\/\/www.alovey.com\/product\/factory-supply-refillable-compact-powder-case\/#primaryimage"},"image":{"@id":"https:\/\/www.alovey.com\/product\/factory-supply-refillable-compact-powder-case\/#primaryimage"},"thumbnailUrl":"https:\/\/www.alovey.com\/wp-content\/uploads\/2024\/11\/Factory-Supply-refillable-compact-powder-case-P-454A-1.jpg","datePublished":"2024-11-02T08:00:30+00:00","dateModified":"2024-11-16T04:01:14+00:00","description":"This refillable makeup compact made of gold metallic plastic is lightweight and is your choice of one of our pressed powder refills.","breadcrumb":{"@id":"https:\/\/www.alovey.com\/product\/factory-supply-refillable-compact-powder-case\/#breadcrumb"},"inLanguage":"fr-FR","potentialAction":[{"@type":"ReadAction","target":["https:\/\/www.alovey.com\/product\/factory-supply-refillable-compact-powder-case\/"]}]},{"@type":"ImageObject","inLanguage":"fr-FR","@id":"https:\/\/www.alovey.com\/product\/factory-supply-refillable-compact-powder-case\/#primaryimage","url":"https:\/\/www.alovey.com\/wp-content\/uploads\/2024\/11\/Factory-Supply-refillable-compact-powder-case-P-454A-1.jpg","contentUrl":"https:\/\/www.alovey.com\/wp-content\/uploads\/2024\/11\/Factory-Supply-refillable-compact-powder-case-P-454A-1.jpg","width":750,"height":750,"caption":"Factory Supply refillable compact powder case P-0454A"},{"@type":"BreadcrumbList","@id":"https:\/\/www.alovey.com\/product\/factory-supply-refillable-compact-powder-case\/#breadcrumb","itemListElement":[{"@type":"ListItem","position":1,"name":"\u9996\u9875","item":"https:\/\/www.alovey.com\/"},{"@type":"ListItem","position":2,"name":"Products","item":"https:\/\/www.alovey.com\/products\/"},{"@type":"ListItem","position":3,"name":"Factory Supply refillable compact powder case"}]},{"@type":"WebSite","@id":"https:\/\/www.alovey.com\/#website","url":"https:\/\/www.alovey.com\/","name":"Best Cosmetic Packaging Manufacture","description":"Alovey Cosmetic Packaging Co.,Ltd","publisher":{"@id":"https:\/\/www.alovey.com\/#organization"},"potentialAction":[{"@type":"SearchAction","target":{"@type":"EntryPoint","urlTemplate":"https:\/\/www.alovey.com\/?s={search_term_string}"},"query-input":{"@type":"PropertyValueSpecification","valueRequired":true,"valueName":"search_term_string"}}],"inLanguage":"fr-FR"},{"@type":"Organization","@id":"https:\/\/www.alovey.com\/#organization","name":"Best Cosmetic Packaging Manufacture","url":"https:\/\/www.alovey.com\/","logo":{"@type":"ImageObject","inLanguage":"fr-FR","@id":"https:\/\/www.alovey.com\/#\/schema\/logo\/image\/","url":"https:\/\/www.alovey.com\/wp-content\/uploads\/2023\/03\/logo.png","contentUrl":"https:\/\/www.alovey.com\/wp-content\/uploads\/2023\/03\/logo.png","width":505,"height":180,"caption":"Best  Cosmetic Packaging Manufacture"},"image":{"@id":"https:\/\/www.alovey.com\/#\/schema\/logo\/image\/"}}]}},"_links":{"self":[{"href":"https:\/\/www.alovey.com\/fr\/wp-json\/wp\/v2\/product\/6985"}],"collection":[{"href":"https:\/\/www.alovey.com\/fr\/wp-json\/wp\/v2\/product"}],"about":[{"href":"https:\/\/www.alovey.com\/fr\/wp-json\/wp\/v2\/types\/product"}],"wp:featuredmedia":[{"embeddable":true,"href":"https:\/\/www.alovey.com\/fr\/wp-json\/wp\/v2\/media\/6987"}],"wp:attachment":[{"href":"https:\/\/www.alovey.com\/fr\/wp-json\/wp\/v2\/media?parent=6985"}],"wp:term":[{"taxonomy":"product_brand","embeddable":true,"href":"https:\/\/www.alovey.com\/fr\/wp-json\/wp\/v2\/product_brand?post=6985"},{"taxonomy":"product_cat","embeddable":true,"href":"https:\/\/www.alovey.com\/fr\/wp-json\/wp\/v2\/product_cat?post=6985"},{"taxonomy":"product_tag","embeddable":true,"href":"https:\/\/www.alovey.com\/fr\/wp-json\/wp\/v2\/product_tag?post=6985"}],"curies":[{"name":"wp","href":"https:\/\/api.w.org\/{rel}","templated":true}]}}