{"id":6977,"date":"2024-11-02T07:46:42","date_gmt":"2024-11-02T07:46:42","guid":{"rendered":"https:\/\/alovey.com\/?post_type=product&#038;p=6977"},"modified":"2024-11-16T04:00:01","modified_gmt":"2024-11-16T04:00:01","slug":"matte-black-square-lip-balm-tube","status":"publish","type":"product","link":"https:\/\/www.alovey.com\/fr\/produit\/matte-black-square-lip-balm-tube\/","title":{"rendered":"Matte black square lip balm tube"},"content":{"rendered":"<p><strong>This\u00a0cosmetic tube\u00a0features a sophisticated matte\u00a0black cap make your lip balm to stand out in a crowd. Try these attractive lip balm tubes today,\u00a0 your customers are sure to remember your brands.<\/strong><\/p>\n<p><strong>Alovey, fabricant professionnel chinois d'emballages cosm\u00e9tiques, produit une gamme exquise d'emballages cosm\u00e9tiques personnalis\u00e9s, m\u00e9ticuleusement con\u00e7us pour rehausser votre marque. Notre s\u00e9lection vari\u00e9e de mat\u00e9riaux de premi\u00e8re qualit\u00e9, associ\u00e9e \u00e0 des techniques de finition de surface d\u00e9licates telles que la s\u00e9rigraphie, l'estampage \u00e0 chaud et la pulv\u00e9risation mate, fait de chaque emballage un chef-d'\u0153uvre unique.<\/strong><\/p>\n<p><img fetchpriority=\"high\" decoding=\"async\" class=\"size-full wp-image-6979\" src=\"https:\/\/alovey.com\/wp-content\/uploads\/2024\/11\/Matte-black-color-square-lip-balm-tube-3.jpg\" alt=\"Matte black square lip balm tube-LB0060A\" width=\"750\" height=\"750\" srcset=\"https:\/\/www.alovey.com\/wp-content\/uploads\/2024\/11\/Matte-black-color-square-lip-balm-tube-3.jpg 750w, https:\/\/www.alovey.com\/wp-content\/uploads\/2024\/11\/Matte-black-color-square-lip-balm-tube-3-300x300.jpg 300w, https:\/\/www.alovey.com\/wp-content\/uploads\/2024\/11\/Matte-black-color-square-lip-balm-tube-3-150x150.jpg 150w, https:\/\/www.alovey.com\/wp-content\/uploads\/2024\/11\/Matte-black-color-square-lip-balm-tube-3-600x600.jpg 600w, https:\/\/www.alovey.com\/wp-content\/uploads\/2024\/11\/Matte-black-color-square-lip-balm-tube-3-100x100.jpg 100w\" sizes=\"(max-width: 750px) 100vw, 750px\" \/><\/p>\n<p><img decoding=\"async\" class=\"size-full wp-image-6980\" src=\"https:\/\/alovey.com\/wp-content\/uploads\/2024\/11\/Matte-black-color-square-lip-balm-tube-4.jpg\" alt=\"Matte black square lip balm tube-LB0060A\" width=\"750\" height=\"750\" srcset=\"https:\/\/www.alovey.com\/wp-content\/uploads\/2024\/11\/Matte-black-color-square-lip-balm-tube-4.jpg 750w, https:\/\/www.alovey.com\/wp-content\/uploads\/2024\/11\/Matte-black-color-square-lip-balm-tube-4-300x300.jpg 300w, https:\/\/www.alovey.com\/wp-content\/uploads\/2024\/11\/Matte-black-color-square-lip-balm-tube-4-150x150.jpg 150w, https:\/\/www.alovey.com\/wp-content\/uploads\/2024\/11\/Matte-black-color-square-lip-balm-tube-4-600x600.jpg 600w, https:\/\/www.alovey.com\/wp-content\/uploads\/2024\/11\/Matte-black-color-square-lip-balm-tube-4-100x100.jpg 100w\" sizes=\"(max-width: 750px) 100vw, 750px\" \/><\/p>\n<p><img decoding=\"async\" class=\"size-full wp-image-6981\" src=\"https:\/\/alovey.com\/wp-content\/uploads\/2024\/11\/Matte-black-color-square-lip-balm-tube-5.jpg\" alt=\"Matte black square lip balm tube-LB0060A\" width=\"750\" height=\"750\" srcset=\"https:\/\/www.alovey.com\/wp-content\/uploads\/2024\/11\/Matte-black-color-square-lip-balm-tube-5.jpg 750w, https:\/\/www.alovey.com\/wp-content\/uploads\/2024\/11\/Matte-black-color-square-lip-balm-tube-5-300x300.jpg 300w, https:\/\/www.alovey.com\/wp-content\/uploads\/2024\/11\/Matte-black-color-square-lip-balm-tube-5-150x150.jpg 150w, https:\/\/www.alovey.com\/wp-content\/uploads\/2024\/11\/Matte-black-color-square-lip-balm-tube-5-600x600.jpg 600w, https:\/\/www.alovey.com\/wp-content\/uploads\/2024\/11\/Matte-black-color-square-lip-balm-tube-5-100x100.jpg 100w\" sizes=\"(max-width: 750px) 100vw, 750px\" \/><\/p>\n<p><img loading=\"lazy\" decoding=\"async\" class=\"size-full wp-image-6983\" src=\"https:\/\/alovey.com\/wp-content\/uploads\/2024\/11\/Matte-black-color-square-lip-balm-tube-1.jpg\" alt=\"Matte black square lip balm tube-LB0060A\" width=\"750\" height=\"750\" srcset=\"https:\/\/www.alovey.com\/wp-content\/uploads\/2024\/11\/Matte-black-color-square-lip-balm-tube-1.jpg 750w, https:\/\/www.alovey.com\/wp-content\/uploads\/2024\/11\/Matte-black-color-square-lip-balm-tube-1-300x300.jpg 300w, https:\/\/www.alovey.com\/wp-content\/uploads\/2024\/11\/Matte-black-color-square-lip-balm-tube-1-150x150.jpg 150w, https:\/\/www.alovey.com\/wp-content\/uploads\/2024\/11\/Matte-black-color-square-lip-balm-tube-1-600x600.jpg 600w, https:\/\/www.alovey.com\/wp-content\/uploads\/2024\/11\/Matte-black-color-square-lip-balm-tube-1-100x100.jpg 100w\" sizes=\"(max-width: 750px) 100vw, 750px\" \/><\/p>\n<p><img loading=\"lazy\" decoding=\"async\" class=\"size-full wp-image-6978\" src=\"https:\/\/alovey.com\/wp-content\/uploads\/2024\/11\/Matte-black-color-square-lip-balm-tube-2.jpg\" alt=\"Matte black square lip balm tube-LB0060A\" width=\"750\" height=\"750\" srcset=\"https:\/\/www.alovey.com\/wp-content\/uploads\/2024\/11\/Matte-black-color-square-lip-balm-tube-2.jpg 750w, https:\/\/www.alovey.com\/wp-content\/uploads\/2024\/11\/Matte-black-color-square-lip-balm-tube-2-300x300.jpg 300w, https:\/\/www.alovey.com\/wp-content\/uploads\/2024\/11\/Matte-black-color-square-lip-balm-tube-2-150x150.jpg 150w, https:\/\/www.alovey.com\/wp-content\/uploads\/2024\/11\/Matte-black-color-square-lip-balm-tube-2-600x600.jpg 600w, https:\/\/www.alovey.com\/wp-content\/uploads\/2024\/11\/Matte-black-color-square-lip-balm-tube-2-100x100.jpg 100w\" sizes=\"(max-width: 750px) 100vw, 750px\" \/><\/p>\n<p><img loading=\"lazy\" decoding=\"async\" class=\"size-full wp-image-6982\" src=\"https:\/\/alovey.com\/wp-content\/uploads\/2024\/11\/Matte-black-color-square-lip-balm-tube-6.jpg\" alt=\"Matte black square lip balm tube-LB0060A\" width=\"750\" height=\"750\" srcset=\"https:\/\/www.alovey.com\/wp-content\/uploads\/2024\/11\/Matte-black-color-square-lip-balm-tube-6.jpg 750w, https:\/\/www.alovey.com\/wp-content\/uploads\/2024\/11\/Matte-black-color-square-lip-balm-tube-6-300x300.jpg 300w, https:\/\/www.alovey.com\/wp-content\/uploads\/2024\/11\/Matte-black-color-square-lip-balm-tube-6-150x150.jpg 150w, https:\/\/www.alovey.com\/wp-content\/uploads\/2024\/11\/Matte-black-color-square-lip-balm-tube-6-600x600.jpg 600w, https:\/\/www.alovey.com\/wp-content\/uploads\/2024\/11\/Matte-black-color-square-lip-balm-tube-6-100x100.jpg 100w\" sizes=\"(max-width: 750px) 100vw, 750px\" \/><\/p>\n<p>&nbsp;<\/p>\n<p>&nbsp;<\/p>\n<p>&nbsp;<\/p>\n<p>&nbsp;<\/p>\n<p>&nbsp;<\/p>\n<p>&nbsp;<\/p>\n<p>&nbsp;<\/p>\n<p>&nbsp;<\/p>\n<p>&nbsp;<\/p>\n<p>&nbsp;<\/p>\n<p>&nbsp;<\/p>\n<p>&nbsp;<\/p>\n<p>&nbsp;<\/p>\n<p>&nbsp;<\/p>\n<p>&nbsp;<\/p>\n<p>&nbsp;<\/p>\n<p>&nbsp;<\/p>\n<p>&nbsp;<\/p>\n<p>&nbsp;<\/p>\n<p>&nbsp;<\/p>\n<p>&nbsp;<\/p>\n<p>&nbsp;<\/p>\n<p>&nbsp;<\/p>\n<p>&nbsp;<\/p>","protected":false},"excerpt":{"rendered":"<ul>\n<li>Item No: LB-0060A<\/li>\n<li>Mat\u00e9riau :  Plastique<\/li>\n<li>Size:\u00a0W17.5*H82.5mm<\/li>\n<li>Applications : Produits de beaut\u00e9<\/li>\n<li>MOQ : 10 000 pi\u00e8ces<\/li>\n<li>Couleur : couleur personnalis\u00e9e<\/li>\n<li>Traitement de surface : Injection\/matage\/m\u00e9tallisation\/vernissage UV<\/li>\n<li>Nom de marque : OEM\/ODM<\/li>\n<li>Logo : Logo du client<\/li>\n<li>Capacit\u00e9 de production : 100 000 pi\u00e8ces par mois<\/li>\n<\/ul>","protected":false},"featured_media":6978,"template":"","meta":{"_acf_changed":false},"product_brand":[],"product_cat":[374],"product_tag":[384],"class_list":{"0":"post-6977","1":"product","2":"type-product","3":"status-publish","4":"has-post-thumbnail","6":"product_cat-china-professional-lip-balm-tube-manufacture","7":"product_tag-lip-balm-tube","9":"first","10":"instock","11":"shipping-taxable","12":"product-type-simple"},"acf":[],"yoast_head":"<!-- This site is optimized with the Yoast SEO plugin v24.1 - https:\/\/yoast.com\/wordpress\/plugins\/seo\/ -->\n<title>Matte black square lip balm tube-LB0060A<\/title>\n<meta name=\"description\" content=\"This\u00a0square matte black lip bam tube\u00a0features a sophisticated matte\u00a0black cap make your lip balm to stand out in a crowd.\" \/>\n<meta name=\"robots\" content=\"index, follow, max-snippet:-1, max-image-preview:large, max-video-preview:-1\" \/>\n<link rel=\"canonical\" href=\"https:\/\/www.alovey.com\/fr\/produit\/matte-black-square-lip-balm-tube\/\" \/>\n<meta property=\"og:locale\" content=\"fr_FR\" \/>\n<meta property=\"og:type\" content=\"article\" \/>\n<meta property=\"og:title\" content=\"Matte black square lip balm tube-LB0060A\" \/>\n<meta property=\"og:description\" content=\"This\u00a0square matte black lip bam tube\u00a0features a sophisticated matte\u00a0black cap make your lip balm to stand out in a crowd.\" \/>\n<meta property=\"og:url\" content=\"https:\/\/www.alovey.com\/fr\/produit\/matte-black-square-lip-balm-tube\/\" \/>\n<meta property=\"og:site_name\" content=\"Best Cosmetic Packaging Manufacture\" \/>\n<meta property=\"article:modified_time\" content=\"2024-11-16T04:00:01+00:00\" \/>\n<meta property=\"og:image\" content=\"https:\/\/www.alovey.com\/wp-content\/uploads\/2024\/11\/Matte-black-color-square-lip-balm-tube-2.jpg\" \/>\n\t<meta property=\"og:image:width\" content=\"750\" \/>\n\t<meta property=\"og:image:height\" content=\"750\" \/>\n\t<meta property=\"og:image:type\" content=\"image\/jpeg\" \/>\n<meta name=\"twitter:card\" content=\"summary_large_image\" \/>\n<meta name=\"twitter:label1\" content=\"Dur\u00e9e de lecture estim\u00e9e\" \/>\n\t<meta name=\"twitter:data1\" content=\"2 minutes\" \/>\n<script type=\"application\/ld+json\" class=\"yoast-schema-graph\">{\"@context\":\"https:\/\/schema.org\",\"@graph\":[{\"@type\":\"WebPage\",\"@id\":\"https:\/\/www.alovey.com\/product\/matte-black-square-lip-balm-tube\/\",\"url\":\"https:\/\/www.alovey.com\/product\/matte-black-square-lip-balm-tube\/\",\"name\":\"Matte black square lip balm tube-LB0060A\",\"isPartOf\":{\"@id\":\"https:\/\/www.alovey.com\/#website\"},\"primaryImageOfPage\":{\"@id\":\"https:\/\/www.alovey.com\/product\/matte-black-square-lip-balm-tube\/#primaryimage\"},\"image\":{\"@id\":\"https:\/\/www.alovey.com\/product\/matte-black-square-lip-balm-tube\/#primaryimage\"},\"thumbnailUrl\":\"https:\/\/www.alovey.com\/wp-content\/uploads\/2024\/11\/Matte-black-color-square-lip-balm-tube-2.jpg\",\"datePublished\":\"2024-11-02T07:46:42+00:00\",\"dateModified\":\"2024-11-16T04:00:01+00:00\",\"description\":\"This\u00a0square matte black lip bam tube\u00a0features a sophisticated matte\u00a0black cap make your lip balm to stand out in a crowd.\",\"breadcrumb\":{\"@id\":\"https:\/\/www.alovey.com\/product\/matte-black-square-lip-balm-tube\/#breadcrumb\"},\"inLanguage\":\"fr-FR\",\"potentialAction\":[{\"@type\":\"ReadAction\",\"target\":[\"https:\/\/www.alovey.com\/product\/matte-black-square-lip-balm-tube\/\"]}]},{\"@type\":\"ImageObject\",\"inLanguage\":\"fr-FR\",\"@id\":\"https:\/\/www.alovey.com\/product\/matte-black-square-lip-balm-tube\/#primaryimage\",\"url\":\"https:\/\/www.alovey.com\/wp-content\/uploads\/2024\/11\/Matte-black-color-square-lip-balm-tube-2.jpg\",\"contentUrl\":\"https:\/\/www.alovey.com\/wp-content\/uploads\/2024\/11\/Matte-black-color-square-lip-balm-tube-2.jpg\",\"width\":750,\"height\":750,\"caption\":\"Matte black square lip balm tube-LB0060A\"},{\"@type\":\"BreadcrumbList\",\"@id\":\"https:\/\/www.alovey.com\/product\/matte-black-square-lip-balm-tube\/#breadcrumb\",\"itemListElement\":[{\"@type\":\"ListItem\",\"position\":1,\"name\":\"\u9996\u9875\",\"item\":\"https:\/\/www.alovey.com\/\"},{\"@type\":\"ListItem\",\"position\":2,\"name\":\"Products\",\"item\":\"https:\/\/www.alovey.com\/products\/\"},{\"@type\":\"ListItem\",\"position\":3,\"name\":\"Matte black square lip balm tube\"}]},{\"@type\":\"WebSite\",\"@id\":\"https:\/\/www.alovey.com\/#website\",\"url\":\"https:\/\/www.alovey.com\/\",\"name\":\"Best Cosmetic Packaging Manufacture\",\"description\":\"Alovey Cosmetic Packaging Co.,Ltd\",\"publisher\":{\"@id\":\"https:\/\/www.alovey.com\/#organization\"},\"potentialAction\":[{\"@type\":\"SearchAction\",\"target\":{\"@type\":\"EntryPoint\",\"urlTemplate\":\"https:\/\/www.alovey.com\/?s={search_term_string}\"},\"query-input\":{\"@type\":\"PropertyValueSpecification\",\"valueRequired\":true,\"valueName\":\"search_term_string\"}}],\"inLanguage\":\"fr-FR\"},{\"@type\":\"Organization\",\"@id\":\"https:\/\/www.alovey.com\/#organization\",\"name\":\"Best Cosmetic Packaging Manufacture\",\"url\":\"https:\/\/www.alovey.com\/\",\"logo\":{\"@type\":\"ImageObject\",\"inLanguage\":\"fr-FR\",\"@id\":\"https:\/\/www.alovey.com\/#\/schema\/logo\/image\/\",\"url\":\"https:\/\/www.alovey.com\/wp-content\/uploads\/2023\/03\/logo.png\",\"contentUrl\":\"https:\/\/www.alovey.com\/wp-content\/uploads\/2023\/03\/logo.png\",\"width\":505,\"height\":180,\"caption\":\"Best  Cosmetic Packaging Manufacture\"},\"image\":{\"@id\":\"https:\/\/www.alovey.com\/#\/schema\/logo\/image\/\"}}]}<\/script>\n<!-- \/ Yoast SEO plugin. -->","yoast_head_json":{"title":"Matte black square lip balm tube-LB0060A","description":"This\u00a0square matte black lip bam tube\u00a0features a sophisticated matte\u00a0black cap make your lip balm to stand out in a crowd.","robots":{"index":"index","follow":"follow","max-snippet":"max-snippet:-1","max-image-preview":"max-image-preview:large","max-video-preview":"max-video-preview:-1"},"canonical":"https:\/\/www.alovey.com\/fr\/produit\/matte-black-square-lip-balm-tube\/","og_locale":"fr_FR","og_type":"article","og_title":"Matte black square lip balm tube-LB0060A","og_description":"This\u00a0square matte black lip bam tube\u00a0features a sophisticated matte\u00a0black cap make your lip balm to stand out in a crowd.","og_url":"https:\/\/www.alovey.com\/fr\/produit\/matte-black-square-lip-balm-tube\/","og_site_name":"Best Cosmetic Packaging Manufacture","article_modified_time":"2024-11-16T04:00:01+00:00","og_image":[{"width":750,"height":750,"url":"https:\/\/www.alovey.com\/wp-content\/uploads\/2024\/11\/Matte-black-color-square-lip-balm-tube-2.jpg","type":"image\/jpeg"}],"twitter_card":"summary_large_image","twitter_misc":{"Dur\u00e9e de lecture estim\u00e9e":"2 minutes"},"schema":{"@context":"https:\/\/schema.org","@graph":[{"@type":"WebPage","@id":"https:\/\/www.alovey.com\/product\/matte-black-square-lip-balm-tube\/","url":"https:\/\/www.alovey.com\/product\/matte-black-square-lip-balm-tube\/","name":"Matte black square lip balm tube-LB0060A","isPartOf":{"@id":"https:\/\/www.alovey.com\/#website"},"primaryImageOfPage":{"@id":"https:\/\/www.alovey.com\/product\/matte-black-square-lip-balm-tube\/#primaryimage"},"image":{"@id":"https:\/\/www.alovey.com\/product\/matte-black-square-lip-balm-tube\/#primaryimage"},"thumbnailUrl":"https:\/\/www.alovey.com\/wp-content\/uploads\/2024\/11\/Matte-black-color-square-lip-balm-tube-2.jpg","datePublished":"2024-11-02T07:46:42+00:00","dateModified":"2024-11-16T04:00:01+00:00","description":"This\u00a0square matte black lip bam tube\u00a0features a sophisticated matte\u00a0black cap make your lip balm to stand out in a crowd.","breadcrumb":{"@id":"https:\/\/www.alovey.com\/product\/matte-black-square-lip-balm-tube\/#breadcrumb"},"inLanguage":"fr-FR","potentialAction":[{"@type":"ReadAction","target":["https:\/\/www.alovey.com\/product\/matte-black-square-lip-balm-tube\/"]}]},{"@type":"ImageObject","inLanguage":"fr-FR","@id":"https:\/\/www.alovey.com\/product\/matte-black-square-lip-balm-tube\/#primaryimage","url":"https:\/\/www.alovey.com\/wp-content\/uploads\/2024\/11\/Matte-black-color-square-lip-balm-tube-2.jpg","contentUrl":"https:\/\/www.alovey.com\/wp-content\/uploads\/2024\/11\/Matte-black-color-square-lip-balm-tube-2.jpg","width":750,"height":750,"caption":"Matte black square lip balm tube-LB0060A"},{"@type":"BreadcrumbList","@id":"https:\/\/www.alovey.com\/product\/matte-black-square-lip-balm-tube\/#breadcrumb","itemListElement":[{"@type":"ListItem","position":1,"name":"\u9996\u9875","item":"https:\/\/www.alovey.com\/"},{"@type":"ListItem","position":2,"name":"Products","item":"https:\/\/www.alovey.com\/products\/"},{"@type":"ListItem","position":3,"name":"Matte black square lip balm tube"}]},{"@type":"WebSite","@id":"https:\/\/www.alovey.com\/#website","url":"https:\/\/www.alovey.com\/","name":"Best Cosmetic Packaging Manufacture","description":"Alovey Cosmetic Packaging Co.,Ltd","publisher":{"@id":"https:\/\/www.alovey.com\/#organization"},"potentialAction":[{"@type":"SearchAction","target":{"@type":"EntryPoint","urlTemplate":"https:\/\/www.alovey.com\/?s={search_term_string}"},"query-input":{"@type":"PropertyValueSpecification","valueRequired":true,"valueName":"search_term_string"}}],"inLanguage":"fr-FR"},{"@type":"Organization","@id":"https:\/\/www.alovey.com\/#organization","name":"Best Cosmetic Packaging Manufacture","url":"https:\/\/www.alovey.com\/","logo":{"@type":"ImageObject","inLanguage":"fr-FR","@id":"https:\/\/www.alovey.com\/#\/schema\/logo\/image\/","url":"https:\/\/www.alovey.com\/wp-content\/uploads\/2023\/03\/logo.png","contentUrl":"https:\/\/www.alovey.com\/wp-content\/uploads\/2023\/03\/logo.png","width":505,"height":180,"caption":"Best  Cosmetic Packaging Manufacture"},"image":{"@id":"https:\/\/www.alovey.com\/#\/schema\/logo\/image\/"}}]}},"_links":{"self":[{"href":"https:\/\/www.alovey.com\/fr\/wp-json\/wp\/v2\/product\/6977"}],"collection":[{"href":"https:\/\/www.alovey.com\/fr\/wp-json\/wp\/v2\/product"}],"about":[{"href":"https:\/\/www.alovey.com\/fr\/wp-json\/wp\/v2\/types\/product"}],"wp:featuredmedia":[{"embeddable":true,"href":"https:\/\/www.alovey.com\/fr\/wp-json\/wp\/v2\/media\/6978"}],"wp:attachment":[{"href":"https:\/\/www.alovey.com\/fr\/wp-json\/wp\/v2\/media?parent=6977"}],"wp:term":[{"taxonomy":"product_brand","embeddable":true,"href":"https:\/\/www.alovey.com\/fr\/wp-json\/wp\/v2\/product_brand?post=6977"},{"taxonomy":"product_cat","embeddable":true,"href":"https:\/\/www.alovey.com\/fr\/wp-json\/wp\/v2\/product_cat?post=6977"},{"taxonomy":"product_tag","embeddable":true,"href":"https:\/\/www.alovey.com\/fr\/wp-json\/wp\/v2\/product_tag?post=6977"}],"curies":[{"name":"wp","href":"https:\/\/api.w.org\/{rel}","templated":true}]}}