{"id":6927,"date":"2024-10-31T08:51:09","date_gmt":"2024-10-31T08:51:09","guid":{"rendered":"https:\/\/alovey.com\/?post_type=product&#038;p=6927"},"modified":"2025-03-27T04:19:38","modified_gmt":"2025-03-27T04:19:38","slug":"plastic-empty-lip-balm-tube-with-hook-cap","status":"publish","type":"product","link":"https:\/\/www.alovey.com\/fr\/produit\/plastic-empty-lip-balm-tube-with-hook-cap\/","title":{"rendered":"TUBE DE BAUME \u00c0 L\u00c8VRES VIDE EN PLASTIQUE AVEC BOUCHON \u00c0 CROCHET"},"content":{"rendered":"<p><strong>Ce tube de baume \u00e0 l\u00e8vres vide en plastique avec bouchon \u00e0 crochet est d'une taille parfaite pour le baume \u00e0 l\u00e8vres et le rouge \u00e0 l\u00e8vres.<\/strong><\/p>\n<p><strong>Alovey produit une gamme exquise d'emballages cosm\u00e9tiques personnalis\u00e9s, m\u00e9ticuleusement con\u00e7us pour rehausser votre marque. Notre s\u00e9lection vari\u00e9e de mat\u00e9riaux de premi\u00e8re qualit\u00e9, associ\u00e9e \u00e0 des techniques de finition de surface d\u00e9licates telles que la s\u00e9rigraphie, le marquage \u00e0 chaud et la pulv\u00e9risation mate, fait de chaque emballage un chef-d'\u0153uvre unique.<\/strong><\/p>\n<p>&nbsp;<\/p>\n<p><img fetchpriority=\"high\" decoding=\"async\" class=\"size-full wp-image-6935\" src=\"https:\/\/alovey.com\/wp-content\/uploads\/2024\/10\/ABS-EMPTY-LIP-BALM-TUBE-WITH-HOOK-CAP-LB0001D-8.jpg\" alt=\"ABS EMPTY LIP BALM TUBE WITH HOOK CAP -LB0001D\" width=\"750\" height=\"750\" srcset=\"https:\/\/www.alovey.com\/wp-content\/uploads\/2024\/10\/ABS-EMPTY-LIP-BALM-TUBE-WITH-HOOK-CAP-LB0001D-8.jpg 750w, https:\/\/www.alovey.com\/wp-content\/uploads\/2024\/10\/ABS-EMPTY-LIP-BALM-TUBE-WITH-HOOK-CAP-LB0001D-8-300x300.jpg 300w, https:\/\/www.alovey.com\/wp-content\/uploads\/2024\/10\/ABS-EMPTY-LIP-BALM-TUBE-WITH-HOOK-CAP-LB0001D-8-150x150.jpg 150w, https:\/\/www.alovey.com\/wp-content\/uploads\/2024\/10\/ABS-EMPTY-LIP-BALM-TUBE-WITH-HOOK-CAP-LB0001D-8-600x600.jpg 600w, https:\/\/www.alovey.com\/wp-content\/uploads\/2024\/10\/ABS-EMPTY-LIP-BALM-TUBE-WITH-HOOK-CAP-LB0001D-8-100x100.jpg 100w\" sizes=\"(max-width: 750px) 100vw, 750px\" \/><\/p>\n<p><img decoding=\"async\" class=\"size-full wp-image-6931\" src=\"https:\/\/alovey.com\/wp-content\/uploads\/2024\/10\/ABS-EMPTY-LIP-BALM-TUBE-WITH-HOOK-CAP-LB0001D-4.jpg\" alt=\"ABS EMPTY LIP BALM TUBE WITH HOOK CAP -LB0001D\" width=\"750\" height=\"750\" srcset=\"https:\/\/www.alovey.com\/wp-content\/uploads\/2024\/10\/ABS-EMPTY-LIP-BALM-TUBE-WITH-HOOK-CAP-LB0001D-4.jpg 750w, https:\/\/www.alovey.com\/wp-content\/uploads\/2024\/10\/ABS-EMPTY-LIP-BALM-TUBE-WITH-HOOK-CAP-LB0001D-4-300x300.jpg 300w, https:\/\/www.alovey.com\/wp-content\/uploads\/2024\/10\/ABS-EMPTY-LIP-BALM-TUBE-WITH-HOOK-CAP-LB0001D-4-150x150.jpg 150w, https:\/\/www.alovey.com\/wp-content\/uploads\/2024\/10\/ABS-EMPTY-LIP-BALM-TUBE-WITH-HOOK-CAP-LB0001D-4-600x600.jpg 600w, https:\/\/www.alovey.com\/wp-content\/uploads\/2024\/10\/ABS-EMPTY-LIP-BALM-TUBE-WITH-HOOK-CAP-LB0001D-4-100x100.jpg 100w\" sizes=\"(max-width: 750px) 100vw, 750px\" \/><\/p>\n<p><img decoding=\"async\" class=\"size-full wp-image-6930\" src=\"https:\/\/alovey.com\/wp-content\/uploads\/2024\/10\/ABS-EMPTY-LIP-BALM-TUBE-WITH-HOOK-CAP-LB0001D-3.jpg\" alt=\"ABS EMPTY LIP BALM TUBE WITH HOOK CAP -LB0001D\" width=\"750\" height=\"750\" srcset=\"https:\/\/www.alovey.com\/wp-content\/uploads\/2024\/10\/ABS-EMPTY-LIP-BALM-TUBE-WITH-HOOK-CAP-LB0001D-3.jpg 750w, https:\/\/www.alovey.com\/wp-content\/uploads\/2024\/10\/ABS-EMPTY-LIP-BALM-TUBE-WITH-HOOK-CAP-LB0001D-3-300x300.jpg 300w, https:\/\/www.alovey.com\/wp-content\/uploads\/2024\/10\/ABS-EMPTY-LIP-BALM-TUBE-WITH-HOOK-CAP-LB0001D-3-150x150.jpg 150w, https:\/\/www.alovey.com\/wp-content\/uploads\/2024\/10\/ABS-EMPTY-LIP-BALM-TUBE-WITH-HOOK-CAP-LB0001D-3-600x600.jpg 600w, https:\/\/www.alovey.com\/wp-content\/uploads\/2024\/10\/ABS-EMPTY-LIP-BALM-TUBE-WITH-HOOK-CAP-LB0001D-3-100x100.jpg 100w\" sizes=\"(max-width: 750px) 100vw, 750px\" \/><\/p>\n<p><img loading=\"lazy\" decoding=\"async\" class=\"size-full wp-image-6929\" src=\"https:\/\/alovey.com\/wp-content\/uploads\/2024\/10\/ABS-EMPTY-LIP-BALM-TUBE-WITH-HOOK-CAP-LB0001D-2.jpg\" alt=\"ABS EMPTY LIP BALM TUBE WITH HOOK CAP -LB0001D\" width=\"750\" height=\"750\" srcset=\"https:\/\/www.alovey.com\/wp-content\/uploads\/2024\/10\/ABS-EMPTY-LIP-BALM-TUBE-WITH-HOOK-CAP-LB0001D-2.jpg 750w, https:\/\/www.alovey.com\/wp-content\/uploads\/2024\/10\/ABS-EMPTY-LIP-BALM-TUBE-WITH-HOOK-CAP-LB0001D-2-300x300.jpg 300w, https:\/\/www.alovey.com\/wp-content\/uploads\/2024\/10\/ABS-EMPTY-LIP-BALM-TUBE-WITH-HOOK-CAP-LB0001D-2-150x150.jpg 150w, https:\/\/www.alovey.com\/wp-content\/uploads\/2024\/10\/ABS-EMPTY-LIP-BALM-TUBE-WITH-HOOK-CAP-LB0001D-2-600x600.jpg 600w, https:\/\/www.alovey.com\/wp-content\/uploads\/2024\/10\/ABS-EMPTY-LIP-BALM-TUBE-WITH-HOOK-CAP-LB0001D-2-100x100.jpg 100w\" sizes=\"(max-width: 750px) 100vw, 750px\" \/><\/p>\n<p><img loading=\"lazy\" decoding=\"async\" class=\"size-full wp-image-6928\" src=\"https:\/\/alovey.com\/wp-content\/uploads\/2024\/10\/ABS-EMPTY-LIP-BALM-TUBE-WITH-HOOK-CAP-LB0001D-1.jpg\" alt=\"ABS EMPTY LIP BALM TUBE WITH HOOK CAP -LB0001D\" width=\"750\" height=\"750\" srcset=\"https:\/\/www.alovey.com\/wp-content\/uploads\/2024\/10\/ABS-EMPTY-LIP-BALM-TUBE-WITH-HOOK-CAP-LB0001D-1.jpg 750w, https:\/\/www.alovey.com\/wp-content\/uploads\/2024\/10\/ABS-EMPTY-LIP-BALM-TUBE-WITH-HOOK-CAP-LB0001D-1-300x300.jpg 300w, https:\/\/www.alovey.com\/wp-content\/uploads\/2024\/10\/ABS-EMPTY-LIP-BALM-TUBE-WITH-HOOK-CAP-LB0001D-1-150x150.jpg 150w, https:\/\/www.alovey.com\/wp-content\/uploads\/2024\/10\/ABS-EMPTY-LIP-BALM-TUBE-WITH-HOOK-CAP-LB0001D-1-600x600.jpg 600w, https:\/\/www.alovey.com\/wp-content\/uploads\/2024\/10\/ABS-EMPTY-LIP-BALM-TUBE-WITH-HOOK-CAP-LB0001D-1-100x100.jpg 100w\" sizes=\"(max-width: 750px) 100vw, 750px\" \/><\/p>\n<p><img loading=\"lazy\" decoding=\"async\" class=\"size-full wp-image-6932\" src=\"https:\/\/alovey.com\/wp-content\/uploads\/2024\/10\/ABS-EMPTY-LIP-BALM-TUBE-WITH-HOOK-CAP-LB0001D-5.jpg\" alt=\"ABS EMPTY LIP BALM TUBE WITH HOOK CAP -LB0001D\" width=\"750\" height=\"750\" srcset=\"https:\/\/www.alovey.com\/wp-content\/uploads\/2024\/10\/ABS-EMPTY-LIP-BALM-TUBE-WITH-HOOK-CAP-LB0001D-5.jpg 750w, https:\/\/www.alovey.com\/wp-content\/uploads\/2024\/10\/ABS-EMPTY-LIP-BALM-TUBE-WITH-HOOK-CAP-LB0001D-5-300x300.jpg 300w, https:\/\/www.alovey.com\/wp-content\/uploads\/2024\/10\/ABS-EMPTY-LIP-BALM-TUBE-WITH-HOOK-CAP-LB0001D-5-150x150.jpg 150w, https:\/\/www.alovey.com\/wp-content\/uploads\/2024\/10\/ABS-EMPTY-LIP-BALM-TUBE-WITH-HOOK-CAP-LB0001D-5-600x600.jpg 600w, https:\/\/www.alovey.com\/wp-content\/uploads\/2024\/10\/ABS-EMPTY-LIP-BALM-TUBE-WITH-HOOK-CAP-LB0001D-5-100x100.jpg 100w\" sizes=\"(max-width: 750px) 100vw, 750px\" \/><\/p>\n<p>&nbsp;<\/p>","protected":false},"excerpt":{"rendered":"<ul>\n<li>Num\u00e9ro d'article : LB-0001D<\/li>\n<li>Mat\u00e9riau : Plastique<\/li>\n<li>Taille : D19*H78.50mm<\/li>\n<li>Applications : Produits de beaut\u00e9<\/li>\n<li>MOQ : 10 000 pi\u00e8ces<\/li>\n<li>Couleur : couleur personnalis\u00e9e<\/li>\n<li>Traitement de surface : Injection\/matage\/m\u00e9tallisation\/vernissage UV<\/li>\n<li>Nom de marque : OEM\/ODM<\/li>\n<li>Logo : Logo du client<\/li>\n<li>Capacit\u00e9 de production : 100 000 pi\u00e8ces par mois<\/li>\n<\/ul>","protected":false},"featured_media":6928,"template":"","meta":{"_acf_changed":false},"product_brand":[],"product_cat":[374,397],"product_tag":[384,404],"class_list":{"0":"post-6927","1":"product","2":"type-product","3":"status-publish","4":"has-post-thumbnail","6":"product_cat-china-professional-lip-balm-tube-manufacture","7":"product_cat-unique-cosmetic-packaging","8":"product_tag-lip-balm-tube","9":"product_tag-unique-cosmetic-packaging","11":"first","12":"instock","13":"shipping-taxable","14":"product-type-simple"},"acf":[],"yoast_head":"<!-- This site is optimized with the Yoast SEO plugin v24.1 - https:\/\/yoast.com\/wordpress\/plugins\/seo\/ -->\n<title>plastic-empty-lip-balm-tube-with-hook-cap<\/title>\n<meta name=\"description\" content=\"This plastic\u00a0empty lip balm tube with hook cap is perfect size for lip balm and lipstick ,it is easy to show in the market.\" \/>\n<meta name=\"robots\" content=\"index, follow, max-snippet:-1, max-image-preview:large, max-video-preview:-1\" \/>\n<link rel=\"canonical\" href=\"https:\/\/www.alovey.com\/fr\/produit\/plastic-empty-lip-balm-tube-with-hook-cap\/\" \/>\n<meta property=\"og:locale\" content=\"fr_FR\" \/>\n<meta property=\"og:type\" content=\"article\" \/>\n<meta property=\"og:title\" content=\"plastic-empty-lip-balm-tube-with-hook-cap\" \/>\n<meta property=\"og:description\" content=\"This plastic\u00a0empty lip balm tube with hook cap is perfect size for lip balm and lipstick ,it is easy to show in the market.\" \/>\n<meta property=\"og:url\" content=\"https:\/\/www.alovey.com\/fr\/produit\/plastic-empty-lip-balm-tube-with-hook-cap\/\" \/>\n<meta property=\"og:site_name\" content=\"Best Cosmetic Packaging Manufacture\" \/>\n<meta property=\"article:modified_time\" content=\"2025-03-27T04:19:38+00:00\" \/>\n<meta property=\"og:image\" content=\"https:\/\/www.alovey.com\/wp-content\/uploads\/2024\/10\/ABS-EMPTY-LIP-BALM-TUBE-WITH-HOOK-CAP-LB0001D-1.jpg\" \/>\n\t<meta property=\"og:image:width\" content=\"750\" \/>\n\t<meta property=\"og:image:height\" content=\"750\" \/>\n\t<meta property=\"og:image:type\" content=\"image\/jpeg\" \/>\n<meta name=\"twitter:card\" content=\"summary_large_image\" \/>\n<meta name=\"twitter:label1\" content=\"Dur\u00e9e de lecture estim\u00e9e\" \/>\n\t<meta name=\"twitter:data1\" content=\"2 minutes\" \/>\n<script type=\"application\/ld+json\" class=\"yoast-schema-graph\">{\"@context\":\"https:\/\/schema.org\",\"@graph\":[{\"@type\":\"WebPage\",\"@id\":\"https:\/\/www.alovey.com\/product\/plastic-empty-lip-balm-tube-with-hook-cap\/\",\"url\":\"https:\/\/www.alovey.com\/product\/plastic-empty-lip-balm-tube-with-hook-cap\/\",\"name\":\"plastic-empty-lip-balm-tube-with-hook-cap\",\"isPartOf\":{\"@id\":\"https:\/\/www.alovey.com\/#website\"},\"primaryImageOfPage\":{\"@id\":\"https:\/\/www.alovey.com\/product\/plastic-empty-lip-balm-tube-with-hook-cap\/#primaryimage\"},\"image\":{\"@id\":\"https:\/\/www.alovey.com\/product\/plastic-empty-lip-balm-tube-with-hook-cap\/#primaryimage\"},\"thumbnailUrl\":\"https:\/\/www.alovey.com\/wp-content\/uploads\/2024\/10\/ABS-EMPTY-LIP-BALM-TUBE-WITH-HOOK-CAP-LB0001D-1.jpg\",\"datePublished\":\"2024-10-31T08:51:09+00:00\",\"dateModified\":\"2025-03-27T04:19:38+00:00\",\"description\":\"This plastic\u00a0empty lip balm tube with hook cap is perfect size for lip balm and lipstick ,it is easy to show in the market.\",\"breadcrumb\":{\"@id\":\"https:\/\/www.alovey.com\/product\/plastic-empty-lip-balm-tube-with-hook-cap\/#breadcrumb\"},\"inLanguage\":\"fr-FR\",\"potentialAction\":[{\"@type\":\"ReadAction\",\"target\":[\"https:\/\/www.alovey.com\/product\/plastic-empty-lip-balm-tube-with-hook-cap\/\"]}]},{\"@type\":\"ImageObject\",\"inLanguage\":\"fr-FR\",\"@id\":\"https:\/\/www.alovey.com\/product\/plastic-empty-lip-balm-tube-with-hook-cap\/#primaryimage\",\"url\":\"https:\/\/www.alovey.com\/wp-content\/uploads\/2024\/10\/ABS-EMPTY-LIP-BALM-TUBE-WITH-HOOK-CAP-LB0001D-1.jpg\",\"contentUrl\":\"https:\/\/www.alovey.com\/wp-content\/uploads\/2024\/10\/ABS-EMPTY-LIP-BALM-TUBE-WITH-HOOK-CAP-LB0001D-1.jpg\",\"width\":750,\"height\":750,\"caption\":\"ABS EMPTY LIP BALM TUBE WITH HOOK CAP -LB0001D\"},{\"@type\":\"BreadcrumbList\",\"@id\":\"https:\/\/www.alovey.com\/product\/plastic-empty-lip-balm-tube-with-hook-cap\/#breadcrumb\",\"itemListElement\":[{\"@type\":\"ListItem\",\"position\":1,\"name\":\"\u9996\u9875\",\"item\":\"https:\/\/www.alovey.com\/\"},{\"@type\":\"ListItem\",\"position\":2,\"name\":\"Products\",\"item\":\"https:\/\/www.alovey.com\/products\/\"},{\"@type\":\"ListItem\",\"position\":3,\"name\":\"PLASTIC EMPTY LIP BALM TUBE WITH HOOK CAP\"}]},{\"@type\":\"WebSite\",\"@id\":\"https:\/\/www.alovey.com\/#website\",\"url\":\"https:\/\/www.alovey.com\/\",\"name\":\"Best Cosmetic Packaging Manufacture\",\"description\":\"Alovey Cosmetic Packaging Co.,Ltd\",\"publisher\":{\"@id\":\"https:\/\/www.alovey.com\/#organization\"},\"potentialAction\":[{\"@type\":\"SearchAction\",\"target\":{\"@type\":\"EntryPoint\",\"urlTemplate\":\"https:\/\/www.alovey.com\/?s={search_term_string}\"},\"query-input\":{\"@type\":\"PropertyValueSpecification\",\"valueRequired\":true,\"valueName\":\"search_term_string\"}}],\"inLanguage\":\"fr-FR\"},{\"@type\":\"Organization\",\"@id\":\"https:\/\/www.alovey.com\/#organization\",\"name\":\"Best Cosmetic Packaging Manufacture\",\"url\":\"https:\/\/www.alovey.com\/\",\"logo\":{\"@type\":\"ImageObject\",\"inLanguage\":\"fr-FR\",\"@id\":\"https:\/\/www.alovey.com\/#\/schema\/logo\/image\/\",\"url\":\"https:\/\/www.alovey.com\/wp-content\/uploads\/2023\/03\/logo.png\",\"contentUrl\":\"https:\/\/www.alovey.com\/wp-content\/uploads\/2023\/03\/logo.png\",\"width\":505,\"height\":180,\"caption\":\"Best  Cosmetic Packaging Manufacture\"},\"image\":{\"@id\":\"https:\/\/www.alovey.com\/#\/schema\/logo\/image\/\"}}]}<\/script>\n<!-- \/ Yoast SEO plugin. -->","yoast_head_json":{"title":"plastic-empty-lip-balm-tube-with-hook-cap","description":"This plastic\u00a0empty lip balm tube with hook cap is perfect size for lip balm and lipstick ,it is easy to show in the market.","robots":{"index":"index","follow":"follow","max-snippet":"max-snippet:-1","max-image-preview":"max-image-preview:large","max-video-preview":"max-video-preview:-1"},"canonical":"https:\/\/www.alovey.com\/fr\/produit\/plastic-empty-lip-balm-tube-with-hook-cap\/","og_locale":"fr_FR","og_type":"article","og_title":"plastic-empty-lip-balm-tube-with-hook-cap","og_description":"This plastic\u00a0empty lip balm tube with hook cap is perfect size for lip balm and lipstick ,it is easy to show in the market.","og_url":"https:\/\/www.alovey.com\/fr\/produit\/plastic-empty-lip-balm-tube-with-hook-cap\/","og_site_name":"Best Cosmetic Packaging Manufacture","article_modified_time":"2025-03-27T04:19:38+00:00","og_image":[{"width":750,"height":750,"url":"https:\/\/www.alovey.com\/wp-content\/uploads\/2024\/10\/ABS-EMPTY-LIP-BALM-TUBE-WITH-HOOK-CAP-LB0001D-1.jpg","type":"image\/jpeg"}],"twitter_card":"summary_large_image","twitter_misc":{"Dur\u00e9e de lecture estim\u00e9e":"2 minutes"},"schema":{"@context":"https:\/\/schema.org","@graph":[{"@type":"WebPage","@id":"https:\/\/www.alovey.com\/product\/plastic-empty-lip-balm-tube-with-hook-cap\/","url":"https:\/\/www.alovey.com\/product\/plastic-empty-lip-balm-tube-with-hook-cap\/","name":"plastic-empty-lip-balm-tube-with-hook-cap","isPartOf":{"@id":"https:\/\/www.alovey.com\/#website"},"primaryImageOfPage":{"@id":"https:\/\/www.alovey.com\/product\/plastic-empty-lip-balm-tube-with-hook-cap\/#primaryimage"},"image":{"@id":"https:\/\/www.alovey.com\/product\/plastic-empty-lip-balm-tube-with-hook-cap\/#primaryimage"},"thumbnailUrl":"https:\/\/www.alovey.com\/wp-content\/uploads\/2024\/10\/ABS-EMPTY-LIP-BALM-TUBE-WITH-HOOK-CAP-LB0001D-1.jpg","datePublished":"2024-10-31T08:51:09+00:00","dateModified":"2025-03-27T04:19:38+00:00","description":"This plastic\u00a0empty lip balm tube with hook cap is perfect size for lip balm and lipstick ,it is easy to show in the market.","breadcrumb":{"@id":"https:\/\/www.alovey.com\/product\/plastic-empty-lip-balm-tube-with-hook-cap\/#breadcrumb"},"inLanguage":"fr-FR","potentialAction":[{"@type":"ReadAction","target":["https:\/\/www.alovey.com\/product\/plastic-empty-lip-balm-tube-with-hook-cap\/"]}]},{"@type":"ImageObject","inLanguage":"fr-FR","@id":"https:\/\/www.alovey.com\/product\/plastic-empty-lip-balm-tube-with-hook-cap\/#primaryimage","url":"https:\/\/www.alovey.com\/wp-content\/uploads\/2024\/10\/ABS-EMPTY-LIP-BALM-TUBE-WITH-HOOK-CAP-LB0001D-1.jpg","contentUrl":"https:\/\/www.alovey.com\/wp-content\/uploads\/2024\/10\/ABS-EMPTY-LIP-BALM-TUBE-WITH-HOOK-CAP-LB0001D-1.jpg","width":750,"height":750,"caption":"ABS EMPTY LIP BALM TUBE WITH HOOK CAP -LB0001D"},{"@type":"BreadcrumbList","@id":"https:\/\/www.alovey.com\/product\/plastic-empty-lip-balm-tube-with-hook-cap\/#breadcrumb","itemListElement":[{"@type":"ListItem","position":1,"name":"\u9996\u9875","item":"https:\/\/www.alovey.com\/"},{"@type":"ListItem","position":2,"name":"Products","item":"https:\/\/www.alovey.com\/products\/"},{"@type":"ListItem","position":3,"name":"PLASTIC EMPTY LIP BALM TUBE WITH HOOK CAP"}]},{"@type":"WebSite","@id":"https:\/\/www.alovey.com\/#website","url":"https:\/\/www.alovey.com\/","name":"Best Cosmetic Packaging Manufacture","description":"Alovey Cosmetic Packaging Co.,Ltd","publisher":{"@id":"https:\/\/www.alovey.com\/#organization"},"potentialAction":[{"@type":"SearchAction","target":{"@type":"EntryPoint","urlTemplate":"https:\/\/www.alovey.com\/?s={search_term_string}"},"query-input":{"@type":"PropertyValueSpecification","valueRequired":true,"valueName":"search_term_string"}}],"inLanguage":"fr-FR"},{"@type":"Organization","@id":"https:\/\/www.alovey.com\/#organization","name":"Best Cosmetic Packaging Manufacture","url":"https:\/\/www.alovey.com\/","logo":{"@type":"ImageObject","inLanguage":"fr-FR","@id":"https:\/\/www.alovey.com\/#\/schema\/logo\/image\/","url":"https:\/\/www.alovey.com\/wp-content\/uploads\/2023\/03\/logo.png","contentUrl":"https:\/\/www.alovey.com\/wp-content\/uploads\/2023\/03\/logo.png","width":505,"height":180,"caption":"Best  Cosmetic Packaging Manufacture"},"image":{"@id":"https:\/\/www.alovey.com\/#\/schema\/logo\/image\/"}}]}},"_links":{"self":[{"href":"https:\/\/www.alovey.com\/fr\/wp-json\/wp\/v2\/product\/6927"}],"collection":[{"href":"https:\/\/www.alovey.com\/fr\/wp-json\/wp\/v2\/product"}],"about":[{"href":"https:\/\/www.alovey.com\/fr\/wp-json\/wp\/v2\/types\/product"}],"wp:featuredmedia":[{"embeddable":true,"href":"https:\/\/www.alovey.com\/fr\/wp-json\/wp\/v2\/media\/6928"}],"wp:attachment":[{"href":"https:\/\/www.alovey.com\/fr\/wp-json\/wp\/v2\/media?parent=6927"}],"wp:term":[{"taxonomy":"product_brand","embeddable":true,"href":"https:\/\/www.alovey.com\/fr\/wp-json\/wp\/v2\/product_brand?post=6927"},{"taxonomy":"product_cat","embeddable":true,"href":"https:\/\/www.alovey.com\/fr\/wp-json\/wp\/v2\/product_cat?post=6927"},{"taxonomy":"product_tag","embeddable":true,"href":"https:\/\/www.alovey.com\/fr\/wp-json\/wp\/v2\/product_tag?post=6927"}],"curies":[{"name":"wp","href":"https:\/\/api.w.org\/{rel}","templated":true}]}}