{"id":12904,"date":"2026-04-20T04:10:03","date_gmt":"2026-04-20T04:10:03","guid":{"rendered":"https:\/\/www.alovey.com\/?post_type=product&#038;p=12904"},"modified":"2026-04-20T04:18:06","modified_gmt":"2026-04-20T04:18:06","slug":"large-empty-mascara-tube-with-luxury-gold-and-triangle-shape","status":"publish","type":"product","link":"https:\/\/www.alovey.com\/fr\/produit\/large-empty-mascara-tube-with-luxury-gold-and-triangle-shape\/","title":{"rendered":"Large Empty Mascara Tube With Luxury Gold and Triangle Shape"},"content":{"rendered":"<p><strong>The\u00a0large empty mascara tube with \u00a0and triangle shape\u00a0offers a striking and premium packaging design for mascara.<\/strong><\/p>\n<p><strong>The triangle shape\u00a0gives it a unique and modern aesthetic, setting it apart from more traditional cylindrical mascara tubes.<\/strong><\/p>\n<p><strong>The luxury gold accents\u00a0enhance its high-end appearance, making it an eye-catching option for upscale brands looking to elevate their product presentation.<\/strong><\/p>\n<p><strong>This design is perfect for luxury beauty brands aiming for a bold, distinctive look. The large size allows for ample product capacity while maintaining a sleek, refined profile.<\/strong><\/p>\n<p><strong>Alovey, fabricant professionnel chinois d'emballages cosm\u00e9tiques, produit une gamme exquise d'emballages cosm\u00e9tiques personnalis\u00e9s, m\u00e9ticuleusement con\u00e7us pour rehausser votre marque. Notre s\u00e9lection vari\u00e9e de mat\u00e9riaux de premi\u00e8re qualit\u00e9, associ\u00e9e \u00e0 des techniques de finition de surface d\u00e9licates telles que la s\u00e9rigraphie, l'estampage \u00e0 chaud et la pulv\u00e9risation mate, fait de chaque emballage un chef-d'\u0153uvre unique.<\/strong><\/p>\n<p><img fetchpriority=\"high\" decoding=\"async\" class=\"size-full wp-image-12911\" src=\"https:\/\/www.alovey.com\/wp-content\/uploads\/2026\/04\/Large-Empty-Mascara-Tube-With-Luxury-Gold-and-Triangle-Shape-5.jpg\" alt=\"large empty mascara tube\" width=\"750\" height=\"750\" srcset=\"https:\/\/www.alovey.com\/wp-content\/uploads\/2026\/04\/Large-Empty-Mascara-Tube-With-Luxury-Gold-and-Triangle-Shape-5.jpg 750w, https:\/\/www.alovey.com\/wp-content\/uploads\/2026\/04\/Large-Empty-Mascara-Tube-With-Luxury-Gold-and-Triangle-Shape-5-300x300.jpg 300w, https:\/\/www.alovey.com\/wp-content\/uploads\/2026\/04\/Large-Empty-Mascara-Tube-With-Luxury-Gold-and-Triangle-Shape-5-150x150.jpg 150w, https:\/\/www.alovey.com\/wp-content\/uploads\/2026\/04\/Large-Empty-Mascara-Tube-With-Luxury-Gold-and-Triangle-Shape-5-12x12.jpg 12w, https:\/\/www.alovey.com\/wp-content\/uploads\/2026\/04\/Large-Empty-Mascara-Tube-With-Luxury-Gold-and-Triangle-Shape-5-600x600.jpg 600w, https:\/\/www.alovey.com\/wp-content\/uploads\/2026\/04\/Large-Empty-Mascara-Tube-With-Luxury-Gold-and-Triangle-Shape-5-100x100.jpg 100w\" sizes=\"(max-width: 750px) 100vw, 750px\" \/><\/p>\n<p><img decoding=\"async\" class=\"size-full wp-image-12910\" src=\"https:\/\/www.alovey.com\/wp-content\/uploads\/2026\/04\/Large-Empty-Mascara-Tube-With-Luxury-Gold-and-Triangle-Shape-4.jpg\" alt=\"large empty mascara tube\" width=\"750\" height=\"750\" srcset=\"https:\/\/www.alovey.com\/wp-content\/uploads\/2026\/04\/Large-Empty-Mascara-Tube-With-Luxury-Gold-and-Triangle-Shape-4.jpg 750w, https:\/\/www.alovey.com\/wp-content\/uploads\/2026\/04\/Large-Empty-Mascara-Tube-With-Luxury-Gold-and-Triangle-Shape-4-300x300.jpg 300w, https:\/\/www.alovey.com\/wp-content\/uploads\/2026\/04\/Large-Empty-Mascara-Tube-With-Luxury-Gold-and-Triangle-Shape-4-150x150.jpg 150w, https:\/\/www.alovey.com\/wp-content\/uploads\/2026\/04\/Large-Empty-Mascara-Tube-With-Luxury-Gold-and-Triangle-Shape-4-12x12.jpg 12w, https:\/\/www.alovey.com\/wp-content\/uploads\/2026\/04\/Large-Empty-Mascara-Tube-With-Luxury-Gold-and-Triangle-Shape-4-600x600.jpg 600w, https:\/\/www.alovey.com\/wp-content\/uploads\/2026\/04\/Large-Empty-Mascara-Tube-With-Luxury-Gold-and-Triangle-Shape-4-100x100.jpg 100w\" sizes=\"(max-width: 750px) 100vw, 750px\" \/><\/p>\n<p><img decoding=\"async\" class=\"size-full wp-image-12909\" src=\"https:\/\/www.alovey.com\/wp-content\/uploads\/2026\/04\/Large-Empty-Mascara-Tube-With-Luxury-Gold-and-Triangle-Shape-3.jpg\" alt=\"\" width=\"750\" height=\"750\" srcset=\"https:\/\/www.alovey.com\/wp-content\/uploads\/2026\/04\/Large-Empty-Mascara-Tube-With-Luxury-Gold-and-Triangle-Shape-3.jpg 750w, https:\/\/www.alovey.com\/wp-content\/uploads\/2026\/04\/Large-Empty-Mascara-Tube-With-Luxury-Gold-and-Triangle-Shape-3-300x300.jpg 300w, https:\/\/www.alovey.com\/wp-content\/uploads\/2026\/04\/Large-Empty-Mascara-Tube-With-Luxury-Gold-and-Triangle-Shape-3-150x150.jpg 150w, https:\/\/www.alovey.com\/wp-content\/uploads\/2026\/04\/Large-Empty-Mascara-Tube-With-Luxury-Gold-and-Triangle-Shape-3-12x12.jpg 12w, https:\/\/www.alovey.com\/wp-content\/uploads\/2026\/04\/Large-Empty-Mascara-Tube-With-Luxury-Gold-and-Triangle-Shape-3-600x600.jpg 600w, https:\/\/www.alovey.com\/wp-content\/uploads\/2026\/04\/Large-Empty-Mascara-Tube-With-Luxury-Gold-and-Triangle-Shape-3-100x100.jpg 100w\" sizes=\"(max-width: 750px) 100vw, 750px\" \/><\/p>\n<p><img loading=\"lazy\" decoding=\"async\" class=\"size-full wp-image-12908\" src=\"https:\/\/www.alovey.com\/wp-content\/uploads\/2026\/04\/Large-Empty-Mascara-Tube-With-Luxury-Gold-and-Triangle-Shape-2.jpg\" alt=\"large empty mascara tube\" width=\"750\" height=\"750\" srcset=\"https:\/\/www.alovey.com\/wp-content\/uploads\/2026\/04\/Large-Empty-Mascara-Tube-With-Luxury-Gold-and-Triangle-Shape-2.jpg 750w, https:\/\/www.alovey.com\/wp-content\/uploads\/2026\/04\/Large-Empty-Mascara-Tube-With-Luxury-Gold-and-Triangle-Shape-2-300x300.jpg 300w, https:\/\/www.alovey.com\/wp-content\/uploads\/2026\/04\/Large-Empty-Mascara-Tube-With-Luxury-Gold-and-Triangle-Shape-2-150x150.jpg 150w, https:\/\/www.alovey.com\/wp-content\/uploads\/2026\/04\/Large-Empty-Mascara-Tube-With-Luxury-Gold-and-Triangle-Shape-2-12x12.jpg 12w, https:\/\/www.alovey.com\/wp-content\/uploads\/2026\/04\/Large-Empty-Mascara-Tube-With-Luxury-Gold-and-Triangle-Shape-2-600x600.jpg 600w, https:\/\/www.alovey.com\/wp-content\/uploads\/2026\/04\/Large-Empty-Mascara-Tube-With-Luxury-Gold-and-Triangle-Shape-2-100x100.jpg 100w\" sizes=\"(max-width: 750px) 100vw, 750px\" \/><\/p>\n<p><img loading=\"lazy\" decoding=\"async\" class=\"size-full wp-image-12906\" src=\"https:\/\/www.alovey.com\/wp-content\/uploads\/2026\/04\/Large-Empty-Mascara-Tube-With-Luxury-Gold-and-Triangle-Shape-7.jpg\" alt=\"\" width=\"750\" height=\"750\" srcset=\"https:\/\/www.alovey.com\/wp-content\/uploads\/2026\/04\/Large-Empty-Mascara-Tube-With-Luxury-Gold-and-Triangle-Shape-7.jpg 750w, https:\/\/www.alovey.com\/wp-content\/uploads\/2026\/04\/Large-Empty-Mascara-Tube-With-Luxury-Gold-and-Triangle-Shape-7-300x300.jpg 300w, https:\/\/www.alovey.com\/wp-content\/uploads\/2026\/04\/Large-Empty-Mascara-Tube-With-Luxury-Gold-and-Triangle-Shape-7-150x150.jpg 150w, https:\/\/www.alovey.com\/wp-content\/uploads\/2026\/04\/Large-Empty-Mascara-Tube-With-Luxury-Gold-and-Triangle-Shape-7-12x12.jpg 12w, https:\/\/www.alovey.com\/wp-content\/uploads\/2026\/04\/Large-Empty-Mascara-Tube-With-Luxury-Gold-and-Triangle-Shape-7-600x600.jpg 600w, https:\/\/www.alovey.com\/wp-content\/uploads\/2026\/04\/Large-Empty-Mascara-Tube-With-Luxury-Gold-and-Triangle-Shape-7-100x100.jpg 100w\" sizes=\"(max-width: 750px) 100vw, 750px\" \/><\/p>\n<p><img loading=\"lazy\" decoding=\"async\" class=\"size-full wp-image-12905\" src=\"https:\/\/www.alovey.com\/wp-content\/uploads\/2026\/04\/Large-Empty-Mascara-Tube-With-Luxury-Gold-and-Triangle-Shape-6.jpg\" alt=\"large empty mascara tube\" width=\"750\" height=\"750\" srcset=\"https:\/\/www.alovey.com\/wp-content\/uploads\/2026\/04\/Large-Empty-Mascara-Tube-With-Luxury-Gold-and-Triangle-Shape-6.jpg 750w, https:\/\/www.alovey.com\/wp-content\/uploads\/2026\/04\/Large-Empty-Mascara-Tube-With-Luxury-Gold-and-Triangle-Shape-6-300x300.jpg 300w, https:\/\/www.alovey.com\/wp-content\/uploads\/2026\/04\/Large-Empty-Mascara-Tube-With-Luxury-Gold-and-Triangle-Shape-6-150x150.jpg 150w, https:\/\/www.alovey.com\/wp-content\/uploads\/2026\/04\/Large-Empty-Mascara-Tube-With-Luxury-Gold-and-Triangle-Shape-6-12x12.jpg 12w, https:\/\/www.alovey.com\/wp-content\/uploads\/2026\/04\/Large-Empty-Mascara-Tube-With-Luxury-Gold-and-Triangle-Shape-6-600x600.jpg 600w, https:\/\/www.alovey.com\/wp-content\/uploads\/2026\/04\/Large-Empty-Mascara-Tube-With-Luxury-Gold-and-Triangle-Shape-6-100x100.jpg 100w\" sizes=\"(max-width: 750px) 100vw, 750px\" \/><\/p>\n<p>&nbsp;<\/p>\n<p>&nbsp;<\/p>\n<p>&nbsp;<\/p>\n<p>&nbsp;<\/p>\n<p>&nbsp;<\/p>\n<p>&nbsp;<\/p>\n<p>&nbsp;<\/p>\n<p>&nbsp;<\/p>\n<p>&nbsp;<\/p>\n<p>&nbsp;<\/p>\n<p>&nbsp;<\/p>\n<p>&nbsp;<\/p>\n<p>&nbsp;<\/p>\n<p>&nbsp;<\/p>\n<p>&nbsp;<\/p>\n<p>&nbsp;<\/p>\n<p>&nbsp;<\/p>\n<p>&nbsp;<\/p>\n<p>&nbsp;<\/p>\n<p>&nbsp;<\/p>\n<p>&nbsp;<\/p>\n<p>&nbsp;<\/p>\n<p>&nbsp;<\/p>\n<p>&nbsp;<\/p>\n<p>&nbsp;<\/p>\n<p>&nbsp;<\/p>\n<p>&nbsp;<\/p>\n<p>&nbsp;<\/p>\n<p>&nbsp;<\/p>\n<p>&nbsp;<\/p>\n<p>&nbsp;<\/p>\n<p>&nbsp;<\/p>\n<p>&nbsp;<\/p>\n<p>&nbsp;<\/p>\n<p>&nbsp;<\/p>\n<p>&nbsp;<\/p>\n<p>&nbsp;<\/p>\n<p>&nbsp;<\/p>\n<p>&nbsp;<\/p>\n<p>&nbsp;<\/p>\n<p>&nbsp;<\/p>\n<p>&nbsp;<\/p>\n<p>&nbsp;<\/p>\n<p>&nbsp;<\/p>\n<p>&nbsp;<\/p>\n<p>&nbsp;<\/p>\n<p>&nbsp;<\/p>\n<p>&nbsp;<\/p>\n<p>&nbsp;<\/p>\n<p>&nbsp;<\/p>\n<p>&nbsp;<\/p>\n<p>&nbsp;<\/p>\n<p>&nbsp;<\/p>\n<p>&nbsp;<\/p>\n<p>&nbsp;<\/p>\n<p>&nbsp;<\/p>\n<p>&nbsp;<\/p>\n<p>&nbsp;<\/p>\n<p>&nbsp;<\/p>\n<p>&nbsp;<\/p>\n<p>&nbsp;<\/p>\n<p>&nbsp;<\/p>\n<p>&nbsp;<\/p>\n<p>&nbsp;<\/p>\n<p>&nbsp;<\/p>\n<p>&nbsp;<\/p>\n<p>&nbsp;<\/p>\n<p>&nbsp;<\/p>\n<p>&nbsp;<\/p>\n<p>&nbsp;<\/p>\n<p>&nbsp;<\/p>\n<p>&nbsp;<\/p>\n<p>&nbsp;<\/p>\n<p>&nbsp;<\/p>\n<p>&nbsp;<\/p>\n<p>&nbsp;<\/p>\n<p>&nbsp;<\/p>\n<p>&nbsp;<\/p>\n<p>&nbsp;<\/p>\n<p>&nbsp;<\/p>\n<p>&nbsp;<\/p>\n<p>&nbsp;<\/p>\n<p>&nbsp;<\/p>\n<p>&nbsp;<\/p>\n<p>&nbsp;<\/p>\n<p>&nbsp;<\/p>\n<p>&nbsp;<\/p>\n<p>&nbsp;<\/p>\n<p>&nbsp;<\/p>\n<p>&nbsp;<\/p>\n<p>&nbsp;<\/p>\n<p>&nbsp;<\/p>\n<p>&nbsp;<\/p>\n<p>&nbsp;<\/p>\n<p>&nbsp;<\/p>\n<p>&nbsp;<\/p>\n<p>&nbsp;<\/p>\n<p>&nbsp;<\/p>\n<p>&nbsp;<\/p>\n<p>&nbsp;<\/p>\n<p>&nbsp;<\/p>\n<p>&nbsp;<\/p>\n<p>&nbsp;<\/p>\n<p>&nbsp;<\/p>\n<p>&nbsp;<\/p>\n<p>&nbsp;<\/p>\n<p>&nbsp;<\/p>\n<p>&nbsp;<\/p>\n<p>&nbsp;<\/p>\n<p>&nbsp;<\/p>\n<p>&nbsp;<\/p>\n<p>&nbsp;<\/p>\n<p>&nbsp;<\/p>\n<p>&nbsp;<\/p>\n<p>&nbsp;<\/p>\n<p>&nbsp;<\/p>\n<p>&nbsp;<\/p>\n<p>&nbsp;<\/p>\n<p>&nbsp;<\/p>\n<p>&nbsp;<\/p>\n<p>&nbsp;<\/p>\n<p>&nbsp;<\/p>\n<p>&nbsp;<\/p>\n<p>&nbsp;<\/p>\n<p>&nbsp;<\/p>\n<p>&nbsp;<\/p>\n<p>&nbsp;<\/p>\n<p>&nbsp;<\/p>\n<p>&nbsp;<\/p>\n<p>&nbsp;<\/p>\n<p>&nbsp;<\/p>\n<p>&nbsp;<\/p>\n<p>&nbsp;<\/p>\n<p>&nbsp;<\/p>\n<p>&nbsp;<\/p>","protected":false},"excerpt":{"rendered":"<ul>\n<li>\u00a0Item No: MA-0328B<\/li>\n<li>Capacity:8ml<\/li>\n<li>Size:\u00a0W21.5*H134MM<\/li>\n<li>Applications : Produits de beaut\u00e9<\/li>\n<li>MOQ : 12 000 pi\u00e8ces<\/li>\n<li>Couleur : couleur personnalis\u00e9e<\/li>\n<li>Surface treatment: Injection\/Matte\/Metalization\/UV coating<\/li>\n<li>Nom de marque : OEM\/ODM<\/li>\n<li>Logo : Logo du client<\/li>\n<li>Capacit\u00e9 de production : 100 000 pi\u00e8ces par mois<\/li>\n<\/ul>","protected":false},"featured_media":12909,"template":"","meta":{"_acf_changed":false},"product_brand":[],"product_cat":[376],"product_tag":[391,404],"class_list":{"0":"post-12904","1":"product","2":"type-product","3":"status-publish","4":"has-post-thumbnail","6":"product_cat-wholesale-empty-eyelash-tube","7":"product_tag-mascara-tube","8":"product_tag-unique-cosmetic-packaging","10":"first","11":"instock","12":"shipping-taxable","13":"product-type-simple"},"acf":[],"yoast_head":"<!-- This site is optimized with the Yoast SEO plugin v24.1 - https:\/\/yoast.com\/wordpress\/plugins\/seo\/ -->\n<title>Large Empty Mascara Tube With Luxury Gold and Triangle Shape<\/title>\n<meta name=\"description\" content=\"The large empty mascara tube with and triangle shape offers a striking and premium packaging design for mascara.\" \/>\n<meta name=\"robots\" content=\"index, follow, max-snippet:-1, max-image-preview:large, max-video-preview:-1\" \/>\n<link rel=\"canonical\" href=\"https:\/\/www.alovey.com\/fr\/produit\/large-empty-mascara-tube-with-luxury-gold-and-triangle-shape\/\" \/>\n<meta property=\"og:locale\" content=\"fr_FR\" \/>\n<meta property=\"og:type\" content=\"article\" \/>\n<meta property=\"og:title\" content=\"Large Empty Mascara Tube With Luxury Gold and Triangle Shape\" \/>\n<meta property=\"og:description\" content=\"The large empty mascara tube with and triangle shape offers a striking and premium packaging design for mascara.\" \/>\n<meta property=\"og:url\" content=\"https:\/\/www.alovey.com\/fr\/produit\/large-empty-mascara-tube-with-luxury-gold-and-triangle-shape\/\" \/>\n<meta property=\"og:site_name\" content=\"Best Cosmetic Packaging Manufacture\" \/>\n<meta property=\"article:modified_time\" content=\"2026-04-20T04:18:06+00:00\" \/>\n<meta property=\"og:image\" content=\"https:\/\/www.alovey.com\/wp-content\/uploads\/2026\/04\/Large-Empty-Mascara-Tube-With-Luxury-Gold-and-Triangle-Shape-3.jpg\" \/>\n\t<meta property=\"og:image:width\" content=\"750\" \/>\n\t<meta property=\"og:image:height\" content=\"750\" \/>\n\t<meta property=\"og:image:type\" content=\"image\/jpeg\" \/>\n<meta name=\"twitter:card\" content=\"summary_large_image\" \/>\n<meta name=\"twitter:label1\" content=\"Dur\u00e9e de lecture estim\u00e9e\" \/>\n\t<meta name=\"twitter:data1\" content=\"2 minutes\" \/>\n<script type=\"application\/ld+json\" class=\"yoast-schema-graph\">{\"@context\":\"https:\/\/schema.org\",\"@graph\":[{\"@type\":\"WebPage\",\"@id\":\"https:\/\/www.alovey.com\/product\/large-empty-mascara-tube-with-luxury-gold-and-triangle-shape\/\",\"url\":\"https:\/\/www.alovey.com\/product\/large-empty-mascara-tube-with-luxury-gold-and-triangle-shape\/\",\"name\":\"Large Empty Mascara Tube With Luxury Gold and Triangle Shape\",\"isPartOf\":{\"@id\":\"https:\/\/www.alovey.com\/#website\"},\"primaryImageOfPage\":{\"@id\":\"https:\/\/www.alovey.com\/product\/large-empty-mascara-tube-with-luxury-gold-and-triangle-shape\/#primaryimage\"},\"image\":{\"@id\":\"https:\/\/www.alovey.com\/product\/large-empty-mascara-tube-with-luxury-gold-and-triangle-shape\/#primaryimage\"},\"thumbnailUrl\":\"https:\/\/www.alovey.com\/wp-content\/uploads\/2026\/04\/Large-Empty-Mascara-Tube-With-Luxury-Gold-and-Triangle-Shape-3.jpg\",\"datePublished\":\"2026-04-20T04:10:03+00:00\",\"dateModified\":\"2026-04-20T04:18:06+00:00\",\"description\":\"The large empty mascara tube with and triangle shape offers a striking and premium packaging design for mascara.\",\"breadcrumb\":{\"@id\":\"https:\/\/www.alovey.com\/product\/large-empty-mascara-tube-with-luxury-gold-and-triangle-shape\/#breadcrumb\"},\"inLanguage\":\"fr-FR\",\"potentialAction\":[{\"@type\":\"ReadAction\",\"target\":[\"https:\/\/www.alovey.com\/product\/large-empty-mascara-tube-with-luxury-gold-and-triangle-shape\/\"]}]},{\"@type\":\"ImageObject\",\"inLanguage\":\"fr-FR\",\"@id\":\"https:\/\/www.alovey.com\/product\/large-empty-mascara-tube-with-luxury-gold-and-triangle-shape\/#primaryimage\",\"url\":\"https:\/\/www.alovey.com\/wp-content\/uploads\/2026\/04\/Large-Empty-Mascara-Tube-With-Luxury-Gold-and-Triangle-Shape-3.jpg\",\"contentUrl\":\"https:\/\/www.alovey.com\/wp-content\/uploads\/2026\/04\/Large-Empty-Mascara-Tube-With-Luxury-Gold-and-Triangle-Shape-3.jpg\",\"width\":750,\"height\":750,\"caption\":\"Large Empty Mascara Tube With Luxury Gold and Triangle Shape\"},{\"@type\":\"BreadcrumbList\",\"@id\":\"https:\/\/www.alovey.com\/product\/large-empty-mascara-tube-with-luxury-gold-and-triangle-shape\/#breadcrumb\",\"itemListElement\":[{\"@type\":\"ListItem\",\"position\":1,\"name\":\"\u9996\u9875\",\"item\":\"https:\/\/www.alovey.com\/\"},{\"@type\":\"ListItem\",\"position\":2,\"name\":\"Products\",\"item\":\"https:\/\/www.alovey.com\/products\/\"},{\"@type\":\"ListItem\",\"position\":3,\"name\":\"Large Empty Mascara Tube With Luxury Gold and Triangle Shape\"}]},{\"@type\":\"WebSite\",\"@id\":\"https:\/\/www.alovey.com\/#website\",\"url\":\"https:\/\/www.alovey.com\/\",\"name\":\"Best Cosmetic Packaging Manufacture\",\"description\":\"Alovey Cosmetic Packaging Co.,Ltd\",\"publisher\":{\"@id\":\"https:\/\/www.alovey.com\/#organization\"},\"potentialAction\":[{\"@type\":\"SearchAction\",\"target\":{\"@type\":\"EntryPoint\",\"urlTemplate\":\"https:\/\/www.alovey.com\/?s={search_term_string}\"},\"query-input\":{\"@type\":\"PropertyValueSpecification\",\"valueRequired\":true,\"valueName\":\"search_term_string\"}}],\"inLanguage\":\"fr-FR\"},{\"@type\":\"Organization\",\"@id\":\"https:\/\/www.alovey.com\/#organization\",\"name\":\"Best Cosmetic Packaging Manufacture\",\"url\":\"https:\/\/www.alovey.com\/\",\"logo\":{\"@type\":\"ImageObject\",\"inLanguage\":\"fr-FR\",\"@id\":\"https:\/\/www.alovey.com\/#\/schema\/logo\/image\/\",\"url\":\"https:\/\/www.alovey.com\/wp-content\/uploads\/2023\/03\/logo.png\",\"contentUrl\":\"https:\/\/www.alovey.com\/wp-content\/uploads\/2023\/03\/logo.png\",\"width\":505,\"height\":180,\"caption\":\"Best  Cosmetic Packaging Manufacture\"},\"image\":{\"@id\":\"https:\/\/www.alovey.com\/#\/schema\/logo\/image\/\"}}]}<\/script>\n<!-- \/ Yoast SEO plugin. -->","yoast_head_json":{"title":"Large Empty Mascara Tube With Luxury Gold and Triangle Shape","description":"The large empty mascara tube with and triangle shape offers a striking and premium packaging design for mascara.","robots":{"index":"index","follow":"follow","max-snippet":"max-snippet:-1","max-image-preview":"max-image-preview:large","max-video-preview":"max-video-preview:-1"},"canonical":"https:\/\/www.alovey.com\/fr\/produit\/large-empty-mascara-tube-with-luxury-gold-and-triangle-shape\/","og_locale":"fr_FR","og_type":"article","og_title":"Large Empty Mascara Tube With Luxury Gold and Triangle Shape","og_description":"The large empty mascara tube with and triangle shape offers a striking and premium packaging design for mascara.","og_url":"https:\/\/www.alovey.com\/fr\/produit\/large-empty-mascara-tube-with-luxury-gold-and-triangle-shape\/","og_site_name":"Best Cosmetic Packaging Manufacture","article_modified_time":"2026-04-20T04:18:06+00:00","og_image":[{"width":750,"height":750,"url":"https:\/\/www.alovey.com\/wp-content\/uploads\/2026\/04\/Large-Empty-Mascara-Tube-With-Luxury-Gold-and-Triangle-Shape-3.jpg","type":"image\/jpeg"}],"twitter_card":"summary_large_image","twitter_misc":{"Dur\u00e9e de lecture estim\u00e9e":"2 minutes"},"schema":{"@context":"https:\/\/schema.org","@graph":[{"@type":"WebPage","@id":"https:\/\/www.alovey.com\/product\/large-empty-mascara-tube-with-luxury-gold-and-triangle-shape\/","url":"https:\/\/www.alovey.com\/product\/large-empty-mascara-tube-with-luxury-gold-and-triangle-shape\/","name":"Large Empty Mascara Tube With Luxury Gold and Triangle Shape","isPartOf":{"@id":"https:\/\/www.alovey.com\/#website"},"primaryImageOfPage":{"@id":"https:\/\/www.alovey.com\/product\/large-empty-mascara-tube-with-luxury-gold-and-triangle-shape\/#primaryimage"},"image":{"@id":"https:\/\/www.alovey.com\/product\/large-empty-mascara-tube-with-luxury-gold-and-triangle-shape\/#primaryimage"},"thumbnailUrl":"https:\/\/www.alovey.com\/wp-content\/uploads\/2026\/04\/Large-Empty-Mascara-Tube-With-Luxury-Gold-and-Triangle-Shape-3.jpg","datePublished":"2026-04-20T04:10:03+00:00","dateModified":"2026-04-20T04:18:06+00:00","description":"The large empty mascara tube with and triangle shape offers a striking and premium packaging design for mascara.","breadcrumb":{"@id":"https:\/\/www.alovey.com\/product\/large-empty-mascara-tube-with-luxury-gold-and-triangle-shape\/#breadcrumb"},"inLanguage":"fr-FR","potentialAction":[{"@type":"ReadAction","target":["https:\/\/www.alovey.com\/product\/large-empty-mascara-tube-with-luxury-gold-and-triangle-shape\/"]}]},{"@type":"ImageObject","inLanguage":"fr-FR","@id":"https:\/\/www.alovey.com\/product\/large-empty-mascara-tube-with-luxury-gold-and-triangle-shape\/#primaryimage","url":"https:\/\/www.alovey.com\/wp-content\/uploads\/2026\/04\/Large-Empty-Mascara-Tube-With-Luxury-Gold-and-Triangle-Shape-3.jpg","contentUrl":"https:\/\/www.alovey.com\/wp-content\/uploads\/2026\/04\/Large-Empty-Mascara-Tube-With-Luxury-Gold-and-Triangle-Shape-3.jpg","width":750,"height":750,"caption":"Large Empty Mascara Tube With Luxury Gold and Triangle Shape"},{"@type":"BreadcrumbList","@id":"https:\/\/www.alovey.com\/product\/large-empty-mascara-tube-with-luxury-gold-and-triangle-shape\/#breadcrumb","itemListElement":[{"@type":"ListItem","position":1,"name":"\u9996\u9875","item":"https:\/\/www.alovey.com\/"},{"@type":"ListItem","position":2,"name":"Products","item":"https:\/\/www.alovey.com\/products\/"},{"@type":"ListItem","position":3,"name":"Large Empty Mascara Tube With Luxury Gold and Triangle Shape"}]},{"@type":"WebSite","@id":"https:\/\/www.alovey.com\/#website","url":"https:\/\/www.alovey.com\/","name":"Best Cosmetic Packaging Manufacture","description":"Alovey Cosmetic Packaging Co.,Ltd","publisher":{"@id":"https:\/\/www.alovey.com\/#organization"},"potentialAction":[{"@type":"SearchAction","target":{"@type":"EntryPoint","urlTemplate":"https:\/\/www.alovey.com\/?s={search_term_string}"},"query-input":{"@type":"PropertyValueSpecification","valueRequired":true,"valueName":"search_term_string"}}],"inLanguage":"fr-FR"},{"@type":"Organization","@id":"https:\/\/www.alovey.com\/#organization","name":"Best Cosmetic Packaging Manufacture","url":"https:\/\/www.alovey.com\/","logo":{"@type":"ImageObject","inLanguage":"fr-FR","@id":"https:\/\/www.alovey.com\/#\/schema\/logo\/image\/","url":"https:\/\/www.alovey.com\/wp-content\/uploads\/2023\/03\/logo.png","contentUrl":"https:\/\/www.alovey.com\/wp-content\/uploads\/2023\/03\/logo.png","width":505,"height":180,"caption":"Best  Cosmetic Packaging Manufacture"},"image":{"@id":"https:\/\/www.alovey.com\/#\/schema\/logo\/image\/"}}]}},"_links":{"self":[{"href":"https:\/\/www.alovey.com\/fr\/wp-json\/wp\/v2\/product\/12904"}],"collection":[{"href":"https:\/\/www.alovey.com\/fr\/wp-json\/wp\/v2\/product"}],"about":[{"href":"https:\/\/www.alovey.com\/fr\/wp-json\/wp\/v2\/types\/product"}],"wp:featuredmedia":[{"embeddable":true,"href":"https:\/\/www.alovey.com\/fr\/wp-json\/wp\/v2\/media\/12909"}],"wp:attachment":[{"href":"https:\/\/www.alovey.com\/fr\/wp-json\/wp\/v2\/media?parent=12904"}],"wp:term":[{"taxonomy":"product_brand","embeddable":true,"href":"https:\/\/www.alovey.com\/fr\/wp-json\/wp\/v2\/product_brand?post=12904"},{"taxonomy":"product_cat","embeddable":true,"href":"https:\/\/www.alovey.com\/fr\/wp-json\/wp\/v2\/product_cat?post=12904"},{"taxonomy":"product_tag","embeddable":true,"href":"https:\/\/www.alovey.com\/fr\/wp-json\/wp\/v2\/product_tag?post=12904"}],"curies":[{"name":"wp","href":"https:\/\/api.w.org\/{rel}","templated":true}]}}