{"id":12890,"date":"2026-04-18T02:56:44","date_gmt":"2026-04-18T02:56:44","guid":{"rendered":"https:\/\/www.alovey.com\/?post_type=product&#038;p=12890"},"modified":"2026-04-18T03:03:01","modified_gmt":"2026-04-18T03:03:01","slug":"custom-luxury-lipstick-tube-with-slant-cap-12-1mm","status":"publish","type":"product","link":"https:\/\/www.alovey.com\/fr\/produit\/custom-luxury-lipstick-tube-with-slant-cap-12-1mm\/","title":{"rendered":"Custom luxury lipstick tube with slant cap 12.1mm"},"content":{"rendered":"<p><strong>\u00a0This luxury\u00a0lipstick tube with slant Cap (12.1mm)\u00a0combines elegance and functionality for a high-end lipstick packaging option.<\/strong><\/p>\n<p><strong>The slant cap adds a modern, sophisticated touch, and the 12.1mm size is standard for many lipstick formulations, ensuring ease of application and a classic look.<\/strong><\/p>\n<p><strong>You can customize the tube\u2019s color, finish (e.g., matte, glossy, metallic), and add branding elements such as logos .<\/strong><\/p>\n<p><strong>Luxury cosmetic packaging like this is perfect for brands that want to stand out with premium products.<\/strong><\/p>\n<p><strong>Alovey, fabricant professionnel chinois d'emballages cosm\u00e9tiques, produit une gamme exquise d'emballages cosm\u00e9tiques personnalis\u00e9s, m\u00e9ticuleusement con\u00e7us pour rehausser votre marque. Notre s\u00e9lection vari\u00e9e de mat\u00e9riaux de premi\u00e8re qualit\u00e9, associ\u00e9e \u00e0 des techniques de finition de surface d\u00e9licates telles que la s\u00e9rigraphie, l'estampage \u00e0 chaud et la pulv\u00e9risation mate, fait de chaque emballage un chef-d'\u0153uvre unique.<\/strong><\/p>\n<p><img fetchpriority=\"high\" decoding=\"async\" class=\"size-full wp-image-12891\" src=\"https:\/\/www.alovey.com\/wp-content\/uploads\/2026\/04\/Custom-luxury-lipstick-tube-with-slant-cap-12-2.jpg\" alt=\"\" width=\"750\" height=\"750\" srcset=\"https:\/\/www.alovey.com\/wp-content\/uploads\/2026\/04\/Custom-luxury-lipstick-tube-with-slant-cap-12-2.jpg 750w, https:\/\/www.alovey.com\/wp-content\/uploads\/2026\/04\/Custom-luxury-lipstick-tube-with-slant-cap-12-2-300x300.jpg 300w, https:\/\/www.alovey.com\/wp-content\/uploads\/2026\/04\/Custom-luxury-lipstick-tube-with-slant-cap-12-2-150x150.jpg 150w, https:\/\/www.alovey.com\/wp-content\/uploads\/2026\/04\/Custom-luxury-lipstick-tube-with-slant-cap-12-2-12x12.jpg 12w, https:\/\/www.alovey.com\/wp-content\/uploads\/2026\/04\/Custom-luxury-lipstick-tube-with-slant-cap-12-2-600x600.jpg 600w, https:\/\/www.alovey.com\/wp-content\/uploads\/2026\/04\/Custom-luxury-lipstick-tube-with-slant-cap-12-2-100x100.jpg 100w\" sizes=\"(max-width: 750px) 100vw, 750px\" \/><\/p>\n<p><img decoding=\"async\" class=\"size-full wp-image-12893\" src=\"https:\/\/www.alovey.com\/wp-content\/uploads\/2026\/04\/Custom-luxury-lipstick-tube-with-slant-cap-12-4.jpg\" alt=\"luxury lipstick tube\" width=\"750\" height=\"750\" srcset=\"https:\/\/www.alovey.com\/wp-content\/uploads\/2026\/04\/Custom-luxury-lipstick-tube-with-slant-cap-12-4.jpg 750w, https:\/\/www.alovey.com\/wp-content\/uploads\/2026\/04\/Custom-luxury-lipstick-tube-with-slant-cap-12-4-300x300.jpg 300w, https:\/\/www.alovey.com\/wp-content\/uploads\/2026\/04\/Custom-luxury-lipstick-tube-with-slant-cap-12-4-150x150.jpg 150w, https:\/\/www.alovey.com\/wp-content\/uploads\/2026\/04\/Custom-luxury-lipstick-tube-with-slant-cap-12-4-12x12.jpg 12w, https:\/\/www.alovey.com\/wp-content\/uploads\/2026\/04\/Custom-luxury-lipstick-tube-with-slant-cap-12-4-600x600.jpg 600w, https:\/\/www.alovey.com\/wp-content\/uploads\/2026\/04\/Custom-luxury-lipstick-tube-with-slant-cap-12-4-100x100.jpg 100w\" sizes=\"(max-width: 750px) 100vw, 750px\" \/><\/p>\n<p><img decoding=\"async\" class=\"size-full wp-image-12894\" src=\"https:\/\/www.alovey.com\/wp-content\/uploads\/2026\/04\/Custom-luxury-lipstick-tube-with-slant-cap-12-5.jpg\" alt=\"luxury lipstick tube\" width=\"750\" height=\"750\" srcset=\"https:\/\/www.alovey.com\/wp-content\/uploads\/2026\/04\/Custom-luxury-lipstick-tube-with-slant-cap-12-5.jpg 750w, https:\/\/www.alovey.com\/wp-content\/uploads\/2026\/04\/Custom-luxury-lipstick-tube-with-slant-cap-12-5-300x300.jpg 300w, https:\/\/www.alovey.com\/wp-content\/uploads\/2026\/04\/Custom-luxury-lipstick-tube-with-slant-cap-12-5-150x150.jpg 150w, https:\/\/www.alovey.com\/wp-content\/uploads\/2026\/04\/Custom-luxury-lipstick-tube-with-slant-cap-12-5-12x12.jpg 12w, https:\/\/www.alovey.com\/wp-content\/uploads\/2026\/04\/Custom-luxury-lipstick-tube-with-slant-cap-12-5-600x600.jpg 600w, https:\/\/www.alovey.com\/wp-content\/uploads\/2026\/04\/Custom-luxury-lipstick-tube-with-slant-cap-12-5-100x100.jpg 100w\" sizes=\"(max-width: 750px) 100vw, 750px\" \/><\/p>\n<p><img loading=\"lazy\" decoding=\"async\" class=\"size-full wp-image-12892\" src=\"https:\/\/www.alovey.com\/wp-content\/uploads\/2026\/04\/Custom-luxury-lipstick-tube-with-slant-cap-12-3.jpg\" alt=\"luxury lipstick tube\" width=\"750\" height=\"750\" srcset=\"https:\/\/www.alovey.com\/wp-content\/uploads\/2026\/04\/Custom-luxury-lipstick-tube-with-slant-cap-12-3.jpg 750w, https:\/\/www.alovey.com\/wp-content\/uploads\/2026\/04\/Custom-luxury-lipstick-tube-with-slant-cap-12-3-300x300.jpg 300w, https:\/\/www.alovey.com\/wp-content\/uploads\/2026\/04\/Custom-luxury-lipstick-tube-with-slant-cap-12-3-150x150.jpg 150w, https:\/\/www.alovey.com\/wp-content\/uploads\/2026\/04\/Custom-luxury-lipstick-tube-with-slant-cap-12-3-12x12.jpg 12w, https:\/\/www.alovey.com\/wp-content\/uploads\/2026\/04\/Custom-luxury-lipstick-tube-with-slant-cap-12-3-600x600.jpg 600w, https:\/\/www.alovey.com\/wp-content\/uploads\/2026\/04\/Custom-luxury-lipstick-tube-with-slant-cap-12-3-100x100.jpg 100w\" sizes=\"(max-width: 750px) 100vw, 750px\" \/><\/p>\n<p><img loading=\"lazy\" decoding=\"async\" class=\"size-full wp-image-12895\" src=\"https:\/\/www.alovey.com\/wp-content\/uploads\/2026\/04\/Custom-luxury-lipstick-tube-with-slant-cap-12-6.jpg\" alt=\"luxury lipstick tube\" width=\"750\" height=\"750\" srcset=\"https:\/\/www.alovey.com\/wp-content\/uploads\/2026\/04\/Custom-luxury-lipstick-tube-with-slant-cap-12-6.jpg 750w, https:\/\/www.alovey.com\/wp-content\/uploads\/2026\/04\/Custom-luxury-lipstick-tube-with-slant-cap-12-6-300x300.jpg 300w, https:\/\/www.alovey.com\/wp-content\/uploads\/2026\/04\/Custom-luxury-lipstick-tube-with-slant-cap-12-6-150x150.jpg 150w, https:\/\/www.alovey.com\/wp-content\/uploads\/2026\/04\/Custom-luxury-lipstick-tube-with-slant-cap-12-6-12x12.jpg 12w, https:\/\/www.alovey.com\/wp-content\/uploads\/2026\/04\/Custom-luxury-lipstick-tube-with-slant-cap-12-6-600x600.jpg 600w, https:\/\/www.alovey.com\/wp-content\/uploads\/2026\/04\/Custom-luxury-lipstick-tube-with-slant-cap-12-6-100x100.jpg 100w\" sizes=\"(max-width: 750px) 100vw, 750px\" \/><\/p>\n<p>&nbsp;<\/p>\n<p>&nbsp;<\/p>\n<p>&nbsp;<\/p>\n<p>&nbsp;<\/p>\n<p>&nbsp;<\/p>\n<p>&nbsp;<\/p>\n<p>&nbsp;<\/p>\n<p>&nbsp;<\/p>\n<p>&nbsp;<\/p>\n<p>&nbsp;<\/p>\n<p>&nbsp;<\/p>\n<p>&nbsp;<\/p>\n<p>&nbsp;<\/p>\n<p>&nbsp;<\/p>\n<p>&nbsp;<\/p>\n<p>&nbsp;<\/p>\n<p>&nbsp;<\/p>\n<p>&nbsp;<\/p>\n<p>&nbsp;<\/p>\n<p>&nbsp;<\/p>\n<p>&nbsp;<\/p>\n<p>&nbsp;<\/p>\n<p>&nbsp;<\/p>\n<p>&nbsp;<\/p>\n<p>&nbsp;<\/p>\n<p>&nbsp;<\/p>\n<p>&nbsp;<\/p>\n<p>&nbsp;<\/p>\n<p>&nbsp;<\/p>\n<p>&nbsp;<\/p>\n<p>&nbsp;<\/p>\n<p>&nbsp;<\/p>\n<p>&nbsp;<\/p>\n<p>&nbsp;<\/p>\n<p>&nbsp;<\/p>\n<p>&nbsp;<\/p>\n<p>&nbsp;<\/p>\n<p>&nbsp;<\/p>\n<p>&nbsp;<\/p>\n<p>&nbsp;<\/p>\n<p>&nbsp;<\/p>\n<p>&nbsp;<\/p>\n<p>&nbsp;<\/p>\n<p>&nbsp;<\/p>\n<p>&nbsp;<\/p>\n<p>&nbsp;<\/p>\n<p>&nbsp;<\/p>\n<p>&nbsp;<\/p>\n<p>&nbsp;<\/p>\n<p>&nbsp;<\/p>\n<p>&nbsp;<\/p>\n<p>&nbsp;<\/p>\n<p>&nbsp;<\/p>\n<p>&nbsp;<\/p>\n<p>&nbsp;<\/p>\n<p>&nbsp;<\/p>\n<p>&nbsp;<\/p>\n<p>&nbsp;<\/p>\n<p>&nbsp;<\/p>\n<p>&nbsp;<\/p>\n<p>&nbsp;<\/p>\n<p>&nbsp;<\/p>\n<p>&nbsp;<\/p>\n<p>&nbsp;<\/p>\n<p>&nbsp;<\/p>\n<p>&nbsp;<\/p>\n<p>&nbsp;<\/p>\n<p>&nbsp;<\/p>\n<p>&nbsp;<\/p>\n<p>&nbsp;<\/p>\n<p>&nbsp;<\/p>\n<p>&nbsp;<\/p>\n<p>&nbsp;<\/p>\n<p>&nbsp;<\/p>\n<p>&nbsp;<\/p>\n<p>&nbsp;<\/p>\n<p>&nbsp;<\/p>\n<p>&nbsp;<\/p>\n<p>&nbsp;<\/p>\n<p>&nbsp;<\/p>\n<p>&nbsp;<\/p>\n<p>&nbsp;<\/p>\n<p>&nbsp;<\/p>\n<p>&nbsp;<\/p>\n<p>&nbsp;<\/p>\n<p>&nbsp;<\/p>\n<p>&nbsp;<\/p>\n<p>&nbsp;<\/p>\n<p>&nbsp;<\/p>\n<p>&nbsp;<\/p>\n<p>&nbsp;<\/p>\n<p>&nbsp;<\/p>\n<p>&nbsp;<\/p>\n<p>&nbsp;<\/p>\n<p>&nbsp;<\/p>\n<p>&nbsp;<\/p>\n<p>&nbsp;<\/p>\n<p>&nbsp;<\/p>\n<p>&nbsp;<\/p>","protected":false},"excerpt":{"rendered":"<ul>\n<li>Item No: LS-0205A<\/li>\n<li>Mat\u00e9riau : Plastique<\/li>\n<li>Capacity:4ml<\/li>\n<li>Size:D21*H73MM<\/li>\n<li>Applications : Produits de beaut\u00e9<\/li>\n<li>MOQ : 12 000 pi\u00e8ces<\/li>\n<li>Couleur : couleur personnalis\u00e9e<\/li>\n<li>Surface treatment: Injection\/Matte\/Metalization\/UV coating<\/li>\n<li>Nom de marque : OEM\/ODM<\/li>\n<li>Logo : Logo du client<\/li>\n<li>Capacit\u00e9 de production : 100 000 pi\u00e8ces par mois<\/li>\n<\/ul>\n<p>&nbsp;<\/p>\n<p>&nbsp;<\/p>","protected":false},"featured_media":12893,"template":"","meta":{"_acf_changed":false},"product_brand":[],"product_cat":[373],"product_tag":[389],"class_list":{"0":"post-12890","1":"product","2":"type-product","3":"status-publish","4":"has-post-thumbnail","6":"product_cat-professional-lipstick-tube-supplier","7":"product_tag-lip-stick-tube","9":"first","10":"instock","11":"shipping-taxable","12":"product-type-simple"},"acf":[],"yoast_head":"<!-- This site is optimized with the Yoast SEO plugin v24.1 - https:\/\/yoast.com\/wordpress\/plugins\/seo\/ -->\n<title>Custom luxury lipstick tube with slant cap 12.1mm<\/title>\n<meta name=\"description\" content=\"This luxury lipstick tube with slant Cap (12.1mm) combines elegance and functionality for a high-end lipstick packaging option.\" \/>\n<meta name=\"robots\" content=\"index, follow, max-snippet:-1, max-image-preview:large, max-video-preview:-1\" \/>\n<link rel=\"canonical\" href=\"https:\/\/www.alovey.com\/fr\/produit\/custom-luxury-lipstick-tube-with-slant-cap-12-1mm\/\" \/>\n<meta property=\"og:locale\" content=\"fr_FR\" \/>\n<meta property=\"og:type\" content=\"article\" \/>\n<meta property=\"og:title\" content=\"Custom luxury lipstick tube with slant cap 12.1mm\" \/>\n<meta property=\"og:description\" content=\"This luxury lipstick tube with slant Cap (12.1mm) combines elegance and functionality for a high-end lipstick packaging option.\" \/>\n<meta property=\"og:url\" content=\"https:\/\/www.alovey.com\/fr\/produit\/custom-luxury-lipstick-tube-with-slant-cap-12-1mm\/\" \/>\n<meta property=\"og:site_name\" content=\"Best Cosmetic Packaging Manufacture\" \/>\n<meta property=\"article:modified_time\" content=\"2026-04-18T03:03:01+00:00\" \/>\n<meta property=\"og:image\" content=\"https:\/\/www.alovey.com\/wp-content\/uploads\/2026\/04\/Custom-luxury-lipstick-tube-with-slant-cap-12-4.jpg\" \/>\n\t<meta property=\"og:image:width\" content=\"750\" \/>\n\t<meta property=\"og:image:height\" content=\"750\" \/>\n\t<meta property=\"og:image:type\" content=\"image\/jpeg\" \/>\n<meta name=\"twitter:card\" content=\"summary_large_image\" \/>\n<meta name=\"twitter:label1\" content=\"Dur\u00e9e de lecture estim\u00e9e\" \/>\n\t<meta name=\"twitter:data1\" content=\"2 minutes\" \/>\n<script type=\"application\/ld+json\" class=\"yoast-schema-graph\">{\"@context\":\"https:\/\/schema.org\",\"@graph\":[{\"@type\":\"WebPage\",\"@id\":\"https:\/\/www.alovey.com\/product\/custom-luxury-lipstick-tube-with-slant-cap-12-1mm\/\",\"url\":\"https:\/\/www.alovey.com\/product\/custom-luxury-lipstick-tube-with-slant-cap-12-1mm\/\",\"name\":\"Custom luxury lipstick tube with slant cap 12.1mm\",\"isPartOf\":{\"@id\":\"https:\/\/www.alovey.com\/#website\"},\"primaryImageOfPage\":{\"@id\":\"https:\/\/www.alovey.com\/product\/custom-luxury-lipstick-tube-with-slant-cap-12-1mm\/#primaryimage\"},\"image\":{\"@id\":\"https:\/\/www.alovey.com\/product\/custom-luxury-lipstick-tube-with-slant-cap-12-1mm\/#primaryimage\"},\"thumbnailUrl\":\"https:\/\/www.alovey.com\/wp-content\/uploads\/2026\/04\/Custom-luxury-lipstick-tube-with-slant-cap-12-4.jpg\",\"datePublished\":\"2026-04-18T02:56:44+00:00\",\"dateModified\":\"2026-04-18T03:03:01+00:00\",\"description\":\"This luxury lipstick tube with slant Cap (12.1mm) combines elegance and functionality for a high-end lipstick packaging option.\",\"breadcrumb\":{\"@id\":\"https:\/\/www.alovey.com\/product\/custom-luxury-lipstick-tube-with-slant-cap-12-1mm\/#breadcrumb\"},\"inLanguage\":\"fr-FR\",\"potentialAction\":[{\"@type\":\"ReadAction\",\"target\":[\"https:\/\/www.alovey.com\/product\/custom-luxury-lipstick-tube-with-slant-cap-12-1mm\/\"]}]},{\"@type\":\"ImageObject\",\"inLanguage\":\"fr-FR\",\"@id\":\"https:\/\/www.alovey.com\/product\/custom-luxury-lipstick-tube-with-slant-cap-12-1mm\/#primaryimage\",\"url\":\"https:\/\/www.alovey.com\/wp-content\/uploads\/2026\/04\/Custom-luxury-lipstick-tube-with-slant-cap-12-4.jpg\",\"contentUrl\":\"https:\/\/www.alovey.com\/wp-content\/uploads\/2026\/04\/Custom-luxury-lipstick-tube-with-slant-cap-12-4.jpg\",\"width\":750,\"height\":750,\"caption\":\"Custom luxury lipstick tube with slant cap 12.1mm\"},{\"@type\":\"BreadcrumbList\",\"@id\":\"https:\/\/www.alovey.com\/product\/custom-luxury-lipstick-tube-with-slant-cap-12-1mm\/#breadcrumb\",\"itemListElement\":[{\"@type\":\"ListItem\",\"position\":1,\"name\":\"\u9996\u9875\",\"item\":\"https:\/\/www.alovey.com\/\"},{\"@type\":\"ListItem\",\"position\":2,\"name\":\"Products\",\"item\":\"https:\/\/www.alovey.com\/products\/\"},{\"@type\":\"ListItem\",\"position\":3,\"name\":\"Custom luxury lipstick tube with slant cap 12.1mm\"}]},{\"@type\":\"WebSite\",\"@id\":\"https:\/\/www.alovey.com\/#website\",\"url\":\"https:\/\/www.alovey.com\/\",\"name\":\"Best Cosmetic Packaging Manufacture\",\"description\":\"Alovey Cosmetic Packaging Co.,Ltd\",\"publisher\":{\"@id\":\"https:\/\/www.alovey.com\/#organization\"},\"potentialAction\":[{\"@type\":\"SearchAction\",\"target\":{\"@type\":\"EntryPoint\",\"urlTemplate\":\"https:\/\/www.alovey.com\/?s={search_term_string}\"},\"query-input\":{\"@type\":\"PropertyValueSpecification\",\"valueRequired\":true,\"valueName\":\"search_term_string\"}}],\"inLanguage\":\"fr-FR\"},{\"@type\":\"Organization\",\"@id\":\"https:\/\/www.alovey.com\/#organization\",\"name\":\"Best Cosmetic Packaging Manufacture\",\"url\":\"https:\/\/www.alovey.com\/\",\"logo\":{\"@type\":\"ImageObject\",\"inLanguage\":\"fr-FR\",\"@id\":\"https:\/\/www.alovey.com\/#\/schema\/logo\/image\/\",\"url\":\"https:\/\/www.alovey.com\/wp-content\/uploads\/2023\/03\/logo.png\",\"contentUrl\":\"https:\/\/www.alovey.com\/wp-content\/uploads\/2023\/03\/logo.png\",\"width\":505,\"height\":180,\"caption\":\"Best  Cosmetic Packaging Manufacture\"},\"image\":{\"@id\":\"https:\/\/www.alovey.com\/#\/schema\/logo\/image\/\"}}]}<\/script>\n<!-- \/ Yoast SEO plugin. -->","yoast_head_json":{"title":"Custom luxury lipstick tube with slant cap 12.1mm","description":"This luxury lipstick tube with slant Cap (12.1mm) combines elegance and functionality for a high-end lipstick packaging option.","robots":{"index":"index","follow":"follow","max-snippet":"max-snippet:-1","max-image-preview":"max-image-preview:large","max-video-preview":"max-video-preview:-1"},"canonical":"https:\/\/www.alovey.com\/fr\/produit\/custom-luxury-lipstick-tube-with-slant-cap-12-1mm\/","og_locale":"fr_FR","og_type":"article","og_title":"Custom luxury lipstick tube with slant cap 12.1mm","og_description":"This luxury lipstick tube with slant Cap (12.1mm) combines elegance and functionality for a high-end lipstick packaging option.","og_url":"https:\/\/www.alovey.com\/fr\/produit\/custom-luxury-lipstick-tube-with-slant-cap-12-1mm\/","og_site_name":"Best Cosmetic Packaging Manufacture","article_modified_time":"2026-04-18T03:03:01+00:00","og_image":[{"width":750,"height":750,"url":"https:\/\/www.alovey.com\/wp-content\/uploads\/2026\/04\/Custom-luxury-lipstick-tube-with-slant-cap-12-4.jpg","type":"image\/jpeg"}],"twitter_card":"summary_large_image","twitter_misc":{"Dur\u00e9e de lecture estim\u00e9e":"2 minutes"},"schema":{"@context":"https:\/\/schema.org","@graph":[{"@type":"WebPage","@id":"https:\/\/www.alovey.com\/product\/custom-luxury-lipstick-tube-with-slant-cap-12-1mm\/","url":"https:\/\/www.alovey.com\/product\/custom-luxury-lipstick-tube-with-slant-cap-12-1mm\/","name":"Custom luxury lipstick tube with slant cap 12.1mm","isPartOf":{"@id":"https:\/\/www.alovey.com\/#website"},"primaryImageOfPage":{"@id":"https:\/\/www.alovey.com\/product\/custom-luxury-lipstick-tube-with-slant-cap-12-1mm\/#primaryimage"},"image":{"@id":"https:\/\/www.alovey.com\/product\/custom-luxury-lipstick-tube-with-slant-cap-12-1mm\/#primaryimage"},"thumbnailUrl":"https:\/\/www.alovey.com\/wp-content\/uploads\/2026\/04\/Custom-luxury-lipstick-tube-with-slant-cap-12-4.jpg","datePublished":"2026-04-18T02:56:44+00:00","dateModified":"2026-04-18T03:03:01+00:00","description":"This luxury lipstick tube with slant Cap (12.1mm) combines elegance and functionality for a high-end lipstick packaging option.","breadcrumb":{"@id":"https:\/\/www.alovey.com\/product\/custom-luxury-lipstick-tube-with-slant-cap-12-1mm\/#breadcrumb"},"inLanguage":"fr-FR","potentialAction":[{"@type":"ReadAction","target":["https:\/\/www.alovey.com\/product\/custom-luxury-lipstick-tube-with-slant-cap-12-1mm\/"]}]},{"@type":"ImageObject","inLanguage":"fr-FR","@id":"https:\/\/www.alovey.com\/product\/custom-luxury-lipstick-tube-with-slant-cap-12-1mm\/#primaryimage","url":"https:\/\/www.alovey.com\/wp-content\/uploads\/2026\/04\/Custom-luxury-lipstick-tube-with-slant-cap-12-4.jpg","contentUrl":"https:\/\/www.alovey.com\/wp-content\/uploads\/2026\/04\/Custom-luxury-lipstick-tube-with-slant-cap-12-4.jpg","width":750,"height":750,"caption":"Custom luxury lipstick tube with slant cap 12.1mm"},{"@type":"BreadcrumbList","@id":"https:\/\/www.alovey.com\/product\/custom-luxury-lipstick-tube-with-slant-cap-12-1mm\/#breadcrumb","itemListElement":[{"@type":"ListItem","position":1,"name":"\u9996\u9875","item":"https:\/\/www.alovey.com\/"},{"@type":"ListItem","position":2,"name":"Products","item":"https:\/\/www.alovey.com\/products\/"},{"@type":"ListItem","position":3,"name":"Custom luxury lipstick tube with slant cap 12.1mm"}]},{"@type":"WebSite","@id":"https:\/\/www.alovey.com\/#website","url":"https:\/\/www.alovey.com\/","name":"Best Cosmetic Packaging Manufacture","description":"Alovey Cosmetic Packaging Co.,Ltd","publisher":{"@id":"https:\/\/www.alovey.com\/#organization"},"potentialAction":[{"@type":"SearchAction","target":{"@type":"EntryPoint","urlTemplate":"https:\/\/www.alovey.com\/?s={search_term_string}"},"query-input":{"@type":"PropertyValueSpecification","valueRequired":true,"valueName":"search_term_string"}}],"inLanguage":"fr-FR"},{"@type":"Organization","@id":"https:\/\/www.alovey.com\/#organization","name":"Best Cosmetic Packaging Manufacture","url":"https:\/\/www.alovey.com\/","logo":{"@type":"ImageObject","inLanguage":"fr-FR","@id":"https:\/\/www.alovey.com\/#\/schema\/logo\/image\/","url":"https:\/\/www.alovey.com\/wp-content\/uploads\/2023\/03\/logo.png","contentUrl":"https:\/\/www.alovey.com\/wp-content\/uploads\/2023\/03\/logo.png","width":505,"height":180,"caption":"Best  Cosmetic Packaging Manufacture"},"image":{"@id":"https:\/\/www.alovey.com\/#\/schema\/logo\/image\/"}}]}},"_links":{"self":[{"href":"https:\/\/www.alovey.com\/fr\/wp-json\/wp\/v2\/product\/12890"}],"collection":[{"href":"https:\/\/www.alovey.com\/fr\/wp-json\/wp\/v2\/product"}],"about":[{"href":"https:\/\/www.alovey.com\/fr\/wp-json\/wp\/v2\/types\/product"}],"wp:featuredmedia":[{"embeddable":true,"href":"https:\/\/www.alovey.com\/fr\/wp-json\/wp\/v2\/media\/12893"}],"wp:attachment":[{"href":"https:\/\/www.alovey.com\/fr\/wp-json\/wp\/v2\/media?parent=12890"}],"wp:term":[{"taxonomy":"product_brand","embeddable":true,"href":"https:\/\/www.alovey.com\/fr\/wp-json\/wp\/v2\/product_brand?post=12890"},{"taxonomy":"product_cat","embeddable":true,"href":"https:\/\/www.alovey.com\/fr\/wp-json\/wp\/v2\/product_cat?post=12890"},{"taxonomy":"product_tag","embeddable":true,"href":"https:\/\/www.alovey.com\/fr\/wp-json\/wp\/v2\/product_tag?post=12890"}],"curies":[{"name":"wp","href":"https:\/\/api.w.org\/{rel}","templated":true}]}}